{"id":6975,"date":"2026-02-20T20:43:14","date_gmt":"2026-02-20T20:43:14","guid":{"rendered":"https:\/\/nanda.si\/?post_type=product&#038;p=6975"},"modified":"2026-02-20T20:48:43","modified_gmt":"2026-02-20T20:48:43","slug":"modno-pokrivalo-crna-kucma-z-belimi-prameni-skustrana","status":"publish","type":"product","link":"https:\/\/nanda.si\/sl\/izdelek\/modno-pokrivalo-crna-kucma-z-belimi-prameni-skustrana\/","title":{"rendered":"Modno pokrivalo \u010drna ku\u010dma z belimi prameni -Sku\u0161trana"},"content":{"rendered":"<p>Modno pokrivalo \u010drna ku\u010dma z belimi prameni &#8211; Sku\u0161trana je narejena iz umetnega krzna.\u00a0<span style=\"font-size: 1.125rem;\">Je brez\u010dasen modni dodatek s <\/span><span style=\"font-size: 1.125rem;\">pridihom urbane divjine. Narejena je iz debelej\u0161ega kvalitetnega umetnega pli\u0161a in podlo\u017eena s tanj\u0161o \u010drno pre\u0161ivanko. Zavaruje\u00a0 pred mrazom in razveseli \u017eenske, ki ljubijo zimo kot tudi modne navdu\u0161enke, saj elegantno dopolni vsak styling. Pere se ga lahko ro\u010dno, do 30 stopinj Celzija, likanje ni potrebno. Da bi obdr\u017eali prvoten izgled umetnega krzna se priporo\u010da kemi\u010dno \u010di\u0161\u010denje ali ro\u010dno pranje samo podloge.<\/span><\/p>\n<p>Velikost 58 ( za obseg glave 56-58 cm). Izdelava ku\u010dme\u00a0iz umetnega krzna<a href=\"https:\/\/nanda.si\/sl\/kontakt\/\">\u00a0po meri je 20% dra\u017eje.<\/a><\/p>\n","protected":false},"excerpt":{"rendered":"<p>Modno pokrivalo \u010drna ku\u010dma z belimi prameni &#8211; Sku\u0161trana je narejena iz umetnega krzna.\u00a0Je brez\u010dasen modni dodatek s pridihom urbane divjine. Narejena je iz debelej\u0161ega kvalitetnega umetnega pli\u0161a in podlo\u017eena&hellip;<\/p>\n","protected":false},"featured_media":6976,"comment_status":"open","ping_status":"closed","template":"","meta":[],"product_brand":[],"product_cat":[161],"product_tag":[],"class_list":{"0":"post-6975","1":"product","2":"type-product","3":"status-publish","4":"has-post-thumbnail","6":"product_cat-modni-dodatki","8":"first","9":"instock","10":"shipping-taxable","11":"product-type-simple"},"yoast_head":"<!-- This site is optimized with the Yoast SEO plugin v27.2 - https:\/\/yoast.com\/product\/yoast-seo-wordpress\/ -->\n<title>Modno pokrivalo \u010drna ku\u010dma z belimi prameni -Sku\u0161trana | Ines Drole Nanda<\/title>\n<meta name=\"description\" content=\"Modno pokrivalo \u010drna ku\u010dma z belimi prameni-Sku\u0161trana je brez\u010dasen modni dodatek s pridihom urbane divjine. Razveseli tiste, ki so za \u010drno-belo kombinacijo.\" \/>\n<meta name=\"robots\" content=\"index, follow, max-snippet:-1, max-image-preview:large, max-video-preview:-1\" \/>\n<link rel=\"canonical\" href=\"https:\/\/nanda.si\/sl\/izdelek\/modno-pokrivalo-crna-kucma-z-belimi-prameni-skustrana\/\" \/>\n<meta property=\"og:locale\" content=\"sl_SI\" \/>\n<meta property=\"og:type\" content=\"article\" \/>\n<meta property=\"og:title\" content=\"Modno pokrivalo \u010drna ku\u010dma z belimi prameni -Sku\u0161trana | Ines Drole Nanda\" \/>\n<meta property=\"og:description\" content=\"Modno pokrivalo \u010drna ku\u010dma z belimi prameni-Sku\u0161trana je brez\u010dasen modni dodatek s pridihom urbane divjine. Razveseli tiste, ki so za \u010drno-belo kombinacijo.\" \/>\n<meta property=\"og:url\" content=\"https:\/\/nanda.si\/sl\/izdelek\/modno-pokrivalo-crna-kucma-z-belimi-prameni-skustrana\/\" \/>\n<meta property=\"og:site_name\" content=\"Ines Drole Nanda\" \/>\n<meta property=\"article:modified_time\" content=\"2026-02-20T20:48:43+00:00\" \/>\n<meta property=\"og:image\" content=\"https:\/\/nanda.si\/wp-content\/uploads\/2026\/02\/Crna-kucma-z-belimi-prameni.jpg\" \/>\n\t<meta property=\"og:image:width\" content=\"445\" \/>\n\t<meta property=\"og:image:height\" content=\"593\" \/>\n\t<meta property=\"og:image:type\" content=\"image\/jpeg\" \/>\n<meta name=\"twitter:card\" content=\"summary_large_image\" \/>\n<meta name=\"twitter:label1\" content=\"Est. reading time\" \/>\n\t<meta name=\"twitter:data1\" content=\"1 minuta\" \/>\n<script type=\"application\/ld+json\" class=\"yoast-schema-graph\">{\"@context\":\"https:\/\/schema.org\",\"@graph\":[{\"@type\":\"WebPage\",\"@id\":\"https:\/\/nanda.si\/sl\/izdelek\/modno-pokrivalo-crna-kucma-z-belimi-prameni-skustrana\/\",\"url\":\"https:\/\/nanda.si\/sl\/izdelek\/modno-pokrivalo-crna-kucma-z-belimi-prameni-skustrana\/\",\"name\":\"Modno pokrivalo \u010drna ku\u010dma z belimi prameni -Sku\u0161trana | Ines Drole Nanda\",\"isPartOf\":{\"@id\":\"https:\/\/nanda.si\/sl\/#website\"},\"primaryImageOfPage\":{\"@id\":\"https:\/\/nanda.si\/sl\/izdelek\/modno-pokrivalo-crna-kucma-z-belimi-prameni-skustrana\/#primaryimage\"},\"image\":{\"@id\":\"https:\/\/nanda.si\/sl\/izdelek\/modno-pokrivalo-crna-kucma-z-belimi-prameni-skustrana\/#primaryimage\"},\"thumbnailUrl\":\"https:\/\/nanda.si\/wp-content\/uploads\/2026\/02\/Crna-kucma-z-belimi-prameni.jpg\",\"datePublished\":\"2026-02-20T20:43:14+00:00\",\"dateModified\":\"2026-02-20T20:48:43+00:00\",\"description\":\"Modno pokrivalo \u010drna ku\u010dma z belimi prameni-Sku\u0161trana je brez\u010dasen modni dodatek s pridihom urbane divjine. Razveseli tiste, ki so za \u010drno-belo kombinacijo.\",\"breadcrumb\":{\"@id\":\"https:\/\/nanda.si\/sl\/izdelek\/modno-pokrivalo-crna-kucma-z-belimi-prameni-skustrana\/#breadcrumb\"},\"inLanguage\":\"sl-SI\",\"potentialAction\":[{\"@type\":\"ReadAction\",\"target\":[\"https:\/\/nanda.si\/sl\/izdelek\/modno-pokrivalo-crna-kucma-z-belimi-prameni-skustrana\/\"]}]},{\"@type\":\"ImageObject\",\"inLanguage\":\"sl-SI\",\"@id\":\"https:\/\/nanda.si\/sl\/izdelek\/modno-pokrivalo-crna-kucma-z-belimi-prameni-skustrana\/#primaryimage\",\"url\":\"https:\/\/nanda.si\/wp-content\/uploads\/2026\/02\/Crna-kucma-z-belimi-prameni.jpg\",\"contentUrl\":\"https:\/\/nanda.si\/wp-content\/uploads\/2026\/02\/Crna-kucma-z-belimi-prameni.jpg\",\"width\":445,\"height\":593},{\"@type\":\"BreadcrumbList\",\"@id\":\"https:\/\/nanda.si\/sl\/izdelek\/modno-pokrivalo-crna-kucma-z-belimi-prameni-skustrana\/#breadcrumb\",\"itemListElement\":[{\"@type\":\"ListItem\",\"position\":1,\"name\":\"Home\",\"item\":\"https:\/\/nanda.si\/sl\/\"},{\"@type\":\"ListItem\",\"position\":2,\"name\":\"Trgovina\",\"item\":\"https:\/\/nanda.si\/sl\/trgovina\/\"},{\"@type\":\"ListItem\",\"position\":3,\"name\":\"Modno pokrivalo \u010drna ku\u010dma z belimi prameni -Sku\u0161trana\"}]},{\"@type\":\"WebSite\",\"@id\":\"https:\/\/nanda.si\/sl\/#website\",\"url\":\"https:\/\/nanda.si\/sl\/\",\"name\":\"Ines Drole Nanda\",\"description\":\"Umetelne tekstilne kreacije za edinstven interier in unikatna obla\u010dila.\",\"publisher\":{\"@id\":\"https:\/\/nanda.si\/sl\/#organization\"},\"potentialAction\":[{\"@type\":\"SearchAction\",\"target\":{\"@type\":\"EntryPoint\",\"urlTemplate\":\"https:\/\/nanda.si\/sl\/?s={search_term_string}\"},\"query-input\":{\"@type\":\"PropertyValueSpecification\",\"valueRequired\":true,\"valueName\":\"search_term_string\"}}],\"inLanguage\":\"sl-SI\"},{\"@type\":\"Organization\",\"@id\":\"https:\/\/nanda.si\/sl\/#organization\",\"name\":\"Ines Drole NANDA\",\"url\":\"https:\/\/nanda.si\/sl\/\",\"logo\":{\"@type\":\"ImageObject\",\"inLanguage\":\"sl-SI\",\"@id\":\"https:\/\/nanda.si\/sl\/#\/schema\/logo\/image\/\",\"url\":\"https:\/\/nanda.si\/wp-content\/uploads\/2022\/07\/logoNANDA-oval_Res.jpg\",\"contentUrl\":\"https:\/\/nanda.si\/wp-content\/uploads\/2022\/07\/logoNANDA-oval_Res.jpg\",\"width\":600,\"height\":600,\"caption\":\"Ines Drole NANDA\"},\"image\":{\"@id\":\"https:\/\/nanda.si\/sl\/#\/schema\/logo\/image\/\"}}]}<\/script>\n<!-- \/ Yoast SEO plugin. -->","yoast_head_json":{"title":"Modno pokrivalo \u010drna ku\u010dma z belimi prameni -Sku\u0161trana | Ines Drole Nanda","description":"Modno pokrivalo \u010drna ku\u010dma z belimi prameni-Sku\u0161trana je brez\u010dasen modni dodatek s pridihom urbane divjine. Razveseli tiste, ki so za \u010drno-belo kombinacijo.","robots":{"index":"index","follow":"follow","max-snippet":"max-snippet:-1","max-image-preview":"max-image-preview:large","max-video-preview":"max-video-preview:-1"},"canonical":"https:\/\/nanda.si\/sl\/izdelek\/modno-pokrivalo-crna-kucma-z-belimi-prameni-skustrana\/","og_locale":"sl_SI","og_type":"article","og_title":"Modno pokrivalo \u010drna ku\u010dma z belimi prameni -Sku\u0161trana | Ines Drole Nanda","og_description":"Modno pokrivalo \u010drna ku\u010dma z belimi prameni-Sku\u0161trana je brez\u010dasen modni dodatek s pridihom urbane divjine. Razveseli tiste, ki so za \u010drno-belo kombinacijo.","og_url":"https:\/\/nanda.si\/sl\/izdelek\/modno-pokrivalo-crna-kucma-z-belimi-prameni-skustrana\/","og_site_name":"Ines Drole Nanda","article_modified_time":"2026-02-20T20:48:43+00:00","og_image":[{"width":445,"height":593,"url":"https:\/\/nanda.si\/wp-content\/uploads\/2026\/02\/Crna-kucma-z-belimi-prameni.jpg","type":"image\/jpeg"}],"twitter_card":"summary_large_image","twitter_misc":{"Est. reading time":"1 minuta"},"schema":{"@context":"https:\/\/schema.org","@graph":[{"@type":"WebPage","@id":"https:\/\/nanda.si\/sl\/izdelek\/modno-pokrivalo-crna-kucma-z-belimi-prameni-skustrana\/","url":"https:\/\/nanda.si\/sl\/izdelek\/modno-pokrivalo-crna-kucma-z-belimi-prameni-skustrana\/","name":"Modno pokrivalo \u010drna ku\u010dma z belimi prameni -Sku\u0161trana | Ines Drole Nanda","isPartOf":{"@id":"https:\/\/nanda.si\/sl\/#website"},"primaryImageOfPage":{"@id":"https:\/\/nanda.si\/sl\/izdelek\/modno-pokrivalo-crna-kucma-z-belimi-prameni-skustrana\/#primaryimage"},"image":{"@id":"https:\/\/nanda.si\/sl\/izdelek\/modno-pokrivalo-crna-kucma-z-belimi-prameni-skustrana\/#primaryimage"},"thumbnailUrl":"https:\/\/nanda.si\/wp-content\/uploads\/2026\/02\/Crna-kucma-z-belimi-prameni.jpg","datePublished":"2026-02-20T20:43:14+00:00","dateModified":"2026-02-20T20:48:43+00:00","description":"Modno pokrivalo \u010drna ku\u010dma z belimi prameni-Sku\u0161trana je brez\u010dasen modni dodatek s pridihom urbane divjine. Razveseli tiste, ki so za \u010drno-belo kombinacijo.","breadcrumb":{"@id":"https:\/\/nanda.si\/sl\/izdelek\/modno-pokrivalo-crna-kucma-z-belimi-prameni-skustrana\/#breadcrumb"},"inLanguage":"sl-SI","potentialAction":[{"@type":"ReadAction","target":["https:\/\/nanda.si\/sl\/izdelek\/modno-pokrivalo-crna-kucma-z-belimi-prameni-skustrana\/"]}]},{"@type":"ImageObject","inLanguage":"sl-SI","@id":"https:\/\/nanda.si\/sl\/izdelek\/modno-pokrivalo-crna-kucma-z-belimi-prameni-skustrana\/#primaryimage","url":"https:\/\/nanda.si\/wp-content\/uploads\/2026\/02\/Crna-kucma-z-belimi-prameni.jpg","contentUrl":"https:\/\/nanda.si\/wp-content\/uploads\/2026\/02\/Crna-kucma-z-belimi-prameni.jpg","width":445,"height":593},{"@type":"BreadcrumbList","@id":"https:\/\/nanda.si\/sl\/izdelek\/modno-pokrivalo-crna-kucma-z-belimi-prameni-skustrana\/#breadcrumb","itemListElement":[{"@type":"ListItem","position":1,"name":"Home","item":"https:\/\/nanda.si\/sl\/"},{"@type":"ListItem","position":2,"name":"Trgovina","item":"https:\/\/nanda.si\/sl\/trgovina\/"},{"@type":"ListItem","position":3,"name":"Modno pokrivalo \u010drna ku\u010dma z belimi prameni -Sku\u0161trana"}]},{"@type":"WebSite","@id":"https:\/\/nanda.si\/sl\/#website","url":"https:\/\/nanda.si\/sl\/","name":"Ines Drole Nanda","description":"Umetelne tekstilne kreacije za edinstven interier in unikatna obla\u010dila.","publisher":{"@id":"https:\/\/nanda.si\/sl\/#organization"},"potentialAction":[{"@type":"SearchAction","target":{"@type":"EntryPoint","urlTemplate":"https:\/\/nanda.si\/sl\/?s={search_term_string}"},"query-input":{"@type":"PropertyValueSpecification","valueRequired":true,"valueName":"search_term_string"}}],"inLanguage":"sl-SI"},{"@type":"Organization","@id":"https:\/\/nanda.si\/sl\/#organization","name":"Ines Drole NANDA","url":"https:\/\/nanda.si\/sl\/","logo":{"@type":"ImageObject","inLanguage":"sl-SI","@id":"https:\/\/nanda.si\/sl\/#\/schema\/logo\/image\/","url":"https:\/\/nanda.si\/wp-content\/uploads\/2022\/07\/logoNANDA-oval_Res.jpg","contentUrl":"https:\/\/nanda.si\/wp-content\/uploads\/2022\/07\/logoNANDA-oval_Res.jpg","width":600,"height":600,"caption":"Ines Drole NANDA"},"image":{"@id":"https:\/\/nanda.si\/sl\/#\/schema\/logo\/image\/"}}]}},"_links":{"self":[{"href":"https:\/\/nanda.si\/sl\/wp-json\/wp\/v2\/product\/6975","targetHints":{"allow":["GET"]}}],"collection":[{"href":"https:\/\/nanda.si\/sl\/wp-json\/wp\/v2\/product"}],"about":[{"href":"https:\/\/nanda.si\/sl\/wp-json\/wp\/v2\/types\/product"}],"replies":[{"embeddable":true,"href":"https:\/\/nanda.si\/sl\/wp-json\/wp\/v2\/comments?post=6975"}],"wp:featuredmedia":[{"embeddable":true,"href":"https:\/\/nanda.si\/sl\/wp-json\/wp\/v2\/media\/6976"}],"wp:attachment":[{"href":"https:\/\/nanda.si\/sl\/wp-json\/wp\/v2\/media?parent=6975"}],"wp:term":[{"taxonomy":"product_brand","embeddable":true,"href":"https:\/\/nanda.si\/sl\/wp-json\/wp\/v2\/product_brand?post=6975"},{"taxonomy":"product_cat","embeddable":true,"href":"https:\/\/nanda.si\/sl\/wp-json\/wp\/v2\/product_cat?post=6975"},{"taxonomy":"product_tag","embeddable":true,"href":"https:\/\/nanda.si\/sl\/wp-json\/wp\/v2\/product_tag?post=6975"}],"curies":[{"name":"wp","href":"https:\/\/api.w.org\/{rel}","templated":true}]}}