{"id":6060,"date":"2024-12-07T18:37:50","date_gmt":"2024-12-07T18:37:50","guid":{"rendered":"https:\/\/nanda.si\/?post_type=product&#038;p=6060"},"modified":"2024-12-07T18:37:50","modified_gmt":"2024-12-07T18:37:50","slug":"udobna-minimalisticna-ohlapna-melanz-siva-obleka","status":"publish","type":"product","link":"https:\/\/nanda.si\/sl\/izdelek\/udobna-minimalisticna-ohlapna-melanz-siva-obleka\/","title":{"rendered":"Udobna minimalisti\u010dna ohlapna melan\u017e siva obleka"},"content":{"rendered":"<p>Udobna minimalisti\u010dna melan\u017e siva ohlapna obleka je unikatnega kroja in je narejena iz volnene me\u0161anice. Material je mehek, vendar dr\u017ei linijo. Kroj je vre\u010dast, vendar oprijet \u010dez oprsje, na ramenih ga krasi avantgarden detajl vogalov. Rokavi so preprosto oprijeti s \u0161ir\u0161im robom na koncu. Tudi obleka se zaklju\u010duje s \u0161irokim robom spodaj. Lepo pristaja tudi bolj polni postavi. Ovratnik je preprost, na ladjica. Obleka je brez zadrge in komforten kroj omogo\u010da, da lahkotno zdrsnemo v njo. Spredaj in zadaj je ravna. Priporo\u010deno je pranje in likanje do 40 stopinj Celzija. Ro\u010dno pranje podalj\u0161a \u017eivljenjsko dobo vsakega izdelka.<\/p>\n<p>&nbsp;<\/p>\n<p>Unikaten izdelek, samo 1 kos.<\/p>\n","protected":false},"excerpt":{"rendered":"<p>Udobna minimalisti\u010dna melan\u017e siva ohlapna obleka je unikatnega kroja in je narejena iz volnene me\u0161anice. Material je mehek, vendar dr\u017ei linijo. Kroj je vre\u010dast, vendar oprijet \u010dez oprsje, na ramenih&hellip;<\/p>\n","protected":false},"featured_media":6067,"comment_status":"open","ping_status":"closed","template":"","meta":[],"product_brand":[],"product_cat":[120],"product_tag":[],"class_list":{"0":"post-6060","1":"product","2":"type-product","3":"status-publish","4":"has-post-thumbnail","6":"product_cat-originalna-oblacila","8":"first","9":"instock","10":"shipping-taxable","11":"purchasable","12":"product-type-variable"},"yoast_head":"<!-- This site is optimized with the Yoast SEO plugin v27.2 - https:\/\/yoast.com\/product\/yoast-seo-wordpress\/ -->\n<title>Udobna minimalisti\u010dna ohlapna melan\u017e siva obleka | Ines Drole Nanda<\/title>\n<meta name=\"description\" content=\"Udobna minimalisti\u010dna ohlapna melan\u017e siva obleka je vre\u010dastega kroja s \u0161irokim zaklju\u010dnim robom spodaj. Ramena krasi avantgarden detajl vogalov.\" \/>\n<meta name=\"robots\" content=\"index, follow, max-snippet:-1, max-image-preview:large, max-video-preview:-1\" \/>\n<link rel=\"canonical\" href=\"https:\/\/nanda.si\/sl\/izdelek\/udobna-minimalisticna-ohlapna-melanz-siva-obleka\/\" \/>\n<meta property=\"og:locale\" content=\"sl_SI\" \/>\n<meta property=\"og:type\" content=\"article\" \/>\n<meta property=\"og:title\" content=\"Udobna minimalisti\u010dna ohlapna melan\u017e siva obleka | Ines Drole Nanda\" \/>\n<meta property=\"og:description\" content=\"Udobna minimalisti\u010dna ohlapna melan\u017e siva obleka je vre\u010dastega kroja s \u0161irokim zaklju\u010dnim robom spodaj. Ramena krasi avantgarden detajl vogalov.\" \/>\n<meta property=\"og:url\" content=\"https:\/\/nanda.si\/sl\/izdelek\/udobna-minimalisticna-ohlapna-melanz-siva-obleka\/\" \/>\n<meta property=\"og:site_name\" content=\"Ines Drole Nanda\" \/>\n<meta property=\"og:image\" content=\"https:\/\/nanda.si\/wp-content\/uploads\/2024\/12\/Udobno-minimalisticno-melanz-sivo-modro-obleka-R-.jpg\" \/>\n\t<meta property=\"og:image:width\" content=\"399\" \/>\n\t<meta property=\"og:image:height\" content=\"725\" \/>\n\t<meta property=\"og:image:type\" content=\"image\/jpeg\" \/>\n<meta name=\"twitter:card\" content=\"summary_large_image\" \/>\n<meta name=\"twitter:label1\" content=\"Est. reading time\" \/>\n\t<meta name=\"twitter:data1\" content=\"1 minuta\" \/>\n<script type=\"application\/ld+json\" class=\"yoast-schema-graph\">{\"@context\":\"https:\/\/schema.org\",\"@graph\":[{\"@type\":\"WebPage\",\"@id\":\"https:\/\/nanda.si\/sl\/izdelek\/udobna-minimalisticna-ohlapna-melanz-siva-obleka\/\",\"url\":\"https:\/\/nanda.si\/sl\/izdelek\/udobna-minimalisticna-ohlapna-melanz-siva-obleka\/\",\"name\":\"Udobna minimalisti\u010dna ohlapna melan\u017e siva obleka | Ines Drole Nanda\",\"isPartOf\":{\"@id\":\"https:\/\/nanda.si\/sl\/#website\"},\"primaryImageOfPage\":{\"@id\":\"https:\/\/nanda.si\/sl\/izdelek\/udobna-minimalisticna-ohlapna-melanz-siva-obleka\/#primaryimage\"},\"image\":{\"@id\":\"https:\/\/nanda.si\/sl\/izdelek\/udobna-minimalisticna-ohlapna-melanz-siva-obleka\/#primaryimage\"},\"thumbnailUrl\":\"https:\/\/nanda.si\/wp-content\/uploads\/2024\/12\/Udobno-minimalisticno-melanz-sivo-modro-obleka-R-.jpg\",\"datePublished\":\"2024-12-07T18:37:50+00:00\",\"description\":\"Udobna minimalisti\u010dna ohlapna melan\u017e siva obleka je vre\u010dastega kroja s \u0161irokim zaklju\u010dnim robom spodaj. Ramena krasi avantgarden detajl vogalov.\",\"breadcrumb\":{\"@id\":\"https:\/\/nanda.si\/sl\/izdelek\/udobna-minimalisticna-ohlapna-melanz-siva-obleka\/#breadcrumb\"},\"inLanguage\":\"sl-SI\",\"potentialAction\":[{\"@type\":\"ReadAction\",\"target\":[\"https:\/\/nanda.si\/sl\/izdelek\/udobna-minimalisticna-ohlapna-melanz-siva-obleka\/\"]}]},{\"@type\":\"ImageObject\",\"inLanguage\":\"sl-SI\",\"@id\":\"https:\/\/nanda.si\/sl\/izdelek\/udobna-minimalisticna-ohlapna-melanz-siva-obleka\/#primaryimage\",\"url\":\"https:\/\/nanda.si\/wp-content\/uploads\/2024\/12\/Udobno-minimalisticno-melanz-sivo-modro-obleka-R-.jpg\",\"contentUrl\":\"https:\/\/nanda.si\/wp-content\/uploads\/2024\/12\/Udobno-minimalisticno-melanz-sivo-modro-obleka-R-.jpg\",\"width\":399,\"height\":725},{\"@type\":\"BreadcrumbList\",\"@id\":\"https:\/\/nanda.si\/sl\/izdelek\/udobna-minimalisticna-ohlapna-melanz-siva-obleka\/#breadcrumb\",\"itemListElement\":[{\"@type\":\"ListItem\",\"position\":1,\"name\":\"Home\",\"item\":\"https:\/\/nanda.si\/sl\/\"},{\"@type\":\"ListItem\",\"position\":2,\"name\":\"Trgovina\",\"item\":\"https:\/\/nanda.si\/sl\/trgovina\/\"},{\"@type\":\"ListItem\",\"position\":3,\"name\":\"Udobna minimalisti\u010dna ohlapna melan\u017e siva obleka\"}]},{\"@type\":\"WebSite\",\"@id\":\"https:\/\/nanda.si\/sl\/#website\",\"url\":\"https:\/\/nanda.si\/sl\/\",\"name\":\"Ines Drole Nanda\",\"description\":\"Umetelne tekstilne kreacije za edinstven interier in unikatna obla\u010dila.\",\"publisher\":{\"@id\":\"https:\/\/nanda.si\/sl\/#organization\"},\"potentialAction\":[{\"@type\":\"SearchAction\",\"target\":{\"@type\":\"EntryPoint\",\"urlTemplate\":\"https:\/\/nanda.si\/sl\/?s={search_term_string}\"},\"query-input\":{\"@type\":\"PropertyValueSpecification\",\"valueRequired\":true,\"valueName\":\"search_term_string\"}}],\"inLanguage\":\"sl-SI\"},{\"@type\":\"Organization\",\"@id\":\"https:\/\/nanda.si\/sl\/#organization\",\"name\":\"Ines Drole NANDA\",\"url\":\"https:\/\/nanda.si\/sl\/\",\"logo\":{\"@type\":\"ImageObject\",\"inLanguage\":\"sl-SI\",\"@id\":\"https:\/\/nanda.si\/sl\/#\/schema\/logo\/image\/\",\"url\":\"https:\/\/nanda.si\/wp-content\/uploads\/2022\/07\/logoNANDA-oval_Res.jpg\",\"contentUrl\":\"https:\/\/nanda.si\/wp-content\/uploads\/2022\/07\/logoNANDA-oval_Res.jpg\",\"width\":600,\"height\":600,\"caption\":\"Ines Drole NANDA\"},\"image\":{\"@id\":\"https:\/\/nanda.si\/sl\/#\/schema\/logo\/image\/\"}}]}<\/script>\n<!-- \/ Yoast SEO plugin. -->","yoast_head_json":{"title":"Udobna minimalisti\u010dna ohlapna melan\u017e siva obleka | Ines Drole Nanda","description":"Udobna minimalisti\u010dna ohlapna melan\u017e siva obleka je vre\u010dastega kroja s \u0161irokim zaklju\u010dnim robom spodaj. Ramena krasi avantgarden detajl vogalov.","robots":{"index":"index","follow":"follow","max-snippet":"max-snippet:-1","max-image-preview":"max-image-preview:large","max-video-preview":"max-video-preview:-1"},"canonical":"https:\/\/nanda.si\/sl\/izdelek\/udobna-minimalisticna-ohlapna-melanz-siva-obleka\/","og_locale":"sl_SI","og_type":"article","og_title":"Udobna minimalisti\u010dna ohlapna melan\u017e siva obleka | Ines Drole Nanda","og_description":"Udobna minimalisti\u010dna ohlapna melan\u017e siva obleka je vre\u010dastega kroja s \u0161irokim zaklju\u010dnim robom spodaj. Ramena krasi avantgarden detajl vogalov.","og_url":"https:\/\/nanda.si\/sl\/izdelek\/udobna-minimalisticna-ohlapna-melanz-siva-obleka\/","og_site_name":"Ines Drole Nanda","og_image":[{"width":399,"height":725,"url":"https:\/\/nanda.si\/wp-content\/uploads\/2024\/12\/Udobno-minimalisticno-melanz-sivo-modro-obleka-R-.jpg","type":"image\/jpeg"}],"twitter_card":"summary_large_image","twitter_misc":{"Est. reading time":"1 minuta"},"schema":{"@context":"https:\/\/schema.org","@graph":[{"@type":"WebPage","@id":"https:\/\/nanda.si\/sl\/izdelek\/udobna-minimalisticna-ohlapna-melanz-siva-obleka\/","url":"https:\/\/nanda.si\/sl\/izdelek\/udobna-minimalisticna-ohlapna-melanz-siva-obleka\/","name":"Udobna minimalisti\u010dna ohlapna melan\u017e siva obleka | Ines Drole Nanda","isPartOf":{"@id":"https:\/\/nanda.si\/sl\/#website"},"primaryImageOfPage":{"@id":"https:\/\/nanda.si\/sl\/izdelek\/udobna-minimalisticna-ohlapna-melanz-siva-obleka\/#primaryimage"},"image":{"@id":"https:\/\/nanda.si\/sl\/izdelek\/udobna-minimalisticna-ohlapna-melanz-siva-obleka\/#primaryimage"},"thumbnailUrl":"https:\/\/nanda.si\/wp-content\/uploads\/2024\/12\/Udobno-minimalisticno-melanz-sivo-modro-obleka-R-.jpg","datePublished":"2024-12-07T18:37:50+00:00","description":"Udobna minimalisti\u010dna ohlapna melan\u017e siva obleka je vre\u010dastega kroja s \u0161irokim zaklju\u010dnim robom spodaj. Ramena krasi avantgarden detajl vogalov.","breadcrumb":{"@id":"https:\/\/nanda.si\/sl\/izdelek\/udobna-minimalisticna-ohlapna-melanz-siva-obleka\/#breadcrumb"},"inLanguage":"sl-SI","potentialAction":[{"@type":"ReadAction","target":["https:\/\/nanda.si\/sl\/izdelek\/udobna-minimalisticna-ohlapna-melanz-siva-obleka\/"]}]},{"@type":"ImageObject","inLanguage":"sl-SI","@id":"https:\/\/nanda.si\/sl\/izdelek\/udobna-minimalisticna-ohlapna-melanz-siva-obleka\/#primaryimage","url":"https:\/\/nanda.si\/wp-content\/uploads\/2024\/12\/Udobno-minimalisticno-melanz-sivo-modro-obleka-R-.jpg","contentUrl":"https:\/\/nanda.si\/wp-content\/uploads\/2024\/12\/Udobno-minimalisticno-melanz-sivo-modro-obleka-R-.jpg","width":399,"height":725},{"@type":"BreadcrumbList","@id":"https:\/\/nanda.si\/sl\/izdelek\/udobna-minimalisticna-ohlapna-melanz-siva-obleka\/#breadcrumb","itemListElement":[{"@type":"ListItem","position":1,"name":"Home","item":"https:\/\/nanda.si\/sl\/"},{"@type":"ListItem","position":2,"name":"Trgovina","item":"https:\/\/nanda.si\/sl\/trgovina\/"},{"@type":"ListItem","position":3,"name":"Udobna minimalisti\u010dna ohlapna melan\u017e siva obleka"}]},{"@type":"WebSite","@id":"https:\/\/nanda.si\/sl\/#website","url":"https:\/\/nanda.si\/sl\/","name":"Ines Drole Nanda","description":"Umetelne tekstilne kreacije za edinstven interier in unikatna obla\u010dila.","publisher":{"@id":"https:\/\/nanda.si\/sl\/#organization"},"potentialAction":[{"@type":"SearchAction","target":{"@type":"EntryPoint","urlTemplate":"https:\/\/nanda.si\/sl\/?s={search_term_string}"},"query-input":{"@type":"PropertyValueSpecification","valueRequired":true,"valueName":"search_term_string"}}],"inLanguage":"sl-SI"},{"@type":"Organization","@id":"https:\/\/nanda.si\/sl\/#organization","name":"Ines Drole NANDA","url":"https:\/\/nanda.si\/sl\/","logo":{"@type":"ImageObject","inLanguage":"sl-SI","@id":"https:\/\/nanda.si\/sl\/#\/schema\/logo\/image\/","url":"https:\/\/nanda.si\/wp-content\/uploads\/2022\/07\/logoNANDA-oval_Res.jpg","contentUrl":"https:\/\/nanda.si\/wp-content\/uploads\/2022\/07\/logoNANDA-oval_Res.jpg","width":600,"height":600,"caption":"Ines Drole NANDA"},"image":{"@id":"https:\/\/nanda.si\/sl\/#\/schema\/logo\/image\/"}}]}},"_links":{"self":[{"href":"https:\/\/nanda.si\/sl\/wp-json\/wp\/v2\/product\/6060","targetHints":{"allow":["GET"]}}],"collection":[{"href":"https:\/\/nanda.si\/sl\/wp-json\/wp\/v2\/product"}],"about":[{"href":"https:\/\/nanda.si\/sl\/wp-json\/wp\/v2\/types\/product"}],"replies":[{"embeddable":true,"href":"https:\/\/nanda.si\/sl\/wp-json\/wp\/v2\/comments?post=6060"}],"wp:featuredmedia":[{"embeddable":true,"href":"https:\/\/nanda.si\/sl\/wp-json\/wp\/v2\/media\/6067"}],"wp:attachment":[{"href":"https:\/\/nanda.si\/sl\/wp-json\/wp\/v2\/media?parent=6060"}],"wp:term":[{"taxonomy":"product_brand","embeddable":true,"href":"https:\/\/nanda.si\/sl\/wp-json\/wp\/v2\/product_brand?post=6060"},{"taxonomy":"product_cat","embeddable":true,"href":"https:\/\/nanda.si\/sl\/wp-json\/wp\/v2\/product_cat?post=6060"},{"taxonomy":"product_tag","embeddable":true,"href":"https:\/\/nanda.si\/sl\/wp-json\/wp\/v2\/product_tag?post=6060"}],"curies":[{"name":"wp","href":"https:\/\/api.w.org\/{rel}","templated":true}]}}