{"id":5716,"date":"2024-05-30T11:32:01","date_gmt":"2024-05-30T11:32:01","guid":{"rendered":"https:\/\/nanda.si\/?post_type=product&#038;p=5716"},"modified":"2024-05-30T11:44:18","modified_gmt":"2024-05-30T11:44:18","slug":"moderna-dekorativna-slika-zlata-vrata-s-spiralo","status":"publish","type":"product","link":"https:\/\/nanda.si\/sl\/izdelek\/moderna-dekorativna-slika-zlata-vrata-s-spiralo\/","title":{"rendered":"Moderna dekorativna slika Zlata vrata s spiralo"},"content":{"rendered":"<p>Moderna dekorativna slika Zlata vrata s spiralo je abstraktna podoba transcendence in uvid tretjega o\u010desa, ki odstira intuicijo, prina\u0161a modrost, zdravje, mir v srcu in svetlobo. Osnovno platno je v perla beli barvi, dimenzije 20 x 50 cm . Elementa dveh krivulj sestavljena kot abstrakcija \u017eenskega spola in\/ali o\u010desa sta narejeni iz sinteti\u010dne gline, nato pobarvana v sijo\u010di zlati barvi. Skozi vrata vstopamo v center (lastnega) vesolja\/veselja, katerega na sliki udejanjijo prazni\u010dni odbleski ble\u0161\u010dic. Lahko je postavljena vodoravno ali navpi\u010dno.<\/p>\n","protected":false},"excerpt":{"rendered":"<p>Stenska dekoracija moderna dekorativna slika Zlata vrata s spiralo energetsko in stilno obogati ambient in ustvari razpolo\u017eenje. Izbran dekor na steni dopolni obstoje\u010di slog interierja in doda  poudarek, ki spremeni celotno vibracijo prostora. Stvari, ki jih postavite na svoje stene so odraz va\u0161ega \u017eivljenjskega sloga in  pritegnejo va\u0161o domi\u0161ljijo. Lahko vas prenesejo v fantazijski svet ali vas spomnijo na tisto, kar se vam zdi lepo, sme\u0161no, pristno..V\u010dasih je stenska dekoracija spomin na kraje, ki ste jih obiskali, na posebne ljudi, ki ste jih sre\u010dali. Dekoracija je lahko tudi vsakodnevna mantra ali razlog za za\u010detek pogovora, dekorativna slika Zlata vrata s spiralo zagotovo je.<\/p>\n","protected":false},"featured_media":5727,"comment_status":"open","ping_status":"closed","template":"","meta":[],"product_brand":[],"product_cat":[273],"product_tag":[],"class_list":{"0":"post-5716","1":"product","2":"type-product","3":"status-publish","4":"has-post-thumbnail","6":"product_cat-dekorativne-slike","8":"first","9":"instock","10":"shipping-taxable","11":"purchasable","12":"product-type-simple"},"yoast_head":"<!-- This site is optimized with the Yoast SEO plugin v27.2 - https:\/\/yoast.com\/product\/yoast-seo-wordpress\/ -->\n<title>Moderna dekorativna slika Zlata vrata s spiralo | Ines Drole Nanda<\/title>\n<meta name=\"description\" content=\"Moderna dekorativna slika Zlata vrata s spiralo je abstraktna podoba transcendence in uvid tretjega o\u010desa, ki odstira intuicijo.\" \/>\n<meta name=\"robots\" content=\"index, follow, max-snippet:-1, max-image-preview:large, max-video-preview:-1\" \/>\n<link rel=\"canonical\" href=\"https:\/\/nanda.si\/sl\/izdelek\/moderna-dekorativna-slika-zlata-vrata-s-spiralo\/\" \/>\n<meta property=\"og:locale\" content=\"sl_SI\" \/>\n<meta property=\"og:type\" content=\"article\" \/>\n<meta property=\"og:title\" content=\"Moderna dekorativna slika Zlata vrata s spiralo | Ines Drole Nanda\" \/>\n<meta property=\"og:description\" content=\"Moderna dekorativna slika Zlata vrata s spiralo je abstraktna podoba transcendence in uvid tretjega o\u010desa, ki odstira intuicijo.\" \/>\n<meta property=\"og:url\" content=\"https:\/\/nanda.si\/sl\/izdelek\/moderna-dekorativna-slika-zlata-vrata-s-spiralo\/\" \/>\n<meta property=\"og:site_name\" content=\"Ines Drole Nanda\" \/>\n<meta property=\"article:modified_time\" content=\"2024-05-30T11:44:18+00:00\" \/>\n<meta property=\"og:image\" content=\"https:\/\/nanda.si\/wp-content\/uploads\/2024\/05\/Zlata-vrata-transcendenca-20-x-50cm-r-1-3-rotated.jpg\" \/>\n\t<meta property=\"og:image:width\" content=\"578\" \/>\n\t<meta property=\"og:image:height\" content=\"1011\" \/>\n\t<meta property=\"og:image:type\" content=\"image\/jpeg\" \/>\n<meta name=\"twitter:card\" content=\"summary_large_image\" \/>\n<meta name=\"twitter:label1\" content=\"Est. reading time\" \/>\n\t<meta name=\"twitter:data1\" content=\"1 minuta\" \/>\n<script type=\"application\/ld+json\" class=\"yoast-schema-graph\">{\"@context\":\"https:\/\/schema.org\",\"@graph\":[{\"@type\":\"WebPage\",\"@id\":\"https:\/\/nanda.si\/sl\/izdelek\/moderna-dekorativna-slika-zlata-vrata-s-spiralo\/\",\"url\":\"https:\/\/nanda.si\/sl\/izdelek\/moderna-dekorativna-slika-zlata-vrata-s-spiralo\/\",\"name\":\"Moderna dekorativna slika Zlata vrata s spiralo | Ines Drole Nanda\",\"isPartOf\":{\"@id\":\"https:\/\/nanda.si\/sl\/#website\"},\"primaryImageOfPage\":{\"@id\":\"https:\/\/nanda.si\/sl\/izdelek\/moderna-dekorativna-slika-zlata-vrata-s-spiralo\/#primaryimage\"},\"image\":{\"@id\":\"https:\/\/nanda.si\/sl\/izdelek\/moderna-dekorativna-slika-zlata-vrata-s-spiralo\/#primaryimage\"},\"thumbnailUrl\":\"https:\/\/nanda.si\/wp-content\/uploads\/2024\/05\/Zlata-vrata-transcendenca-20-x-50cm-r-1-3-rotated.jpg\",\"datePublished\":\"2024-05-30T11:32:01+00:00\",\"dateModified\":\"2024-05-30T11:44:18+00:00\",\"description\":\"Moderna dekorativna slika Zlata vrata s spiralo je abstraktna podoba transcendence in uvid tretjega o\u010desa, ki odstira intuicijo.\",\"breadcrumb\":{\"@id\":\"https:\/\/nanda.si\/sl\/izdelek\/moderna-dekorativna-slika-zlata-vrata-s-spiralo\/#breadcrumb\"},\"inLanguage\":\"sl-SI\",\"potentialAction\":[{\"@type\":\"ReadAction\",\"target\":[\"https:\/\/nanda.si\/sl\/izdelek\/moderna-dekorativna-slika-zlata-vrata-s-spiralo\/\"]}]},{\"@type\":\"ImageObject\",\"inLanguage\":\"sl-SI\",\"@id\":\"https:\/\/nanda.si\/sl\/izdelek\/moderna-dekorativna-slika-zlata-vrata-s-spiralo\/#primaryimage\",\"url\":\"https:\/\/nanda.si\/wp-content\/uploads\/2024\/05\/Zlata-vrata-transcendenca-20-x-50cm-r-1-3-rotated.jpg\",\"contentUrl\":\"https:\/\/nanda.si\/wp-content\/uploads\/2024\/05\/Zlata-vrata-transcendenca-20-x-50cm-r-1-3-rotated.jpg\",\"width\":578,\"height\":1011},{\"@type\":\"BreadcrumbList\",\"@id\":\"https:\/\/nanda.si\/sl\/izdelek\/moderna-dekorativna-slika-zlata-vrata-s-spiralo\/#breadcrumb\",\"itemListElement\":[{\"@type\":\"ListItem\",\"position\":1,\"name\":\"Home\",\"item\":\"https:\/\/nanda.si\/sl\/\"},{\"@type\":\"ListItem\",\"position\":2,\"name\":\"Trgovina\",\"item\":\"https:\/\/nanda.si\/sl\/trgovina\/\"},{\"@type\":\"ListItem\",\"position\":3,\"name\":\"Moderna dekorativna slika Zlata vrata s spiralo\"}]},{\"@type\":\"WebSite\",\"@id\":\"https:\/\/nanda.si\/sl\/#website\",\"url\":\"https:\/\/nanda.si\/sl\/\",\"name\":\"Ines Drole Nanda\",\"description\":\"Umetelne tekstilne kreacije za edinstven interier in unikatna obla\u010dila.\",\"publisher\":{\"@id\":\"https:\/\/nanda.si\/sl\/#organization\"},\"potentialAction\":[{\"@type\":\"SearchAction\",\"target\":{\"@type\":\"EntryPoint\",\"urlTemplate\":\"https:\/\/nanda.si\/sl\/?s={search_term_string}\"},\"query-input\":{\"@type\":\"PropertyValueSpecification\",\"valueRequired\":true,\"valueName\":\"search_term_string\"}}],\"inLanguage\":\"sl-SI\"},{\"@type\":\"Organization\",\"@id\":\"https:\/\/nanda.si\/sl\/#organization\",\"name\":\"Ines Drole NANDA\",\"url\":\"https:\/\/nanda.si\/sl\/\",\"logo\":{\"@type\":\"ImageObject\",\"inLanguage\":\"sl-SI\",\"@id\":\"https:\/\/nanda.si\/sl\/#\/schema\/logo\/image\/\",\"url\":\"https:\/\/nanda.si\/wp-content\/uploads\/2022\/07\/logoNANDA-oval_Res.jpg\",\"contentUrl\":\"https:\/\/nanda.si\/wp-content\/uploads\/2022\/07\/logoNANDA-oval_Res.jpg\",\"width\":600,\"height\":600,\"caption\":\"Ines Drole NANDA\"},\"image\":{\"@id\":\"https:\/\/nanda.si\/sl\/#\/schema\/logo\/image\/\"}}]}<\/script>\n<!-- \/ Yoast SEO plugin. -->","yoast_head_json":{"title":"Moderna dekorativna slika Zlata vrata s spiralo | Ines Drole Nanda","description":"Moderna dekorativna slika Zlata vrata s spiralo je abstraktna podoba transcendence in uvid tretjega o\u010desa, ki odstira intuicijo.","robots":{"index":"index","follow":"follow","max-snippet":"max-snippet:-1","max-image-preview":"max-image-preview:large","max-video-preview":"max-video-preview:-1"},"canonical":"https:\/\/nanda.si\/sl\/izdelek\/moderna-dekorativna-slika-zlata-vrata-s-spiralo\/","og_locale":"sl_SI","og_type":"article","og_title":"Moderna dekorativna slika Zlata vrata s spiralo | Ines Drole Nanda","og_description":"Moderna dekorativna slika Zlata vrata s spiralo je abstraktna podoba transcendence in uvid tretjega o\u010desa, ki odstira intuicijo.","og_url":"https:\/\/nanda.si\/sl\/izdelek\/moderna-dekorativna-slika-zlata-vrata-s-spiralo\/","og_site_name":"Ines Drole Nanda","article_modified_time":"2024-05-30T11:44:18+00:00","og_image":[{"width":578,"height":1011,"url":"https:\/\/nanda.si\/wp-content\/uploads\/2024\/05\/Zlata-vrata-transcendenca-20-x-50cm-r-1-3-rotated.jpg","type":"image\/jpeg"}],"twitter_card":"summary_large_image","twitter_misc":{"Est. reading time":"1 minuta"},"schema":{"@context":"https:\/\/schema.org","@graph":[{"@type":"WebPage","@id":"https:\/\/nanda.si\/sl\/izdelek\/moderna-dekorativna-slika-zlata-vrata-s-spiralo\/","url":"https:\/\/nanda.si\/sl\/izdelek\/moderna-dekorativna-slika-zlata-vrata-s-spiralo\/","name":"Moderna dekorativna slika Zlata vrata s spiralo | Ines Drole Nanda","isPartOf":{"@id":"https:\/\/nanda.si\/sl\/#website"},"primaryImageOfPage":{"@id":"https:\/\/nanda.si\/sl\/izdelek\/moderna-dekorativna-slika-zlata-vrata-s-spiralo\/#primaryimage"},"image":{"@id":"https:\/\/nanda.si\/sl\/izdelek\/moderna-dekorativna-slika-zlata-vrata-s-spiralo\/#primaryimage"},"thumbnailUrl":"https:\/\/nanda.si\/wp-content\/uploads\/2024\/05\/Zlata-vrata-transcendenca-20-x-50cm-r-1-3-rotated.jpg","datePublished":"2024-05-30T11:32:01+00:00","dateModified":"2024-05-30T11:44:18+00:00","description":"Moderna dekorativna slika Zlata vrata s spiralo je abstraktna podoba transcendence in uvid tretjega o\u010desa, ki odstira intuicijo.","breadcrumb":{"@id":"https:\/\/nanda.si\/sl\/izdelek\/moderna-dekorativna-slika-zlata-vrata-s-spiralo\/#breadcrumb"},"inLanguage":"sl-SI","potentialAction":[{"@type":"ReadAction","target":["https:\/\/nanda.si\/sl\/izdelek\/moderna-dekorativna-slika-zlata-vrata-s-spiralo\/"]}]},{"@type":"ImageObject","inLanguage":"sl-SI","@id":"https:\/\/nanda.si\/sl\/izdelek\/moderna-dekorativna-slika-zlata-vrata-s-spiralo\/#primaryimage","url":"https:\/\/nanda.si\/wp-content\/uploads\/2024\/05\/Zlata-vrata-transcendenca-20-x-50cm-r-1-3-rotated.jpg","contentUrl":"https:\/\/nanda.si\/wp-content\/uploads\/2024\/05\/Zlata-vrata-transcendenca-20-x-50cm-r-1-3-rotated.jpg","width":578,"height":1011},{"@type":"BreadcrumbList","@id":"https:\/\/nanda.si\/sl\/izdelek\/moderna-dekorativna-slika-zlata-vrata-s-spiralo\/#breadcrumb","itemListElement":[{"@type":"ListItem","position":1,"name":"Home","item":"https:\/\/nanda.si\/sl\/"},{"@type":"ListItem","position":2,"name":"Trgovina","item":"https:\/\/nanda.si\/sl\/trgovina\/"},{"@type":"ListItem","position":3,"name":"Moderna dekorativna slika Zlata vrata s spiralo"}]},{"@type":"WebSite","@id":"https:\/\/nanda.si\/sl\/#website","url":"https:\/\/nanda.si\/sl\/","name":"Ines Drole Nanda","description":"Umetelne tekstilne kreacije za edinstven interier in unikatna obla\u010dila.","publisher":{"@id":"https:\/\/nanda.si\/sl\/#organization"},"potentialAction":[{"@type":"SearchAction","target":{"@type":"EntryPoint","urlTemplate":"https:\/\/nanda.si\/sl\/?s={search_term_string}"},"query-input":{"@type":"PropertyValueSpecification","valueRequired":true,"valueName":"search_term_string"}}],"inLanguage":"sl-SI"},{"@type":"Organization","@id":"https:\/\/nanda.si\/sl\/#organization","name":"Ines Drole NANDA","url":"https:\/\/nanda.si\/sl\/","logo":{"@type":"ImageObject","inLanguage":"sl-SI","@id":"https:\/\/nanda.si\/sl\/#\/schema\/logo\/image\/","url":"https:\/\/nanda.si\/wp-content\/uploads\/2022\/07\/logoNANDA-oval_Res.jpg","contentUrl":"https:\/\/nanda.si\/wp-content\/uploads\/2022\/07\/logoNANDA-oval_Res.jpg","width":600,"height":600,"caption":"Ines Drole NANDA"},"image":{"@id":"https:\/\/nanda.si\/sl\/#\/schema\/logo\/image\/"}}]}},"_links":{"self":[{"href":"https:\/\/nanda.si\/sl\/wp-json\/wp\/v2\/product\/5716","targetHints":{"allow":["GET"]}}],"collection":[{"href":"https:\/\/nanda.si\/sl\/wp-json\/wp\/v2\/product"}],"about":[{"href":"https:\/\/nanda.si\/sl\/wp-json\/wp\/v2\/types\/product"}],"replies":[{"embeddable":true,"href":"https:\/\/nanda.si\/sl\/wp-json\/wp\/v2\/comments?post=5716"}],"wp:featuredmedia":[{"embeddable":true,"href":"https:\/\/nanda.si\/sl\/wp-json\/wp\/v2\/media\/5727"}],"wp:attachment":[{"href":"https:\/\/nanda.si\/sl\/wp-json\/wp\/v2\/media?parent=5716"}],"wp:term":[{"taxonomy":"product_brand","embeddable":true,"href":"https:\/\/nanda.si\/sl\/wp-json\/wp\/v2\/product_brand?post=5716"},{"taxonomy":"product_cat","embeddable":true,"href":"https:\/\/nanda.si\/sl\/wp-json\/wp\/v2\/product_cat?post=5716"},{"taxonomy":"product_tag","embeddable":true,"href":"https:\/\/nanda.si\/sl\/wp-json\/wp\/v2\/product_tag?post=5716"}],"curies":[{"name":"wp","href":"https:\/\/api.w.org\/{rel}","templated":true}]}}