{"id":5685,"date":"2024-05-29T18:25:57","date_gmt":"2024-05-29T18:25:57","guid":{"rendered":"https:\/\/nanda.si\/?post_type=product&#038;p=5685"},"modified":"2024-05-30T09:28:38","modified_gmt":"2024-05-30T09:28:38","slug":"crno-bela-zlata-dekorativna-slika-zagon-50-x-70cm","status":"publish","type":"product","link":"https:\/\/nanda.si\/sl\/izdelek\/crno-bela-zlata-dekorativna-slika-zagon-50-x-70cm\/","title":{"rendered":"\u010crno bela zlata dekorativna slika Zagon &#8211; 50 x 70cm"},"content":{"rendered":"<p>Dekorativna slika Zagon je podpora energiji za premik. Podpira nove odlo\u010ditve, novo dejavnost, razmerja, opustitev starega. Abstraktna podoba je simbol udejanjanja  in je narejena iz dveh lokov v \u010drni barvi, ki sta povezana z zlato spiralo. Elementi so narejeni iz sinteti\u010dne gline, osnovno platno je v perla beli barvi, dimenzije 50 x 70 cm . Obe\u0161ena je lahko vertikalno ali horizontalno, prepleta se uvid (oko) ,ki je potreben za akcijo (val).  <\/p>\n","protected":false},"excerpt":{"rendered":"<p>Stenska dekoracija energetsko in stilno dopolni vsak ambient in ustvari razpolo\u017eenje. Izbran dekor na steni dopolni obstoje\u010di slog interierja in spremeni celotno vibracijo prostora. Stvari, ki jih postavite na svoje stene so odraz va\u0161ega \u017eivljenjskega sloga in naj pritegnejo va\u0161o domi\u0161ljijo. Lahko vas prenesejo v fantazijski svet svet ali vas spomnijo na tisto, kar se vam zdi lepo, sme\u0161no. Lahko so razlog za za\u010detek pogovora. \u010crno bela zlata dekorativna slika Zagon &#8211; 50 x 70cm je primerna za moderne interierje.<\/p>\n","protected":false},"featured_media":5703,"comment_status":"open","ping_status":"closed","template":"","meta":[],"product_brand":[],"product_cat":[273],"product_tag":[],"class_list":{"0":"post-5685","1":"product","2":"type-product","3":"status-publish","4":"has-post-thumbnail","6":"product_cat-dekorativne-slike","8":"first","9":"instock","10":"shipping-taxable","11":"purchasable","12":"product-type-simple"},"yoast_head":"<!-- This site is optimized with the Yoast SEO plugin v27.2 - https:\/\/yoast.com\/product\/yoast-seo-wordpress\/ -->\n<title>\u010crno bela zlata dekorativna slika Zagon - 50 x 70cm | Ines Drole Nanda<\/title>\n<meta name=\"description\" content=\"Dekorativna slika Zagon je simbol potrebne energije za premik. Podpira nove odlo\u010ditve, novo dejavnost, razmerja, opustitev starega. Minimalizem.\" \/>\n<meta name=\"robots\" content=\"index, follow, max-snippet:-1, max-image-preview:large, max-video-preview:-1\" \/>\n<link rel=\"canonical\" href=\"https:\/\/nanda.si\/sl\/izdelek\/crno-bela-zlata-dekorativna-slika-zagon-50-x-70cm\/\" \/>\n<meta property=\"og:locale\" content=\"sl_SI\" \/>\n<meta property=\"og:type\" content=\"article\" \/>\n<meta property=\"og:title\" content=\"\u010crno bela zlata dekorativna slika Zagon - 50 x 70cm | Ines Drole Nanda\" \/>\n<meta property=\"og:description\" content=\"Dekorativna slika Zagon je simbol potrebne energije za premik. Podpira nove odlo\u010ditve, novo dejavnost, razmerja, opustitev starega. Minimalizem.\" \/>\n<meta property=\"og:url\" content=\"https:\/\/nanda.si\/sl\/izdelek\/crno-bela-zlata-dekorativna-slika-zagon-50-x-70cm\/\" \/>\n<meta property=\"og:site_name\" content=\"Ines Drole Nanda\" \/>\n<meta property=\"article:modified_time\" content=\"2024-05-30T09:28:38+00:00\" \/>\n<meta property=\"og:image\" content=\"https:\/\/nanda.si\/wp-content\/uploads\/2024\/05\/Zagon-50-x-70-cm_-na_-steni-r-.jpg\" \/>\n\t<meta property=\"og:image:width\" content=\"514\" \/>\n\t<meta property=\"og:image:height\" content=\"649\" \/>\n\t<meta property=\"og:image:type\" content=\"image\/jpeg\" \/>\n<meta name=\"twitter:card\" content=\"summary_large_image\" \/>\n<meta name=\"twitter:label1\" content=\"Est. reading time\" \/>\n\t<meta name=\"twitter:data1\" content=\"1 minuta\" \/>\n<script type=\"application\/ld+json\" class=\"yoast-schema-graph\">{\"@context\":\"https:\/\/schema.org\",\"@graph\":[{\"@type\":\"WebPage\",\"@id\":\"https:\/\/nanda.si\/sl\/izdelek\/crno-bela-zlata-dekorativna-slika-zagon-50-x-70cm\/\",\"url\":\"https:\/\/nanda.si\/sl\/izdelek\/crno-bela-zlata-dekorativna-slika-zagon-50-x-70cm\/\",\"name\":\"\u010crno bela zlata dekorativna slika Zagon - 50 x 70cm | Ines Drole Nanda\",\"isPartOf\":{\"@id\":\"https:\/\/nanda.si\/sl\/#website\"},\"primaryImageOfPage\":{\"@id\":\"https:\/\/nanda.si\/sl\/izdelek\/crno-bela-zlata-dekorativna-slika-zagon-50-x-70cm\/#primaryimage\"},\"image\":{\"@id\":\"https:\/\/nanda.si\/sl\/izdelek\/crno-bela-zlata-dekorativna-slika-zagon-50-x-70cm\/#primaryimage\"},\"thumbnailUrl\":\"https:\/\/nanda.si\/wp-content\/uploads\/2024\/05\/Zagon-50-x-70-cm_-na_-steni-r-.jpg\",\"datePublished\":\"2024-05-29T18:25:57+00:00\",\"dateModified\":\"2024-05-30T09:28:38+00:00\",\"description\":\"Dekorativna slika Zagon je simbol potrebne energije za premik. Podpira nove odlo\u010ditve, novo dejavnost, razmerja, opustitev starega. Minimalizem.\",\"breadcrumb\":{\"@id\":\"https:\/\/nanda.si\/sl\/izdelek\/crno-bela-zlata-dekorativna-slika-zagon-50-x-70cm\/#breadcrumb\"},\"inLanguage\":\"sl-SI\",\"potentialAction\":[{\"@type\":\"ReadAction\",\"target\":[\"https:\/\/nanda.si\/sl\/izdelek\/crno-bela-zlata-dekorativna-slika-zagon-50-x-70cm\/\"]}]},{\"@type\":\"ImageObject\",\"inLanguage\":\"sl-SI\",\"@id\":\"https:\/\/nanda.si\/sl\/izdelek\/crno-bela-zlata-dekorativna-slika-zagon-50-x-70cm\/#primaryimage\",\"url\":\"https:\/\/nanda.si\/wp-content\/uploads\/2024\/05\/Zagon-50-x-70-cm_-na_-steni-r-.jpg\",\"contentUrl\":\"https:\/\/nanda.si\/wp-content\/uploads\/2024\/05\/Zagon-50-x-70-cm_-na_-steni-r-.jpg\",\"width\":514,\"height\":649,\"caption\":\"qrf\"},{\"@type\":\"BreadcrumbList\",\"@id\":\"https:\/\/nanda.si\/sl\/izdelek\/crno-bela-zlata-dekorativna-slika-zagon-50-x-70cm\/#breadcrumb\",\"itemListElement\":[{\"@type\":\"ListItem\",\"position\":1,\"name\":\"Home\",\"item\":\"https:\/\/nanda.si\/sl\/\"},{\"@type\":\"ListItem\",\"position\":2,\"name\":\"Trgovina\",\"item\":\"https:\/\/nanda.si\/sl\/trgovina\/\"},{\"@type\":\"ListItem\",\"position\":3,\"name\":\"\u010crno bela zlata dekorativna slika Zagon &#8211; 50 x 70cm\"}]},{\"@type\":\"WebSite\",\"@id\":\"https:\/\/nanda.si\/sl\/#website\",\"url\":\"https:\/\/nanda.si\/sl\/\",\"name\":\"Ines Drole Nanda\",\"description\":\"Umetelne tekstilne kreacije za edinstven interier in unikatna obla\u010dila.\",\"publisher\":{\"@id\":\"https:\/\/nanda.si\/sl\/#organization\"},\"potentialAction\":[{\"@type\":\"SearchAction\",\"target\":{\"@type\":\"EntryPoint\",\"urlTemplate\":\"https:\/\/nanda.si\/sl\/?s={search_term_string}\"},\"query-input\":{\"@type\":\"PropertyValueSpecification\",\"valueRequired\":true,\"valueName\":\"search_term_string\"}}],\"inLanguage\":\"sl-SI\"},{\"@type\":\"Organization\",\"@id\":\"https:\/\/nanda.si\/sl\/#organization\",\"name\":\"Ines Drole NANDA\",\"url\":\"https:\/\/nanda.si\/sl\/\",\"logo\":{\"@type\":\"ImageObject\",\"inLanguage\":\"sl-SI\",\"@id\":\"https:\/\/nanda.si\/sl\/#\/schema\/logo\/image\/\",\"url\":\"https:\/\/nanda.si\/wp-content\/uploads\/2022\/07\/logoNANDA-oval_Res.jpg\",\"contentUrl\":\"https:\/\/nanda.si\/wp-content\/uploads\/2022\/07\/logoNANDA-oval_Res.jpg\",\"width\":600,\"height\":600,\"caption\":\"Ines Drole NANDA\"},\"image\":{\"@id\":\"https:\/\/nanda.si\/sl\/#\/schema\/logo\/image\/\"}}]}<\/script>\n<!-- \/ Yoast SEO plugin. -->","yoast_head_json":{"title":"\u010crno bela zlata dekorativna slika Zagon - 50 x 70cm | Ines Drole Nanda","description":"Dekorativna slika Zagon je simbol potrebne energije za premik. Podpira nove odlo\u010ditve, novo dejavnost, razmerja, opustitev starega. Minimalizem.","robots":{"index":"index","follow":"follow","max-snippet":"max-snippet:-1","max-image-preview":"max-image-preview:large","max-video-preview":"max-video-preview:-1"},"canonical":"https:\/\/nanda.si\/sl\/izdelek\/crno-bela-zlata-dekorativna-slika-zagon-50-x-70cm\/","og_locale":"sl_SI","og_type":"article","og_title":"\u010crno bela zlata dekorativna slika Zagon - 50 x 70cm | Ines Drole Nanda","og_description":"Dekorativna slika Zagon je simbol potrebne energije za premik. Podpira nove odlo\u010ditve, novo dejavnost, razmerja, opustitev starega. Minimalizem.","og_url":"https:\/\/nanda.si\/sl\/izdelek\/crno-bela-zlata-dekorativna-slika-zagon-50-x-70cm\/","og_site_name":"Ines Drole Nanda","article_modified_time":"2024-05-30T09:28:38+00:00","og_image":[{"width":514,"height":649,"url":"https:\/\/nanda.si\/wp-content\/uploads\/2024\/05\/Zagon-50-x-70-cm_-na_-steni-r-.jpg","type":"image\/jpeg"}],"twitter_card":"summary_large_image","twitter_misc":{"Est. reading time":"1 minuta"},"schema":{"@context":"https:\/\/schema.org","@graph":[{"@type":"WebPage","@id":"https:\/\/nanda.si\/sl\/izdelek\/crno-bela-zlata-dekorativna-slika-zagon-50-x-70cm\/","url":"https:\/\/nanda.si\/sl\/izdelek\/crno-bela-zlata-dekorativna-slika-zagon-50-x-70cm\/","name":"\u010crno bela zlata dekorativna slika Zagon - 50 x 70cm | Ines Drole Nanda","isPartOf":{"@id":"https:\/\/nanda.si\/sl\/#website"},"primaryImageOfPage":{"@id":"https:\/\/nanda.si\/sl\/izdelek\/crno-bela-zlata-dekorativna-slika-zagon-50-x-70cm\/#primaryimage"},"image":{"@id":"https:\/\/nanda.si\/sl\/izdelek\/crno-bela-zlata-dekorativna-slika-zagon-50-x-70cm\/#primaryimage"},"thumbnailUrl":"https:\/\/nanda.si\/wp-content\/uploads\/2024\/05\/Zagon-50-x-70-cm_-na_-steni-r-.jpg","datePublished":"2024-05-29T18:25:57+00:00","dateModified":"2024-05-30T09:28:38+00:00","description":"Dekorativna slika Zagon je simbol potrebne energije za premik. Podpira nove odlo\u010ditve, novo dejavnost, razmerja, opustitev starega. Minimalizem.","breadcrumb":{"@id":"https:\/\/nanda.si\/sl\/izdelek\/crno-bela-zlata-dekorativna-slika-zagon-50-x-70cm\/#breadcrumb"},"inLanguage":"sl-SI","potentialAction":[{"@type":"ReadAction","target":["https:\/\/nanda.si\/sl\/izdelek\/crno-bela-zlata-dekorativna-slika-zagon-50-x-70cm\/"]}]},{"@type":"ImageObject","inLanguage":"sl-SI","@id":"https:\/\/nanda.si\/sl\/izdelek\/crno-bela-zlata-dekorativna-slika-zagon-50-x-70cm\/#primaryimage","url":"https:\/\/nanda.si\/wp-content\/uploads\/2024\/05\/Zagon-50-x-70-cm_-na_-steni-r-.jpg","contentUrl":"https:\/\/nanda.si\/wp-content\/uploads\/2024\/05\/Zagon-50-x-70-cm_-na_-steni-r-.jpg","width":514,"height":649,"caption":"qrf"},{"@type":"BreadcrumbList","@id":"https:\/\/nanda.si\/sl\/izdelek\/crno-bela-zlata-dekorativna-slika-zagon-50-x-70cm\/#breadcrumb","itemListElement":[{"@type":"ListItem","position":1,"name":"Home","item":"https:\/\/nanda.si\/sl\/"},{"@type":"ListItem","position":2,"name":"Trgovina","item":"https:\/\/nanda.si\/sl\/trgovina\/"},{"@type":"ListItem","position":3,"name":"\u010crno bela zlata dekorativna slika Zagon &#8211; 50 x 70cm"}]},{"@type":"WebSite","@id":"https:\/\/nanda.si\/sl\/#website","url":"https:\/\/nanda.si\/sl\/","name":"Ines Drole Nanda","description":"Umetelne tekstilne kreacije za edinstven interier in unikatna obla\u010dila.","publisher":{"@id":"https:\/\/nanda.si\/sl\/#organization"},"potentialAction":[{"@type":"SearchAction","target":{"@type":"EntryPoint","urlTemplate":"https:\/\/nanda.si\/sl\/?s={search_term_string}"},"query-input":{"@type":"PropertyValueSpecification","valueRequired":true,"valueName":"search_term_string"}}],"inLanguage":"sl-SI"},{"@type":"Organization","@id":"https:\/\/nanda.si\/sl\/#organization","name":"Ines Drole NANDA","url":"https:\/\/nanda.si\/sl\/","logo":{"@type":"ImageObject","inLanguage":"sl-SI","@id":"https:\/\/nanda.si\/sl\/#\/schema\/logo\/image\/","url":"https:\/\/nanda.si\/wp-content\/uploads\/2022\/07\/logoNANDA-oval_Res.jpg","contentUrl":"https:\/\/nanda.si\/wp-content\/uploads\/2022\/07\/logoNANDA-oval_Res.jpg","width":600,"height":600,"caption":"Ines Drole NANDA"},"image":{"@id":"https:\/\/nanda.si\/sl\/#\/schema\/logo\/image\/"}}]}},"_links":{"self":[{"href":"https:\/\/nanda.si\/sl\/wp-json\/wp\/v2\/product\/5685","targetHints":{"allow":["GET"]}}],"collection":[{"href":"https:\/\/nanda.si\/sl\/wp-json\/wp\/v2\/product"}],"about":[{"href":"https:\/\/nanda.si\/sl\/wp-json\/wp\/v2\/types\/product"}],"replies":[{"embeddable":true,"href":"https:\/\/nanda.si\/sl\/wp-json\/wp\/v2\/comments?post=5685"}],"wp:featuredmedia":[{"embeddable":true,"href":"https:\/\/nanda.si\/sl\/wp-json\/wp\/v2\/media\/5703"}],"wp:attachment":[{"href":"https:\/\/nanda.si\/sl\/wp-json\/wp\/v2\/media?parent=5685"}],"wp:term":[{"taxonomy":"product_brand","embeddable":true,"href":"https:\/\/nanda.si\/sl\/wp-json\/wp\/v2\/product_brand?post=5685"},{"taxonomy":"product_cat","embeddable":true,"href":"https:\/\/nanda.si\/sl\/wp-json\/wp\/v2\/product_cat?post=5685"},{"taxonomy":"product_tag","embeddable":true,"href":"https:\/\/nanda.si\/sl\/wp-json\/wp\/v2\/product_tag?post=5685"}],"curies":[{"name":"wp","href":"https:\/\/api.w.org\/{rel}","templated":true}]}}