{"id":5623,"date":"2024-05-23T20:44:45","date_gmt":"2024-05-23T20:44:45","guid":{"rendered":"https:\/\/nanda.si\/?post_type=product&#038;p=5623"},"modified":"2024-10-31T18:58:58","modified_gmt":"2024-10-31T18:58:58","slug":"iniciacija-svetlobe-dekorativna-slika-s-soncem-50-x-50-x-6cm","status":"publish","type":"product","link":"https:\/\/nanda.si\/sl\/izdelek\/iniciacija-svetlobe-dekorativna-slika-s-soncem-50-x-50-x-6cm\/","title":{"rendered":"Iniciacija svetlobe- dekorativna slika s soncem 50 x 50 x 6cm"},"content":{"rendered":"<p>Dekorativna slika Iniciacija svetlobe je abstraktna podoba sonca, ki prina\u0161a svetlobo v prostor tudi na de\u017eeven dan. Osnovno platno je v perla beli barvi, dimenzije 50 x 50 cm . Elementi son\u010dnih \u017earkov so razli\u010dnih spiralastih oblik in so narejeni iz sinteti\u010dne gline, nato pobarvani v sijo\u010di zlati barvi .<\/p>\n<p>&nbsp;<\/p>\n<p>&nbsp;<\/p>\n","protected":false},"excerpt":{"rendered":"<p>Stenska dekoracija energetsko in stilno dopolni vsak ambient in ustvari razpolo\u017eenje. Izbran dekor na steni dopolni obstoje\u010di slog interierja in doda tisti poseben poudarek, ki spremeni celotno vibracijo prostora. Stvari, ki jih postavite na svoje stene so odraz va\u0161ega \u017eivljenjskega sloga in naj pritegnejo va\u0161o domi\u0161ljijo. Lahko vas prenesejo v drug svet ali vas spomnijo na tisto, kar se vam zdi lepo, sme\u0161no. Lahko so razlog za za\u010detek pogovora.<\/p>\n","protected":false},"featured_media":5624,"comment_status":"open","ping_status":"closed","template":"","meta":[],"product_brand":[],"product_cat":[20],"product_tag":[],"class_list":{"0":"post-5623","1":"product","2":"type-product","3":"status-publish","4":"has-post-thumbnail","6":"product_cat-uncategorized","8":"first","9":"instock","10":"shipping-taxable","11":"purchasable","12":"product-type-simple"},"yoast_head":"<!-- This site is optimized with the Yoast SEO plugin v27.2 - https:\/\/yoast.com\/product\/yoast-seo-wordpress\/ -->\n<title>Iniciacija svetlobe- dekorativna slika s soncem 50 x 50 x 6cm | Ines Drole Nanda<\/title>\n<meta name=\"robots\" content=\"index, follow, max-snippet:-1, max-image-preview:large, max-video-preview:-1\" \/>\n<link rel=\"canonical\" href=\"https:\/\/nanda.si\/sl\/izdelek\/iniciacija-svetlobe-dekorativna-slika-s-soncem-50-x-50-x-6cm\/\" \/>\n<meta property=\"og:locale\" content=\"sl_SI\" \/>\n<meta property=\"og:type\" content=\"article\" \/>\n<meta property=\"og:title\" content=\"Iniciacija svetlobe- dekorativna slika s soncem 50 x 50 x 6cm | Ines Drole Nanda\" \/>\n<meta property=\"og:description\" content=\"Stenska dekoracija energetsko in stilno dopolni vsak ambient in ustvari razpolo\u017eenje. Izbran dekor na steni dopolni obstoje\u010di slog interierja in doda tisti poseben poudarek, ki spremeni celotno vibracijo prostora. Stvari, ki jih postavite na svoje stene so odraz va\u0161ega \u017eivljenjskega sloga in naj pritegnejo va\u0161o domi\u0161ljijo. Lahko vas prenesejo v drug svet ali vas spomnijo na tisto, kar se vam zdi lepo, sme\u0161no. Lahko so razlog za za\u010detek pogovora.\" \/>\n<meta property=\"og:url\" content=\"https:\/\/nanda.si\/sl\/izdelek\/iniciacija-svetlobe-dekorativna-slika-s-soncem-50-x-50-x-6cm\/\" \/>\n<meta property=\"og:site_name\" content=\"Ines Drole Nanda\" \/>\n<meta property=\"article:modified_time\" content=\"2024-10-31T18:58:58+00:00\" \/>\n<meta property=\"og:image\" content=\"https:\/\/nanda.si\/wp-content\/uploads\/2024\/05\/Iniciacija-svetlobe-50-x50cm-spredaj-R.jpg\" \/>\n\t<meta property=\"og:image:width\" content=\"441\" \/>\n\t<meta property=\"og:image:height\" content=\"441\" \/>\n\t<meta property=\"og:image:type\" content=\"image\/jpeg\" \/>\n<meta name=\"twitter:card\" content=\"summary_large_image\" \/>\n<meta name=\"twitter:label1\" content=\"Est. reading time\" \/>\n\t<meta name=\"twitter:data1\" content=\"1 minuta\" \/>\n<script type=\"application\/ld+json\" class=\"yoast-schema-graph\">{\"@context\":\"https:\/\/schema.org\",\"@graph\":[{\"@type\":\"WebPage\",\"@id\":\"https:\/\/nanda.si\/sl\/izdelek\/iniciacija-svetlobe-dekorativna-slika-s-soncem-50-x-50-x-6cm\/\",\"url\":\"https:\/\/nanda.si\/sl\/izdelek\/iniciacija-svetlobe-dekorativna-slika-s-soncem-50-x-50-x-6cm\/\",\"name\":\"Iniciacija svetlobe- dekorativna slika s soncem 50 x 50 x 6cm | Ines Drole Nanda\",\"isPartOf\":{\"@id\":\"https:\/\/nanda.si\/sl\/#website\"},\"primaryImageOfPage\":{\"@id\":\"https:\/\/nanda.si\/sl\/izdelek\/iniciacija-svetlobe-dekorativna-slika-s-soncem-50-x-50-x-6cm\/#primaryimage\"},\"image\":{\"@id\":\"https:\/\/nanda.si\/sl\/izdelek\/iniciacija-svetlobe-dekorativna-slika-s-soncem-50-x-50-x-6cm\/#primaryimage\"},\"thumbnailUrl\":\"https:\/\/nanda.si\/wp-content\/uploads\/2024\/05\/Iniciacija-svetlobe-50-x50cm-spredaj-R.jpg\",\"datePublished\":\"2024-05-23T20:44:45+00:00\",\"dateModified\":\"2024-10-31T18:58:58+00:00\",\"breadcrumb\":{\"@id\":\"https:\/\/nanda.si\/sl\/izdelek\/iniciacija-svetlobe-dekorativna-slika-s-soncem-50-x-50-x-6cm\/#breadcrumb\"},\"inLanguage\":\"sl-SI\",\"potentialAction\":[{\"@type\":\"ReadAction\",\"target\":[\"https:\/\/nanda.si\/sl\/izdelek\/iniciacija-svetlobe-dekorativna-slika-s-soncem-50-x-50-x-6cm\/\"]}]},{\"@type\":\"ImageObject\",\"inLanguage\":\"sl-SI\",\"@id\":\"https:\/\/nanda.si\/sl\/izdelek\/iniciacija-svetlobe-dekorativna-slika-s-soncem-50-x-50-x-6cm\/#primaryimage\",\"url\":\"https:\/\/nanda.si\/wp-content\/uploads\/2024\/05\/Iniciacija-svetlobe-50-x50cm-spredaj-R.jpg\",\"contentUrl\":\"https:\/\/nanda.si\/wp-content\/uploads\/2024\/05\/Iniciacija-svetlobe-50-x50cm-spredaj-R.jpg\",\"width\":441,\"height\":441,\"caption\":\"qrf\"},{\"@type\":\"BreadcrumbList\",\"@id\":\"https:\/\/nanda.si\/sl\/izdelek\/iniciacija-svetlobe-dekorativna-slika-s-soncem-50-x-50-x-6cm\/#breadcrumb\",\"itemListElement\":[{\"@type\":\"ListItem\",\"position\":1,\"name\":\"Home\",\"item\":\"https:\/\/nanda.si\/sl\/\"},{\"@type\":\"ListItem\",\"position\":2,\"name\":\"Trgovina\",\"item\":\"https:\/\/nanda.si\/sl\/trgovina\/\"},{\"@type\":\"ListItem\",\"position\":3,\"name\":\"Iniciacija svetlobe- dekorativna slika s soncem 50 x 50 x 6cm\"}]},{\"@type\":\"WebSite\",\"@id\":\"https:\/\/nanda.si\/sl\/#website\",\"url\":\"https:\/\/nanda.si\/sl\/\",\"name\":\"Ines Drole Nanda\",\"description\":\"Umetelne tekstilne kreacije za edinstven interier in unikatna obla\u010dila.\",\"publisher\":{\"@id\":\"https:\/\/nanda.si\/sl\/#organization\"},\"potentialAction\":[{\"@type\":\"SearchAction\",\"target\":{\"@type\":\"EntryPoint\",\"urlTemplate\":\"https:\/\/nanda.si\/sl\/?s={search_term_string}\"},\"query-input\":{\"@type\":\"PropertyValueSpecification\",\"valueRequired\":true,\"valueName\":\"search_term_string\"}}],\"inLanguage\":\"sl-SI\"},{\"@type\":\"Organization\",\"@id\":\"https:\/\/nanda.si\/sl\/#organization\",\"name\":\"Ines Drole NANDA\",\"url\":\"https:\/\/nanda.si\/sl\/\",\"logo\":{\"@type\":\"ImageObject\",\"inLanguage\":\"sl-SI\",\"@id\":\"https:\/\/nanda.si\/sl\/#\/schema\/logo\/image\/\",\"url\":\"https:\/\/nanda.si\/wp-content\/uploads\/2022\/07\/logoNANDA-oval_Res.jpg\",\"contentUrl\":\"https:\/\/nanda.si\/wp-content\/uploads\/2022\/07\/logoNANDA-oval_Res.jpg\",\"width\":600,\"height\":600,\"caption\":\"Ines Drole NANDA\"},\"image\":{\"@id\":\"https:\/\/nanda.si\/sl\/#\/schema\/logo\/image\/\"}}]}<\/script>\n<!-- \/ Yoast SEO plugin. -->","yoast_head_json":{"title":"Iniciacija svetlobe- dekorativna slika s soncem 50 x 50 x 6cm | Ines Drole Nanda","robots":{"index":"index","follow":"follow","max-snippet":"max-snippet:-1","max-image-preview":"max-image-preview:large","max-video-preview":"max-video-preview:-1"},"canonical":"https:\/\/nanda.si\/sl\/izdelek\/iniciacija-svetlobe-dekorativna-slika-s-soncem-50-x-50-x-6cm\/","og_locale":"sl_SI","og_type":"article","og_title":"Iniciacija svetlobe- dekorativna slika s soncem 50 x 50 x 6cm | Ines Drole Nanda","og_description":"Stenska dekoracija energetsko in stilno dopolni vsak ambient in ustvari razpolo\u017eenje. Izbran dekor na steni dopolni obstoje\u010di slog interierja in doda tisti poseben poudarek, ki spremeni celotno vibracijo prostora. Stvari, ki jih postavite na svoje stene so odraz va\u0161ega \u017eivljenjskega sloga in naj pritegnejo va\u0161o domi\u0161ljijo. Lahko vas prenesejo v drug svet ali vas spomnijo na tisto, kar se vam zdi lepo, sme\u0161no. Lahko so razlog za za\u010detek pogovora.","og_url":"https:\/\/nanda.si\/sl\/izdelek\/iniciacija-svetlobe-dekorativna-slika-s-soncem-50-x-50-x-6cm\/","og_site_name":"Ines Drole Nanda","article_modified_time":"2024-10-31T18:58:58+00:00","og_image":[{"width":441,"height":441,"url":"https:\/\/nanda.si\/wp-content\/uploads\/2024\/05\/Iniciacija-svetlobe-50-x50cm-spredaj-R.jpg","type":"image\/jpeg"}],"twitter_card":"summary_large_image","twitter_misc":{"Est. reading time":"1 minuta"},"schema":{"@context":"https:\/\/schema.org","@graph":[{"@type":"WebPage","@id":"https:\/\/nanda.si\/sl\/izdelek\/iniciacija-svetlobe-dekorativna-slika-s-soncem-50-x-50-x-6cm\/","url":"https:\/\/nanda.si\/sl\/izdelek\/iniciacija-svetlobe-dekorativna-slika-s-soncem-50-x-50-x-6cm\/","name":"Iniciacija svetlobe- dekorativna slika s soncem 50 x 50 x 6cm | Ines Drole Nanda","isPartOf":{"@id":"https:\/\/nanda.si\/sl\/#website"},"primaryImageOfPage":{"@id":"https:\/\/nanda.si\/sl\/izdelek\/iniciacija-svetlobe-dekorativna-slika-s-soncem-50-x-50-x-6cm\/#primaryimage"},"image":{"@id":"https:\/\/nanda.si\/sl\/izdelek\/iniciacija-svetlobe-dekorativna-slika-s-soncem-50-x-50-x-6cm\/#primaryimage"},"thumbnailUrl":"https:\/\/nanda.si\/wp-content\/uploads\/2024\/05\/Iniciacija-svetlobe-50-x50cm-spredaj-R.jpg","datePublished":"2024-05-23T20:44:45+00:00","dateModified":"2024-10-31T18:58:58+00:00","breadcrumb":{"@id":"https:\/\/nanda.si\/sl\/izdelek\/iniciacija-svetlobe-dekorativna-slika-s-soncem-50-x-50-x-6cm\/#breadcrumb"},"inLanguage":"sl-SI","potentialAction":[{"@type":"ReadAction","target":["https:\/\/nanda.si\/sl\/izdelek\/iniciacija-svetlobe-dekorativna-slika-s-soncem-50-x-50-x-6cm\/"]}]},{"@type":"ImageObject","inLanguage":"sl-SI","@id":"https:\/\/nanda.si\/sl\/izdelek\/iniciacija-svetlobe-dekorativna-slika-s-soncem-50-x-50-x-6cm\/#primaryimage","url":"https:\/\/nanda.si\/wp-content\/uploads\/2024\/05\/Iniciacija-svetlobe-50-x50cm-spredaj-R.jpg","contentUrl":"https:\/\/nanda.si\/wp-content\/uploads\/2024\/05\/Iniciacija-svetlobe-50-x50cm-spredaj-R.jpg","width":441,"height":441,"caption":"qrf"},{"@type":"BreadcrumbList","@id":"https:\/\/nanda.si\/sl\/izdelek\/iniciacija-svetlobe-dekorativna-slika-s-soncem-50-x-50-x-6cm\/#breadcrumb","itemListElement":[{"@type":"ListItem","position":1,"name":"Home","item":"https:\/\/nanda.si\/sl\/"},{"@type":"ListItem","position":2,"name":"Trgovina","item":"https:\/\/nanda.si\/sl\/trgovina\/"},{"@type":"ListItem","position":3,"name":"Iniciacija svetlobe- dekorativna slika s soncem 50 x 50 x 6cm"}]},{"@type":"WebSite","@id":"https:\/\/nanda.si\/sl\/#website","url":"https:\/\/nanda.si\/sl\/","name":"Ines Drole Nanda","description":"Umetelne tekstilne kreacije za edinstven interier in unikatna obla\u010dila.","publisher":{"@id":"https:\/\/nanda.si\/sl\/#organization"},"potentialAction":[{"@type":"SearchAction","target":{"@type":"EntryPoint","urlTemplate":"https:\/\/nanda.si\/sl\/?s={search_term_string}"},"query-input":{"@type":"PropertyValueSpecification","valueRequired":true,"valueName":"search_term_string"}}],"inLanguage":"sl-SI"},{"@type":"Organization","@id":"https:\/\/nanda.si\/sl\/#organization","name":"Ines Drole NANDA","url":"https:\/\/nanda.si\/sl\/","logo":{"@type":"ImageObject","inLanguage":"sl-SI","@id":"https:\/\/nanda.si\/sl\/#\/schema\/logo\/image\/","url":"https:\/\/nanda.si\/wp-content\/uploads\/2022\/07\/logoNANDA-oval_Res.jpg","contentUrl":"https:\/\/nanda.si\/wp-content\/uploads\/2022\/07\/logoNANDA-oval_Res.jpg","width":600,"height":600,"caption":"Ines Drole NANDA"},"image":{"@id":"https:\/\/nanda.si\/sl\/#\/schema\/logo\/image\/"}}]}},"_links":{"self":[{"href":"https:\/\/nanda.si\/sl\/wp-json\/wp\/v2\/product\/5623","targetHints":{"allow":["GET"]}}],"collection":[{"href":"https:\/\/nanda.si\/sl\/wp-json\/wp\/v2\/product"}],"about":[{"href":"https:\/\/nanda.si\/sl\/wp-json\/wp\/v2\/types\/product"}],"replies":[{"embeddable":true,"href":"https:\/\/nanda.si\/sl\/wp-json\/wp\/v2\/comments?post=5623"}],"wp:featuredmedia":[{"embeddable":true,"href":"https:\/\/nanda.si\/sl\/wp-json\/wp\/v2\/media\/5624"}],"wp:attachment":[{"href":"https:\/\/nanda.si\/sl\/wp-json\/wp\/v2\/media?parent=5623"}],"wp:term":[{"taxonomy":"product_brand","embeddable":true,"href":"https:\/\/nanda.si\/sl\/wp-json\/wp\/v2\/product_brand?post=5623"},{"taxonomy":"product_cat","embeddable":true,"href":"https:\/\/nanda.si\/sl\/wp-json\/wp\/v2\/product_cat?post=5623"},{"taxonomy":"product_tag","embeddable":true,"href":"https:\/\/nanda.si\/sl\/wp-json\/wp\/v2\/product_tag?post=5623"}],"curies":[{"name":"wp","href":"https:\/\/api.w.org\/{rel}","templated":true}]}}