{"id":5487,"date":"2023-12-17T18:12:18","date_gmt":"2023-12-17T18:12:18","guid":{"rendered":"https:\/\/nanda.si\/?post_type=product&#038;p=5487"},"modified":"2023-12-17T18:13:42","modified_gmt":"2023-12-17T18:13:42","slug":"elegantna-vinsko-rdeca-majica-s-prosojnim-rokavom-vine","status":"publish","type":"product","link":"https:\/\/nanda.si\/sl\/izdelek\/elegantna-vinsko-rdeca-majica-s-prosojnim-rokavom-vine\/","title":{"rendered":"Elegantna vinsko rde\u010da majica s prosojnim rokavom Vine"},"content":{"rendered":"<p>Elegantna vinsko rde\u010da majica s prosojnim rokavom Vine nudi ugodje vsem \u010dutom. Diskretno svetlikajo\u010d jersey s srebrno lurex nitjo in polprosojna tan\u010dica na rokavu dajeta pridih sve\u010danosti. Reglan rezan \u0161irok rokav je domiselno zaklju\u010den z ozkim elastiziranim patentom.. Inovativen ovratnik je utrjen z dekorativnimi gubami ob straneh, kar mu daje pokon\u010dno formo in glamurozen pridih. Kvalitetna sinteti\u010dna elastizirana tkanina zagotavlja prijeten ob\u010dutek na ko\u017ei in nudi udobje \u010dez cel dan. Pere se lahko v stroju do 40 stopinj Celzija, z blago centrifugo ali brez. Ro\u010dno pranje zagotavlja dalj\u0161o obstojnost. Priporo\u010deno je likanje po notranji strani, tudi do 40 stopinj Celzija.<\/p>\n","protected":false},"excerpt":{"rendered":"<p>Elegantna vinsko rde\u010da majica s prosojnim rokavom Vine je avantgardnega kroja minimalisti\u010dnih linij, vinsko rde\u010d jersey s srebrno lurex nitjo daje pridih sve\u010danosti. Unikatna obla\u010dila NANDA za vsak dan izdelajo videz in pri\u010darajo razpolo\u017eenje. To so obleke izvirnega dizajna narejene iz kvalitetnih materialov, ki nudijo udobje in estetski u\u017eitek. Zgodbe iz tekstila.<\/p>\n","protected":false},"featured_media":5488,"comment_status":"open","ping_status":"closed","template":"","meta":[],"product_brand":[],"product_cat":[120,119],"product_tag":[],"class_list":{"0":"post-5487","1":"product","2":"type-product","3":"status-publish","4":"has-post-thumbnail","6":"product_cat-originalna-oblacila","7":"product_cat-unikatna-oblacila-in-dodatki","9":"first","10":"instock","11":"shipping-taxable","12":"purchasable","13":"product-type-variable"},"yoast_head":"<!-- This site is optimized with the Yoast SEO plugin v27.2 - https:\/\/yoast.com\/product\/yoast-seo-wordpress\/ -->\n<title>Elegantna vinsko rde\u010da majica s prosojnim rokavom Vine | Ines Drole Nanda<\/title>\n<meta name=\"description\" content=\"Elegantna vinsko rde\u010da majica s prosojnim rokavom Vine je majica z diskretnim glamurjem, primerna za prazni\u010dne dneve v slu\u017ebi ,kot tudi sve\u010dano kosilo.\" \/>\n<meta name=\"robots\" content=\"index, follow, max-snippet:-1, max-image-preview:large, max-video-preview:-1\" \/>\n<link rel=\"canonical\" href=\"https:\/\/nanda.si\/sl\/izdelek\/elegantna-vinsko-rdeca-majica-s-prosojnim-rokavom-vine\/\" \/>\n<meta property=\"og:locale\" content=\"sl_SI\" \/>\n<meta property=\"og:type\" content=\"article\" \/>\n<meta property=\"og:title\" content=\"Elegantna vinsko rde\u010da majica s prosojnim rokavom Vine | Ines Drole Nanda\" \/>\n<meta property=\"og:description\" content=\"Elegantna vinsko rde\u010da majica s prosojnim rokavom Vine je majica z diskretnim glamurjem, primerna za prazni\u010dne dneve v slu\u017ebi ,kot tudi sve\u010dano kosilo.\" \/>\n<meta property=\"og:url\" content=\"https:\/\/nanda.si\/sl\/izdelek\/elegantna-vinsko-rdeca-majica-s-prosojnim-rokavom-vine\/\" \/>\n<meta property=\"og:site_name\" content=\"Ines Drole Nanda\" \/>\n<meta property=\"article:modified_time\" content=\"2023-12-17T18:13:42+00:00\" \/>\n<meta property=\"og:image\" content=\"https:\/\/nanda.si\/wp-content\/uploads\/2023\/12\/elegantna-vinsko-rdeca-majica-s-prosojnim-rokavom-Bordo_zadaj-r-.jpg\" \/>\n\t<meta property=\"og:image:width\" content=\"473\" \/>\n\t<meta property=\"og:image:height\" content=\"630\" \/>\n\t<meta property=\"og:image:type\" content=\"image\/jpeg\" \/>\n<meta name=\"twitter:card\" content=\"summary_large_image\" \/>\n<meta name=\"twitter:label1\" content=\"Est. reading time\" \/>\n\t<meta name=\"twitter:data1\" content=\"1 minuta\" \/>\n<script type=\"application\/ld+json\" class=\"yoast-schema-graph\">{\"@context\":\"https:\/\/schema.org\",\"@graph\":[{\"@type\":\"WebPage\",\"@id\":\"https:\/\/nanda.si\/sl\/izdelek\/elegantna-vinsko-rdeca-majica-s-prosojnim-rokavom-vine\/\",\"url\":\"https:\/\/nanda.si\/sl\/izdelek\/elegantna-vinsko-rdeca-majica-s-prosojnim-rokavom-vine\/\",\"name\":\"Elegantna vinsko rde\u010da majica s prosojnim rokavom Vine | Ines Drole Nanda\",\"isPartOf\":{\"@id\":\"https:\/\/nanda.si\/sl\/#website\"},\"primaryImageOfPage\":{\"@id\":\"https:\/\/nanda.si\/sl\/izdelek\/elegantna-vinsko-rdeca-majica-s-prosojnim-rokavom-vine\/#primaryimage\"},\"image\":{\"@id\":\"https:\/\/nanda.si\/sl\/izdelek\/elegantna-vinsko-rdeca-majica-s-prosojnim-rokavom-vine\/#primaryimage\"},\"thumbnailUrl\":\"https:\/\/nanda.si\/wp-content\/uploads\/2023\/12\/elegantna-vinsko-rdeca-majica-s-prosojnim-rokavom-Bordo_zadaj-r-.jpg\",\"datePublished\":\"2023-12-17T18:12:18+00:00\",\"dateModified\":\"2023-12-17T18:13:42+00:00\",\"description\":\"Elegantna vinsko rde\u010da majica s prosojnim rokavom Vine je majica z diskretnim glamurjem, primerna za prazni\u010dne dneve v slu\u017ebi ,kot tudi sve\u010dano kosilo.\",\"breadcrumb\":{\"@id\":\"https:\/\/nanda.si\/sl\/izdelek\/elegantna-vinsko-rdeca-majica-s-prosojnim-rokavom-vine\/#breadcrumb\"},\"inLanguage\":\"sl-SI\",\"potentialAction\":[{\"@type\":\"ReadAction\",\"target\":[\"https:\/\/nanda.si\/sl\/izdelek\/elegantna-vinsko-rdeca-majica-s-prosojnim-rokavom-vine\/\"]}]},{\"@type\":\"ImageObject\",\"inLanguage\":\"sl-SI\",\"@id\":\"https:\/\/nanda.si\/sl\/izdelek\/elegantna-vinsko-rdeca-majica-s-prosojnim-rokavom-vine\/#primaryimage\",\"url\":\"https:\/\/nanda.si\/wp-content\/uploads\/2023\/12\/elegantna-vinsko-rdeca-majica-s-prosojnim-rokavom-Bordo_zadaj-r-.jpg\",\"contentUrl\":\"https:\/\/nanda.si\/wp-content\/uploads\/2023\/12\/elegantna-vinsko-rdeca-majica-s-prosojnim-rokavom-Bordo_zadaj-r-.jpg\",\"width\":473,\"height\":630},{\"@type\":\"BreadcrumbList\",\"@id\":\"https:\/\/nanda.si\/sl\/izdelek\/elegantna-vinsko-rdeca-majica-s-prosojnim-rokavom-vine\/#breadcrumb\",\"itemListElement\":[{\"@type\":\"ListItem\",\"position\":1,\"name\":\"Home\",\"item\":\"https:\/\/nanda.si\/sl\/\"},{\"@type\":\"ListItem\",\"position\":2,\"name\":\"Trgovina\",\"item\":\"https:\/\/nanda.si\/sl\/trgovina\/\"},{\"@type\":\"ListItem\",\"position\":3,\"name\":\"Elegantna vinsko rde\u010da majica s prosojnim rokavom Vine\"}]},{\"@type\":\"WebSite\",\"@id\":\"https:\/\/nanda.si\/sl\/#website\",\"url\":\"https:\/\/nanda.si\/sl\/\",\"name\":\"Ines Drole Nanda\",\"description\":\"Umetelne tekstilne kreacije za edinstven interier in unikatna obla\u010dila.\",\"publisher\":{\"@id\":\"https:\/\/nanda.si\/sl\/#organization\"},\"potentialAction\":[{\"@type\":\"SearchAction\",\"target\":{\"@type\":\"EntryPoint\",\"urlTemplate\":\"https:\/\/nanda.si\/sl\/?s={search_term_string}\"},\"query-input\":{\"@type\":\"PropertyValueSpecification\",\"valueRequired\":true,\"valueName\":\"search_term_string\"}}],\"inLanguage\":\"sl-SI\"},{\"@type\":\"Organization\",\"@id\":\"https:\/\/nanda.si\/sl\/#organization\",\"name\":\"Ines Drole NANDA\",\"url\":\"https:\/\/nanda.si\/sl\/\",\"logo\":{\"@type\":\"ImageObject\",\"inLanguage\":\"sl-SI\",\"@id\":\"https:\/\/nanda.si\/sl\/#\/schema\/logo\/image\/\",\"url\":\"https:\/\/nanda.si\/wp-content\/uploads\/2022\/07\/logoNANDA-oval_Res.jpg\",\"contentUrl\":\"https:\/\/nanda.si\/wp-content\/uploads\/2022\/07\/logoNANDA-oval_Res.jpg\",\"width\":600,\"height\":600,\"caption\":\"Ines Drole NANDA\"},\"image\":{\"@id\":\"https:\/\/nanda.si\/sl\/#\/schema\/logo\/image\/\"}}]}<\/script>\n<!-- \/ Yoast SEO plugin. -->","yoast_head_json":{"title":"Elegantna vinsko rde\u010da majica s prosojnim rokavom Vine | Ines Drole Nanda","description":"Elegantna vinsko rde\u010da majica s prosojnim rokavom Vine je majica z diskretnim glamurjem, primerna za prazni\u010dne dneve v slu\u017ebi ,kot tudi sve\u010dano kosilo.","robots":{"index":"index","follow":"follow","max-snippet":"max-snippet:-1","max-image-preview":"max-image-preview:large","max-video-preview":"max-video-preview:-1"},"canonical":"https:\/\/nanda.si\/sl\/izdelek\/elegantna-vinsko-rdeca-majica-s-prosojnim-rokavom-vine\/","og_locale":"sl_SI","og_type":"article","og_title":"Elegantna vinsko rde\u010da majica s prosojnim rokavom Vine | Ines Drole Nanda","og_description":"Elegantna vinsko rde\u010da majica s prosojnim rokavom Vine je majica z diskretnim glamurjem, primerna za prazni\u010dne dneve v slu\u017ebi ,kot tudi sve\u010dano kosilo.","og_url":"https:\/\/nanda.si\/sl\/izdelek\/elegantna-vinsko-rdeca-majica-s-prosojnim-rokavom-vine\/","og_site_name":"Ines Drole Nanda","article_modified_time":"2023-12-17T18:13:42+00:00","og_image":[{"width":473,"height":630,"url":"https:\/\/nanda.si\/wp-content\/uploads\/2023\/12\/elegantna-vinsko-rdeca-majica-s-prosojnim-rokavom-Bordo_zadaj-r-.jpg","type":"image\/jpeg"}],"twitter_card":"summary_large_image","twitter_misc":{"Est. reading time":"1 minuta"},"schema":{"@context":"https:\/\/schema.org","@graph":[{"@type":"WebPage","@id":"https:\/\/nanda.si\/sl\/izdelek\/elegantna-vinsko-rdeca-majica-s-prosojnim-rokavom-vine\/","url":"https:\/\/nanda.si\/sl\/izdelek\/elegantna-vinsko-rdeca-majica-s-prosojnim-rokavom-vine\/","name":"Elegantna vinsko rde\u010da majica s prosojnim rokavom Vine | Ines Drole Nanda","isPartOf":{"@id":"https:\/\/nanda.si\/sl\/#website"},"primaryImageOfPage":{"@id":"https:\/\/nanda.si\/sl\/izdelek\/elegantna-vinsko-rdeca-majica-s-prosojnim-rokavom-vine\/#primaryimage"},"image":{"@id":"https:\/\/nanda.si\/sl\/izdelek\/elegantna-vinsko-rdeca-majica-s-prosojnim-rokavom-vine\/#primaryimage"},"thumbnailUrl":"https:\/\/nanda.si\/wp-content\/uploads\/2023\/12\/elegantna-vinsko-rdeca-majica-s-prosojnim-rokavom-Bordo_zadaj-r-.jpg","datePublished":"2023-12-17T18:12:18+00:00","dateModified":"2023-12-17T18:13:42+00:00","description":"Elegantna vinsko rde\u010da majica s prosojnim rokavom Vine je majica z diskretnim glamurjem, primerna za prazni\u010dne dneve v slu\u017ebi ,kot tudi sve\u010dano kosilo.","breadcrumb":{"@id":"https:\/\/nanda.si\/sl\/izdelek\/elegantna-vinsko-rdeca-majica-s-prosojnim-rokavom-vine\/#breadcrumb"},"inLanguage":"sl-SI","potentialAction":[{"@type":"ReadAction","target":["https:\/\/nanda.si\/sl\/izdelek\/elegantna-vinsko-rdeca-majica-s-prosojnim-rokavom-vine\/"]}]},{"@type":"ImageObject","inLanguage":"sl-SI","@id":"https:\/\/nanda.si\/sl\/izdelek\/elegantna-vinsko-rdeca-majica-s-prosojnim-rokavom-vine\/#primaryimage","url":"https:\/\/nanda.si\/wp-content\/uploads\/2023\/12\/elegantna-vinsko-rdeca-majica-s-prosojnim-rokavom-Bordo_zadaj-r-.jpg","contentUrl":"https:\/\/nanda.si\/wp-content\/uploads\/2023\/12\/elegantna-vinsko-rdeca-majica-s-prosojnim-rokavom-Bordo_zadaj-r-.jpg","width":473,"height":630},{"@type":"BreadcrumbList","@id":"https:\/\/nanda.si\/sl\/izdelek\/elegantna-vinsko-rdeca-majica-s-prosojnim-rokavom-vine\/#breadcrumb","itemListElement":[{"@type":"ListItem","position":1,"name":"Home","item":"https:\/\/nanda.si\/sl\/"},{"@type":"ListItem","position":2,"name":"Trgovina","item":"https:\/\/nanda.si\/sl\/trgovina\/"},{"@type":"ListItem","position":3,"name":"Elegantna vinsko rde\u010da majica s prosojnim rokavom Vine"}]},{"@type":"WebSite","@id":"https:\/\/nanda.si\/sl\/#website","url":"https:\/\/nanda.si\/sl\/","name":"Ines Drole Nanda","description":"Umetelne tekstilne kreacije za edinstven interier in unikatna obla\u010dila.","publisher":{"@id":"https:\/\/nanda.si\/sl\/#organization"},"potentialAction":[{"@type":"SearchAction","target":{"@type":"EntryPoint","urlTemplate":"https:\/\/nanda.si\/sl\/?s={search_term_string}"},"query-input":{"@type":"PropertyValueSpecification","valueRequired":true,"valueName":"search_term_string"}}],"inLanguage":"sl-SI"},{"@type":"Organization","@id":"https:\/\/nanda.si\/sl\/#organization","name":"Ines Drole NANDA","url":"https:\/\/nanda.si\/sl\/","logo":{"@type":"ImageObject","inLanguage":"sl-SI","@id":"https:\/\/nanda.si\/sl\/#\/schema\/logo\/image\/","url":"https:\/\/nanda.si\/wp-content\/uploads\/2022\/07\/logoNANDA-oval_Res.jpg","contentUrl":"https:\/\/nanda.si\/wp-content\/uploads\/2022\/07\/logoNANDA-oval_Res.jpg","width":600,"height":600,"caption":"Ines Drole NANDA"},"image":{"@id":"https:\/\/nanda.si\/sl\/#\/schema\/logo\/image\/"}}]}},"_links":{"self":[{"href":"https:\/\/nanda.si\/sl\/wp-json\/wp\/v2\/product\/5487","targetHints":{"allow":["GET"]}}],"collection":[{"href":"https:\/\/nanda.si\/sl\/wp-json\/wp\/v2\/product"}],"about":[{"href":"https:\/\/nanda.si\/sl\/wp-json\/wp\/v2\/types\/product"}],"replies":[{"embeddable":true,"href":"https:\/\/nanda.si\/sl\/wp-json\/wp\/v2\/comments?post=5487"}],"wp:featuredmedia":[{"embeddable":true,"href":"https:\/\/nanda.si\/sl\/wp-json\/wp\/v2\/media\/5488"}],"wp:attachment":[{"href":"https:\/\/nanda.si\/sl\/wp-json\/wp\/v2\/media?parent=5487"}],"wp:term":[{"taxonomy":"product_brand","embeddable":true,"href":"https:\/\/nanda.si\/sl\/wp-json\/wp\/v2\/product_brand?post=5487"},{"taxonomy":"product_cat","embeddable":true,"href":"https:\/\/nanda.si\/sl\/wp-json\/wp\/v2\/product_cat?post=5487"},{"taxonomy":"product_tag","embeddable":true,"href":"https:\/\/nanda.si\/sl\/wp-json\/wp\/v2\/product_tag?post=5487"}],"curies":[{"name":"wp","href":"https:\/\/api.w.org\/{rel}","templated":true}]}}