{"id":5443,"date":"2023-12-09T17:58:38","date_gmt":"2023-12-09T17:58:38","guid":{"rendered":"https:\/\/nanda.si\/?post_type=product&#038;p=5443"},"modified":"2024-12-07T18:42:18","modified_gmt":"2024-12-07T18:42:18","slug":"minimalisticna-ohlapna-rdeca-obleka-s-svilenim-rokavom-red","status":"publish","type":"product","link":"https:\/\/nanda.si\/sl\/izdelek\/minimalisticna-ohlapna-rdeca-obleka-s-svilenim-rokavom-red\/","title":{"rendered":"Minimalisti\u010dna ohlapna rde\u010da obleka s svilenim rokavom Red"},"content":{"rendered":"<p>Minimalisti\u010dna ohlapna rde\u010da obleka s svilenim rokavom Red je udobna unikatna elegantna obleka iz bomba\u017ene preve\u0161anke. Material je mehek in padajo\u010d, vendar dr\u017ei linijo. Kroj je vre\u010dast, vendar oprijet \u010dez oprsje, spodaj del pa krasi avantgarden detajl vogalov. Rokavi z leskom dajo pridih prazni\u010dne elegance. Lepo pristaja tudi bolj polni postavi. Ovratnik je preprost, ladjica s sr\u010dasto linijo, zadaj raven. Ta netelirana obleka je brez zadrge in komforten kroj omogo\u010da, da lahkotno zdrsnemo v njo. Zadaj je ravna. Lepo pristaja tudi bolj polni postavi in je primerna za prazni\u010dne dneve, ki so obarvani rde\u010de. Priporo\u010deno je pranje in likanje do 40 stopinj Celzija. Ro\u010dno pranje podalj\u0161a \u017eivljenjsko dobo vsakega izdelka.<\/p>\n","protected":false},"excerpt":{"rendered":"<p>Minimalisti\u010dna ohlapna rde\u010da obleka s svilenim rokavom Red\u00a0je domiselnega avantgardnega kroja in pristoji tako suhicam kot tudi polnim postavam. Ta udobna vre\u010dasta obleka re\u0161i stisko s \u010dasom in zagato kombiniranja harmoni\u010dnih kosov obla\u010dil, ter omogo\u010da hiter odhod v slu\u017ebo ali na sve\u010dano prireditev, odvisno od ostalih modnih dodatkov in obutve.<\/p>\n","protected":false},"featured_media":5447,"comment_status":"open","ping_status":"closed","template":"","meta":[],"product_brand":[],"product_cat":[120,119],"product_tag":[],"class_list":{"0":"post-5443","1":"product","2":"type-product","3":"status-publish","4":"has-post-thumbnail","6":"product_cat-originalna-oblacila","7":"product_cat-unikatna-oblacila-in-dodatki","9":"first","10":"instock","11":"shipping-taxable","12":"purchasable","13":"product-type-variable","14":"has-default-attributes"},"yoast_head":"<!-- This site is optimized with the Yoast SEO plugin v27.2 - https:\/\/yoast.com\/product\/yoast-seo-wordpress\/ -->\n<title>Minimalisti\u010dna ohlapna rde\u010da obleka s svilenim rokavom Red | Ines Drole Nanda<\/title>\n<meta name=\"description\" content=\"Minimalisti\u010dna ohlapna rde\u010da obleka s svilenim rokavom Red pristoji tako suhicam kot bolj polni postavi. Primerna za prazni\u010dne dneve, ki so obarvani rde\u010de.\" \/>\n<meta name=\"robots\" content=\"index, follow, max-snippet:-1, max-image-preview:large, max-video-preview:-1\" \/>\n<link rel=\"canonical\" href=\"https:\/\/nanda.si\/sl\/izdelek\/minimalisticna-ohlapna-rdeca-obleka-s-svilenim-rokavom-red\/\" \/>\n<meta property=\"og:locale\" content=\"sl_SI\" \/>\n<meta property=\"og:type\" content=\"article\" \/>\n<meta property=\"og:title\" content=\"Minimalisti\u010dna ohlapna rde\u010da obleka s svilenim rokavom Red | Ines Drole Nanda\" \/>\n<meta property=\"og:description\" content=\"Minimalisti\u010dna ohlapna rde\u010da obleka s svilenim rokavom Red pristoji tako suhicam kot bolj polni postavi. Primerna za prazni\u010dne dneve, ki so obarvani rde\u010de.\" \/>\n<meta property=\"og:url\" content=\"https:\/\/nanda.si\/sl\/izdelek\/minimalisticna-ohlapna-rdeca-obleka-s-svilenim-rokavom-red\/\" \/>\n<meta property=\"og:site_name\" content=\"Ines Drole Nanda\" \/>\n<meta property=\"article:modified_time\" content=\"2024-12-07T18:42:18+00:00\" \/>\n<meta property=\"og:image\" content=\"https:\/\/nanda.si\/wp-content\/uploads\/2023\/12\/Minimalisticna-rdeca-ohlapna-obleka-s-svilenim-rokavom-zadja.-rjpg.jpg\" \/>\n\t<meta property=\"og:image:width\" content=\"351\" \/>\n\t<meta property=\"og:image:height\" content=\"568\" \/>\n\t<meta property=\"og:image:type\" content=\"image\/jpeg\" \/>\n<meta name=\"twitter:card\" content=\"summary_large_image\" \/>\n<meta name=\"twitter:label1\" content=\"Est. reading time\" \/>\n\t<meta name=\"twitter:data1\" content=\"1 minuta\" \/>\n<script type=\"application\/ld+json\" class=\"yoast-schema-graph\">{\"@context\":\"https:\/\/schema.org\",\"@graph\":[{\"@type\":\"WebPage\",\"@id\":\"https:\/\/nanda.si\/sl\/izdelek\/minimalisticna-ohlapna-rdeca-obleka-s-svilenim-rokavom-red\/\",\"url\":\"https:\/\/nanda.si\/sl\/izdelek\/minimalisticna-ohlapna-rdeca-obleka-s-svilenim-rokavom-red\/\",\"name\":\"Minimalisti\u010dna ohlapna rde\u010da obleka s svilenim rokavom Red | Ines Drole Nanda\",\"isPartOf\":{\"@id\":\"https:\/\/nanda.si\/sl\/#website\"},\"primaryImageOfPage\":{\"@id\":\"https:\/\/nanda.si\/sl\/izdelek\/minimalisticna-ohlapna-rdeca-obleka-s-svilenim-rokavom-red\/#primaryimage\"},\"image\":{\"@id\":\"https:\/\/nanda.si\/sl\/izdelek\/minimalisticna-ohlapna-rdeca-obleka-s-svilenim-rokavom-red\/#primaryimage\"},\"thumbnailUrl\":\"https:\/\/nanda.si\/wp-content\/uploads\/2023\/12\/Minimalisticna-rdeca-ohlapna-obleka-s-svilenim-rokavom-zadja.-rjpg.jpg\",\"datePublished\":\"2023-12-09T17:58:38+00:00\",\"dateModified\":\"2024-12-07T18:42:18+00:00\",\"description\":\"Minimalisti\u010dna ohlapna rde\u010da obleka s svilenim rokavom Red pristoji tako suhicam kot bolj polni postavi. Primerna za prazni\u010dne dneve, ki so obarvani rde\u010de.\",\"breadcrumb\":{\"@id\":\"https:\/\/nanda.si\/sl\/izdelek\/minimalisticna-ohlapna-rdeca-obleka-s-svilenim-rokavom-red\/#breadcrumb\"},\"inLanguage\":\"sl-SI\",\"potentialAction\":[{\"@type\":\"ReadAction\",\"target\":[\"https:\/\/nanda.si\/sl\/izdelek\/minimalisticna-ohlapna-rdeca-obleka-s-svilenim-rokavom-red\/\"]}]},{\"@type\":\"ImageObject\",\"inLanguage\":\"sl-SI\",\"@id\":\"https:\/\/nanda.si\/sl\/izdelek\/minimalisticna-ohlapna-rdeca-obleka-s-svilenim-rokavom-red\/#primaryimage\",\"url\":\"https:\/\/nanda.si\/wp-content\/uploads\/2023\/12\/Minimalisticna-rdeca-ohlapna-obleka-s-svilenim-rokavom-zadja.-rjpg.jpg\",\"contentUrl\":\"https:\/\/nanda.si\/wp-content\/uploads\/2023\/12\/Minimalisticna-rdeca-ohlapna-obleka-s-svilenim-rokavom-zadja.-rjpg.jpg\",\"width\":351,\"height\":568},{\"@type\":\"BreadcrumbList\",\"@id\":\"https:\/\/nanda.si\/sl\/izdelek\/minimalisticna-ohlapna-rdeca-obleka-s-svilenim-rokavom-red\/#breadcrumb\",\"itemListElement\":[{\"@type\":\"ListItem\",\"position\":1,\"name\":\"Home\",\"item\":\"https:\/\/nanda.si\/sl\/\"},{\"@type\":\"ListItem\",\"position\":2,\"name\":\"Trgovina\",\"item\":\"https:\/\/nanda.si\/sl\/trgovina\/\"},{\"@type\":\"ListItem\",\"position\":3,\"name\":\"Minimalisti\u010dna ohlapna rde\u010da obleka s svilenim rokavom Red\"}]},{\"@type\":\"WebSite\",\"@id\":\"https:\/\/nanda.si\/sl\/#website\",\"url\":\"https:\/\/nanda.si\/sl\/\",\"name\":\"Ines Drole Nanda\",\"description\":\"Umetelne tekstilne kreacije za edinstven interier in unikatna obla\u010dila.\",\"publisher\":{\"@id\":\"https:\/\/nanda.si\/sl\/#organization\"},\"potentialAction\":[{\"@type\":\"SearchAction\",\"target\":{\"@type\":\"EntryPoint\",\"urlTemplate\":\"https:\/\/nanda.si\/sl\/?s={search_term_string}\"},\"query-input\":{\"@type\":\"PropertyValueSpecification\",\"valueRequired\":true,\"valueName\":\"search_term_string\"}}],\"inLanguage\":\"sl-SI\"},{\"@type\":\"Organization\",\"@id\":\"https:\/\/nanda.si\/sl\/#organization\",\"name\":\"Ines Drole NANDA\",\"url\":\"https:\/\/nanda.si\/sl\/\",\"logo\":{\"@type\":\"ImageObject\",\"inLanguage\":\"sl-SI\",\"@id\":\"https:\/\/nanda.si\/sl\/#\/schema\/logo\/image\/\",\"url\":\"https:\/\/nanda.si\/wp-content\/uploads\/2022\/07\/logoNANDA-oval_Res.jpg\",\"contentUrl\":\"https:\/\/nanda.si\/wp-content\/uploads\/2022\/07\/logoNANDA-oval_Res.jpg\",\"width\":600,\"height\":600,\"caption\":\"Ines Drole NANDA\"},\"image\":{\"@id\":\"https:\/\/nanda.si\/sl\/#\/schema\/logo\/image\/\"}}]}<\/script>\n<!-- \/ Yoast SEO plugin. -->","yoast_head_json":{"title":"Minimalisti\u010dna ohlapna rde\u010da obleka s svilenim rokavom Red | Ines Drole Nanda","description":"Minimalisti\u010dna ohlapna rde\u010da obleka s svilenim rokavom Red pristoji tako suhicam kot bolj polni postavi. Primerna za prazni\u010dne dneve, ki so obarvani rde\u010de.","robots":{"index":"index","follow":"follow","max-snippet":"max-snippet:-1","max-image-preview":"max-image-preview:large","max-video-preview":"max-video-preview:-1"},"canonical":"https:\/\/nanda.si\/sl\/izdelek\/minimalisticna-ohlapna-rdeca-obleka-s-svilenim-rokavom-red\/","og_locale":"sl_SI","og_type":"article","og_title":"Minimalisti\u010dna ohlapna rde\u010da obleka s svilenim rokavom Red | Ines Drole Nanda","og_description":"Minimalisti\u010dna ohlapna rde\u010da obleka s svilenim rokavom Red pristoji tako suhicam kot bolj polni postavi. Primerna za prazni\u010dne dneve, ki so obarvani rde\u010de.","og_url":"https:\/\/nanda.si\/sl\/izdelek\/minimalisticna-ohlapna-rdeca-obleka-s-svilenim-rokavom-red\/","og_site_name":"Ines Drole Nanda","article_modified_time":"2024-12-07T18:42:18+00:00","og_image":[{"width":351,"height":568,"url":"https:\/\/nanda.si\/wp-content\/uploads\/2023\/12\/Minimalisticna-rdeca-ohlapna-obleka-s-svilenim-rokavom-zadja.-rjpg.jpg","type":"image\/jpeg"}],"twitter_card":"summary_large_image","twitter_misc":{"Est. reading time":"1 minuta"},"schema":{"@context":"https:\/\/schema.org","@graph":[{"@type":"WebPage","@id":"https:\/\/nanda.si\/sl\/izdelek\/minimalisticna-ohlapna-rdeca-obleka-s-svilenim-rokavom-red\/","url":"https:\/\/nanda.si\/sl\/izdelek\/minimalisticna-ohlapna-rdeca-obleka-s-svilenim-rokavom-red\/","name":"Minimalisti\u010dna ohlapna rde\u010da obleka s svilenim rokavom Red | Ines Drole Nanda","isPartOf":{"@id":"https:\/\/nanda.si\/sl\/#website"},"primaryImageOfPage":{"@id":"https:\/\/nanda.si\/sl\/izdelek\/minimalisticna-ohlapna-rdeca-obleka-s-svilenim-rokavom-red\/#primaryimage"},"image":{"@id":"https:\/\/nanda.si\/sl\/izdelek\/minimalisticna-ohlapna-rdeca-obleka-s-svilenim-rokavom-red\/#primaryimage"},"thumbnailUrl":"https:\/\/nanda.si\/wp-content\/uploads\/2023\/12\/Minimalisticna-rdeca-ohlapna-obleka-s-svilenim-rokavom-zadja.-rjpg.jpg","datePublished":"2023-12-09T17:58:38+00:00","dateModified":"2024-12-07T18:42:18+00:00","description":"Minimalisti\u010dna ohlapna rde\u010da obleka s svilenim rokavom Red pristoji tako suhicam kot bolj polni postavi. Primerna za prazni\u010dne dneve, ki so obarvani rde\u010de.","breadcrumb":{"@id":"https:\/\/nanda.si\/sl\/izdelek\/minimalisticna-ohlapna-rdeca-obleka-s-svilenim-rokavom-red\/#breadcrumb"},"inLanguage":"sl-SI","potentialAction":[{"@type":"ReadAction","target":["https:\/\/nanda.si\/sl\/izdelek\/minimalisticna-ohlapna-rdeca-obleka-s-svilenim-rokavom-red\/"]}]},{"@type":"ImageObject","inLanguage":"sl-SI","@id":"https:\/\/nanda.si\/sl\/izdelek\/minimalisticna-ohlapna-rdeca-obleka-s-svilenim-rokavom-red\/#primaryimage","url":"https:\/\/nanda.si\/wp-content\/uploads\/2023\/12\/Minimalisticna-rdeca-ohlapna-obleka-s-svilenim-rokavom-zadja.-rjpg.jpg","contentUrl":"https:\/\/nanda.si\/wp-content\/uploads\/2023\/12\/Minimalisticna-rdeca-ohlapna-obleka-s-svilenim-rokavom-zadja.-rjpg.jpg","width":351,"height":568},{"@type":"BreadcrumbList","@id":"https:\/\/nanda.si\/sl\/izdelek\/minimalisticna-ohlapna-rdeca-obleka-s-svilenim-rokavom-red\/#breadcrumb","itemListElement":[{"@type":"ListItem","position":1,"name":"Home","item":"https:\/\/nanda.si\/sl\/"},{"@type":"ListItem","position":2,"name":"Trgovina","item":"https:\/\/nanda.si\/sl\/trgovina\/"},{"@type":"ListItem","position":3,"name":"Minimalisti\u010dna ohlapna rde\u010da obleka s svilenim rokavom Red"}]},{"@type":"WebSite","@id":"https:\/\/nanda.si\/sl\/#website","url":"https:\/\/nanda.si\/sl\/","name":"Ines Drole Nanda","description":"Umetelne tekstilne kreacije za edinstven interier in unikatna obla\u010dila.","publisher":{"@id":"https:\/\/nanda.si\/sl\/#organization"},"potentialAction":[{"@type":"SearchAction","target":{"@type":"EntryPoint","urlTemplate":"https:\/\/nanda.si\/sl\/?s={search_term_string}"},"query-input":{"@type":"PropertyValueSpecification","valueRequired":true,"valueName":"search_term_string"}}],"inLanguage":"sl-SI"},{"@type":"Organization","@id":"https:\/\/nanda.si\/sl\/#organization","name":"Ines Drole NANDA","url":"https:\/\/nanda.si\/sl\/","logo":{"@type":"ImageObject","inLanguage":"sl-SI","@id":"https:\/\/nanda.si\/sl\/#\/schema\/logo\/image\/","url":"https:\/\/nanda.si\/wp-content\/uploads\/2022\/07\/logoNANDA-oval_Res.jpg","contentUrl":"https:\/\/nanda.si\/wp-content\/uploads\/2022\/07\/logoNANDA-oval_Res.jpg","width":600,"height":600,"caption":"Ines Drole NANDA"},"image":{"@id":"https:\/\/nanda.si\/sl\/#\/schema\/logo\/image\/"}}]}},"_links":{"self":[{"href":"https:\/\/nanda.si\/sl\/wp-json\/wp\/v2\/product\/5443","targetHints":{"allow":["GET"]}}],"collection":[{"href":"https:\/\/nanda.si\/sl\/wp-json\/wp\/v2\/product"}],"about":[{"href":"https:\/\/nanda.si\/sl\/wp-json\/wp\/v2\/types\/product"}],"replies":[{"embeddable":true,"href":"https:\/\/nanda.si\/sl\/wp-json\/wp\/v2\/comments?post=5443"}],"wp:featuredmedia":[{"embeddable":true,"href":"https:\/\/nanda.si\/sl\/wp-json\/wp\/v2\/media\/5447"}],"wp:attachment":[{"href":"https:\/\/nanda.si\/sl\/wp-json\/wp\/v2\/media?parent=5443"}],"wp:term":[{"taxonomy":"product_brand","embeddable":true,"href":"https:\/\/nanda.si\/sl\/wp-json\/wp\/v2\/product_brand?post=5443"},{"taxonomy":"product_cat","embeddable":true,"href":"https:\/\/nanda.si\/sl\/wp-json\/wp\/v2\/product_cat?post=5443"},{"taxonomy":"product_tag","embeddable":true,"href":"https:\/\/nanda.si\/sl\/wp-json\/wp\/v2\/product_tag?post=5443"}],"curies":[{"name":"wp","href":"https:\/\/api.w.org\/{rel}","templated":true}]}}