{"id":5422,"date":"2023-12-05T15:43:34","date_gmt":"2023-12-05T15:43:34","guid":{"rendered":"https:\/\/nanda.si\/?post_type=product&#038;p=5422"},"modified":"2023-12-05T15:57:50","modified_gmt":"2023-12-05T15:57:50","slug":"udobno-elegantno-crno-krilo-z-dekorativnim-trakom-spredaj-ele","status":"publish","type":"product","link":"https:\/\/nanda.si\/sl\/izdelek\/udobno-elegantno-crno-krilo-z-dekorativnim-trakom-spredaj-ele\/","title":{"rendered":"Udobno elegantno \u010drno krilo z dekorativnim trakom spredaj Ele"},"content":{"rendered":"<p>Udobno elegantno \u010drno krilo z dekorativnim trakom spredaj Ele je minimalisti\u010dnega kroja na A in avantgardne elegance. Narejeno je iz kombiniranih treh razli\u010dno strukturiranih elastiziranih materialov. Je brez zadrge in se ga enostavno oble\u010de. Spredaj ima dekorativni trak, katerega se lahko zavezuje v pentljo ali se ga nosi prosto padajo\u010dega.\u00a0 Lahko ga tudi poljubno zasukate , trak je lahko tudi na sredini ali zadaj. Zadnjik je enostavno raven in se rahlo odpira navzven, vendar je material padajo\u010d, tako da ne dr\u017ei stroge linije. Je enostavno za vzdr\u017eevanje, lahko se ga pere v stroju in tudi lika do 40 stopinj Celzija, najbolje po notranji strani. Mo\u017eno je nositi pas tudi vi\u0161je pod prsmi, tako je dol\u017eina kraj\u0161a in postava za\u017eivi v druga\u0107nem proporcu.<\/p>\n<p>&nbsp;<\/p>\n","protected":false},"excerpt":{"rendered":"<p>Udobno elegantno \u010drno krilo z dekorativnim trakom spredaj Ele je senzualno asketskega kroja rahle A linije. Omogo\u010da \u0161tevilne kombinacije z razli\u010dnimi barvami in tudi z razli\u010dno obutvijo. Unikatna obla\u010dila NANDA za vsak dan izdelajo videz in pri\u010darajo razpolo\u017eenje. To so obleke izvirnega dizajna narejene iz kvalitetnih materialov, ki nudijo udobje in estetsko ugodje. Zgodbe iz tekstila.<\/p>\n","protected":false},"featured_media":5423,"comment_status":"open","ping_status":"closed","template":"","meta":[],"product_brand":[],"product_cat":[120,119],"product_tag":[],"class_list":{"0":"post-5422","1":"product","2":"type-product","3":"status-publish","4":"has-post-thumbnail","6":"product_cat-originalna-oblacila","7":"product_cat-unikatna-oblacila-in-dodatki","9":"first","10":"instock","11":"shipping-taxable","12":"purchasable","13":"product-type-variable"},"yoast_head":"<!-- This site is optimized with the Yoast SEO plugin v27.2 - https:\/\/yoast.com\/product\/yoast-seo-wordpress\/ -->\n<title>Udobno elegantno \u010drno krilo z dekorativnim trakom spredaj Ele | Ines Drole Nanda<\/title>\n<meta name=\"description\" content=\"Udobno elegantno \u010drno krilo z dekorativnim trakom spredaj Ele je minimalisti\u010dnega kroja in avantgardne elegance, kombinirano iz razli\u010dnih struktur.\" \/>\n<meta name=\"robots\" content=\"index, follow, max-snippet:-1, max-image-preview:large, max-video-preview:-1\" \/>\n<link rel=\"canonical\" href=\"https:\/\/nanda.si\/sl\/izdelek\/udobno-elegantno-crno-krilo-z-dekorativnim-trakom-spredaj-ele\/\" \/>\n<meta property=\"og:locale\" content=\"sl_SI\" \/>\n<meta property=\"og:type\" content=\"article\" \/>\n<meta property=\"og:title\" content=\"Udobno elegantno \u010drno krilo z dekorativnim trakom spredaj Ele | Ines Drole Nanda\" \/>\n<meta property=\"og:description\" content=\"Udobno elegantno \u010drno krilo z dekorativnim trakom spredaj Ele je minimalisti\u010dnega kroja in avantgardne elegance, kombinirano iz razli\u010dnih struktur.\" \/>\n<meta property=\"og:url\" content=\"https:\/\/nanda.si\/sl\/izdelek\/udobno-elegantno-crno-krilo-z-dekorativnim-trakom-spredaj-ele\/\" \/>\n<meta property=\"og:site_name\" content=\"Ines Drole Nanda\" \/>\n<meta property=\"article:modified_time\" content=\"2023-12-05T15:57:50+00:00\" \/>\n<meta property=\"og:image\" content=\"https:\/\/nanda.si\/wp-content\/uploads\/2023\/12\/Udobno-crno-elastizirano-krilo-s-dekorativnim-trakom-spredaj-Ele-r-.jpg\" \/>\n\t<meta property=\"og:image:width\" content=\"359\" \/>\n\t<meta property=\"og:image:height\" content=\"479\" \/>\n\t<meta property=\"og:image:type\" content=\"image\/jpeg\" \/>\n<meta name=\"twitter:card\" content=\"summary_large_image\" \/>\n<meta name=\"twitter:label1\" content=\"Est. reading time\" \/>\n\t<meta name=\"twitter:data1\" content=\"1 minuta\" \/>\n<script type=\"application\/ld+json\" class=\"yoast-schema-graph\">{\"@context\":\"https:\/\/schema.org\",\"@graph\":[{\"@type\":\"WebPage\",\"@id\":\"https:\/\/nanda.si\/sl\/izdelek\/udobno-elegantno-crno-krilo-z-dekorativnim-trakom-spredaj-ele\/\",\"url\":\"https:\/\/nanda.si\/sl\/izdelek\/udobno-elegantno-crno-krilo-z-dekorativnim-trakom-spredaj-ele\/\",\"name\":\"Udobno elegantno \u010drno krilo z dekorativnim trakom spredaj Ele | Ines Drole Nanda\",\"isPartOf\":{\"@id\":\"https:\/\/nanda.si\/sl\/#website\"},\"primaryImageOfPage\":{\"@id\":\"https:\/\/nanda.si\/sl\/izdelek\/udobno-elegantno-crno-krilo-z-dekorativnim-trakom-spredaj-ele\/#primaryimage\"},\"image\":{\"@id\":\"https:\/\/nanda.si\/sl\/izdelek\/udobno-elegantno-crno-krilo-z-dekorativnim-trakom-spredaj-ele\/#primaryimage\"},\"thumbnailUrl\":\"https:\/\/nanda.si\/wp-content\/uploads\/2023\/12\/Udobno-crno-elastizirano-krilo-s-dekorativnim-trakom-spredaj-Ele-r-.jpg\",\"datePublished\":\"2023-12-05T15:43:34+00:00\",\"dateModified\":\"2023-12-05T15:57:50+00:00\",\"description\":\"Udobno elegantno \u010drno krilo z dekorativnim trakom spredaj Ele je minimalisti\u010dnega kroja in avantgardne elegance, kombinirano iz razli\u010dnih struktur.\",\"breadcrumb\":{\"@id\":\"https:\/\/nanda.si\/sl\/izdelek\/udobno-elegantno-crno-krilo-z-dekorativnim-trakom-spredaj-ele\/#breadcrumb\"},\"inLanguage\":\"sl-SI\",\"potentialAction\":[{\"@type\":\"ReadAction\",\"target\":[\"https:\/\/nanda.si\/sl\/izdelek\/udobno-elegantno-crno-krilo-z-dekorativnim-trakom-spredaj-ele\/\"]}]},{\"@type\":\"ImageObject\",\"inLanguage\":\"sl-SI\",\"@id\":\"https:\/\/nanda.si\/sl\/izdelek\/udobno-elegantno-crno-krilo-z-dekorativnim-trakom-spredaj-ele\/#primaryimage\",\"url\":\"https:\/\/nanda.si\/wp-content\/uploads\/2023\/12\/Udobno-crno-elastizirano-krilo-s-dekorativnim-trakom-spredaj-Ele-r-.jpg\",\"contentUrl\":\"https:\/\/nanda.si\/wp-content\/uploads\/2023\/12\/Udobno-crno-elastizirano-krilo-s-dekorativnim-trakom-spredaj-Ele-r-.jpg\",\"width\":359,\"height\":479},{\"@type\":\"BreadcrumbList\",\"@id\":\"https:\/\/nanda.si\/sl\/izdelek\/udobno-elegantno-crno-krilo-z-dekorativnim-trakom-spredaj-ele\/#breadcrumb\",\"itemListElement\":[{\"@type\":\"ListItem\",\"position\":1,\"name\":\"Home\",\"item\":\"https:\/\/nanda.si\/sl\/\"},{\"@type\":\"ListItem\",\"position\":2,\"name\":\"Trgovina\",\"item\":\"https:\/\/nanda.si\/sl\/trgovina\/\"},{\"@type\":\"ListItem\",\"position\":3,\"name\":\"Udobno elegantno \u010drno krilo z dekorativnim trakom spredaj Ele\"}]},{\"@type\":\"WebSite\",\"@id\":\"https:\/\/nanda.si\/sl\/#website\",\"url\":\"https:\/\/nanda.si\/sl\/\",\"name\":\"Ines Drole Nanda\",\"description\":\"Umetelne tekstilne kreacije za edinstven interier in unikatna obla\u010dila.\",\"publisher\":{\"@id\":\"https:\/\/nanda.si\/sl\/#organization\"},\"potentialAction\":[{\"@type\":\"SearchAction\",\"target\":{\"@type\":\"EntryPoint\",\"urlTemplate\":\"https:\/\/nanda.si\/sl\/?s={search_term_string}\"},\"query-input\":{\"@type\":\"PropertyValueSpecification\",\"valueRequired\":true,\"valueName\":\"search_term_string\"}}],\"inLanguage\":\"sl-SI\"},{\"@type\":\"Organization\",\"@id\":\"https:\/\/nanda.si\/sl\/#organization\",\"name\":\"Ines Drole NANDA\",\"url\":\"https:\/\/nanda.si\/sl\/\",\"logo\":{\"@type\":\"ImageObject\",\"inLanguage\":\"sl-SI\",\"@id\":\"https:\/\/nanda.si\/sl\/#\/schema\/logo\/image\/\",\"url\":\"https:\/\/nanda.si\/wp-content\/uploads\/2022\/07\/logoNANDA-oval_Res.jpg\",\"contentUrl\":\"https:\/\/nanda.si\/wp-content\/uploads\/2022\/07\/logoNANDA-oval_Res.jpg\",\"width\":600,\"height\":600,\"caption\":\"Ines Drole NANDA\"},\"image\":{\"@id\":\"https:\/\/nanda.si\/sl\/#\/schema\/logo\/image\/\"}}]}<\/script>\n<!-- \/ Yoast SEO plugin. -->","yoast_head_json":{"title":"Udobno elegantno \u010drno krilo z dekorativnim trakom spredaj Ele | Ines Drole Nanda","description":"Udobno elegantno \u010drno krilo z dekorativnim trakom spredaj Ele je minimalisti\u010dnega kroja in avantgardne elegance, kombinirano iz razli\u010dnih struktur.","robots":{"index":"index","follow":"follow","max-snippet":"max-snippet:-1","max-image-preview":"max-image-preview:large","max-video-preview":"max-video-preview:-1"},"canonical":"https:\/\/nanda.si\/sl\/izdelek\/udobno-elegantno-crno-krilo-z-dekorativnim-trakom-spredaj-ele\/","og_locale":"sl_SI","og_type":"article","og_title":"Udobno elegantno \u010drno krilo z dekorativnim trakom spredaj Ele | Ines Drole Nanda","og_description":"Udobno elegantno \u010drno krilo z dekorativnim trakom spredaj Ele je minimalisti\u010dnega kroja in avantgardne elegance, kombinirano iz razli\u010dnih struktur.","og_url":"https:\/\/nanda.si\/sl\/izdelek\/udobno-elegantno-crno-krilo-z-dekorativnim-trakom-spredaj-ele\/","og_site_name":"Ines Drole Nanda","article_modified_time":"2023-12-05T15:57:50+00:00","og_image":[{"width":359,"height":479,"url":"https:\/\/nanda.si\/wp-content\/uploads\/2023\/12\/Udobno-crno-elastizirano-krilo-s-dekorativnim-trakom-spredaj-Ele-r-.jpg","type":"image\/jpeg"}],"twitter_card":"summary_large_image","twitter_misc":{"Est. reading time":"1 minuta"},"schema":{"@context":"https:\/\/schema.org","@graph":[{"@type":"WebPage","@id":"https:\/\/nanda.si\/sl\/izdelek\/udobno-elegantno-crno-krilo-z-dekorativnim-trakom-spredaj-ele\/","url":"https:\/\/nanda.si\/sl\/izdelek\/udobno-elegantno-crno-krilo-z-dekorativnim-trakom-spredaj-ele\/","name":"Udobno elegantno \u010drno krilo z dekorativnim trakom spredaj Ele | Ines Drole Nanda","isPartOf":{"@id":"https:\/\/nanda.si\/sl\/#website"},"primaryImageOfPage":{"@id":"https:\/\/nanda.si\/sl\/izdelek\/udobno-elegantno-crno-krilo-z-dekorativnim-trakom-spredaj-ele\/#primaryimage"},"image":{"@id":"https:\/\/nanda.si\/sl\/izdelek\/udobno-elegantno-crno-krilo-z-dekorativnim-trakom-spredaj-ele\/#primaryimage"},"thumbnailUrl":"https:\/\/nanda.si\/wp-content\/uploads\/2023\/12\/Udobno-crno-elastizirano-krilo-s-dekorativnim-trakom-spredaj-Ele-r-.jpg","datePublished":"2023-12-05T15:43:34+00:00","dateModified":"2023-12-05T15:57:50+00:00","description":"Udobno elegantno \u010drno krilo z dekorativnim trakom spredaj Ele je minimalisti\u010dnega kroja in avantgardne elegance, kombinirano iz razli\u010dnih struktur.","breadcrumb":{"@id":"https:\/\/nanda.si\/sl\/izdelek\/udobno-elegantno-crno-krilo-z-dekorativnim-trakom-spredaj-ele\/#breadcrumb"},"inLanguage":"sl-SI","potentialAction":[{"@type":"ReadAction","target":["https:\/\/nanda.si\/sl\/izdelek\/udobno-elegantno-crno-krilo-z-dekorativnim-trakom-spredaj-ele\/"]}]},{"@type":"ImageObject","inLanguage":"sl-SI","@id":"https:\/\/nanda.si\/sl\/izdelek\/udobno-elegantno-crno-krilo-z-dekorativnim-trakom-spredaj-ele\/#primaryimage","url":"https:\/\/nanda.si\/wp-content\/uploads\/2023\/12\/Udobno-crno-elastizirano-krilo-s-dekorativnim-trakom-spredaj-Ele-r-.jpg","contentUrl":"https:\/\/nanda.si\/wp-content\/uploads\/2023\/12\/Udobno-crno-elastizirano-krilo-s-dekorativnim-trakom-spredaj-Ele-r-.jpg","width":359,"height":479},{"@type":"BreadcrumbList","@id":"https:\/\/nanda.si\/sl\/izdelek\/udobno-elegantno-crno-krilo-z-dekorativnim-trakom-spredaj-ele\/#breadcrumb","itemListElement":[{"@type":"ListItem","position":1,"name":"Home","item":"https:\/\/nanda.si\/sl\/"},{"@type":"ListItem","position":2,"name":"Trgovina","item":"https:\/\/nanda.si\/sl\/trgovina\/"},{"@type":"ListItem","position":3,"name":"Udobno elegantno \u010drno krilo z dekorativnim trakom spredaj Ele"}]},{"@type":"WebSite","@id":"https:\/\/nanda.si\/sl\/#website","url":"https:\/\/nanda.si\/sl\/","name":"Ines Drole Nanda","description":"Umetelne tekstilne kreacije za edinstven interier in unikatna obla\u010dila.","publisher":{"@id":"https:\/\/nanda.si\/sl\/#organization"},"potentialAction":[{"@type":"SearchAction","target":{"@type":"EntryPoint","urlTemplate":"https:\/\/nanda.si\/sl\/?s={search_term_string}"},"query-input":{"@type":"PropertyValueSpecification","valueRequired":true,"valueName":"search_term_string"}}],"inLanguage":"sl-SI"},{"@type":"Organization","@id":"https:\/\/nanda.si\/sl\/#organization","name":"Ines Drole NANDA","url":"https:\/\/nanda.si\/sl\/","logo":{"@type":"ImageObject","inLanguage":"sl-SI","@id":"https:\/\/nanda.si\/sl\/#\/schema\/logo\/image\/","url":"https:\/\/nanda.si\/wp-content\/uploads\/2022\/07\/logoNANDA-oval_Res.jpg","contentUrl":"https:\/\/nanda.si\/wp-content\/uploads\/2022\/07\/logoNANDA-oval_Res.jpg","width":600,"height":600,"caption":"Ines Drole NANDA"},"image":{"@id":"https:\/\/nanda.si\/sl\/#\/schema\/logo\/image\/"}}]}},"_links":{"self":[{"href":"https:\/\/nanda.si\/sl\/wp-json\/wp\/v2\/product\/5422","targetHints":{"allow":["GET"]}}],"collection":[{"href":"https:\/\/nanda.si\/sl\/wp-json\/wp\/v2\/product"}],"about":[{"href":"https:\/\/nanda.si\/sl\/wp-json\/wp\/v2\/types\/product"}],"replies":[{"embeddable":true,"href":"https:\/\/nanda.si\/sl\/wp-json\/wp\/v2\/comments?post=5422"}],"wp:featuredmedia":[{"embeddable":true,"href":"https:\/\/nanda.si\/sl\/wp-json\/wp\/v2\/media\/5423"}],"wp:attachment":[{"href":"https:\/\/nanda.si\/sl\/wp-json\/wp\/v2\/media?parent=5422"}],"wp:term":[{"taxonomy":"product_brand","embeddable":true,"href":"https:\/\/nanda.si\/sl\/wp-json\/wp\/v2\/product_brand?post=5422"},{"taxonomy":"product_cat","embeddable":true,"href":"https:\/\/nanda.si\/sl\/wp-json\/wp\/v2\/product_cat?post=5422"},{"taxonomy":"product_tag","embeddable":true,"href":"https:\/\/nanda.si\/sl\/wp-json\/wp\/v2\/product_tag?post=5422"}],"curies":[{"name":"wp","href":"https:\/\/api.w.org\/{rel}","templated":true}]}}