{"id":5410,"date":"2023-12-04T19:10:37","date_gmt":"2023-12-04T19:10:37","guid":{"rendered":"https:\/\/nanda.si\/?post_type=product&#038;p=5410"},"modified":"2023-12-04T19:10:38","modified_gmt":"2023-12-04T19:10:38","slug":"elegantna-crna-majica-s-prosojnim-rokavom-misti","status":"publish","type":"product","link":"https:\/\/nanda.si\/sl\/izdelek\/elegantna-crna-majica-s-prosojnim-rokavom-misti\/","title":{"rendered":"Elegantna \u010drna majica s prosojnim rokavom Misti"},"content":{"rendered":"<p>Elegantna \u010drna majica s prosojnim rokavom nudi ugodje vsem \u010dutom. Kombinacija razli\u010dnih struktur \u010drnih materialov in polprosojna tan\u010dica na rokavu dajeta pridih sve\u010danosti. Reglan rezan \u0161irok rokav je domiselno zaklju\u010den z ozkim elastiziranim patentom, prehod iz \u0161irokega v ozek del rokava krasi insert drobnega \u010drno-srebrnega trakca. Inovativen ovratnik je spredaj in zadaj zaguban v sr\u010dasto obliko V in daje glamurozen pridih, ter poudarja senzualnost. Nenavaden kroj pritegne drzne \u017eenske, ki se ne bojijo biti opa\u017eene. Kvalitetna sinteti\u010dna elastizirana tkanina zagotavlja prijeten ob\u010dutek na ko\u017ei in nudi udobje \u010dez cel dan. Pere se lahko v stroju do 40 stopinj Celzija, z blago centrifugo ali brez. Ro\u010dno pranje zagotavlja dalj\u0161o obstojnost. Priporo\u010deno je likanje po notranji strani, tudi do 40 stopinj Celzija.<\/p>\n","protected":false},"excerpt":{"rendered":"<h5>Elegantna \u010drna majica s prosojnim rokavom Misti je avantgardnega kroja minimalisti\u010dnih linij, tan\u010dica na rokavu in sr\u010dast ovratnik na V pa dajeta pridih \u017eenstvenosti. Unikatna obla\u010dila NANDA za vsak dan izdelajo videz in pri\u010darajo razpolo\u017eenje. To so obleke izvirnega dizajna narejene iz kvalitetnih materialov, ki nudijo udobje in estetski u\u017eitek . Zgodbe iz tekstila.<\/h5>\n","protected":false},"featured_media":5413,"comment_status":"open","ping_status":"closed","template":"","meta":[],"product_brand":[],"product_cat":[120,119],"product_tag":[],"class_list":{"0":"post-5410","1":"product","2":"type-product","3":"status-publish","4":"has-post-thumbnail","6":"product_cat-originalna-oblacila","7":"product_cat-unikatna-oblacila-in-dodatki","9":"first","10":"instock","11":"shipping-taxable","12":"purchasable","13":"product-type-variable"},"yoast_head":"<!-- This site is optimized with the Yoast SEO plugin v27.2 - https:\/\/yoast.com\/product\/yoast-seo-wordpress\/ -->\n<title>Elegantna \u010drna majica s prosojnim rokavom Misti | Ines Drole Nanda<\/title>\n<meta name=\"description\" content=\"Elegantna \u010drna majica s prosojnim rokavom Misti je kroja minimalisti\u010dnih linij, tan\u010dica na rokavu in sr\u010dast ovratnik na V pa dajeta pridih \u017eenstvenosti.\" \/>\n<meta name=\"robots\" content=\"index, follow, max-snippet:-1, max-image-preview:large, max-video-preview:-1\" \/>\n<link rel=\"canonical\" href=\"https:\/\/nanda.si\/sl\/izdelek\/elegantna-crna-majica-s-prosojnim-rokavom-misti\/\" \/>\n<meta property=\"og:locale\" content=\"sl_SI\" \/>\n<meta property=\"og:type\" content=\"article\" \/>\n<meta property=\"og:title\" content=\"Elegantna \u010drna majica s prosojnim rokavom Misti | Ines Drole Nanda\" \/>\n<meta property=\"og:description\" content=\"Elegantna \u010drna majica s prosojnim rokavom Misti je kroja minimalisti\u010dnih linij, tan\u010dica na rokavu in sr\u010dast ovratnik na V pa dajeta pridih \u017eenstvenosti.\" \/>\n<meta property=\"og:url\" content=\"https:\/\/nanda.si\/sl\/izdelek\/elegantna-crna-majica-s-prosojnim-rokavom-misti\/\" \/>\n<meta property=\"og:site_name\" content=\"Ines Drole Nanda\" \/>\n<meta property=\"article:modified_time\" content=\"2023-12-04T19:10:38+00:00\" \/>\n<meta property=\"og:image\" content=\"https:\/\/nanda.si\/wp-content\/uploads\/2023\/12\/elegantna-crna-majica-s-prosojnim-rokavom-Mistik-prednjik-r-.jpg\" \/>\n\t<meta property=\"og:image:width\" content=\"341\" \/>\n\t<meta property=\"og:image:height\" content=\"447\" \/>\n\t<meta property=\"og:image:type\" content=\"image\/jpeg\" \/>\n<meta name=\"twitter:card\" content=\"summary_large_image\" \/>\n<meta name=\"twitter:label1\" content=\"Est. reading time\" \/>\n\t<meta name=\"twitter:data1\" content=\"1 minuta\" \/>\n<script type=\"application\/ld+json\" class=\"yoast-schema-graph\">{\"@context\":\"https:\/\/schema.org\",\"@graph\":[{\"@type\":\"WebPage\",\"@id\":\"https:\/\/nanda.si\/sl\/izdelek\/elegantna-crna-majica-s-prosojnim-rokavom-misti\/\",\"url\":\"https:\/\/nanda.si\/sl\/izdelek\/elegantna-crna-majica-s-prosojnim-rokavom-misti\/\",\"name\":\"Elegantna \u010drna majica s prosojnim rokavom Misti | Ines Drole Nanda\",\"isPartOf\":{\"@id\":\"https:\/\/nanda.si\/sl\/#website\"},\"primaryImageOfPage\":{\"@id\":\"https:\/\/nanda.si\/sl\/izdelek\/elegantna-crna-majica-s-prosojnim-rokavom-misti\/#primaryimage\"},\"image\":{\"@id\":\"https:\/\/nanda.si\/sl\/izdelek\/elegantna-crna-majica-s-prosojnim-rokavom-misti\/#primaryimage\"},\"thumbnailUrl\":\"https:\/\/nanda.si\/wp-content\/uploads\/2023\/12\/elegantna-crna-majica-s-prosojnim-rokavom-Mistik-prednjik-r-.jpg\",\"datePublished\":\"2023-12-04T19:10:37+00:00\",\"dateModified\":\"2023-12-04T19:10:38+00:00\",\"description\":\"Elegantna \u010drna majica s prosojnim rokavom Misti je kroja minimalisti\u010dnih linij, tan\u010dica na rokavu in sr\u010dast ovratnik na V pa dajeta pridih \u017eenstvenosti.\",\"breadcrumb\":{\"@id\":\"https:\/\/nanda.si\/sl\/izdelek\/elegantna-crna-majica-s-prosojnim-rokavom-misti\/#breadcrumb\"},\"inLanguage\":\"sl-SI\",\"potentialAction\":[{\"@type\":\"ReadAction\",\"target\":[\"https:\/\/nanda.si\/sl\/izdelek\/elegantna-crna-majica-s-prosojnim-rokavom-misti\/\"]}]},{\"@type\":\"ImageObject\",\"inLanguage\":\"sl-SI\",\"@id\":\"https:\/\/nanda.si\/sl\/izdelek\/elegantna-crna-majica-s-prosojnim-rokavom-misti\/#primaryimage\",\"url\":\"https:\/\/nanda.si\/wp-content\/uploads\/2023\/12\/elegantna-crna-majica-s-prosojnim-rokavom-Mistik-prednjik-r-.jpg\",\"contentUrl\":\"https:\/\/nanda.si\/wp-content\/uploads\/2023\/12\/elegantna-crna-majica-s-prosojnim-rokavom-Mistik-prednjik-r-.jpg\",\"width\":341,\"height\":447},{\"@type\":\"BreadcrumbList\",\"@id\":\"https:\/\/nanda.si\/sl\/izdelek\/elegantna-crna-majica-s-prosojnim-rokavom-misti\/#breadcrumb\",\"itemListElement\":[{\"@type\":\"ListItem\",\"position\":1,\"name\":\"Home\",\"item\":\"https:\/\/nanda.si\/sl\/\"},{\"@type\":\"ListItem\",\"position\":2,\"name\":\"Trgovina\",\"item\":\"https:\/\/nanda.si\/sl\/trgovina\/\"},{\"@type\":\"ListItem\",\"position\":3,\"name\":\"Elegantna \u010drna majica s prosojnim rokavom Misti\"}]},{\"@type\":\"WebSite\",\"@id\":\"https:\/\/nanda.si\/sl\/#website\",\"url\":\"https:\/\/nanda.si\/sl\/\",\"name\":\"Ines Drole Nanda\",\"description\":\"Umetelne tekstilne kreacije za edinstven interier in unikatna obla\u010dila.\",\"publisher\":{\"@id\":\"https:\/\/nanda.si\/sl\/#organization\"},\"potentialAction\":[{\"@type\":\"SearchAction\",\"target\":{\"@type\":\"EntryPoint\",\"urlTemplate\":\"https:\/\/nanda.si\/sl\/?s={search_term_string}\"},\"query-input\":{\"@type\":\"PropertyValueSpecification\",\"valueRequired\":true,\"valueName\":\"search_term_string\"}}],\"inLanguage\":\"sl-SI\"},{\"@type\":\"Organization\",\"@id\":\"https:\/\/nanda.si\/sl\/#organization\",\"name\":\"Ines Drole NANDA\",\"url\":\"https:\/\/nanda.si\/sl\/\",\"logo\":{\"@type\":\"ImageObject\",\"inLanguage\":\"sl-SI\",\"@id\":\"https:\/\/nanda.si\/sl\/#\/schema\/logo\/image\/\",\"url\":\"https:\/\/nanda.si\/wp-content\/uploads\/2022\/07\/logoNANDA-oval_Res.jpg\",\"contentUrl\":\"https:\/\/nanda.si\/wp-content\/uploads\/2022\/07\/logoNANDA-oval_Res.jpg\",\"width\":600,\"height\":600,\"caption\":\"Ines Drole NANDA\"},\"image\":{\"@id\":\"https:\/\/nanda.si\/sl\/#\/schema\/logo\/image\/\"}}]}<\/script>\n<!-- \/ Yoast SEO plugin. -->","yoast_head_json":{"title":"Elegantna \u010drna majica s prosojnim rokavom Misti | Ines Drole Nanda","description":"Elegantna \u010drna majica s prosojnim rokavom Misti je kroja minimalisti\u010dnih linij, tan\u010dica na rokavu in sr\u010dast ovratnik na V pa dajeta pridih \u017eenstvenosti.","robots":{"index":"index","follow":"follow","max-snippet":"max-snippet:-1","max-image-preview":"max-image-preview:large","max-video-preview":"max-video-preview:-1"},"canonical":"https:\/\/nanda.si\/sl\/izdelek\/elegantna-crna-majica-s-prosojnim-rokavom-misti\/","og_locale":"sl_SI","og_type":"article","og_title":"Elegantna \u010drna majica s prosojnim rokavom Misti | Ines Drole Nanda","og_description":"Elegantna \u010drna majica s prosojnim rokavom Misti je kroja minimalisti\u010dnih linij, tan\u010dica na rokavu in sr\u010dast ovratnik na V pa dajeta pridih \u017eenstvenosti.","og_url":"https:\/\/nanda.si\/sl\/izdelek\/elegantna-crna-majica-s-prosojnim-rokavom-misti\/","og_site_name":"Ines Drole Nanda","article_modified_time":"2023-12-04T19:10:38+00:00","og_image":[{"width":341,"height":447,"url":"https:\/\/nanda.si\/wp-content\/uploads\/2023\/12\/elegantna-crna-majica-s-prosojnim-rokavom-Mistik-prednjik-r-.jpg","type":"image\/jpeg"}],"twitter_card":"summary_large_image","twitter_misc":{"Est. reading time":"1 minuta"},"schema":{"@context":"https:\/\/schema.org","@graph":[{"@type":"WebPage","@id":"https:\/\/nanda.si\/sl\/izdelek\/elegantna-crna-majica-s-prosojnim-rokavom-misti\/","url":"https:\/\/nanda.si\/sl\/izdelek\/elegantna-crna-majica-s-prosojnim-rokavom-misti\/","name":"Elegantna \u010drna majica s prosojnim rokavom Misti | Ines Drole Nanda","isPartOf":{"@id":"https:\/\/nanda.si\/sl\/#website"},"primaryImageOfPage":{"@id":"https:\/\/nanda.si\/sl\/izdelek\/elegantna-crna-majica-s-prosojnim-rokavom-misti\/#primaryimage"},"image":{"@id":"https:\/\/nanda.si\/sl\/izdelek\/elegantna-crna-majica-s-prosojnim-rokavom-misti\/#primaryimage"},"thumbnailUrl":"https:\/\/nanda.si\/wp-content\/uploads\/2023\/12\/elegantna-crna-majica-s-prosojnim-rokavom-Mistik-prednjik-r-.jpg","datePublished":"2023-12-04T19:10:37+00:00","dateModified":"2023-12-04T19:10:38+00:00","description":"Elegantna \u010drna majica s prosojnim rokavom Misti je kroja minimalisti\u010dnih linij, tan\u010dica na rokavu in sr\u010dast ovratnik na V pa dajeta pridih \u017eenstvenosti.","breadcrumb":{"@id":"https:\/\/nanda.si\/sl\/izdelek\/elegantna-crna-majica-s-prosojnim-rokavom-misti\/#breadcrumb"},"inLanguage":"sl-SI","potentialAction":[{"@type":"ReadAction","target":["https:\/\/nanda.si\/sl\/izdelek\/elegantna-crna-majica-s-prosojnim-rokavom-misti\/"]}]},{"@type":"ImageObject","inLanguage":"sl-SI","@id":"https:\/\/nanda.si\/sl\/izdelek\/elegantna-crna-majica-s-prosojnim-rokavom-misti\/#primaryimage","url":"https:\/\/nanda.si\/wp-content\/uploads\/2023\/12\/elegantna-crna-majica-s-prosojnim-rokavom-Mistik-prednjik-r-.jpg","contentUrl":"https:\/\/nanda.si\/wp-content\/uploads\/2023\/12\/elegantna-crna-majica-s-prosojnim-rokavom-Mistik-prednjik-r-.jpg","width":341,"height":447},{"@type":"BreadcrumbList","@id":"https:\/\/nanda.si\/sl\/izdelek\/elegantna-crna-majica-s-prosojnim-rokavom-misti\/#breadcrumb","itemListElement":[{"@type":"ListItem","position":1,"name":"Home","item":"https:\/\/nanda.si\/sl\/"},{"@type":"ListItem","position":2,"name":"Trgovina","item":"https:\/\/nanda.si\/sl\/trgovina\/"},{"@type":"ListItem","position":3,"name":"Elegantna \u010drna majica s prosojnim rokavom Misti"}]},{"@type":"WebSite","@id":"https:\/\/nanda.si\/sl\/#website","url":"https:\/\/nanda.si\/sl\/","name":"Ines Drole Nanda","description":"Umetelne tekstilne kreacije za edinstven interier in unikatna obla\u010dila.","publisher":{"@id":"https:\/\/nanda.si\/sl\/#organization"},"potentialAction":[{"@type":"SearchAction","target":{"@type":"EntryPoint","urlTemplate":"https:\/\/nanda.si\/sl\/?s={search_term_string}"},"query-input":{"@type":"PropertyValueSpecification","valueRequired":true,"valueName":"search_term_string"}}],"inLanguage":"sl-SI"},{"@type":"Organization","@id":"https:\/\/nanda.si\/sl\/#organization","name":"Ines Drole NANDA","url":"https:\/\/nanda.si\/sl\/","logo":{"@type":"ImageObject","inLanguage":"sl-SI","@id":"https:\/\/nanda.si\/sl\/#\/schema\/logo\/image\/","url":"https:\/\/nanda.si\/wp-content\/uploads\/2022\/07\/logoNANDA-oval_Res.jpg","contentUrl":"https:\/\/nanda.si\/wp-content\/uploads\/2022\/07\/logoNANDA-oval_Res.jpg","width":600,"height":600,"caption":"Ines Drole NANDA"},"image":{"@id":"https:\/\/nanda.si\/sl\/#\/schema\/logo\/image\/"}}]}},"_links":{"self":[{"href":"https:\/\/nanda.si\/sl\/wp-json\/wp\/v2\/product\/5410","targetHints":{"allow":["GET"]}}],"collection":[{"href":"https:\/\/nanda.si\/sl\/wp-json\/wp\/v2\/product"}],"about":[{"href":"https:\/\/nanda.si\/sl\/wp-json\/wp\/v2\/types\/product"}],"replies":[{"embeddable":true,"href":"https:\/\/nanda.si\/sl\/wp-json\/wp\/v2\/comments?post=5410"}],"wp:featuredmedia":[{"embeddable":true,"href":"https:\/\/nanda.si\/sl\/wp-json\/wp\/v2\/media\/5413"}],"wp:attachment":[{"href":"https:\/\/nanda.si\/sl\/wp-json\/wp\/v2\/media?parent=5410"}],"wp:term":[{"taxonomy":"product_brand","embeddable":true,"href":"https:\/\/nanda.si\/sl\/wp-json\/wp\/v2\/product_brand?post=5410"},{"taxonomy":"product_cat","embeddable":true,"href":"https:\/\/nanda.si\/sl\/wp-json\/wp\/v2\/product_cat?post=5410"},{"taxonomy":"product_tag","embeddable":true,"href":"https:\/\/nanda.si\/sl\/wp-json\/wp\/v2\/product_tag?post=5410"}],"curies":[{"name":"wp","href":"https:\/\/api.w.org\/{rel}","templated":true}]}}