{"id":5354,"date":"2023-11-26T19:04:05","date_gmt":"2023-11-26T19:04:05","guid":{"rendered":"https:\/\/nanda.si\/?post_type=product&#038;p=5354"},"modified":"2023-11-26T19:14:01","modified_gmt":"2023-11-26T19:14:01","slug":"modno-pokrivalo-iz-rjavega-umetnega-krzna-kucma-meda","status":"publish","type":"product","link":"https:\/\/nanda.si\/sl\/izdelek\/modno-pokrivalo-iz-rjavega-umetnega-krzna-kucma-meda\/","title":{"rendered":"Modno pokrivalo iz rjavega umetnega krzna-ku\u010dma Meda"},"content":{"rendered":"<p>Modno pokrivalo iz rjavega umetnega krzna-ku\u010dma Meda ima pridih divje narave in je imitacija medvedje dlake. Je brez\u010dasen modni dodatek. Narejeno je iz debelej\u0161ega kvalitetnega umetnega pli\u0161a v toplem rjavem odtenku s sivkastim leskom in je zelo prijetno na otip. Podlo\u017eeno je s tanko \u010drno pre\u0161ivanko in je namenjeno za zelo mrzle dneve. Pokrivalo vas zavaruje pred mrazom in razveseli \u017eenske, ki ljubijo zimo kot tudi modne navdu\u0161enke, saj elegantno dopolni vsak styling. Pere se ga lahko ro\u010dno, do 30 stopinj Celzija, likanje ni potrebno. Da bi obdr\u017eali prvoten izgled umetnega krzna se priporo\u010da kemi\u010dno \u010di\u0161\u010denje.<\/p>\n<p>Velikost 58 ( za obseg glave 56-58 cm). Izdelava ku\u010dme\u00a0iz umetnega krzna<a href=\"https:\/\/nanda.si\/kontakt\/\">\u00a0po meri je 20% dra\u017eje.<\/a><\/p>\n","protected":false},"excerpt":{"rendered":"<p>Modno pokrivalo iz umetnega krzna je brez\u010dasen dodatek in ga rade nosijo \u017eenske, ki ljubijo sneg in sprehajanje v mrzlih dnevih.<\/p>\n","protected":false},"featured_media":5357,"comment_status":"open","ping_status":"closed","template":"","meta":[],"product_brand":[],"product_cat":[161,119],"product_tag":[],"class_list":{"0":"post-5354","1":"product","2":"type-product","3":"status-publish","4":"has-post-thumbnail","6":"product_cat-modni-dodatki","7":"product_cat-unikatna-oblacila-in-dodatki","9":"first","10":"instock","11":"shipping-taxable","12":"purchasable","13":"product-type-simple"},"yoast_head":"<!-- This site is optimized with the Yoast SEO plugin v27.2 - https:\/\/yoast.com\/product\/yoast-seo-wordpress\/ -->\n<title>Modno pokrivalo iz rjavega umetnega krzna-ku\u010dma Meda | Ines Drole Nanda<\/title>\n<meta name=\"description\" content=\"Modno pokrivalo iz rjavega umetnega krzna-ku\u010dma Meda je imitacija medvedje dlake in je za \u017eenske, ki ljubijo sprehajanje v novozapadlem snegu.\" \/>\n<meta name=\"robots\" content=\"index, follow, max-snippet:-1, max-image-preview:large, max-video-preview:-1\" \/>\n<link rel=\"canonical\" href=\"https:\/\/nanda.si\/sl\/izdelek\/modno-pokrivalo-iz-rjavega-umetnega-krzna-kucma-meda\/\" \/>\n<meta property=\"og:locale\" content=\"sl_SI\" \/>\n<meta property=\"og:type\" content=\"article\" \/>\n<meta property=\"og:title\" content=\"Modno pokrivalo iz rjavega umetnega krzna-ku\u010dma Meda | Ines Drole Nanda\" \/>\n<meta property=\"og:description\" content=\"Modno pokrivalo iz rjavega umetnega krzna-ku\u010dma Meda je imitacija medvedje dlake in je za \u017eenske, ki ljubijo sprehajanje v novozapadlem snegu.\" \/>\n<meta property=\"og:url\" content=\"https:\/\/nanda.si\/sl\/izdelek\/modno-pokrivalo-iz-rjavega-umetnega-krzna-kucma-meda\/\" \/>\n<meta property=\"og:site_name\" content=\"Ines Drole Nanda\" \/>\n<meta property=\"article:modified_time\" content=\"2023-11-26T19:14:01+00:00\" \/>\n<meta property=\"og:image\" content=\"https:\/\/nanda.si\/wp-content\/uploads\/2023\/11\/rjava-kucma-in-naramnik-iz-umetnega-krzna-Meda-r-1.jpg\" \/>\n\t<meta property=\"og:image:width\" content=\"473\" \/>\n\t<meta property=\"og:image:height\" content=\"630\" \/>\n\t<meta property=\"og:image:type\" content=\"image\/jpeg\" \/>\n<meta name=\"twitter:card\" content=\"summary_large_image\" \/>\n<meta name=\"twitter:label1\" content=\"Est. reading time\" \/>\n\t<meta name=\"twitter:data1\" content=\"1 minuta\" \/>\n<script type=\"application\/ld+json\" class=\"yoast-schema-graph\">{\"@context\":\"https:\/\/schema.org\",\"@graph\":[{\"@type\":\"WebPage\",\"@id\":\"https:\/\/nanda.si\/sl\/izdelek\/modno-pokrivalo-iz-rjavega-umetnega-krzna-kucma-meda\/\",\"url\":\"https:\/\/nanda.si\/sl\/izdelek\/modno-pokrivalo-iz-rjavega-umetnega-krzna-kucma-meda\/\",\"name\":\"Modno pokrivalo iz rjavega umetnega krzna-ku\u010dma Meda | Ines Drole Nanda\",\"isPartOf\":{\"@id\":\"https:\/\/nanda.si\/sl\/#website\"},\"primaryImageOfPage\":{\"@id\":\"https:\/\/nanda.si\/sl\/izdelek\/modno-pokrivalo-iz-rjavega-umetnega-krzna-kucma-meda\/#primaryimage\"},\"image\":{\"@id\":\"https:\/\/nanda.si\/sl\/izdelek\/modno-pokrivalo-iz-rjavega-umetnega-krzna-kucma-meda\/#primaryimage\"},\"thumbnailUrl\":\"https:\/\/nanda.si\/wp-content\/uploads\/2023\/11\/rjava-kucma-in-naramnik-iz-umetnega-krzna-Meda-r-1.jpg\",\"datePublished\":\"2023-11-26T19:04:05+00:00\",\"dateModified\":\"2023-11-26T19:14:01+00:00\",\"description\":\"Modno pokrivalo iz rjavega umetnega krzna-ku\u010dma Meda je imitacija medvedje dlake in je za \u017eenske, ki ljubijo sprehajanje v novozapadlem snegu.\",\"breadcrumb\":{\"@id\":\"https:\/\/nanda.si\/sl\/izdelek\/modno-pokrivalo-iz-rjavega-umetnega-krzna-kucma-meda\/#breadcrumb\"},\"inLanguage\":\"sl-SI\",\"potentialAction\":[{\"@type\":\"ReadAction\",\"target\":[\"https:\/\/nanda.si\/sl\/izdelek\/modno-pokrivalo-iz-rjavega-umetnega-krzna-kucma-meda\/\"]}]},{\"@type\":\"ImageObject\",\"inLanguage\":\"sl-SI\",\"@id\":\"https:\/\/nanda.si\/sl\/izdelek\/modno-pokrivalo-iz-rjavega-umetnega-krzna-kucma-meda\/#primaryimage\",\"url\":\"https:\/\/nanda.si\/wp-content\/uploads\/2023\/11\/rjava-kucma-in-naramnik-iz-umetnega-krzna-Meda-r-1.jpg\",\"contentUrl\":\"https:\/\/nanda.si\/wp-content\/uploads\/2023\/11\/rjava-kucma-in-naramnik-iz-umetnega-krzna-Meda-r-1.jpg\",\"width\":473,\"height\":630},{\"@type\":\"BreadcrumbList\",\"@id\":\"https:\/\/nanda.si\/sl\/izdelek\/modno-pokrivalo-iz-rjavega-umetnega-krzna-kucma-meda\/#breadcrumb\",\"itemListElement\":[{\"@type\":\"ListItem\",\"position\":1,\"name\":\"Home\",\"item\":\"https:\/\/nanda.si\/sl\/\"},{\"@type\":\"ListItem\",\"position\":2,\"name\":\"Trgovina\",\"item\":\"https:\/\/nanda.si\/sl\/trgovina\/\"},{\"@type\":\"ListItem\",\"position\":3,\"name\":\"Modno pokrivalo iz rjavega umetnega krzna-ku\u010dma Meda\"}]},{\"@type\":\"WebSite\",\"@id\":\"https:\/\/nanda.si\/sl\/#website\",\"url\":\"https:\/\/nanda.si\/sl\/\",\"name\":\"Ines Drole Nanda\",\"description\":\"Umetelne tekstilne kreacije za edinstven interier in unikatna obla\u010dila.\",\"publisher\":{\"@id\":\"https:\/\/nanda.si\/sl\/#organization\"},\"potentialAction\":[{\"@type\":\"SearchAction\",\"target\":{\"@type\":\"EntryPoint\",\"urlTemplate\":\"https:\/\/nanda.si\/sl\/?s={search_term_string}\"},\"query-input\":{\"@type\":\"PropertyValueSpecification\",\"valueRequired\":true,\"valueName\":\"search_term_string\"}}],\"inLanguage\":\"sl-SI\"},{\"@type\":\"Organization\",\"@id\":\"https:\/\/nanda.si\/sl\/#organization\",\"name\":\"Ines Drole NANDA\",\"url\":\"https:\/\/nanda.si\/sl\/\",\"logo\":{\"@type\":\"ImageObject\",\"inLanguage\":\"sl-SI\",\"@id\":\"https:\/\/nanda.si\/sl\/#\/schema\/logo\/image\/\",\"url\":\"https:\/\/nanda.si\/wp-content\/uploads\/2022\/07\/logoNANDA-oval_Res.jpg\",\"contentUrl\":\"https:\/\/nanda.si\/wp-content\/uploads\/2022\/07\/logoNANDA-oval_Res.jpg\",\"width\":600,\"height\":600,\"caption\":\"Ines Drole NANDA\"},\"image\":{\"@id\":\"https:\/\/nanda.si\/sl\/#\/schema\/logo\/image\/\"}}]}<\/script>\n<!-- \/ Yoast SEO plugin. -->","yoast_head_json":{"title":"Modno pokrivalo iz rjavega umetnega krzna-ku\u010dma Meda | Ines Drole Nanda","description":"Modno pokrivalo iz rjavega umetnega krzna-ku\u010dma Meda je imitacija medvedje dlake in je za \u017eenske, ki ljubijo sprehajanje v novozapadlem snegu.","robots":{"index":"index","follow":"follow","max-snippet":"max-snippet:-1","max-image-preview":"max-image-preview:large","max-video-preview":"max-video-preview:-1"},"canonical":"https:\/\/nanda.si\/sl\/izdelek\/modno-pokrivalo-iz-rjavega-umetnega-krzna-kucma-meda\/","og_locale":"sl_SI","og_type":"article","og_title":"Modno pokrivalo iz rjavega umetnega krzna-ku\u010dma Meda | Ines Drole Nanda","og_description":"Modno pokrivalo iz rjavega umetnega krzna-ku\u010dma Meda je imitacija medvedje dlake in je za \u017eenske, ki ljubijo sprehajanje v novozapadlem snegu.","og_url":"https:\/\/nanda.si\/sl\/izdelek\/modno-pokrivalo-iz-rjavega-umetnega-krzna-kucma-meda\/","og_site_name":"Ines Drole Nanda","article_modified_time":"2023-11-26T19:14:01+00:00","og_image":[{"width":473,"height":630,"url":"https:\/\/nanda.si\/wp-content\/uploads\/2023\/11\/rjava-kucma-in-naramnik-iz-umetnega-krzna-Meda-r-1.jpg","type":"image\/jpeg"}],"twitter_card":"summary_large_image","twitter_misc":{"Est. reading time":"1 minuta"},"schema":{"@context":"https:\/\/schema.org","@graph":[{"@type":"WebPage","@id":"https:\/\/nanda.si\/sl\/izdelek\/modno-pokrivalo-iz-rjavega-umetnega-krzna-kucma-meda\/","url":"https:\/\/nanda.si\/sl\/izdelek\/modno-pokrivalo-iz-rjavega-umetnega-krzna-kucma-meda\/","name":"Modno pokrivalo iz rjavega umetnega krzna-ku\u010dma Meda | Ines Drole Nanda","isPartOf":{"@id":"https:\/\/nanda.si\/sl\/#website"},"primaryImageOfPage":{"@id":"https:\/\/nanda.si\/sl\/izdelek\/modno-pokrivalo-iz-rjavega-umetnega-krzna-kucma-meda\/#primaryimage"},"image":{"@id":"https:\/\/nanda.si\/sl\/izdelek\/modno-pokrivalo-iz-rjavega-umetnega-krzna-kucma-meda\/#primaryimage"},"thumbnailUrl":"https:\/\/nanda.si\/wp-content\/uploads\/2023\/11\/rjava-kucma-in-naramnik-iz-umetnega-krzna-Meda-r-1.jpg","datePublished":"2023-11-26T19:04:05+00:00","dateModified":"2023-11-26T19:14:01+00:00","description":"Modno pokrivalo iz rjavega umetnega krzna-ku\u010dma Meda je imitacija medvedje dlake in je za \u017eenske, ki ljubijo sprehajanje v novozapadlem snegu.","breadcrumb":{"@id":"https:\/\/nanda.si\/sl\/izdelek\/modno-pokrivalo-iz-rjavega-umetnega-krzna-kucma-meda\/#breadcrumb"},"inLanguage":"sl-SI","potentialAction":[{"@type":"ReadAction","target":["https:\/\/nanda.si\/sl\/izdelek\/modno-pokrivalo-iz-rjavega-umetnega-krzna-kucma-meda\/"]}]},{"@type":"ImageObject","inLanguage":"sl-SI","@id":"https:\/\/nanda.si\/sl\/izdelek\/modno-pokrivalo-iz-rjavega-umetnega-krzna-kucma-meda\/#primaryimage","url":"https:\/\/nanda.si\/wp-content\/uploads\/2023\/11\/rjava-kucma-in-naramnik-iz-umetnega-krzna-Meda-r-1.jpg","contentUrl":"https:\/\/nanda.si\/wp-content\/uploads\/2023\/11\/rjava-kucma-in-naramnik-iz-umetnega-krzna-Meda-r-1.jpg","width":473,"height":630},{"@type":"BreadcrumbList","@id":"https:\/\/nanda.si\/sl\/izdelek\/modno-pokrivalo-iz-rjavega-umetnega-krzna-kucma-meda\/#breadcrumb","itemListElement":[{"@type":"ListItem","position":1,"name":"Home","item":"https:\/\/nanda.si\/sl\/"},{"@type":"ListItem","position":2,"name":"Trgovina","item":"https:\/\/nanda.si\/sl\/trgovina\/"},{"@type":"ListItem","position":3,"name":"Modno pokrivalo iz rjavega umetnega krzna-ku\u010dma Meda"}]},{"@type":"WebSite","@id":"https:\/\/nanda.si\/sl\/#website","url":"https:\/\/nanda.si\/sl\/","name":"Ines Drole Nanda","description":"Umetelne tekstilne kreacije za edinstven interier in unikatna obla\u010dila.","publisher":{"@id":"https:\/\/nanda.si\/sl\/#organization"},"potentialAction":[{"@type":"SearchAction","target":{"@type":"EntryPoint","urlTemplate":"https:\/\/nanda.si\/sl\/?s={search_term_string}"},"query-input":{"@type":"PropertyValueSpecification","valueRequired":true,"valueName":"search_term_string"}}],"inLanguage":"sl-SI"},{"@type":"Organization","@id":"https:\/\/nanda.si\/sl\/#organization","name":"Ines Drole NANDA","url":"https:\/\/nanda.si\/sl\/","logo":{"@type":"ImageObject","inLanguage":"sl-SI","@id":"https:\/\/nanda.si\/sl\/#\/schema\/logo\/image\/","url":"https:\/\/nanda.si\/wp-content\/uploads\/2022\/07\/logoNANDA-oval_Res.jpg","contentUrl":"https:\/\/nanda.si\/wp-content\/uploads\/2022\/07\/logoNANDA-oval_Res.jpg","width":600,"height":600,"caption":"Ines Drole NANDA"},"image":{"@id":"https:\/\/nanda.si\/sl\/#\/schema\/logo\/image\/"}}]}},"_links":{"self":[{"href":"https:\/\/nanda.si\/sl\/wp-json\/wp\/v2\/product\/5354","targetHints":{"allow":["GET"]}}],"collection":[{"href":"https:\/\/nanda.si\/sl\/wp-json\/wp\/v2\/product"}],"about":[{"href":"https:\/\/nanda.si\/sl\/wp-json\/wp\/v2\/types\/product"}],"replies":[{"embeddable":true,"href":"https:\/\/nanda.si\/sl\/wp-json\/wp\/v2\/comments?post=5354"}],"wp:featuredmedia":[{"embeddable":true,"href":"https:\/\/nanda.si\/sl\/wp-json\/wp\/v2\/media\/5357"}],"wp:attachment":[{"href":"https:\/\/nanda.si\/sl\/wp-json\/wp\/v2\/media?parent=5354"}],"wp:term":[{"taxonomy":"product_brand","embeddable":true,"href":"https:\/\/nanda.si\/sl\/wp-json\/wp\/v2\/product_brand?post=5354"},{"taxonomy":"product_cat","embeddable":true,"href":"https:\/\/nanda.si\/sl\/wp-json\/wp\/v2\/product_cat?post=5354"},{"taxonomy":"product_tag","embeddable":true,"href":"https:\/\/nanda.si\/sl\/wp-json\/wp\/v2\/product_tag?post=5354"}],"curies":[{"name":"wp","href":"https:\/\/api.w.org\/{rel}","templated":true}]}}