{"id":5054,"date":"2023-09-16T13:35:12","date_gmt":"2023-09-16T13:35:12","guid":{"rendered":"https:\/\/nanda.si\/?post_type=product&#038;p=5054"},"modified":"2023-09-20T11:33:49","modified_gmt":"2023-09-20T11:33:49","slug":"smaragdno-zelena-oprijeta-obleka-s-crno-cipko-na-rokavu-ona","status":"publish","type":"product","link":"https:\/\/nanda.si\/sl\/izdelek\/smaragdno-zelena-oprijeta-obleka-s-crno-cipko-na-rokavu-ona\/","title":{"rendered":"Smaragdno zelena oprijeta obleka s \u010drno \u010dipko na rokavu Ona"},"content":{"rendered":"<p>Smaragdno zelena oprijeta obleka s \u010drno \u010dipko na rokavu Ona je narejena iz udobnega jerseya. Enostaven material je oplemeniten s \u010drno \u010dipko na zaklju\u010dku rokavov in z mehkim zavezovanjem v vozel, spredaj. Tudi ovratnik je zaklju\u010den z malce dvignjenim ovratnikom iz enake \u010drne \u010dipke. Zadnjik je teliran. Obleka je preprosta za vzdr\u017eevanje, lahko se jo pere\u00a0 tudi v stroju do 40 stopinj Celzija, v varovalni vre\u010dki, da se ne po\u0161koduje \u010dipka. Ro\u010dno pranje podalj\u0161a \u017eivljensko dobo vsakega obla\u010dila. Likanje po narobni strani.<\/p>\n<p>&nbsp;<\/p>\n<p>Mere M, L .<\/p>\n","protected":false},"excerpt":{"rendered":"<h5>Ta udobna oprijeta obleka re\u0161i stisko s \u010dasom in zagato kombiniranja harmoni\u010dnih kosov obla\u010dil, ter omogo\u010da hiter odhod v slu\u017ebo ali na sve\u010dano prireditev, odvisno od ostalih modnih dodatkov in obutve. NANDA obla\u010dila izdelajo videz in pri\u010darajo razpolo\u017eenje. To so obleke izvirnega dizajna narejene iz kvalitetnih materialov, ki nudijo udobje in estetski u\u017eitek. Zgodbe iz tekstila.<\/h5>\n<p>&nbsp;<\/p>\n","protected":false},"featured_media":5055,"comment_status":"open","ping_status":"closed","template":"","meta":[],"product_brand":[],"product_cat":[120],"product_tag":[],"class_list":{"0":"post-5054","1":"product","2":"type-product","3":"status-publish","4":"has-post-thumbnail","6":"product_cat-originalna-oblacila","8":"first","9":"instock","10":"shipping-taxable","11":"purchasable","12":"product-type-variable"},"yoast_head":"<!-- This site is optimized with the Yoast SEO plugin v27.2 - https:\/\/yoast.com\/product\/yoast-seo-wordpress\/ -->\n<title>Smaragdno zelena oprijeta obleka s \u010drno \u010dipko na rokavu Ona | Ines Drole Nanda<\/title>\n<meta name=\"description\" content=\"Smaragdno zelena oprijeta obleka s \u010drno \u010dipko Ona re\u0161i stisko s \u010dasom in zagato kombiniranja razli\u010dnih kosov obla\u010dil. Za slu\u017ebo ali na sve\u010dano prireditev.\" \/>\n<meta name=\"robots\" content=\"index, follow, max-snippet:-1, max-image-preview:large, max-video-preview:-1\" \/>\n<link rel=\"canonical\" href=\"https:\/\/nanda.si\/sl\/izdelek\/smaragdno-zelena-oprijeta-obleka-s-crno-cipko-na-rokavu-ona\/\" \/>\n<meta property=\"og:locale\" content=\"sl_SI\" \/>\n<meta property=\"og:type\" content=\"article\" \/>\n<meta property=\"og:title\" content=\"Smaragdno zelena oprijeta obleka s \u010drno \u010dipko na rokavu Ona | Ines Drole Nanda\" \/>\n<meta property=\"og:description\" content=\"Smaragdno zelena oprijeta obleka s \u010drno \u010dipko Ona re\u0161i stisko s \u010dasom in zagato kombiniranja razli\u010dnih kosov obla\u010dil. Za slu\u017ebo ali na sve\u010dano prireditev.\" \/>\n<meta property=\"og:url\" content=\"https:\/\/nanda.si\/sl\/izdelek\/smaragdno-zelena-oprijeta-obleka-s-crno-cipko-na-rokavu-ona\/\" \/>\n<meta property=\"og:site_name\" content=\"Ines Drole Nanda\" \/>\n<meta property=\"article:modified_time\" content=\"2023-09-20T11:33:49+00:00\" \/>\n<meta property=\"og:image\" content=\"https:\/\/nanda.si\/wp-content\/uploads\/2023\/09\/Smaragdno-zelena-oprijeta-obleka-iz-jerseya-Ona-close-up-r-.jpg\" \/>\n\t<meta property=\"og:image:width\" content=\"359\" \/>\n\t<meta property=\"og:image:height\" content=\"479\" \/>\n\t<meta property=\"og:image:type\" content=\"image\/jpeg\" \/>\n<meta name=\"twitter:card\" content=\"summary_large_image\" \/>\n<meta name=\"twitter:label1\" content=\"Est. reading time\" \/>\n\t<meta name=\"twitter:data1\" content=\"1 minuta\" \/>\n<script type=\"application\/ld+json\" class=\"yoast-schema-graph\">{\"@context\":\"https:\/\/schema.org\",\"@graph\":[{\"@type\":\"WebPage\",\"@id\":\"https:\/\/nanda.si\/sl\/izdelek\/smaragdno-zelena-oprijeta-obleka-s-crno-cipko-na-rokavu-ona\/\",\"url\":\"https:\/\/nanda.si\/sl\/izdelek\/smaragdno-zelena-oprijeta-obleka-s-crno-cipko-na-rokavu-ona\/\",\"name\":\"Smaragdno zelena oprijeta obleka s \u010drno \u010dipko na rokavu Ona | Ines Drole Nanda\",\"isPartOf\":{\"@id\":\"https:\/\/nanda.si\/sl\/#website\"},\"primaryImageOfPage\":{\"@id\":\"https:\/\/nanda.si\/sl\/izdelek\/smaragdno-zelena-oprijeta-obleka-s-crno-cipko-na-rokavu-ona\/#primaryimage\"},\"image\":{\"@id\":\"https:\/\/nanda.si\/sl\/izdelek\/smaragdno-zelena-oprijeta-obleka-s-crno-cipko-na-rokavu-ona\/#primaryimage\"},\"thumbnailUrl\":\"https:\/\/nanda.si\/wp-content\/uploads\/2023\/09\/Smaragdno-zelena-oprijeta-obleka-iz-jerseya-Ona-close-up-r-.jpg\",\"datePublished\":\"2023-09-16T13:35:12+00:00\",\"dateModified\":\"2023-09-20T11:33:49+00:00\",\"description\":\"Smaragdno zelena oprijeta obleka s \u010drno \u010dipko Ona re\u0161i stisko s \u010dasom in zagato kombiniranja razli\u010dnih kosov obla\u010dil. Za slu\u017ebo ali na sve\u010dano prireditev.\",\"breadcrumb\":{\"@id\":\"https:\/\/nanda.si\/sl\/izdelek\/smaragdno-zelena-oprijeta-obleka-s-crno-cipko-na-rokavu-ona\/#breadcrumb\"},\"inLanguage\":\"sl-SI\",\"potentialAction\":[{\"@type\":\"ReadAction\",\"target\":[\"https:\/\/nanda.si\/sl\/izdelek\/smaragdno-zelena-oprijeta-obleka-s-crno-cipko-na-rokavu-ona\/\"]}]},{\"@type\":\"ImageObject\",\"inLanguage\":\"sl-SI\",\"@id\":\"https:\/\/nanda.si\/sl\/izdelek\/smaragdno-zelena-oprijeta-obleka-s-crno-cipko-na-rokavu-ona\/#primaryimage\",\"url\":\"https:\/\/nanda.si\/wp-content\/uploads\/2023\/09\/Smaragdno-zelena-oprijeta-obleka-iz-jerseya-Ona-close-up-r-.jpg\",\"contentUrl\":\"https:\/\/nanda.si\/wp-content\/uploads\/2023\/09\/Smaragdno-zelena-oprijeta-obleka-iz-jerseya-Ona-close-up-r-.jpg\",\"width\":359,\"height\":479},{\"@type\":\"BreadcrumbList\",\"@id\":\"https:\/\/nanda.si\/sl\/izdelek\/smaragdno-zelena-oprijeta-obleka-s-crno-cipko-na-rokavu-ona\/#breadcrumb\",\"itemListElement\":[{\"@type\":\"ListItem\",\"position\":1,\"name\":\"Home\",\"item\":\"https:\/\/nanda.si\/sl\/\"},{\"@type\":\"ListItem\",\"position\":2,\"name\":\"Trgovina\",\"item\":\"https:\/\/nanda.si\/sl\/trgovina\/\"},{\"@type\":\"ListItem\",\"position\":3,\"name\":\"Smaragdno zelena oprijeta obleka s \u010drno \u010dipko na rokavu Ona\"}]},{\"@type\":\"WebSite\",\"@id\":\"https:\/\/nanda.si\/sl\/#website\",\"url\":\"https:\/\/nanda.si\/sl\/\",\"name\":\"Ines Drole Nanda\",\"description\":\"Umetelne tekstilne kreacije za edinstven interier in unikatna obla\u010dila.\",\"publisher\":{\"@id\":\"https:\/\/nanda.si\/sl\/#organization\"},\"potentialAction\":[{\"@type\":\"SearchAction\",\"target\":{\"@type\":\"EntryPoint\",\"urlTemplate\":\"https:\/\/nanda.si\/sl\/?s={search_term_string}\"},\"query-input\":{\"@type\":\"PropertyValueSpecification\",\"valueRequired\":true,\"valueName\":\"search_term_string\"}}],\"inLanguage\":\"sl-SI\"},{\"@type\":\"Organization\",\"@id\":\"https:\/\/nanda.si\/sl\/#organization\",\"name\":\"Ines Drole NANDA\",\"url\":\"https:\/\/nanda.si\/sl\/\",\"logo\":{\"@type\":\"ImageObject\",\"inLanguage\":\"sl-SI\",\"@id\":\"https:\/\/nanda.si\/sl\/#\/schema\/logo\/image\/\",\"url\":\"https:\/\/nanda.si\/wp-content\/uploads\/2022\/07\/logoNANDA-oval_Res.jpg\",\"contentUrl\":\"https:\/\/nanda.si\/wp-content\/uploads\/2022\/07\/logoNANDA-oval_Res.jpg\",\"width\":600,\"height\":600,\"caption\":\"Ines Drole NANDA\"},\"image\":{\"@id\":\"https:\/\/nanda.si\/sl\/#\/schema\/logo\/image\/\"}}]}<\/script>\n<!-- \/ Yoast SEO plugin. -->","yoast_head_json":{"title":"Smaragdno zelena oprijeta obleka s \u010drno \u010dipko na rokavu Ona | Ines Drole Nanda","description":"Smaragdno zelena oprijeta obleka s \u010drno \u010dipko Ona re\u0161i stisko s \u010dasom in zagato kombiniranja razli\u010dnih kosov obla\u010dil. Za slu\u017ebo ali na sve\u010dano prireditev.","robots":{"index":"index","follow":"follow","max-snippet":"max-snippet:-1","max-image-preview":"max-image-preview:large","max-video-preview":"max-video-preview:-1"},"canonical":"https:\/\/nanda.si\/sl\/izdelek\/smaragdno-zelena-oprijeta-obleka-s-crno-cipko-na-rokavu-ona\/","og_locale":"sl_SI","og_type":"article","og_title":"Smaragdno zelena oprijeta obleka s \u010drno \u010dipko na rokavu Ona | Ines Drole Nanda","og_description":"Smaragdno zelena oprijeta obleka s \u010drno \u010dipko Ona re\u0161i stisko s \u010dasom in zagato kombiniranja razli\u010dnih kosov obla\u010dil. Za slu\u017ebo ali na sve\u010dano prireditev.","og_url":"https:\/\/nanda.si\/sl\/izdelek\/smaragdno-zelena-oprijeta-obleka-s-crno-cipko-na-rokavu-ona\/","og_site_name":"Ines Drole Nanda","article_modified_time":"2023-09-20T11:33:49+00:00","og_image":[{"width":359,"height":479,"url":"https:\/\/nanda.si\/wp-content\/uploads\/2023\/09\/Smaragdno-zelena-oprijeta-obleka-iz-jerseya-Ona-close-up-r-.jpg","type":"image\/jpeg"}],"twitter_card":"summary_large_image","twitter_misc":{"Est. reading time":"1 minuta"},"schema":{"@context":"https:\/\/schema.org","@graph":[{"@type":"WebPage","@id":"https:\/\/nanda.si\/sl\/izdelek\/smaragdno-zelena-oprijeta-obleka-s-crno-cipko-na-rokavu-ona\/","url":"https:\/\/nanda.si\/sl\/izdelek\/smaragdno-zelena-oprijeta-obleka-s-crno-cipko-na-rokavu-ona\/","name":"Smaragdno zelena oprijeta obleka s \u010drno \u010dipko na rokavu Ona | Ines Drole Nanda","isPartOf":{"@id":"https:\/\/nanda.si\/sl\/#website"},"primaryImageOfPage":{"@id":"https:\/\/nanda.si\/sl\/izdelek\/smaragdno-zelena-oprijeta-obleka-s-crno-cipko-na-rokavu-ona\/#primaryimage"},"image":{"@id":"https:\/\/nanda.si\/sl\/izdelek\/smaragdno-zelena-oprijeta-obleka-s-crno-cipko-na-rokavu-ona\/#primaryimage"},"thumbnailUrl":"https:\/\/nanda.si\/wp-content\/uploads\/2023\/09\/Smaragdno-zelena-oprijeta-obleka-iz-jerseya-Ona-close-up-r-.jpg","datePublished":"2023-09-16T13:35:12+00:00","dateModified":"2023-09-20T11:33:49+00:00","description":"Smaragdno zelena oprijeta obleka s \u010drno \u010dipko Ona re\u0161i stisko s \u010dasom in zagato kombiniranja razli\u010dnih kosov obla\u010dil. Za slu\u017ebo ali na sve\u010dano prireditev.","breadcrumb":{"@id":"https:\/\/nanda.si\/sl\/izdelek\/smaragdno-zelena-oprijeta-obleka-s-crno-cipko-na-rokavu-ona\/#breadcrumb"},"inLanguage":"sl-SI","potentialAction":[{"@type":"ReadAction","target":["https:\/\/nanda.si\/sl\/izdelek\/smaragdno-zelena-oprijeta-obleka-s-crno-cipko-na-rokavu-ona\/"]}]},{"@type":"ImageObject","inLanguage":"sl-SI","@id":"https:\/\/nanda.si\/sl\/izdelek\/smaragdno-zelena-oprijeta-obleka-s-crno-cipko-na-rokavu-ona\/#primaryimage","url":"https:\/\/nanda.si\/wp-content\/uploads\/2023\/09\/Smaragdno-zelena-oprijeta-obleka-iz-jerseya-Ona-close-up-r-.jpg","contentUrl":"https:\/\/nanda.si\/wp-content\/uploads\/2023\/09\/Smaragdno-zelena-oprijeta-obleka-iz-jerseya-Ona-close-up-r-.jpg","width":359,"height":479},{"@type":"BreadcrumbList","@id":"https:\/\/nanda.si\/sl\/izdelek\/smaragdno-zelena-oprijeta-obleka-s-crno-cipko-na-rokavu-ona\/#breadcrumb","itemListElement":[{"@type":"ListItem","position":1,"name":"Home","item":"https:\/\/nanda.si\/sl\/"},{"@type":"ListItem","position":2,"name":"Trgovina","item":"https:\/\/nanda.si\/sl\/trgovina\/"},{"@type":"ListItem","position":3,"name":"Smaragdno zelena oprijeta obleka s \u010drno \u010dipko na rokavu Ona"}]},{"@type":"WebSite","@id":"https:\/\/nanda.si\/sl\/#website","url":"https:\/\/nanda.si\/sl\/","name":"Ines Drole Nanda","description":"Umetelne tekstilne kreacije za edinstven interier in unikatna obla\u010dila.","publisher":{"@id":"https:\/\/nanda.si\/sl\/#organization"},"potentialAction":[{"@type":"SearchAction","target":{"@type":"EntryPoint","urlTemplate":"https:\/\/nanda.si\/sl\/?s={search_term_string}"},"query-input":{"@type":"PropertyValueSpecification","valueRequired":true,"valueName":"search_term_string"}}],"inLanguage":"sl-SI"},{"@type":"Organization","@id":"https:\/\/nanda.si\/sl\/#organization","name":"Ines Drole NANDA","url":"https:\/\/nanda.si\/sl\/","logo":{"@type":"ImageObject","inLanguage":"sl-SI","@id":"https:\/\/nanda.si\/sl\/#\/schema\/logo\/image\/","url":"https:\/\/nanda.si\/wp-content\/uploads\/2022\/07\/logoNANDA-oval_Res.jpg","contentUrl":"https:\/\/nanda.si\/wp-content\/uploads\/2022\/07\/logoNANDA-oval_Res.jpg","width":600,"height":600,"caption":"Ines Drole NANDA"},"image":{"@id":"https:\/\/nanda.si\/sl\/#\/schema\/logo\/image\/"}}]}},"_links":{"self":[{"href":"https:\/\/nanda.si\/sl\/wp-json\/wp\/v2\/product\/5054","targetHints":{"allow":["GET"]}}],"collection":[{"href":"https:\/\/nanda.si\/sl\/wp-json\/wp\/v2\/product"}],"about":[{"href":"https:\/\/nanda.si\/sl\/wp-json\/wp\/v2\/types\/product"}],"replies":[{"embeddable":true,"href":"https:\/\/nanda.si\/sl\/wp-json\/wp\/v2\/comments?post=5054"}],"wp:featuredmedia":[{"embeddable":true,"href":"https:\/\/nanda.si\/sl\/wp-json\/wp\/v2\/media\/5055"}],"wp:attachment":[{"href":"https:\/\/nanda.si\/sl\/wp-json\/wp\/v2\/media?parent=5054"}],"wp:term":[{"taxonomy":"product_brand","embeddable":true,"href":"https:\/\/nanda.si\/sl\/wp-json\/wp\/v2\/product_brand?post=5054"},{"taxonomy":"product_cat","embeddable":true,"href":"https:\/\/nanda.si\/sl\/wp-json\/wp\/v2\/product_cat?post=5054"},{"taxonomy":"product_tag","embeddable":true,"href":"https:\/\/nanda.si\/sl\/wp-json\/wp\/v2\/product_tag?post=5054"}],"curies":[{"name":"wp","href":"https:\/\/api.w.org\/{rel}","templated":true}]}}