{"id":5021,"date":"2023-09-11T19:21:27","date_gmt":"2023-09-11T19:21:27","guid":{"rendered":"https:\/\/nanda.si\/?post_type=product&#038;p=5021"},"modified":"2023-12-16T11:32:35","modified_gmt":"2023-12-16T11:32:35","slug":"crno-vijola-majica-z-dolgim-avantgardnim-rokavom-vi-jola","status":"publish","type":"product","link":"https:\/\/nanda.si\/sl\/izdelek\/crno-vijola-majica-z-dolgim-avantgardnim-rokavom-vi-jola\/","title":{"rendered":"\u010crno-vijola majica z dolgim avantgardnim rokavom Vi Jola"},"content":{"rendered":"<p>\u010crno-vijola majica z dolgim avantgardnim rokavom Vi Jola ima ovratnik na ladjico, obrobljen s kompaktno \u010dipko. Je kombinacija kvalitetnega \u010drnega jerseya in toge vijola tkanine z izvezenimi belimi konturami cvetov. Majica je dol\u017eine do sredine bokov in se pri strani zapira z zadrgo, ki lahko ostane tudi odprta, kot razporek. Rokavi so abstrakcija o\u017ejega gej\u0161a rokava in <span style=\"font-size: 1.125rem;\">asimetri\u010dni;<\/span><span style=\"font-size: 1.125rem;\"> eden je zaklju\u010den s prosojno tan\u0107ico. Majica pritegne posebne, drzne \u017eenske, ki imajo rade nevsakdanje modele in jih ne moti, \u010de so opa\u017eene.<\/span><\/p>\n","protected":false},"excerpt":{"rendered":"<h5>\u00a0Ta edinstvena kreacija\u00a0 nudi ugodje vsem \u010dutom. Naravno vlakno zagotavlja prijeten ob\u010dutek na ko\u017ei in udobje \u010dez cel dan, umetelni ornament \u010dipke in tran\u010dica na rokavu daje pridih sve\u010danosti. Unikatna obla\u010dila NANDA za vsak dan izdelajo videz in pri\u010darajo razpolo\u017eenje. To so obleke izvirnega dizajna narejene iz kvalitetnih materialov, ki nudijo udobje in estetski u\u017eitek . Zgodbe iz tekstila.<\/h5>\n","protected":false},"featured_media":5022,"comment_status":"open","ping_status":"closed","template":"","meta":[],"product_brand":[],"product_cat":[120],"product_tag":[],"class_list":{"0":"post-5021","1":"product","2":"type-product","3":"status-publish","4":"has-post-thumbnail","6":"product_cat-originalna-oblacila","8":"first","9":"instock","10":"shipping-taxable","11":"purchasable","12":"product-type-variable"},"yoast_head":"<!-- This site is optimized with the Yoast SEO plugin v27.2 - https:\/\/yoast.com\/product\/yoast-seo-wordpress\/ -->\n<title>\u010crno-vijola majica z dolgim avantgardnim rokavom Vi Jola | Ines Drole Nanda<\/title>\n<meta name=\"description\" content=\"\u010crno-vijola majica z dolgim avantgardnim rokavom Vi Jola pritegne posebne, drzne \u017eenske, ki imajo rade nevsakdanje modele in jih ne moti, \u010de so opa\u017eene.\" \/>\n<meta name=\"robots\" content=\"index, follow, max-snippet:-1, max-image-preview:large, max-video-preview:-1\" \/>\n<link rel=\"canonical\" href=\"https:\/\/nanda.si\/sl\/izdelek\/crno-vijola-majica-z-dolgim-avantgardnim-rokavom-vi-jola\/\" \/>\n<meta property=\"og:locale\" content=\"sl_SI\" \/>\n<meta property=\"og:type\" content=\"article\" \/>\n<meta property=\"og:title\" content=\"\u010crno-vijola majica z dolgim avantgardnim rokavom Vi Jola | Ines Drole Nanda\" \/>\n<meta property=\"og:description\" content=\"\u010crno-vijola majica z dolgim avantgardnim rokavom Vi Jola pritegne posebne, drzne \u017eenske, ki imajo rade nevsakdanje modele in jih ne moti, \u010de so opa\u017eene.\" \/>\n<meta property=\"og:url\" content=\"https:\/\/nanda.si\/sl\/izdelek\/crno-vijola-majica-z-dolgim-avantgardnim-rokavom-vi-jola\/\" \/>\n<meta property=\"og:site_name\" content=\"Ines Drole Nanda\" \/>\n<meta property=\"article:modified_time\" content=\"2023-12-16T11:32:35+00:00\" \/>\n<meta property=\"og:image\" content=\"https:\/\/nanda.si\/wp-content\/uploads\/2023\/09\/crno-vijola-majica-z-avantgardnim-rokavom-Vi-Jola-r.jpg\" \/>\n\t<meta property=\"og:image:width\" content=\"344\" \/>\n\t<meta property=\"og:image:height\" content=\"470\" \/>\n\t<meta property=\"og:image:type\" content=\"image\/jpeg\" \/>\n<meta name=\"twitter:card\" content=\"summary_large_image\" \/>\n<meta name=\"twitter:label1\" content=\"Est. reading time\" \/>\n\t<meta name=\"twitter:data1\" content=\"1 minuta\" \/>\n<script type=\"application\/ld+json\" class=\"yoast-schema-graph\">{\"@context\":\"https:\/\/schema.org\",\"@graph\":[{\"@type\":\"WebPage\",\"@id\":\"https:\/\/nanda.si\/sl\/izdelek\/crno-vijola-majica-z-dolgim-avantgardnim-rokavom-vi-jola\/\",\"url\":\"https:\/\/nanda.si\/sl\/izdelek\/crno-vijola-majica-z-dolgim-avantgardnim-rokavom-vi-jola\/\",\"name\":\"\u010crno-vijola majica z dolgim avantgardnim rokavom Vi Jola | Ines Drole Nanda\",\"isPartOf\":{\"@id\":\"https:\/\/nanda.si\/sl\/#website\"},\"primaryImageOfPage\":{\"@id\":\"https:\/\/nanda.si\/sl\/izdelek\/crno-vijola-majica-z-dolgim-avantgardnim-rokavom-vi-jola\/#primaryimage\"},\"image\":{\"@id\":\"https:\/\/nanda.si\/sl\/izdelek\/crno-vijola-majica-z-dolgim-avantgardnim-rokavom-vi-jola\/#primaryimage\"},\"thumbnailUrl\":\"https:\/\/nanda.si\/wp-content\/uploads\/2023\/09\/crno-vijola-majica-z-avantgardnim-rokavom-Vi-Jola-r.jpg\",\"datePublished\":\"2023-09-11T19:21:27+00:00\",\"dateModified\":\"2023-12-16T11:32:35+00:00\",\"description\":\"\u010crno-vijola majica z dolgim avantgardnim rokavom Vi Jola pritegne posebne, drzne \u017eenske, ki imajo rade nevsakdanje modele in jih ne moti, \u010de so opa\u017eene.\",\"breadcrumb\":{\"@id\":\"https:\/\/nanda.si\/sl\/izdelek\/crno-vijola-majica-z-dolgim-avantgardnim-rokavom-vi-jola\/#breadcrumb\"},\"inLanguage\":\"sl-SI\",\"potentialAction\":[{\"@type\":\"ReadAction\",\"target\":[\"https:\/\/nanda.si\/sl\/izdelek\/crno-vijola-majica-z-dolgim-avantgardnim-rokavom-vi-jola\/\"]}]},{\"@type\":\"ImageObject\",\"inLanguage\":\"sl-SI\",\"@id\":\"https:\/\/nanda.si\/sl\/izdelek\/crno-vijola-majica-z-dolgim-avantgardnim-rokavom-vi-jola\/#primaryimage\",\"url\":\"https:\/\/nanda.si\/wp-content\/uploads\/2023\/09\/crno-vijola-majica-z-avantgardnim-rokavom-Vi-Jola-r.jpg\",\"contentUrl\":\"https:\/\/nanda.si\/wp-content\/uploads\/2023\/09\/crno-vijola-majica-z-avantgardnim-rokavom-Vi-Jola-r.jpg\",\"width\":344,\"height\":470},{\"@type\":\"BreadcrumbList\",\"@id\":\"https:\/\/nanda.si\/sl\/izdelek\/crno-vijola-majica-z-dolgim-avantgardnim-rokavom-vi-jola\/#breadcrumb\",\"itemListElement\":[{\"@type\":\"ListItem\",\"position\":1,\"name\":\"Home\",\"item\":\"https:\/\/nanda.si\/sl\/\"},{\"@type\":\"ListItem\",\"position\":2,\"name\":\"Trgovina\",\"item\":\"https:\/\/nanda.si\/sl\/trgovina\/\"},{\"@type\":\"ListItem\",\"position\":3,\"name\":\"\u010crno-vijola majica z dolgim avantgardnim rokavom Vi Jola\"}]},{\"@type\":\"WebSite\",\"@id\":\"https:\/\/nanda.si\/sl\/#website\",\"url\":\"https:\/\/nanda.si\/sl\/\",\"name\":\"Ines Drole Nanda\",\"description\":\"Umetelne tekstilne kreacije za edinstven interier in unikatna obla\u010dila.\",\"publisher\":{\"@id\":\"https:\/\/nanda.si\/sl\/#organization\"},\"potentialAction\":[{\"@type\":\"SearchAction\",\"target\":{\"@type\":\"EntryPoint\",\"urlTemplate\":\"https:\/\/nanda.si\/sl\/?s={search_term_string}\"},\"query-input\":{\"@type\":\"PropertyValueSpecification\",\"valueRequired\":true,\"valueName\":\"search_term_string\"}}],\"inLanguage\":\"sl-SI\"},{\"@type\":\"Organization\",\"@id\":\"https:\/\/nanda.si\/sl\/#organization\",\"name\":\"Ines Drole NANDA\",\"url\":\"https:\/\/nanda.si\/sl\/\",\"logo\":{\"@type\":\"ImageObject\",\"inLanguage\":\"sl-SI\",\"@id\":\"https:\/\/nanda.si\/sl\/#\/schema\/logo\/image\/\",\"url\":\"https:\/\/nanda.si\/wp-content\/uploads\/2022\/07\/logoNANDA-oval_Res.jpg\",\"contentUrl\":\"https:\/\/nanda.si\/wp-content\/uploads\/2022\/07\/logoNANDA-oval_Res.jpg\",\"width\":600,\"height\":600,\"caption\":\"Ines Drole NANDA\"},\"image\":{\"@id\":\"https:\/\/nanda.si\/sl\/#\/schema\/logo\/image\/\"}}]}<\/script>\n<!-- \/ Yoast SEO plugin. -->","yoast_head_json":{"title":"\u010crno-vijola majica z dolgim avantgardnim rokavom Vi Jola | Ines Drole Nanda","description":"\u010crno-vijola majica z dolgim avantgardnim rokavom Vi Jola pritegne posebne, drzne \u017eenske, ki imajo rade nevsakdanje modele in jih ne moti, \u010de so opa\u017eene.","robots":{"index":"index","follow":"follow","max-snippet":"max-snippet:-1","max-image-preview":"max-image-preview:large","max-video-preview":"max-video-preview:-1"},"canonical":"https:\/\/nanda.si\/sl\/izdelek\/crno-vijola-majica-z-dolgim-avantgardnim-rokavom-vi-jola\/","og_locale":"sl_SI","og_type":"article","og_title":"\u010crno-vijola majica z dolgim avantgardnim rokavom Vi Jola | Ines Drole Nanda","og_description":"\u010crno-vijola majica z dolgim avantgardnim rokavom Vi Jola pritegne posebne, drzne \u017eenske, ki imajo rade nevsakdanje modele in jih ne moti, \u010de so opa\u017eene.","og_url":"https:\/\/nanda.si\/sl\/izdelek\/crno-vijola-majica-z-dolgim-avantgardnim-rokavom-vi-jola\/","og_site_name":"Ines Drole Nanda","article_modified_time":"2023-12-16T11:32:35+00:00","og_image":[{"width":344,"height":470,"url":"https:\/\/nanda.si\/wp-content\/uploads\/2023\/09\/crno-vijola-majica-z-avantgardnim-rokavom-Vi-Jola-r.jpg","type":"image\/jpeg"}],"twitter_card":"summary_large_image","twitter_misc":{"Est. reading time":"1 minuta"},"schema":{"@context":"https:\/\/schema.org","@graph":[{"@type":"WebPage","@id":"https:\/\/nanda.si\/sl\/izdelek\/crno-vijola-majica-z-dolgim-avantgardnim-rokavom-vi-jola\/","url":"https:\/\/nanda.si\/sl\/izdelek\/crno-vijola-majica-z-dolgim-avantgardnim-rokavom-vi-jola\/","name":"\u010crno-vijola majica z dolgim avantgardnim rokavom Vi Jola | Ines Drole Nanda","isPartOf":{"@id":"https:\/\/nanda.si\/sl\/#website"},"primaryImageOfPage":{"@id":"https:\/\/nanda.si\/sl\/izdelek\/crno-vijola-majica-z-dolgim-avantgardnim-rokavom-vi-jola\/#primaryimage"},"image":{"@id":"https:\/\/nanda.si\/sl\/izdelek\/crno-vijola-majica-z-dolgim-avantgardnim-rokavom-vi-jola\/#primaryimage"},"thumbnailUrl":"https:\/\/nanda.si\/wp-content\/uploads\/2023\/09\/crno-vijola-majica-z-avantgardnim-rokavom-Vi-Jola-r.jpg","datePublished":"2023-09-11T19:21:27+00:00","dateModified":"2023-12-16T11:32:35+00:00","description":"\u010crno-vijola majica z dolgim avantgardnim rokavom Vi Jola pritegne posebne, drzne \u017eenske, ki imajo rade nevsakdanje modele in jih ne moti, \u010de so opa\u017eene.","breadcrumb":{"@id":"https:\/\/nanda.si\/sl\/izdelek\/crno-vijola-majica-z-dolgim-avantgardnim-rokavom-vi-jola\/#breadcrumb"},"inLanguage":"sl-SI","potentialAction":[{"@type":"ReadAction","target":["https:\/\/nanda.si\/sl\/izdelek\/crno-vijola-majica-z-dolgim-avantgardnim-rokavom-vi-jola\/"]}]},{"@type":"ImageObject","inLanguage":"sl-SI","@id":"https:\/\/nanda.si\/sl\/izdelek\/crno-vijola-majica-z-dolgim-avantgardnim-rokavom-vi-jola\/#primaryimage","url":"https:\/\/nanda.si\/wp-content\/uploads\/2023\/09\/crno-vijola-majica-z-avantgardnim-rokavom-Vi-Jola-r.jpg","contentUrl":"https:\/\/nanda.si\/wp-content\/uploads\/2023\/09\/crno-vijola-majica-z-avantgardnim-rokavom-Vi-Jola-r.jpg","width":344,"height":470},{"@type":"BreadcrumbList","@id":"https:\/\/nanda.si\/sl\/izdelek\/crno-vijola-majica-z-dolgim-avantgardnim-rokavom-vi-jola\/#breadcrumb","itemListElement":[{"@type":"ListItem","position":1,"name":"Home","item":"https:\/\/nanda.si\/sl\/"},{"@type":"ListItem","position":2,"name":"Trgovina","item":"https:\/\/nanda.si\/sl\/trgovina\/"},{"@type":"ListItem","position":3,"name":"\u010crno-vijola majica z dolgim avantgardnim rokavom Vi Jola"}]},{"@type":"WebSite","@id":"https:\/\/nanda.si\/sl\/#website","url":"https:\/\/nanda.si\/sl\/","name":"Ines Drole Nanda","description":"Umetelne tekstilne kreacije za edinstven interier in unikatna obla\u010dila.","publisher":{"@id":"https:\/\/nanda.si\/sl\/#organization"},"potentialAction":[{"@type":"SearchAction","target":{"@type":"EntryPoint","urlTemplate":"https:\/\/nanda.si\/sl\/?s={search_term_string}"},"query-input":{"@type":"PropertyValueSpecification","valueRequired":true,"valueName":"search_term_string"}}],"inLanguage":"sl-SI"},{"@type":"Organization","@id":"https:\/\/nanda.si\/sl\/#organization","name":"Ines Drole NANDA","url":"https:\/\/nanda.si\/sl\/","logo":{"@type":"ImageObject","inLanguage":"sl-SI","@id":"https:\/\/nanda.si\/sl\/#\/schema\/logo\/image\/","url":"https:\/\/nanda.si\/wp-content\/uploads\/2022\/07\/logoNANDA-oval_Res.jpg","contentUrl":"https:\/\/nanda.si\/wp-content\/uploads\/2022\/07\/logoNANDA-oval_Res.jpg","width":600,"height":600,"caption":"Ines Drole NANDA"},"image":{"@id":"https:\/\/nanda.si\/sl\/#\/schema\/logo\/image\/"}}]}},"_links":{"self":[{"href":"https:\/\/nanda.si\/sl\/wp-json\/wp\/v2\/product\/5021","targetHints":{"allow":["GET"]}}],"collection":[{"href":"https:\/\/nanda.si\/sl\/wp-json\/wp\/v2\/product"}],"about":[{"href":"https:\/\/nanda.si\/sl\/wp-json\/wp\/v2\/types\/product"}],"replies":[{"embeddable":true,"href":"https:\/\/nanda.si\/sl\/wp-json\/wp\/v2\/comments?post=5021"}],"wp:featuredmedia":[{"embeddable":true,"href":"https:\/\/nanda.si\/sl\/wp-json\/wp\/v2\/media\/5022"}],"wp:attachment":[{"href":"https:\/\/nanda.si\/sl\/wp-json\/wp\/v2\/media?parent=5021"}],"wp:term":[{"taxonomy":"product_brand","embeddable":true,"href":"https:\/\/nanda.si\/sl\/wp-json\/wp\/v2\/product_brand?post=5021"},{"taxonomy":"product_cat","embeddable":true,"href":"https:\/\/nanda.si\/sl\/wp-json\/wp\/v2\/product_cat?post=5021"},{"taxonomy":"product_tag","embeddable":true,"href":"https:\/\/nanda.si\/sl\/wp-json\/wp\/v2\/product_tag?post=5021"}],"curies":[{"name":"wp","href":"https:\/\/api.w.org\/{rel}","templated":true}]}}