{"id":4778,"date":"2023-07-15T06:43:14","date_gmt":"2023-07-15T06:43:14","guid":{"rendered":"https:\/\/nanda.si\/?post_type=product&#038;p=4778"},"modified":"2025-06-23T11:15:12","modified_gmt":"2025-06-23T11:15:12","slug":"kratka-crna-viskozna-tunika-z-volanom-metulj","status":"publish","type":"product","link":"https:\/\/nanda.si\/sl\/izdelek\/kratka-crna-viskozna-tunika-z-volanom-metulj\/","title":{"rendered":"Kratka \u010drna viskozna tunika z volanom Metulj"},"content":{"rendered":"<h5>Kratka \u010drna viskozna tunika z volanom je udobnega kroja in lepo pristaja tudi bolj polni postavi. Globok V dekolte s trakcema na kri\u017e poudari senzualno \u017eenstvenost in daje osvobajajo\u010d ob\u010dutek poletne lahkotnosti. Po \u017eelji lahko dekolte zmanj\u0161ate s svojo najljub\u0161o sponko. Zadaj je ravna, delno oprijeta, viskozen material je prijeten na otip in se prelivajo\u010de lesketa . Tunika je brez zadrge in ohlapen kroj omogo\u010da, da enostavno zdrsnemo v njo. Je eleganten, osve\u017eujo\u010d in edinstven obla\u010dilni kos za poletje in vro\u010de po\u010ditni\u0161ke dni, naraven viskozen material zagotavlja udobje za cel dan. Priporo\u010deno je pranje in likanje do 40 stopinj Celzija, likanje po narobni strani.<\/h5>\n<h5>Mere:\u00a0 \u00a0M , L,\u00a0 <a href=\"https:\/\/nanda.si\/tabela-velikosti-oblacil\/\">glej tabelo velikosti obla\u010dil.<\/a><\/h5>\n","protected":false},"excerpt":{"rendered":"<h5>Kratka ohlapna\u00a0 \u010drna viskozna obleka s prelivajo\u010dim se visokim leskom je hladna in in domiselnega kroja, ki pristoji tako suhicam kot tudi polnim postavam. Bogat okrasni volan\u00a0 na prednjiku zakrije morebitne nepravilnosti postave. Ta viskozna kratka obleka je univerzalen obla\u010dilni kos , ki re\u0161i zagato kombiniranja harmoni\u010dne garderobe, ter omogo\u010da hiter odhod v slu\u017ebo, na sve\u010dano prireditev, ali celo na pla\u017eo.<\/h5>\n","protected":false},"featured_media":4779,"comment_status":"open","ping_status":"closed","template":"","meta":[],"product_brand":[],"product_cat":[120],"product_tag":[],"class_list":{"0":"post-4778","1":"product","2":"type-product","3":"status-publish","4":"has-post-thumbnail","6":"product_cat-originalna-oblacila","8":"first","9":"instock","10":"shipping-taxable","11":"purchasable","12":"product-type-variable"},"yoast_head":"<!-- This site is optimized with the Yoast SEO plugin v27.2 - https:\/\/yoast.com\/product\/yoast-seo-wordpress\/ -->\n<title>Kratka \u010drna viskozna tunika z volanom Metulj | Ines Drole Nanda<\/title>\n<meta name=\"description\" content=\"Kratka \u010drna viskozna tunika z volanom Metulj univerzalen obla\u010dilni kos ,primeren za hiter odhod v slu\u017ebo ali na sve\u010dano prireditev.\" \/>\n<meta name=\"robots\" content=\"index, follow, max-snippet:-1, max-image-preview:large, max-video-preview:-1\" \/>\n<link rel=\"canonical\" href=\"https:\/\/nanda.si\/sl\/izdelek\/kratka-crna-viskozna-tunika-z-volanom-metulj\/\" \/>\n<meta property=\"og:locale\" content=\"sl_SI\" \/>\n<meta property=\"og:type\" content=\"article\" \/>\n<meta property=\"og:title\" content=\"Kratka \u010drna viskozna tunika z volanom Metulj | Ines Drole Nanda\" \/>\n<meta property=\"og:description\" content=\"Kratka \u010drna viskozna tunika z volanom Metulj univerzalen obla\u010dilni kos ,primeren za hiter odhod v slu\u017ebo ali na sve\u010dano prireditev.\" \/>\n<meta property=\"og:url\" content=\"https:\/\/nanda.si\/sl\/izdelek\/kratka-crna-viskozna-tunika-z-volanom-metulj\/\" \/>\n<meta property=\"og:site_name\" content=\"Ines Drole Nanda\" \/>\n<meta property=\"article:modified_time\" content=\"2025-06-23T11:15:12+00:00\" \/>\n<meta property=\"og:image\" content=\"https:\/\/nanda.si\/wp-content\/uploads\/2023\/07\/Kratka-crna-obleka-Metulj-stoje-detajl-r-.jpg\" \/>\n\t<meta property=\"og:image:width\" content=\"587\" \/>\n\t<meta property=\"og:image:height\" content=\"797\" \/>\n\t<meta property=\"og:image:type\" content=\"image\/jpeg\" \/>\n<meta name=\"twitter:card\" content=\"summary_large_image\" \/>\n<meta name=\"twitter:label1\" content=\"Est. reading time\" \/>\n\t<meta name=\"twitter:data1\" content=\"1 minuta\" \/>\n<script type=\"application\/ld+json\" class=\"yoast-schema-graph\">{\"@context\":\"https:\/\/schema.org\",\"@graph\":[{\"@type\":\"WebPage\",\"@id\":\"https:\/\/nanda.si\/sl\/izdelek\/kratka-crna-viskozna-tunika-z-volanom-metulj\/\",\"url\":\"https:\/\/nanda.si\/sl\/izdelek\/kratka-crna-viskozna-tunika-z-volanom-metulj\/\",\"name\":\"Kratka \u010drna viskozna tunika z volanom Metulj | Ines Drole Nanda\",\"isPartOf\":{\"@id\":\"https:\/\/nanda.si\/sl\/#website\"},\"primaryImageOfPage\":{\"@id\":\"https:\/\/nanda.si\/sl\/izdelek\/kratka-crna-viskozna-tunika-z-volanom-metulj\/#primaryimage\"},\"image\":{\"@id\":\"https:\/\/nanda.si\/sl\/izdelek\/kratka-crna-viskozna-tunika-z-volanom-metulj\/#primaryimage\"},\"thumbnailUrl\":\"https:\/\/nanda.si\/wp-content\/uploads\/2023\/07\/Kratka-crna-obleka-Metulj-stoje-detajl-r-.jpg\",\"datePublished\":\"2023-07-15T06:43:14+00:00\",\"dateModified\":\"2025-06-23T11:15:12+00:00\",\"description\":\"Kratka \u010drna viskozna tunika z volanom Metulj univerzalen obla\u010dilni kos ,primeren za hiter odhod v slu\u017ebo ali na sve\u010dano prireditev.\",\"breadcrumb\":{\"@id\":\"https:\/\/nanda.si\/sl\/izdelek\/kratka-crna-viskozna-tunika-z-volanom-metulj\/#breadcrumb\"},\"inLanguage\":\"sl-SI\",\"potentialAction\":[{\"@type\":\"ReadAction\",\"target\":[\"https:\/\/nanda.si\/sl\/izdelek\/kratka-crna-viskozna-tunika-z-volanom-metulj\/\"]}]},{\"@type\":\"ImageObject\",\"inLanguage\":\"sl-SI\",\"@id\":\"https:\/\/nanda.si\/sl\/izdelek\/kratka-crna-viskozna-tunika-z-volanom-metulj\/#primaryimage\",\"url\":\"https:\/\/nanda.si\/wp-content\/uploads\/2023\/07\/Kratka-crna-obleka-Metulj-stoje-detajl-r-.jpg\",\"contentUrl\":\"https:\/\/nanda.si\/wp-content\/uploads\/2023\/07\/Kratka-crna-obleka-Metulj-stoje-detajl-r-.jpg\",\"width\":587,\"height\":797},{\"@type\":\"BreadcrumbList\",\"@id\":\"https:\/\/nanda.si\/sl\/izdelek\/kratka-crna-viskozna-tunika-z-volanom-metulj\/#breadcrumb\",\"itemListElement\":[{\"@type\":\"ListItem\",\"position\":1,\"name\":\"Home\",\"item\":\"https:\/\/nanda.si\/sl\/\"},{\"@type\":\"ListItem\",\"position\":2,\"name\":\"Trgovina\",\"item\":\"https:\/\/nanda.si\/sl\/trgovina\/\"},{\"@type\":\"ListItem\",\"position\":3,\"name\":\"Kratka \u010drna viskozna tunika z volanom Metulj\"}]},{\"@type\":\"WebSite\",\"@id\":\"https:\/\/nanda.si\/sl\/#website\",\"url\":\"https:\/\/nanda.si\/sl\/\",\"name\":\"Ines Drole Nanda\",\"description\":\"Umetelne tekstilne kreacije za edinstven interier in unikatna obla\u010dila.\",\"publisher\":{\"@id\":\"https:\/\/nanda.si\/sl\/#organization\"},\"potentialAction\":[{\"@type\":\"SearchAction\",\"target\":{\"@type\":\"EntryPoint\",\"urlTemplate\":\"https:\/\/nanda.si\/sl\/?s={search_term_string}\"},\"query-input\":{\"@type\":\"PropertyValueSpecification\",\"valueRequired\":true,\"valueName\":\"search_term_string\"}}],\"inLanguage\":\"sl-SI\"},{\"@type\":\"Organization\",\"@id\":\"https:\/\/nanda.si\/sl\/#organization\",\"name\":\"Ines Drole NANDA\",\"url\":\"https:\/\/nanda.si\/sl\/\",\"logo\":{\"@type\":\"ImageObject\",\"inLanguage\":\"sl-SI\",\"@id\":\"https:\/\/nanda.si\/sl\/#\/schema\/logo\/image\/\",\"url\":\"https:\/\/nanda.si\/wp-content\/uploads\/2022\/07\/logoNANDA-oval_Res.jpg\",\"contentUrl\":\"https:\/\/nanda.si\/wp-content\/uploads\/2022\/07\/logoNANDA-oval_Res.jpg\",\"width\":600,\"height\":600,\"caption\":\"Ines Drole NANDA\"},\"image\":{\"@id\":\"https:\/\/nanda.si\/sl\/#\/schema\/logo\/image\/\"}}]}<\/script>\n<!-- \/ Yoast SEO plugin. -->","yoast_head_json":{"title":"Kratka \u010drna viskozna tunika z volanom Metulj | Ines Drole Nanda","description":"Kratka \u010drna viskozna tunika z volanom Metulj univerzalen obla\u010dilni kos ,primeren za hiter odhod v slu\u017ebo ali na sve\u010dano prireditev.","robots":{"index":"index","follow":"follow","max-snippet":"max-snippet:-1","max-image-preview":"max-image-preview:large","max-video-preview":"max-video-preview:-1"},"canonical":"https:\/\/nanda.si\/sl\/izdelek\/kratka-crna-viskozna-tunika-z-volanom-metulj\/","og_locale":"sl_SI","og_type":"article","og_title":"Kratka \u010drna viskozna tunika z volanom Metulj | Ines Drole Nanda","og_description":"Kratka \u010drna viskozna tunika z volanom Metulj univerzalen obla\u010dilni kos ,primeren za hiter odhod v slu\u017ebo ali na sve\u010dano prireditev.","og_url":"https:\/\/nanda.si\/sl\/izdelek\/kratka-crna-viskozna-tunika-z-volanom-metulj\/","og_site_name":"Ines Drole Nanda","article_modified_time":"2025-06-23T11:15:12+00:00","og_image":[{"width":587,"height":797,"url":"https:\/\/nanda.si\/wp-content\/uploads\/2023\/07\/Kratka-crna-obleka-Metulj-stoje-detajl-r-.jpg","type":"image\/jpeg"}],"twitter_card":"summary_large_image","twitter_misc":{"Est. reading time":"1 minuta"},"schema":{"@context":"https:\/\/schema.org","@graph":[{"@type":"WebPage","@id":"https:\/\/nanda.si\/sl\/izdelek\/kratka-crna-viskozna-tunika-z-volanom-metulj\/","url":"https:\/\/nanda.si\/sl\/izdelek\/kratka-crna-viskozna-tunika-z-volanom-metulj\/","name":"Kratka \u010drna viskozna tunika z volanom Metulj | Ines Drole Nanda","isPartOf":{"@id":"https:\/\/nanda.si\/sl\/#website"},"primaryImageOfPage":{"@id":"https:\/\/nanda.si\/sl\/izdelek\/kratka-crna-viskozna-tunika-z-volanom-metulj\/#primaryimage"},"image":{"@id":"https:\/\/nanda.si\/sl\/izdelek\/kratka-crna-viskozna-tunika-z-volanom-metulj\/#primaryimage"},"thumbnailUrl":"https:\/\/nanda.si\/wp-content\/uploads\/2023\/07\/Kratka-crna-obleka-Metulj-stoje-detajl-r-.jpg","datePublished":"2023-07-15T06:43:14+00:00","dateModified":"2025-06-23T11:15:12+00:00","description":"Kratka \u010drna viskozna tunika z volanom Metulj univerzalen obla\u010dilni kos ,primeren za hiter odhod v slu\u017ebo ali na sve\u010dano prireditev.","breadcrumb":{"@id":"https:\/\/nanda.si\/sl\/izdelek\/kratka-crna-viskozna-tunika-z-volanom-metulj\/#breadcrumb"},"inLanguage":"sl-SI","potentialAction":[{"@type":"ReadAction","target":["https:\/\/nanda.si\/sl\/izdelek\/kratka-crna-viskozna-tunika-z-volanom-metulj\/"]}]},{"@type":"ImageObject","inLanguage":"sl-SI","@id":"https:\/\/nanda.si\/sl\/izdelek\/kratka-crna-viskozna-tunika-z-volanom-metulj\/#primaryimage","url":"https:\/\/nanda.si\/wp-content\/uploads\/2023\/07\/Kratka-crna-obleka-Metulj-stoje-detajl-r-.jpg","contentUrl":"https:\/\/nanda.si\/wp-content\/uploads\/2023\/07\/Kratka-crna-obleka-Metulj-stoje-detajl-r-.jpg","width":587,"height":797},{"@type":"BreadcrumbList","@id":"https:\/\/nanda.si\/sl\/izdelek\/kratka-crna-viskozna-tunika-z-volanom-metulj\/#breadcrumb","itemListElement":[{"@type":"ListItem","position":1,"name":"Home","item":"https:\/\/nanda.si\/sl\/"},{"@type":"ListItem","position":2,"name":"Trgovina","item":"https:\/\/nanda.si\/sl\/trgovina\/"},{"@type":"ListItem","position":3,"name":"Kratka \u010drna viskozna tunika z volanom Metulj"}]},{"@type":"WebSite","@id":"https:\/\/nanda.si\/sl\/#website","url":"https:\/\/nanda.si\/sl\/","name":"Ines Drole Nanda","description":"Umetelne tekstilne kreacije za edinstven interier in unikatna obla\u010dila.","publisher":{"@id":"https:\/\/nanda.si\/sl\/#organization"},"potentialAction":[{"@type":"SearchAction","target":{"@type":"EntryPoint","urlTemplate":"https:\/\/nanda.si\/sl\/?s={search_term_string}"},"query-input":{"@type":"PropertyValueSpecification","valueRequired":true,"valueName":"search_term_string"}}],"inLanguage":"sl-SI"},{"@type":"Organization","@id":"https:\/\/nanda.si\/sl\/#organization","name":"Ines Drole NANDA","url":"https:\/\/nanda.si\/sl\/","logo":{"@type":"ImageObject","inLanguage":"sl-SI","@id":"https:\/\/nanda.si\/sl\/#\/schema\/logo\/image\/","url":"https:\/\/nanda.si\/wp-content\/uploads\/2022\/07\/logoNANDA-oval_Res.jpg","contentUrl":"https:\/\/nanda.si\/wp-content\/uploads\/2022\/07\/logoNANDA-oval_Res.jpg","width":600,"height":600,"caption":"Ines Drole NANDA"},"image":{"@id":"https:\/\/nanda.si\/sl\/#\/schema\/logo\/image\/"}}]}},"_links":{"self":[{"href":"https:\/\/nanda.si\/sl\/wp-json\/wp\/v2\/product\/4778","targetHints":{"allow":["GET"]}}],"collection":[{"href":"https:\/\/nanda.si\/sl\/wp-json\/wp\/v2\/product"}],"about":[{"href":"https:\/\/nanda.si\/sl\/wp-json\/wp\/v2\/types\/product"}],"replies":[{"embeddable":true,"href":"https:\/\/nanda.si\/sl\/wp-json\/wp\/v2\/comments?post=4778"}],"wp:featuredmedia":[{"embeddable":true,"href":"https:\/\/nanda.si\/sl\/wp-json\/wp\/v2\/media\/4779"}],"wp:attachment":[{"href":"https:\/\/nanda.si\/sl\/wp-json\/wp\/v2\/media?parent=4778"}],"wp:term":[{"taxonomy":"product_brand","embeddable":true,"href":"https:\/\/nanda.si\/sl\/wp-json\/wp\/v2\/product_brand?post=4778"},{"taxonomy":"product_cat","embeddable":true,"href":"https:\/\/nanda.si\/sl\/wp-json\/wp\/v2\/product_cat?post=4778"},{"taxonomy":"product_tag","embeddable":true,"href":"https:\/\/nanda.si\/sl\/wp-json\/wp\/v2\/product_tag?post=4778"}],"curies":[{"name":"wp","href":"https:\/\/api.w.org\/{rel}","templated":true}]}}