{"id":4715,"date":"2023-06-21T13:14:21","date_gmt":"2023-06-21T13:14:21","guid":{"rendered":"https:\/\/nanda.si\/?post_type=product&#038;p=4715"},"modified":"2025-06-23T11:23:17","modified_gmt":"2025-06-23T11:23:17","slug":"romanticna-bela-bombazna-majica-s-potiskom-marjetice","status":"publish","type":"product","link":"https:\/\/nanda.si\/sl\/izdelek\/romanticna-bela-bombazna-majica-s-potiskom-marjetice\/","title":{"rendered":"Romanti\u010dna bela bomba\u017ena majica s potiskom Marjetice"},"content":{"rendered":"<h5>Romanti\u010dna bela bomba\u017ena majica s potiskom Marjetice ima metuljast rokav in lep dekolte, je dol\u017eine malo \u010dez pas. Potisk belih marjetic na \u010drni podlagi pri\u010dara lahkotno razigranost in poudari \u017eenstvenost. Narejena je iz kvalitetnega udobnega bomba\u017enega jersey materiala. Kroj je preprost in ovratnik senzualno odkriva izrez spredaj, zaklju\u010den je s sku\u0161tranim \u010drnim trakom. Pere se lahko v stroju do 40 stopinj Celzija, lika po notranji strani.<\/h5>\n<h5>Na voljo mera\u00a0 S in M .<\/h5>\n","protected":false},"excerpt":{"rendered":"<p>Unikatna obla\u010dila NANDA za vsak dan izdelajo svojstven videz in pri\u010darajo razpolo\u017eenje. To so obleke izvirnega dizajna narejene iz kvalitetnih materialov, ki nudijo udobje in estetsko ugodje. Romanti\u010dna bela bomba\u017ena majica s potiskom Marjetice prina\u0161a poletje.<\/p>\n<p>Zgodbe iz tekstila.<\/p>\n<h5><\/h5>\n<p>&nbsp;<\/p>\n","protected":false},"featured_media":4850,"comment_status":"open","ping_status":"closed","template":"","meta":[],"product_brand":[],"product_cat":[20],"product_tag":[],"class_list":{"0":"post-4715","1":"product","2":"type-product","3":"status-publish","4":"has-post-thumbnail","6":"product_cat-uncategorized","8":"first","9":"instock","10":"shipping-taxable","11":"purchasable","12":"product-type-variable"},"yoast_head":"<!-- This site is optimized with the Yoast SEO plugin v27.2 - https:\/\/yoast.com\/product\/yoast-seo-wordpress\/ -->\n<title>Romanti\u010dna bela bomba\u017ena majica s potiskom Marjetice | Ines Drole Nanda<\/title>\n<meta name=\"description\" content=\"Romanti\u010dna bela bomba\u017ena majica s potiskom Marjetice pri\u010dara lahkotno razigranost in poudari \u017eenstvenost. Za \u017eenske, ki ljubijo ro\u017ee.\" \/>\n<meta name=\"robots\" content=\"index, follow, max-snippet:-1, max-image-preview:large, max-video-preview:-1\" \/>\n<link rel=\"canonical\" href=\"https:\/\/nanda.si\/sl\/izdelek\/romanticna-bela-bombazna-majica-s-potiskom-marjetice\/\" \/>\n<meta property=\"og:locale\" content=\"sl_SI\" \/>\n<meta property=\"og:type\" content=\"article\" \/>\n<meta property=\"og:title\" content=\"Romanti\u010dna bela bomba\u017ena majica s potiskom Marjetice | Ines Drole Nanda\" \/>\n<meta property=\"og:description\" content=\"Romanti\u010dna bela bomba\u017ena majica s potiskom Marjetice pri\u010dara lahkotno razigranost in poudari \u017eenstvenost. Za \u017eenske, ki ljubijo ro\u017ee.\" \/>\n<meta property=\"og:url\" content=\"https:\/\/nanda.si\/sl\/izdelek\/romanticna-bela-bombazna-majica-s-potiskom-marjetice\/\" \/>\n<meta property=\"og:site_name\" content=\"Ines Drole Nanda\" \/>\n<meta property=\"article:modified_time\" content=\"2025-06-23T11:23:17+00:00\" \/>\n<meta property=\"og:image\" content=\"https:\/\/nanda.si\/wp-content\/uploads\/2023\/06\/romanticna-bombazna-majica-Marjetice-spredaj-r-.jpg\" \/>\n\t<meta property=\"og:image:width\" content=\"425\" \/>\n\t<meta property=\"og:image:height\" content=\"567\" \/>\n\t<meta property=\"og:image:type\" content=\"image\/jpeg\" \/>\n<meta name=\"twitter:card\" content=\"summary_large_image\" \/>\n<meta name=\"twitter:label1\" content=\"Est. reading time\" \/>\n\t<meta name=\"twitter:data1\" content=\"1 minuta\" \/>\n<script type=\"application\/ld+json\" class=\"yoast-schema-graph\">{\"@context\":\"https:\/\/schema.org\",\"@graph\":[{\"@type\":\"WebPage\",\"@id\":\"https:\/\/nanda.si\/sl\/izdelek\/romanticna-bela-bombazna-majica-s-potiskom-marjetice\/\",\"url\":\"https:\/\/nanda.si\/sl\/izdelek\/romanticna-bela-bombazna-majica-s-potiskom-marjetice\/\",\"name\":\"Romanti\u010dna bela bomba\u017ena majica s potiskom Marjetice | Ines Drole Nanda\",\"isPartOf\":{\"@id\":\"https:\/\/nanda.si\/sl\/#website\"},\"primaryImageOfPage\":{\"@id\":\"https:\/\/nanda.si\/sl\/izdelek\/romanticna-bela-bombazna-majica-s-potiskom-marjetice\/#primaryimage\"},\"image\":{\"@id\":\"https:\/\/nanda.si\/sl\/izdelek\/romanticna-bela-bombazna-majica-s-potiskom-marjetice\/#primaryimage\"},\"thumbnailUrl\":\"https:\/\/nanda.si\/wp-content\/uploads\/2023\/06\/romanticna-bombazna-majica-Marjetice-spredaj-r-.jpg\",\"datePublished\":\"2023-06-21T13:14:21+00:00\",\"dateModified\":\"2025-06-23T11:23:17+00:00\",\"description\":\"Romanti\u010dna bela bomba\u017ena majica s potiskom Marjetice pri\u010dara lahkotno razigranost in poudari \u017eenstvenost. Za \u017eenske, ki ljubijo ro\u017ee.\",\"breadcrumb\":{\"@id\":\"https:\/\/nanda.si\/sl\/izdelek\/romanticna-bela-bombazna-majica-s-potiskom-marjetice\/#breadcrumb\"},\"inLanguage\":\"sl-SI\",\"potentialAction\":[{\"@type\":\"ReadAction\",\"target\":[\"https:\/\/nanda.si\/sl\/izdelek\/romanticna-bela-bombazna-majica-s-potiskom-marjetice\/\"]}]},{\"@type\":\"ImageObject\",\"inLanguage\":\"sl-SI\",\"@id\":\"https:\/\/nanda.si\/sl\/izdelek\/romanticna-bela-bombazna-majica-s-potiskom-marjetice\/#primaryimage\",\"url\":\"https:\/\/nanda.si\/wp-content\/uploads\/2023\/06\/romanticna-bombazna-majica-Marjetice-spredaj-r-.jpg\",\"contentUrl\":\"https:\/\/nanda.si\/wp-content\/uploads\/2023\/06\/romanticna-bombazna-majica-Marjetice-spredaj-r-.jpg\",\"width\":425,\"height\":567},{\"@type\":\"BreadcrumbList\",\"@id\":\"https:\/\/nanda.si\/sl\/izdelek\/romanticna-bela-bombazna-majica-s-potiskom-marjetice\/#breadcrumb\",\"itemListElement\":[{\"@type\":\"ListItem\",\"position\":1,\"name\":\"Home\",\"item\":\"https:\/\/nanda.si\/sl\/\"},{\"@type\":\"ListItem\",\"position\":2,\"name\":\"Trgovina\",\"item\":\"https:\/\/nanda.si\/sl\/trgovina\/\"},{\"@type\":\"ListItem\",\"position\":3,\"name\":\"Romanti\u010dna bela bomba\u017ena majica s potiskom Marjetice\"}]},{\"@type\":\"WebSite\",\"@id\":\"https:\/\/nanda.si\/sl\/#website\",\"url\":\"https:\/\/nanda.si\/sl\/\",\"name\":\"Ines Drole Nanda\",\"description\":\"Umetelne tekstilne kreacije za edinstven interier in unikatna obla\u010dila.\",\"publisher\":{\"@id\":\"https:\/\/nanda.si\/sl\/#organization\"},\"potentialAction\":[{\"@type\":\"SearchAction\",\"target\":{\"@type\":\"EntryPoint\",\"urlTemplate\":\"https:\/\/nanda.si\/sl\/?s={search_term_string}\"},\"query-input\":{\"@type\":\"PropertyValueSpecification\",\"valueRequired\":true,\"valueName\":\"search_term_string\"}}],\"inLanguage\":\"sl-SI\"},{\"@type\":\"Organization\",\"@id\":\"https:\/\/nanda.si\/sl\/#organization\",\"name\":\"Ines Drole NANDA\",\"url\":\"https:\/\/nanda.si\/sl\/\",\"logo\":{\"@type\":\"ImageObject\",\"inLanguage\":\"sl-SI\",\"@id\":\"https:\/\/nanda.si\/sl\/#\/schema\/logo\/image\/\",\"url\":\"https:\/\/nanda.si\/wp-content\/uploads\/2022\/07\/logoNANDA-oval_Res.jpg\",\"contentUrl\":\"https:\/\/nanda.si\/wp-content\/uploads\/2022\/07\/logoNANDA-oval_Res.jpg\",\"width\":600,\"height\":600,\"caption\":\"Ines Drole NANDA\"},\"image\":{\"@id\":\"https:\/\/nanda.si\/sl\/#\/schema\/logo\/image\/\"}}]}<\/script>\n<!-- \/ Yoast SEO plugin. -->","yoast_head_json":{"title":"Romanti\u010dna bela bomba\u017ena majica s potiskom Marjetice | Ines Drole Nanda","description":"Romanti\u010dna bela bomba\u017ena majica s potiskom Marjetice pri\u010dara lahkotno razigranost in poudari \u017eenstvenost. Za \u017eenske, ki ljubijo ro\u017ee.","robots":{"index":"index","follow":"follow","max-snippet":"max-snippet:-1","max-image-preview":"max-image-preview:large","max-video-preview":"max-video-preview:-1"},"canonical":"https:\/\/nanda.si\/sl\/izdelek\/romanticna-bela-bombazna-majica-s-potiskom-marjetice\/","og_locale":"sl_SI","og_type":"article","og_title":"Romanti\u010dna bela bomba\u017ena majica s potiskom Marjetice | Ines Drole Nanda","og_description":"Romanti\u010dna bela bomba\u017ena majica s potiskom Marjetice pri\u010dara lahkotno razigranost in poudari \u017eenstvenost. Za \u017eenske, ki ljubijo ro\u017ee.","og_url":"https:\/\/nanda.si\/sl\/izdelek\/romanticna-bela-bombazna-majica-s-potiskom-marjetice\/","og_site_name":"Ines Drole Nanda","article_modified_time":"2025-06-23T11:23:17+00:00","og_image":[{"width":425,"height":567,"url":"https:\/\/nanda.si\/wp-content\/uploads\/2023\/06\/romanticna-bombazna-majica-Marjetice-spredaj-r-.jpg","type":"image\/jpeg"}],"twitter_card":"summary_large_image","twitter_misc":{"Est. reading time":"1 minuta"},"schema":{"@context":"https:\/\/schema.org","@graph":[{"@type":"WebPage","@id":"https:\/\/nanda.si\/sl\/izdelek\/romanticna-bela-bombazna-majica-s-potiskom-marjetice\/","url":"https:\/\/nanda.si\/sl\/izdelek\/romanticna-bela-bombazna-majica-s-potiskom-marjetice\/","name":"Romanti\u010dna bela bomba\u017ena majica s potiskom Marjetice | Ines Drole Nanda","isPartOf":{"@id":"https:\/\/nanda.si\/sl\/#website"},"primaryImageOfPage":{"@id":"https:\/\/nanda.si\/sl\/izdelek\/romanticna-bela-bombazna-majica-s-potiskom-marjetice\/#primaryimage"},"image":{"@id":"https:\/\/nanda.si\/sl\/izdelek\/romanticna-bela-bombazna-majica-s-potiskom-marjetice\/#primaryimage"},"thumbnailUrl":"https:\/\/nanda.si\/wp-content\/uploads\/2023\/06\/romanticna-bombazna-majica-Marjetice-spredaj-r-.jpg","datePublished":"2023-06-21T13:14:21+00:00","dateModified":"2025-06-23T11:23:17+00:00","description":"Romanti\u010dna bela bomba\u017ena majica s potiskom Marjetice pri\u010dara lahkotno razigranost in poudari \u017eenstvenost. Za \u017eenske, ki ljubijo ro\u017ee.","breadcrumb":{"@id":"https:\/\/nanda.si\/sl\/izdelek\/romanticna-bela-bombazna-majica-s-potiskom-marjetice\/#breadcrumb"},"inLanguage":"sl-SI","potentialAction":[{"@type":"ReadAction","target":["https:\/\/nanda.si\/sl\/izdelek\/romanticna-bela-bombazna-majica-s-potiskom-marjetice\/"]}]},{"@type":"ImageObject","inLanguage":"sl-SI","@id":"https:\/\/nanda.si\/sl\/izdelek\/romanticna-bela-bombazna-majica-s-potiskom-marjetice\/#primaryimage","url":"https:\/\/nanda.si\/wp-content\/uploads\/2023\/06\/romanticna-bombazna-majica-Marjetice-spredaj-r-.jpg","contentUrl":"https:\/\/nanda.si\/wp-content\/uploads\/2023\/06\/romanticna-bombazna-majica-Marjetice-spredaj-r-.jpg","width":425,"height":567},{"@type":"BreadcrumbList","@id":"https:\/\/nanda.si\/sl\/izdelek\/romanticna-bela-bombazna-majica-s-potiskom-marjetice\/#breadcrumb","itemListElement":[{"@type":"ListItem","position":1,"name":"Home","item":"https:\/\/nanda.si\/sl\/"},{"@type":"ListItem","position":2,"name":"Trgovina","item":"https:\/\/nanda.si\/sl\/trgovina\/"},{"@type":"ListItem","position":3,"name":"Romanti\u010dna bela bomba\u017ena majica s potiskom Marjetice"}]},{"@type":"WebSite","@id":"https:\/\/nanda.si\/sl\/#website","url":"https:\/\/nanda.si\/sl\/","name":"Ines Drole Nanda","description":"Umetelne tekstilne kreacije za edinstven interier in unikatna obla\u010dila.","publisher":{"@id":"https:\/\/nanda.si\/sl\/#organization"},"potentialAction":[{"@type":"SearchAction","target":{"@type":"EntryPoint","urlTemplate":"https:\/\/nanda.si\/sl\/?s={search_term_string}"},"query-input":{"@type":"PropertyValueSpecification","valueRequired":true,"valueName":"search_term_string"}}],"inLanguage":"sl-SI"},{"@type":"Organization","@id":"https:\/\/nanda.si\/sl\/#organization","name":"Ines Drole NANDA","url":"https:\/\/nanda.si\/sl\/","logo":{"@type":"ImageObject","inLanguage":"sl-SI","@id":"https:\/\/nanda.si\/sl\/#\/schema\/logo\/image\/","url":"https:\/\/nanda.si\/wp-content\/uploads\/2022\/07\/logoNANDA-oval_Res.jpg","contentUrl":"https:\/\/nanda.si\/wp-content\/uploads\/2022\/07\/logoNANDA-oval_Res.jpg","width":600,"height":600,"caption":"Ines Drole NANDA"},"image":{"@id":"https:\/\/nanda.si\/sl\/#\/schema\/logo\/image\/"}}]}},"_links":{"self":[{"href":"https:\/\/nanda.si\/sl\/wp-json\/wp\/v2\/product\/4715","targetHints":{"allow":["GET"]}}],"collection":[{"href":"https:\/\/nanda.si\/sl\/wp-json\/wp\/v2\/product"}],"about":[{"href":"https:\/\/nanda.si\/sl\/wp-json\/wp\/v2\/types\/product"}],"replies":[{"embeddable":true,"href":"https:\/\/nanda.si\/sl\/wp-json\/wp\/v2\/comments?post=4715"}],"wp:featuredmedia":[{"embeddable":true,"href":"https:\/\/nanda.si\/sl\/wp-json\/wp\/v2\/media\/4850"}],"wp:attachment":[{"href":"https:\/\/nanda.si\/sl\/wp-json\/wp\/v2\/media?parent=4715"}],"wp:term":[{"taxonomy":"product_brand","embeddable":true,"href":"https:\/\/nanda.si\/sl\/wp-json\/wp\/v2\/product_brand?post=4715"},{"taxonomy":"product_cat","embeddable":true,"href":"https:\/\/nanda.si\/sl\/wp-json\/wp\/v2\/product_cat?post=4715"},{"taxonomy":"product_tag","embeddable":true,"href":"https:\/\/nanda.si\/sl\/wp-json\/wp\/v2\/product_tag?post=4715"}],"curies":[{"name":"wp","href":"https:\/\/api.w.org\/{rel}","templated":true}]}}