{"id":4197,"date":"2023-06-02T07:06:17","date_gmt":"2023-06-02T07:06:17","guid":{"rendered":"https:\/\/nanda.si\/?post_type=product&#038;p=4197"},"modified":"2023-09-21T19:58:06","modified_gmt":"2023-09-21T19:58:06","slug":"romanticna-bela-majica-s-fantazijo-metulji","status":"publish","type":"product","link":"https:\/\/nanda.si\/sl\/izdelek\/romanticna-bela-majica-s-fantazijo-metulji\/","title":{"rendered":"Romanti\u010dna bela majica s fantazijo Metulji"},"content":{"rendered":"<div class=\"woocommerce-product-details__short-description\">\n<h5>Romanti\u010dna majica s fantazijo antiko roza metuljev na beli podlagi pri\u010dara poletno razigranost in poudari \u017eenstvenost. Narejena je iz kvalitetnega udobnega bomba\u017enega jerseya. Kroj je \u010distih linij in ima metuljast rokav, ki delno pokrije ramena, ovratnik pa se zaklju\u010di z zavezovanjem v pentljo. Trak pentlje je svilen, enobarven, v odtenku roza barve, ki se ujema s potiskom metuljev. Pere se lahko v stroju do 40 stopinj Celzija, lika po notranji strani.<\/h5>\n<h5>Na voljo so mere XS, S, M .<\/h5>\n<\/div>\n<p class=\"price\">\n","protected":false},"excerpt":{"rendered":"<p>Unikatna obla\u010dila NANDA za vsak dan izdelajo videz in pri\u010darajo razpolo\u017eenje. To so obleke izvirnega dizajna narejene iz kvalitetnih materialov, ki nudijo udobje in estetsko ugodje.<\/p>\n<p>Zgodbe iz tekstila.<\/p>\n<h5><\/h5>\n<p>&nbsp;<\/p>\n","protected":false},"featured_media":4820,"comment_status":"open","ping_status":"closed","template":"","meta":[],"product_brand":[],"product_cat":[120,119],"product_tag":[],"class_list":{"0":"post-4197","1":"product","2":"type-product","3":"status-publish","4":"has-post-thumbnail","6":"product_cat-originalna-oblacila","7":"product_cat-unikatna-oblacila-in-dodatki","9":"first","10":"instock","11":"shipping-taxable","12":"purchasable","13":"product-type-variable"},"yoast_head":"<!-- This site is optimized with the Yoast SEO plugin v27.2 - https:\/\/yoast.com\/product\/yoast-seo-wordpress\/ -->\n<title>Romanti\u010dna bela majica s fantazijo Metulji | Ines Drole Nanda<\/title>\n<meta name=\"description\" content=\"Romanti\u010dna bela majica s fantazijo Metulji pri\u010dara poletno razigranost in poudari \u017eenstvenost. Narejena je iz kvalitetnega udobnega bomba\u017enega jerseya.\" \/>\n<meta name=\"robots\" content=\"index, follow, max-snippet:-1, max-image-preview:large, max-video-preview:-1\" \/>\n<link rel=\"canonical\" href=\"https:\/\/nanda.si\/sl\/izdelek\/romanticna-bela-majica-s-fantazijo-metulji\/\" \/>\n<meta property=\"og:locale\" content=\"sl_SI\" \/>\n<meta property=\"og:type\" content=\"article\" \/>\n<meta property=\"og:title\" content=\"Romanti\u010dna bela majica s fantazijo Metulji | Ines Drole Nanda\" \/>\n<meta property=\"og:description\" content=\"Romanti\u010dna bela majica s fantazijo Metulji pri\u010dara poletno razigranost in poudari \u017eenstvenost. Narejena je iz kvalitetnega udobnega bomba\u017enega jerseya.\" \/>\n<meta property=\"og:url\" content=\"https:\/\/nanda.si\/sl\/izdelek\/romanticna-bela-majica-s-fantazijo-metulji\/\" \/>\n<meta property=\"og:site_name\" content=\"Ines Drole Nanda\" \/>\n<meta property=\"article:modified_time\" content=\"2023-09-21T19:58:06+00:00\" \/>\n<meta property=\"og:image\" content=\"https:\/\/nanda.si\/wp-content\/uploads\/2023\/06\/romanticna-bela-majica-s-pentljo-Metulj-spredaj-stoje-r-1-1.jpg\" \/>\n\t<meta property=\"og:image:width\" content=\"473\" \/>\n\t<meta property=\"og:image:height\" content=\"630\" \/>\n\t<meta property=\"og:image:type\" content=\"image\/jpeg\" \/>\n<meta name=\"twitter:card\" content=\"summary_large_image\" \/>\n<meta name=\"twitter:label1\" content=\"Est. reading time\" \/>\n\t<meta name=\"twitter:data1\" content=\"1 minuta\" \/>\n<script type=\"application\/ld+json\" class=\"yoast-schema-graph\">{\"@context\":\"https:\/\/schema.org\",\"@graph\":[{\"@type\":\"WebPage\",\"@id\":\"https:\/\/nanda.si\/sl\/izdelek\/romanticna-bela-majica-s-fantazijo-metulji\/\",\"url\":\"https:\/\/nanda.si\/sl\/izdelek\/romanticna-bela-majica-s-fantazijo-metulji\/\",\"name\":\"Romanti\u010dna bela majica s fantazijo Metulji | Ines Drole Nanda\",\"isPartOf\":{\"@id\":\"https:\/\/nanda.si\/sl\/#website\"},\"primaryImageOfPage\":{\"@id\":\"https:\/\/nanda.si\/sl\/izdelek\/romanticna-bela-majica-s-fantazijo-metulji\/#primaryimage\"},\"image\":{\"@id\":\"https:\/\/nanda.si\/sl\/izdelek\/romanticna-bela-majica-s-fantazijo-metulji\/#primaryimage\"},\"thumbnailUrl\":\"https:\/\/nanda.si\/wp-content\/uploads\/2023\/06\/romanticna-bela-majica-s-pentljo-Metulj-spredaj-stoje-r-1-1.jpg\",\"datePublished\":\"2023-06-02T07:06:17+00:00\",\"dateModified\":\"2023-09-21T19:58:06+00:00\",\"description\":\"Romanti\u010dna bela majica s fantazijo Metulji pri\u010dara poletno razigranost in poudari \u017eenstvenost. Narejena je iz kvalitetnega udobnega bomba\u017enega jerseya.\",\"breadcrumb\":{\"@id\":\"https:\/\/nanda.si\/sl\/izdelek\/romanticna-bela-majica-s-fantazijo-metulji\/#breadcrumb\"},\"inLanguage\":\"sl-SI\",\"potentialAction\":[{\"@type\":\"ReadAction\",\"target\":[\"https:\/\/nanda.si\/sl\/izdelek\/romanticna-bela-majica-s-fantazijo-metulji\/\"]}]},{\"@type\":\"ImageObject\",\"inLanguage\":\"sl-SI\",\"@id\":\"https:\/\/nanda.si\/sl\/izdelek\/romanticna-bela-majica-s-fantazijo-metulji\/#primaryimage\",\"url\":\"https:\/\/nanda.si\/wp-content\/uploads\/2023\/06\/romanticna-bela-majica-s-pentljo-Metulj-spredaj-stoje-r-1-1.jpg\",\"contentUrl\":\"https:\/\/nanda.si\/wp-content\/uploads\/2023\/06\/romanticna-bela-majica-s-pentljo-Metulj-spredaj-stoje-r-1-1.jpg\",\"width\":473,\"height\":630},{\"@type\":\"BreadcrumbList\",\"@id\":\"https:\/\/nanda.si\/sl\/izdelek\/romanticna-bela-majica-s-fantazijo-metulji\/#breadcrumb\",\"itemListElement\":[{\"@type\":\"ListItem\",\"position\":1,\"name\":\"Home\",\"item\":\"https:\/\/nanda.si\/sl\/\"},{\"@type\":\"ListItem\",\"position\":2,\"name\":\"Trgovina\",\"item\":\"https:\/\/nanda.si\/sl\/trgovina\/\"},{\"@type\":\"ListItem\",\"position\":3,\"name\":\"Romanti\u010dna bela majica s fantazijo Metulji\"}]},{\"@type\":\"WebSite\",\"@id\":\"https:\/\/nanda.si\/sl\/#website\",\"url\":\"https:\/\/nanda.si\/sl\/\",\"name\":\"Ines Drole Nanda\",\"description\":\"Umetelne tekstilne kreacije za edinstven interier in unikatna obla\u010dila.\",\"publisher\":{\"@id\":\"https:\/\/nanda.si\/sl\/#organization\"},\"potentialAction\":[{\"@type\":\"SearchAction\",\"target\":{\"@type\":\"EntryPoint\",\"urlTemplate\":\"https:\/\/nanda.si\/sl\/?s={search_term_string}\"},\"query-input\":{\"@type\":\"PropertyValueSpecification\",\"valueRequired\":true,\"valueName\":\"search_term_string\"}}],\"inLanguage\":\"sl-SI\"},{\"@type\":\"Organization\",\"@id\":\"https:\/\/nanda.si\/sl\/#organization\",\"name\":\"Ines Drole NANDA\",\"url\":\"https:\/\/nanda.si\/sl\/\",\"logo\":{\"@type\":\"ImageObject\",\"inLanguage\":\"sl-SI\",\"@id\":\"https:\/\/nanda.si\/sl\/#\/schema\/logo\/image\/\",\"url\":\"https:\/\/nanda.si\/wp-content\/uploads\/2022\/07\/logoNANDA-oval_Res.jpg\",\"contentUrl\":\"https:\/\/nanda.si\/wp-content\/uploads\/2022\/07\/logoNANDA-oval_Res.jpg\",\"width\":600,\"height\":600,\"caption\":\"Ines Drole NANDA\"},\"image\":{\"@id\":\"https:\/\/nanda.si\/sl\/#\/schema\/logo\/image\/\"}}]}<\/script>\n<!-- \/ Yoast SEO plugin. -->","yoast_head_json":{"title":"Romanti\u010dna bela majica s fantazijo Metulji | Ines Drole Nanda","description":"Romanti\u010dna bela majica s fantazijo Metulji pri\u010dara poletno razigranost in poudari \u017eenstvenost. Narejena je iz kvalitetnega udobnega bomba\u017enega jerseya.","robots":{"index":"index","follow":"follow","max-snippet":"max-snippet:-1","max-image-preview":"max-image-preview:large","max-video-preview":"max-video-preview:-1"},"canonical":"https:\/\/nanda.si\/sl\/izdelek\/romanticna-bela-majica-s-fantazijo-metulji\/","og_locale":"sl_SI","og_type":"article","og_title":"Romanti\u010dna bela majica s fantazijo Metulji | Ines Drole Nanda","og_description":"Romanti\u010dna bela majica s fantazijo Metulji pri\u010dara poletno razigranost in poudari \u017eenstvenost. Narejena je iz kvalitetnega udobnega bomba\u017enega jerseya.","og_url":"https:\/\/nanda.si\/sl\/izdelek\/romanticna-bela-majica-s-fantazijo-metulji\/","og_site_name":"Ines Drole Nanda","article_modified_time":"2023-09-21T19:58:06+00:00","og_image":[{"width":473,"height":630,"url":"https:\/\/nanda.si\/wp-content\/uploads\/2023\/06\/romanticna-bela-majica-s-pentljo-Metulj-spredaj-stoje-r-1-1.jpg","type":"image\/jpeg"}],"twitter_card":"summary_large_image","twitter_misc":{"Est. reading time":"1 minuta"},"schema":{"@context":"https:\/\/schema.org","@graph":[{"@type":"WebPage","@id":"https:\/\/nanda.si\/sl\/izdelek\/romanticna-bela-majica-s-fantazijo-metulji\/","url":"https:\/\/nanda.si\/sl\/izdelek\/romanticna-bela-majica-s-fantazijo-metulji\/","name":"Romanti\u010dna bela majica s fantazijo Metulji | Ines Drole Nanda","isPartOf":{"@id":"https:\/\/nanda.si\/sl\/#website"},"primaryImageOfPage":{"@id":"https:\/\/nanda.si\/sl\/izdelek\/romanticna-bela-majica-s-fantazijo-metulji\/#primaryimage"},"image":{"@id":"https:\/\/nanda.si\/sl\/izdelek\/romanticna-bela-majica-s-fantazijo-metulji\/#primaryimage"},"thumbnailUrl":"https:\/\/nanda.si\/wp-content\/uploads\/2023\/06\/romanticna-bela-majica-s-pentljo-Metulj-spredaj-stoje-r-1-1.jpg","datePublished":"2023-06-02T07:06:17+00:00","dateModified":"2023-09-21T19:58:06+00:00","description":"Romanti\u010dna bela majica s fantazijo Metulji pri\u010dara poletno razigranost in poudari \u017eenstvenost. Narejena je iz kvalitetnega udobnega bomba\u017enega jerseya.","breadcrumb":{"@id":"https:\/\/nanda.si\/sl\/izdelek\/romanticna-bela-majica-s-fantazijo-metulji\/#breadcrumb"},"inLanguage":"sl-SI","potentialAction":[{"@type":"ReadAction","target":["https:\/\/nanda.si\/sl\/izdelek\/romanticna-bela-majica-s-fantazijo-metulji\/"]}]},{"@type":"ImageObject","inLanguage":"sl-SI","@id":"https:\/\/nanda.si\/sl\/izdelek\/romanticna-bela-majica-s-fantazijo-metulji\/#primaryimage","url":"https:\/\/nanda.si\/wp-content\/uploads\/2023\/06\/romanticna-bela-majica-s-pentljo-Metulj-spredaj-stoje-r-1-1.jpg","contentUrl":"https:\/\/nanda.si\/wp-content\/uploads\/2023\/06\/romanticna-bela-majica-s-pentljo-Metulj-spredaj-stoje-r-1-1.jpg","width":473,"height":630},{"@type":"BreadcrumbList","@id":"https:\/\/nanda.si\/sl\/izdelek\/romanticna-bela-majica-s-fantazijo-metulji\/#breadcrumb","itemListElement":[{"@type":"ListItem","position":1,"name":"Home","item":"https:\/\/nanda.si\/sl\/"},{"@type":"ListItem","position":2,"name":"Trgovina","item":"https:\/\/nanda.si\/sl\/trgovina\/"},{"@type":"ListItem","position":3,"name":"Romanti\u010dna bela majica s fantazijo Metulji"}]},{"@type":"WebSite","@id":"https:\/\/nanda.si\/sl\/#website","url":"https:\/\/nanda.si\/sl\/","name":"Ines Drole Nanda","description":"Umetelne tekstilne kreacije za edinstven interier in unikatna obla\u010dila.","publisher":{"@id":"https:\/\/nanda.si\/sl\/#organization"},"potentialAction":[{"@type":"SearchAction","target":{"@type":"EntryPoint","urlTemplate":"https:\/\/nanda.si\/sl\/?s={search_term_string}"},"query-input":{"@type":"PropertyValueSpecification","valueRequired":true,"valueName":"search_term_string"}}],"inLanguage":"sl-SI"},{"@type":"Organization","@id":"https:\/\/nanda.si\/sl\/#organization","name":"Ines Drole NANDA","url":"https:\/\/nanda.si\/sl\/","logo":{"@type":"ImageObject","inLanguage":"sl-SI","@id":"https:\/\/nanda.si\/sl\/#\/schema\/logo\/image\/","url":"https:\/\/nanda.si\/wp-content\/uploads\/2022\/07\/logoNANDA-oval_Res.jpg","contentUrl":"https:\/\/nanda.si\/wp-content\/uploads\/2022\/07\/logoNANDA-oval_Res.jpg","width":600,"height":600,"caption":"Ines Drole NANDA"},"image":{"@id":"https:\/\/nanda.si\/sl\/#\/schema\/logo\/image\/"}}]}},"_links":{"self":[{"href":"https:\/\/nanda.si\/sl\/wp-json\/wp\/v2\/product\/4197","targetHints":{"allow":["GET"]}}],"collection":[{"href":"https:\/\/nanda.si\/sl\/wp-json\/wp\/v2\/product"}],"about":[{"href":"https:\/\/nanda.si\/sl\/wp-json\/wp\/v2\/types\/product"}],"replies":[{"embeddable":true,"href":"https:\/\/nanda.si\/sl\/wp-json\/wp\/v2\/comments?post=4197"}],"wp:featuredmedia":[{"embeddable":true,"href":"https:\/\/nanda.si\/sl\/wp-json\/wp\/v2\/media\/4820"}],"wp:attachment":[{"href":"https:\/\/nanda.si\/sl\/wp-json\/wp\/v2\/media?parent=4197"}],"wp:term":[{"taxonomy":"product_brand","embeddable":true,"href":"https:\/\/nanda.si\/sl\/wp-json\/wp\/v2\/product_brand?post=4197"},{"taxonomy":"product_cat","embeddable":true,"href":"https:\/\/nanda.si\/sl\/wp-json\/wp\/v2\/product_cat?post=4197"},{"taxonomy":"product_tag","embeddable":true,"href":"https:\/\/nanda.si\/sl\/wp-json\/wp\/v2\/product_tag?post=4197"}],"curies":[{"name":"wp","href":"https:\/\/api.w.org\/{rel}","templated":true}]}}