{"id":4176,"date":"2023-05-19T16:31:07","date_gmt":"2023-05-19T16:31:07","guid":{"rendered":"https:\/\/nanda.si\/?post_type=product&#038;p=4176"},"modified":"2023-05-19T16:31:08","modified_gmt":"2023-05-19T16:31:08","slug":"unikatna-broska-iz-tekstila-glamur","status":"publish","type":"product","link":"https:\/\/nanda.si\/sl\/izdelek\/unikatna-broska-iz-tekstila-glamur\/","title":{"rendered":"Unikatna bro\u0161ka iz tekstila Glamur"},"content":{"rendered":"<p class=\"woocommerce-product-details__short-description\">Umetelen oblikovalski tekstilni nakit je inovativen unikaten modni dodatek, ki ne\u017eno dopolni styling in pri\u010dara razpolo\u017eenje. Harmonija razli\u010dnih materialov omogo\u010da pristno lepoto in opazen glamur, ki pritegne poglede.\u00a0 Cvet vrtnice je narejen iz svile s\u00a0 leskom\u00a0 staranega zlata. Abstraktni listki temno modre barve iz prosojne organze kontrastno dopolnijo barvno kompozicijo in so dodatno\u00a0 okra\u0161eni z drobnimi bijou perlicami, Dolga je cc 13 cm, \u0161iroka pa 7 cm. Unikatna modna bro\u0161ka iz tekstila je primerna tako za vsakodnevne prilo\u017enosti kot sve\u010dane dogodke. Sofisticiran filigranski dizajn o\u010dara s svojo navidezno krhkostjo in milino. Ta ljubek kos nakita bo osre\u010dil romanti\u010dno razpolo\u017eene in lepo dopolni tudi minimalisti\u010den stil.<\/p>\n<p class=\"price\">Darilna embala\u017ea.<\/p>\n","protected":false},"excerpt":{"rendered":"<p>Unikatna umetelna bro\u0161ka iz tekstila je ro\u010dno izdelan oblikovalski nakit za \u017eenske, ki so povezane z naravo. Ta unikatni modni dodatek poudarja \u017eenstvenost in pri\u010dara razpolo\u017eenje. Sozvo\u010dje razli\u010dnih materialov omogo\u010da edinstveno lepoto. Primerna je tako za vsakodnevne prilo\u017enosti kot sve\u010dane dogodke, saj harmoni\u010den dizajn pritegne poglede. Ta ljubka bro\u0161ka je popoln modni dodatek za romanti\u010den outfit, sve\u017ee dopolni tudi minimalisti\u010den stil obla\u010denja. Nosi se jo na razli\u010dne na\u010dine, lepo za\u017eivi na enobarvni podlagi, pripne se jo lahko tudi na torbo ali trak za lase.<\/p>\n<p>In dan bo cveto\u010d.<\/p>\n","protected":false},"featured_media":4177,"comment_status":"open","ping_status":"closed","template":"","meta":[],"product_brand":[],"product_cat":[161],"product_tag":[],"class_list":{"0":"post-4176","1":"product","2":"type-product","3":"status-publish","4":"has-post-thumbnail","6":"product_cat-modni-dodatki","8":"first","9":"instock","10":"shipping-taxable","11":"purchasable","12":"product-type-simple"},"yoast_head":"<!-- This site is optimized with the Yoast SEO plugin v27.2 - https:\/\/yoast.com\/product\/yoast-seo-wordpress\/ -->\n<title>Unikatna bro\u0161ka iz tekstila Glamur | Ines Drole Nanda<\/title>\n<meta name=\"description\" content=\"Unikatna bro\u0161ka iz tekstila Glamur je dodatek, ki poudarja \u017eenstvenost in pri\u010dara razpolo\u017eenje. Sozvo\u010dje razli\u010dnih materialov omogo\u010da edinstveno lepoto.\" \/>\n<meta name=\"robots\" content=\"index, follow, max-snippet:-1, max-image-preview:large, max-video-preview:-1\" \/>\n<link rel=\"canonical\" href=\"https:\/\/nanda.si\/sl\/izdelek\/unikatna-broska-iz-tekstila-glamur\/\" \/>\n<meta property=\"og:locale\" content=\"sl_SI\" \/>\n<meta property=\"og:type\" content=\"article\" \/>\n<meta property=\"og:title\" content=\"Unikatna bro\u0161ka iz tekstila Glamur | Ines Drole Nanda\" \/>\n<meta property=\"og:description\" content=\"Unikatna bro\u0161ka iz tekstila Glamur je dodatek, ki poudarja \u017eenstvenost in pri\u010dara razpolo\u017eenje. Sozvo\u010dje razli\u010dnih materialov omogo\u010da edinstveno lepoto.\" \/>\n<meta property=\"og:url\" content=\"https:\/\/nanda.si\/sl\/izdelek\/unikatna-broska-iz-tekstila-glamur\/\" \/>\n<meta property=\"og:site_name\" content=\"Ines Drole Nanda\" \/>\n<meta property=\"article:modified_time\" content=\"2023-05-19T16:31:08+00:00\" \/>\n<meta property=\"og:image\" content=\"https:\/\/nanda.si\/wp-content\/uploads\/2023\/05\/Unikatna-modna-broska-iz-tekstila-Glamur-1.jpg\" \/>\n\t<meta property=\"og:image:width\" content=\"591\" \/>\n\t<meta property=\"og:image:height\" content=\"591\" \/>\n\t<meta property=\"og:image:type\" content=\"image\/jpeg\" \/>\n<meta name=\"twitter:card\" content=\"summary_large_image\" \/>\n<meta name=\"twitter:label1\" content=\"Est. reading time\" \/>\n\t<meta name=\"twitter:data1\" content=\"1 minuta\" \/>\n<script type=\"application\/ld+json\" class=\"yoast-schema-graph\">{\"@context\":\"https:\/\/schema.org\",\"@graph\":[{\"@type\":\"WebPage\",\"@id\":\"https:\/\/nanda.si\/sl\/izdelek\/unikatna-broska-iz-tekstila-glamur\/\",\"url\":\"https:\/\/nanda.si\/sl\/izdelek\/unikatna-broska-iz-tekstila-glamur\/\",\"name\":\"Unikatna bro\u0161ka iz tekstila Glamur | Ines Drole Nanda\",\"isPartOf\":{\"@id\":\"https:\/\/nanda.si\/sl\/#website\"},\"primaryImageOfPage\":{\"@id\":\"https:\/\/nanda.si\/sl\/izdelek\/unikatna-broska-iz-tekstila-glamur\/#primaryimage\"},\"image\":{\"@id\":\"https:\/\/nanda.si\/sl\/izdelek\/unikatna-broska-iz-tekstila-glamur\/#primaryimage\"},\"thumbnailUrl\":\"https:\/\/nanda.si\/wp-content\/uploads\/2023\/05\/Unikatna-modna-broska-iz-tekstila-Glamur-1.jpg\",\"datePublished\":\"2023-05-19T16:31:07+00:00\",\"dateModified\":\"2023-05-19T16:31:08+00:00\",\"description\":\"Unikatna bro\u0161ka iz tekstila Glamur je dodatek, ki poudarja \u017eenstvenost in pri\u010dara razpolo\u017eenje. Sozvo\u010dje razli\u010dnih materialov omogo\u010da edinstveno lepoto.\",\"breadcrumb\":{\"@id\":\"https:\/\/nanda.si\/sl\/izdelek\/unikatna-broska-iz-tekstila-glamur\/#breadcrumb\"},\"inLanguage\":\"sl-SI\",\"potentialAction\":[{\"@type\":\"ReadAction\",\"target\":[\"https:\/\/nanda.si\/sl\/izdelek\/unikatna-broska-iz-tekstila-glamur\/\"]}]},{\"@type\":\"ImageObject\",\"inLanguage\":\"sl-SI\",\"@id\":\"https:\/\/nanda.si\/sl\/izdelek\/unikatna-broska-iz-tekstila-glamur\/#primaryimage\",\"url\":\"https:\/\/nanda.si\/wp-content\/uploads\/2023\/05\/Unikatna-modna-broska-iz-tekstila-Glamur-1.jpg\",\"contentUrl\":\"https:\/\/nanda.si\/wp-content\/uploads\/2023\/05\/Unikatna-modna-broska-iz-tekstila-Glamur-1.jpg\",\"width\":591,\"height\":591,\"caption\":\"unikatna modna bro\u0161ka motiv zlate vrtnice\"},{\"@type\":\"BreadcrumbList\",\"@id\":\"https:\/\/nanda.si\/sl\/izdelek\/unikatna-broska-iz-tekstila-glamur\/#breadcrumb\",\"itemListElement\":[{\"@type\":\"ListItem\",\"position\":1,\"name\":\"Home\",\"item\":\"https:\/\/nanda.si\/sl\/\"},{\"@type\":\"ListItem\",\"position\":2,\"name\":\"Trgovina\",\"item\":\"https:\/\/nanda.si\/sl\/trgovina\/\"},{\"@type\":\"ListItem\",\"position\":3,\"name\":\"Unikatna bro\u0161ka iz tekstila Glamur\"}]},{\"@type\":\"WebSite\",\"@id\":\"https:\/\/nanda.si\/sl\/#website\",\"url\":\"https:\/\/nanda.si\/sl\/\",\"name\":\"Ines Drole Nanda\",\"description\":\"Umetelne tekstilne kreacije za edinstven interier in unikatna obla\u010dila.\",\"publisher\":{\"@id\":\"https:\/\/nanda.si\/sl\/#organization\"},\"potentialAction\":[{\"@type\":\"SearchAction\",\"target\":{\"@type\":\"EntryPoint\",\"urlTemplate\":\"https:\/\/nanda.si\/sl\/?s={search_term_string}\"},\"query-input\":{\"@type\":\"PropertyValueSpecification\",\"valueRequired\":true,\"valueName\":\"search_term_string\"}}],\"inLanguage\":\"sl-SI\"},{\"@type\":\"Organization\",\"@id\":\"https:\/\/nanda.si\/sl\/#organization\",\"name\":\"Ines Drole NANDA\",\"url\":\"https:\/\/nanda.si\/sl\/\",\"logo\":{\"@type\":\"ImageObject\",\"inLanguage\":\"sl-SI\",\"@id\":\"https:\/\/nanda.si\/sl\/#\/schema\/logo\/image\/\",\"url\":\"https:\/\/nanda.si\/wp-content\/uploads\/2022\/07\/logoNANDA-oval_Res.jpg\",\"contentUrl\":\"https:\/\/nanda.si\/wp-content\/uploads\/2022\/07\/logoNANDA-oval_Res.jpg\",\"width\":600,\"height\":600,\"caption\":\"Ines Drole NANDA\"},\"image\":{\"@id\":\"https:\/\/nanda.si\/sl\/#\/schema\/logo\/image\/\"}}]}<\/script>\n<!-- \/ Yoast SEO plugin. -->","yoast_head_json":{"title":"Unikatna bro\u0161ka iz tekstila Glamur | Ines Drole Nanda","description":"Unikatna bro\u0161ka iz tekstila Glamur je dodatek, ki poudarja \u017eenstvenost in pri\u010dara razpolo\u017eenje. Sozvo\u010dje razli\u010dnih materialov omogo\u010da edinstveno lepoto.","robots":{"index":"index","follow":"follow","max-snippet":"max-snippet:-1","max-image-preview":"max-image-preview:large","max-video-preview":"max-video-preview:-1"},"canonical":"https:\/\/nanda.si\/sl\/izdelek\/unikatna-broska-iz-tekstila-glamur\/","og_locale":"sl_SI","og_type":"article","og_title":"Unikatna bro\u0161ka iz tekstila Glamur | Ines Drole Nanda","og_description":"Unikatna bro\u0161ka iz tekstila Glamur je dodatek, ki poudarja \u017eenstvenost in pri\u010dara razpolo\u017eenje. Sozvo\u010dje razli\u010dnih materialov omogo\u010da edinstveno lepoto.","og_url":"https:\/\/nanda.si\/sl\/izdelek\/unikatna-broska-iz-tekstila-glamur\/","og_site_name":"Ines Drole Nanda","article_modified_time":"2023-05-19T16:31:08+00:00","og_image":[{"width":591,"height":591,"url":"https:\/\/nanda.si\/wp-content\/uploads\/2023\/05\/Unikatna-modna-broska-iz-tekstila-Glamur-1.jpg","type":"image\/jpeg"}],"twitter_card":"summary_large_image","twitter_misc":{"Est. reading time":"1 minuta"},"schema":{"@context":"https:\/\/schema.org","@graph":[{"@type":"WebPage","@id":"https:\/\/nanda.si\/sl\/izdelek\/unikatna-broska-iz-tekstila-glamur\/","url":"https:\/\/nanda.si\/sl\/izdelek\/unikatna-broska-iz-tekstila-glamur\/","name":"Unikatna bro\u0161ka iz tekstila Glamur | Ines Drole Nanda","isPartOf":{"@id":"https:\/\/nanda.si\/sl\/#website"},"primaryImageOfPage":{"@id":"https:\/\/nanda.si\/sl\/izdelek\/unikatna-broska-iz-tekstila-glamur\/#primaryimage"},"image":{"@id":"https:\/\/nanda.si\/sl\/izdelek\/unikatna-broska-iz-tekstila-glamur\/#primaryimage"},"thumbnailUrl":"https:\/\/nanda.si\/wp-content\/uploads\/2023\/05\/Unikatna-modna-broska-iz-tekstila-Glamur-1.jpg","datePublished":"2023-05-19T16:31:07+00:00","dateModified":"2023-05-19T16:31:08+00:00","description":"Unikatna bro\u0161ka iz tekstila Glamur je dodatek, ki poudarja \u017eenstvenost in pri\u010dara razpolo\u017eenje. Sozvo\u010dje razli\u010dnih materialov omogo\u010da edinstveno lepoto.","breadcrumb":{"@id":"https:\/\/nanda.si\/sl\/izdelek\/unikatna-broska-iz-tekstila-glamur\/#breadcrumb"},"inLanguage":"sl-SI","potentialAction":[{"@type":"ReadAction","target":["https:\/\/nanda.si\/sl\/izdelek\/unikatna-broska-iz-tekstila-glamur\/"]}]},{"@type":"ImageObject","inLanguage":"sl-SI","@id":"https:\/\/nanda.si\/sl\/izdelek\/unikatna-broska-iz-tekstila-glamur\/#primaryimage","url":"https:\/\/nanda.si\/wp-content\/uploads\/2023\/05\/Unikatna-modna-broska-iz-tekstila-Glamur-1.jpg","contentUrl":"https:\/\/nanda.si\/wp-content\/uploads\/2023\/05\/Unikatna-modna-broska-iz-tekstila-Glamur-1.jpg","width":591,"height":591,"caption":"unikatna modna bro\u0161ka motiv zlate vrtnice"},{"@type":"BreadcrumbList","@id":"https:\/\/nanda.si\/sl\/izdelek\/unikatna-broska-iz-tekstila-glamur\/#breadcrumb","itemListElement":[{"@type":"ListItem","position":1,"name":"Home","item":"https:\/\/nanda.si\/sl\/"},{"@type":"ListItem","position":2,"name":"Trgovina","item":"https:\/\/nanda.si\/sl\/trgovina\/"},{"@type":"ListItem","position":3,"name":"Unikatna bro\u0161ka iz tekstila Glamur"}]},{"@type":"WebSite","@id":"https:\/\/nanda.si\/sl\/#website","url":"https:\/\/nanda.si\/sl\/","name":"Ines Drole Nanda","description":"Umetelne tekstilne kreacije za edinstven interier in unikatna obla\u010dila.","publisher":{"@id":"https:\/\/nanda.si\/sl\/#organization"},"potentialAction":[{"@type":"SearchAction","target":{"@type":"EntryPoint","urlTemplate":"https:\/\/nanda.si\/sl\/?s={search_term_string}"},"query-input":{"@type":"PropertyValueSpecification","valueRequired":true,"valueName":"search_term_string"}}],"inLanguage":"sl-SI"},{"@type":"Organization","@id":"https:\/\/nanda.si\/sl\/#organization","name":"Ines Drole NANDA","url":"https:\/\/nanda.si\/sl\/","logo":{"@type":"ImageObject","inLanguage":"sl-SI","@id":"https:\/\/nanda.si\/sl\/#\/schema\/logo\/image\/","url":"https:\/\/nanda.si\/wp-content\/uploads\/2022\/07\/logoNANDA-oval_Res.jpg","contentUrl":"https:\/\/nanda.si\/wp-content\/uploads\/2022\/07\/logoNANDA-oval_Res.jpg","width":600,"height":600,"caption":"Ines Drole NANDA"},"image":{"@id":"https:\/\/nanda.si\/sl\/#\/schema\/logo\/image\/"}}]}},"_links":{"self":[{"href":"https:\/\/nanda.si\/sl\/wp-json\/wp\/v2\/product\/4176","targetHints":{"allow":["GET"]}}],"collection":[{"href":"https:\/\/nanda.si\/sl\/wp-json\/wp\/v2\/product"}],"about":[{"href":"https:\/\/nanda.si\/sl\/wp-json\/wp\/v2\/types\/product"}],"replies":[{"embeddable":true,"href":"https:\/\/nanda.si\/sl\/wp-json\/wp\/v2\/comments?post=4176"}],"wp:featuredmedia":[{"embeddable":true,"href":"https:\/\/nanda.si\/sl\/wp-json\/wp\/v2\/media\/4177"}],"wp:attachment":[{"href":"https:\/\/nanda.si\/sl\/wp-json\/wp\/v2\/media?parent=4176"}],"wp:term":[{"taxonomy":"product_brand","embeddable":true,"href":"https:\/\/nanda.si\/sl\/wp-json\/wp\/v2\/product_brand?post=4176"},{"taxonomy":"product_cat","embeddable":true,"href":"https:\/\/nanda.si\/sl\/wp-json\/wp\/v2\/product_cat?post=4176"},{"taxonomy":"product_tag","embeddable":true,"href":"https:\/\/nanda.si\/sl\/wp-json\/wp\/v2\/product_tag?post=4176"}],"curies":[{"name":"wp","href":"https:\/\/api.w.org\/{rel}","templated":true}]}}