{"id":4172,"date":"2023-05-19T15:56:13","date_gmt":"2023-05-19T15:56:13","guid":{"rendered":"https:\/\/nanda.si\/?post_type=product&#038;p=4172"},"modified":"2023-10-12T11:58:23","modified_gmt":"2023-10-12T11:58:23","slug":"unikatna-broska-iz-tekstila-glam","status":"publish","type":"product","link":"https:\/\/nanda.si\/sl\/izdelek\/unikatna-broska-iz-tekstila-glam\/","title":{"rendered":"Unikatna bro\u0161ka iz tekstila Glam"},"content":{"rendered":"<p>Romanti\u010dna bro\u0161ka iz tekstila Glam je umetelen oblikovalski tekstilni nakit. Je unikaten modni dodatek, ki ne\u017eno dopolni styling in pri\u010dara razpolo\u017eenje. Harmonija razli\u010dnih materialov omogo\u010da pristno lepoto in opazen glamur, ki pritegne poglede. Abstrakten cvet vrtnice je narejen iz tafta prelivajo\u010de se temno vijola barve. Abstraktni listki iz organze kontrastno dopolnijo barvno paleto v temno modri barvi in so dodatno okra\u0161eni z drobnimi bijou perlicami, Mere bro\u0161ke so cc 13 x 6 cm.<\/p>\n<p>Modni nakit iz tekstila je primeren tako za vsakodnevne prilo\u017enosti kot sve\u010dane dogodke. Sofisticiran filigranski dizajn o\u010dara s svojo navidezno krhkostjo in milino. Ta ljubka bro\u0161ka osre\u010di romanti\u010dno razpolo\u017eene in zagotovo popestri tudi minimalisti\u010den stil.<\/p>\n<p>Darilna embala\u017ea.<\/p>\n","protected":false},"excerpt":{"rendered":"<h5>Romanti\u010dna bro\u0161ka iz tekstila Glam je ro\u010dno izdelan oblikovalski nakit za\u00a0 \u017eenske, ki so povezane z naravo . Ta unikatni modni dodatek poudarja \u017eenstvenost in razigranost. Primerna je tako za vsakodnevne prilo\u017enosti kot sve\u010dane dogodke, saj harmoni\u010den dizajn izbranih materialov pritegne poglede. Ta ljubka bro\u0161ka je popoln modni dodatek za romanti\u010den outfit . Sve\u017ee dopolni tudi minimalisti\u010den stil obla\u010denja. Nosi se jo na razli\u010dne na\u010dine, lepo za\u017eivi na enobarvni podlagi, pripne se jo lahko tudi na torbo ali trak za lase.<\/h5>\n<div class=\"woocommerce-product-details__description product-description\">\n<h5>In dan bo cveto\u010d.<\/h5>\n<\/div>\n","protected":false},"featured_media":4173,"comment_status":"open","ping_status":"closed","template":"","meta":[],"product_brand":[],"product_cat":[161],"product_tag":[],"class_list":{"0":"post-4172","1":"product","2":"type-product","3":"status-publish","4":"has-post-thumbnail","6":"product_cat-modni-dodatki","8":"first","9":"instock","10":"shipping-taxable","11":"purchasable","12":"product-type-simple"},"yoast_head":"<!-- This site is optimized with the Yoast SEO plugin v27.2 - https:\/\/yoast.com\/product\/yoast-seo-wordpress\/ -->\n<title>Unikatna bro\u0161ka iz tekstila Glam | Ines Drole Nanda<\/title>\n<meta name=\"description\" content=\"Unikatna bro\u0161ka iz tekstila Glam je modni dodatek, ki poudarja \u017eenstvenost in razigranost. Primerna je tako za vsakodnevne prilo\u017enosti kot sve\u010dane dogodke.\" \/>\n<meta name=\"robots\" content=\"index, follow, max-snippet:-1, max-image-preview:large, max-video-preview:-1\" \/>\n<link rel=\"canonical\" href=\"https:\/\/nanda.si\/sl\/izdelek\/unikatna-broska-iz-tekstila-glam\/\" \/>\n<meta property=\"og:locale\" content=\"sl_SI\" \/>\n<meta property=\"og:type\" content=\"article\" \/>\n<meta property=\"og:title\" content=\"Unikatna bro\u0161ka iz tekstila Glam | Ines Drole Nanda\" \/>\n<meta property=\"og:description\" content=\"Unikatna bro\u0161ka iz tekstila Glam je modni dodatek, ki poudarja \u017eenstvenost in razigranost. Primerna je tako za vsakodnevne prilo\u017enosti kot sve\u010dane dogodke.\" \/>\n<meta property=\"og:url\" content=\"https:\/\/nanda.si\/sl\/izdelek\/unikatna-broska-iz-tekstila-glam\/\" \/>\n<meta property=\"og:site_name\" content=\"Ines Drole Nanda\" \/>\n<meta property=\"article:modified_time\" content=\"2023-10-12T11:58:23+00:00\" \/>\n<meta property=\"og:image\" content=\"https:\/\/nanda.si\/wp-content\/uploads\/2023\/05\/Unikatna-modna-broska-iz-tekstila-Glam-1.jpg\" \/>\n\t<meta property=\"og:image:width\" content=\"519\" \/>\n\t<meta property=\"og:image:height\" content=\"519\" \/>\n\t<meta property=\"og:image:type\" content=\"image\/jpeg\" \/>\n<meta name=\"twitter:card\" content=\"summary_large_image\" \/>\n<meta name=\"twitter:label1\" content=\"Est. reading time\" \/>\n\t<meta name=\"twitter:data1\" content=\"1 minuta\" \/>\n<script type=\"application\/ld+json\" class=\"yoast-schema-graph\">{\"@context\":\"https:\/\/schema.org\",\"@graph\":[{\"@type\":\"WebPage\",\"@id\":\"https:\/\/nanda.si\/sl\/izdelek\/unikatna-broska-iz-tekstila-glam\/\",\"url\":\"https:\/\/nanda.si\/sl\/izdelek\/unikatna-broska-iz-tekstila-glam\/\",\"name\":\"Unikatna bro\u0161ka iz tekstila Glam | Ines Drole Nanda\",\"isPartOf\":{\"@id\":\"https:\/\/nanda.si\/sl\/#website\"},\"primaryImageOfPage\":{\"@id\":\"https:\/\/nanda.si\/sl\/izdelek\/unikatna-broska-iz-tekstila-glam\/#primaryimage\"},\"image\":{\"@id\":\"https:\/\/nanda.si\/sl\/izdelek\/unikatna-broska-iz-tekstila-glam\/#primaryimage\"},\"thumbnailUrl\":\"https:\/\/nanda.si\/wp-content\/uploads\/2023\/05\/Unikatna-modna-broska-iz-tekstila-Glam-1.jpg\",\"datePublished\":\"2023-05-19T15:56:13+00:00\",\"dateModified\":\"2023-10-12T11:58:23+00:00\",\"description\":\"Unikatna bro\u0161ka iz tekstila Glam je modni dodatek, ki poudarja \u017eenstvenost in razigranost. Primerna je tako za vsakodnevne prilo\u017enosti kot sve\u010dane dogodke.\",\"breadcrumb\":{\"@id\":\"https:\/\/nanda.si\/sl\/izdelek\/unikatna-broska-iz-tekstila-glam\/#breadcrumb\"},\"inLanguage\":\"sl-SI\",\"potentialAction\":[{\"@type\":\"ReadAction\",\"target\":[\"https:\/\/nanda.si\/sl\/izdelek\/unikatna-broska-iz-tekstila-glam\/\"]}]},{\"@type\":\"ImageObject\",\"inLanguage\":\"sl-SI\",\"@id\":\"https:\/\/nanda.si\/sl\/izdelek\/unikatna-broska-iz-tekstila-glam\/#primaryimage\",\"url\":\"https:\/\/nanda.si\/wp-content\/uploads\/2023\/05\/Unikatna-modna-broska-iz-tekstila-Glam-1.jpg\",\"contentUrl\":\"https:\/\/nanda.si\/wp-content\/uploads\/2023\/05\/Unikatna-modna-broska-iz-tekstila-Glam-1.jpg\",\"width\":519,\"height\":519},{\"@type\":\"BreadcrumbList\",\"@id\":\"https:\/\/nanda.si\/sl\/izdelek\/unikatna-broska-iz-tekstila-glam\/#breadcrumb\",\"itemListElement\":[{\"@type\":\"ListItem\",\"position\":1,\"name\":\"Home\",\"item\":\"https:\/\/nanda.si\/sl\/\"},{\"@type\":\"ListItem\",\"position\":2,\"name\":\"Trgovina\",\"item\":\"https:\/\/nanda.si\/sl\/trgovina\/\"},{\"@type\":\"ListItem\",\"position\":3,\"name\":\"Unikatna bro\u0161ka iz tekstila Glam\"}]},{\"@type\":\"WebSite\",\"@id\":\"https:\/\/nanda.si\/sl\/#website\",\"url\":\"https:\/\/nanda.si\/sl\/\",\"name\":\"Ines Drole Nanda\",\"description\":\"Umetelne tekstilne kreacije za edinstven interier in unikatna obla\u010dila.\",\"publisher\":{\"@id\":\"https:\/\/nanda.si\/sl\/#organization\"},\"potentialAction\":[{\"@type\":\"SearchAction\",\"target\":{\"@type\":\"EntryPoint\",\"urlTemplate\":\"https:\/\/nanda.si\/sl\/?s={search_term_string}\"},\"query-input\":{\"@type\":\"PropertyValueSpecification\",\"valueRequired\":true,\"valueName\":\"search_term_string\"}}],\"inLanguage\":\"sl-SI\"},{\"@type\":\"Organization\",\"@id\":\"https:\/\/nanda.si\/sl\/#organization\",\"name\":\"Ines Drole NANDA\",\"url\":\"https:\/\/nanda.si\/sl\/\",\"logo\":{\"@type\":\"ImageObject\",\"inLanguage\":\"sl-SI\",\"@id\":\"https:\/\/nanda.si\/sl\/#\/schema\/logo\/image\/\",\"url\":\"https:\/\/nanda.si\/wp-content\/uploads\/2022\/07\/logoNANDA-oval_Res.jpg\",\"contentUrl\":\"https:\/\/nanda.si\/wp-content\/uploads\/2022\/07\/logoNANDA-oval_Res.jpg\",\"width\":600,\"height\":600,\"caption\":\"Ines Drole NANDA\"},\"image\":{\"@id\":\"https:\/\/nanda.si\/sl\/#\/schema\/logo\/image\/\"}}]}<\/script>\n<!-- \/ Yoast SEO plugin. -->","yoast_head_json":{"title":"Unikatna bro\u0161ka iz tekstila Glam | Ines Drole Nanda","description":"Unikatna bro\u0161ka iz tekstila Glam je modni dodatek, ki poudarja \u017eenstvenost in razigranost. Primerna je tako za vsakodnevne prilo\u017enosti kot sve\u010dane dogodke.","robots":{"index":"index","follow":"follow","max-snippet":"max-snippet:-1","max-image-preview":"max-image-preview:large","max-video-preview":"max-video-preview:-1"},"canonical":"https:\/\/nanda.si\/sl\/izdelek\/unikatna-broska-iz-tekstila-glam\/","og_locale":"sl_SI","og_type":"article","og_title":"Unikatna bro\u0161ka iz tekstila Glam | Ines Drole Nanda","og_description":"Unikatna bro\u0161ka iz tekstila Glam je modni dodatek, ki poudarja \u017eenstvenost in razigranost. Primerna je tako za vsakodnevne prilo\u017enosti kot sve\u010dane dogodke.","og_url":"https:\/\/nanda.si\/sl\/izdelek\/unikatna-broska-iz-tekstila-glam\/","og_site_name":"Ines Drole Nanda","article_modified_time":"2023-10-12T11:58:23+00:00","og_image":[{"width":519,"height":519,"url":"https:\/\/nanda.si\/wp-content\/uploads\/2023\/05\/Unikatna-modna-broska-iz-tekstila-Glam-1.jpg","type":"image\/jpeg"}],"twitter_card":"summary_large_image","twitter_misc":{"Est. reading time":"1 minuta"},"schema":{"@context":"https:\/\/schema.org","@graph":[{"@type":"WebPage","@id":"https:\/\/nanda.si\/sl\/izdelek\/unikatna-broska-iz-tekstila-glam\/","url":"https:\/\/nanda.si\/sl\/izdelek\/unikatna-broska-iz-tekstila-glam\/","name":"Unikatna bro\u0161ka iz tekstila Glam | Ines Drole Nanda","isPartOf":{"@id":"https:\/\/nanda.si\/sl\/#website"},"primaryImageOfPage":{"@id":"https:\/\/nanda.si\/sl\/izdelek\/unikatna-broska-iz-tekstila-glam\/#primaryimage"},"image":{"@id":"https:\/\/nanda.si\/sl\/izdelek\/unikatna-broska-iz-tekstila-glam\/#primaryimage"},"thumbnailUrl":"https:\/\/nanda.si\/wp-content\/uploads\/2023\/05\/Unikatna-modna-broska-iz-tekstila-Glam-1.jpg","datePublished":"2023-05-19T15:56:13+00:00","dateModified":"2023-10-12T11:58:23+00:00","description":"Unikatna bro\u0161ka iz tekstila Glam je modni dodatek, ki poudarja \u017eenstvenost in razigranost. Primerna je tako za vsakodnevne prilo\u017enosti kot sve\u010dane dogodke.","breadcrumb":{"@id":"https:\/\/nanda.si\/sl\/izdelek\/unikatna-broska-iz-tekstila-glam\/#breadcrumb"},"inLanguage":"sl-SI","potentialAction":[{"@type":"ReadAction","target":["https:\/\/nanda.si\/sl\/izdelek\/unikatna-broska-iz-tekstila-glam\/"]}]},{"@type":"ImageObject","inLanguage":"sl-SI","@id":"https:\/\/nanda.si\/sl\/izdelek\/unikatna-broska-iz-tekstila-glam\/#primaryimage","url":"https:\/\/nanda.si\/wp-content\/uploads\/2023\/05\/Unikatna-modna-broska-iz-tekstila-Glam-1.jpg","contentUrl":"https:\/\/nanda.si\/wp-content\/uploads\/2023\/05\/Unikatna-modna-broska-iz-tekstila-Glam-1.jpg","width":519,"height":519},{"@type":"BreadcrumbList","@id":"https:\/\/nanda.si\/sl\/izdelek\/unikatna-broska-iz-tekstila-glam\/#breadcrumb","itemListElement":[{"@type":"ListItem","position":1,"name":"Home","item":"https:\/\/nanda.si\/sl\/"},{"@type":"ListItem","position":2,"name":"Trgovina","item":"https:\/\/nanda.si\/sl\/trgovina\/"},{"@type":"ListItem","position":3,"name":"Unikatna bro\u0161ka iz tekstila Glam"}]},{"@type":"WebSite","@id":"https:\/\/nanda.si\/sl\/#website","url":"https:\/\/nanda.si\/sl\/","name":"Ines Drole Nanda","description":"Umetelne tekstilne kreacije za edinstven interier in unikatna obla\u010dila.","publisher":{"@id":"https:\/\/nanda.si\/sl\/#organization"},"potentialAction":[{"@type":"SearchAction","target":{"@type":"EntryPoint","urlTemplate":"https:\/\/nanda.si\/sl\/?s={search_term_string}"},"query-input":{"@type":"PropertyValueSpecification","valueRequired":true,"valueName":"search_term_string"}}],"inLanguage":"sl-SI"},{"@type":"Organization","@id":"https:\/\/nanda.si\/sl\/#organization","name":"Ines Drole NANDA","url":"https:\/\/nanda.si\/sl\/","logo":{"@type":"ImageObject","inLanguage":"sl-SI","@id":"https:\/\/nanda.si\/sl\/#\/schema\/logo\/image\/","url":"https:\/\/nanda.si\/wp-content\/uploads\/2022\/07\/logoNANDA-oval_Res.jpg","contentUrl":"https:\/\/nanda.si\/wp-content\/uploads\/2022\/07\/logoNANDA-oval_Res.jpg","width":600,"height":600,"caption":"Ines Drole NANDA"},"image":{"@id":"https:\/\/nanda.si\/sl\/#\/schema\/logo\/image\/"}}]}},"_links":{"self":[{"href":"https:\/\/nanda.si\/sl\/wp-json\/wp\/v2\/product\/4172","targetHints":{"allow":["GET"]}}],"collection":[{"href":"https:\/\/nanda.si\/sl\/wp-json\/wp\/v2\/product"}],"about":[{"href":"https:\/\/nanda.si\/sl\/wp-json\/wp\/v2\/types\/product"}],"replies":[{"embeddable":true,"href":"https:\/\/nanda.si\/sl\/wp-json\/wp\/v2\/comments?post=4172"}],"wp:featuredmedia":[{"embeddable":true,"href":"https:\/\/nanda.si\/sl\/wp-json\/wp\/v2\/media\/4173"}],"wp:attachment":[{"href":"https:\/\/nanda.si\/sl\/wp-json\/wp\/v2\/media?parent=4172"}],"wp:term":[{"taxonomy":"product_brand","embeddable":true,"href":"https:\/\/nanda.si\/sl\/wp-json\/wp\/v2\/product_brand?post=4172"},{"taxonomy":"product_cat","embeddable":true,"href":"https:\/\/nanda.si\/sl\/wp-json\/wp\/v2\/product_cat?post=4172"},{"taxonomy":"product_tag","embeddable":true,"href":"https:\/\/nanda.si\/sl\/wp-json\/wp\/v2\/product_tag?post=4172"}],"curies":[{"name":"wp","href":"https:\/\/api.w.org\/{rel}","templated":true}]}}