{"id":4137,"date":"2023-03-25T15:30:43","date_gmt":"2023-03-25T15:30:43","guid":{"rendered":"https:\/\/nanda.si\/?post_type=product&#038;p=4137"},"modified":"2023-03-25T15:30:54","modified_gmt":"2023-03-25T15:30:54","slug":"modna-rutka-iz-bez-viskoze-lahkotna","status":"publish","type":"product","link":"https:\/\/nanda.si\/sl\/izdelek\/modna-rutka-iz-bez-viskoze-lahkotna\/","title":{"rendered":"Modna rutka iz be\u017e viskoze Lahkotna"},"content":{"rendered":"<h5>Modna ruta iz be\u017e viskozne tan\u010dice s potiskom temno modrih abstraktnih cvetov je narejena iz naravnih vlaken. Cvetli\u010dni potisk in delna prosojnost materiala pomladno dopolni va\u0161 styling. Ta modni dodatek doprina\u0161a eleganco in \u017eenstvenost , poleg tega pa se jo lahko uporablja za razli\u010dne namene. Lahko je prosto vise\u010da \u010dez ramena ali jo zamotamo okoli vratu. Tudi na glavi jo lahko zave\u017eemo na ve\u010d na\u010dinov ali celo ovijemo okrog pasu kot dekorativen dodatek. Je dol\u017eine 66 cm in \u0161irine 54 cm. Peremo in likamo jo lahko do 40 stopinj C.<\/h5>\n","protected":false},"excerpt":{"rendered":"<div class=\"woocommerce-product-details__short-description\">Ruta je droben modni dodatek z velikim vplivom na celostno podobo, saj veliko pove o karakterju \u010dloveka, ki jo nosi.\u00a0 Zavezuje se jo na razli\u010dne na\u010dine na glavi, okrog vratu, okrog pasu, zapestja in celo gle\u017enjev. Poleg oblikovanja stila pa nas \u0161\u010diti pred mrazom, prahom, vetrom in vro\u010dino. \u010ce je dovolj velika jo lahko uporabimo tudi kot ogrinjalo, lahkotno odejico ali sari na zavezovanje.<\/div>\n<p class=\"price\">\n","protected":false},"featured_media":4140,"comment_status":"open","ping_status":"closed","template":"","meta":[],"product_brand":[],"product_cat":[161,20],"product_tag":[],"class_list":{"0":"post-4137","1":"product","2":"type-product","3":"status-publish","4":"has-post-thumbnail","6":"product_cat-modni-dodatki","7":"product_cat-uncategorized","9":"first","10":"instock","11":"shipping-taxable","12":"purchasable","13":"product-type-simple"},"yoast_head":"<!-- This site is optimized with the Yoast SEO plugin v27.2 - https:\/\/yoast.com\/product\/yoast-seo-wordpress\/ -->\n<title>Modna rutka iz be\u017e viskoze Lahkotna | Ines Drole Nanda<\/title>\n<meta name=\"description\" content=\"Modna rutka iz be\u017e viskoze Lahkotna se lahko zavezuje na razli\u010dne na\u010dine na glavi, okrog vratu, okrog pasu, zapestja in celo gle\u017enjev.\" \/>\n<meta name=\"robots\" content=\"index, follow, max-snippet:-1, max-image-preview:large, max-video-preview:-1\" \/>\n<link rel=\"canonical\" href=\"https:\/\/nanda.si\/sl\/izdelek\/modna-rutka-iz-bez-viskoze-lahkotna\/\" \/>\n<meta property=\"og:locale\" content=\"sl_SI\" \/>\n<meta property=\"og:type\" content=\"article\" \/>\n<meta property=\"og:title\" content=\"Modna rutka iz be\u017e viskoze Lahkotna | Ines Drole Nanda\" \/>\n<meta property=\"og:description\" content=\"Modna rutka iz be\u017e viskoze Lahkotna se lahko zavezuje na razli\u010dne na\u010dine na glavi, okrog vratu, okrog pasu, zapestja in celo gle\u017enjev.\" \/>\n<meta property=\"og:url\" content=\"https:\/\/nanda.si\/sl\/izdelek\/modna-rutka-iz-bez-viskoze-lahkotna\/\" \/>\n<meta property=\"og:site_name\" content=\"Ines Drole Nanda\" \/>\n<meta property=\"article:modified_time\" content=\"2023-03-25T15:30:54+00:00\" \/>\n<meta property=\"og:image\" content=\"https:\/\/nanda.si\/wp-content\/uploads\/2023\/03\/modna-viskozna-rutka-Lahkotna-r.jpg\" \/>\n\t<meta property=\"og:image:width\" content=\"442\" \/>\n\t<meta property=\"og:image:height\" content=\"442\" \/>\n\t<meta property=\"og:image:type\" content=\"image\/jpeg\" \/>\n<meta name=\"twitter:card\" content=\"summary_large_image\" \/>\n<meta name=\"twitter:label1\" content=\"Est. reading time\" \/>\n\t<meta name=\"twitter:data1\" content=\"1 minuta\" \/>\n<script type=\"application\/ld+json\" class=\"yoast-schema-graph\">{\"@context\":\"https:\/\/schema.org\",\"@graph\":[{\"@type\":\"WebPage\",\"@id\":\"https:\/\/nanda.si\/sl\/izdelek\/modna-rutka-iz-bez-viskoze-lahkotna\/\",\"url\":\"https:\/\/nanda.si\/sl\/izdelek\/modna-rutka-iz-bez-viskoze-lahkotna\/\",\"name\":\"Modna rutka iz be\u017e viskoze Lahkotna | Ines Drole Nanda\",\"isPartOf\":{\"@id\":\"https:\/\/nanda.si\/sl\/#website\"},\"primaryImageOfPage\":{\"@id\":\"https:\/\/nanda.si\/sl\/izdelek\/modna-rutka-iz-bez-viskoze-lahkotna\/#primaryimage\"},\"image\":{\"@id\":\"https:\/\/nanda.si\/sl\/izdelek\/modna-rutka-iz-bez-viskoze-lahkotna\/#primaryimage\"},\"thumbnailUrl\":\"https:\/\/nanda.si\/wp-content\/uploads\/2023\/03\/modna-viskozna-rutka-Lahkotna-r.jpg\",\"datePublished\":\"2023-03-25T15:30:43+00:00\",\"dateModified\":\"2023-03-25T15:30:54+00:00\",\"description\":\"Modna rutka iz be\u017e viskoze Lahkotna se lahko zavezuje na razli\u010dne na\u010dine na glavi, okrog vratu, okrog pasu, zapestja in celo gle\u017enjev.\",\"breadcrumb\":{\"@id\":\"https:\/\/nanda.si\/sl\/izdelek\/modna-rutka-iz-bez-viskoze-lahkotna\/#breadcrumb\"},\"inLanguage\":\"sl-SI\",\"potentialAction\":[{\"@type\":\"ReadAction\",\"target\":[\"https:\/\/nanda.si\/sl\/izdelek\/modna-rutka-iz-bez-viskoze-lahkotna\/\"]}]},{\"@type\":\"ImageObject\",\"inLanguage\":\"sl-SI\",\"@id\":\"https:\/\/nanda.si\/sl\/izdelek\/modna-rutka-iz-bez-viskoze-lahkotna\/#primaryimage\",\"url\":\"https:\/\/nanda.si\/wp-content\/uploads\/2023\/03\/modna-viskozna-rutka-Lahkotna-r.jpg\",\"contentUrl\":\"https:\/\/nanda.si\/wp-content\/uploads\/2023\/03\/modna-viskozna-rutka-Lahkotna-r.jpg\",\"width\":442,\"height\":442},{\"@type\":\"BreadcrumbList\",\"@id\":\"https:\/\/nanda.si\/sl\/izdelek\/modna-rutka-iz-bez-viskoze-lahkotna\/#breadcrumb\",\"itemListElement\":[{\"@type\":\"ListItem\",\"position\":1,\"name\":\"Home\",\"item\":\"https:\/\/nanda.si\/sl\/\"},{\"@type\":\"ListItem\",\"position\":2,\"name\":\"Trgovina\",\"item\":\"https:\/\/nanda.si\/sl\/trgovina\/\"},{\"@type\":\"ListItem\",\"position\":3,\"name\":\"Modna rutka iz be\u017e viskoze Lahkotna\"}]},{\"@type\":\"WebSite\",\"@id\":\"https:\/\/nanda.si\/sl\/#website\",\"url\":\"https:\/\/nanda.si\/sl\/\",\"name\":\"Ines Drole Nanda\",\"description\":\"Umetelne tekstilne kreacije za edinstven interier in unikatna obla\u010dila.\",\"publisher\":{\"@id\":\"https:\/\/nanda.si\/sl\/#organization\"},\"potentialAction\":[{\"@type\":\"SearchAction\",\"target\":{\"@type\":\"EntryPoint\",\"urlTemplate\":\"https:\/\/nanda.si\/sl\/?s={search_term_string}\"},\"query-input\":{\"@type\":\"PropertyValueSpecification\",\"valueRequired\":true,\"valueName\":\"search_term_string\"}}],\"inLanguage\":\"sl-SI\"},{\"@type\":\"Organization\",\"@id\":\"https:\/\/nanda.si\/sl\/#organization\",\"name\":\"Ines Drole NANDA\",\"url\":\"https:\/\/nanda.si\/sl\/\",\"logo\":{\"@type\":\"ImageObject\",\"inLanguage\":\"sl-SI\",\"@id\":\"https:\/\/nanda.si\/sl\/#\/schema\/logo\/image\/\",\"url\":\"https:\/\/nanda.si\/wp-content\/uploads\/2022\/07\/logoNANDA-oval_Res.jpg\",\"contentUrl\":\"https:\/\/nanda.si\/wp-content\/uploads\/2022\/07\/logoNANDA-oval_Res.jpg\",\"width\":600,\"height\":600,\"caption\":\"Ines Drole NANDA\"},\"image\":{\"@id\":\"https:\/\/nanda.si\/sl\/#\/schema\/logo\/image\/\"}}]}<\/script>\n<!-- \/ Yoast SEO plugin. -->","yoast_head_json":{"title":"Modna rutka iz be\u017e viskoze Lahkotna | Ines Drole Nanda","description":"Modna rutka iz be\u017e viskoze Lahkotna se lahko zavezuje na razli\u010dne na\u010dine na glavi, okrog vratu, okrog pasu, zapestja in celo gle\u017enjev.","robots":{"index":"index","follow":"follow","max-snippet":"max-snippet:-1","max-image-preview":"max-image-preview:large","max-video-preview":"max-video-preview:-1"},"canonical":"https:\/\/nanda.si\/sl\/izdelek\/modna-rutka-iz-bez-viskoze-lahkotna\/","og_locale":"sl_SI","og_type":"article","og_title":"Modna rutka iz be\u017e viskoze Lahkotna | Ines Drole Nanda","og_description":"Modna rutka iz be\u017e viskoze Lahkotna se lahko zavezuje na razli\u010dne na\u010dine na glavi, okrog vratu, okrog pasu, zapestja in celo gle\u017enjev.","og_url":"https:\/\/nanda.si\/sl\/izdelek\/modna-rutka-iz-bez-viskoze-lahkotna\/","og_site_name":"Ines Drole Nanda","article_modified_time":"2023-03-25T15:30:54+00:00","og_image":[{"width":442,"height":442,"url":"https:\/\/nanda.si\/wp-content\/uploads\/2023\/03\/modna-viskozna-rutka-Lahkotna-r.jpg","type":"image\/jpeg"}],"twitter_card":"summary_large_image","twitter_misc":{"Est. reading time":"1 minuta"},"schema":{"@context":"https:\/\/schema.org","@graph":[{"@type":"WebPage","@id":"https:\/\/nanda.si\/sl\/izdelek\/modna-rutka-iz-bez-viskoze-lahkotna\/","url":"https:\/\/nanda.si\/sl\/izdelek\/modna-rutka-iz-bez-viskoze-lahkotna\/","name":"Modna rutka iz be\u017e viskoze Lahkotna | Ines Drole Nanda","isPartOf":{"@id":"https:\/\/nanda.si\/sl\/#website"},"primaryImageOfPage":{"@id":"https:\/\/nanda.si\/sl\/izdelek\/modna-rutka-iz-bez-viskoze-lahkotna\/#primaryimage"},"image":{"@id":"https:\/\/nanda.si\/sl\/izdelek\/modna-rutka-iz-bez-viskoze-lahkotna\/#primaryimage"},"thumbnailUrl":"https:\/\/nanda.si\/wp-content\/uploads\/2023\/03\/modna-viskozna-rutka-Lahkotna-r.jpg","datePublished":"2023-03-25T15:30:43+00:00","dateModified":"2023-03-25T15:30:54+00:00","description":"Modna rutka iz be\u017e viskoze Lahkotna se lahko zavezuje na razli\u010dne na\u010dine na glavi, okrog vratu, okrog pasu, zapestja in celo gle\u017enjev.","breadcrumb":{"@id":"https:\/\/nanda.si\/sl\/izdelek\/modna-rutka-iz-bez-viskoze-lahkotna\/#breadcrumb"},"inLanguage":"sl-SI","potentialAction":[{"@type":"ReadAction","target":["https:\/\/nanda.si\/sl\/izdelek\/modna-rutka-iz-bez-viskoze-lahkotna\/"]}]},{"@type":"ImageObject","inLanguage":"sl-SI","@id":"https:\/\/nanda.si\/sl\/izdelek\/modna-rutka-iz-bez-viskoze-lahkotna\/#primaryimage","url":"https:\/\/nanda.si\/wp-content\/uploads\/2023\/03\/modna-viskozna-rutka-Lahkotna-r.jpg","contentUrl":"https:\/\/nanda.si\/wp-content\/uploads\/2023\/03\/modna-viskozna-rutka-Lahkotna-r.jpg","width":442,"height":442},{"@type":"BreadcrumbList","@id":"https:\/\/nanda.si\/sl\/izdelek\/modna-rutka-iz-bez-viskoze-lahkotna\/#breadcrumb","itemListElement":[{"@type":"ListItem","position":1,"name":"Home","item":"https:\/\/nanda.si\/sl\/"},{"@type":"ListItem","position":2,"name":"Trgovina","item":"https:\/\/nanda.si\/sl\/trgovina\/"},{"@type":"ListItem","position":3,"name":"Modna rutka iz be\u017e viskoze Lahkotna"}]},{"@type":"WebSite","@id":"https:\/\/nanda.si\/sl\/#website","url":"https:\/\/nanda.si\/sl\/","name":"Ines Drole Nanda","description":"Umetelne tekstilne kreacije za edinstven interier in unikatna obla\u010dila.","publisher":{"@id":"https:\/\/nanda.si\/sl\/#organization"},"potentialAction":[{"@type":"SearchAction","target":{"@type":"EntryPoint","urlTemplate":"https:\/\/nanda.si\/sl\/?s={search_term_string}"},"query-input":{"@type":"PropertyValueSpecification","valueRequired":true,"valueName":"search_term_string"}}],"inLanguage":"sl-SI"},{"@type":"Organization","@id":"https:\/\/nanda.si\/sl\/#organization","name":"Ines Drole NANDA","url":"https:\/\/nanda.si\/sl\/","logo":{"@type":"ImageObject","inLanguage":"sl-SI","@id":"https:\/\/nanda.si\/sl\/#\/schema\/logo\/image\/","url":"https:\/\/nanda.si\/wp-content\/uploads\/2022\/07\/logoNANDA-oval_Res.jpg","contentUrl":"https:\/\/nanda.si\/wp-content\/uploads\/2022\/07\/logoNANDA-oval_Res.jpg","width":600,"height":600,"caption":"Ines Drole NANDA"},"image":{"@id":"https:\/\/nanda.si\/sl\/#\/schema\/logo\/image\/"}}]}},"_links":{"self":[{"href":"https:\/\/nanda.si\/sl\/wp-json\/wp\/v2\/product\/4137","targetHints":{"allow":["GET"]}}],"collection":[{"href":"https:\/\/nanda.si\/sl\/wp-json\/wp\/v2\/product"}],"about":[{"href":"https:\/\/nanda.si\/sl\/wp-json\/wp\/v2\/types\/product"}],"replies":[{"embeddable":true,"href":"https:\/\/nanda.si\/sl\/wp-json\/wp\/v2\/comments?post=4137"}],"wp:featuredmedia":[{"embeddable":true,"href":"https:\/\/nanda.si\/sl\/wp-json\/wp\/v2\/media\/4140"}],"wp:attachment":[{"href":"https:\/\/nanda.si\/sl\/wp-json\/wp\/v2\/media?parent=4137"}],"wp:term":[{"taxonomy":"product_brand","embeddable":true,"href":"https:\/\/nanda.si\/sl\/wp-json\/wp\/v2\/product_brand?post=4137"},{"taxonomy":"product_cat","embeddable":true,"href":"https:\/\/nanda.si\/sl\/wp-json\/wp\/v2\/product_cat?post=4137"},{"taxonomy":"product_tag","embeddable":true,"href":"https:\/\/nanda.si\/sl\/wp-json\/wp\/v2\/product_tag?post=4137"}],"curies":[{"name":"wp","href":"https:\/\/api.w.org\/{rel}","templated":true}]}}