{"id":4100,"date":"2023-02-18T09:14:34","date_gmt":"2023-02-18T09:14:34","guid":{"rendered":"https:\/\/nanda.si\/?post_type=product&#038;p=4100"},"modified":"2023-11-26T19:27:52","modified_gmt":"2023-11-26T19:27:52","slug":"modno-pokrivalo-iz-umetnega-krzna-gepard-beli","status":"publish","type":"product","link":"https:\/\/nanda.si\/sl\/izdelek\/modno-pokrivalo-iz-umetnega-krzna-gepard-beli\/","title":{"rendered":"Modno pokrivalo iz umetnega krzna Gepard beli"},"content":{"rendered":"<p>Modno pokrivalo iz umetnega krzna Gepard ima pridih divje narave in je brez\u010dasen modni dodatek. Narejeno je iz\u00a0 kvalitetnega umetnega pli\u0161a v rjavem odtenku in je zelo prijetno na otip. Podlo\u017eeno je s tanko \u010drno pre\u0161ivanko in ni namenjeno za zelo mrzle dneve. Pokrivalo bo razveselilo drzne \u017eenske povezane z naravo, kot tudi modne navdu\u0161enke, saj\u00a0 \u00a0 elegantno dopolni enobarven styling. Pere se ga lahko ro\u010dno, do 30 stopinj Celzija, likanje ni potrebno. Velikost 58 ( za obseg glave 57-58 cm).<\/p>\n<p>Modno pokrivalo iz umetnega krzna<a href=\"https:\/\/nanda.si\/kontakt\/\"> po meri je 20% dra\u017eje. <\/a><\/p>\n<p>&nbsp;<\/p>\n<p>&nbsp;<\/p>\n","protected":false},"excerpt":{"rendered":"<h5>Modno pokrivalo iz umetnega krzna je brez\u010dasen dodatek in ga rade nosijo \u017eenske, ki ljubijo divjo naravo, prav tako kot drzne dame.<\/h5>\n","protected":false},"featured_media":5371,"comment_status":"open","ping_status":"closed","template":"","meta":[],"product_brand":[],"product_cat":[161,119],"product_tag":[],"class_list":{"0":"post-4100","1":"product","2":"type-product","3":"status-publish","4":"has-post-thumbnail","6":"product_cat-modni-dodatki","7":"product_cat-unikatna-oblacila-in-dodatki","9":"first","10":"instock","11":"shipping-taxable","12":"purchasable","13":"product-type-simple"},"yoast_head":"<!-- This site is optimized with the Yoast SEO plugin v27.2 - https:\/\/yoast.com\/product\/yoast-seo-wordpress\/ -->\n<title>Modno pokrivalo iz umetnega krzna Gepard beli | Ines Drole Nanda<\/title>\n<meta name=\"description\" content=\"Modno pokrivalo iz umetnega krzna Gepard beli je brez\u010dasen modni dodatek za \u017eenske, ki ljubijo divjo naravo. Za drzne modne navdu\u0161enke in elegantne dame.\" \/>\n<meta name=\"robots\" content=\"index, follow, max-snippet:-1, max-image-preview:large, max-video-preview:-1\" \/>\n<link rel=\"canonical\" href=\"https:\/\/nanda.si\/sl\/izdelek\/modno-pokrivalo-iz-umetnega-krzna-gepard-beli\/\" \/>\n<meta property=\"og:locale\" content=\"sl_SI\" \/>\n<meta property=\"og:type\" content=\"article\" \/>\n<meta property=\"og:title\" content=\"Modno pokrivalo iz umetnega krzna Gepard beli | Ines Drole Nanda\" \/>\n<meta property=\"og:description\" content=\"Modno pokrivalo iz umetnega krzna Gepard beli je brez\u010dasen modni dodatek za \u017eenske, ki ljubijo divjo naravo. Za drzne modne navdu\u0161enke in elegantne dame.\" \/>\n<meta property=\"og:url\" content=\"https:\/\/nanda.si\/sl\/izdelek\/modno-pokrivalo-iz-umetnega-krzna-gepard-beli\/\" \/>\n<meta property=\"og:site_name\" content=\"Ines Drole Nanda\" \/>\n<meta property=\"article:modified_time\" content=\"2023-11-26T19:27:52+00:00\" \/>\n<meta property=\"og:image\" content=\"https:\/\/nanda.si\/wp-content\/uploads\/2023\/02\/modno-pokrivalo-Gepard-beli-na-modelu-r-.jpg\" \/>\n\t<meta property=\"og:image:width\" content=\"388\" \/>\n\t<meta property=\"og:image:height\" content=\"517\" \/>\n\t<meta property=\"og:image:type\" content=\"image\/jpeg\" \/>\n<meta name=\"twitter:card\" content=\"summary_large_image\" \/>\n<meta name=\"twitter:label1\" content=\"Est. reading time\" \/>\n\t<meta name=\"twitter:data1\" content=\"1 minuta\" \/>\n<script type=\"application\/ld+json\" class=\"yoast-schema-graph\">{\"@context\":\"https:\/\/schema.org\",\"@graph\":[{\"@type\":\"WebPage\",\"@id\":\"https:\/\/nanda.si\/sl\/izdelek\/modno-pokrivalo-iz-umetnega-krzna-gepard-beli\/\",\"url\":\"https:\/\/nanda.si\/sl\/izdelek\/modno-pokrivalo-iz-umetnega-krzna-gepard-beli\/\",\"name\":\"Modno pokrivalo iz umetnega krzna Gepard beli | Ines Drole Nanda\",\"isPartOf\":{\"@id\":\"https:\/\/nanda.si\/sl\/#website\"},\"primaryImageOfPage\":{\"@id\":\"https:\/\/nanda.si\/sl\/izdelek\/modno-pokrivalo-iz-umetnega-krzna-gepard-beli\/#primaryimage\"},\"image\":{\"@id\":\"https:\/\/nanda.si\/sl\/izdelek\/modno-pokrivalo-iz-umetnega-krzna-gepard-beli\/#primaryimage\"},\"thumbnailUrl\":\"https:\/\/nanda.si\/wp-content\/uploads\/2023\/02\/modno-pokrivalo-Gepard-beli-na-modelu-r-.jpg\",\"datePublished\":\"2023-02-18T09:14:34+00:00\",\"dateModified\":\"2023-11-26T19:27:52+00:00\",\"description\":\"Modno pokrivalo iz umetnega krzna Gepard beli je brez\u010dasen modni dodatek za \u017eenske, ki ljubijo divjo naravo. Za drzne modne navdu\u0161enke in elegantne dame.\",\"breadcrumb\":{\"@id\":\"https:\/\/nanda.si\/sl\/izdelek\/modno-pokrivalo-iz-umetnega-krzna-gepard-beli\/#breadcrumb\"},\"inLanguage\":\"sl-SI\",\"potentialAction\":[{\"@type\":\"ReadAction\",\"target\":[\"https:\/\/nanda.si\/sl\/izdelek\/modno-pokrivalo-iz-umetnega-krzna-gepard-beli\/\"]}]},{\"@type\":\"ImageObject\",\"inLanguage\":\"sl-SI\",\"@id\":\"https:\/\/nanda.si\/sl\/izdelek\/modno-pokrivalo-iz-umetnega-krzna-gepard-beli\/#primaryimage\",\"url\":\"https:\/\/nanda.si\/wp-content\/uploads\/2023\/02\/modno-pokrivalo-Gepard-beli-na-modelu-r-.jpg\",\"contentUrl\":\"https:\/\/nanda.si\/wp-content\/uploads\/2023\/02\/modno-pokrivalo-Gepard-beli-na-modelu-r-.jpg\",\"width\":388,\"height\":517},{\"@type\":\"BreadcrumbList\",\"@id\":\"https:\/\/nanda.si\/sl\/izdelek\/modno-pokrivalo-iz-umetnega-krzna-gepard-beli\/#breadcrumb\",\"itemListElement\":[{\"@type\":\"ListItem\",\"position\":1,\"name\":\"Home\",\"item\":\"https:\/\/nanda.si\/sl\/\"},{\"@type\":\"ListItem\",\"position\":2,\"name\":\"Trgovina\",\"item\":\"https:\/\/nanda.si\/sl\/trgovina\/\"},{\"@type\":\"ListItem\",\"position\":3,\"name\":\"Modno pokrivalo iz umetnega krzna Gepard beli\"}]},{\"@type\":\"WebSite\",\"@id\":\"https:\/\/nanda.si\/sl\/#website\",\"url\":\"https:\/\/nanda.si\/sl\/\",\"name\":\"Ines Drole Nanda\",\"description\":\"Umetelne tekstilne kreacije za edinstven interier in unikatna obla\u010dila.\",\"publisher\":{\"@id\":\"https:\/\/nanda.si\/sl\/#organization\"},\"potentialAction\":[{\"@type\":\"SearchAction\",\"target\":{\"@type\":\"EntryPoint\",\"urlTemplate\":\"https:\/\/nanda.si\/sl\/?s={search_term_string}\"},\"query-input\":{\"@type\":\"PropertyValueSpecification\",\"valueRequired\":true,\"valueName\":\"search_term_string\"}}],\"inLanguage\":\"sl-SI\"},{\"@type\":\"Organization\",\"@id\":\"https:\/\/nanda.si\/sl\/#organization\",\"name\":\"Ines Drole NANDA\",\"url\":\"https:\/\/nanda.si\/sl\/\",\"logo\":{\"@type\":\"ImageObject\",\"inLanguage\":\"sl-SI\",\"@id\":\"https:\/\/nanda.si\/sl\/#\/schema\/logo\/image\/\",\"url\":\"https:\/\/nanda.si\/wp-content\/uploads\/2022\/07\/logoNANDA-oval_Res.jpg\",\"contentUrl\":\"https:\/\/nanda.si\/wp-content\/uploads\/2022\/07\/logoNANDA-oval_Res.jpg\",\"width\":600,\"height\":600,\"caption\":\"Ines Drole NANDA\"},\"image\":{\"@id\":\"https:\/\/nanda.si\/sl\/#\/schema\/logo\/image\/\"}}]}<\/script>\n<!-- \/ Yoast SEO plugin. -->","yoast_head_json":{"title":"Modno pokrivalo iz umetnega krzna Gepard beli | Ines Drole Nanda","description":"Modno pokrivalo iz umetnega krzna Gepard beli je brez\u010dasen modni dodatek za \u017eenske, ki ljubijo divjo naravo. Za drzne modne navdu\u0161enke in elegantne dame.","robots":{"index":"index","follow":"follow","max-snippet":"max-snippet:-1","max-image-preview":"max-image-preview:large","max-video-preview":"max-video-preview:-1"},"canonical":"https:\/\/nanda.si\/sl\/izdelek\/modno-pokrivalo-iz-umetnega-krzna-gepard-beli\/","og_locale":"sl_SI","og_type":"article","og_title":"Modno pokrivalo iz umetnega krzna Gepard beli | Ines Drole Nanda","og_description":"Modno pokrivalo iz umetnega krzna Gepard beli je brez\u010dasen modni dodatek za \u017eenske, ki ljubijo divjo naravo. Za drzne modne navdu\u0161enke in elegantne dame.","og_url":"https:\/\/nanda.si\/sl\/izdelek\/modno-pokrivalo-iz-umetnega-krzna-gepard-beli\/","og_site_name":"Ines Drole Nanda","article_modified_time":"2023-11-26T19:27:52+00:00","og_image":[{"width":388,"height":517,"url":"https:\/\/nanda.si\/wp-content\/uploads\/2023\/02\/modno-pokrivalo-Gepard-beli-na-modelu-r-.jpg","type":"image\/jpeg"}],"twitter_card":"summary_large_image","twitter_misc":{"Est. reading time":"1 minuta"},"schema":{"@context":"https:\/\/schema.org","@graph":[{"@type":"WebPage","@id":"https:\/\/nanda.si\/sl\/izdelek\/modno-pokrivalo-iz-umetnega-krzna-gepard-beli\/","url":"https:\/\/nanda.si\/sl\/izdelek\/modno-pokrivalo-iz-umetnega-krzna-gepard-beli\/","name":"Modno pokrivalo iz umetnega krzna Gepard beli | Ines Drole Nanda","isPartOf":{"@id":"https:\/\/nanda.si\/sl\/#website"},"primaryImageOfPage":{"@id":"https:\/\/nanda.si\/sl\/izdelek\/modno-pokrivalo-iz-umetnega-krzna-gepard-beli\/#primaryimage"},"image":{"@id":"https:\/\/nanda.si\/sl\/izdelek\/modno-pokrivalo-iz-umetnega-krzna-gepard-beli\/#primaryimage"},"thumbnailUrl":"https:\/\/nanda.si\/wp-content\/uploads\/2023\/02\/modno-pokrivalo-Gepard-beli-na-modelu-r-.jpg","datePublished":"2023-02-18T09:14:34+00:00","dateModified":"2023-11-26T19:27:52+00:00","description":"Modno pokrivalo iz umetnega krzna Gepard beli je brez\u010dasen modni dodatek za \u017eenske, ki ljubijo divjo naravo. Za drzne modne navdu\u0161enke in elegantne dame.","breadcrumb":{"@id":"https:\/\/nanda.si\/sl\/izdelek\/modno-pokrivalo-iz-umetnega-krzna-gepard-beli\/#breadcrumb"},"inLanguage":"sl-SI","potentialAction":[{"@type":"ReadAction","target":["https:\/\/nanda.si\/sl\/izdelek\/modno-pokrivalo-iz-umetnega-krzna-gepard-beli\/"]}]},{"@type":"ImageObject","inLanguage":"sl-SI","@id":"https:\/\/nanda.si\/sl\/izdelek\/modno-pokrivalo-iz-umetnega-krzna-gepard-beli\/#primaryimage","url":"https:\/\/nanda.si\/wp-content\/uploads\/2023\/02\/modno-pokrivalo-Gepard-beli-na-modelu-r-.jpg","contentUrl":"https:\/\/nanda.si\/wp-content\/uploads\/2023\/02\/modno-pokrivalo-Gepard-beli-na-modelu-r-.jpg","width":388,"height":517},{"@type":"BreadcrumbList","@id":"https:\/\/nanda.si\/sl\/izdelek\/modno-pokrivalo-iz-umetnega-krzna-gepard-beli\/#breadcrumb","itemListElement":[{"@type":"ListItem","position":1,"name":"Home","item":"https:\/\/nanda.si\/sl\/"},{"@type":"ListItem","position":2,"name":"Trgovina","item":"https:\/\/nanda.si\/sl\/trgovina\/"},{"@type":"ListItem","position":3,"name":"Modno pokrivalo iz umetnega krzna Gepard beli"}]},{"@type":"WebSite","@id":"https:\/\/nanda.si\/sl\/#website","url":"https:\/\/nanda.si\/sl\/","name":"Ines Drole Nanda","description":"Umetelne tekstilne kreacije za edinstven interier in unikatna obla\u010dila.","publisher":{"@id":"https:\/\/nanda.si\/sl\/#organization"},"potentialAction":[{"@type":"SearchAction","target":{"@type":"EntryPoint","urlTemplate":"https:\/\/nanda.si\/sl\/?s={search_term_string}"},"query-input":{"@type":"PropertyValueSpecification","valueRequired":true,"valueName":"search_term_string"}}],"inLanguage":"sl-SI"},{"@type":"Organization","@id":"https:\/\/nanda.si\/sl\/#organization","name":"Ines Drole NANDA","url":"https:\/\/nanda.si\/sl\/","logo":{"@type":"ImageObject","inLanguage":"sl-SI","@id":"https:\/\/nanda.si\/sl\/#\/schema\/logo\/image\/","url":"https:\/\/nanda.si\/wp-content\/uploads\/2022\/07\/logoNANDA-oval_Res.jpg","contentUrl":"https:\/\/nanda.si\/wp-content\/uploads\/2022\/07\/logoNANDA-oval_Res.jpg","width":600,"height":600,"caption":"Ines Drole NANDA"},"image":{"@id":"https:\/\/nanda.si\/sl\/#\/schema\/logo\/image\/"}}]}},"_links":{"self":[{"href":"https:\/\/nanda.si\/sl\/wp-json\/wp\/v2\/product\/4100","targetHints":{"allow":["GET"]}}],"collection":[{"href":"https:\/\/nanda.si\/sl\/wp-json\/wp\/v2\/product"}],"about":[{"href":"https:\/\/nanda.si\/sl\/wp-json\/wp\/v2\/types\/product"}],"replies":[{"embeddable":true,"href":"https:\/\/nanda.si\/sl\/wp-json\/wp\/v2\/comments?post=4100"}],"wp:featuredmedia":[{"embeddable":true,"href":"https:\/\/nanda.si\/sl\/wp-json\/wp\/v2\/media\/5371"}],"wp:attachment":[{"href":"https:\/\/nanda.si\/sl\/wp-json\/wp\/v2\/media?parent=4100"}],"wp:term":[{"taxonomy":"product_brand","embeddable":true,"href":"https:\/\/nanda.si\/sl\/wp-json\/wp\/v2\/product_brand?post=4100"},{"taxonomy":"product_cat","embeddable":true,"href":"https:\/\/nanda.si\/sl\/wp-json\/wp\/v2\/product_cat?post=4100"},{"taxonomy":"product_tag","embeddable":true,"href":"https:\/\/nanda.si\/sl\/wp-json\/wp\/v2\/product_tag?post=4100"}],"curies":[{"name":"wp","href":"https:\/\/api.w.org\/{rel}","templated":true}]}}