{"id":4012,"date":"2022-12-10T19:05:50","date_gmt":"2022-12-10T19:05:50","guid":{"rendered":"https:\/\/nanda.si\/?post_type=product&#038;p=4012"},"modified":"2022-12-10T19:05:50","modified_gmt":"2022-12-10T19:05:50","slug":"boho-tekstilna-broska-zelena-nagajivka","status":"publish","type":"product","link":"https:\/\/nanda.si\/sl\/izdelek\/boho-tekstilna-broska-zelena-nagajivka\/","title":{"rendered":"Boho tekstilna bro\u0161ka Zelena nagajivka"},"content":{"rendered":"<p>Unikatna umetelna bro\u0161ka iz tekstila\u00a0 je ro\u010dno izdelan oblikovalski nakit za \u017eenske, ki so povezane z naravo. Ta unikatni modni dodatek poudarja \u017eenstvenost in pri\u010dara razpolo\u017eenje. Sozvo\u010dje razli\u010dnih materialov omogo\u010da edinstveno lepoto. Primerna je tako za vsakodnevne prilo\u017enosti kot sve\u010dane dogodke, saj harmoni\u010den dizajn pritegne poglede. Ta ljubka bro\u0161ka doda romanti\u010den pridih, sve\u017ee dopolni tudi minimalisti\u010den stil obla\u010denja. Nosi se jo na razli\u010dne na\u010dine, lepo za\u017eivi na enobarvni podlagi, pripne se jo lahko tudi na torbo ali trak za lase.<\/p>\n<p>In dan bo cveto\u010d.<\/p>\n","protected":false},"excerpt":{"rendered":"<h5>Umetelen oblikovalski tekstilni nakit je inovativen unikaten modni dodatek, ki ne\u017eno dopolni stajling in pri\u010dara razpolo\u017eenje. Harmonija razli\u010dnih materialov omogo\u010da pristno lepoto in opazen glamur, ki pritegne poglede.\u00a0 Cvet je narejen iz svetlikajo\u010de se organze \u017eivo zelene barve, abstraktni vijola listi\u010di, ki so so dodatno\u00a0 okra\u0161eni z drobnimi bijou perlicami, kontrastno dopolnijo barvno kombinacijo.<\/h5>\n<h5>Boho bro\u0161ka iz tekstila Zelena nagajivka v obliki cveta je primerna tako za vsakodnevne prilo\u017enosti kot sve\u010dane dogodke. Sofisticiran filigranski dizajn o\u010dara s svojo navidezno krhkostjo in milino. Ta ljubek kos nakita bo osre\u010dil romanti\u010dno razpolo\u017eene in zagotovo popestri tudi mimalisti\u010den outfit.<\/h5>\n<h5>Premer cc 5cm.<\/h5>\n","protected":false},"featured_media":4014,"comment_status":"open","ping_status":"closed","template":"","meta":[],"product_brand":[],"product_cat":[161],"product_tag":[],"class_list":{"0":"post-4012","1":"product","2":"type-product","3":"status-publish","4":"has-post-thumbnail","6":"product_cat-modni-dodatki","8":"first","9":"instock","10":"shipping-taxable","11":"purchasable","12":"product-type-simple"},"yoast_head":"<!-- This site is optimized with the Yoast SEO plugin v27.2 - https:\/\/yoast.com\/product\/yoast-seo-wordpress\/ -->\n<title>Boho tekstilna bro\u0161ka Zelena nagajivka | Ines Drole Nanda<\/title>\n<meta name=\"description\" content=\"Boho tekstilna bro\u0161ka Zelena nagajivka v obliki cveta o\u010dara s svojo navidezno krhkostjo in milino. Ta ljubek kos nakita bo osre\u010dil romanti\u010dno razpolo\u017eene.\" \/>\n<meta name=\"robots\" content=\"index, follow, max-snippet:-1, max-image-preview:large, max-video-preview:-1\" \/>\n<link rel=\"canonical\" href=\"https:\/\/nanda.si\/sl\/izdelek\/boho-tekstilna-broska-zelena-nagajivka\/\" \/>\n<meta property=\"og:locale\" content=\"sl_SI\" \/>\n<meta property=\"og:type\" content=\"article\" \/>\n<meta property=\"og:title\" content=\"Boho tekstilna bro\u0161ka Zelena nagajivka | Ines Drole Nanda\" \/>\n<meta property=\"og:description\" content=\"Boho tekstilna bro\u0161ka Zelena nagajivka v obliki cveta o\u010dara s svojo navidezno krhkostjo in milino. Ta ljubek kos nakita bo osre\u010dil romanti\u010dno razpolo\u017eene.\" \/>\n<meta property=\"og:url\" content=\"https:\/\/nanda.si\/sl\/izdelek\/boho-tekstilna-broska-zelena-nagajivka\/\" \/>\n<meta property=\"og:site_name\" content=\"Ines Drole Nanda\" \/>\n<meta property=\"og:image\" content=\"https:\/\/nanda.si\/wp-content\/uploads\/2022\/12\/nove-broske-38-scaled.jpg\" \/>\n\t<meta property=\"og:image:width\" content=\"2560\" \/>\n\t<meta property=\"og:image:height\" content=\"2560\" \/>\n\t<meta property=\"og:image:type\" content=\"image\/jpeg\" \/>\n<meta name=\"twitter:card\" content=\"summary_large_image\" \/>\n<meta name=\"twitter:label1\" content=\"Est. reading time\" \/>\n\t<meta name=\"twitter:data1\" content=\"1 minuta\" \/>\n<script type=\"application\/ld+json\" class=\"yoast-schema-graph\">{\"@context\":\"https:\/\/schema.org\",\"@graph\":[{\"@type\":\"WebPage\",\"@id\":\"https:\/\/nanda.si\/sl\/izdelek\/boho-tekstilna-broska-zelena-nagajivka\/\",\"url\":\"https:\/\/nanda.si\/sl\/izdelek\/boho-tekstilna-broska-zelena-nagajivka\/\",\"name\":\"Boho tekstilna bro\u0161ka Zelena nagajivka | Ines Drole Nanda\",\"isPartOf\":{\"@id\":\"https:\/\/nanda.si\/sl\/#website\"},\"primaryImageOfPage\":{\"@id\":\"https:\/\/nanda.si\/sl\/izdelek\/boho-tekstilna-broska-zelena-nagajivka\/#primaryimage\"},\"image\":{\"@id\":\"https:\/\/nanda.si\/sl\/izdelek\/boho-tekstilna-broska-zelena-nagajivka\/#primaryimage\"},\"thumbnailUrl\":\"https:\/\/nanda.si\/wp-content\/uploads\/2022\/12\/nove-broske-38-scaled.jpg\",\"datePublished\":\"2022-12-10T19:05:50+00:00\",\"description\":\"Boho tekstilna bro\u0161ka Zelena nagajivka v obliki cveta o\u010dara s svojo navidezno krhkostjo in milino. Ta ljubek kos nakita bo osre\u010dil romanti\u010dno razpolo\u017eene.\",\"breadcrumb\":{\"@id\":\"https:\/\/nanda.si\/sl\/izdelek\/boho-tekstilna-broska-zelena-nagajivka\/#breadcrumb\"},\"inLanguage\":\"sl-SI\",\"potentialAction\":[{\"@type\":\"ReadAction\",\"target\":[\"https:\/\/nanda.si\/sl\/izdelek\/boho-tekstilna-broska-zelena-nagajivka\/\"]}]},{\"@type\":\"ImageObject\",\"inLanguage\":\"sl-SI\",\"@id\":\"https:\/\/nanda.si\/sl\/izdelek\/boho-tekstilna-broska-zelena-nagajivka\/#primaryimage\",\"url\":\"https:\/\/nanda.si\/wp-content\/uploads\/2022\/12\/nove-broske-38-scaled.jpg\",\"contentUrl\":\"https:\/\/nanda.si\/wp-content\/uploads\/2022\/12\/nove-broske-38-scaled.jpg\",\"width\":2560,\"height\":2560,\"caption\":\"qrf\"},{\"@type\":\"BreadcrumbList\",\"@id\":\"https:\/\/nanda.si\/sl\/izdelek\/boho-tekstilna-broska-zelena-nagajivka\/#breadcrumb\",\"itemListElement\":[{\"@type\":\"ListItem\",\"position\":1,\"name\":\"Home\",\"item\":\"https:\/\/nanda.si\/sl\/\"},{\"@type\":\"ListItem\",\"position\":2,\"name\":\"Trgovina\",\"item\":\"https:\/\/nanda.si\/sl\/trgovina\/\"},{\"@type\":\"ListItem\",\"position\":3,\"name\":\"Boho tekstilna bro\u0161ka Zelena nagajivka\"}]},{\"@type\":\"WebSite\",\"@id\":\"https:\/\/nanda.si\/sl\/#website\",\"url\":\"https:\/\/nanda.si\/sl\/\",\"name\":\"Ines Drole Nanda\",\"description\":\"Umetelne tekstilne kreacije za edinstven interier in unikatna obla\u010dila.\",\"publisher\":{\"@id\":\"https:\/\/nanda.si\/sl\/#organization\"},\"potentialAction\":[{\"@type\":\"SearchAction\",\"target\":{\"@type\":\"EntryPoint\",\"urlTemplate\":\"https:\/\/nanda.si\/sl\/?s={search_term_string}\"},\"query-input\":{\"@type\":\"PropertyValueSpecification\",\"valueRequired\":true,\"valueName\":\"search_term_string\"}}],\"inLanguage\":\"sl-SI\"},{\"@type\":\"Organization\",\"@id\":\"https:\/\/nanda.si\/sl\/#organization\",\"name\":\"Ines Drole NANDA\",\"url\":\"https:\/\/nanda.si\/sl\/\",\"logo\":{\"@type\":\"ImageObject\",\"inLanguage\":\"sl-SI\",\"@id\":\"https:\/\/nanda.si\/sl\/#\/schema\/logo\/image\/\",\"url\":\"https:\/\/nanda.si\/wp-content\/uploads\/2022\/07\/logoNANDA-oval_Res.jpg\",\"contentUrl\":\"https:\/\/nanda.si\/wp-content\/uploads\/2022\/07\/logoNANDA-oval_Res.jpg\",\"width\":600,\"height\":600,\"caption\":\"Ines Drole NANDA\"},\"image\":{\"@id\":\"https:\/\/nanda.si\/sl\/#\/schema\/logo\/image\/\"}}]}<\/script>\n<!-- \/ Yoast SEO plugin. -->","yoast_head_json":{"title":"Boho tekstilna bro\u0161ka Zelena nagajivka | Ines Drole Nanda","description":"Boho tekstilna bro\u0161ka Zelena nagajivka v obliki cveta o\u010dara s svojo navidezno krhkostjo in milino. Ta ljubek kos nakita bo osre\u010dil romanti\u010dno razpolo\u017eene.","robots":{"index":"index","follow":"follow","max-snippet":"max-snippet:-1","max-image-preview":"max-image-preview:large","max-video-preview":"max-video-preview:-1"},"canonical":"https:\/\/nanda.si\/sl\/izdelek\/boho-tekstilna-broska-zelena-nagajivka\/","og_locale":"sl_SI","og_type":"article","og_title":"Boho tekstilna bro\u0161ka Zelena nagajivka | Ines Drole Nanda","og_description":"Boho tekstilna bro\u0161ka Zelena nagajivka v obliki cveta o\u010dara s svojo navidezno krhkostjo in milino. Ta ljubek kos nakita bo osre\u010dil romanti\u010dno razpolo\u017eene.","og_url":"https:\/\/nanda.si\/sl\/izdelek\/boho-tekstilna-broska-zelena-nagajivka\/","og_site_name":"Ines Drole Nanda","og_image":[{"width":2560,"height":2560,"url":"https:\/\/nanda.si\/wp-content\/uploads\/2022\/12\/nove-broske-38-scaled.jpg","type":"image\/jpeg"}],"twitter_card":"summary_large_image","twitter_misc":{"Est. reading time":"1 minuta"},"schema":{"@context":"https:\/\/schema.org","@graph":[{"@type":"WebPage","@id":"https:\/\/nanda.si\/sl\/izdelek\/boho-tekstilna-broska-zelena-nagajivka\/","url":"https:\/\/nanda.si\/sl\/izdelek\/boho-tekstilna-broska-zelena-nagajivka\/","name":"Boho tekstilna bro\u0161ka Zelena nagajivka | Ines Drole Nanda","isPartOf":{"@id":"https:\/\/nanda.si\/sl\/#website"},"primaryImageOfPage":{"@id":"https:\/\/nanda.si\/sl\/izdelek\/boho-tekstilna-broska-zelena-nagajivka\/#primaryimage"},"image":{"@id":"https:\/\/nanda.si\/sl\/izdelek\/boho-tekstilna-broska-zelena-nagajivka\/#primaryimage"},"thumbnailUrl":"https:\/\/nanda.si\/wp-content\/uploads\/2022\/12\/nove-broske-38-scaled.jpg","datePublished":"2022-12-10T19:05:50+00:00","description":"Boho tekstilna bro\u0161ka Zelena nagajivka v obliki cveta o\u010dara s svojo navidezno krhkostjo in milino. Ta ljubek kos nakita bo osre\u010dil romanti\u010dno razpolo\u017eene.","breadcrumb":{"@id":"https:\/\/nanda.si\/sl\/izdelek\/boho-tekstilna-broska-zelena-nagajivka\/#breadcrumb"},"inLanguage":"sl-SI","potentialAction":[{"@type":"ReadAction","target":["https:\/\/nanda.si\/sl\/izdelek\/boho-tekstilna-broska-zelena-nagajivka\/"]}]},{"@type":"ImageObject","inLanguage":"sl-SI","@id":"https:\/\/nanda.si\/sl\/izdelek\/boho-tekstilna-broska-zelena-nagajivka\/#primaryimage","url":"https:\/\/nanda.si\/wp-content\/uploads\/2022\/12\/nove-broske-38-scaled.jpg","contentUrl":"https:\/\/nanda.si\/wp-content\/uploads\/2022\/12\/nove-broske-38-scaled.jpg","width":2560,"height":2560,"caption":"qrf"},{"@type":"BreadcrumbList","@id":"https:\/\/nanda.si\/sl\/izdelek\/boho-tekstilna-broska-zelena-nagajivka\/#breadcrumb","itemListElement":[{"@type":"ListItem","position":1,"name":"Home","item":"https:\/\/nanda.si\/sl\/"},{"@type":"ListItem","position":2,"name":"Trgovina","item":"https:\/\/nanda.si\/sl\/trgovina\/"},{"@type":"ListItem","position":3,"name":"Boho tekstilna bro\u0161ka Zelena nagajivka"}]},{"@type":"WebSite","@id":"https:\/\/nanda.si\/sl\/#website","url":"https:\/\/nanda.si\/sl\/","name":"Ines Drole Nanda","description":"Umetelne tekstilne kreacije za edinstven interier in unikatna obla\u010dila.","publisher":{"@id":"https:\/\/nanda.si\/sl\/#organization"},"potentialAction":[{"@type":"SearchAction","target":{"@type":"EntryPoint","urlTemplate":"https:\/\/nanda.si\/sl\/?s={search_term_string}"},"query-input":{"@type":"PropertyValueSpecification","valueRequired":true,"valueName":"search_term_string"}}],"inLanguage":"sl-SI"},{"@type":"Organization","@id":"https:\/\/nanda.si\/sl\/#organization","name":"Ines Drole NANDA","url":"https:\/\/nanda.si\/sl\/","logo":{"@type":"ImageObject","inLanguage":"sl-SI","@id":"https:\/\/nanda.si\/sl\/#\/schema\/logo\/image\/","url":"https:\/\/nanda.si\/wp-content\/uploads\/2022\/07\/logoNANDA-oval_Res.jpg","contentUrl":"https:\/\/nanda.si\/wp-content\/uploads\/2022\/07\/logoNANDA-oval_Res.jpg","width":600,"height":600,"caption":"Ines Drole NANDA"},"image":{"@id":"https:\/\/nanda.si\/sl\/#\/schema\/logo\/image\/"}}]}},"_links":{"self":[{"href":"https:\/\/nanda.si\/sl\/wp-json\/wp\/v2\/product\/4012","targetHints":{"allow":["GET"]}}],"collection":[{"href":"https:\/\/nanda.si\/sl\/wp-json\/wp\/v2\/product"}],"about":[{"href":"https:\/\/nanda.si\/sl\/wp-json\/wp\/v2\/types\/product"}],"replies":[{"embeddable":true,"href":"https:\/\/nanda.si\/sl\/wp-json\/wp\/v2\/comments?post=4012"}],"wp:featuredmedia":[{"embeddable":true,"href":"https:\/\/nanda.si\/sl\/wp-json\/wp\/v2\/media\/4014"}],"wp:attachment":[{"href":"https:\/\/nanda.si\/sl\/wp-json\/wp\/v2\/media?parent=4012"}],"wp:term":[{"taxonomy":"product_brand","embeddable":true,"href":"https:\/\/nanda.si\/sl\/wp-json\/wp\/v2\/product_brand?post=4012"},{"taxonomy":"product_cat","embeddable":true,"href":"https:\/\/nanda.si\/sl\/wp-json\/wp\/v2\/product_cat?post=4012"},{"taxonomy":"product_tag","embeddable":true,"href":"https:\/\/nanda.si\/sl\/wp-json\/wp\/v2\/product_tag?post=4012"}],"curies":[{"name":"wp","href":"https:\/\/api.w.org\/{rel}","templated":true}]}}