{"id":3961,"date":"2022-11-18T19:17:00","date_gmt":"2022-11-18T19:17:00","guid":{"rendered":"https:\/\/nanda.si\/?post_type=product&#038;p=3961"},"modified":"2024-01-21T16:47:53","modified_gmt":"2024-01-21T16:47:53","slug":"unikatno-udobno-krilo-z-vec-obrazi-multi-dizajn","status":"publish","type":"product","link":"https:\/\/nanda.si\/sl\/izdelek\/unikatno-udobno-krilo-z-vec-obrazi-multi-dizajn\/","title":{"rendered":"Unikatno udobno krilo z ve\u010d obrazi Multi dizajn"},"content":{"rendered":"<p>Unikatna obla\u010dila NANDA za vsak dan izdelajo videz in pri\u010darajo razpolo\u017eenje. To so obleke izvirnega dizajna narejene iz kvalitetnih materialov, ki nudijo udobje in estetsko ugodje. Zgodbe iz tekstila.<\/p>\n<p>&nbsp;<\/p>\n","protected":false},"excerpt":{"rendered":"<h5>Unikatno krilo z ve\u010d obrazi je domi\u0161ljen kroj z naborki, gubami, zadrgo in razporkom, ki omogo\u010da, da krilo lahko oble\u010demo na ve\u010d na\u010dinov. Inovativen model lahko nosimo, da je zadnjik spredaj, ali ga zamaknemo samo za polovico v levo ali desno smer in vsaki\u010d imamo nov dizajn. Temno olivno zelen komfortno elasti\u010den PA jersey in temno porpurno rjava me\u0161anica viskoze se lepo barvno dopolnjujeta. Krilo se lahko nosi v pasu ali ni\u017eje, na nizkem pasu (85cm), je dol\u017eine 56 cm. Lahko se ga pere v pralnem stroju do 40 stopinj Celzija in lika po narobni strani .<\/h5>\n","protected":false},"featured_media":3968,"comment_status":"open","ping_status":"closed","template":"","meta":[],"product_brand":[],"product_cat":[20],"product_tag":[],"class_list":{"0":"post-3961","1":"product","2":"type-product","3":"status-publish","4":"has-post-thumbnail","6":"product_cat-uncategorized","8":"first","9":"outofstock","10":"shipping-taxable","11":"product-type-simple"},"yoast_head":"<!-- This site is optimized with the Yoast SEO plugin v27.2 - https:\/\/yoast.com\/product\/yoast-seo-wordpress\/ -->\n<title>Unikatno udobno krilo z ve\u010d obrazi Multi dizajn | Ines Drole Nanda<\/title>\n<meta name=\"description\" content=\"Unikatno krilo z ve\u010d obrazi Multi dizajn je domi\u0161ljen kroj z naborki, gubami, zadrgo in razporkom, ki omogo\u010da a, da krilo lahko oble\u010demo na ve\u010d na\u010dinov.\" \/>\n<meta name=\"robots\" content=\"index, follow, max-snippet:-1, max-image-preview:large, max-video-preview:-1\" \/>\n<link rel=\"canonical\" href=\"https:\/\/nanda.si\/sl\/izdelek\/unikatno-udobno-krilo-z-vec-obrazi-multi-dizajn\/\" \/>\n<meta property=\"og:locale\" content=\"sl_SI\" \/>\n<meta property=\"og:type\" content=\"article\" \/>\n<meta property=\"og:title\" content=\"Unikatno udobno krilo z ve\u010d obrazi Multi dizajn | Ines Drole Nanda\" \/>\n<meta property=\"og:description\" content=\"Unikatno krilo z ve\u010d obrazi Multi dizajn je domi\u0161ljen kroj z naborki, gubami, zadrgo in razporkom, ki omogo\u010da a, da krilo lahko oble\u010demo na ve\u010d na\u010dinov.\" \/>\n<meta property=\"og:url\" content=\"https:\/\/nanda.si\/sl\/izdelek\/unikatno-udobno-krilo-z-vec-obrazi-multi-dizajn\/\" \/>\n<meta property=\"og:site_name\" content=\"Ines Drole Nanda\" \/>\n<meta property=\"article:modified_time\" content=\"2024-01-21T16:47:53+00:00\" \/>\n<meta property=\"og:image\" content=\"https:\/\/nanda.si\/wp-content\/uploads\/2022\/11\/unikatno-krilo-Obrazi-1-2.jpg\" \/>\n\t<meta property=\"og:image:width\" content=\"600\" \/>\n\t<meta property=\"og:image:height\" content=\"600\" \/>\n\t<meta property=\"og:image:type\" content=\"image\/jpeg\" \/>\n<meta name=\"twitter:card\" content=\"summary_large_image\" \/>\n<meta name=\"twitter:label1\" content=\"Est. reading time\" \/>\n\t<meta name=\"twitter:data1\" content=\"1 minuta\" \/>\n<script type=\"application\/ld+json\" class=\"yoast-schema-graph\">{\"@context\":\"https:\/\/schema.org\",\"@graph\":[{\"@type\":\"WebPage\",\"@id\":\"https:\/\/nanda.si\/sl\/izdelek\/unikatno-udobno-krilo-z-vec-obrazi-multi-dizajn\/\",\"url\":\"https:\/\/nanda.si\/sl\/izdelek\/unikatno-udobno-krilo-z-vec-obrazi-multi-dizajn\/\",\"name\":\"Unikatno udobno krilo z ve\u010d obrazi Multi dizajn | Ines Drole Nanda\",\"isPartOf\":{\"@id\":\"https:\/\/nanda.si\/sl\/#website\"},\"primaryImageOfPage\":{\"@id\":\"https:\/\/nanda.si\/sl\/izdelek\/unikatno-udobno-krilo-z-vec-obrazi-multi-dizajn\/#primaryimage\"},\"image\":{\"@id\":\"https:\/\/nanda.si\/sl\/izdelek\/unikatno-udobno-krilo-z-vec-obrazi-multi-dizajn\/#primaryimage\"},\"thumbnailUrl\":\"https:\/\/nanda.si\/wp-content\/uploads\/2022\/11\/unikatno-krilo-Obrazi-1-2.jpg\",\"datePublished\":\"2022-11-18T19:17:00+00:00\",\"dateModified\":\"2024-01-21T16:47:53+00:00\",\"description\":\"Unikatno krilo z ve\u010d obrazi Multi dizajn je domi\u0161ljen kroj z naborki, gubami, zadrgo in razporkom, ki omogo\u010da a, da krilo lahko oble\u010demo na ve\u010d na\u010dinov.\",\"breadcrumb\":{\"@id\":\"https:\/\/nanda.si\/sl\/izdelek\/unikatno-udobno-krilo-z-vec-obrazi-multi-dizajn\/#breadcrumb\"},\"inLanguage\":\"sl-SI\",\"potentialAction\":[{\"@type\":\"ReadAction\",\"target\":[\"https:\/\/nanda.si\/sl\/izdelek\/unikatno-udobno-krilo-z-vec-obrazi-multi-dizajn\/\"]}]},{\"@type\":\"ImageObject\",\"inLanguage\":\"sl-SI\",\"@id\":\"https:\/\/nanda.si\/sl\/izdelek\/unikatno-udobno-krilo-z-vec-obrazi-multi-dizajn\/#primaryimage\",\"url\":\"https:\/\/nanda.si\/wp-content\/uploads\/2022\/11\/unikatno-krilo-Obrazi-1-2.jpg\",\"contentUrl\":\"https:\/\/nanda.si\/wp-content\/uploads\/2022\/11\/unikatno-krilo-Obrazi-1-2.jpg\",\"width\":600,\"height\":600,\"caption\":\"unikatno krilo, ki se lahko nosi na ve\u010d na\u010dinov\"},{\"@type\":\"BreadcrumbList\",\"@id\":\"https:\/\/nanda.si\/sl\/izdelek\/unikatno-udobno-krilo-z-vec-obrazi-multi-dizajn\/#breadcrumb\",\"itemListElement\":[{\"@type\":\"ListItem\",\"position\":1,\"name\":\"Home\",\"item\":\"https:\/\/nanda.si\/sl\/\"},{\"@type\":\"ListItem\",\"position\":2,\"name\":\"Trgovina\",\"item\":\"https:\/\/nanda.si\/sl\/trgovina\/\"},{\"@type\":\"ListItem\",\"position\":3,\"name\":\"Unikatno udobno krilo z ve\u010d obrazi Multi dizajn\"}]},{\"@type\":\"WebSite\",\"@id\":\"https:\/\/nanda.si\/sl\/#website\",\"url\":\"https:\/\/nanda.si\/sl\/\",\"name\":\"Ines Drole Nanda\",\"description\":\"Umetelne tekstilne kreacije za edinstven interier in unikatna obla\u010dila.\",\"publisher\":{\"@id\":\"https:\/\/nanda.si\/sl\/#organization\"},\"potentialAction\":[{\"@type\":\"SearchAction\",\"target\":{\"@type\":\"EntryPoint\",\"urlTemplate\":\"https:\/\/nanda.si\/sl\/?s={search_term_string}\"},\"query-input\":{\"@type\":\"PropertyValueSpecification\",\"valueRequired\":true,\"valueName\":\"search_term_string\"}}],\"inLanguage\":\"sl-SI\"},{\"@type\":\"Organization\",\"@id\":\"https:\/\/nanda.si\/sl\/#organization\",\"name\":\"Ines Drole NANDA\",\"url\":\"https:\/\/nanda.si\/sl\/\",\"logo\":{\"@type\":\"ImageObject\",\"inLanguage\":\"sl-SI\",\"@id\":\"https:\/\/nanda.si\/sl\/#\/schema\/logo\/image\/\",\"url\":\"https:\/\/nanda.si\/wp-content\/uploads\/2022\/07\/logoNANDA-oval_Res.jpg\",\"contentUrl\":\"https:\/\/nanda.si\/wp-content\/uploads\/2022\/07\/logoNANDA-oval_Res.jpg\",\"width\":600,\"height\":600,\"caption\":\"Ines Drole NANDA\"},\"image\":{\"@id\":\"https:\/\/nanda.si\/sl\/#\/schema\/logo\/image\/\"}}]}<\/script>\n<!-- \/ Yoast SEO plugin. -->","yoast_head_json":{"title":"Unikatno udobno krilo z ve\u010d obrazi Multi dizajn | Ines Drole Nanda","description":"Unikatno krilo z ve\u010d obrazi Multi dizajn je domi\u0161ljen kroj z naborki, gubami, zadrgo in razporkom, ki omogo\u010da a, da krilo lahko oble\u010demo na ve\u010d na\u010dinov.","robots":{"index":"index","follow":"follow","max-snippet":"max-snippet:-1","max-image-preview":"max-image-preview:large","max-video-preview":"max-video-preview:-1"},"canonical":"https:\/\/nanda.si\/sl\/izdelek\/unikatno-udobno-krilo-z-vec-obrazi-multi-dizajn\/","og_locale":"sl_SI","og_type":"article","og_title":"Unikatno udobno krilo z ve\u010d obrazi Multi dizajn | Ines Drole Nanda","og_description":"Unikatno krilo z ve\u010d obrazi Multi dizajn je domi\u0161ljen kroj z naborki, gubami, zadrgo in razporkom, ki omogo\u010da a, da krilo lahko oble\u010demo na ve\u010d na\u010dinov.","og_url":"https:\/\/nanda.si\/sl\/izdelek\/unikatno-udobno-krilo-z-vec-obrazi-multi-dizajn\/","og_site_name":"Ines Drole Nanda","article_modified_time":"2024-01-21T16:47:53+00:00","og_image":[{"width":600,"height":600,"url":"https:\/\/nanda.si\/wp-content\/uploads\/2022\/11\/unikatno-krilo-Obrazi-1-2.jpg","type":"image\/jpeg"}],"twitter_card":"summary_large_image","twitter_misc":{"Est. reading time":"1 minuta"},"schema":{"@context":"https:\/\/schema.org","@graph":[{"@type":"WebPage","@id":"https:\/\/nanda.si\/sl\/izdelek\/unikatno-udobno-krilo-z-vec-obrazi-multi-dizajn\/","url":"https:\/\/nanda.si\/sl\/izdelek\/unikatno-udobno-krilo-z-vec-obrazi-multi-dizajn\/","name":"Unikatno udobno krilo z ve\u010d obrazi Multi dizajn | Ines Drole Nanda","isPartOf":{"@id":"https:\/\/nanda.si\/sl\/#website"},"primaryImageOfPage":{"@id":"https:\/\/nanda.si\/sl\/izdelek\/unikatno-udobno-krilo-z-vec-obrazi-multi-dizajn\/#primaryimage"},"image":{"@id":"https:\/\/nanda.si\/sl\/izdelek\/unikatno-udobno-krilo-z-vec-obrazi-multi-dizajn\/#primaryimage"},"thumbnailUrl":"https:\/\/nanda.si\/wp-content\/uploads\/2022\/11\/unikatno-krilo-Obrazi-1-2.jpg","datePublished":"2022-11-18T19:17:00+00:00","dateModified":"2024-01-21T16:47:53+00:00","description":"Unikatno krilo z ve\u010d obrazi Multi dizajn je domi\u0161ljen kroj z naborki, gubami, zadrgo in razporkom, ki omogo\u010da a, da krilo lahko oble\u010demo na ve\u010d na\u010dinov.","breadcrumb":{"@id":"https:\/\/nanda.si\/sl\/izdelek\/unikatno-udobno-krilo-z-vec-obrazi-multi-dizajn\/#breadcrumb"},"inLanguage":"sl-SI","potentialAction":[{"@type":"ReadAction","target":["https:\/\/nanda.si\/sl\/izdelek\/unikatno-udobno-krilo-z-vec-obrazi-multi-dizajn\/"]}]},{"@type":"ImageObject","inLanguage":"sl-SI","@id":"https:\/\/nanda.si\/sl\/izdelek\/unikatno-udobno-krilo-z-vec-obrazi-multi-dizajn\/#primaryimage","url":"https:\/\/nanda.si\/wp-content\/uploads\/2022\/11\/unikatno-krilo-Obrazi-1-2.jpg","contentUrl":"https:\/\/nanda.si\/wp-content\/uploads\/2022\/11\/unikatno-krilo-Obrazi-1-2.jpg","width":600,"height":600,"caption":"unikatno krilo, ki se lahko nosi na ve\u010d na\u010dinov"},{"@type":"BreadcrumbList","@id":"https:\/\/nanda.si\/sl\/izdelek\/unikatno-udobno-krilo-z-vec-obrazi-multi-dizajn\/#breadcrumb","itemListElement":[{"@type":"ListItem","position":1,"name":"Home","item":"https:\/\/nanda.si\/sl\/"},{"@type":"ListItem","position":2,"name":"Trgovina","item":"https:\/\/nanda.si\/sl\/trgovina\/"},{"@type":"ListItem","position":3,"name":"Unikatno udobno krilo z ve\u010d obrazi Multi dizajn"}]},{"@type":"WebSite","@id":"https:\/\/nanda.si\/sl\/#website","url":"https:\/\/nanda.si\/sl\/","name":"Ines Drole Nanda","description":"Umetelne tekstilne kreacije za edinstven interier in unikatna obla\u010dila.","publisher":{"@id":"https:\/\/nanda.si\/sl\/#organization"},"potentialAction":[{"@type":"SearchAction","target":{"@type":"EntryPoint","urlTemplate":"https:\/\/nanda.si\/sl\/?s={search_term_string}"},"query-input":{"@type":"PropertyValueSpecification","valueRequired":true,"valueName":"search_term_string"}}],"inLanguage":"sl-SI"},{"@type":"Organization","@id":"https:\/\/nanda.si\/sl\/#organization","name":"Ines Drole NANDA","url":"https:\/\/nanda.si\/sl\/","logo":{"@type":"ImageObject","inLanguage":"sl-SI","@id":"https:\/\/nanda.si\/sl\/#\/schema\/logo\/image\/","url":"https:\/\/nanda.si\/wp-content\/uploads\/2022\/07\/logoNANDA-oval_Res.jpg","contentUrl":"https:\/\/nanda.si\/wp-content\/uploads\/2022\/07\/logoNANDA-oval_Res.jpg","width":600,"height":600,"caption":"Ines Drole NANDA"},"image":{"@id":"https:\/\/nanda.si\/sl\/#\/schema\/logo\/image\/"}}]}},"_links":{"self":[{"href":"https:\/\/nanda.si\/sl\/wp-json\/wp\/v2\/product\/3961","targetHints":{"allow":["GET"]}}],"collection":[{"href":"https:\/\/nanda.si\/sl\/wp-json\/wp\/v2\/product"}],"about":[{"href":"https:\/\/nanda.si\/sl\/wp-json\/wp\/v2\/types\/product"}],"replies":[{"embeddable":true,"href":"https:\/\/nanda.si\/sl\/wp-json\/wp\/v2\/comments?post=3961"}],"wp:featuredmedia":[{"embeddable":true,"href":"https:\/\/nanda.si\/sl\/wp-json\/wp\/v2\/media\/3968"}],"wp:attachment":[{"href":"https:\/\/nanda.si\/sl\/wp-json\/wp\/v2\/media?parent=3961"}],"wp:term":[{"taxonomy":"product_brand","embeddable":true,"href":"https:\/\/nanda.si\/sl\/wp-json\/wp\/v2\/product_brand?post=3961"},{"taxonomy":"product_cat","embeddable":true,"href":"https:\/\/nanda.si\/sl\/wp-json\/wp\/v2\/product_cat?post=3961"},{"taxonomy":"product_tag","embeddable":true,"href":"https:\/\/nanda.si\/sl\/wp-json\/wp\/v2\/product_tag?post=3961"}],"curies":[{"name":"wp","href":"https:\/\/api.w.org\/{rel}","templated":true}]}}