{"id":3351,"date":"2022-08-15T19:28:31","date_gmt":"2022-08-15T19:28:31","guid":{"rendered":"https:\/\/nanda.si\/?post_type=product&#038;p=3351"},"modified":"2023-05-25T18:45:03","modified_gmt":"2023-05-25T18:45:03","slug":"dizajnerski-top-brezrokavnik-rjave-barve","status":"publish","type":"product","link":"https:\/\/nanda.si\/sl\/izdelek\/dizajnerski-top-brezrokavnik-rjave-barve\/","title":{"rendered":"Dizajnerski top brezrokavnik Kamel"},"content":{"rendered":"<h5><span style=\"color: #523c3c;\">Unikatna obla\u010dila NANDA za vsak dan izdelajo videz in pri\u010darajo razpolo\u017eenje. To so obleke izvirnega dizajna narejene iz kvalitetnih materialov, ki nudijo udobje in estetsko ugodje. Zgodbe iz tekstila.<\/span><\/h5>\n","protected":false},"excerpt":{"rendered":"<h5><\/h5>\n<h5><span style=\"color: #a17165;\">Kraj\u0161i moderen topel dizajnerski brezrokavnik iz volne v kamelje rjavi barvi lepo dopolni zimsko garderobo in greje predvsem ramena. Mehka volnena tkanina z ro\u010dno izdelanim ornamentom s cofki okrog ovratnika je prijetna na otip in dr\u017ei linije, ni oprijemajo\u010da. Ta model lepo dopolni dolgo obleko ali oprijet komplet tanj\u0161e majice in hla\u010d. Enostavno zapiranje na hrbtu je mo\u017eno prestaviti tudi na prednjik, lahko se zapira tako spredaj kot zadaj. Priporo\u010deno je pranje v pralnem stroju na ro\u010dnem programu za volno, brez centrifuge ali ro\u010dno pranje. Likanje po notranji strani do 30 Celzija.<\/span><\/h5>\n<h5><\/h5>\n","protected":false},"featured_media":3352,"comment_status":"closed","ping_status":"closed","template":"","meta":[],"product_brand":[],"product_cat":[120],"product_tag":[],"class_list":{"0":"post-3351","1":"product","2":"type-product","3":"status-publish","4":"has-post-thumbnail","6":"product_cat-originalna-oblacila","8":"first","9":"instock","10":"shipping-taxable","11":"purchasable","12":"product-type-simple"},"yoast_head":"<!-- This site is optimized with the Yoast SEO plugin v27.2 - https:\/\/yoast.com\/product\/yoast-seo-wordpress\/ -->\n<title>Dizajnerski top brezrokavnik Kamel | Ines Drole Nanda<\/title>\n<meta name=\"description\" content=\"Moderen topel dizajnerski brezrokavnik iz volne v kamelje rjavi barvi elegantno dopolni zimsko garderobo in greje predvsem ramena.\" \/>\n<meta name=\"robots\" content=\"index, follow, max-snippet:-1, max-image-preview:large, max-video-preview:-1\" \/>\n<link rel=\"canonical\" href=\"https:\/\/nanda.si\/sl\/izdelek\/dizajnerski-top-brezrokavnik-rjave-barve\/\" \/>\n<meta property=\"og:locale\" content=\"sl_SI\" \/>\n<meta property=\"og:type\" content=\"article\" \/>\n<meta property=\"og:title\" content=\"Dizajnerski top brezrokavnik Kamel | Ines Drole Nanda\" \/>\n<meta property=\"og:description\" content=\"Moderen topel dizajnerski brezrokavnik iz volne v kamelje rjavi barvi elegantno dopolni zimsko garderobo in greje predvsem ramena.\" \/>\n<meta property=\"og:url\" content=\"https:\/\/nanda.si\/sl\/izdelek\/dizajnerski-top-brezrokavnik-rjave-barve\/\" \/>\n<meta property=\"og:site_name\" content=\"Ines Drole Nanda\" \/>\n<meta property=\"article:modified_time\" content=\"2023-05-25T18:45:03+00:00\" \/>\n<meta property=\"og:image\" content=\"https:\/\/nanda.si\/wp-content\/uploads\/2022\/08\/20.unikaten-top-brezrokavnik-Kava-z-mlekom-prednjik-.jpg\" \/>\n\t<meta property=\"og:image:width\" content=\"600\" \/>\n\t<meta property=\"og:image:height\" content=\"600\" \/>\n\t<meta property=\"og:image:type\" content=\"image\/jpeg\" \/>\n<meta name=\"twitter:card\" content=\"summary_large_image\" \/>\n<meta name=\"twitter:label1\" content=\"Est. reading time\" \/>\n\t<meta name=\"twitter:data1\" content=\"1 minuta\" \/>\n<script type=\"application\/ld+json\" class=\"yoast-schema-graph\">{\"@context\":\"https:\/\/schema.org\",\"@graph\":[{\"@type\":\"WebPage\",\"@id\":\"https:\/\/nanda.si\/sl\/izdelek\/dizajnerski-top-brezrokavnik-rjave-barve\/\",\"url\":\"https:\/\/nanda.si\/sl\/izdelek\/dizajnerski-top-brezrokavnik-rjave-barve\/\",\"name\":\"Dizajnerski top brezrokavnik Kamel | Ines Drole Nanda\",\"isPartOf\":{\"@id\":\"https:\/\/nanda.si\/sl\/#website\"},\"primaryImageOfPage\":{\"@id\":\"https:\/\/nanda.si\/sl\/izdelek\/dizajnerski-top-brezrokavnik-rjave-barve\/#primaryimage\"},\"image\":{\"@id\":\"https:\/\/nanda.si\/sl\/izdelek\/dizajnerski-top-brezrokavnik-rjave-barve\/#primaryimage\"},\"thumbnailUrl\":\"https:\/\/nanda.si\/wp-content\/uploads\/2022\/08\/20.unikaten-top-brezrokavnik-Kava-z-mlekom-prednjik-.jpg\",\"datePublished\":\"2022-08-15T19:28:31+00:00\",\"dateModified\":\"2023-05-25T18:45:03+00:00\",\"description\":\"Moderen topel dizajnerski brezrokavnik iz volne v kamelje rjavi barvi elegantno dopolni zimsko garderobo in greje predvsem ramena.\",\"breadcrumb\":{\"@id\":\"https:\/\/nanda.si\/sl\/izdelek\/dizajnerski-top-brezrokavnik-rjave-barve\/#breadcrumb\"},\"inLanguage\":\"sl-SI\",\"potentialAction\":[{\"@type\":\"ReadAction\",\"target\":[\"https:\/\/nanda.si\/sl\/izdelek\/dizajnerski-top-brezrokavnik-rjave-barve\/\"]}]},{\"@type\":\"ImageObject\",\"inLanguage\":\"sl-SI\",\"@id\":\"https:\/\/nanda.si\/sl\/izdelek\/dizajnerski-top-brezrokavnik-rjave-barve\/#primaryimage\",\"url\":\"https:\/\/nanda.si\/wp-content\/uploads\/2022\/08\/20.unikaten-top-brezrokavnik-Kava-z-mlekom-prednjik-.jpg\",\"contentUrl\":\"https:\/\/nanda.si\/wp-content\/uploads\/2022\/08\/20.unikaten-top-brezrokavnik-Kava-z-mlekom-prednjik-.jpg\",\"width\":600,\"height\":600},{\"@type\":\"BreadcrumbList\",\"@id\":\"https:\/\/nanda.si\/sl\/izdelek\/dizajnerski-top-brezrokavnik-rjave-barve\/#breadcrumb\",\"itemListElement\":[{\"@type\":\"ListItem\",\"position\":1,\"name\":\"Home\",\"item\":\"https:\/\/nanda.si\/sl\/\"},{\"@type\":\"ListItem\",\"position\":2,\"name\":\"Trgovina\",\"item\":\"https:\/\/nanda.si\/sl\/trgovina\/\"},{\"@type\":\"ListItem\",\"position\":3,\"name\":\"Dizajnerski top brezrokavnik Kamel\"}]},{\"@type\":\"WebSite\",\"@id\":\"https:\/\/nanda.si\/sl\/#website\",\"url\":\"https:\/\/nanda.si\/sl\/\",\"name\":\"Ines Drole Nanda\",\"description\":\"Umetelne tekstilne kreacije za edinstven interier in unikatna obla\u010dila.\",\"publisher\":{\"@id\":\"https:\/\/nanda.si\/sl\/#organization\"},\"potentialAction\":[{\"@type\":\"SearchAction\",\"target\":{\"@type\":\"EntryPoint\",\"urlTemplate\":\"https:\/\/nanda.si\/sl\/?s={search_term_string}\"},\"query-input\":{\"@type\":\"PropertyValueSpecification\",\"valueRequired\":true,\"valueName\":\"search_term_string\"}}],\"inLanguage\":\"sl-SI\"},{\"@type\":\"Organization\",\"@id\":\"https:\/\/nanda.si\/sl\/#organization\",\"name\":\"Ines Drole NANDA\",\"url\":\"https:\/\/nanda.si\/sl\/\",\"logo\":{\"@type\":\"ImageObject\",\"inLanguage\":\"sl-SI\",\"@id\":\"https:\/\/nanda.si\/sl\/#\/schema\/logo\/image\/\",\"url\":\"https:\/\/nanda.si\/wp-content\/uploads\/2022\/07\/logoNANDA-oval_Res.jpg\",\"contentUrl\":\"https:\/\/nanda.si\/wp-content\/uploads\/2022\/07\/logoNANDA-oval_Res.jpg\",\"width\":600,\"height\":600,\"caption\":\"Ines Drole NANDA\"},\"image\":{\"@id\":\"https:\/\/nanda.si\/sl\/#\/schema\/logo\/image\/\"}}]}<\/script>\n<!-- \/ Yoast SEO plugin. -->","yoast_head_json":{"title":"Dizajnerski top brezrokavnik Kamel | Ines Drole Nanda","description":"Moderen topel dizajnerski brezrokavnik iz volne v kamelje rjavi barvi elegantno dopolni zimsko garderobo in greje predvsem ramena.","robots":{"index":"index","follow":"follow","max-snippet":"max-snippet:-1","max-image-preview":"max-image-preview:large","max-video-preview":"max-video-preview:-1"},"canonical":"https:\/\/nanda.si\/sl\/izdelek\/dizajnerski-top-brezrokavnik-rjave-barve\/","og_locale":"sl_SI","og_type":"article","og_title":"Dizajnerski top brezrokavnik Kamel | Ines Drole Nanda","og_description":"Moderen topel dizajnerski brezrokavnik iz volne v kamelje rjavi barvi elegantno dopolni zimsko garderobo in greje predvsem ramena.","og_url":"https:\/\/nanda.si\/sl\/izdelek\/dizajnerski-top-brezrokavnik-rjave-barve\/","og_site_name":"Ines Drole Nanda","article_modified_time":"2023-05-25T18:45:03+00:00","og_image":[{"width":600,"height":600,"url":"https:\/\/nanda.si\/wp-content\/uploads\/2022\/08\/20.unikaten-top-brezrokavnik-Kava-z-mlekom-prednjik-.jpg","type":"image\/jpeg"}],"twitter_card":"summary_large_image","twitter_misc":{"Est. reading time":"1 minuta"},"schema":{"@context":"https:\/\/schema.org","@graph":[{"@type":"WebPage","@id":"https:\/\/nanda.si\/sl\/izdelek\/dizajnerski-top-brezrokavnik-rjave-barve\/","url":"https:\/\/nanda.si\/sl\/izdelek\/dizajnerski-top-brezrokavnik-rjave-barve\/","name":"Dizajnerski top brezrokavnik Kamel | Ines Drole Nanda","isPartOf":{"@id":"https:\/\/nanda.si\/sl\/#website"},"primaryImageOfPage":{"@id":"https:\/\/nanda.si\/sl\/izdelek\/dizajnerski-top-brezrokavnik-rjave-barve\/#primaryimage"},"image":{"@id":"https:\/\/nanda.si\/sl\/izdelek\/dizajnerski-top-brezrokavnik-rjave-barve\/#primaryimage"},"thumbnailUrl":"https:\/\/nanda.si\/wp-content\/uploads\/2022\/08\/20.unikaten-top-brezrokavnik-Kava-z-mlekom-prednjik-.jpg","datePublished":"2022-08-15T19:28:31+00:00","dateModified":"2023-05-25T18:45:03+00:00","description":"Moderen topel dizajnerski brezrokavnik iz volne v kamelje rjavi barvi elegantno dopolni zimsko garderobo in greje predvsem ramena.","breadcrumb":{"@id":"https:\/\/nanda.si\/sl\/izdelek\/dizajnerski-top-brezrokavnik-rjave-barve\/#breadcrumb"},"inLanguage":"sl-SI","potentialAction":[{"@type":"ReadAction","target":["https:\/\/nanda.si\/sl\/izdelek\/dizajnerski-top-brezrokavnik-rjave-barve\/"]}]},{"@type":"ImageObject","inLanguage":"sl-SI","@id":"https:\/\/nanda.si\/sl\/izdelek\/dizajnerski-top-brezrokavnik-rjave-barve\/#primaryimage","url":"https:\/\/nanda.si\/wp-content\/uploads\/2022\/08\/20.unikaten-top-brezrokavnik-Kava-z-mlekom-prednjik-.jpg","contentUrl":"https:\/\/nanda.si\/wp-content\/uploads\/2022\/08\/20.unikaten-top-brezrokavnik-Kava-z-mlekom-prednjik-.jpg","width":600,"height":600},{"@type":"BreadcrumbList","@id":"https:\/\/nanda.si\/sl\/izdelek\/dizajnerski-top-brezrokavnik-rjave-barve\/#breadcrumb","itemListElement":[{"@type":"ListItem","position":1,"name":"Home","item":"https:\/\/nanda.si\/sl\/"},{"@type":"ListItem","position":2,"name":"Trgovina","item":"https:\/\/nanda.si\/sl\/trgovina\/"},{"@type":"ListItem","position":3,"name":"Dizajnerski top brezrokavnik Kamel"}]},{"@type":"WebSite","@id":"https:\/\/nanda.si\/sl\/#website","url":"https:\/\/nanda.si\/sl\/","name":"Ines Drole Nanda","description":"Umetelne tekstilne kreacije za edinstven interier in unikatna obla\u010dila.","publisher":{"@id":"https:\/\/nanda.si\/sl\/#organization"},"potentialAction":[{"@type":"SearchAction","target":{"@type":"EntryPoint","urlTemplate":"https:\/\/nanda.si\/sl\/?s={search_term_string}"},"query-input":{"@type":"PropertyValueSpecification","valueRequired":true,"valueName":"search_term_string"}}],"inLanguage":"sl-SI"},{"@type":"Organization","@id":"https:\/\/nanda.si\/sl\/#organization","name":"Ines Drole NANDA","url":"https:\/\/nanda.si\/sl\/","logo":{"@type":"ImageObject","inLanguage":"sl-SI","@id":"https:\/\/nanda.si\/sl\/#\/schema\/logo\/image\/","url":"https:\/\/nanda.si\/wp-content\/uploads\/2022\/07\/logoNANDA-oval_Res.jpg","contentUrl":"https:\/\/nanda.si\/wp-content\/uploads\/2022\/07\/logoNANDA-oval_Res.jpg","width":600,"height":600,"caption":"Ines Drole NANDA"},"image":{"@id":"https:\/\/nanda.si\/sl\/#\/schema\/logo\/image\/"}}]}},"_links":{"self":[{"href":"https:\/\/nanda.si\/sl\/wp-json\/wp\/v2\/product\/3351","targetHints":{"allow":["GET"]}}],"collection":[{"href":"https:\/\/nanda.si\/sl\/wp-json\/wp\/v2\/product"}],"about":[{"href":"https:\/\/nanda.si\/sl\/wp-json\/wp\/v2\/types\/product"}],"replies":[{"embeddable":true,"href":"https:\/\/nanda.si\/sl\/wp-json\/wp\/v2\/comments?post=3351"}],"wp:featuredmedia":[{"embeddable":true,"href":"https:\/\/nanda.si\/sl\/wp-json\/wp\/v2\/media\/3352"}],"wp:attachment":[{"href":"https:\/\/nanda.si\/sl\/wp-json\/wp\/v2\/media?parent=3351"}],"wp:term":[{"taxonomy":"product_brand","embeddable":true,"href":"https:\/\/nanda.si\/sl\/wp-json\/wp\/v2\/product_brand?post=3351"},{"taxonomy":"product_cat","embeddable":true,"href":"https:\/\/nanda.si\/sl\/wp-json\/wp\/v2\/product_cat?post=3351"},{"taxonomy":"product_tag","embeddable":true,"href":"https:\/\/nanda.si\/sl\/wp-json\/wp\/v2\/product_tag?post=3351"}],"curies":[{"name":"wp","href":"https:\/\/api.w.org\/{rel}","templated":true}]}}