{"id":3270,"date":"2022-07-10T17:17:56","date_gmt":"2022-07-10T17:17:56","guid":{"rendered":"https:\/\/nanda.si\/?post_type=product&#038;p=3270"},"modified":"2022-09-14T19:58:23","modified_gmt":"2022-09-14T19:58:23","slug":"elegantna-usnjena-zapestnica-z-vrtnico-dicna","status":"publish","type":"product","link":"https:\/\/nanda.si\/sl\/izdelek\/elegantna-usnjena-zapestnica-z-vrtnico-dicna\/","title":{"rendered":"Elegantna usnjena zapestnica z vrtnico Di\u010dna"},"content":{"rendered":"<h5><span style=\"color: #524545;\">Oblikovalski tekstilni nakit je moderen unikaten modni dodatek, ki pri\u010dara razpolo\u017eenje. Usnje ima pridih divjine in budi strasti, \u0161epeta stare plemenske skrivnosti&#8230; Harmonija razli\u010dnih materialov omogo\u010da edinstveno lepoto in o\u010darljiv glamur, ki pritegne poglede. Primerna je tako za vsakodnevne prilo\u017enosti kot sve\u010dane dogodke. Ta unikatna ogrlica je poosebljena narava in ima mo\u010d amuleta. Je originaalen modni dodatek, ki pritegne pozornost.\u00a0\u00a0<\/span><\/h5>\n<h5>Dalnji spomin prvinskosti.<\/h5>\n<h5><\/h5>\n<p>&nbsp;<\/p>\n<p><span style=\"font-size: 1.125rem;\">\u00a0<\/span><\/p>\n","protected":false},"excerpt":{"rendered":"<h5>Elegantna usnjena zapestnica z vrtnico Di\u010dna je iz zelo mehkega <span style=\"font-size: 1.125rem;\">usnja tople rjave barve. Asimetri\u010dno urezan usnjen trak , ki je na enem koncu \u0161ir\u0161i , krasi medel lesk staranega zlata na elastiki in droben cvet s tremi listki. Zapenja se z\u00a0 dvema drobnima kovinskima zaponkama, obseg se lahko prilagodi od 16 do 20 cm. Lahko se jo nosi tudi na gle\u017enju. Navodila za vzdr\u017eevanje so ista kot za \u010di\u0161\u010denje usnja.<\/span><\/h5>\n<p>Spomin divjine.<\/p>\n","protected":false},"featured_media":3271,"comment_status":"closed","ping_status":"closed","template":"","meta":[],"product_brand":[],"product_cat":[161],"product_tag":[],"class_list":{"0":"post-3270","1":"product","2":"type-product","3":"status-publish","4":"has-post-thumbnail","6":"product_cat-modni-dodatki","8":"first","9":"instock","10":"shipping-taxable","11":"purchasable","12":"product-type-simple"},"yoast_head":"<!-- This site is optimized with the Yoast SEO plugin v27.2 - https:\/\/yoast.com\/product\/yoast-seo-wordpress\/ -->\n<title>Elegantna usnjena zapestnica z vrtnico Di\u010dna | Ines Drole Nanda<\/title>\n<meta name=\"description\" content=\"Elegantna usnjena zapestnica z vrtnico je iz rjavega zelo mehkega usnja, katerega krasi lesk staranega zlata in droben cvet s tremi listki. Spomin divjine.\" \/>\n<meta name=\"robots\" content=\"index, follow, max-snippet:-1, max-image-preview:large, max-video-preview:-1\" \/>\n<link rel=\"canonical\" href=\"https:\/\/nanda.si\/sl\/izdelek\/elegantna-usnjena-zapestnica-z-vrtnico-dicna\/\" \/>\n<meta property=\"og:locale\" content=\"sl_SI\" \/>\n<meta property=\"og:type\" content=\"article\" \/>\n<meta property=\"og:title\" content=\"Elegantna usnjena zapestnica z vrtnico Di\u010dna | Ines Drole Nanda\" \/>\n<meta property=\"og:description\" content=\"Elegantna usnjena zapestnica z vrtnico je iz rjavega zelo mehkega usnja, katerega krasi lesk staranega zlata in droben cvet s tremi listki. Spomin divjine.\" \/>\n<meta property=\"og:url\" content=\"https:\/\/nanda.si\/sl\/izdelek\/elegantna-usnjena-zapestnica-z-vrtnico-dicna\/\" \/>\n<meta property=\"og:site_name\" content=\"Ines Drole Nanda\" \/>\n<meta property=\"article:modified_time\" content=\"2022-09-14T19:58:23+00:00\" \/>\n<meta property=\"og:image\" content=\"https:\/\/nanda.si\/wp-content\/uploads\/2022\/07\/usnjena-zapestnica-Venerin-vrt-Dicna-1a.jpg\" \/>\n\t<meta property=\"og:image:width\" content=\"600\" \/>\n\t<meta property=\"og:image:height\" content=\"600\" \/>\n\t<meta property=\"og:image:type\" content=\"image\/jpeg\" \/>\n<meta name=\"twitter:card\" content=\"summary_large_image\" \/>\n<meta name=\"twitter:label1\" content=\"Est. reading time\" \/>\n\t<meta name=\"twitter:data1\" content=\"1 minuta\" \/>\n<script type=\"application\/ld+json\" class=\"yoast-schema-graph\">{\"@context\":\"https:\/\/schema.org\",\"@graph\":[{\"@type\":\"WebPage\",\"@id\":\"https:\/\/nanda.si\/sl\/izdelek\/elegantna-usnjena-zapestnica-z-vrtnico-dicna\/\",\"url\":\"https:\/\/nanda.si\/sl\/izdelek\/elegantna-usnjena-zapestnica-z-vrtnico-dicna\/\",\"name\":\"Elegantna usnjena zapestnica z vrtnico Di\u010dna | Ines Drole Nanda\",\"isPartOf\":{\"@id\":\"https:\/\/nanda.si\/sl\/#website\"},\"primaryImageOfPage\":{\"@id\":\"https:\/\/nanda.si\/sl\/izdelek\/elegantna-usnjena-zapestnica-z-vrtnico-dicna\/#primaryimage\"},\"image\":{\"@id\":\"https:\/\/nanda.si\/sl\/izdelek\/elegantna-usnjena-zapestnica-z-vrtnico-dicna\/#primaryimage\"},\"thumbnailUrl\":\"https:\/\/nanda.si\/wp-content\/uploads\/2022\/07\/usnjena-zapestnica-Venerin-vrt-Dicna-1a.jpg\",\"datePublished\":\"2022-07-10T17:17:56+00:00\",\"dateModified\":\"2022-09-14T19:58:23+00:00\",\"description\":\"Elegantna usnjena zapestnica z vrtnico je iz rjavega zelo mehkega usnja, katerega krasi lesk staranega zlata in droben cvet s tremi listki. Spomin divjine.\",\"breadcrumb\":{\"@id\":\"https:\/\/nanda.si\/sl\/izdelek\/elegantna-usnjena-zapestnica-z-vrtnico-dicna\/#breadcrumb\"},\"inLanguage\":\"sl-SI\",\"potentialAction\":[{\"@type\":\"ReadAction\",\"target\":[\"https:\/\/nanda.si\/sl\/izdelek\/elegantna-usnjena-zapestnica-z-vrtnico-dicna\/\"]}]},{\"@type\":\"ImageObject\",\"inLanguage\":\"sl-SI\",\"@id\":\"https:\/\/nanda.si\/sl\/izdelek\/elegantna-usnjena-zapestnica-z-vrtnico-dicna\/#primaryimage\",\"url\":\"https:\/\/nanda.si\/wp-content\/uploads\/2022\/07\/usnjena-zapestnica-Venerin-vrt-Dicna-1a.jpg\",\"contentUrl\":\"https:\/\/nanda.si\/wp-content\/uploads\/2022\/07\/usnjena-zapestnica-Venerin-vrt-Dicna-1a.jpg\",\"width\":600,\"height\":600},{\"@type\":\"BreadcrumbList\",\"@id\":\"https:\/\/nanda.si\/sl\/izdelek\/elegantna-usnjena-zapestnica-z-vrtnico-dicna\/#breadcrumb\",\"itemListElement\":[{\"@type\":\"ListItem\",\"position\":1,\"name\":\"Home\",\"item\":\"https:\/\/nanda.si\/sl\/\"},{\"@type\":\"ListItem\",\"position\":2,\"name\":\"Trgovina\",\"item\":\"https:\/\/nanda.si\/sl\/trgovina\/\"},{\"@type\":\"ListItem\",\"position\":3,\"name\":\"Elegantna usnjena zapestnica z vrtnico Di\u010dna\"}]},{\"@type\":\"WebSite\",\"@id\":\"https:\/\/nanda.si\/sl\/#website\",\"url\":\"https:\/\/nanda.si\/sl\/\",\"name\":\"Ines Drole Nanda\",\"description\":\"Umetelne tekstilne kreacije za edinstven interier in unikatna obla\u010dila.\",\"publisher\":{\"@id\":\"https:\/\/nanda.si\/sl\/#organization\"},\"potentialAction\":[{\"@type\":\"SearchAction\",\"target\":{\"@type\":\"EntryPoint\",\"urlTemplate\":\"https:\/\/nanda.si\/sl\/?s={search_term_string}\"},\"query-input\":{\"@type\":\"PropertyValueSpecification\",\"valueRequired\":true,\"valueName\":\"search_term_string\"}}],\"inLanguage\":\"sl-SI\"},{\"@type\":\"Organization\",\"@id\":\"https:\/\/nanda.si\/sl\/#organization\",\"name\":\"Ines Drole NANDA\",\"url\":\"https:\/\/nanda.si\/sl\/\",\"logo\":{\"@type\":\"ImageObject\",\"inLanguage\":\"sl-SI\",\"@id\":\"https:\/\/nanda.si\/sl\/#\/schema\/logo\/image\/\",\"url\":\"https:\/\/nanda.si\/wp-content\/uploads\/2022\/07\/logoNANDA-oval_Res.jpg\",\"contentUrl\":\"https:\/\/nanda.si\/wp-content\/uploads\/2022\/07\/logoNANDA-oval_Res.jpg\",\"width\":600,\"height\":600,\"caption\":\"Ines Drole NANDA\"},\"image\":{\"@id\":\"https:\/\/nanda.si\/sl\/#\/schema\/logo\/image\/\"}}]}<\/script>\n<!-- \/ Yoast SEO plugin. -->","yoast_head_json":{"title":"Elegantna usnjena zapestnica z vrtnico Di\u010dna | Ines Drole Nanda","description":"Elegantna usnjena zapestnica z vrtnico je iz rjavega zelo mehkega usnja, katerega krasi lesk staranega zlata in droben cvet s tremi listki. Spomin divjine.","robots":{"index":"index","follow":"follow","max-snippet":"max-snippet:-1","max-image-preview":"max-image-preview:large","max-video-preview":"max-video-preview:-1"},"canonical":"https:\/\/nanda.si\/sl\/izdelek\/elegantna-usnjena-zapestnica-z-vrtnico-dicna\/","og_locale":"sl_SI","og_type":"article","og_title":"Elegantna usnjena zapestnica z vrtnico Di\u010dna | Ines Drole Nanda","og_description":"Elegantna usnjena zapestnica z vrtnico je iz rjavega zelo mehkega usnja, katerega krasi lesk staranega zlata in droben cvet s tremi listki. Spomin divjine.","og_url":"https:\/\/nanda.si\/sl\/izdelek\/elegantna-usnjena-zapestnica-z-vrtnico-dicna\/","og_site_name":"Ines Drole Nanda","article_modified_time":"2022-09-14T19:58:23+00:00","og_image":[{"width":600,"height":600,"url":"https:\/\/nanda.si\/wp-content\/uploads\/2022\/07\/usnjena-zapestnica-Venerin-vrt-Dicna-1a.jpg","type":"image\/jpeg"}],"twitter_card":"summary_large_image","twitter_misc":{"Est. reading time":"1 minuta"},"schema":{"@context":"https:\/\/schema.org","@graph":[{"@type":"WebPage","@id":"https:\/\/nanda.si\/sl\/izdelek\/elegantna-usnjena-zapestnica-z-vrtnico-dicna\/","url":"https:\/\/nanda.si\/sl\/izdelek\/elegantna-usnjena-zapestnica-z-vrtnico-dicna\/","name":"Elegantna usnjena zapestnica z vrtnico Di\u010dna | Ines Drole Nanda","isPartOf":{"@id":"https:\/\/nanda.si\/sl\/#website"},"primaryImageOfPage":{"@id":"https:\/\/nanda.si\/sl\/izdelek\/elegantna-usnjena-zapestnica-z-vrtnico-dicna\/#primaryimage"},"image":{"@id":"https:\/\/nanda.si\/sl\/izdelek\/elegantna-usnjena-zapestnica-z-vrtnico-dicna\/#primaryimage"},"thumbnailUrl":"https:\/\/nanda.si\/wp-content\/uploads\/2022\/07\/usnjena-zapestnica-Venerin-vrt-Dicna-1a.jpg","datePublished":"2022-07-10T17:17:56+00:00","dateModified":"2022-09-14T19:58:23+00:00","description":"Elegantna usnjena zapestnica z vrtnico je iz rjavega zelo mehkega usnja, katerega krasi lesk staranega zlata in droben cvet s tremi listki. Spomin divjine.","breadcrumb":{"@id":"https:\/\/nanda.si\/sl\/izdelek\/elegantna-usnjena-zapestnica-z-vrtnico-dicna\/#breadcrumb"},"inLanguage":"sl-SI","potentialAction":[{"@type":"ReadAction","target":["https:\/\/nanda.si\/sl\/izdelek\/elegantna-usnjena-zapestnica-z-vrtnico-dicna\/"]}]},{"@type":"ImageObject","inLanguage":"sl-SI","@id":"https:\/\/nanda.si\/sl\/izdelek\/elegantna-usnjena-zapestnica-z-vrtnico-dicna\/#primaryimage","url":"https:\/\/nanda.si\/wp-content\/uploads\/2022\/07\/usnjena-zapestnica-Venerin-vrt-Dicna-1a.jpg","contentUrl":"https:\/\/nanda.si\/wp-content\/uploads\/2022\/07\/usnjena-zapestnica-Venerin-vrt-Dicna-1a.jpg","width":600,"height":600},{"@type":"BreadcrumbList","@id":"https:\/\/nanda.si\/sl\/izdelek\/elegantna-usnjena-zapestnica-z-vrtnico-dicna\/#breadcrumb","itemListElement":[{"@type":"ListItem","position":1,"name":"Home","item":"https:\/\/nanda.si\/sl\/"},{"@type":"ListItem","position":2,"name":"Trgovina","item":"https:\/\/nanda.si\/sl\/trgovina\/"},{"@type":"ListItem","position":3,"name":"Elegantna usnjena zapestnica z vrtnico Di\u010dna"}]},{"@type":"WebSite","@id":"https:\/\/nanda.si\/sl\/#website","url":"https:\/\/nanda.si\/sl\/","name":"Ines Drole Nanda","description":"Umetelne tekstilne kreacije za edinstven interier in unikatna obla\u010dila.","publisher":{"@id":"https:\/\/nanda.si\/sl\/#organization"},"potentialAction":[{"@type":"SearchAction","target":{"@type":"EntryPoint","urlTemplate":"https:\/\/nanda.si\/sl\/?s={search_term_string}"},"query-input":{"@type":"PropertyValueSpecification","valueRequired":true,"valueName":"search_term_string"}}],"inLanguage":"sl-SI"},{"@type":"Organization","@id":"https:\/\/nanda.si\/sl\/#organization","name":"Ines Drole NANDA","url":"https:\/\/nanda.si\/sl\/","logo":{"@type":"ImageObject","inLanguage":"sl-SI","@id":"https:\/\/nanda.si\/sl\/#\/schema\/logo\/image\/","url":"https:\/\/nanda.si\/wp-content\/uploads\/2022\/07\/logoNANDA-oval_Res.jpg","contentUrl":"https:\/\/nanda.si\/wp-content\/uploads\/2022\/07\/logoNANDA-oval_Res.jpg","width":600,"height":600,"caption":"Ines Drole NANDA"},"image":{"@id":"https:\/\/nanda.si\/sl\/#\/schema\/logo\/image\/"}}]}},"_links":{"self":[{"href":"https:\/\/nanda.si\/sl\/wp-json\/wp\/v2\/product\/3270","targetHints":{"allow":["GET"]}}],"collection":[{"href":"https:\/\/nanda.si\/sl\/wp-json\/wp\/v2\/product"}],"about":[{"href":"https:\/\/nanda.si\/sl\/wp-json\/wp\/v2\/types\/product"}],"replies":[{"embeddable":true,"href":"https:\/\/nanda.si\/sl\/wp-json\/wp\/v2\/comments?post=3270"}],"wp:featuredmedia":[{"embeddable":true,"href":"https:\/\/nanda.si\/sl\/wp-json\/wp\/v2\/media\/3271"}],"wp:attachment":[{"href":"https:\/\/nanda.si\/sl\/wp-json\/wp\/v2\/media?parent=3270"}],"wp:term":[{"taxonomy":"product_brand","embeddable":true,"href":"https:\/\/nanda.si\/sl\/wp-json\/wp\/v2\/product_brand?post=3270"},{"taxonomy":"product_cat","embeddable":true,"href":"https:\/\/nanda.si\/sl\/wp-json\/wp\/v2\/product_cat?post=3270"},{"taxonomy":"product_tag","embeddable":true,"href":"https:\/\/nanda.si\/sl\/wp-json\/wp\/v2\/product_tag?post=3270"}],"curies":[{"name":"wp","href":"https:\/\/api.w.org\/{rel}","templated":true}]}}