{"id":3221,"date":"2022-07-03T08:31:27","date_gmt":"2022-07-03T08:31:27","guid":{"rendered":"https:\/\/nanda.si\/?post_type=product&#038;p=3221"},"modified":"2022-09-14T20:18:07","modified_gmt":"2022-09-14T20:18:07","slug":"usnjena-zapestnica-venerin-vrt-mehka","status":"publish","type":"product","link":"https:\/\/nanda.si\/sl\/izdelek\/usnjena-zapestnica-venerin-vrt-mehka\/","title":{"rendered":"Ne\u017ena usnjena zapestnica z vrtnico Mehka"},"content":{"rendered":"<h5><span style=\"color: #594d4d;\">Oblikovalski tekstilni nakit je moderen unikaten modni dodatek, ki pri\u010dara razpolo\u017eenje. Usnje ima pridih divjine in budi strasti, \u0161epeta stare plemenske skrivnosti&#8230; Harmonija razli\u010dnih materialov omogo\u010da edinstveno lepoto in privla\u010dnost, ki pritegne poglede. Primerna je tako za vsakodnevne prilo\u017enosti kot sve\u010dane dogodke. Ta unikatna ogrlica je poosebljena narava in ima mo\u010d amuleta. Je originaalen modni dodatek, ki pritegne pozornost.\u00a0\u00a0<\/span><\/h5>\n<h5><span style=\"color: #594d4d;\">Dalnji spomin prvinskosti.<\/span><\/h5>\n","protected":false},"excerpt":{"rendered":"<h5>Pridih divjine v urbanem okolju. Z odtenkom romantike. Ta ro\u010dno izdelan nakit lahko nosite na visoke pete ali bose, vedno bo izra\u017eal va\u0161o povezanost z prvobitno naravo. <span style=\"font-size: 1.125rem;\">Kvalitetno u<\/span><span style=\"font-size: 1.125rem;\">snje tople rjave barve je tako zelo mehko in prijetno na otip, kot da vas bo\u017ea.<\/span><span style=\"font-size: 1.125rem;\"> Zapestnica je a<\/span><span style=\"font-size: 1.125rem;\">simetri\u010dno oblikovan usnjen trak, ki je na enem <\/span><span style=\"font-size: 1.125rem;\">koncu \u0161ir\u0161i. Lesk staranega zlata na \u0161iroki \u010drtasti elastiki mu daje eleganco, droben cvet s tremi listki pa budi \u017eenstveno naravo. Prepletajo se drznost, prefinjenost, \u017eenstvenost in <\/span><span style=\"font-size: 1.125rem;\">izvirnost.<\/span><span style=\"font-size: 1.125rem;\">\u00a0<\/span><span style=\"font-size: 1.125rem;\">Zapenja se z dvema drobnimi kovinskimi zaponkami. Obseg se prilagodi od 16 do 20 cm,\u00a0 tako da se jo lahko\u00a0 nosi tudi na gle\u017enju.\u00a0<\/span><span style=\"font-size: 1.125rem;\">Na\u010din vzdr\u017eevanja je isti kot za usnje.<\/span><\/h5>\n<h5>Za pristne \u017eenske, ki so povezane z naravo.<\/h5>\n<p>&nbsp;<\/p>\n<h5><\/h5>\n","protected":false},"featured_media":3222,"comment_status":"closed","ping_status":"closed","template":"","meta":[],"product_brand":[],"product_cat":[161],"product_tag":[],"class_list":{"0":"post-3221","1":"product","2":"type-product","3":"status-publish","4":"has-post-thumbnail","6":"product_cat-modni-dodatki","8":"first","9":"instock","10":"shipping-taxable","11":"purchasable","12":"product-type-simple"},"yoast_head":"<!-- This site is optimized with the Yoast SEO plugin v27.2 - https:\/\/yoast.com\/product\/yoast-seo-wordpress\/ -->\n<title>Ne\u017ena usnjena zapestnica z vrtnico Mehka | Ines Drole Nanda<\/title>\n<meta name=\"description\" content=\"Ne\u017ena usnjena zapestnica z vrtnico Mehka je nakit za \u017eenske, ki so pristne in povezane z naravo. V\u010dasih divje in strastne, drugi\u010d pa nenavadno mile.\" \/>\n<meta name=\"robots\" content=\"index, follow, max-snippet:-1, max-image-preview:large, max-video-preview:-1\" \/>\n<link rel=\"canonical\" href=\"https:\/\/nanda.si\/sl\/izdelek\/usnjena-zapestnica-venerin-vrt-mehka\/\" \/>\n<meta property=\"og:locale\" content=\"sl_SI\" \/>\n<meta property=\"og:type\" content=\"article\" \/>\n<meta property=\"og:title\" content=\"Ne\u017ena usnjena zapestnica z vrtnico Mehka | Ines Drole Nanda\" \/>\n<meta property=\"og:description\" content=\"Ne\u017ena usnjena zapestnica z vrtnico Mehka je nakit za \u017eenske, ki so pristne in povezane z naravo. V\u010dasih divje in strastne, drugi\u010d pa nenavadno mile.\" \/>\n<meta property=\"og:url\" content=\"https:\/\/nanda.si\/sl\/izdelek\/usnjena-zapestnica-venerin-vrt-mehka\/\" \/>\n<meta property=\"og:site_name\" content=\"Ines Drole Nanda\" \/>\n<meta property=\"article:modified_time\" content=\"2022-09-14T20:18:07+00:00\" \/>\n<meta property=\"og:image\" content=\"https:\/\/nanda.si\/wp-content\/uploads\/2022\/07\/usnjena-zapestnica-Venerin-vrt-Mehka-1-.jpg\" \/>\n\t<meta property=\"og:image:width\" content=\"600\" \/>\n\t<meta property=\"og:image:height\" content=\"600\" \/>\n\t<meta property=\"og:image:type\" content=\"image\/jpeg\" \/>\n<meta name=\"twitter:card\" content=\"summary_large_image\" \/>\n<meta name=\"twitter:label1\" content=\"Est. reading time\" \/>\n\t<meta name=\"twitter:data1\" content=\"1 minuta\" \/>\n<script type=\"application\/ld+json\" class=\"yoast-schema-graph\">{\"@context\":\"https:\/\/schema.org\",\"@graph\":[{\"@type\":\"WebPage\",\"@id\":\"https:\/\/nanda.si\/sl\/izdelek\/usnjena-zapestnica-venerin-vrt-mehka\/\",\"url\":\"https:\/\/nanda.si\/sl\/izdelek\/usnjena-zapestnica-venerin-vrt-mehka\/\",\"name\":\"Ne\u017ena usnjena zapestnica z vrtnico Mehka | Ines Drole Nanda\",\"isPartOf\":{\"@id\":\"https:\/\/nanda.si\/sl\/#website\"},\"primaryImageOfPage\":{\"@id\":\"https:\/\/nanda.si\/sl\/izdelek\/usnjena-zapestnica-venerin-vrt-mehka\/#primaryimage\"},\"image\":{\"@id\":\"https:\/\/nanda.si\/sl\/izdelek\/usnjena-zapestnica-venerin-vrt-mehka\/#primaryimage\"},\"thumbnailUrl\":\"https:\/\/nanda.si\/wp-content\/uploads\/2022\/07\/usnjena-zapestnica-Venerin-vrt-Mehka-1-.jpg\",\"datePublished\":\"2022-07-03T08:31:27+00:00\",\"dateModified\":\"2022-09-14T20:18:07+00:00\",\"description\":\"Ne\u017ena usnjena zapestnica z vrtnico Mehka je nakit za \u017eenske, ki so pristne in povezane z naravo. V\u010dasih divje in strastne, drugi\u010d pa nenavadno mile.\",\"breadcrumb\":{\"@id\":\"https:\/\/nanda.si\/sl\/izdelek\/usnjena-zapestnica-venerin-vrt-mehka\/#breadcrumb\"},\"inLanguage\":\"sl-SI\",\"potentialAction\":[{\"@type\":\"ReadAction\",\"target\":[\"https:\/\/nanda.si\/sl\/izdelek\/usnjena-zapestnica-venerin-vrt-mehka\/\"]}]},{\"@type\":\"ImageObject\",\"inLanguage\":\"sl-SI\",\"@id\":\"https:\/\/nanda.si\/sl\/izdelek\/usnjena-zapestnica-venerin-vrt-mehka\/#primaryimage\",\"url\":\"https:\/\/nanda.si\/wp-content\/uploads\/2022\/07\/usnjena-zapestnica-Venerin-vrt-Mehka-1-.jpg\",\"contentUrl\":\"https:\/\/nanda.si\/wp-content\/uploads\/2022\/07\/usnjena-zapestnica-Venerin-vrt-Mehka-1-.jpg\",\"width\":600,\"height\":600},{\"@type\":\"BreadcrumbList\",\"@id\":\"https:\/\/nanda.si\/sl\/izdelek\/usnjena-zapestnica-venerin-vrt-mehka\/#breadcrumb\",\"itemListElement\":[{\"@type\":\"ListItem\",\"position\":1,\"name\":\"Home\",\"item\":\"https:\/\/nanda.si\/sl\/\"},{\"@type\":\"ListItem\",\"position\":2,\"name\":\"Trgovina\",\"item\":\"https:\/\/nanda.si\/sl\/trgovina\/\"},{\"@type\":\"ListItem\",\"position\":3,\"name\":\"Ne\u017ena usnjena zapestnica z vrtnico Mehka\"}]},{\"@type\":\"WebSite\",\"@id\":\"https:\/\/nanda.si\/sl\/#website\",\"url\":\"https:\/\/nanda.si\/sl\/\",\"name\":\"Ines Drole Nanda\",\"description\":\"Umetelne tekstilne kreacije za edinstven interier in unikatna obla\u010dila.\",\"publisher\":{\"@id\":\"https:\/\/nanda.si\/sl\/#organization\"},\"potentialAction\":[{\"@type\":\"SearchAction\",\"target\":{\"@type\":\"EntryPoint\",\"urlTemplate\":\"https:\/\/nanda.si\/sl\/?s={search_term_string}\"},\"query-input\":{\"@type\":\"PropertyValueSpecification\",\"valueRequired\":true,\"valueName\":\"search_term_string\"}}],\"inLanguage\":\"sl-SI\"},{\"@type\":\"Organization\",\"@id\":\"https:\/\/nanda.si\/sl\/#organization\",\"name\":\"Ines Drole NANDA\",\"url\":\"https:\/\/nanda.si\/sl\/\",\"logo\":{\"@type\":\"ImageObject\",\"inLanguage\":\"sl-SI\",\"@id\":\"https:\/\/nanda.si\/sl\/#\/schema\/logo\/image\/\",\"url\":\"https:\/\/nanda.si\/wp-content\/uploads\/2022\/07\/logoNANDA-oval_Res.jpg\",\"contentUrl\":\"https:\/\/nanda.si\/wp-content\/uploads\/2022\/07\/logoNANDA-oval_Res.jpg\",\"width\":600,\"height\":600,\"caption\":\"Ines Drole NANDA\"},\"image\":{\"@id\":\"https:\/\/nanda.si\/sl\/#\/schema\/logo\/image\/\"}}]}<\/script>\n<!-- \/ Yoast SEO plugin. -->","yoast_head_json":{"title":"Ne\u017ena usnjena zapestnica z vrtnico Mehka | Ines Drole Nanda","description":"Ne\u017ena usnjena zapestnica z vrtnico Mehka je nakit za \u017eenske, ki so pristne in povezane z naravo. V\u010dasih divje in strastne, drugi\u010d pa nenavadno mile.","robots":{"index":"index","follow":"follow","max-snippet":"max-snippet:-1","max-image-preview":"max-image-preview:large","max-video-preview":"max-video-preview:-1"},"canonical":"https:\/\/nanda.si\/sl\/izdelek\/usnjena-zapestnica-venerin-vrt-mehka\/","og_locale":"sl_SI","og_type":"article","og_title":"Ne\u017ena usnjena zapestnica z vrtnico Mehka | Ines Drole Nanda","og_description":"Ne\u017ena usnjena zapestnica z vrtnico Mehka je nakit za \u017eenske, ki so pristne in povezane z naravo. V\u010dasih divje in strastne, drugi\u010d pa nenavadno mile.","og_url":"https:\/\/nanda.si\/sl\/izdelek\/usnjena-zapestnica-venerin-vrt-mehka\/","og_site_name":"Ines Drole Nanda","article_modified_time":"2022-09-14T20:18:07+00:00","og_image":[{"width":600,"height":600,"url":"https:\/\/nanda.si\/wp-content\/uploads\/2022\/07\/usnjena-zapestnica-Venerin-vrt-Mehka-1-.jpg","type":"image\/jpeg"}],"twitter_card":"summary_large_image","twitter_misc":{"Est. reading time":"1 minuta"},"schema":{"@context":"https:\/\/schema.org","@graph":[{"@type":"WebPage","@id":"https:\/\/nanda.si\/sl\/izdelek\/usnjena-zapestnica-venerin-vrt-mehka\/","url":"https:\/\/nanda.si\/sl\/izdelek\/usnjena-zapestnica-venerin-vrt-mehka\/","name":"Ne\u017ena usnjena zapestnica z vrtnico Mehka | Ines Drole Nanda","isPartOf":{"@id":"https:\/\/nanda.si\/sl\/#website"},"primaryImageOfPage":{"@id":"https:\/\/nanda.si\/sl\/izdelek\/usnjena-zapestnica-venerin-vrt-mehka\/#primaryimage"},"image":{"@id":"https:\/\/nanda.si\/sl\/izdelek\/usnjena-zapestnica-venerin-vrt-mehka\/#primaryimage"},"thumbnailUrl":"https:\/\/nanda.si\/wp-content\/uploads\/2022\/07\/usnjena-zapestnica-Venerin-vrt-Mehka-1-.jpg","datePublished":"2022-07-03T08:31:27+00:00","dateModified":"2022-09-14T20:18:07+00:00","description":"Ne\u017ena usnjena zapestnica z vrtnico Mehka je nakit za \u017eenske, ki so pristne in povezane z naravo. V\u010dasih divje in strastne, drugi\u010d pa nenavadno mile.","breadcrumb":{"@id":"https:\/\/nanda.si\/sl\/izdelek\/usnjena-zapestnica-venerin-vrt-mehka\/#breadcrumb"},"inLanguage":"sl-SI","potentialAction":[{"@type":"ReadAction","target":["https:\/\/nanda.si\/sl\/izdelek\/usnjena-zapestnica-venerin-vrt-mehka\/"]}]},{"@type":"ImageObject","inLanguage":"sl-SI","@id":"https:\/\/nanda.si\/sl\/izdelek\/usnjena-zapestnica-venerin-vrt-mehka\/#primaryimage","url":"https:\/\/nanda.si\/wp-content\/uploads\/2022\/07\/usnjena-zapestnica-Venerin-vrt-Mehka-1-.jpg","contentUrl":"https:\/\/nanda.si\/wp-content\/uploads\/2022\/07\/usnjena-zapestnica-Venerin-vrt-Mehka-1-.jpg","width":600,"height":600},{"@type":"BreadcrumbList","@id":"https:\/\/nanda.si\/sl\/izdelek\/usnjena-zapestnica-venerin-vrt-mehka\/#breadcrumb","itemListElement":[{"@type":"ListItem","position":1,"name":"Home","item":"https:\/\/nanda.si\/sl\/"},{"@type":"ListItem","position":2,"name":"Trgovina","item":"https:\/\/nanda.si\/sl\/trgovina\/"},{"@type":"ListItem","position":3,"name":"Ne\u017ena usnjena zapestnica z vrtnico Mehka"}]},{"@type":"WebSite","@id":"https:\/\/nanda.si\/sl\/#website","url":"https:\/\/nanda.si\/sl\/","name":"Ines Drole Nanda","description":"Umetelne tekstilne kreacije za edinstven interier in unikatna obla\u010dila.","publisher":{"@id":"https:\/\/nanda.si\/sl\/#organization"},"potentialAction":[{"@type":"SearchAction","target":{"@type":"EntryPoint","urlTemplate":"https:\/\/nanda.si\/sl\/?s={search_term_string}"},"query-input":{"@type":"PropertyValueSpecification","valueRequired":true,"valueName":"search_term_string"}}],"inLanguage":"sl-SI"},{"@type":"Organization","@id":"https:\/\/nanda.si\/sl\/#organization","name":"Ines Drole NANDA","url":"https:\/\/nanda.si\/sl\/","logo":{"@type":"ImageObject","inLanguage":"sl-SI","@id":"https:\/\/nanda.si\/sl\/#\/schema\/logo\/image\/","url":"https:\/\/nanda.si\/wp-content\/uploads\/2022\/07\/logoNANDA-oval_Res.jpg","contentUrl":"https:\/\/nanda.si\/wp-content\/uploads\/2022\/07\/logoNANDA-oval_Res.jpg","width":600,"height":600,"caption":"Ines Drole NANDA"},"image":{"@id":"https:\/\/nanda.si\/sl\/#\/schema\/logo\/image\/"}}]}},"_links":{"self":[{"href":"https:\/\/nanda.si\/sl\/wp-json\/wp\/v2\/product\/3221","targetHints":{"allow":["GET"]}}],"collection":[{"href":"https:\/\/nanda.si\/sl\/wp-json\/wp\/v2\/product"}],"about":[{"href":"https:\/\/nanda.si\/sl\/wp-json\/wp\/v2\/types\/product"}],"replies":[{"embeddable":true,"href":"https:\/\/nanda.si\/sl\/wp-json\/wp\/v2\/comments?post=3221"}],"wp:featuredmedia":[{"embeddable":true,"href":"https:\/\/nanda.si\/sl\/wp-json\/wp\/v2\/media\/3222"}],"wp:attachment":[{"href":"https:\/\/nanda.si\/sl\/wp-json\/wp\/v2\/media?parent=3221"}],"wp:term":[{"taxonomy":"product_brand","embeddable":true,"href":"https:\/\/nanda.si\/sl\/wp-json\/wp\/v2\/product_brand?post=3221"},{"taxonomy":"product_cat","embeddable":true,"href":"https:\/\/nanda.si\/sl\/wp-json\/wp\/v2\/product_cat?post=3221"},{"taxonomy":"product_tag","embeddable":true,"href":"https:\/\/nanda.si\/sl\/wp-json\/wp\/v2\/product_tag?post=3221"}],"curies":[{"name":"wp","href":"https:\/\/api.w.org\/{rel}","templated":true}]}}