{"id":3213,"date":"2022-07-02T17:11:28","date_gmt":"2022-07-02T17:11:28","guid":{"rendered":"https:\/\/nanda.si\/?post_type=product&#038;p=3213"},"modified":"2022-09-14T14:31:26","modified_gmt":"2022-09-14T14:31:26","slug":"zapestnica-venerin-vrt-sopek","status":"publish","type":"product","link":"https:\/\/nanda.si\/sl\/izdelek\/zapestnica-venerin-vrt-sopek\/","title":{"rendered":"Boho \u0161ik zapestnica iz tekstila \u0160opek"},"content":{"rendered":"<p><span style=\"color: #524343;\">Ta umetelna zapestnica iz tekstila\u00a0 je ro\u010dno izdelan oblikovalski nakit za romanti\u010dne \u017eenske, ki so povezane z naravo . Ta unikatni modni dodatek poudarja \u017eenstvenost in pri\u010dara razpolo\u017eenje. Sozvo\u010dje razli\u010dnih materialov omogo\u010da edinstveno lepoto. Primerna je tako za vsakodnevne prilo\u017enosti kot sve\u010dane dogodke, saj harmoni\u010den dizajn pritegne poglede. <span style=\"font-size: 1.125rem;\">Ta ljubka zapestnica je popoln modni dodatek za\u00a0 romanti\u010den outfit . Sve\u017ee dopolni tudi minimalisti\u010den stil obla\u010denja.<\/span><\/span><\/p>\n<p><span style=\"color: #524343;\">In dan bo cveto\u010d.<\/span><\/p>\n","protected":false},"excerpt":{"rendered":"<h5>Umetelen oblikovalski tekstilni nakit je inovativen unikaten modni dodatek, ki ne\u017eno dopolni stajling in pri\u010dara posebno razpolo\u017eenje. Harmonija razli\u010dnih materialov omogo\u010da pristno lepoto in opazen glamur, ki pritegne poglede. Na temni, 3,5 cm \u0161iroki elastiki z zlatimi \u010drticami, ki je podlo\u017eena s \u010drnim satenastim trakom je centralno name\u0161\u010den \u0161opek barvno usklajenih cvetov. Prepletajo se biserno beli, olivno zlati in odtenki staranega zlata. Cvetovi so dodatno okra\u0161eni z razlil\u010dnimi bijou perlicami, barvno paleto pa dopolnjujejo sku\u0161trani antiko vijola trakci iz organze.\u00a0 Zapenja\u00a0 se s kovinskimi pritiska\u010di, narejena je za zapestje z obsegom do 18 cm.<\/h5>\n<h5>Boho \u0161ik zapestnica iz tekstila \u0160opek je primerna tako za vsakodnevne prilo\u017enosti kot sve\u010dane dogodke. Sofisticiran filigranski dizajn o\u010dara s svojo navidezno krhkostjo in milino. Ta ljubka zapestnica bo osre\u010dila romanti\u010dno razpolo\u017eene in zagotovo popestrila tudi mimalisti\u010den stil.<\/h5>\n<h5>Imitacija cveto\u010de narave.<\/h5>\n<p>&nbsp;<\/p>\n<p>&nbsp;<\/p>\n<p>&nbsp;<\/p>\n","protected":false},"featured_media":3214,"comment_status":"closed","ping_status":"closed","template":"","meta":[],"product_brand":[],"product_cat":[161,119],"product_tag":[],"class_list":{"0":"post-3213","1":"product","2":"type-product","3":"status-publish","4":"has-post-thumbnail","6":"product_cat-modni-dodatki","7":"product_cat-unikatna-oblacila-in-dodatki","9":"first","10":"instock","11":"shipping-taxable","12":"purchasable","13":"product-type-simple"},"yoast_head":"<!-- This site is optimized with the Yoast SEO plugin v27.2 - https:\/\/yoast.com\/product\/yoast-seo-wordpress\/ -->\n<title>Boho \u0161ik zapestnica iz tekstila \u0160opek | Ines Drole Nanda<\/title>\n<meta name=\"description\" content=\"Boho \u0161ik zapestnica iz tekstila \u0160opek je ro\u010dno izdelan oblikovalski nakit za romanti\u010dne. Ta unikatni dodatek poudarja \u017eenstvenost Botticcelijeve Venere.\" \/>\n<meta name=\"robots\" content=\"index, follow, max-snippet:-1, max-image-preview:large, max-video-preview:-1\" \/>\n<link rel=\"canonical\" href=\"https:\/\/nanda.si\/sl\/izdelek\/zapestnica-venerin-vrt-sopek\/\" \/>\n<meta property=\"og:locale\" content=\"sl_SI\" \/>\n<meta property=\"og:type\" content=\"article\" \/>\n<meta property=\"og:title\" content=\"Boho \u0161ik zapestnica iz tekstila \u0160opek | Ines Drole Nanda\" \/>\n<meta property=\"og:description\" content=\"Boho \u0161ik zapestnica iz tekstila \u0160opek je ro\u010dno izdelan oblikovalski nakit za romanti\u010dne. Ta unikatni dodatek poudarja \u017eenstvenost Botticcelijeve Venere.\" \/>\n<meta property=\"og:url\" content=\"https:\/\/nanda.si\/sl\/izdelek\/zapestnica-venerin-vrt-sopek\/\" \/>\n<meta property=\"og:site_name\" content=\"Ines Drole Nanda\" \/>\n<meta property=\"article:modified_time\" content=\"2022-09-14T14:31:26+00:00\" \/>\n<meta property=\"og:image\" content=\"https:\/\/nanda.si\/wp-content\/uploads\/2022\/07\/zapestnica-Venerin-vrt-Sopek-1.jpg\" \/>\n\t<meta property=\"og:image:width\" content=\"699\" \/>\n\t<meta property=\"og:image:height\" content=\"699\" \/>\n\t<meta property=\"og:image:type\" content=\"image\/jpeg\" \/>\n<meta name=\"twitter:card\" content=\"summary_large_image\" \/>\n<meta name=\"twitter:label1\" content=\"Est. reading time\" \/>\n\t<meta name=\"twitter:data1\" content=\"1 minuta\" \/>\n<script type=\"application\/ld+json\" class=\"yoast-schema-graph\">{\"@context\":\"https:\/\/schema.org\",\"@graph\":[{\"@type\":\"WebPage\",\"@id\":\"https:\/\/nanda.si\/sl\/izdelek\/zapestnica-venerin-vrt-sopek\/\",\"url\":\"https:\/\/nanda.si\/sl\/izdelek\/zapestnica-venerin-vrt-sopek\/\",\"name\":\"Boho \u0161ik zapestnica iz tekstila \u0160opek | Ines Drole Nanda\",\"isPartOf\":{\"@id\":\"https:\/\/nanda.si\/sl\/#website\"},\"primaryImageOfPage\":{\"@id\":\"https:\/\/nanda.si\/sl\/izdelek\/zapestnica-venerin-vrt-sopek\/#primaryimage\"},\"image\":{\"@id\":\"https:\/\/nanda.si\/sl\/izdelek\/zapestnica-venerin-vrt-sopek\/#primaryimage\"},\"thumbnailUrl\":\"https:\/\/nanda.si\/wp-content\/uploads\/2022\/07\/zapestnica-Venerin-vrt-Sopek-1.jpg\",\"datePublished\":\"2022-07-02T17:11:28+00:00\",\"dateModified\":\"2022-09-14T14:31:26+00:00\",\"description\":\"Boho \u0161ik zapestnica iz tekstila \u0160opek je ro\u010dno izdelan oblikovalski nakit za romanti\u010dne. Ta unikatni dodatek poudarja \u017eenstvenost Botticcelijeve Venere.\",\"breadcrumb\":{\"@id\":\"https:\/\/nanda.si\/sl\/izdelek\/zapestnica-venerin-vrt-sopek\/#breadcrumb\"},\"inLanguage\":\"sl-SI\",\"potentialAction\":[{\"@type\":\"ReadAction\",\"target\":[\"https:\/\/nanda.si\/sl\/izdelek\/zapestnica-venerin-vrt-sopek\/\"]}]},{\"@type\":\"ImageObject\",\"inLanguage\":\"sl-SI\",\"@id\":\"https:\/\/nanda.si\/sl\/izdelek\/zapestnica-venerin-vrt-sopek\/#primaryimage\",\"url\":\"https:\/\/nanda.si\/wp-content\/uploads\/2022\/07\/zapestnica-Venerin-vrt-Sopek-1.jpg\",\"contentUrl\":\"https:\/\/nanda.si\/wp-content\/uploads\/2022\/07\/zapestnica-Venerin-vrt-Sopek-1.jpg\",\"width\":699,\"height\":699},{\"@type\":\"BreadcrumbList\",\"@id\":\"https:\/\/nanda.si\/sl\/izdelek\/zapestnica-venerin-vrt-sopek\/#breadcrumb\",\"itemListElement\":[{\"@type\":\"ListItem\",\"position\":1,\"name\":\"Home\",\"item\":\"https:\/\/nanda.si\/sl\/\"},{\"@type\":\"ListItem\",\"position\":2,\"name\":\"Trgovina\",\"item\":\"https:\/\/nanda.si\/sl\/trgovina\/\"},{\"@type\":\"ListItem\",\"position\":3,\"name\":\"Boho \u0161ik zapestnica iz tekstila \u0160opek\"}]},{\"@type\":\"WebSite\",\"@id\":\"https:\/\/nanda.si\/sl\/#website\",\"url\":\"https:\/\/nanda.si\/sl\/\",\"name\":\"Ines Drole Nanda\",\"description\":\"Umetelne tekstilne kreacije za edinstven interier in unikatna obla\u010dila.\",\"publisher\":{\"@id\":\"https:\/\/nanda.si\/sl\/#organization\"},\"potentialAction\":[{\"@type\":\"SearchAction\",\"target\":{\"@type\":\"EntryPoint\",\"urlTemplate\":\"https:\/\/nanda.si\/sl\/?s={search_term_string}\"},\"query-input\":{\"@type\":\"PropertyValueSpecification\",\"valueRequired\":true,\"valueName\":\"search_term_string\"}}],\"inLanguage\":\"sl-SI\"},{\"@type\":\"Organization\",\"@id\":\"https:\/\/nanda.si\/sl\/#organization\",\"name\":\"Ines Drole NANDA\",\"url\":\"https:\/\/nanda.si\/sl\/\",\"logo\":{\"@type\":\"ImageObject\",\"inLanguage\":\"sl-SI\",\"@id\":\"https:\/\/nanda.si\/sl\/#\/schema\/logo\/image\/\",\"url\":\"https:\/\/nanda.si\/wp-content\/uploads\/2022\/07\/logoNANDA-oval_Res.jpg\",\"contentUrl\":\"https:\/\/nanda.si\/wp-content\/uploads\/2022\/07\/logoNANDA-oval_Res.jpg\",\"width\":600,\"height\":600,\"caption\":\"Ines Drole NANDA\"},\"image\":{\"@id\":\"https:\/\/nanda.si\/sl\/#\/schema\/logo\/image\/\"}}]}<\/script>\n<!-- \/ Yoast SEO plugin. -->","yoast_head_json":{"title":"Boho \u0161ik zapestnica iz tekstila \u0160opek | Ines Drole Nanda","description":"Boho \u0161ik zapestnica iz tekstila \u0160opek je ro\u010dno izdelan oblikovalski nakit za romanti\u010dne. Ta unikatni dodatek poudarja \u017eenstvenost Botticcelijeve Venere.","robots":{"index":"index","follow":"follow","max-snippet":"max-snippet:-1","max-image-preview":"max-image-preview:large","max-video-preview":"max-video-preview:-1"},"canonical":"https:\/\/nanda.si\/sl\/izdelek\/zapestnica-venerin-vrt-sopek\/","og_locale":"sl_SI","og_type":"article","og_title":"Boho \u0161ik zapestnica iz tekstila \u0160opek | Ines Drole Nanda","og_description":"Boho \u0161ik zapestnica iz tekstila \u0160opek je ro\u010dno izdelan oblikovalski nakit za romanti\u010dne. Ta unikatni dodatek poudarja \u017eenstvenost Botticcelijeve Venere.","og_url":"https:\/\/nanda.si\/sl\/izdelek\/zapestnica-venerin-vrt-sopek\/","og_site_name":"Ines Drole Nanda","article_modified_time":"2022-09-14T14:31:26+00:00","og_image":[{"width":699,"height":699,"url":"https:\/\/nanda.si\/wp-content\/uploads\/2022\/07\/zapestnica-Venerin-vrt-Sopek-1.jpg","type":"image\/jpeg"}],"twitter_card":"summary_large_image","twitter_misc":{"Est. reading time":"1 minuta"},"schema":{"@context":"https:\/\/schema.org","@graph":[{"@type":"WebPage","@id":"https:\/\/nanda.si\/sl\/izdelek\/zapestnica-venerin-vrt-sopek\/","url":"https:\/\/nanda.si\/sl\/izdelek\/zapestnica-venerin-vrt-sopek\/","name":"Boho \u0161ik zapestnica iz tekstila \u0160opek | Ines Drole Nanda","isPartOf":{"@id":"https:\/\/nanda.si\/sl\/#website"},"primaryImageOfPage":{"@id":"https:\/\/nanda.si\/sl\/izdelek\/zapestnica-venerin-vrt-sopek\/#primaryimage"},"image":{"@id":"https:\/\/nanda.si\/sl\/izdelek\/zapestnica-venerin-vrt-sopek\/#primaryimage"},"thumbnailUrl":"https:\/\/nanda.si\/wp-content\/uploads\/2022\/07\/zapestnica-Venerin-vrt-Sopek-1.jpg","datePublished":"2022-07-02T17:11:28+00:00","dateModified":"2022-09-14T14:31:26+00:00","description":"Boho \u0161ik zapestnica iz tekstila \u0160opek je ro\u010dno izdelan oblikovalski nakit za romanti\u010dne. Ta unikatni dodatek poudarja \u017eenstvenost Botticcelijeve Venere.","breadcrumb":{"@id":"https:\/\/nanda.si\/sl\/izdelek\/zapestnica-venerin-vrt-sopek\/#breadcrumb"},"inLanguage":"sl-SI","potentialAction":[{"@type":"ReadAction","target":["https:\/\/nanda.si\/sl\/izdelek\/zapestnica-venerin-vrt-sopek\/"]}]},{"@type":"ImageObject","inLanguage":"sl-SI","@id":"https:\/\/nanda.si\/sl\/izdelek\/zapestnica-venerin-vrt-sopek\/#primaryimage","url":"https:\/\/nanda.si\/wp-content\/uploads\/2022\/07\/zapestnica-Venerin-vrt-Sopek-1.jpg","contentUrl":"https:\/\/nanda.si\/wp-content\/uploads\/2022\/07\/zapestnica-Venerin-vrt-Sopek-1.jpg","width":699,"height":699},{"@type":"BreadcrumbList","@id":"https:\/\/nanda.si\/sl\/izdelek\/zapestnica-venerin-vrt-sopek\/#breadcrumb","itemListElement":[{"@type":"ListItem","position":1,"name":"Home","item":"https:\/\/nanda.si\/sl\/"},{"@type":"ListItem","position":2,"name":"Trgovina","item":"https:\/\/nanda.si\/sl\/trgovina\/"},{"@type":"ListItem","position":3,"name":"Boho \u0161ik zapestnica iz tekstila \u0160opek"}]},{"@type":"WebSite","@id":"https:\/\/nanda.si\/sl\/#website","url":"https:\/\/nanda.si\/sl\/","name":"Ines Drole Nanda","description":"Umetelne tekstilne kreacije za edinstven interier in unikatna obla\u010dila.","publisher":{"@id":"https:\/\/nanda.si\/sl\/#organization"},"potentialAction":[{"@type":"SearchAction","target":{"@type":"EntryPoint","urlTemplate":"https:\/\/nanda.si\/sl\/?s={search_term_string}"},"query-input":{"@type":"PropertyValueSpecification","valueRequired":true,"valueName":"search_term_string"}}],"inLanguage":"sl-SI"},{"@type":"Organization","@id":"https:\/\/nanda.si\/sl\/#organization","name":"Ines Drole NANDA","url":"https:\/\/nanda.si\/sl\/","logo":{"@type":"ImageObject","inLanguage":"sl-SI","@id":"https:\/\/nanda.si\/sl\/#\/schema\/logo\/image\/","url":"https:\/\/nanda.si\/wp-content\/uploads\/2022\/07\/logoNANDA-oval_Res.jpg","contentUrl":"https:\/\/nanda.si\/wp-content\/uploads\/2022\/07\/logoNANDA-oval_Res.jpg","width":600,"height":600,"caption":"Ines Drole NANDA"},"image":{"@id":"https:\/\/nanda.si\/sl\/#\/schema\/logo\/image\/"}}]}},"_links":{"self":[{"href":"https:\/\/nanda.si\/sl\/wp-json\/wp\/v2\/product\/3213","targetHints":{"allow":["GET"]}}],"collection":[{"href":"https:\/\/nanda.si\/sl\/wp-json\/wp\/v2\/product"}],"about":[{"href":"https:\/\/nanda.si\/sl\/wp-json\/wp\/v2\/types\/product"}],"replies":[{"embeddable":true,"href":"https:\/\/nanda.si\/sl\/wp-json\/wp\/v2\/comments?post=3213"}],"wp:featuredmedia":[{"embeddable":true,"href":"https:\/\/nanda.si\/sl\/wp-json\/wp\/v2\/media\/3214"}],"wp:attachment":[{"href":"https:\/\/nanda.si\/sl\/wp-json\/wp\/v2\/media?parent=3213"}],"wp:term":[{"taxonomy":"product_brand","embeddable":true,"href":"https:\/\/nanda.si\/sl\/wp-json\/wp\/v2\/product_brand?post=3213"},{"taxonomy":"product_cat","embeddable":true,"href":"https:\/\/nanda.si\/sl\/wp-json\/wp\/v2\/product_cat?post=3213"},{"taxonomy":"product_tag","embeddable":true,"href":"https:\/\/nanda.si\/sl\/wp-json\/wp\/v2\/product_tag?post=3213"}],"curies":[{"name":"wp","href":"https:\/\/api.w.org\/{rel}","templated":true}]}}