{"id":3099,"date":"2022-06-06T15:11:01","date_gmt":"2022-06-06T15:11:01","guid":{"rendered":"https:\/\/nanda.si\/?post_type=product&#038;p=3099"},"modified":"2023-05-04T20:16:53","modified_gmt":"2023-05-04T20:16:53","slug":"ljubka-unikatna-bela-blazina-crne-vrtnice","status":"publish","type":"product","link":"https:\/\/nanda.si\/sl\/izdelek\/ljubka-unikatna-bela-blazina-crne-vrtnice\/","title":{"rendered":"Ljubka unikatna bela blazina \u010crne vrtnice"},"content":{"rendered":"<div id=\"product-3093\" class=\"layout-v4 clearfix product type-product post-3093 status-publish first instock product_cat-dekoracija-za-dom has-post-thumbnail shipping-taxable purchasable product-type-simple\">\n<div class=\"woocommerce-product-details__description product-description\">\n<p><span style=\"color: #574a4a;\">Okrasne blazine. Umetelne, edinstvene, sofisticirano domi\u0161ljene, romanti\u010dne in o\u010darljive. Razli\u010dnih oblik in velikosti, pravokotne, kvadratne, okrogle ali valjaste. Majhne in velike. Razli\u010dnih barv, vzorcev in materialov.\u00a0 Z ro\u010dno \u0161ivanimi zgodbami, ki v prostoru pustijo svoj pe\u010dat. Kamorkoli blazine v prostoru namestimo, ga zaznamujejo in dokon\u010dno definirajo. Udoma\u010dijo. Personalizirajo. Razgaljajo razpolo\u017eenje. Zamenjava kompleta blazin v sobi v\u010dasih pomeni, kot bi se preselili v nov ambient. Nas vabijo k razvajanju: Ule\u017ei se, naj bom tvoje udobje, odpo\u010dij si. Dekorativne blazine imajo veliko izrazno mo\u010d in ne nudijo samo udobja, temve\u010d tudi estetsko ugodje ekstravagance tekstila. V\u010dasih so tisto pravo darilo. So prava pa\u0161a za o\u010di in nekatere so svojevrstni zbirateljski unikati. Na de\u017eeven dan pa so igra z obmetavanjem. Ali o\u010darljive \u010drne vrtnice na belem damastu v dnevni sobi, ko pijem popoldansko kavo s prijateljico.<\/span><\/p>\n<\/div>\n<\/div>\n<section class=\"related products\">\n<h2>Podobni izdelki<\/h2>\n<\/section>\n","protected":false},"excerpt":{"rendered":"<h5>Ljubka okrasna blazina iz belega damasta z delnim leskom in ro\u010dno \u0161ivanim ornamentom \u010drnih vrtnic iz svile ustvari prijetno atmosfero v vsakem ambientu. Sve\u017eina in doma\u010dnost preseva prostor in \u010detudi je zunaj siv de\u017eeven dan, ti o\u010darljivi cvetovi skoraj dehtijo. Ro\u010dno izdelani detajli blazine pritegnejo pogled obiskovalcev in kreirajo zgodbe, v katerih smo glavni igralci, poslu\u0161ajo na\u0161e zaupne pogovore, so pri\u010da na\u0161ih emocij. Na zadnji strani blazine je dolga dekorativna zadrga s prefinjenim okroglim klju\u010dkom za odpiranje, ki ga krasi imitacija drobnega kristala Swarovski. Snemanje prevleke s polnila je enostavno. Viskozna prevleka za blazino je kompaktna in trpe\u017ena in je preprosta za vzdr\u017eevanje. Pere se lahko v pralnem stroju do 40 stopinj Celzija ali ro\u010dno. Svetuje se likanje po notranji strani. <span style=\"font-size: 1.125rem;\">Polnilo je sinteti\u010dno, lahko se ro\u010dno pere do 30 stopinj C, ne sme pa se likati. Sestava <\/span>100 % PES, te\u017ea 300 g.<\/h5>\n<h5>Dimenzije prevleke blazine\u00a0 je 35 x 68 cm.<\/h5>\n<p>&nbsp;<\/p>\n<p>&nbsp;<\/p>\n<p>&nbsp;<\/p>\n<p>&nbsp;<\/p>\n","protected":false},"featured_media":3100,"comment_status":"closed","ping_status":"closed","template":"","meta":[],"product_brand":[],"product_cat":[118],"product_tag":[],"class_list":{"0":"post-3099","1":"product","2":"type-product","3":"status-publish","4":"has-post-thumbnail","6":"product_cat-dekoracija-za-dom","8":"first","9":"instock","10":"shipping-taxable","11":"purchasable","12":"product-type-simple"},"yoast_head":"<!-- This site is optimized with the Yoast SEO plugin v27.2 - https:\/\/yoast.com\/product\/yoast-seo-wordpress\/ -->\n<title>Ljubka unikatna bela blazina \u010crne vrtnice | Ines Drole Nanda<\/title>\n<meta name=\"description\" content=\"Ljubka okrasna unikatna bela blazina iz damasta in ro\u010dno \u0161ivanih \u010drnih vrtnic iz svile pri\u010dara prijetno atmosfero za vsak ambient.\" \/>\n<meta name=\"robots\" content=\"index, follow, max-snippet:-1, max-image-preview:large, max-video-preview:-1\" \/>\n<link rel=\"canonical\" href=\"https:\/\/nanda.si\/sl\/izdelek\/ljubka-unikatna-bela-blazina-crne-vrtnice\/\" \/>\n<meta property=\"og:locale\" content=\"sl_SI\" \/>\n<meta property=\"og:type\" content=\"article\" \/>\n<meta property=\"og:title\" content=\"Ljubka unikatna bela blazina \u010crne vrtnice | Ines Drole Nanda\" \/>\n<meta property=\"og:description\" content=\"Ljubka okrasna unikatna bela blazina iz damasta in ro\u010dno \u0161ivanih \u010drnih vrtnic iz svile pri\u010dara prijetno atmosfero za vsak ambient.\" \/>\n<meta property=\"og:url\" content=\"https:\/\/nanda.si\/sl\/izdelek\/ljubka-unikatna-bela-blazina-crne-vrtnice\/\" \/>\n<meta property=\"og:site_name\" content=\"Ines Drole Nanda\" \/>\n<meta property=\"article:modified_time\" content=\"2023-05-04T20:16:53+00:00\" \/>\n<meta property=\"og:image\" content=\"https:\/\/nanda.si\/wp-content\/uploads\/2022\/06\/okrasna-blazina_crne-vrtnice-v-belem-R.jpg\" \/>\n\t<meta property=\"og:image:width\" content=\"600\" \/>\n\t<meta property=\"og:image:height\" content=\"600\" \/>\n\t<meta property=\"og:image:type\" content=\"image\/jpeg\" \/>\n<meta name=\"twitter:card\" content=\"summary_large_image\" \/>\n<meta name=\"twitter:label1\" content=\"Est. reading time\" \/>\n\t<meta name=\"twitter:data1\" content=\"1 minuta\" \/>\n<script type=\"application\/ld+json\" class=\"yoast-schema-graph\">{\"@context\":\"https:\/\/schema.org\",\"@graph\":[{\"@type\":\"WebPage\",\"@id\":\"https:\/\/nanda.si\/sl\/izdelek\/ljubka-unikatna-bela-blazina-crne-vrtnice\/\",\"url\":\"https:\/\/nanda.si\/sl\/izdelek\/ljubka-unikatna-bela-blazina-crne-vrtnice\/\",\"name\":\"Ljubka unikatna bela blazina \u010crne vrtnice | Ines Drole Nanda\",\"isPartOf\":{\"@id\":\"https:\/\/nanda.si\/sl\/#website\"},\"primaryImageOfPage\":{\"@id\":\"https:\/\/nanda.si\/sl\/izdelek\/ljubka-unikatna-bela-blazina-crne-vrtnice\/#primaryimage\"},\"image\":{\"@id\":\"https:\/\/nanda.si\/sl\/izdelek\/ljubka-unikatna-bela-blazina-crne-vrtnice\/#primaryimage\"},\"thumbnailUrl\":\"https:\/\/nanda.si\/wp-content\/uploads\/2022\/06\/okrasna-blazina_crne-vrtnice-v-belem-R.jpg\",\"datePublished\":\"2022-06-06T15:11:01+00:00\",\"dateModified\":\"2023-05-04T20:16:53+00:00\",\"description\":\"Ljubka okrasna unikatna bela blazina iz damasta in ro\u010dno \u0161ivanih \u010drnih vrtnic iz svile pri\u010dara prijetno atmosfero za vsak ambient.\",\"breadcrumb\":{\"@id\":\"https:\/\/nanda.si\/sl\/izdelek\/ljubka-unikatna-bela-blazina-crne-vrtnice\/#breadcrumb\"},\"inLanguage\":\"sl-SI\",\"potentialAction\":[{\"@type\":\"ReadAction\",\"target\":[\"https:\/\/nanda.si\/sl\/izdelek\/ljubka-unikatna-bela-blazina-crne-vrtnice\/\"]}]},{\"@type\":\"ImageObject\",\"inLanguage\":\"sl-SI\",\"@id\":\"https:\/\/nanda.si\/sl\/izdelek\/ljubka-unikatna-bela-blazina-crne-vrtnice\/#primaryimage\",\"url\":\"https:\/\/nanda.si\/wp-content\/uploads\/2022\/06\/okrasna-blazina_crne-vrtnice-v-belem-R.jpg\",\"contentUrl\":\"https:\/\/nanda.si\/wp-content\/uploads\/2022\/06\/okrasna-blazina_crne-vrtnice-v-belem-R.jpg\",\"width\":600,\"height\":600},{\"@type\":\"BreadcrumbList\",\"@id\":\"https:\/\/nanda.si\/sl\/izdelek\/ljubka-unikatna-bela-blazina-crne-vrtnice\/#breadcrumb\",\"itemListElement\":[{\"@type\":\"ListItem\",\"position\":1,\"name\":\"Home\",\"item\":\"https:\/\/nanda.si\/sl\/\"},{\"@type\":\"ListItem\",\"position\":2,\"name\":\"Trgovina\",\"item\":\"https:\/\/nanda.si\/sl\/trgovina\/\"},{\"@type\":\"ListItem\",\"position\":3,\"name\":\"Ljubka unikatna bela blazina \u010crne vrtnice\"}]},{\"@type\":\"WebSite\",\"@id\":\"https:\/\/nanda.si\/sl\/#website\",\"url\":\"https:\/\/nanda.si\/sl\/\",\"name\":\"Ines Drole Nanda\",\"description\":\"Umetelne tekstilne kreacije za edinstven interier in unikatna obla\u010dila.\",\"publisher\":{\"@id\":\"https:\/\/nanda.si\/sl\/#organization\"},\"potentialAction\":[{\"@type\":\"SearchAction\",\"target\":{\"@type\":\"EntryPoint\",\"urlTemplate\":\"https:\/\/nanda.si\/sl\/?s={search_term_string}\"},\"query-input\":{\"@type\":\"PropertyValueSpecification\",\"valueRequired\":true,\"valueName\":\"search_term_string\"}}],\"inLanguage\":\"sl-SI\"},{\"@type\":\"Organization\",\"@id\":\"https:\/\/nanda.si\/sl\/#organization\",\"name\":\"Ines Drole NANDA\",\"url\":\"https:\/\/nanda.si\/sl\/\",\"logo\":{\"@type\":\"ImageObject\",\"inLanguage\":\"sl-SI\",\"@id\":\"https:\/\/nanda.si\/sl\/#\/schema\/logo\/image\/\",\"url\":\"https:\/\/nanda.si\/wp-content\/uploads\/2022\/07\/logoNANDA-oval_Res.jpg\",\"contentUrl\":\"https:\/\/nanda.si\/wp-content\/uploads\/2022\/07\/logoNANDA-oval_Res.jpg\",\"width\":600,\"height\":600,\"caption\":\"Ines Drole NANDA\"},\"image\":{\"@id\":\"https:\/\/nanda.si\/sl\/#\/schema\/logo\/image\/\"}}]}<\/script>\n<!-- \/ Yoast SEO plugin. -->","yoast_head_json":{"title":"Ljubka unikatna bela blazina \u010crne vrtnice | Ines Drole Nanda","description":"Ljubka okrasna unikatna bela blazina iz damasta in ro\u010dno \u0161ivanih \u010drnih vrtnic iz svile pri\u010dara prijetno atmosfero za vsak ambient.","robots":{"index":"index","follow":"follow","max-snippet":"max-snippet:-1","max-image-preview":"max-image-preview:large","max-video-preview":"max-video-preview:-1"},"canonical":"https:\/\/nanda.si\/sl\/izdelek\/ljubka-unikatna-bela-blazina-crne-vrtnice\/","og_locale":"sl_SI","og_type":"article","og_title":"Ljubka unikatna bela blazina \u010crne vrtnice | Ines Drole Nanda","og_description":"Ljubka okrasna unikatna bela blazina iz damasta in ro\u010dno \u0161ivanih \u010drnih vrtnic iz svile pri\u010dara prijetno atmosfero za vsak ambient.","og_url":"https:\/\/nanda.si\/sl\/izdelek\/ljubka-unikatna-bela-blazina-crne-vrtnice\/","og_site_name":"Ines Drole Nanda","article_modified_time":"2023-05-04T20:16:53+00:00","og_image":[{"width":600,"height":600,"url":"https:\/\/nanda.si\/wp-content\/uploads\/2022\/06\/okrasna-blazina_crne-vrtnice-v-belem-R.jpg","type":"image\/jpeg"}],"twitter_card":"summary_large_image","twitter_misc":{"Est. reading time":"1 minuta"},"schema":{"@context":"https:\/\/schema.org","@graph":[{"@type":"WebPage","@id":"https:\/\/nanda.si\/sl\/izdelek\/ljubka-unikatna-bela-blazina-crne-vrtnice\/","url":"https:\/\/nanda.si\/sl\/izdelek\/ljubka-unikatna-bela-blazina-crne-vrtnice\/","name":"Ljubka unikatna bela blazina \u010crne vrtnice | Ines Drole Nanda","isPartOf":{"@id":"https:\/\/nanda.si\/sl\/#website"},"primaryImageOfPage":{"@id":"https:\/\/nanda.si\/sl\/izdelek\/ljubka-unikatna-bela-blazina-crne-vrtnice\/#primaryimage"},"image":{"@id":"https:\/\/nanda.si\/sl\/izdelek\/ljubka-unikatna-bela-blazina-crne-vrtnice\/#primaryimage"},"thumbnailUrl":"https:\/\/nanda.si\/wp-content\/uploads\/2022\/06\/okrasna-blazina_crne-vrtnice-v-belem-R.jpg","datePublished":"2022-06-06T15:11:01+00:00","dateModified":"2023-05-04T20:16:53+00:00","description":"Ljubka okrasna unikatna bela blazina iz damasta in ro\u010dno \u0161ivanih \u010drnih vrtnic iz svile pri\u010dara prijetno atmosfero za vsak ambient.","breadcrumb":{"@id":"https:\/\/nanda.si\/sl\/izdelek\/ljubka-unikatna-bela-blazina-crne-vrtnice\/#breadcrumb"},"inLanguage":"sl-SI","potentialAction":[{"@type":"ReadAction","target":["https:\/\/nanda.si\/sl\/izdelek\/ljubka-unikatna-bela-blazina-crne-vrtnice\/"]}]},{"@type":"ImageObject","inLanguage":"sl-SI","@id":"https:\/\/nanda.si\/sl\/izdelek\/ljubka-unikatna-bela-blazina-crne-vrtnice\/#primaryimage","url":"https:\/\/nanda.si\/wp-content\/uploads\/2022\/06\/okrasna-blazina_crne-vrtnice-v-belem-R.jpg","contentUrl":"https:\/\/nanda.si\/wp-content\/uploads\/2022\/06\/okrasna-blazina_crne-vrtnice-v-belem-R.jpg","width":600,"height":600},{"@type":"BreadcrumbList","@id":"https:\/\/nanda.si\/sl\/izdelek\/ljubka-unikatna-bela-blazina-crne-vrtnice\/#breadcrumb","itemListElement":[{"@type":"ListItem","position":1,"name":"Home","item":"https:\/\/nanda.si\/sl\/"},{"@type":"ListItem","position":2,"name":"Trgovina","item":"https:\/\/nanda.si\/sl\/trgovina\/"},{"@type":"ListItem","position":3,"name":"Ljubka unikatna bela blazina \u010crne vrtnice"}]},{"@type":"WebSite","@id":"https:\/\/nanda.si\/sl\/#website","url":"https:\/\/nanda.si\/sl\/","name":"Ines Drole Nanda","description":"Umetelne tekstilne kreacije za edinstven interier in unikatna obla\u010dila.","publisher":{"@id":"https:\/\/nanda.si\/sl\/#organization"},"potentialAction":[{"@type":"SearchAction","target":{"@type":"EntryPoint","urlTemplate":"https:\/\/nanda.si\/sl\/?s={search_term_string}"},"query-input":{"@type":"PropertyValueSpecification","valueRequired":true,"valueName":"search_term_string"}}],"inLanguage":"sl-SI"},{"@type":"Organization","@id":"https:\/\/nanda.si\/sl\/#organization","name":"Ines Drole NANDA","url":"https:\/\/nanda.si\/sl\/","logo":{"@type":"ImageObject","inLanguage":"sl-SI","@id":"https:\/\/nanda.si\/sl\/#\/schema\/logo\/image\/","url":"https:\/\/nanda.si\/wp-content\/uploads\/2022\/07\/logoNANDA-oval_Res.jpg","contentUrl":"https:\/\/nanda.si\/wp-content\/uploads\/2022\/07\/logoNANDA-oval_Res.jpg","width":600,"height":600,"caption":"Ines Drole NANDA"},"image":{"@id":"https:\/\/nanda.si\/sl\/#\/schema\/logo\/image\/"}}]}},"_links":{"self":[{"href":"https:\/\/nanda.si\/sl\/wp-json\/wp\/v2\/product\/3099","targetHints":{"allow":["GET"]}}],"collection":[{"href":"https:\/\/nanda.si\/sl\/wp-json\/wp\/v2\/product"}],"about":[{"href":"https:\/\/nanda.si\/sl\/wp-json\/wp\/v2\/types\/product"}],"replies":[{"embeddable":true,"href":"https:\/\/nanda.si\/sl\/wp-json\/wp\/v2\/comments?post=3099"}],"wp:featuredmedia":[{"embeddable":true,"href":"https:\/\/nanda.si\/sl\/wp-json\/wp\/v2\/media\/3100"}],"wp:attachment":[{"href":"https:\/\/nanda.si\/sl\/wp-json\/wp\/v2\/media?parent=3099"}],"wp:term":[{"taxonomy":"product_brand","embeddable":true,"href":"https:\/\/nanda.si\/sl\/wp-json\/wp\/v2\/product_brand?post=3099"},{"taxonomy":"product_cat","embeddable":true,"href":"https:\/\/nanda.si\/sl\/wp-json\/wp\/v2\/product_cat?post=3099"},{"taxonomy":"product_tag","embeddable":true,"href":"https:\/\/nanda.si\/sl\/wp-json\/wp\/v2\/product_tag?post=3099"}],"curies":[{"name":"wp","href":"https:\/\/api.w.org\/{rel}","templated":true}]}}