{"id":3039,"date":"2022-06-03T17:58:32","date_gmt":"2022-06-03T17:58:32","guid":{"rendered":"https:\/\/nanda.si\/?post_type=product&#038;p=3039"},"modified":"2023-02-11T10:16:47","modified_gmt":"2023-02-11T10:16:47","slug":"zapeljiv-dekorativen-vzglavnik-purpurno-ugodje","status":"publish","type":"product","link":"https:\/\/nanda.si\/sl\/izdelek\/zapeljiv-dekorativen-vzglavnik-purpurno-ugodje\/","title":{"rendered":"Zapeljiv dekorativen vzglavnik Purpurno ugodje"},"content":{"rendered":"<p><span style=\"color: #453737;\">Okrasne blazine. Umetelne, edinstvene, sofisticirano domi\u0161ljene, romanti\u010dne in o\u010darljive. Razli\u010dnih oblik in velikosti, pravokotne, kvadratne, okrogle ali valjaste. Majhne in velike. Razli\u010dnih barv, vzorcev in materialov.\u00a0 Z ro\u010dno \u0161ivanimi zgodbami, ki v prostoru pustijo svoj pe\u010dat. Kamorkoli blazine v prostoru namestimo, ga zaznamujejo in dokon\u010dno definirajo. Udoma\u010dijo. Personalizirajo.\u00a0 Zamenjava kompleta blazin v sobi v\u010dasih pomeni kot bi se preselili v nov ambient. Dekorativne blazine imajo veliko izrazno mo\u010d in nudijo samo udobja temve\u010d tudi estetsko ugodje ekstravagance tekstila. So prava pa\u0161a za o\u010di in nekatere so svojevrstni zbirateljski unikati. Za nekoga tisto perfektno darilo. V\u010dasih pa so igra z obmetavanjem. Ali asociacija divjine, kot je Purpurna \u010dutnost, zapeljiv vzglavnik, ki buri drzno domi\u0161ljijo .<\/span><\/p>\n","protected":false},"excerpt":{"rendered":"<p>&nbsp;<\/p>\n<h5>Zapeljiv dekorativen vzglavnik Purpurna \u010dutnost je vzglavnik s seksapilom. Je asociacija divjine, narejen iz odli\u010dne imitacije ka\u010djega usnja. Prepletajo se \u010dutni odtenki temno bordo in tople rjave barve, ki pod dolo\u010denim kotom svetlobe reflektira skoraj kot \u010drna. Tkanina je brez leska, mehka in prijetna na otip. Je valjaste oblike in v spojnem \u0161ivu je vstavljena elegantna zadrga s\u00a0 srebrnim pali\u010dastim klju\u010dkom. Ta brez\u010dasna okrasna blazina ustvari senzualno atmosfero kamorkoli jo umestite. Doda ugodje dnevni sobi in buri domi\u0161ljijo v spalnici. Je preprosta za vzdr\u017eevanje. Lahko se pere v pralnem stroju, priporo\u010deno je pranje brez centrifuge, do 30 stopinj Celzija. Ro\u010dno pranje zagotavlja dalj\u0161o obstojnost. Likanje ni potrebno. Polnilo je sinteti\u010dno , 100 % PES in ima te\u017eo 300 g. Lahko se ga ro\u010dno pere do 30 stopinj C, likanje ni dovoljeno. Vzglavnik ima obliko valja, je dol\u017eine 52 cm in premera 23cm.<\/h5>\n<p>&nbsp;<\/p>\n<p>&nbsp;<\/p>\n","protected":false},"featured_media":3046,"comment_status":"closed","ping_status":"closed","template":"","meta":[],"product_brand":[],"product_cat":[118],"product_tag":[],"class_list":{"0":"post-3039","1":"product","2":"type-product","3":"status-publish","4":"has-post-thumbnail","6":"product_cat-dekoracija-za-dom","8":"first","9":"instock","10":"shipping-taxable","11":"purchasable","12":"product-type-simple"},"yoast_head":"<!-- This site is optimized with the Yoast SEO plugin v27.2 - https:\/\/yoast.com\/product\/yoast-seo-wordpress\/ -->\n<title>Zapeljiv dekorativen vzglavnik Purpurno ugodje | Ines Drole Nanda<\/title>\n<meta name=\"description\" content=\"Zapeljiv dekorativen vzglavnik Purpurno udobje je vzglavnik s seksapilom.\" \/>\n<meta name=\"robots\" content=\"index, follow, max-snippet:-1, max-image-preview:large, max-video-preview:-1\" \/>\n<link rel=\"canonical\" href=\"https:\/\/nanda.si\/sl\/izdelek\/zapeljiv-dekorativen-vzglavnik-purpurno-ugodje\/\" \/>\n<meta property=\"og:locale\" content=\"sl_SI\" \/>\n<meta property=\"og:type\" content=\"article\" \/>\n<meta property=\"og:title\" content=\"Zapeljiv dekorativen vzglavnik Purpurno ugodje | Ines Drole Nanda\" \/>\n<meta property=\"og:description\" content=\"Zapeljiv dekorativen vzglavnik Purpurno udobje je vzglavnik s seksapilom.\" \/>\n<meta property=\"og:url\" content=\"https:\/\/nanda.si\/sl\/izdelek\/zapeljiv-dekorativen-vzglavnik-purpurno-ugodje\/\" \/>\n<meta property=\"og:site_name\" content=\"Ines Drole Nanda\" \/>\n<meta property=\"article:modified_time\" content=\"2023-02-11T10:16:47+00:00\" \/>\n<meta property=\"og:image\" content=\"https:\/\/nanda.si\/wp-content\/uploads\/2022\/06\/okrogla-dekorativna-blazina_imitacija-kacja-koza_R.jpg\" \/>\n\t<meta property=\"og:image:width\" content=\"600\" \/>\n\t<meta property=\"og:image:height\" content=\"600\" \/>\n\t<meta property=\"og:image:type\" content=\"image\/jpeg\" \/>\n<meta name=\"twitter:card\" content=\"summary_large_image\" \/>\n<meta name=\"twitter:label1\" content=\"Est. reading time\" \/>\n\t<meta name=\"twitter:data1\" content=\"1 minuta\" \/>\n<script type=\"application\/ld+json\" class=\"yoast-schema-graph\">{\"@context\":\"https:\/\/schema.org\",\"@graph\":[{\"@type\":\"WebPage\",\"@id\":\"https:\/\/nanda.si\/sl\/izdelek\/zapeljiv-dekorativen-vzglavnik-purpurno-ugodje\/\",\"url\":\"https:\/\/nanda.si\/sl\/izdelek\/zapeljiv-dekorativen-vzglavnik-purpurno-ugodje\/\",\"name\":\"Zapeljiv dekorativen vzglavnik Purpurno ugodje | Ines Drole Nanda\",\"isPartOf\":{\"@id\":\"https:\/\/nanda.si\/sl\/#website\"},\"primaryImageOfPage\":{\"@id\":\"https:\/\/nanda.si\/sl\/izdelek\/zapeljiv-dekorativen-vzglavnik-purpurno-ugodje\/#primaryimage\"},\"image\":{\"@id\":\"https:\/\/nanda.si\/sl\/izdelek\/zapeljiv-dekorativen-vzglavnik-purpurno-ugodje\/#primaryimage\"},\"thumbnailUrl\":\"https:\/\/nanda.si\/wp-content\/uploads\/2022\/06\/okrogla-dekorativna-blazina_imitacija-kacja-koza_R.jpg\",\"datePublished\":\"2022-06-03T17:58:32+00:00\",\"dateModified\":\"2023-02-11T10:16:47+00:00\",\"description\":\"Zapeljiv dekorativen vzglavnik Purpurno udobje je vzglavnik s seksapilom.\",\"breadcrumb\":{\"@id\":\"https:\/\/nanda.si\/sl\/izdelek\/zapeljiv-dekorativen-vzglavnik-purpurno-ugodje\/#breadcrumb\"},\"inLanguage\":\"sl-SI\",\"potentialAction\":[{\"@type\":\"ReadAction\",\"target\":[\"https:\/\/nanda.si\/sl\/izdelek\/zapeljiv-dekorativen-vzglavnik-purpurno-ugodje\/\"]}]},{\"@type\":\"ImageObject\",\"inLanguage\":\"sl-SI\",\"@id\":\"https:\/\/nanda.si\/sl\/izdelek\/zapeljiv-dekorativen-vzglavnik-purpurno-ugodje\/#primaryimage\",\"url\":\"https:\/\/nanda.si\/wp-content\/uploads\/2022\/06\/okrogla-dekorativna-blazina_imitacija-kacja-koza_R.jpg\",\"contentUrl\":\"https:\/\/nanda.si\/wp-content\/uploads\/2022\/06\/okrogla-dekorativna-blazina_imitacija-kacja-koza_R.jpg\",\"width\":600,\"height\":600},{\"@type\":\"BreadcrumbList\",\"@id\":\"https:\/\/nanda.si\/sl\/izdelek\/zapeljiv-dekorativen-vzglavnik-purpurno-ugodje\/#breadcrumb\",\"itemListElement\":[{\"@type\":\"ListItem\",\"position\":1,\"name\":\"Home\",\"item\":\"https:\/\/nanda.si\/sl\/\"},{\"@type\":\"ListItem\",\"position\":2,\"name\":\"Trgovina\",\"item\":\"https:\/\/nanda.si\/sl\/trgovina\/\"},{\"@type\":\"ListItem\",\"position\":3,\"name\":\"Zapeljiv dekorativen vzglavnik Purpurno ugodje\"}]},{\"@type\":\"WebSite\",\"@id\":\"https:\/\/nanda.si\/sl\/#website\",\"url\":\"https:\/\/nanda.si\/sl\/\",\"name\":\"Ines Drole Nanda\",\"description\":\"Umetelne tekstilne kreacije za edinstven interier in unikatna obla\u010dila.\",\"publisher\":{\"@id\":\"https:\/\/nanda.si\/sl\/#organization\"},\"potentialAction\":[{\"@type\":\"SearchAction\",\"target\":{\"@type\":\"EntryPoint\",\"urlTemplate\":\"https:\/\/nanda.si\/sl\/?s={search_term_string}\"},\"query-input\":{\"@type\":\"PropertyValueSpecification\",\"valueRequired\":true,\"valueName\":\"search_term_string\"}}],\"inLanguage\":\"sl-SI\"},{\"@type\":\"Organization\",\"@id\":\"https:\/\/nanda.si\/sl\/#organization\",\"name\":\"Ines Drole NANDA\",\"url\":\"https:\/\/nanda.si\/sl\/\",\"logo\":{\"@type\":\"ImageObject\",\"inLanguage\":\"sl-SI\",\"@id\":\"https:\/\/nanda.si\/sl\/#\/schema\/logo\/image\/\",\"url\":\"https:\/\/nanda.si\/wp-content\/uploads\/2022\/07\/logoNANDA-oval_Res.jpg\",\"contentUrl\":\"https:\/\/nanda.si\/wp-content\/uploads\/2022\/07\/logoNANDA-oval_Res.jpg\",\"width\":600,\"height\":600,\"caption\":\"Ines Drole NANDA\"},\"image\":{\"@id\":\"https:\/\/nanda.si\/sl\/#\/schema\/logo\/image\/\"}}]}<\/script>\n<!-- \/ Yoast SEO plugin. -->","yoast_head_json":{"title":"Zapeljiv dekorativen vzglavnik Purpurno ugodje | Ines Drole Nanda","description":"Zapeljiv dekorativen vzglavnik Purpurno udobje je vzglavnik s seksapilom.","robots":{"index":"index","follow":"follow","max-snippet":"max-snippet:-1","max-image-preview":"max-image-preview:large","max-video-preview":"max-video-preview:-1"},"canonical":"https:\/\/nanda.si\/sl\/izdelek\/zapeljiv-dekorativen-vzglavnik-purpurno-ugodje\/","og_locale":"sl_SI","og_type":"article","og_title":"Zapeljiv dekorativen vzglavnik Purpurno ugodje | Ines Drole Nanda","og_description":"Zapeljiv dekorativen vzglavnik Purpurno udobje je vzglavnik s seksapilom.","og_url":"https:\/\/nanda.si\/sl\/izdelek\/zapeljiv-dekorativen-vzglavnik-purpurno-ugodje\/","og_site_name":"Ines Drole Nanda","article_modified_time":"2023-02-11T10:16:47+00:00","og_image":[{"width":600,"height":600,"url":"https:\/\/nanda.si\/wp-content\/uploads\/2022\/06\/okrogla-dekorativna-blazina_imitacija-kacja-koza_R.jpg","type":"image\/jpeg"}],"twitter_card":"summary_large_image","twitter_misc":{"Est. reading time":"1 minuta"},"schema":{"@context":"https:\/\/schema.org","@graph":[{"@type":"WebPage","@id":"https:\/\/nanda.si\/sl\/izdelek\/zapeljiv-dekorativen-vzglavnik-purpurno-ugodje\/","url":"https:\/\/nanda.si\/sl\/izdelek\/zapeljiv-dekorativen-vzglavnik-purpurno-ugodje\/","name":"Zapeljiv dekorativen vzglavnik Purpurno ugodje | Ines Drole Nanda","isPartOf":{"@id":"https:\/\/nanda.si\/sl\/#website"},"primaryImageOfPage":{"@id":"https:\/\/nanda.si\/sl\/izdelek\/zapeljiv-dekorativen-vzglavnik-purpurno-ugodje\/#primaryimage"},"image":{"@id":"https:\/\/nanda.si\/sl\/izdelek\/zapeljiv-dekorativen-vzglavnik-purpurno-ugodje\/#primaryimage"},"thumbnailUrl":"https:\/\/nanda.si\/wp-content\/uploads\/2022\/06\/okrogla-dekorativna-blazina_imitacija-kacja-koza_R.jpg","datePublished":"2022-06-03T17:58:32+00:00","dateModified":"2023-02-11T10:16:47+00:00","description":"Zapeljiv dekorativen vzglavnik Purpurno udobje je vzglavnik s seksapilom.","breadcrumb":{"@id":"https:\/\/nanda.si\/sl\/izdelek\/zapeljiv-dekorativen-vzglavnik-purpurno-ugodje\/#breadcrumb"},"inLanguage":"sl-SI","potentialAction":[{"@type":"ReadAction","target":["https:\/\/nanda.si\/sl\/izdelek\/zapeljiv-dekorativen-vzglavnik-purpurno-ugodje\/"]}]},{"@type":"ImageObject","inLanguage":"sl-SI","@id":"https:\/\/nanda.si\/sl\/izdelek\/zapeljiv-dekorativen-vzglavnik-purpurno-ugodje\/#primaryimage","url":"https:\/\/nanda.si\/wp-content\/uploads\/2022\/06\/okrogla-dekorativna-blazina_imitacija-kacja-koza_R.jpg","contentUrl":"https:\/\/nanda.si\/wp-content\/uploads\/2022\/06\/okrogla-dekorativna-blazina_imitacija-kacja-koza_R.jpg","width":600,"height":600},{"@type":"BreadcrumbList","@id":"https:\/\/nanda.si\/sl\/izdelek\/zapeljiv-dekorativen-vzglavnik-purpurno-ugodje\/#breadcrumb","itemListElement":[{"@type":"ListItem","position":1,"name":"Home","item":"https:\/\/nanda.si\/sl\/"},{"@type":"ListItem","position":2,"name":"Trgovina","item":"https:\/\/nanda.si\/sl\/trgovina\/"},{"@type":"ListItem","position":3,"name":"Zapeljiv dekorativen vzglavnik Purpurno ugodje"}]},{"@type":"WebSite","@id":"https:\/\/nanda.si\/sl\/#website","url":"https:\/\/nanda.si\/sl\/","name":"Ines Drole Nanda","description":"Umetelne tekstilne kreacije za edinstven interier in unikatna obla\u010dila.","publisher":{"@id":"https:\/\/nanda.si\/sl\/#organization"},"potentialAction":[{"@type":"SearchAction","target":{"@type":"EntryPoint","urlTemplate":"https:\/\/nanda.si\/sl\/?s={search_term_string}"},"query-input":{"@type":"PropertyValueSpecification","valueRequired":true,"valueName":"search_term_string"}}],"inLanguage":"sl-SI"},{"@type":"Organization","@id":"https:\/\/nanda.si\/sl\/#organization","name":"Ines Drole NANDA","url":"https:\/\/nanda.si\/sl\/","logo":{"@type":"ImageObject","inLanguage":"sl-SI","@id":"https:\/\/nanda.si\/sl\/#\/schema\/logo\/image\/","url":"https:\/\/nanda.si\/wp-content\/uploads\/2022\/07\/logoNANDA-oval_Res.jpg","contentUrl":"https:\/\/nanda.si\/wp-content\/uploads\/2022\/07\/logoNANDA-oval_Res.jpg","width":600,"height":600,"caption":"Ines Drole NANDA"},"image":{"@id":"https:\/\/nanda.si\/sl\/#\/schema\/logo\/image\/"}}]}},"_links":{"self":[{"href":"https:\/\/nanda.si\/sl\/wp-json\/wp\/v2\/product\/3039","targetHints":{"allow":["GET"]}}],"collection":[{"href":"https:\/\/nanda.si\/sl\/wp-json\/wp\/v2\/product"}],"about":[{"href":"https:\/\/nanda.si\/sl\/wp-json\/wp\/v2\/types\/product"}],"replies":[{"embeddable":true,"href":"https:\/\/nanda.si\/sl\/wp-json\/wp\/v2\/comments?post=3039"}],"wp:featuredmedia":[{"embeddable":true,"href":"https:\/\/nanda.si\/sl\/wp-json\/wp\/v2\/media\/3046"}],"wp:attachment":[{"href":"https:\/\/nanda.si\/sl\/wp-json\/wp\/v2\/media?parent=3039"}],"wp:term":[{"taxonomy":"product_brand","embeddable":true,"href":"https:\/\/nanda.si\/sl\/wp-json\/wp\/v2\/product_brand?post=3039"},{"taxonomy":"product_cat","embeddable":true,"href":"https:\/\/nanda.si\/sl\/wp-json\/wp\/v2\/product_cat?post=3039"},{"taxonomy":"product_tag","embeddable":true,"href":"https:\/\/nanda.si\/sl\/wp-json\/wp\/v2\/product_tag?post=3039"}],"curies":[{"name":"wp","href":"https:\/\/api.w.org\/{rel}","templated":true}]}}