{"id":3004,"date":"2022-05-29T17:52:49","date_gmt":"2022-05-29T17:52:49","guid":{"rendered":"https:\/\/nanda.si\/?post_type=product&#038;p=3004"},"modified":"2023-01-30T20:53:48","modified_gmt":"2023-01-30T20:53:48","slug":"unikatna-vijolicna-dekorativna-blazina-venerin-cvet","status":"publish","type":"product","link":"https:\/\/nanda.si\/sl\/izdelek\/unikatna-vijolicna-dekorativna-blazina-venerin-cvet\/","title":{"rendered":"Unikatna vijoli\u010dna dekorativna blazina Venerin cvet"},"content":{"rendered":"<h5><span style=\"color: #524646;\">Okrasne blazine. Umetelne, edinstvene, sofisticirano domi\u0161ljene, romanti\u010dne in o\u010darljive. Razli\u010dnih oblik in velikosti, pravokotne, kvadratne, okrogle ali valjaste. Majhne in velike. Razli\u010dnih barv, vzorcev in materialov.\u00a0 Z ro\u010dno \u0161ivanimi zgodbami, ki v prostoru pustijo svoj pe\u010dat. Kamorkoli blazine v prostoru namestimo, ga zaznamujejo in dokon\u010dno definirajo. Udoma\u010dijo. Zamenjava kompleta blazin v sobi v\u010dasih pomeni kot bi se preselili v nov ambient. Dekorativne blazine imajo veliko izrazno mo\u010d in v prostor ne vna\u0161ajo samo udobja temve\u010d tudi estetsko ugodje ekstravagance tekstila. So prava pa\u0161a za o\u010di in nekatere so svojevrstni zbirateljski unikati. V\u010dasih pa so igra z obmetavanjem. Podpora glavi in vratu. Ali zbirka nenavadnih cvetov, tak kot je temno vijoli\u010den senzualen Venerin cvet, ki buri domi\u0161ljijo.<\/span><\/h5>\n<h5><\/h5>\n","protected":false},"excerpt":{"rendered":"<h5>Temno vijoli\u010dna brez\u010dasna okrasna blazina iz me\u010dkanke tafta in\u00a0 motiv abstraktnega cveta prijetno dopolni vsak prostor. Doda udobje dnevni sobi, ter romantiko in senzualnost v spalnici. Ima ustrezne tehni\u010dne lastnosti za vzdr\u017eevanje, <em>acetatno naravno vlakno<\/em> prevleke za blazino je trpe\u017eno. Lahko se pere v pralnem stroju. Priporo\u010deno je pranje v za\u0161\u010ditni vre\u010dki, brez centrifuge do 40 stopinj Celzija. Likanje ni potrebno, po pranju reliefna\u00a0 struktura me\u010dkanke \u0161e lep\u0161e za\u017eivi. \u010ce pa \u017eelite blazino zlikati, se priporo\u010da\u00a0 likanje po notranji strani prevleke. Ro\u010dno pranje\u00a0 zagotavlja dalj\u0161o obstojnost. Polnilo je sinteti\u010dno, 100% poliester (PES), lahko se ga <em>ro\u010dno\u00a0<\/em> pere do 30 stopinj C, ne sme pa se likati. Ima te\u017ea 300 g in dimenzije 35 x 65 cm.<\/h5>\n<p>&nbsp;<\/p>\n","protected":false},"featured_media":3760,"comment_status":"closed","ping_status":"closed","template":"","meta":[],"product_brand":[],"product_cat":[118],"product_tag":[],"class_list":{"0":"post-3004","1":"product","2":"type-product","3":"status-publish","4":"has-post-thumbnail","6":"product_cat-dekoracija-za-dom","8":"first","9":"instock","10":"shipping-taxable","11":"purchasable","12":"product-type-simple"},"yoast_head":"<!-- This site is optimized with the Yoast SEO plugin v27.2 - https:\/\/yoast.com\/product\/yoast-seo-wordpress\/ -->\n<title>Unikatna vijoli\u010dna dekorativna blazina Venerin cvet | Ines Drole Nanda<\/title>\n<meta name=\"description\" content=\"Unikatna vijola dekorativna blazina Venerin cvet je brez\u010dasna blazina iz me\u010dkanke tafta in z abstraktnim umetelnim cvetnim motivom ustvarja \u010darobnost doma.\" \/>\n<meta name=\"robots\" content=\"index, follow, max-snippet:-1, max-image-preview:large, max-video-preview:-1\" \/>\n<link rel=\"canonical\" href=\"https:\/\/nanda.si\/sl\/izdelek\/unikatna-vijolicna-dekorativna-blazina-venerin-cvet\/\" \/>\n<meta property=\"og:locale\" content=\"sl_SI\" \/>\n<meta property=\"og:type\" content=\"article\" \/>\n<meta property=\"og:title\" content=\"Unikatna vijoli\u010dna dekorativna blazina Venerin cvet | Ines Drole Nanda\" \/>\n<meta property=\"og:description\" content=\"Unikatna vijola dekorativna blazina Venerin cvet je brez\u010dasna blazina iz me\u010dkanke tafta in z abstraktnim umetelnim cvetnim motivom ustvarja \u010darobnost doma.\" \/>\n<meta property=\"og:url\" content=\"https:\/\/nanda.si\/sl\/izdelek\/unikatna-vijolicna-dekorativna-blazina-venerin-cvet\/\" \/>\n<meta property=\"og:site_name\" content=\"Ines Drole Nanda\" \/>\n<meta property=\"article:modified_time\" content=\"2023-01-30T20:53:48+00:00\" \/>\n<meta property=\"og:image\" content=\"https:\/\/nanda.si\/wp-content\/uploads\/2022\/05\/dekorativna-blazina_-temno-vijola-taft_35-x-65cm_.jpg\" \/>\n\t<meta property=\"og:image:width\" content=\"600\" \/>\n\t<meta property=\"og:image:height\" content=\"600\" \/>\n\t<meta property=\"og:image:type\" content=\"image\/jpeg\" \/>\n<meta name=\"twitter:card\" content=\"summary_large_image\" \/>\n<meta name=\"twitter:label1\" content=\"Est. reading time\" \/>\n\t<meta name=\"twitter:data1\" content=\"1 minuta\" \/>\n<script type=\"application\/ld+json\" class=\"yoast-schema-graph\">{\"@context\":\"https:\/\/schema.org\",\"@graph\":[{\"@type\":\"WebPage\",\"@id\":\"https:\/\/nanda.si\/sl\/izdelek\/unikatna-vijolicna-dekorativna-blazina-venerin-cvet\/\",\"url\":\"https:\/\/nanda.si\/sl\/izdelek\/unikatna-vijolicna-dekorativna-blazina-venerin-cvet\/\",\"name\":\"Unikatna vijoli\u010dna dekorativna blazina Venerin cvet | Ines Drole Nanda\",\"isPartOf\":{\"@id\":\"https:\/\/nanda.si\/sl\/#website\"},\"primaryImageOfPage\":{\"@id\":\"https:\/\/nanda.si\/sl\/izdelek\/unikatna-vijolicna-dekorativna-blazina-venerin-cvet\/#primaryimage\"},\"image\":{\"@id\":\"https:\/\/nanda.si\/sl\/izdelek\/unikatna-vijolicna-dekorativna-blazina-venerin-cvet\/#primaryimage\"},\"thumbnailUrl\":\"https:\/\/nanda.si\/wp-content\/uploads\/2022\/05\/dekorativna-blazina_-temno-vijola-taft_35-x-65cm_.jpg\",\"datePublished\":\"2022-05-29T17:52:49+00:00\",\"dateModified\":\"2023-01-30T20:53:48+00:00\",\"description\":\"Unikatna vijola dekorativna blazina Venerin cvet je brez\u010dasna blazina iz me\u010dkanke tafta in z abstraktnim umetelnim cvetnim motivom ustvarja \u010darobnost doma.\",\"breadcrumb\":{\"@id\":\"https:\/\/nanda.si\/sl\/izdelek\/unikatna-vijolicna-dekorativna-blazina-venerin-cvet\/#breadcrumb\"},\"inLanguage\":\"sl-SI\",\"potentialAction\":[{\"@type\":\"ReadAction\",\"target\":[\"https:\/\/nanda.si\/sl\/izdelek\/unikatna-vijolicna-dekorativna-blazina-venerin-cvet\/\"]}]},{\"@type\":\"ImageObject\",\"inLanguage\":\"sl-SI\",\"@id\":\"https:\/\/nanda.si\/sl\/izdelek\/unikatna-vijolicna-dekorativna-blazina-venerin-cvet\/#primaryimage\",\"url\":\"https:\/\/nanda.si\/wp-content\/uploads\/2022\/05\/dekorativna-blazina_-temno-vijola-taft_35-x-65cm_.jpg\",\"contentUrl\":\"https:\/\/nanda.si\/wp-content\/uploads\/2022\/05\/dekorativna-blazina_-temno-vijola-taft_35-x-65cm_.jpg\",\"width\":600,\"height\":600,\"caption\":\"rhdr\"},{\"@type\":\"BreadcrumbList\",\"@id\":\"https:\/\/nanda.si\/sl\/izdelek\/unikatna-vijolicna-dekorativna-blazina-venerin-cvet\/#breadcrumb\",\"itemListElement\":[{\"@type\":\"ListItem\",\"position\":1,\"name\":\"Home\",\"item\":\"https:\/\/nanda.si\/sl\/\"},{\"@type\":\"ListItem\",\"position\":2,\"name\":\"Trgovina\",\"item\":\"https:\/\/nanda.si\/sl\/trgovina\/\"},{\"@type\":\"ListItem\",\"position\":3,\"name\":\"Unikatna vijoli\u010dna dekorativna blazina Venerin cvet\"}]},{\"@type\":\"WebSite\",\"@id\":\"https:\/\/nanda.si\/sl\/#website\",\"url\":\"https:\/\/nanda.si\/sl\/\",\"name\":\"Ines Drole Nanda\",\"description\":\"Umetelne tekstilne kreacije za edinstven interier in unikatna obla\u010dila.\",\"publisher\":{\"@id\":\"https:\/\/nanda.si\/sl\/#organization\"},\"potentialAction\":[{\"@type\":\"SearchAction\",\"target\":{\"@type\":\"EntryPoint\",\"urlTemplate\":\"https:\/\/nanda.si\/sl\/?s={search_term_string}\"},\"query-input\":{\"@type\":\"PropertyValueSpecification\",\"valueRequired\":true,\"valueName\":\"search_term_string\"}}],\"inLanguage\":\"sl-SI\"},{\"@type\":\"Organization\",\"@id\":\"https:\/\/nanda.si\/sl\/#organization\",\"name\":\"Ines Drole NANDA\",\"url\":\"https:\/\/nanda.si\/sl\/\",\"logo\":{\"@type\":\"ImageObject\",\"inLanguage\":\"sl-SI\",\"@id\":\"https:\/\/nanda.si\/sl\/#\/schema\/logo\/image\/\",\"url\":\"https:\/\/nanda.si\/wp-content\/uploads\/2022\/07\/logoNANDA-oval_Res.jpg\",\"contentUrl\":\"https:\/\/nanda.si\/wp-content\/uploads\/2022\/07\/logoNANDA-oval_Res.jpg\",\"width\":600,\"height\":600,\"caption\":\"Ines Drole NANDA\"},\"image\":{\"@id\":\"https:\/\/nanda.si\/sl\/#\/schema\/logo\/image\/\"}}]}<\/script>\n<!-- \/ Yoast SEO plugin. -->","yoast_head_json":{"title":"Unikatna vijoli\u010dna dekorativna blazina Venerin cvet | Ines Drole Nanda","description":"Unikatna vijola dekorativna blazina Venerin cvet je brez\u010dasna blazina iz me\u010dkanke tafta in z abstraktnim umetelnim cvetnim motivom ustvarja \u010darobnost doma.","robots":{"index":"index","follow":"follow","max-snippet":"max-snippet:-1","max-image-preview":"max-image-preview:large","max-video-preview":"max-video-preview:-1"},"canonical":"https:\/\/nanda.si\/sl\/izdelek\/unikatna-vijolicna-dekorativna-blazina-venerin-cvet\/","og_locale":"sl_SI","og_type":"article","og_title":"Unikatna vijoli\u010dna dekorativna blazina Venerin cvet | Ines Drole Nanda","og_description":"Unikatna vijola dekorativna blazina Venerin cvet je brez\u010dasna blazina iz me\u010dkanke tafta in z abstraktnim umetelnim cvetnim motivom ustvarja \u010darobnost doma.","og_url":"https:\/\/nanda.si\/sl\/izdelek\/unikatna-vijolicna-dekorativna-blazina-venerin-cvet\/","og_site_name":"Ines Drole Nanda","article_modified_time":"2023-01-30T20:53:48+00:00","og_image":[{"width":600,"height":600,"url":"https:\/\/nanda.si\/wp-content\/uploads\/2022\/05\/dekorativna-blazina_-temno-vijola-taft_35-x-65cm_.jpg","type":"image\/jpeg"}],"twitter_card":"summary_large_image","twitter_misc":{"Est. reading time":"1 minuta"},"schema":{"@context":"https:\/\/schema.org","@graph":[{"@type":"WebPage","@id":"https:\/\/nanda.si\/sl\/izdelek\/unikatna-vijolicna-dekorativna-blazina-venerin-cvet\/","url":"https:\/\/nanda.si\/sl\/izdelek\/unikatna-vijolicna-dekorativna-blazina-venerin-cvet\/","name":"Unikatna vijoli\u010dna dekorativna blazina Venerin cvet | Ines Drole Nanda","isPartOf":{"@id":"https:\/\/nanda.si\/sl\/#website"},"primaryImageOfPage":{"@id":"https:\/\/nanda.si\/sl\/izdelek\/unikatna-vijolicna-dekorativna-blazina-venerin-cvet\/#primaryimage"},"image":{"@id":"https:\/\/nanda.si\/sl\/izdelek\/unikatna-vijolicna-dekorativna-blazina-venerin-cvet\/#primaryimage"},"thumbnailUrl":"https:\/\/nanda.si\/wp-content\/uploads\/2022\/05\/dekorativna-blazina_-temno-vijola-taft_35-x-65cm_.jpg","datePublished":"2022-05-29T17:52:49+00:00","dateModified":"2023-01-30T20:53:48+00:00","description":"Unikatna vijola dekorativna blazina Venerin cvet je brez\u010dasna blazina iz me\u010dkanke tafta in z abstraktnim umetelnim cvetnim motivom ustvarja \u010darobnost doma.","breadcrumb":{"@id":"https:\/\/nanda.si\/sl\/izdelek\/unikatna-vijolicna-dekorativna-blazina-venerin-cvet\/#breadcrumb"},"inLanguage":"sl-SI","potentialAction":[{"@type":"ReadAction","target":["https:\/\/nanda.si\/sl\/izdelek\/unikatna-vijolicna-dekorativna-blazina-venerin-cvet\/"]}]},{"@type":"ImageObject","inLanguage":"sl-SI","@id":"https:\/\/nanda.si\/sl\/izdelek\/unikatna-vijolicna-dekorativna-blazina-venerin-cvet\/#primaryimage","url":"https:\/\/nanda.si\/wp-content\/uploads\/2022\/05\/dekorativna-blazina_-temno-vijola-taft_35-x-65cm_.jpg","contentUrl":"https:\/\/nanda.si\/wp-content\/uploads\/2022\/05\/dekorativna-blazina_-temno-vijola-taft_35-x-65cm_.jpg","width":600,"height":600,"caption":"rhdr"},{"@type":"BreadcrumbList","@id":"https:\/\/nanda.si\/sl\/izdelek\/unikatna-vijolicna-dekorativna-blazina-venerin-cvet\/#breadcrumb","itemListElement":[{"@type":"ListItem","position":1,"name":"Home","item":"https:\/\/nanda.si\/sl\/"},{"@type":"ListItem","position":2,"name":"Trgovina","item":"https:\/\/nanda.si\/sl\/trgovina\/"},{"@type":"ListItem","position":3,"name":"Unikatna vijoli\u010dna dekorativna blazina Venerin cvet"}]},{"@type":"WebSite","@id":"https:\/\/nanda.si\/sl\/#website","url":"https:\/\/nanda.si\/sl\/","name":"Ines Drole Nanda","description":"Umetelne tekstilne kreacije za edinstven interier in unikatna obla\u010dila.","publisher":{"@id":"https:\/\/nanda.si\/sl\/#organization"},"potentialAction":[{"@type":"SearchAction","target":{"@type":"EntryPoint","urlTemplate":"https:\/\/nanda.si\/sl\/?s={search_term_string}"},"query-input":{"@type":"PropertyValueSpecification","valueRequired":true,"valueName":"search_term_string"}}],"inLanguage":"sl-SI"},{"@type":"Organization","@id":"https:\/\/nanda.si\/sl\/#organization","name":"Ines Drole NANDA","url":"https:\/\/nanda.si\/sl\/","logo":{"@type":"ImageObject","inLanguage":"sl-SI","@id":"https:\/\/nanda.si\/sl\/#\/schema\/logo\/image\/","url":"https:\/\/nanda.si\/wp-content\/uploads\/2022\/07\/logoNANDA-oval_Res.jpg","contentUrl":"https:\/\/nanda.si\/wp-content\/uploads\/2022\/07\/logoNANDA-oval_Res.jpg","width":600,"height":600,"caption":"Ines Drole NANDA"},"image":{"@id":"https:\/\/nanda.si\/sl\/#\/schema\/logo\/image\/"}}]}},"_links":{"self":[{"href":"https:\/\/nanda.si\/sl\/wp-json\/wp\/v2\/product\/3004","targetHints":{"allow":["GET"]}}],"collection":[{"href":"https:\/\/nanda.si\/sl\/wp-json\/wp\/v2\/product"}],"about":[{"href":"https:\/\/nanda.si\/sl\/wp-json\/wp\/v2\/types\/product"}],"replies":[{"embeddable":true,"href":"https:\/\/nanda.si\/sl\/wp-json\/wp\/v2\/comments?post=3004"}],"wp:featuredmedia":[{"embeddable":true,"href":"https:\/\/nanda.si\/sl\/wp-json\/wp\/v2\/media\/3760"}],"wp:attachment":[{"href":"https:\/\/nanda.si\/sl\/wp-json\/wp\/v2\/media?parent=3004"}],"wp:term":[{"taxonomy":"product_brand","embeddable":true,"href":"https:\/\/nanda.si\/sl\/wp-json\/wp\/v2\/product_brand?post=3004"},{"taxonomy":"product_cat","embeddable":true,"href":"https:\/\/nanda.si\/sl\/wp-json\/wp\/v2\/product_cat?post=3004"},{"taxonomy":"product_tag","embeddable":true,"href":"https:\/\/nanda.si\/sl\/wp-json\/wp\/v2\/product_tag?post=3004"}],"curies":[{"name":"wp","href":"https:\/\/api.w.org\/{rel}","templated":true}]}}