{"id":2985,"date":"2022-05-29T09:26:44","date_gmt":"2022-05-29T09:26:44","guid":{"rendered":"https:\/\/nanda.si\/?post_type=product&#038;p=2985"},"modified":"2022-09-21T18:59:32","modified_gmt":"2022-09-21T18:59:32","slug":"dekorativna-blazina-vijolicno-razvajanje","status":"publish","type":"product","link":"https:\/\/nanda.si\/sl\/izdelek\/dekorativna-blazina-vijolicno-razvajanje\/","title":{"rendered":"Dekorativna blazina Vijoli\u010dno razvajanje"},"content":{"rendered":"<h5><span style=\"color: #5c5151;\">Okrasne blazine. Umetelne, edinstvene, sofisticirano domi\u0161ljene, romanti\u010dne in o\u010darljive. Razli\u010dnih oblik in velikosti, pravokotne, kvadratne, okrogle ali valjaste. Majhne in velike. Razli\u010dnih barv, vzorcev in materialov.\u00a0 Z ro\u010dno \u0161ivanimi zgodbami, ki v prostoru pustijo svoj pe\u010dat. Kamorkoli blazine v prostoru namestimo, ga zaznamujejo in dokon\u010dno definirajo. Udoma\u010dijo. Personalizirajo. Razgaljajo razpolo\u017eenje.\u00a0 Zamenjava kompleta blazin v sobi v\u010dasih pomeni kot bi se preselili v nov ambient. Dekorativne blazine imajo veliko izrazno mo\u010d in v prostor ne vna\u0161ajo samo udobja temve\u010d tudi estetsko ugodje ekstravagance tekstila. V\u010dasih so tisto pravo darilo. So prava pa\u0161a za o\u010di in nekatere so svojevrstni zbirateljski unikati. Na de\u017eeven dan so igra z obmetavanjem. Ali nas vabijo k razvajanju: Ule\u017ei se, naj bom tvoje udobje, tvoje Vijoli\u010dno razvajanje sem !<\/span><\/h5>\n<p>&nbsp;<\/p>\n","protected":false},"excerpt":{"rendered":"<h5><span style=\"color: #b5908d;\"><span class=\"color_24\">Vijoli\u010dna brez\u010dasna okrasna blazina iz\u00a0 kompaktnega damasta je atraktivnega videza in pritegne pogled. Reliefen kombiniran vzorec svetle\u010dega \u017eameta in mat bomba\u017ene tkanine ustvarja prefinjenost, ki ekstravagantno<\/span> dopolni ambient. Inovativen dizajn in nevsakdanja barva dopolni edinstvenost dnevne sobe ali intimo spalnice, Na zadnji strani ima dolgo zadrgo z elegantnim pali\u010dastim klju\u010dkom za odpiranje, katerega krasi imitacija kristala Swarovski. Snemanje prevleke s polnila je enostavno. I<span class=\"color_24\">ma ustrezne tehni\u010dne lastnosti za vzdr\u017eevanje, bomba\u017ena prevleka za blazino je kompaktna in trpe\u017ena. Priporo\u010dena sta pranje v pralnem stroju\u00a0 ali ro\u010dno pranje do 40 stopinj Celzija. Svetuje se likanje po notranji strani, do 40 stopinj C. <\/span>Polnilo je sinteti\u010dno , 100 % PES , te\u017ea 300 g in se ga lahko ro\u010dno pere do 30 stopinj C, ne sme\u00a0 pa se likati.<\/span><\/h5>\n<h5><span style=\"color: #b5908d;\"><span class=\"color_24\">D<\/span><span class=\"color_24\">imenzije\u00a0 \u00a033 x 60 cm .<\/span><\/span><\/h5>\n<p>&nbsp;<\/p>\n<p>&nbsp;<\/p>\n","protected":false},"featured_media":2986,"comment_status":"closed","ping_status":"closed","template":"","meta":[],"product_brand":[],"product_cat":[118],"product_tag":[],"class_list":{"0":"post-2985","1":"product","2":"type-product","3":"status-publish","4":"has-post-thumbnail","6":"product_cat-dekoracija-za-dom","8":"first","9":"instock","10":"shipping-taxable","11":"purchasable","12":"product-type-simple"},"yoast_head":"<!-- This site is optimized with the Yoast SEO plugin v27.2 - https:\/\/yoast.com\/product\/yoast-seo-wordpress\/ -->\n<title>Dekorativna blazina Vijoli\u010dno razvajanje | Ines Drole Nanda<\/title>\n<meta name=\"description\" content=\"Unikatna dekorativna blazina Vijoli\u010dno razvajanje je trpe\u017ena blazina iz bomba\u017ea z atraktivnim vzorcem damasta. Je brez\u010dasen dizajn, ki ustvari intimo doma.\" \/>\n<meta name=\"robots\" content=\"index, follow, max-snippet:-1, max-image-preview:large, max-video-preview:-1\" \/>\n<link rel=\"canonical\" href=\"https:\/\/nanda.si\/sl\/izdelek\/dekorativna-blazina-vijolicno-razvajanje\/\" \/>\n<meta property=\"og:locale\" content=\"sl_SI\" \/>\n<meta property=\"og:type\" content=\"article\" \/>\n<meta property=\"og:title\" content=\"Dekorativna blazina Vijoli\u010dno razvajanje | Ines Drole Nanda\" \/>\n<meta property=\"og:description\" content=\"Unikatna dekorativna blazina Vijoli\u010dno razvajanje je trpe\u017ena blazina iz bomba\u017ea z atraktivnim vzorcem damasta. Je brez\u010dasen dizajn, ki ustvari intimo doma.\" \/>\n<meta property=\"og:url\" content=\"https:\/\/nanda.si\/sl\/izdelek\/dekorativna-blazina-vijolicno-razvajanje\/\" \/>\n<meta property=\"og:site_name\" content=\"Ines Drole Nanda\" \/>\n<meta property=\"article:modified_time\" content=\"2022-09-21T18:59:32+00:00\" \/>\n<meta property=\"og:image\" content=\"https:\/\/nanda.si\/wp-content\/uploads\/2022\/05\/dekorativne-blazine_-vijola-damast-_-60-x32-cm.jpg\" \/>\n\t<meta property=\"og:image:width\" content=\"600\" \/>\n\t<meta property=\"og:image:height\" content=\"600\" \/>\n\t<meta property=\"og:image:type\" content=\"image\/jpeg\" \/>\n<meta name=\"twitter:card\" content=\"summary_large_image\" \/>\n<meta name=\"twitter:label1\" content=\"Est. reading time\" \/>\n\t<meta name=\"twitter:data1\" content=\"1 minuta\" \/>\n<script type=\"application\/ld+json\" class=\"yoast-schema-graph\">{\"@context\":\"https:\/\/schema.org\",\"@graph\":[{\"@type\":\"WebPage\",\"@id\":\"https:\/\/nanda.si\/sl\/izdelek\/dekorativna-blazina-vijolicno-razvajanje\/\",\"url\":\"https:\/\/nanda.si\/sl\/izdelek\/dekorativna-blazina-vijolicno-razvajanje\/\",\"name\":\"Dekorativna blazina Vijoli\u010dno razvajanje | Ines Drole Nanda\",\"isPartOf\":{\"@id\":\"https:\/\/nanda.si\/sl\/#website\"},\"primaryImageOfPage\":{\"@id\":\"https:\/\/nanda.si\/sl\/izdelek\/dekorativna-blazina-vijolicno-razvajanje\/#primaryimage\"},\"image\":{\"@id\":\"https:\/\/nanda.si\/sl\/izdelek\/dekorativna-blazina-vijolicno-razvajanje\/#primaryimage\"},\"thumbnailUrl\":\"https:\/\/nanda.si\/wp-content\/uploads\/2022\/05\/dekorativne-blazine_-vijola-damast-_-60-x32-cm.jpg\",\"datePublished\":\"2022-05-29T09:26:44+00:00\",\"dateModified\":\"2022-09-21T18:59:32+00:00\",\"description\":\"Unikatna dekorativna blazina Vijoli\u010dno razvajanje je trpe\u017ena blazina iz bomba\u017ea z atraktivnim vzorcem damasta. Je brez\u010dasen dizajn, ki ustvari intimo doma.\",\"breadcrumb\":{\"@id\":\"https:\/\/nanda.si\/sl\/izdelek\/dekorativna-blazina-vijolicno-razvajanje\/#breadcrumb\"},\"inLanguage\":\"sl-SI\",\"potentialAction\":[{\"@type\":\"ReadAction\",\"target\":[\"https:\/\/nanda.si\/sl\/izdelek\/dekorativna-blazina-vijolicno-razvajanje\/\"]}]},{\"@type\":\"ImageObject\",\"inLanguage\":\"sl-SI\",\"@id\":\"https:\/\/nanda.si\/sl\/izdelek\/dekorativna-blazina-vijolicno-razvajanje\/#primaryimage\",\"url\":\"https:\/\/nanda.si\/wp-content\/uploads\/2022\/05\/dekorativne-blazine_-vijola-damast-_-60-x32-cm.jpg\",\"contentUrl\":\"https:\/\/nanda.si\/wp-content\/uploads\/2022\/05\/dekorativne-blazine_-vijola-damast-_-60-x32-cm.jpg\",\"width\":600,\"height\":600},{\"@type\":\"BreadcrumbList\",\"@id\":\"https:\/\/nanda.si\/sl\/izdelek\/dekorativna-blazina-vijolicno-razvajanje\/#breadcrumb\",\"itemListElement\":[{\"@type\":\"ListItem\",\"position\":1,\"name\":\"Home\",\"item\":\"https:\/\/nanda.si\/sl\/\"},{\"@type\":\"ListItem\",\"position\":2,\"name\":\"Trgovina\",\"item\":\"https:\/\/nanda.si\/sl\/trgovina\/\"},{\"@type\":\"ListItem\",\"position\":3,\"name\":\"Dekorativna blazina Vijoli\u010dno razvajanje\"}]},{\"@type\":\"WebSite\",\"@id\":\"https:\/\/nanda.si\/sl\/#website\",\"url\":\"https:\/\/nanda.si\/sl\/\",\"name\":\"Ines Drole Nanda\",\"description\":\"Umetelne tekstilne kreacije za edinstven interier in unikatna obla\u010dila.\",\"publisher\":{\"@id\":\"https:\/\/nanda.si\/sl\/#organization\"},\"potentialAction\":[{\"@type\":\"SearchAction\",\"target\":{\"@type\":\"EntryPoint\",\"urlTemplate\":\"https:\/\/nanda.si\/sl\/?s={search_term_string}\"},\"query-input\":{\"@type\":\"PropertyValueSpecification\",\"valueRequired\":true,\"valueName\":\"search_term_string\"}}],\"inLanguage\":\"sl-SI\"},{\"@type\":\"Organization\",\"@id\":\"https:\/\/nanda.si\/sl\/#organization\",\"name\":\"Ines Drole NANDA\",\"url\":\"https:\/\/nanda.si\/sl\/\",\"logo\":{\"@type\":\"ImageObject\",\"inLanguage\":\"sl-SI\",\"@id\":\"https:\/\/nanda.si\/sl\/#\/schema\/logo\/image\/\",\"url\":\"https:\/\/nanda.si\/wp-content\/uploads\/2022\/07\/logoNANDA-oval_Res.jpg\",\"contentUrl\":\"https:\/\/nanda.si\/wp-content\/uploads\/2022\/07\/logoNANDA-oval_Res.jpg\",\"width\":600,\"height\":600,\"caption\":\"Ines Drole NANDA\"},\"image\":{\"@id\":\"https:\/\/nanda.si\/sl\/#\/schema\/logo\/image\/\"}}]}<\/script>\n<!-- \/ Yoast SEO plugin. -->","yoast_head_json":{"title":"Dekorativna blazina Vijoli\u010dno razvajanje | Ines Drole Nanda","description":"Unikatna dekorativna blazina Vijoli\u010dno razvajanje je trpe\u017ena blazina iz bomba\u017ea z atraktivnim vzorcem damasta. Je brez\u010dasen dizajn, ki ustvari intimo doma.","robots":{"index":"index","follow":"follow","max-snippet":"max-snippet:-1","max-image-preview":"max-image-preview:large","max-video-preview":"max-video-preview:-1"},"canonical":"https:\/\/nanda.si\/sl\/izdelek\/dekorativna-blazina-vijolicno-razvajanje\/","og_locale":"sl_SI","og_type":"article","og_title":"Dekorativna blazina Vijoli\u010dno razvajanje | Ines Drole Nanda","og_description":"Unikatna dekorativna blazina Vijoli\u010dno razvajanje je trpe\u017ena blazina iz bomba\u017ea z atraktivnim vzorcem damasta. Je brez\u010dasen dizajn, ki ustvari intimo doma.","og_url":"https:\/\/nanda.si\/sl\/izdelek\/dekorativna-blazina-vijolicno-razvajanje\/","og_site_name":"Ines Drole Nanda","article_modified_time":"2022-09-21T18:59:32+00:00","og_image":[{"width":600,"height":600,"url":"https:\/\/nanda.si\/wp-content\/uploads\/2022\/05\/dekorativne-blazine_-vijola-damast-_-60-x32-cm.jpg","type":"image\/jpeg"}],"twitter_card":"summary_large_image","twitter_misc":{"Est. reading time":"1 minuta"},"schema":{"@context":"https:\/\/schema.org","@graph":[{"@type":"WebPage","@id":"https:\/\/nanda.si\/sl\/izdelek\/dekorativna-blazina-vijolicno-razvajanje\/","url":"https:\/\/nanda.si\/sl\/izdelek\/dekorativna-blazina-vijolicno-razvajanje\/","name":"Dekorativna blazina Vijoli\u010dno razvajanje | Ines Drole Nanda","isPartOf":{"@id":"https:\/\/nanda.si\/sl\/#website"},"primaryImageOfPage":{"@id":"https:\/\/nanda.si\/sl\/izdelek\/dekorativna-blazina-vijolicno-razvajanje\/#primaryimage"},"image":{"@id":"https:\/\/nanda.si\/sl\/izdelek\/dekorativna-blazina-vijolicno-razvajanje\/#primaryimage"},"thumbnailUrl":"https:\/\/nanda.si\/wp-content\/uploads\/2022\/05\/dekorativne-blazine_-vijola-damast-_-60-x32-cm.jpg","datePublished":"2022-05-29T09:26:44+00:00","dateModified":"2022-09-21T18:59:32+00:00","description":"Unikatna dekorativna blazina Vijoli\u010dno razvajanje je trpe\u017ena blazina iz bomba\u017ea z atraktivnim vzorcem damasta. Je brez\u010dasen dizajn, ki ustvari intimo doma.","breadcrumb":{"@id":"https:\/\/nanda.si\/sl\/izdelek\/dekorativna-blazina-vijolicno-razvajanje\/#breadcrumb"},"inLanguage":"sl-SI","potentialAction":[{"@type":"ReadAction","target":["https:\/\/nanda.si\/sl\/izdelek\/dekorativna-blazina-vijolicno-razvajanje\/"]}]},{"@type":"ImageObject","inLanguage":"sl-SI","@id":"https:\/\/nanda.si\/sl\/izdelek\/dekorativna-blazina-vijolicno-razvajanje\/#primaryimage","url":"https:\/\/nanda.si\/wp-content\/uploads\/2022\/05\/dekorativne-blazine_-vijola-damast-_-60-x32-cm.jpg","contentUrl":"https:\/\/nanda.si\/wp-content\/uploads\/2022\/05\/dekorativne-blazine_-vijola-damast-_-60-x32-cm.jpg","width":600,"height":600},{"@type":"BreadcrumbList","@id":"https:\/\/nanda.si\/sl\/izdelek\/dekorativna-blazina-vijolicno-razvajanje\/#breadcrumb","itemListElement":[{"@type":"ListItem","position":1,"name":"Home","item":"https:\/\/nanda.si\/sl\/"},{"@type":"ListItem","position":2,"name":"Trgovina","item":"https:\/\/nanda.si\/sl\/trgovina\/"},{"@type":"ListItem","position":3,"name":"Dekorativna blazina Vijoli\u010dno razvajanje"}]},{"@type":"WebSite","@id":"https:\/\/nanda.si\/sl\/#website","url":"https:\/\/nanda.si\/sl\/","name":"Ines Drole Nanda","description":"Umetelne tekstilne kreacije za edinstven interier in unikatna obla\u010dila.","publisher":{"@id":"https:\/\/nanda.si\/sl\/#organization"},"potentialAction":[{"@type":"SearchAction","target":{"@type":"EntryPoint","urlTemplate":"https:\/\/nanda.si\/sl\/?s={search_term_string}"},"query-input":{"@type":"PropertyValueSpecification","valueRequired":true,"valueName":"search_term_string"}}],"inLanguage":"sl-SI"},{"@type":"Organization","@id":"https:\/\/nanda.si\/sl\/#organization","name":"Ines Drole NANDA","url":"https:\/\/nanda.si\/sl\/","logo":{"@type":"ImageObject","inLanguage":"sl-SI","@id":"https:\/\/nanda.si\/sl\/#\/schema\/logo\/image\/","url":"https:\/\/nanda.si\/wp-content\/uploads\/2022\/07\/logoNANDA-oval_Res.jpg","contentUrl":"https:\/\/nanda.si\/wp-content\/uploads\/2022\/07\/logoNANDA-oval_Res.jpg","width":600,"height":600,"caption":"Ines Drole NANDA"},"image":{"@id":"https:\/\/nanda.si\/sl\/#\/schema\/logo\/image\/"}}]}},"_links":{"self":[{"href":"https:\/\/nanda.si\/sl\/wp-json\/wp\/v2\/product\/2985","targetHints":{"allow":["GET"]}}],"collection":[{"href":"https:\/\/nanda.si\/sl\/wp-json\/wp\/v2\/product"}],"about":[{"href":"https:\/\/nanda.si\/sl\/wp-json\/wp\/v2\/types\/product"}],"replies":[{"embeddable":true,"href":"https:\/\/nanda.si\/sl\/wp-json\/wp\/v2\/comments?post=2985"}],"wp:featuredmedia":[{"embeddable":true,"href":"https:\/\/nanda.si\/sl\/wp-json\/wp\/v2\/media\/2986"}],"wp:attachment":[{"href":"https:\/\/nanda.si\/sl\/wp-json\/wp\/v2\/media?parent=2985"}],"wp:term":[{"taxonomy":"product_brand","embeddable":true,"href":"https:\/\/nanda.si\/sl\/wp-json\/wp\/v2\/product_brand?post=2985"},{"taxonomy":"product_cat","embeddable":true,"href":"https:\/\/nanda.si\/sl\/wp-json\/wp\/v2\/product_cat?post=2985"},{"taxonomy":"product_tag","embeddable":true,"href":"https:\/\/nanda.si\/sl\/wp-json\/wp\/v2\/product_tag?post=2985"}],"curies":[{"name":"wp","href":"https:\/\/api.w.org\/{rel}","templated":true}]}}