{"id":2915,"date":"2022-05-21T19:42:56","date_gmt":"2022-05-21T19:42:56","guid":{"rendered":"https:\/\/nanda.si\/?post_type=product&#038;p=2915"},"modified":"2023-06-03T05:54:00","modified_gmt":"2023-06-03T05:54:00","slug":"senzacionalna-obleka-divji-cvet_kolekcija-cvet","status":"publish","type":"product","link":"https:\/\/nanda.si\/sl\/izdelek\/senzacionalna-obleka-divji-cvet_kolekcija-cvet\/","title":{"rendered":"Senzacionalna dolga obleka Divja vrtnica"},"content":{"rendered":"<h5><span style=\"color: #544646;\">Drzna dolga obleka Divja vrtnica je imitacija motiva iz narave. Kontrastna kombinacija prosojne pastel olivno zelene organze in svilenega \u010drno-belega fantazijskega vzorca bele vrtnice pritegne poglede in navdu\u0161i ob\u010dinstvo. Divji \u010drni vijugastih trakovi z leskom in veliki beli cvetovi so oblikovani v senzacionalno tekstilno kreacijo s pridihom kontroverzne miline. Je preprostega kroja na A,\u00a0 pod prsmi se prevezuje s \u010drnim 4 cm \u0161irokim svetle\u010dim trakom, na sredini zadaj ima dolgo zadrgo in razporek. Obleka pritegne poglede in je prava izbira za fotografiranje na prireditvah z rde\u010do preprogo, odrske nastope, ples v maskah in gala ve\u010dere, sve\u010dane prilo\u017enosti, kot tudi za teater, film, kostumografijo, odrske\u00a0 zvezde. Priporo\u010deno je ro\u010dno\u00a0 pranje do 30 * C\u00a0 ali kemi\u010dno \u010di\u0161\u010denje, likanje ni potrebno. <\/span><\/h5>\n<p>&nbsp;<\/p>\n<p><iframe loading=\"lazy\" title=\"I AM WILD ROSE _art to wear NANDA\" width=\"1400\" height=\"788\" src=\"https:\/\/www.youtube.com\/embed\/1xShJ6cTANA?feature=oembed\" frameborder=\"0\" allow=\"accelerometer; autoplay; clipboard-write; encrypted-media; gyroscope; picture-in-picture; web-share\" allowfullscreen><\/iframe><\/p>\n","protected":false},"excerpt":{"rendered":"<h5><span style=\"color: #b69091;\">Senzacionalna dolga obleka Divja vrtnica<br \/>\nDivji \u010drni vijugastih trakovi in ne\u017eni beli cvetovi vrtnic so oblikovani v senzacionalno tekstilno kreacijo s pridihom miline. Obleka je prava izbira za fotografiranje na prireditvah z rde\u010do preprogo, odrske nastope,\u00a0 gala ve\u010dere, sve\u010dane prilo\u017enosti in poroke, kot tudi za teater, film, kostumografijo, odrske zvezde, promocije&#8230; Izdelava po naro\u010dilu, nudim stilsko svetovanje, klik na povpra\u0161evanje, hvala!<br \/>\nSanje ujete v tekstil. <\/span><\/h5>\n<p>&nbsp;<\/p>\n<p>&nbsp;<\/p>\n<p>&nbsp;<\/p>\n<p>&nbsp;<\/p>\n<p>&nbsp;<\/p>\n","protected":false},"featured_media":2916,"comment_status":"closed","ping_status":"closed","template":"","meta":[],"product_brand":[],"product_cat":[121,119],"product_tag":[],"class_list":{"0":"post-2915","1":"product","2":"type-product","3":"status-publish","4":"has-post-thumbnail","6":"product_cat-umetnost-ki-jo-obleces","7":"product_cat-unikatna-oblacila-in-dodatki","9":"first","10":"onbackorder","11":"shipping-taxable","12":"product-type-simple"},"yoast_head":"<!-- This site is optimized with the Yoast SEO plugin v27.2 - https:\/\/yoast.com\/product\/yoast-seo-wordpress\/ -->\n<title>Senzacionalna dolga obleka Divja vrtnica | Ines Drole Nanda<\/title>\n<meta name=\"description\" content=\"Senzacionalna dolga obleka Divja vrtnica je umetelna tekstilna kreacija s pridihom kontroverzne miline. Pritegne poglede in navdu\u0161i ob\u010dinstvo.\" \/>\n<meta name=\"robots\" content=\"index, follow, max-snippet:-1, max-image-preview:large, max-video-preview:-1\" \/>\n<link rel=\"canonical\" href=\"https:\/\/nanda.si\/sl\/izdelek\/senzacionalna-obleka-divji-cvet_kolekcija-cvet\/\" \/>\n<meta property=\"og:locale\" content=\"sl_SI\" \/>\n<meta property=\"og:type\" content=\"article\" \/>\n<meta property=\"og:title\" content=\"Senzacionalna dolga obleka Divja vrtnica | Ines Drole Nanda\" \/>\n<meta property=\"og:description\" content=\"Senzacionalna dolga obleka Divja vrtnica je umetelna tekstilna kreacija s pridihom kontroverzne miline. Pritegne poglede in navdu\u0161i ob\u010dinstvo.\" \/>\n<meta property=\"og:url\" content=\"https:\/\/nanda.si\/sl\/izdelek\/senzacionalna-obleka-divji-cvet_kolekcija-cvet\/\" \/>\n<meta property=\"og:site_name\" content=\"Ines Drole Nanda\" \/>\n<meta property=\"article:modified_time\" content=\"2023-06-03T05:54:00+00:00\" \/>\n<meta property=\"og:image\" content=\"https:\/\/nanda.si\/wp-content\/uploads\/2022\/05\/senzacionalna-obleka-Divji-cvet_kolekcija-Cvet.jpg\" \/>\n\t<meta property=\"og:image:width\" content=\"1000\" \/>\n\t<meta property=\"og:image:height\" content=\"900\" \/>\n\t<meta property=\"og:image:type\" content=\"image\/jpeg\" \/>\n<meta name=\"twitter:card\" content=\"summary_large_image\" \/>\n<meta name=\"twitter:label1\" content=\"Est. reading time\" \/>\n\t<meta name=\"twitter:data1\" content=\"1 minuta\" \/>\n<script type=\"application\/ld+json\" class=\"yoast-schema-graph\">{\"@context\":\"https:\/\/schema.org\",\"@graph\":[{\"@type\":\"WebPage\",\"@id\":\"https:\/\/nanda.si\/sl\/izdelek\/senzacionalna-obleka-divji-cvet_kolekcija-cvet\/\",\"url\":\"https:\/\/nanda.si\/sl\/izdelek\/senzacionalna-obleka-divji-cvet_kolekcija-cvet\/\",\"name\":\"Senzacionalna dolga obleka Divja vrtnica | Ines Drole Nanda\",\"isPartOf\":{\"@id\":\"https:\/\/nanda.si\/sl\/#website\"},\"primaryImageOfPage\":{\"@id\":\"https:\/\/nanda.si\/sl\/izdelek\/senzacionalna-obleka-divji-cvet_kolekcija-cvet\/#primaryimage\"},\"image\":{\"@id\":\"https:\/\/nanda.si\/sl\/izdelek\/senzacionalna-obleka-divji-cvet_kolekcija-cvet\/#primaryimage\"},\"thumbnailUrl\":\"https:\/\/nanda.si\/wp-content\/uploads\/2022\/05\/senzacionalna-obleka-Divji-cvet_kolekcija-Cvet.jpg\",\"datePublished\":\"2022-05-21T19:42:56+00:00\",\"dateModified\":\"2023-06-03T05:54:00+00:00\",\"description\":\"Senzacionalna dolga obleka Divja vrtnica je umetelna tekstilna kreacija s pridihom kontroverzne miline. Pritegne poglede in navdu\u0161i ob\u010dinstvo.\",\"breadcrumb\":{\"@id\":\"https:\/\/nanda.si\/sl\/izdelek\/senzacionalna-obleka-divji-cvet_kolekcija-cvet\/#breadcrumb\"},\"inLanguage\":\"sl-SI\",\"potentialAction\":[{\"@type\":\"ReadAction\",\"target\":[\"https:\/\/nanda.si\/sl\/izdelek\/senzacionalna-obleka-divji-cvet_kolekcija-cvet\/\"]}]},{\"@type\":\"ImageObject\",\"inLanguage\":\"sl-SI\",\"@id\":\"https:\/\/nanda.si\/sl\/izdelek\/senzacionalna-obleka-divji-cvet_kolekcija-cvet\/#primaryimage\",\"url\":\"https:\/\/nanda.si\/wp-content\/uploads\/2022\/05\/senzacionalna-obleka-Divji-cvet_kolekcija-Cvet.jpg\",\"contentUrl\":\"https:\/\/nanda.si\/wp-content\/uploads\/2022\/05\/senzacionalna-obleka-Divji-cvet_kolekcija-Cvet.jpg\",\"width\":1000,\"height\":900},{\"@type\":\"BreadcrumbList\",\"@id\":\"https:\/\/nanda.si\/sl\/izdelek\/senzacionalna-obleka-divji-cvet_kolekcija-cvet\/#breadcrumb\",\"itemListElement\":[{\"@type\":\"ListItem\",\"position\":1,\"name\":\"Home\",\"item\":\"https:\/\/nanda.si\/sl\/\"},{\"@type\":\"ListItem\",\"position\":2,\"name\":\"Trgovina\",\"item\":\"https:\/\/nanda.si\/sl\/trgovina\/\"},{\"@type\":\"ListItem\",\"position\":3,\"name\":\"Senzacionalna dolga obleka Divja vrtnica\"}]},{\"@type\":\"WebSite\",\"@id\":\"https:\/\/nanda.si\/sl\/#website\",\"url\":\"https:\/\/nanda.si\/sl\/\",\"name\":\"Ines Drole Nanda\",\"description\":\"Umetelne tekstilne kreacije za edinstven interier in unikatna obla\u010dila.\",\"publisher\":{\"@id\":\"https:\/\/nanda.si\/sl\/#organization\"},\"potentialAction\":[{\"@type\":\"SearchAction\",\"target\":{\"@type\":\"EntryPoint\",\"urlTemplate\":\"https:\/\/nanda.si\/sl\/?s={search_term_string}\"},\"query-input\":{\"@type\":\"PropertyValueSpecification\",\"valueRequired\":true,\"valueName\":\"search_term_string\"}}],\"inLanguage\":\"sl-SI\"},{\"@type\":\"Organization\",\"@id\":\"https:\/\/nanda.si\/sl\/#organization\",\"name\":\"Ines Drole NANDA\",\"url\":\"https:\/\/nanda.si\/sl\/\",\"logo\":{\"@type\":\"ImageObject\",\"inLanguage\":\"sl-SI\",\"@id\":\"https:\/\/nanda.si\/sl\/#\/schema\/logo\/image\/\",\"url\":\"https:\/\/nanda.si\/wp-content\/uploads\/2022\/07\/logoNANDA-oval_Res.jpg\",\"contentUrl\":\"https:\/\/nanda.si\/wp-content\/uploads\/2022\/07\/logoNANDA-oval_Res.jpg\",\"width\":600,\"height\":600,\"caption\":\"Ines Drole NANDA\"},\"image\":{\"@id\":\"https:\/\/nanda.si\/sl\/#\/schema\/logo\/image\/\"}}]}<\/script>\n<!-- \/ Yoast SEO plugin. -->","yoast_head_json":{"title":"Senzacionalna dolga obleka Divja vrtnica | Ines Drole Nanda","description":"Senzacionalna dolga obleka Divja vrtnica je umetelna tekstilna kreacija s pridihom kontroverzne miline. Pritegne poglede in navdu\u0161i ob\u010dinstvo.","robots":{"index":"index","follow":"follow","max-snippet":"max-snippet:-1","max-image-preview":"max-image-preview:large","max-video-preview":"max-video-preview:-1"},"canonical":"https:\/\/nanda.si\/sl\/izdelek\/senzacionalna-obleka-divji-cvet_kolekcija-cvet\/","og_locale":"sl_SI","og_type":"article","og_title":"Senzacionalna dolga obleka Divja vrtnica | Ines Drole Nanda","og_description":"Senzacionalna dolga obleka Divja vrtnica je umetelna tekstilna kreacija s pridihom kontroverzne miline. Pritegne poglede in navdu\u0161i ob\u010dinstvo.","og_url":"https:\/\/nanda.si\/sl\/izdelek\/senzacionalna-obleka-divji-cvet_kolekcija-cvet\/","og_site_name":"Ines Drole Nanda","article_modified_time":"2023-06-03T05:54:00+00:00","og_image":[{"width":1000,"height":900,"url":"https:\/\/nanda.si\/wp-content\/uploads\/2022\/05\/senzacionalna-obleka-Divji-cvet_kolekcija-Cvet.jpg","type":"image\/jpeg"}],"twitter_card":"summary_large_image","twitter_misc":{"Est. reading time":"1 minuta"},"schema":{"@context":"https:\/\/schema.org","@graph":[{"@type":"WebPage","@id":"https:\/\/nanda.si\/sl\/izdelek\/senzacionalna-obleka-divji-cvet_kolekcija-cvet\/","url":"https:\/\/nanda.si\/sl\/izdelek\/senzacionalna-obleka-divji-cvet_kolekcija-cvet\/","name":"Senzacionalna dolga obleka Divja vrtnica | Ines Drole Nanda","isPartOf":{"@id":"https:\/\/nanda.si\/sl\/#website"},"primaryImageOfPage":{"@id":"https:\/\/nanda.si\/sl\/izdelek\/senzacionalna-obleka-divji-cvet_kolekcija-cvet\/#primaryimage"},"image":{"@id":"https:\/\/nanda.si\/sl\/izdelek\/senzacionalna-obleka-divji-cvet_kolekcija-cvet\/#primaryimage"},"thumbnailUrl":"https:\/\/nanda.si\/wp-content\/uploads\/2022\/05\/senzacionalna-obleka-Divji-cvet_kolekcija-Cvet.jpg","datePublished":"2022-05-21T19:42:56+00:00","dateModified":"2023-06-03T05:54:00+00:00","description":"Senzacionalna dolga obleka Divja vrtnica je umetelna tekstilna kreacija s pridihom kontroverzne miline. Pritegne poglede in navdu\u0161i ob\u010dinstvo.","breadcrumb":{"@id":"https:\/\/nanda.si\/sl\/izdelek\/senzacionalna-obleka-divji-cvet_kolekcija-cvet\/#breadcrumb"},"inLanguage":"sl-SI","potentialAction":[{"@type":"ReadAction","target":["https:\/\/nanda.si\/sl\/izdelek\/senzacionalna-obleka-divji-cvet_kolekcija-cvet\/"]}]},{"@type":"ImageObject","inLanguage":"sl-SI","@id":"https:\/\/nanda.si\/sl\/izdelek\/senzacionalna-obleka-divji-cvet_kolekcija-cvet\/#primaryimage","url":"https:\/\/nanda.si\/wp-content\/uploads\/2022\/05\/senzacionalna-obleka-Divji-cvet_kolekcija-Cvet.jpg","contentUrl":"https:\/\/nanda.si\/wp-content\/uploads\/2022\/05\/senzacionalna-obleka-Divji-cvet_kolekcija-Cvet.jpg","width":1000,"height":900},{"@type":"BreadcrumbList","@id":"https:\/\/nanda.si\/sl\/izdelek\/senzacionalna-obleka-divji-cvet_kolekcija-cvet\/#breadcrumb","itemListElement":[{"@type":"ListItem","position":1,"name":"Home","item":"https:\/\/nanda.si\/sl\/"},{"@type":"ListItem","position":2,"name":"Trgovina","item":"https:\/\/nanda.si\/sl\/trgovina\/"},{"@type":"ListItem","position":3,"name":"Senzacionalna dolga obleka Divja vrtnica"}]},{"@type":"WebSite","@id":"https:\/\/nanda.si\/sl\/#website","url":"https:\/\/nanda.si\/sl\/","name":"Ines Drole Nanda","description":"Umetelne tekstilne kreacije za edinstven interier in unikatna obla\u010dila.","publisher":{"@id":"https:\/\/nanda.si\/sl\/#organization"},"potentialAction":[{"@type":"SearchAction","target":{"@type":"EntryPoint","urlTemplate":"https:\/\/nanda.si\/sl\/?s={search_term_string}"},"query-input":{"@type":"PropertyValueSpecification","valueRequired":true,"valueName":"search_term_string"}}],"inLanguage":"sl-SI"},{"@type":"Organization","@id":"https:\/\/nanda.si\/sl\/#organization","name":"Ines Drole NANDA","url":"https:\/\/nanda.si\/sl\/","logo":{"@type":"ImageObject","inLanguage":"sl-SI","@id":"https:\/\/nanda.si\/sl\/#\/schema\/logo\/image\/","url":"https:\/\/nanda.si\/wp-content\/uploads\/2022\/07\/logoNANDA-oval_Res.jpg","contentUrl":"https:\/\/nanda.si\/wp-content\/uploads\/2022\/07\/logoNANDA-oval_Res.jpg","width":600,"height":600,"caption":"Ines Drole NANDA"},"image":{"@id":"https:\/\/nanda.si\/sl\/#\/schema\/logo\/image\/"}}]}},"_links":{"self":[{"href":"https:\/\/nanda.si\/sl\/wp-json\/wp\/v2\/product\/2915","targetHints":{"allow":["GET"]}}],"collection":[{"href":"https:\/\/nanda.si\/sl\/wp-json\/wp\/v2\/product"}],"about":[{"href":"https:\/\/nanda.si\/sl\/wp-json\/wp\/v2\/types\/product"}],"replies":[{"embeddable":true,"href":"https:\/\/nanda.si\/sl\/wp-json\/wp\/v2\/comments?post=2915"}],"wp:featuredmedia":[{"embeddable":true,"href":"https:\/\/nanda.si\/sl\/wp-json\/wp\/v2\/media\/2916"}],"wp:attachment":[{"href":"https:\/\/nanda.si\/sl\/wp-json\/wp\/v2\/media?parent=2915"}],"wp:term":[{"taxonomy":"product_brand","embeddable":true,"href":"https:\/\/nanda.si\/sl\/wp-json\/wp\/v2\/product_brand?post=2915"},{"taxonomy":"product_cat","embeddable":true,"href":"https:\/\/nanda.si\/sl\/wp-json\/wp\/v2\/product_cat?post=2915"},{"taxonomy":"product_tag","embeddable":true,"href":"https:\/\/nanda.si\/sl\/wp-json\/wp\/v2\/product_tag?post=2915"}],"curies":[{"name":"wp","href":"https:\/\/api.w.org\/{rel}","templated":true}]}}