{"id":2908,"date":"2022-05-21T09:08:44","date_gmt":"2022-05-21T09:08:44","guid":{"rendered":"https:\/\/nanda.si\/?post_type=product&#038;p=2908"},"modified":"2023-11-02T12:06:30","modified_gmt":"2023-11-02T12:06:30","slug":"romanticna-kratka-bela-umetelna-obleka-milina","status":"publish","type":"product","link":"https:\/\/nanda.si\/sl\/izdelek\/romanticna-kratka-bela-umetelna-obleka-milina\/","title":{"rendered":"Romanti\u010dna kratka bela umetelna obleka Milina"},"content":{"rendered":"<h5><span style=\"color: #594d47;\">Unikatna romanti\u010dna kratka sve\u010dana obleka iz sinteti\u010dne bele mre\u017ee je spredaj izvezena s cvetli\u010dnim motivom in okra\u0161ena z velikimi cvetovi iz bele prosojne organze. Tudi spodnji del obleke je krojen v obliki cvetnih listov. Zadaj je enobarvna, krasi jo \u010drnja pentlja z dolgimi trakovi. Abstrakten cvetli\u010dni vzorec je <strong><em>ro\u010dno\u00a0<\/em><\/strong>\u0161ivan in oblikovan iz \u010drne lakaste vrvice,<span style=\"font-size: 1.125rem;\"> ro\u010dno oblikovani in naknadno na\u0161iti so tudi <\/span><span style=\"font-size: 1.125rem;\">cvetovi. Subtilna tekstilna kreacija pooseblja ne\u017eno \u010dutnost narave. Priporo\u010deno je ro\u010dno pranje do 40 stopinj C, likanje ni potrebno. Ta umetelna obleka ustvari razpolo\u017eenje, <\/span>pritegne poglede in navdu\u0161i ob\u010dinstvo.<\/span><\/h5>\n<p>&nbsp;<\/p>\n","protected":false},"excerpt":{"rendered":"<h5>Subtilna tekstilna kompozicija pooseblja ne\u017eno \u010dutnost narave. Ta umetelna kreacija pritegne poglede in navdu\u0161i ob\u010dinstvo, je prava izbira za fotografiranje na prireditvah z rde\u010do preprogo, odrske nastope, gala ve\u010derje, poroke in sve\u010dane prilo\u017enosti, teater, film, kostumografijo, medijske zvezde, promocije\u2026 Izdelava po naro\u010dilu, za stilsko svetovanje, prosim, klik na <strong><a href=\"https:\/\/nanda.si\/kontakt\/\">povpra\u0161evanje<\/a>\u00a0!\u00a0<\/strong><\/h5>\n<h5>Sanje ujete v tekstil.<\/h5>\n<h5><\/h5>\n<h5><\/h5>\n","protected":false},"featured_media":2909,"comment_status":"closed","ping_status":"closed","template":"","meta":[],"product_brand":[],"product_cat":[121,119],"product_tag":[],"class_list":{"0":"post-2908","1":"product","2":"type-product","3":"status-publish","4":"has-post-thumbnail","6":"product_cat-umetnost-ki-jo-obleces","7":"product_cat-unikatna-oblacila-in-dodatki","9":"first","10":"onbackorder","11":"shipping-taxable","12":"product-type-simple"},"yoast_head":"<!-- This site is optimized with the Yoast SEO plugin v27.2 - https:\/\/yoast.com\/product\/yoast-seo-wordpress\/ -->\n<title>Romanti\u010dna kratka bela umetelna obleka Milina | Ines Drole Nanda<\/title>\n<meta name=\"description\" content=\"Romanti\u010dna kratka bela umetelna obleka Milina je subtilna tekstilna umetelna kreacija z abstraktnim cvetnim motivom in poseblja ne\u017eno \u010dutnost narave.\" \/>\n<meta name=\"robots\" content=\"index, follow, max-snippet:-1, max-image-preview:large, max-video-preview:-1\" \/>\n<link rel=\"canonical\" href=\"https:\/\/nanda.si\/sl\/izdelek\/romanticna-kratka-bela-umetelna-obleka-milina\/\" \/>\n<meta property=\"og:locale\" content=\"sl_SI\" \/>\n<meta property=\"og:type\" content=\"article\" \/>\n<meta property=\"og:title\" content=\"Romanti\u010dna kratka bela umetelna obleka Milina | Ines Drole Nanda\" \/>\n<meta property=\"og:description\" content=\"Romanti\u010dna kratka bela umetelna obleka Milina je subtilna tekstilna umetelna kreacija z abstraktnim cvetnim motivom in poseblja ne\u017eno \u010dutnost narave.\" \/>\n<meta property=\"og:url\" content=\"https:\/\/nanda.si\/sl\/izdelek\/romanticna-kratka-bela-umetelna-obleka-milina\/\" \/>\n<meta property=\"og:site_name\" content=\"Ines Drole Nanda\" \/>\n<meta property=\"article:modified_time\" content=\"2023-11-02T12:06:30+00:00\" \/>\n<meta property=\"og:image\" content=\"https:\/\/nanda.si\/wp-content\/uploads\/2022\/05\/romanticna-obleka_kolekcija-Cvet.jpg\" \/>\n\t<meta property=\"og:image:width\" content=\"1124\" \/>\n\t<meta property=\"og:image:height\" content=\"900\" \/>\n\t<meta property=\"og:image:type\" content=\"image\/jpeg\" \/>\n<meta name=\"twitter:card\" content=\"summary_large_image\" \/>\n<meta name=\"twitter:label1\" content=\"Est. reading time\" \/>\n\t<meta name=\"twitter:data1\" content=\"1 minuta\" \/>\n<script type=\"application\/ld+json\" class=\"yoast-schema-graph\">{\"@context\":\"https:\/\/schema.org\",\"@graph\":[{\"@type\":\"WebPage\",\"@id\":\"https:\/\/nanda.si\/sl\/izdelek\/romanticna-kratka-bela-umetelna-obleka-milina\/\",\"url\":\"https:\/\/nanda.si\/sl\/izdelek\/romanticna-kratka-bela-umetelna-obleka-milina\/\",\"name\":\"Romanti\u010dna kratka bela umetelna obleka Milina | Ines Drole Nanda\",\"isPartOf\":{\"@id\":\"https:\/\/nanda.si\/sl\/#website\"},\"primaryImageOfPage\":{\"@id\":\"https:\/\/nanda.si\/sl\/izdelek\/romanticna-kratka-bela-umetelna-obleka-milina\/#primaryimage\"},\"image\":{\"@id\":\"https:\/\/nanda.si\/sl\/izdelek\/romanticna-kratka-bela-umetelna-obleka-milina\/#primaryimage\"},\"thumbnailUrl\":\"https:\/\/nanda.si\/wp-content\/uploads\/2022\/05\/romanticna-obleka_kolekcija-Cvet.jpg\",\"datePublished\":\"2022-05-21T09:08:44+00:00\",\"dateModified\":\"2023-11-02T12:06:30+00:00\",\"description\":\"Romanti\u010dna kratka bela umetelna obleka Milina je subtilna tekstilna umetelna kreacija z abstraktnim cvetnim motivom in poseblja ne\u017eno \u010dutnost narave.\",\"breadcrumb\":{\"@id\":\"https:\/\/nanda.si\/sl\/izdelek\/romanticna-kratka-bela-umetelna-obleka-milina\/#breadcrumb\"},\"inLanguage\":\"sl-SI\",\"potentialAction\":[{\"@type\":\"ReadAction\",\"target\":[\"https:\/\/nanda.si\/sl\/izdelek\/romanticna-kratka-bela-umetelna-obleka-milina\/\"]}]},{\"@type\":\"ImageObject\",\"inLanguage\":\"sl-SI\",\"@id\":\"https:\/\/nanda.si\/sl\/izdelek\/romanticna-kratka-bela-umetelna-obleka-milina\/#primaryimage\",\"url\":\"https:\/\/nanda.si\/wp-content\/uploads\/2022\/05\/romanticna-obleka_kolekcija-Cvet.jpg\",\"contentUrl\":\"https:\/\/nanda.si\/wp-content\/uploads\/2022\/05\/romanticna-obleka_kolekcija-Cvet.jpg\",\"width\":1124,\"height\":900},{\"@type\":\"BreadcrumbList\",\"@id\":\"https:\/\/nanda.si\/sl\/izdelek\/romanticna-kratka-bela-umetelna-obleka-milina\/#breadcrumb\",\"itemListElement\":[{\"@type\":\"ListItem\",\"position\":1,\"name\":\"Home\",\"item\":\"https:\/\/nanda.si\/sl\/\"},{\"@type\":\"ListItem\",\"position\":2,\"name\":\"Trgovina\",\"item\":\"https:\/\/nanda.si\/sl\/trgovina\/\"},{\"@type\":\"ListItem\",\"position\":3,\"name\":\"Romanti\u010dna kratka bela umetelna obleka Milina\"}]},{\"@type\":\"WebSite\",\"@id\":\"https:\/\/nanda.si\/sl\/#website\",\"url\":\"https:\/\/nanda.si\/sl\/\",\"name\":\"Ines Drole Nanda\",\"description\":\"Umetelne tekstilne kreacije za edinstven interier in unikatna obla\u010dila.\",\"publisher\":{\"@id\":\"https:\/\/nanda.si\/sl\/#organization\"},\"potentialAction\":[{\"@type\":\"SearchAction\",\"target\":{\"@type\":\"EntryPoint\",\"urlTemplate\":\"https:\/\/nanda.si\/sl\/?s={search_term_string}\"},\"query-input\":{\"@type\":\"PropertyValueSpecification\",\"valueRequired\":true,\"valueName\":\"search_term_string\"}}],\"inLanguage\":\"sl-SI\"},{\"@type\":\"Organization\",\"@id\":\"https:\/\/nanda.si\/sl\/#organization\",\"name\":\"Ines Drole NANDA\",\"url\":\"https:\/\/nanda.si\/sl\/\",\"logo\":{\"@type\":\"ImageObject\",\"inLanguage\":\"sl-SI\",\"@id\":\"https:\/\/nanda.si\/sl\/#\/schema\/logo\/image\/\",\"url\":\"https:\/\/nanda.si\/wp-content\/uploads\/2022\/07\/logoNANDA-oval_Res.jpg\",\"contentUrl\":\"https:\/\/nanda.si\/wp-content\/uploads\/2022\/07\/logoNANDA-oval_Res.jpg\",\"width\":600,\"height\":600,\"caption\":\"Ines Drole NANDA\"},\"image\":{\"@id\":\"https:\/\/nanda.si\/sl\/#\/schema\/logo\/image\/\"}}]}<\/script>\n<!-- \/ Yoast SEO plugin. -->","yoast_head_json":{"title":"Romanti\u010dna kratka bela umetelna obleka Milina | Ines Drole Nanda","description":"Romanti\u010dna kratka bela umetelna obleka Milina je subtilna tekstilna umetelna kreacija z abstraktnim cvetnim motivom in poseblja ne\u017eno \u010dutnost narave.","robots":{"index":"index","follow":"follow","max-snippet":"max-snippet:-1","max-image-preview":"max-image-preview:large","max-video-preview":"max-video-preview:-1"},"canonical":"https:\/\/nanda.si\/sl\/izdelek\/romanticna-kratka-bela-umetelna-obleka-milina\/","og_locale":"sl_SI","og_type":"article","og_title":"Romanti\u010dna kratka bela umetelna obleka Milina | Ines Drole Nanda","og_description":"Romanti\u010dna kratka bela umetelna obleka Milina je subtilna tekstilna umetelna kreacija z abstraktnim cvetnim motivom in poseblja ne\u017eno \u010dutnost narave.","og_url":"https:\/\/nanda.si\/sl\/izdelek\/romanticna-kratka-bela-umetelna-obleka-milina\/","og_site_name":"Ines Drole Nanda","article_modified_time":"2023-11-02T12:06:30+00:00","og_image":[{"width":1124,"height":900,"url":"https:\/\/nanda.si\/wp-content\/uploads\/2022\/05\/romanticna-obleka_kolekcija-Cvet.jpg","type":"image\/jpeg"}],"twitter_card":"summary_large_image","twitter_misc":{"Est. reading time":"1 minuta"},"schema":{"@context":"https:\/\/schema.org","@graph":[{"@type":"WebPage","@id":"https:\/\/nanda.si\/sl\/izdelek\/romanticna-kratka-bela-umetelna-obleka-milina\/","url":"https:\/\/nanda.si\/sl\/izdelek\/romanticna-kratka-bela-umetelna-obleka-milina\/","name":"Romanti\u010dna kratka bela umetelna obleka Milina | Ines Drole Nanda","isPartOf":{"@id":"https:\/\/nanda.si\/sl\/#website"},"primaryImageOfPage":{"@id":"https:\/\/nanda.si\/sl\/izdelek\/romanticna-kratka-bela-umetelna-obleka-milina\/#primaryimage"},"image":{"@id":"https:\/\/nanda.si\/sl\/izdelek\/romanticna-kratka-bela-umetelna-obleka-milina\/#primaryimage"},"thumbnailUrl":"https:\/\/nanda.si\/wp-content\/uploads\/2022\/05\/romanticna-obleka_kolekcija-Cvet.jpg","datePublished":"2022-05-21T09:08:44+00:00","dateModified":"2023-11-02T12:06:30+00:00","description":"Romanti\u010dna kratka bela umetelna obleka Milina je subtilna tekstilna umetelna kreacija z abstraktnim cvetnim motivom in poseblja ne\u017eno \u010dutnost narave.","breadcrumb":{"@id":"https:\/\/nanda.si\/sl\/izdelek\/romanticna-kratka-bela-umetelna-obleka-milina\/#breadcrumb"},"inLanguage":"sl-SI","potentialAction":[{"@type":"ReadAction","target":["https:\/\/nanda.si\/sl\/izdelek\/romanticna-kratka-bela-umetelna-obleka-milina\/"]}]},{"@type":"ImageObject","inLanguage":"sl-SI","@id":"https:\/\/nanda.si\/sl\/izdelek\/romanticna-kratka-bela-umetelna-obleka-milina\/#primaryimage","url":"https:\/\/nanda.si\/wp-content\/uploads\/2022\/05\/romanticna-obleka_kolekcija-Cvet.jpg","contentUrl":"https:\/\/nanda.si\/wp-content\/uploads\/2022\/05\/romanticna-obleka_kolekcija-Cvet.jpg","width":1124,"height":900},{"@type":"BreadcrumbList","@id":"https:\/\/nanda.si\/sl\/izdelek\/romanticna-kratka-bela-umetelna-obleka-milina\/#breadcrumb","itemListElement":[{"@type":"ListItem","position":1,"name":"Home","item":"https:\/\/nanda.si\/sl\/"},{"@type":"ListItem","position":2,"name":"Trgovina","item":"https:\/\/nanda.si\/sl\/trgovina\/"},{"@type":"ListItem","position":3,"name":"Romanti\u010dna kratka bela umetelna obleka Milina"}]},{"@type":"WebSite","@id":"https:\/\/nanda.si\/sl\/#website","url":"https:\/\/nanda.si\/sl\/","name":"Ines Drole Nanda","description":"Umetelne tekstilne kreacije za edinstven interier in unikatna obla\u010dila.","publisher":{"@id":"https:\/\/nanda.si\/sl\/#organization"},"potentialAction":[{"@type":"SearchAction","target":{"@type":"EntryPoint","urlTemplate":"https:\/\/nanda.si\/sl\/?s={search_term_string}"},"query-input":{"@type":"PropertyValueSpecification","valueRequired":true,"valueName":"search_term_string"}}],"inLanguage":"sl-SI"},{"@type":"Organization","@id":"https:\/\/nanda.si\/sl\/#organization","name":"Ines Drole NANDA","url":"https:\/\/nanda.si\/sl\/","logo":{"@type":"ImageObject","inLanguage":"sl-SI","@id":"https:\/\/nanda.si\/sl\/#\/schema\/logo\/image\/","url":"https:\/\/nanda.si\/wp-content\/uploads\/2022\/07\/logoNANDA-oval_Res.jpg","contentUrl":"https:\/\/nanda.si\/wp-content\/uploads\/2022\/07\/logoNANDA-oval_Res.jpg","width":600,"height":600,"caption":"Ines Drole NANDA"},"image":{"@id":"https:\/\/nanda.si\/sl\/#\/schema\/logo\/image\/"}}]}},"_links":{"self":[{"href":"https:\/\/nanda.si\/sl\/wp-json\/wp\/v2\/product\/2908","targetHints":{"allow":["GET"]}}],"collection":[{"href":"https:\/\/nanda.si\/sl\/wp-json\/wp\/v2\/product"}],"about":[{"href":"https:\/\/nanda.si\/sl\/wp-json\/wp\/v2\/types\/product"}],"replies":[{"embeddable":true,"href":"https:\/\/nanda.si\/sl\/wp-json\/wp\/v2\/comments?post=2908"}],"wp:featuredmedia":[{"embeddable":true,"href":"https:\/\/nanda.si\/sl\/wp-json\/wp\/v2\/media\/2909"}],"wp:attachment":[{"href":"https:\/\/nanda.si\/sl\/wp-json\/wp\/v2\/media?parent=2908"}],"wp:term":[{"taxonomy":"product_brand","embeddable":true,"href":"https:\/\/nanda.si\/sl\/wp-json\/wp\/v2\/product_brand?post=2908"},{"taxonomy":"product_cat","embeddable":true,"href":"https:\/\/nanda.si\/sl\/wp-json\/wp\/v2\/product_cat?post=2908"},{"taxonomy":"product_tag","embeddable":true,"href":"https:\/\/nanda.si\/sl\/wp-json\/wp\/v2\/product_tag?post=2908"}],"curies":[{"name":"wp","href":"https:\/\/api.w.org\/{rel}","templated":true}]}}