{"id":2904,"date":"2022-05-20T19:28:29","date_gmt":"2022-05-20T19:28:29","guid":{"rendered":"https:\/\/nanda.si\/?post_type=product&#038;p=2904"},"modified":"2023-10-15T18:46:11","modified_gmt":"2023-10-15T18:46:11","slug":"edinstvena-teatralna-obleka-cvetoc-dan","status":"publish","type":"product","link":"https:\/\/nanda.si\/sl\/izdelek\/edinstvena-teatralna-obleka-cvetoc-dan\/","title":{"rendered":"Edinstvena teatralna obleka Cveto\u010d dan"},"content":{"rendered":"<p>Impresivna dolga obleka iz me\u0161anice lanu pritegne pogled in navdu\u0161i ob\u010dinstvo. Kreacija je inspirirana z motivom cveto\u010dega drevesa, cvetenja, pomladi, prebujanja narave, prokreacije. Je<em>\u00a0ro\u010dno\u00a0<\/em>\u0161ivana iz asimetri\u010dnih elementov vej, listov in abstraktnih cvetov, okra\u0161ena z bijou perlicami. Spodnji del je krojen kot krinolina, vrhnji del pa je minimalisti\u010den korzet iz lanu. Zadaj ima zadrgo. Ta umetelna obleka atraktivnega izgleda zagotovo pritegne poglede in navdu\u0161i ob\u010dinstvo.\u00a0 Priporo\u010deno je suho kemi\u010dno \u010di\u0161\u010denje.<\/p>\n<p>Sanje ujete v tekstil.<\/p>\n<h5><\/h5>\n<p><iframe loading=\"lazy\" title=\"Mother EARTH- I DIE. I&#039;M BORN. I GROW. _ines Drole NANDA\" width=\"1400\" height=\"788\" src=\"https:\/\/www.youtube.com\/embed\/CQHz-rwFC74?feature=oembed\" frameborder=\"0\" allow=\"accelerometer; autoplay; clipboard-write; encrypted-media; gyroscope; picture-in-picture; web-share\" allowfullscreen><\/iframe><\/p>\n","protected":false},"excerpt":{"rendered":"<h5><span style=\"color: #594646;\"><span style=\"font-size: 1.125rem;\">\u00a0<span style=\"color: #b69076;\">Ta teatralna obleka je primerna za <\/span><\/span><span style=\"color: #b69076;\"><span style=\"font-size: 1.125rem;\">odrske nastope,<\/span><span style=\"font-size: 1.125rem;\"> fotografiranje na\u00a0 prireditvah z rde\u010do preprogo,\u00a0 gala ve\u010derje in\u00a0 sve\u010dane prilo\u017enosti, kot tudi za teater, film, kostumografijo, odrske zvezde, promocijo.<\/span>\u00a0Za izdelavo po naro\u010dilu nudim stilsko svetovanje, za podrobne informacije klik na <strong><a style=\"color: #b69076;\" href=\"https:\/\/nanda.si\/kontakt\/\">povpra\u0161evanje, <\/a><\/strong><a style=\"color: #b69076;\" href=\"https:\/\/nanda.si\/kontakt\/\">hvala<\/a> !\u00a0<\/span><\/span><\/h5>\n<p>&nbsp;<\/p>\n","protected":false},"featured_media":2905,"comment_status":"closed","ping_status":"closed","template":"","meta":[],"product_brand":[],"product_cat":[121,119],"product_tag":[],"class_list":{"0":"post-2904","1":"product","2":"type-product","3":"status-publish","4":"has-post-thumbnail","6":"product_cat-umetnost-ki-jo-obleces","7":"product_cat-unikatna-oblacila-in-dodatki","9":"first","10":"onbackorder","11":"shipping-taxable","12":"product-type-simple"},"yoast_head":"<!-- This site is optimized with the Yoast SEO plugin v27.2 - https:\/\/yoast.com\/product\/yoast-seo-wordpress\/ -->\n<title>Edinstvena teatralna obleka Cveto\u010d dan | Ines Drole Nanda<\/title>\n<meta name=\"description\" content=\"Edinstvena teatralna dolga obleka Cveto\u010d dan primerna za odrske nastope in zvezde, fotografiranje na rde\u010di preprogi, teater in film\" \/>\n<meta name=\"robots\" content=\"index, follow, max-snippet:-1, max-image-preview:large, max-video-preview:-1\" \/>\n<link rel=\"canonical\" href=\"https:\/\/nanda.si\/sl\/izdelek\/edinstvena-teatralna-obleka-cvetoc-dan\/\" \/>\n<meta property=\"og:locale\" content=\"sl_SI\" \/>\n<meta property=\"og:type\" content=\"article\" \/>\n<meta property=\"og:title\" content=\"Edinstvena teatralna obleka Cveto\u010d dan | Ines Drole Nanda\" \/>\n<meta property=\"og:description\" content=\"Edinstvena teatralna dolga obleka Cveto\u010d dan primerna za odrske nastope in zvezde, fotografiranje na rde\u010di preprogi, teater in film\" \/>\n<meta property=\"og:url\" content=\"https:\/\/nanda.si\/sl\/izdelek\/edinstvena-teatralna-obleka-cvetoc-dan\/\" \/>\n<meta property=\"og:site_name\" content=\"Ines Drole Nanda\" \/>\n<meta property=\"article:modified_time\" content=\"2023-10-15T18:46:11+00:00\" \/>\n<meta property=\"og:image\" content=\"https:\/\/nanda.si\/wp-content\/uploads\/2022\/05\/unikatna-umetnostki-jo-obleces_kolekcija-Cvet.jpg\" \/>\n\t<meta property=\"og:image:width\" content=\"1028\" \/>\n\t<meta property=\"og:image:height\" content=\"884\" \/>\n\t<meta property=\"og:image:type\" content=\"image\/jpeg\" \/>\n<meta name=\"twitter:card\" content=\"summary_large_image\" \/>\n<meta name=\"twitter:label1\" content=\"Est. reading time\" \/>\n\t<meta name=\"twitter:data1\" content=\"1 minuta\" \/>\n<script type=\"application\/ld+json\" class=\"yoast-schema-graph\">{\"@context\":\"https:\/\/schema.org\",\"@graph\":[{\"@type\":\"WebPage\",\"@id\":\"https:\/\/nanda.si\/sl\/izdelek\/edinstvena-teatralna-obleka-cvetoc-dan\/\",\"url\":\"https:\/\/nanda.si\/sl\/izdelek\/edinstvena-teatralna-obleka-cvetoc-dan\/\",\"name\":\"Edinstvena teatralna obleka Cveto\u010d dan | Ines Drole Nanda\",\"isPartOf\":{\"@id\":\"https:\/\/nanda.si\/sl\/#website\"},\"primaryImageOfPage\":{\"@id\":\"https:\/\/nanda.si\/sl\/izdelek\/edinstvena-teatralna-obleka-cvetoc-dan\/#primaryimage\"},\"image\":{\"@id\":\"https:\/\/nanda.si\/sl\/izdelek\/edinstvena-teatralna-obleka-cvetoc-dan\/#primaryimage\"},\"thumbnailUrl\":\"https:\/\/nanda.si\/wp-content\/uploads\/2022\/05\/unikatna-umetnostki-jo-obleces_kolekcija-Cvet.jpg\",\"datePublished\":\"2022-05-20T19:28:29+00:00\",\"dateModified\":\"2023-10-15T18:46:11+00:00\",\"description\":\"Edinstvena teatralna dolga obleka Cveto\u010d dan primerna za odrske nastope in zvezde, fotografiranje na rde\u010di preprogi, teater in film\",\"breadcrumb\":{\"@id\":\"https:\/\/nanda.si\/sl\/izdelek\/edinstvena-teatralna-obleka-cvetoc-dan\/#breadcrumb\"},\"inLanguage\":\"sl-SI\",\"potentialAction\":[{\"@type\":\"ReadAction\",\"target\":[\"https:\/\/nanda.si\/sl\/izdelek\/edinstvena-teatralna-obleka-cvetoc-dan\/\"]}]},{\"@type\":\"ImageObject\",\"inLanguage\":\"sl-SI\",\"@id\":\"https:\/\/nanda.si\/sl\/izdelek\/edinstvena-teatralna-obleka-cvetoc-dan\/#primaryimage\",\"url\":\"https:\/\/nanda.si\/wp-content\/uploads\/2022\/05\/unikatna-umetnostki-jo-obleces_kolekcija-Cvet.jpg\",\"contentUrl\":\"https:\/\/nanda.si\/wp-content\/uploads\/2022\/05\/unikatna-umetnostki-jo-obleces_kolekcija-Cvet.jpg\",\"width\":1028,\"height\":884},{\"@type\":\"BreadcrumbList\",\"@id\":\"https:\/\/nanda.si\/sl\/izdelek\/edinstvena-teatralna-obleka-cvetoc-dan\/#breadcrumb\",\"itemListElement\":[{\"@type\":\"ListItem\",\"position\":1,\"name\":\"Home\",\"item\":\"https:\/\/nanda.si\/sl\/\"},{\"@type\":\"ListItem\",\"position\":2,\"name\":\"Trgovina\",\"item\":\"https:\/\/nanda.si\/sl\/trgovina\/\"},{\"@type\":\"ListItem\",\"position\":3,\"name\":\"Edinstvena teatralna obleka Cveto\u010d dan\"}]},{\"@type\":\"WebSite\",\"@id\":\"https:\/\/nanda.si\/sl\/#website\",\"url\":\"https:\/\/nanda.si\/sl\/\",\"name\":\"Ines Drole Nanda\",\"description\":\"Umetelne tekstilne kreacije za edinstven interier in unikatna obla\u010dila.\",\"publisher\":{\"@id\":\"https:\/\/nanda.si\/sl\/#organization\"},\"potentialAction\":[{\"@type\":\"SearchAction\",\"target\":{\"@type\":\"EntryPoint\",\"urlTemplate\":\"https:\/\/nanda.si\/sl\/?s={search_term_string}\"},\"query-input\":{\"@type\":\"PropertyValueSpecification\",\"valueRequired\":true,\"valueName\":\"search_term_string\"}}],\"inLanguage\":\"sl-SI\"},{\"@type\":\"Organization\",\"@id\":\"https:\/\/nanda.si\/sl\/#organization\",\"name\":\"Ines Drole NANDA\",\"url\":\"https:\/\/nanda.si\/sl\/\",\"logo\":{\"@type\":\"ImageObject\",\"inLanguage\":\"sl-SI\",\"@id\":\"https:\/\/nanda.si\/sl\/#\/schema\/logo\/image\/\",\"url\":\"https:\/\/nanda.si\/wp-content\/uploads\/2022\/07\/logoNANDA-oval_Res.jpg\",\"contentUrl\":\"https:\/\/nanda.si\/wp-content\/uploads\/2022\/07\/logoNANDA-oval_Res.jpg\",\"width\":600,\"height\":600,\"caption\":\"Ines Drole NANDA\"},\"image\":{\"@id\":\"https:\/\/nanda.si\/sl\/#\/schema\/logo\/image\/\"}}]}<\/script>\n<!-- \/ Yoast SEO plugin. -->","yoast_head_json":{"title":"Edinstvena teatralna obleka Cveto\u010d dan | Ines Drole Nanda","description":"Edinstvena teatralna dolga obleka Cveto\u010d dan primerna za odrske nastope in zvezde, fotografiranje na rde\u010di preprogi, teater in film","robots":{"index":"index","follow":"follow","max-snippet":"max-snippet:-1","max-image-preview":"max-image-preview:large","max-video-preview":"max-video-preview:-1"},"canonical":"https:\/\/nanda.si\/sl\/izdelek\/edinstvena-teatralna-obleka-cvetoc-dan\/","og_locale":"sl_SI","og_type":"article","og_title":"Edinstvena teatralna obleka Cveto\u010d dan | Ines Drole Nanda","og_description":"Edinstvena teatralna dolga obleka Cveto\u010d dan primerna za odrske nastope in zvezde, fotografiranje na rde\u010di preprogi, teater in film","og_url":"https:\/\/nanda.si\/sl\/izdelek\/edinstvena-teatralna-obleka-cvetoc-dan\/","og_site_name":"Ines Drole Nanda","article_modified_time":"2023-10-15T18:46:11+00:00","og_image":[{"width":1028,"height":884,"url":"https:\/\/nanda.si\/wp-content\/uploads\/2022\/05\/unikatna-umetnostki-jo-obleces_kolekcija-Cvet.jpg","type":"image\/jpeg"}],"twitter_card":"summary_large_image","twitter_misc":{"Est. reading time":"1 minuta"},"schema":{"@context":"https:\/\/schema.org","@graph":[{"@type":"WebPage","@id":"https:\/\/nanda.si\/sl\/izdelek\/edinstvena-teatralna-obleka-cvetoc-dan\/","url":"https:\/\/nanda.si\/sl\/izdelek\/edinstvena-teatralna-obleka-cvetoc-dan\/","name":"Edinstvena teatralna obleka Cveto\u010d dan | Ines Drole Nanda","isPartOf":{"@id":"https:\/\/nanda.si\/sl\/#website"},"primaryImageOfPage":{"@id":"https:\/\/nanda.si\/sl\/izdelek\/edinstvena-teatralna-obleka-cvetoc-dan\/#primaryimage"},"image":{"@id":"https:\/\/nanda.si\/sl\/izdelek\/edinstvena-teatralna-obleka-cvetoc-dan\/#primaryimage"},"thumbnailUrl":"https:\/\/nanda.si\/wp-content\/uploads\/2022\/05\/unikatna-umetnostki-jo-obleces_kolekcija-Cvet.jpg","datePublished":"2022-05-20T19:28:29+00:00","dateModified":"2023-10-15T18:46:11+00:00","description":"Edinstvena teatralna dolga obleka Cveto\u010d dan primerna za odrske nastope in zvezde, fotografiranje na rde\u010di preprogi, teater in film","breadcrumb":{"@id":"https:\/\/nanda.si\/sl\/izdelek\/edinstvena-teatralna-obleka-cvetoc-dan\/#breadcrumb"},"inLanguage":"sl-SI","potentialAction":[{"@type":"ReadAction","target":["https:\/\/nanda.si\/sl\/izdelek\/edinstvena-teatralna-obleka-cvetoc-dan\/"]}]},{"@type":"ImageObject","inLanguage":"sl-SI","@id":"https:\/\/nanda.si\/sl\/izdelek\/edinstvena-teatralna-obleka-cvetoc-dan\/#primaryimage","url":"https:\/\/nanda.si\/wp-content\/uploads\/2022\/05\/unikatna-umetnostki-jo-obleces_kolekcija-Cvet.jpg","contentUrl":"https:\/\/nanda.si\/wp-content\/uploads\/2022\/05\/unikatna-umetnostki-jo-obleces_kolekcija-Cvet.jpg","width":1028,"height":884},{"@type":"BreadcrumbList","@id":"https:\/\/nanda.si\/sl\/izdelek\/edinstvena-teatralna-obleka-cvetoc-dan\/#breadcrumb","itemListElement":[{"@type":"ListItem","position":1,"name":"Home","item":"https:\/\/nanda.si\/sl\/"},{"@type":"ListItem","position":2,"name":"Trgovina","item":"https:\/\/nanda.si\/sl\/trgovina\/"},{"@type":"ListItem","position":3,"name":"Edinstvena teatralna obleka Cveto\u010d dan"}]},{"@type":"WebSite","@id":"https:\/\/nanda.si\/sl\/#website","url":"https:\/\/nanda.si\/sl\/","name":"Ines Drole Nanda","description":"Umetelne tekstilne kreacije za edinstven interier in unikatna obla\u010dila.","publisher":{"@id":"https:\/\/nanda.si\/sl\/#organization"},"potentialAction":[{"@type":"SearchAction","target":{"@type":"EntryPoint","urlTemplate":"https:\/\/nanda.si\/sl\/?s={search_term_string}"},"query-input":{"@type":"PropertyValueSpecification","valueRequired":true,"valueName":"search_term_string"}}],"inLanguage":"sl-SI"},{"@type":"Organization","@id":"https:\/\/nanda.si\/sl\/#organization","name":"Ines Drole NANDA","url":"https:\/\/nanda.si\/sl\/","logo":{"@type":"ImageObject","inLanguage":"sl-SI","@id":"https:\/\/nanda.si\/sl\/#\/schema\/logo\/image\/","url":"https:\/\/nanda.si\/wp-content\/uploads\/2022\/07\/logoNANDA-oval_Res.jpg","contentUrl":"https:\/\/nanda.si\/wp-content\/uploads\/2022\/07\/logoNANDA-oval_Res.jpg","width":600,"height":600,"caption":"Ines Drole NANDA"},"image":{"@id":"https:\/\/nanda.si\/sl\/#\/schema\/logo\/image\/"}}]}},"_links":{"self":[{"href":"https:\/\/nanda.si\/sl\/wp-json\/wp\/v2\/product\/2904","targetHints":{"allow":["GET"]}}],"collection":[{"href":"https:\/\/nanda.si\/sl\/wp-json\/wp\/v2\/product"}],"about":[{"href":"https:\/\/nanda.si\/sl\/wp-json\/wp\/v2\/types\/product"}],"replies":[{"embeddable":true,"href":"https:\/\/nanda.si\/sl\/wp-json\/wp\/v2\/comments?post=2904"}],"wp:featuredmedia":[{"embeddable":true,"href":"https:\/\/nanda.si\/sl\/wp-json\/wp\/v2\/media\/2905"}],"wp:attachment":[{"href":"https:\/\/nanda.si\/sl\/wp-json\/wp\/v2\/media?parent=2904"}],"wp:term":[{"taxonomy":"product_brand","embeddable":true,"href":"https:\/\/nanda.si\/sl\/wp-json\/wp\/v2\/product_brand?post=2904"},{"taxonomy":"product_cat","embeddable":true,"href":"https:\/\/nanda.si\/sl\/wp-json\/wp\/v2\/product_cat?post=2904"},{"taxonomy":"product_tag","embeddable":true,"href":"https:\/\/nanda.si\/sl\/wp-json\/wp\/v2\/product_tag?post=2904"}],"curies":[{"name":"wp","href":"https:\/\/api.w.org\/{rel}","templated":true}]}}