{"id":2752,"date":"2022-04-26T08:31:02","date_gmt":"2022-04-26T08:31:02","guid":{"rendered":"https:\/\/nanda.si\/?post_type=product&#038;p=2752"},"modified":"2024-01-03T13:48:20","modified_gmt":"2024-01-03T13:48:20","slug":"svilena-ruta-z-umeteleno-cipko-vijola-fantazija","status":"publish","type":"product","link":"https:\/\/nanda.si\/sl\/izdelek\/svilena-ruta-z-umeteleno-cipko-vijola-fantazija\/","title":{"rendered":"Svilena ruta z umeteleno \u010dipko Vijola fantazija"},"content":{"rendered":"<h5><span style=\"color: #4f3c3c;\">Unikatna obla\u010dila NANDA za vsak dan izdelajo videz in pri\u010darajo razpolo\u017eenje. To so obleke izvirnega dizajna narejene iz kvalitetnih materialov, ki nudijo udobje in estetsko ugodje. Zgodbe iz tekstila.<\/span><\/h5>\n","protected":false},"excerpt":{"rendered":"<h5><span style=\"color: #a18272;\">Unikatna svilena ruta z umeteleno \u010dipko Vijola fantazija je misti\u010dne antiko vijola barve in dimenzije 140 x 55 cm. Tkanina je iz me\u0161anice 30% lana in 70 % \u0161antung svile in\u00a0 ima lice na obe strani. Okra\u0161ena je z ro\u010dno izdelano \u010dipko abstraktnih cvetov in listkov. Lahko se jo pere v pralnem stroju v za\u0161\u010ditni vre\u010dki in brez centrifuge, do 40 stopinj Cezija. Ro\u010dno pranje podalj\u0161a \u017eivljenjsko dobo vsakega obla\u010dila.<\/span><\/h5>\n<p>&nbsp;<\/p>\n","protected":false},"featured_media":2922,"comment_status":"closed","ping_status":"closed","template":"","meta":[],"product_brand":[],"product_cat":[20],"product_tag":[],"class_list":{"0":"post-2752","1":"product","2":"type-product","3":"status-publish","4":"has-post-thumbnail","6":"product_cat-uncategorized","8":"first","9":"outofstock","10":"shipping-taxable","11":"purchasable","12":"product-type-simple"},"yoast_head":"<!-- This site is optimized with the Yoast SEO plugin v27.2 - https:\/\/yoast.com\/product\/yoast-seo-wordpress\/ -->\n<title>Svilena ruta z umeteleno \u010dipko Vijola fantazija | Ines Drole Nanda<\/title>\n<meta name=\"description\" content=\"Unikatna ruta z umeteleno \u010dipko Vijola fantazija iz me\u0161anice lana in 70 % \u0161antung svile ima lice na obe strani in ro\u010dno izdelano umetelno \u010dipko okrog robov.\" \/>\n<meta name=\"robots\" content=\"index, follow, max-snippet:-1, max-image-preview:large, max-video-preview:-1\" \/>\n<link rel=\"canonical\" href=\"https:\/\/nanda.si\/sl\/izdelek\/svilena-ruta-z-umeteleno-cipko-vijola-fantazija\/\" \/>\n<meta property=\"og:locale\" content=\"sl_SI\" \/>\n<meta property=\"og:type\" content=\"article\" \/>\n<meta property=\"og:title\" content=\"Svilena ruta z umeteleno \u010dipko Vijola fantazija | Ines Drole Nanda\" \/>\n<meta property=\"og:description\" content=\"Unikatna ruta z umeteleno \u010dipko Vijola fantazija iz me\u0161anice lana in 70 % \u0161antung svile ima lice na obe strani in ro\u010dno izdelano umetelno \u010dipko okrog robov.\" \/>\n<meta property=\"og:url\" content=\"https:\/\/nanda.si\/sl\/izdelek\/svilena-ruta-z-umeteleno-cipko-vijola-fantazija\/\" \/>\n<meta property=\"og:site_name\" content=\"Ines Drole Nanda\" \/>\n<meta property=\"article:modified_time\" content=\"2024-01-03T13:48:20+00:00\" \/>\n<meta property=\"og:image\" content=\"https:\/\/nanda.si\/wp-content\/uploads\/2022\/04\/ruta-z-umetelno-cipko.jpg\" \/>\n\t<meta property=\"og:image:width\" content=\"1039\" \/>\n\t<meta property=\"og:image:height\" content=\"900\" \/>\n\t<meta property=\"og:image:type\" content=\"image\/jpeg\" \/>\n<meta name=\"twitter:card\" content=\"summary_large_image\" \/>\n<meta name=\"twitter:label1\" content=\"Est. reading time\" \/>\n\t<meta name=\"twitter:data1\" content=\"1 minuta\" \/>\n<script type=\"application\/ld+json\" class=\"yoast-schema-graph\">{\"@context\":\"https:\/\/schema.org\",\"@graph\":[{\"@type\":\"WebPage\",\"@id\":\"https:\/\/nanda.si\/sl\/izdelek\/svilena-ruta-z-umeteleno-cipko-vijola-fantazija\/\",\"url\":\"https:\/\/nanda.si\/sl\/izdelek\/svilena-ruta-z-umeteleno-cipko-vijola-fantazija\/\",\"name\":\"Svilena ruta z umeteleno \u010dipko Vijola fantazija | Ines Drole Nanda\",\"isPartOf\":{\"@id\":\"https:\/\/nanda.si\/sl\/#website\"},\"primaryImageOfPage\":{\"@id\":\"https:\/\/nanda.si\/sl\/izdelek\/svilena-ruta-z-umeteleno-cipko-vijola-fantazija\/#primaryimage\"},\"image\":{\"@id\":\"https:\/\/nanda.si\/sl\/izdelek\/svilena-ruta-z-umeteleno-cipko-vijola-fantazija\/#primaryimage\"},\"thumbnailUrl\":\"https:\/\/nanda.si\/wp-content\/uploads\/2022\/04\/ruta-z-umetelno-cipko.jpg\",\"datePublished\":\"2022-04-26T08:31:02+00:00\",\"dateModified\":\"2024-01-03T13:48:20+00:00\",\"description\":\"Unikatna ruta z umeteleno \u010dipko Vijola fantazija iz me\u0161anice lana in 70 % \u0161antung svile ima lice na obe strani in ro\u010dno izdelano umetelno \u010dipko okrog robov.\",\"breadcrumb\":{\"@id\":\"https:\/\/nanda.si\/sl\/izdelek\/svilena-ruta-z-umeteleno-cipko-vijola-fantazija\/#breadcrumb\"},\"inLanguage\":\"sl-SI\",\"potentialAction\":[{\"@type\":\"ReadAction\",\"target\":[\"https:\/\/nanda.si\/sl\/izdelek\/svilena-ruta-z-umeteleno-cipko-vijola-fantazija\/\"]}]},{\"@type\":\"ImageObject\",\"inLanguage\":\"sl-SI\",\"@id\":\"https:\/\/nanda.si\/sl\/izdelek\/svilena-ruta-z-umeteleno-cipko-vijola-fantazija\/#primaryimage\",\"url\":\"https:\/\/nanda.si\/wp-content\/uploads\/2022\/04\/ruta-z-umetelno-cipko.jpg\",\"contentUrl\":\"https:\/\/nanda.si\/wp-content\/uploads\/2022\/04\/ruta-z-umetelno-cipko.jpg\",\"width\":1039,\"height\":900},{\"@type\":\"BreadcrumbList\",\"@id\":\"https:\/\/nanda.si\/sl\/izdelek\/svilena-ruta-z-umeteleno-cipko-vijola-fantazija\/#breadcrumb\",\"itemListElement\":[{\"@type\":\"ListItem\",\"position\":1,\"name\":\"Home\",\"item\":\"https:\/\/nanda.si\/sl\/\"},{\"@type\":\"ListItem\",\"position\":2,\"name\":\"Trgovina\",\"item\":\"https:\/\/nanda.si\/sl\/trgovina\/\"},{\"@type\":\"ListItem\",\"position\":3,\"name\":\"Svilena ruta z umeteleno \u010dipko Vijola fantazija\"}]},{\"@type\":\"WebSite\",\"@id\":\"https:\/\/nanda.si\/sl\/#website\",\"url\":\"https:\/\/nanda.si\/sl\/\",\"name\":\"Ines Drole Nanda\",\"description\":\"Umetelne tekstilne kreacije za edinstven interier in unikatna obla\u010dila.\",\"publisher\":{\"@id\":\"https:\/\/nanda.si\/sl\/#organization\"},\"potentialAction\":[{\"@type\":\"SearchAction\",\"target\":{\"@type\":\"EntryPoint\",\"urlTemplate\":\"https:\/\/nanda.si\/sl\/?s={search_term_string}\"},\"query-input\":{\"@type\":\"PropertyValueSpecification\",\"valueRequired\":true,\"valueName\":\"search_term_string\"}}],\"inLanguage\":\"sl-SI\"},{\"@type\":\"Organization\",\"@id\":\"https:\/\/nanda.si\/sl\/#organization\",\"name\":\"Ines Drole NANDA\",\"url\":\"https:\/\/nanda.si\/sl\/\",\"logo\":{\"@type\":\"ImageObject\",\"inLanguage\":\"sl-SI\",\"@id\":\"https:\/\/nanda.si\/sl\/#\/schema\/logo\/image\/\",\"url\":\"https:\/\/nanda.si\/wp-content\/uploads\/2022\/07\/logoNANDA-oval_Res.jpg\",\"contentUrl\":\"https:\/\/nanda.si\/wp-content\/uploads\/2022\/07\/logoNANDA-oval_Res.jpg\",\"width\":600,\"height\":600,\"caption\":\"Ines Drole NANDA\"},\"image\":{\"@id\":\"https:\/\/nanda.si\/sl\/#\/schema\/logo\/image\/\"}}]}<\/script>\n<!-- \/ Yoast SEO plugin. -->","yoast_head_json":{"title":"Svilena ruta z umeteleno \u010dipko Vijola fantazija | Ines Drole Nanda","description":"Unikatna ruta z umeteleno \u010dipko Vijola fantazija iz me\u0161anice lana in 70 % \u0161antung svile ima lice na obe strani in ro\u010dno izdelano umetelno \u010dipko okrog robov.","robots":{"index":"index","follow":"follow","max-snippet":"max-snippet:-1","max-image-preview":"max-image-preview:large","max-video-preview":"max-video-preview:-1"},"canonical":"https:\/\/nanda.si\/sl\/izdelek\/svilena-ruta-z-umeteleno-cipko-vijola-fantazija\/","og_locale":"sl_SI","og_type":"article","og_title":"Svilena ruta z umeteleno \u010dipko Vijola fantazija | Ines Drole Nanda","og_description":"Unikatna ruta z umeteleno \u010dipko Vijola fantazija iz me\u0161anice lana in 70 % \u0161antung svile ima lice na obe strani in ro\u010dno izdelano umetelno \u010dipko okrog robov.","og_url":"https:\/\/nanda.si\/sl\/izdelek\/svilena-ruta-z-umeteleno-cipko-vijola-fantazija\/","og_site_name":"Ines Drole Nanda","article_modified_time":"2024-01-03T13:48:20+00:00","og_image":[{"width":1039,"height":900,"url":"https:\/\/nanda.si\/wp-content\/uploads\/2022\/04\/ruta-z-umetelno-cipko.jpg","type":"image\/jpeg"}],"twitter_card":"summary_large_image","twitter_misc":{"Est. reading time":"1 minuta"},"schema":{"@context":"https:\/\/schema.org","@graph":[{"@type":"WebPage","@id":"https:\/\/nanda.si\/sl\/izdelek\/svilena-ruta-z-umeteleno-cipko-vijola-fantazija\/","url":"https:\/\/nanda.si\/sl\/izdelek\/svilena-ruta-z-umeteleno-cipko-vijola-fantazija\/","name":"Svilena ruta z umeteleno \u010dipko Vijola fantazija | Ines Drole Nanda","isPartOf":{"@id":"https:\/\/nanda.si\/sl\/#website"},"primaryImageOfPage":{"@id":"https:\/\/nanda.si\/sl\/izdelek\/svilena-ruta-z-umeteleno-cipko-vijola-fantazija\/#primaryimage"},"image":{"@id":"https:\/\/nanda.si\/sl\/izdelek\/svilena-ruta-z-umeteleno-cipko-vijola-fantazija\/#primaryimage"},"thumbnailUrl":"https:\/\/nanda.si\/wp-content\/uploads\/2022\/04\/ruta-z-umetelno-cipko.jpg","datePublished":"2022-04-26T08:31:02+00:00","dateModified":"2024-01-03T13:48:20+00:00","description":"Unikatna ruta z umeteleno \u010dipko Vijola fantazija iz me\u0161anice lana in 70 % \u0161antung svile ima lice na obe strani in ro\u010dno izdelano umetelno \u010dipko okrog robov.","breadcrumb":{"@id":"https:\/\/nanda.si\/sl\/izdelek\/svilena-ruta-z-umeteleno-cipko-vijola-fantazija\/#breadcrumb"},"inLanguage":"sl-SI","potentialAction":[{"@type":"ReadAction","target":["https:\/\/nanda.si\/sl\/izdelek\/svilena-ruta-z-umeteleno-cipko-vijola-fantazija\/"]}]},{"@type":"ImageObject","inLanguage":"sl-SI","@id":"https:\/\/nanda.si\/sl\/izdelek\/svilena-ruta-z-umeteleno-cipko-vijola-fantazija\/#primaryimage","url":"https:\/\/nanda.si\/wp-content\/uploads\/2022\/04\/ruta-z-umetelno-cipko.jpg","contentUrl":"https:\/\/nanda.si\/wp-content\/uploads\/2022\/04\/ruta-z-umetelno-cipko.jpg","width":1039,"height":900},{"@type":"BreadcrumbList","@id":"https:\/\/nanda.si\/sl\/izdelek\/svilena-ruta-z-umeteleno-cipko-vijola-fantazija\/#breadcrumb","itemListElement":[{"@type":"ListItem","position":1,"name":"Home","item":"https:\/\/nanda.si\/sl\/"},{"@type":"ListItem","position":2,"name":"Trgovina","item":"https:\/\/nanda.si\/sl\/trgovina\/"},{"@type":"ListItem","position":3,"name":"Svilena ruta z umeteleno \u010dipko Vijola fantazija"}]},{"@type":"WebSite","@id":"https:\/\/nanda.si\/sl\/#website","url":"https:\/\/nanda.si\/sl\/","name":"Ines Drole Nanda","description":"Umetelne tekstilne kreacije za edinstven interier in unikatna obla\u010dila.","publisher":{"@id":"https:\/\/nanda.si\/sl\/#organization"},"potentialAction":[{"@type":"SearchAction","target":{"@type":"EntryPoint","urlTemplate":"https:\/\/nanda.si\/sl\/?s={search_term_string}"},"query-input":{"@type":"PropertyValueSpecification","valueRequired":true,"valueName":"search_term_string"}}],"inLanguage":"sl-SI"},{"@type":"Organization","@id":"https:\/\/nanda.si\/sl\/#organization","name":"Ines Drole NANDA","url":"https:\/\/nanda.si\/sl\/","logo":{"@type":"ImageObject","inLanguage":"sl-SI","@id":"https:\/\/nanda.si\/sl\/#\/schema\/logo\/image\/","url":"https:\/\/nanda.si\/wp-content\/uploads\/2022\/07\/logoNANDA-oval_Res.jpg","contentUrl":"https:\/\/nanda.si\/wp-content\/uploads\/2022\/07\/logoNANDA-oval_Res.jpg","width":600,"height":600,"caption":"Ines Drole NANDA"},"image":{"@id":"https:\/\/nanda.si\/sl\/#\/schema\/logo\/image\/"}}]}},"_links":{"self":[{"href":"https:\/\/nanda.si\/sl\/wp-json\/wp\/v2\/product\/2752","targetHints":{"allow":["GET"]}}],"collection":[{"href":"https:\/\/nanda.si\/sl\/wp-json\/wp\/v2\/product"}],"about":[{"href":"https:\/\/nanda.si\/sl\/wp-json\/wp\/v2\/types\/product"}],"replies":[{"embeddable":true,"href":"https:\/\/nanda.si\/sl\/wp-json\/wp\/v2\/comments?post=2752"}],"wp:featuredmedia":[{"embeddable":true,"href":"https:\/\/nanda.si\/sl\/wp-json\/wp\/v2\/media\/2922"}],"wp:attachment":[{"href":"https:\/\/nanda.si\/sl\/wp-json\/wp\/v2\/media?parent=2752"}],"wp:term":[{"taxonomy":"product_brand","embeddable":true,"href":"https:\/\/nanda.si\/sl\/wp-json\/wp\/v2\/product_brand?post=2752"},{"taxonomy":"product_cat","embeddable":true,"href":"https:\/\/nanda.si\/sl\/wp-json\/wp\/v2\/product_cat?post=2752"},{"taxonomy":"product_tag","embeddable":true,"href":"https:\/\/nanda.si\/sl\/wp-json\/wp\/v2\/product_tag?post=2752"}],"curies":[{"name":"wp","href":"https:\/\/api.w.org\/{rel}","templated":true}]}}