{"id":2707,"date":"2022-04-25T12:24:04","date_gmt":"2022-04-25T12:24:04","guid":{"rendered":"https:\/\/nanda.si\/?post_type=product&#038;p=2707"},"modified":"2023-10-20T18:17:42","modified_gmt":"2023-10-20T18:17:42","slug":"oblikovalska-unikatna-zavesa-divja-vrtnica","status":"publish","type":"product","link":"https:\/\/nanda.si\/sl\/izdelek\/oblikovalska-unikatna-zavesa-divja-vrtnica\/","title":{"rendered":"Oblikovalska unikatna zavesa Divja vrtnica"},"content":{"rendered":"<h5><span style=\"color: #594f4f;\">Ro\u010dno izdelane tekstilne unikatne zavese odlikuje edinstven dizajn razli\u010dnih motivov, barv, oblik in dimenzij. Najprej se naredi\u00a0 \u0161tudija ustreznosti izbranega materiala za \u017eelen efekt in izvedbo ideje. Ko so narejeni osnovni elementi uravnavam napetosti in kompozicijo, da se dose\u017ee harmoni\u010dno ravnote\u017eje. Te inovativne umetelne kreacije s svojim ekstravagantnim videzom pritegnejo pogled in soustvarjajo intimnost doma. Sprejemam naro\u010dila za izdelavo zaves po meri naro\u010dnika. Nudim\u00a0 svetovanje in projektno oblikovanje tekstilnega dekorja po meri va\u0161ega interierja, kot tudi oplemenitenje \u017ee obstoje\u010dih zaves, v\u00a0 podporo trajnostnemu razvoju na\u0161ega planeta. Klik za povpra\u0161evanje na <\/span><a href=\"http:\/\/nanda.si\/kontakt\/\"><span style=\"color: #594f4f;\">Zavese s stilom.<\/span><\/a><\/h5>\n<p>&nbsp;<\/p>\n<p>&nbsp;<\/p>\n","protected":false},"excerpt":{"rendered":"<h5><span style=\"color: #b6907b;\">Ekstravagantna ro\u010dno \u0161ivana umetelna zavesa je imitacija bele divja vrtnice in ima lice na obe strani. Narejena <span style=\"font-size: 1.125rem;\">je iz organze pastelno olivne barve, ter \u010drne in bele <\/span><span style=\"font-size: 1.125rem;\">viskoze z leskom. Na polprosojni tkanini so vzdol\u017eno name\u0161\u010deni<\/span><span style=\"font-size: 1.125rem;\"> asimetri\u010dni \u010drni vijugasti trakovi z elementi belih cvetov vrtnic. <\/span>S svojim subtilnim edinstvenim izgledom vna\u0161a v prostor harmonijo in udobje bivanja, naj gre za poslovni prostor ali intimo doma. Razgalja ekstravaganten okus uporabnika.\u00a0<span style=\"font-size: 1.125rem;\">J<\/span><span style=\"font-size: 1.125rem;\">e lahka konstrukcija d<\/span><span style=\"font-size: 1.125rem;\">imenzij 160 x 130 x 9 cm. <\/span><span style=\"font-size: 1.125rem;\">Ima ustrezne tehni\u010dne lastnosti za vzdr\u017eevanje. Priporo\u010deno je ro\u010dno pranje do 40 stopinj C ali suho \u010di\u0161\u010denje, ki zagotavljata dalj\u0161o obstojnost. Pranje v pralnem stroju je mo\u017eno z uporabo za\u0161\u010ditne vre\u010dke, brez centrifuge, s programom za delikatne tkanine. Zavesa ima zgoraj vodilo za drog premera do 2 cm <\/span><span style=\"font-size: 1.125rem;\">in je<\/span><span style=\"font-size: 1.125rem;\"> preprosta za name\u0161\u010danje. <\/span><\/span><span style=\"color: #b6907b;\"><span style=\"font-size: 1.125rem;\">Mo\u017ena je izdelava po meri va\u0161ega interierja, nudim individualno svetovanje in projektno oblikovanje tekstilnega interierja, kot tudi <\/span><span style=\"font-size: 1.125rem;\">oplemenitenje obstoje\u010dih zaves, <span style=\"color: #5c4848;\"><a style=\"color: #5c4848;\" href=\"https:\/\/nanda.si\/kontakt\/\"><em>klik na povpra\u0161evanje<\/em><\/a><\/span><\/span><span style=\"color: #5c4848;\"><em><span style=\"font-size: 1.125rem;\">.<\/span><\/em><\/span><\/span><\/h5>\n","protected":false},"featured_media":2939,"comment_status":"closed","ping_status":"closed","template":"","meta":[],"product_brand":[],"product_cat":[117],"product_tag":[],"class_list":{"0":"post-2707","1":"product","2":"type-product","3":"status-publish","4":"has-post-thumbnail","6":"product_cat-umetniske-zavese","8":"first","9":"instock","10":"shipping-taxable","11":"purchasable","12":"product-type-simple"},"yoast_head":"<!-- This site is optimized with the Yoast SEO plugin v27.2 - https:\/\/yoast.com\/product\/yoast-seo-wordpress\/ -->\n<title>Oblikovalska unikatna zavesa Divja vrtnica | Ines Drole Nanda<\/title>\n<meta name=\"description\" content=\"Drzna oblikovalska zavesa po meri intime ambienta ustvarja ekstravagantno atmosfero in s svojim atraktivnim videzom razvaja uporabnika.\" \/>\n<meta name=\"robots\" content=\"index, follow, max-snippet:-1, max-image-preview:large, max-video-preview:-1\" \/>\n<link rel=\"canonical\" href=\"https:\/\/nanda.si\/sl\/izdelek\/oblikovalska-unikatna-zavesa-divja-vrtnica\/\" \/>\n<meta property=\"og:locale\" content=\"sl_SI\" \/>\n<meta property=\"og:type\" content=\"article\" \/>\n<meta property=\"og:title\" content=\"Oblikovalska unikatna zavesa Divja vrtnica | Ines Drole Nanda\" \/>\n<meta property=\"og:description\" content=\"Drzna oblikovalska zavesa po meri intime ambienta ustvarja ekstravagantno atmosfero in s svojim atraktivnim videzom razvaja uporabnika.\" \/>\n<meta property=\"og:url\" content=\"https:\/\/nanda.si\/sl\/izdelek\/oblikovalska-unikatna-zavesa-divja-vrtnica\/\" \/>\n<meta property=\"og:site_name\" content=\"Ines Drole Nanda\" \/>\n<meta property=\"article:modified_time\" content=\"2023-10-20T18:17:42+00:00\" \/>\n<meta property=\"og:image\" content=\"https:\/\/nanda.si\/wp-content\/uploads\/2022\/04\/umetniska-zavesa-Divja-vrtnica_spanska-stena_tekstilni-interior-dekor.jpg\" \/>\n\t<meta property=\"og:image:width\" content=\"606\" \/>\n\t<meta property=\"og:image:height\" content=\"600\" \/>\n\t<meta property=\"og:image:type\" content=\"image\/jpeg\" \/>\n<meta name=\"twitter:card\" content=\"summary_large_image\" \/>\n<meta name=\"twitter:label1\" content=\"Est. reading time\" \/>\n\t<meta name=\"twitter:data1\" content=\"1 minuta\" \/>\n<script type=\"application\/ld+json\" class=\"yoast-schema-graph\">{\"@context\":\"https:\/\/schema.org\",\"@graph\":[{\"@type\":\"WebPage\",\"@id\":\"https:\/\/nanda.si\/sl\/izdelek\/oblikovalska-unikatna-zavesa-divja-vrtnica\/\",\"url\":\"https:\/\/nanda.si\/sl\/izdelek\/oblikovalska-unikatna-zavesa-divja-vrtnica\/\",\"name\":\"Oblikovalska unikatna zavesa Divja vrtnica | Ines Drole Nanda\",\"isPartOf\":{\"@id\":\"https:\/\/nanda.si\/sl\/#website\"},\"primaryImageOfPage\":{\"@id\":\"https:\/\/nanda.si\/sl\/izdelek\/oblikovalska-unikatna-zavesa-divja-vrtnica\/#primaryimage\"},\"image\":{\"@id\":\"https:\/\/nanda.si\/sl\/izdelek\/oblikovalska-unikatna-zavesa-divja-vrtnica\/#primaryimage\"},\"thumbnailUrl\":\"https:\/\/nanda.si\/wp-content\/uploads\/2022\/04\/umetniska-zavesa-Divja-vrtnica_spanska-stena_tekstilni-interior-dekor.jpg\",\"datePublished\":\"2022-04-25T12:24:04+00:00\",\"dateModified\":\"2023-10-20T18:17:42+00:00\",\"description\":\"Drzna oblikovalska zavesa po meri intime ambienta ustvarja ekstravagantno atmosfero in s svojim atraktivnim videzom razvaja uporabnika.\",\"breadcrumb\":{\"@id\":\"https:\/\/nanda.si\/sl\/izdelek\/oblikovalska-unikatna-zavesa-divja-vrtnica\/#breadcrumb\"},\"inLanguage\":\"sl-SI\",\"potentialAction\":[{\"@type\":\"ReadAction\",\"target\":[\"https:\/\/nanda.si\/sl\/izdelek\/oblikovalska-unikatna-zavesa-divja-vrtnica\/\"]}]},{\"@type\":\"ImageObject\",\"inLanguage\":\"sl-SI\",\"@id\":\"https:\/\/nanda.si\/sl\/izdelek\/oblikovalska-unikatna-zavesa-divja-vrtnica\/#primaryimage\",\"url\":\"https:\/\/nanda.si\/wp-content\/uploads\/2022\/04\/umetniska-zavesa-Divja-vrtnica_spanska-stena_tekstilni-interior-dekor.jpg\",\"contentUrl\":\"https:\/\/nanda.si\/wp-content\/uploads\/2022\/04\/umetniska-zavesa-Divja-vrtnica_spanska-stena_tekstilni-interior-dekor.jpg\",\"width\":606,\"height\":600},{\"@type\":\"BreadcrumbList\",\"@id\":\"https:\/\/nanda.si\/sl\/izdelek\/oblikovalska-unikatna-zavesa-divja-vrtnica\/#breadcrumb\",\"itemListElement\":[{\"@type\":\"ListItem\",\"position\":1,\"name\":\"Home\",\"item\":\"https:\/\/nanda.si\/sl\/\"},{\"@type\":\"ListItem\",\"position\":2,\"name\":\"Trgovina\",\"item\":\"https:\/\/nanda.si\/sl\/trgovina\/\"},{\"@type\":\"ListItem\",\"position\":3,\"name\":\"Oblikovalska unikatna zavesa Divja vrtnica\"}]},{\"@type\":\"WebSite\",\"@id\":\"https:\/\/nanda.si\/sl\/#website\",\"url\":\"https:\/\/nanda.si\/sl\/\",\"name\":\"Ines Drole Nanda\",\"description\":\"Umetelne tekstilne kreacije za edinstven interier in unikatna obla\u010dila.\",\"publisher\":{\"@id\":\"https:\/\/nanda.si\/sl\/#organization\"},\"potentialAction\":[{\"@type\":\"SearchAction\",\"target\":{\"@type\":\"EntryPoint\",\"urlTemplate\":\"https:\/\/nanda.si\/sl\/?s={search_term_string}\"},\"query-input\":{\"@type\":\"PropertyValueSpecification\",\"valueRequired\":true,\"valueName\":\"search_term_string\"}}],\"inLanguage\":\"sl-SI\"},{\"@type\":\"Organization\",\"@id\":\"https:\/\/nanda.si\/sl\/#organization\",\"name\":\"Ines Drole NANDA\",\"url\":\"https:\/\/nanda.si\/sl\/\",\"logo\":{\"@type\":\"ImageObject\",\"inLanguage\":\"sl-SI\",\"@id\":\"https:\/\/nanda.si\/sl\/#\/schema\/logo\/image\/\",\"url\":\"https:\/\/nanda.si\/wp-content\/uploads\/2022\/07\/logoNANDA-oval_Res.jpg\",\"contentUrl\":\"https:\/\/nanda.si\/wp-content\/uploads\/2022\/07\/logoNANDA-oval_Res.jpg\",\"width\":600,\"height\":600,\"caption\":\"Ines Drole NANDA\"},\"image\":{\"@id\":\"https:\/\/nanda.si\/sl\/#\/schema\/logo\/image\/\"}}]}<\/script>\n<!-- \/ Yoast SEO plugin. -->","yoast_head_json":{"title":"Oblikovalska unikatna zavesa Divja vrtnica | Ines Drole Nanda","description":"Drzna oblikovalska zavesa po meri intime ambienta ustvarja ekstravagantno atmosfero in s svojim atraktivnim videzom razvaja uporabnika.","robots":{"index":"index","follow":"follow","max-snippet":"max-snippet:-1","max-image-preview":"max-image-preview:large","max-video-preview":"max-video-preview:-1"},"canonical":"https:\/\/nanda.si\/sl\/izdelek\/oblikovalska-unikatna-zavesa-divja-vrtnica\/","og_locale":"sl_SI","og_type":"article","og_title":"Oblikovalska unikatna zavesa Divja vrtnica | Ines Drole Nanda","og_description":"Drzna oblikovalska zavesa po meri intime ambienta ustvarja ekstravagantno atmosfero in s svojim atraktivnim videzom razvaja uporabnika.","og_url":"https:\/\/nanda.si\/sl\/izdelek\/oblikovalska-unikatna-zavesa-divja-vrtnica\/","og_site_name":"Ines Drole Nanda","article_modified_time":"2023-10-20T18:17:42+00:00","og_image":[{"width":606,"height":600,"url":"https:\/\/nanda.si\/wp-content\/uploads\/2022\/04\/umetniska-zavesa-Divja-vrtnica_spanska-stena_tekstilni-interior-dekor.jpg","type":"image\/jpeg"}],"twitter_card":"summary_large_image","twitter_misc":{"Est. reading time":"1 minuta"},"schema":{"@context":"https:\/\/schema.org","@graph":[{"@type":"WebPage","@id":"https:\/\/nanda.si\/sl\/izdelek\/oblikovalska-unikatna-zavesa-divja-vrtnica\/","url":"https:\/\/nanda.si\/sl\/izdelek\/oblikovalska-unikatna-zavesa-divja-vrtnica\/","name":"Oblikovalska unikatna zavesa Divja vrtnica | Ines Drole Nanda","isPartOf":{"@id":"https:\/\/nanda.si\/sl\/#website"},"primaryImageOfPage":{"@id":"https:\/\/nanda.si\/sl\/izdelek\/oblikovalska-unikatna-zavesa-divja-vrtnica\/#primaryimage"},"image":{"@id":"https:\/\/nanda.si\/sl\/izdelek\/oblikovalska-unikatna-zavesa-divja-vrtnica\/#primaryimage"},"thumbnailUrl":"https:\/\/nanda.si\/wp-content\/uploads\/2022\/04\/umetniska-zavesa-Divja-vrtnica_spanska-stena_tekstilni-interior-dekor.jpg","datePublished":"2022-04-25T12:24:04+00:00","dateModified":"2023-10-20T18:17:42+00:00","description":"Drzna oblikovalska zavesa po meri intime ambienta ustvarja ekstravagantno atmosfero in s svojim atraktivnim videzom razvaja uporabnika.","breadcrumb":{"@id":"https:\/\/nanda.si\/sl\/izdelek\/oblikovalska-unikatna-zavesa-divja-vrtnica\/#breadcrumb"},"inLanguage":"sl-SI","potentialAction":[{"@type":"ReadAction","target":["https:\/\/nanda.si\/sl\/izdelek\/oblikovalska-unikatna-zavesa-divja-vrtnica\/"]}]},{"@type":"ImageObject","inLanguage":"sl-SI","@id":"https:\/\/nanda.si\/sl\/izdelek\/oblikovalska-unikatna-zavesa-divja-vrtnica\/#primaryimage","url":"https:\/\/nanda.si\/wp-content\/uploads\/2022\/04\/umetniska-zavesa-Divja-vrtnica_spanska-stena_tekstilni-interior-dekor.jpg","contentUrl":"https:\/\/nanda.si\/wp-content\/uploads\/2022\/04\/umetniska-zavesa-Divja-vrtnica_spanska-stena_tekstilni-interior-dekor.jpg","width":606,"height":600},{"@type":"BreadcrumbList","@id":"https:\/\/nanda.si\/sl\/izdelek\/oblikovalska-unikatna-zavesa-divja-vrtnica\/#breadcrumb","itemListElement":[{"@type":"ListItem","position":1,"name":"Home","item":"https:\/\/nanda.si\/sl\/"},{"@type":"ListItem","position":2,"name":"Trgovina","item":"https:\/\/nanda.si\/sl\/trgovina\/"},{"@type":"ListItem","position":3,"name":"Oblikovalska unikatna zavesa Divja vrtnica"}]},{"@type":"WebSite","@id":"https:\/\/nanda.si\/sl\/#website","url":"https:\/\/nanda.si\/sl\/","name":"Ines Drole Nanda","description":"Umetelne tekstilne kreacije za edinstven interier in unikatna obla\u010dila.","publisher":{"@id":"https:\/\/nanda.si\/sl\/#organization"},"potentialAction":[{"@type":"SearchAction","target":{"@type":"EntryPoint","urlTemplate":"https:\/\/nanda.si\/sl\/?s={search_term_string}"},"query-input":{"@type":"PropertyValueSpecification","valueRequired":true,"valueName":"search_term_string"}}],"inLanguage":"sl-SI"},{"@type":"Organization","@id":"https:\/\/nanda.si\/sl\/#organization","name":"Ines Drole NANDA","url":"https:\/\/nanda.si\/sl\/","logo":{"@type":"ImageObject","inLanguage":"sl-SI","@id":"https:\/\/nanda.si\/sl\/#\/schema\/logo\/image\/","url":"https:\/\/nanda.si\/wp-content\/uploads\/2022\/07\/logoNANDA-oval_Res.jpg","contentUrl":"https:\/\/nanda.si\/wp-content\/uploads\/2022\/07\/logoNANDA-oval_Res.jpg","width":600,"height":600,"caption":"Ines Drole NANDA"},"image":{"@id":"https:\/\/nanda.si\/sl\/#\/schema\/logo\/image\/"}}]}},"_links":{"self":[{"href":"https:\/\/nanda.si\/sl\/wp-json\/wp\/v2\/product\/2707","targetHints":{"allow":["GET"]}}],"collection":[{"href":"https:\/\/nanda.si\/sl\/wp-json\/wp\/v2\/product"}],"about":[{"href":"https:\/\/nanda.si\/sl\/wp-json\/wp\/v2\/types\/product"}],"replies":[{"embeddable":true,"href":"https:\/\/nanda.si\/sl\/wp-json\/wp\/v2\/comments?post=2707"}],"wp:featuredmedia":[{"embeddable":true,"href":"https:\/\/nanda.si\/sl\/wp-json\/wp\/v2\/media\/2939"}],"wp:attachment":[{"href":"https:\/\/nanda.si\/sl\/wp-json\/wp\/v2\/media?parent=2707"}],"wp:term":[{"taxonomy":"product_brand","embeddable":true,"href":"https:\/\/nanda.si\/sl\/wp-json\/wp\/v2\/product_brand?post=2707"},{"taxonomy":"product_cat","embeddable":true,"href":"https:\/\/nanda.si\/sl\/wp-json\/wp\/v2\/product_cat?post=2707"},{"taxonomy":"product_tag","embeddable":true,"href":"https:\/\/nanda.si\/sl\/wp-json\/wp\/v2\/product_tag?post=2707"}],"curies":[{"name":"wp","href":"https:\/\/api.w.org\/{rel}","templated":true}]}}