{"id":20,"date":"2022-04-23T16:04:20","date_gmt":"2022-04-23T16:04:20","guid":{"rendered":"http:\/\/nanda.si\/?page_id=20"},"modified":"2025-04-04T19:09:02","modified_gmt":"2025-04-04T19:09:02","slug":"o-avtorici-ines-drole-nanda-modna-oblikovalka","status":"publish","type":"page","link":"https:\/\/nanda.si\/sl\/o-avtorici-ines-drole-nanda-modna-oblikovalka\/","title":{"rendered":"O avtorici"},"content":{"rendered":"<div class=\"wpb-content-wrapper\"><p>[vc_row][vc_column]\n\t\t\t<!-- START o avtorici REVOLUTION SLIDER 6.7.40 --><p class=\"rs-p-wp-fix\"><\/p>\n\t\t\t<rs-module-wrap id=\"rev_slider_12_1_wrapper\" data-source=\"gallery\" style=\"visibility:hidden;background:#dddddd;padding:0;margin:0px auto;margin-top:0;margin-bottom:0;\">\n\t\t\t\t<rs-module id=\"rev_slider_12_1\" style=\"\" data-version=\"6.7.40\">\n\t\t\t\t\t<rs-slides style=\"overflow: hidden; position: absolute;\">\n\t\t\t\t\t\t<rs-slide style=\"position: absolute;\" data-key=\"rs-30\" data-title=\"Slide\" data-anim=\"adpr:false;ms:1100;\" data-in=\"o:0;\" data-out=\"a:false;\" data-mediafilter=\"rise\">\n\t\t\t\t\t\t\t<img decoding=\"async\" src=\"\/\/nanda.si\/wp-content\/plugins\/revslider\/sr6\/assets\/assets\/dummy.png\" alt=\"\" title=\"O Avtorici slajd\" width=\"1800\" height=\"1000\" class=\"rev-slidebg tp-rs-img rs-lazyload\" data-lazyload=\"\/\/nanda.si\/wp-content\/uploads\/2022\/09\/O-Avtorici-slajd.jpg\" data-bg=\"p:left top;\" data-parallax=\"8\" data-panzoom=\"d:3000;e:power4.out;ss:107;se:107;bs:20;oe:-300\/0;\" data-no-retina>\n<!--\n\t\t\t\t\t\t\t--><rs-layer\n\t\t\t\t\t\t\t\tid=\"slider-12-slide-30-layer-0\" \n\t\t\t\t\t\t\t\tclass=\"rev-btn\"\n\t\t\t\t\t\t\t\tdata-type=\"button\"\n\t\t\t\t\t\t\t\tdata-xy=\"x:c;y:m;\"\n\t\t\t\t\t\t\t\tdata-text=\"w:normal;s:28,15,11,21;l:77,43,32,38;a:left,left,left,center;\"\n\t\t\t\t\t\t\t\tdata-dim=\"w:221px,125px,94px,133px;h:78px,44px,33px,43px;minh:0,none,none,none;\"\n\t\t\t\t\t\t\t\tdata-rsp_bd=\"off\"\n\t\t\t\t\t\t\t\tdata-padding=\"r:42,24,18,13;l:42,24,18,13;\"\n\t\t\t\t\t\t\t\tdata-border=\"bos:solid;boc:rgba(255,255,255,0.35);bow:1px,1px,1px,1px;\"\n\t\t\t\t\t\t\t\tdata-frame_999=\"o:0;st:w;\"\n\t\t\t\t\t\t\t\tdata-frame_hover=\"bgc:rgba(0,0,0,0);boc:rgba(255,255,255,0.75);bor:0px,0px,0px,0px;bos:solid;bow:1px,1px,1px,1px;e:power1.inOut;\"\n\t\t\t\t\t\t\t\tstyle=\"z-index:8;background-color:rgba(155,113,101,0.45);font-family:'Didact Gothic';\"\n\t\t\t\t\t\t\t>O avtorici \n\t\t\t\t\t\t\t<\/rs-layer><!--\n-->\t\t\t\t\t<\/rs-slide>\n\t\t\t\t\t<\/rs-slides>\n\t\t\t\t<\/rs-module>\n\t\t\t\t<script>\n\t\t\t\t\tsetREVStartSize({c: 'rev_slider_12_1',rl:[1240,1024,778,480],el:[800,800,800,800],gw:[1800,1024,778,480],gh:[800,800,800,800],type:'standard',justify:'',layout:'fullwidth',mh:\"0\"});if (window.RS_MODULES!==undefined && window.RS_MODULES.modules!==undefined && window.RS_MODULES.modules[\"revslider121\"]!==undefined) {window.RS_MODULES.modules[\"revslider121\"].once = false;window.revapi12 = undefined;if (window.RS_MODULES.checkMinimal!==undefined) window.RS_MODULES.checkMinimal()}\n\t\t\t\t<\/script>\n\t\t\t<\/rs-module-wrap>\n\t\t\t<!-- END REVOLUTION SLIDER -->\n[vc_empty_space height=&#8221;3em&#8221;][\/vc_column][\/vc_row][vc_row][vc_column][vc_column_text]<\/p>\n<p style=\"color: #b8a08d; text-align: left;\"><span style=\"color: #665047;\">\u00a0 \u00a0 \u00a0 \u00a0 \u00a0 \u00a0 \u00a0 \u00a0 \u00a0 \u00a0 \u00a0 \u00a0 \u00a0 \u00a0 \u00a0 \u00a0 \u00a0 \u00a0 \u00a0 \u00a0 \u00a0 \u00a0 \u00a0 \u00a0 \u00a0 \u00a0 \u00a0 \u00a0 \u00a0 \u00a0 \u00a0 \u00a0 \u00a0 \u00a0 \u00a0 \u00a0 Ines Drole NANDA ~ modna oblikovalka tekstilij<\/span><\/p>\n<p>[\/vc_column_text][\/vc_column][\/vc_row][vc_row full_width=&#8221;stretch_row&#8221; css=&#8221;.vc_custom_1661978710136{margin-bottom: 70px !important;}&#8221;][vc_column width=&#8221;1\/4&#8243;][vc_single_image image=&#8221;5791&#8243; img_size=&#8221;full&#8221; alignment=&#8221;right&#8221;][\/vc_column][vc_column width=&#8221;3\/4&#8243;][vc_column_text css=&#8221;.vc_custom_1661978617520{background-position: center !important;background-repeat: no-repeat !important;background-size: cover !important;}&#8221;]<\/p>\n<h5 style=\"color: #b8a08d; text-align: left;\"><span style=\"color: #665047;\">Sem samostojna modna oblikovalka,\u00a0 a moda ni moj edini navdih. Izra\u017eam se skozi razli\u010dne medije, osvobajajo\u010da <\/span><span style=\"color: #665047;\">vsebina samega ustvarjalnega procesa vzpodbuja moj inovativen modus operandi. Pritegne me raziskovanje razli\u010dnih materialov, vendar je tekstil moj najljub\u0161i. I\u0161\u010dem emocije v univerzalnem bazenu neskon\u010dnih idej, da jih re-interpretiram naj svoj na\u010din. Vodi me u\u017eitek metamorfoze v prefinjeno ravnovesje estetike in visceralne \u010dutnosti, kot ga dopu\u0161\u010da specifi\u010dnost dolo\u010denega materiala. Vedno, a naj gre za obla\u010dila ali tekstilno dekoracijo interierja.<\/span><\/h5>\n<p>[\/vc_column_text][vc_column_text]<\/p>\n<h5><span style=\"color: #4a3a3a;\"><a style=\"color: #4a3a3a;\" href=\"https:\/\/www.tvambienti.si\/23\/04\/2020\/ines-drole-nanda-subtilne-kreacije-ki-omehcajo-prostor\/?fbclid=IwAR0kJMMn_sHkaoaEABlfsFKhDY6vNGNNpd4HdyCrN_bMWM_XOs-LFLMqvJg\"><span style=\"color: #665047;\">Leta 1987 sem diplomirala na univerzi FNT v Ljubljani in kasneje 1992 pridobila naziv samostojne modne oblikovalke.\u00a0 Sledim ob\u010dutku za sinergijo oblike, barve, prostora in namembnosti, moje kreacije navdihuje subtilen dizajn fenomena narave. Tekstilni medij mi daje prilo\u017enost, da to pristno izvirnost iz okolja prenesem v svoje kreacije.<\/span><\/a><\/span><\/h5>\n<p><span style=\"color: #665047;\">Oblikovala sem ve\u010d tematskih modnih predstav in modnih revij. V veselje mi je stilno oblikovanje celostne podobe ljudi, prostora, dogodka, ter svetovanje in izdelava tekstilnih kreacij po meri intime naro\u010dnika. Ob\u010dasno se predstavim tudi s samostojno ali skupinsko razstavo umetni\u0161kih del.<\/span>[\/vc_column_text][\/vc_column][\/vc_row][vc_row][vc_column][vc_column_text]<\/p>\n<p>RAZSTAVE &amp; PROJEKTI:<\/p>\n<p>marec 2025- <a href=\"https:\/\/www.facebook.com\/nandines\/videos\/1639158036739400\">razstava tekstilnih umetelnih kreacij in dekorativnih slik, avla ob\u010dine<\/a> Nova Gorica, SLO<\/p>\n<p>dec. 2024- <a href=\"https:\/\/www.facebook.com\/photo?fbid=10229306071650479&amp;set=pcb.10229306074330546\">Razstava dekorativnih slik , Qlandija, Nova Gorica, SLO<\/a><\/p>\n<p>dec. 2024- <a href=\"https:\/\/www.facebook.com\/1058332850\/videos\/pcb.10229337937567107\/588786303697438\">Razstava tekstilnih umetelnih kreacij, Gori\u0161ka knji\u017enica France Bevk<\/a>, SLO<\/p>\n<p>jun. 2023- <a href=\"https:\/\/www.facebook.com\/photo?fbid=10225460794160945&amp;set=pcb.10225460805481228\">BIEN bienale tekstilne umetnosti-galerija GONG, Nova Gorica, SLO<\/a><\/p>\n<p>feb. 2023- razstava tekstilne dekoracije Giesse Scampoli, Gorizia, ITA<\/p>\n<p>dec. 2022- <a href=\"https:\/\/www.facebook.com\/nandines\/posts\/pfbid02NUVwmapSCDM2zgGwHjpWM91JG6KvTBpsC1CJyPetE7aVniCCpHCGgrWVURH1VSKrl\">razstava tekstilne dekoracije v Parfumerija Samantha, Nova Gorica, SLO<\/a><\/p>\n<p><a href=\"https:\/\/www.facebook.com\/nandines\/posts\/pfbid02b3ySS8FGK3dSDRkBAr1ZVr9Fho1docizxYPHCMfA86sXKDqbhk1K5vL8qwtFH2LWl\">sept. 2022 &#8211; razstava tekstilno -svetlobne in\u0161talacije Parfum, galerija Intra lighting, Ljubljana, SLO<\/a><\/p>\n<p>sept.2022 &#8211; izdelava spletne strani\u00a0 www.nanda.si<\/p>\n<p><a href=\"https:\/\/www.facebook.com\/nandines\/posts\/pfbid02QKauq81fXubs5RUygus33vEN4hi2FCT5qqxXbR1PsVT5RhL8kZELGZtN7LGMcTGhl\">avg. 2022 &#8211; razstava oblikovalskih zaves NANDA, Manufaktura, Nova gorica, SLO<\/a><\/p>\n<p><a href=\"https:\/\/www.facebook.com\/Artist-Residency-Venice-2018-at-Palazzo-CaZanardi-2687723534786168\/\">Nov. 2018- Fall Artist residency CA Zanardi, Venice, Italy<\/a><\/p>\n<p><a href=\"https:\/\/www.youtube.com\/watch?v=ORFQ-Y3ALKc\">april 2017- Wikiarte galleria Bolognia, group exhibition, Italy<\/a><\/p>\n<p><a href=\"https:\/\/www.itsliquid.com\/palazzocazanardi.html\">march 2016-CA Zanardi, artistic residence Venice, Italy<\/a><\/p>\n<p>sept.\u00a0 2015- MR. Love, Seattle Erotic Festival, Seattle, USA<\/p>\n<p><a href=\"https:\/\/redramatou.com\/?page_id=231\">2014 \u2013 Teranga, Komen,international art festival Komen, group exhibition, SLO<\/a><\/p>\n<p>apr. 2012 -&#8216; Intimate portrait&#8217;, group exibition, Las Vegas, USA<\/p>\n<p>jun 2009-Is that you Eva? 2.part, Coronini gallery, \u0160empeter, SLO<\/p>\n<p><a href=\"http:\/\/davidverlic.blogspot.com\/2008\/12\/si-to-ti-eva.html\">nov 2008-Is that you Eva?-fashion installation, House of culture \u0160martno, SLO<\/a><\/p>\n<p><a href=\"https:\/\/www.youtube.com\/watch?v=j7t585knwBU&amp;t=2s\">may\u00a0 2008- Forest nymph, fashion performance, Pikol, Nova Gorica, SLO<\/a><\/p>\n<p><a href=\"https:\/\/www.youtube.com\/watch?v=mj9_Svwrk3A&amp;t=3s\">nov.\u00a0 2006 \u2013Dresscode : passion, fashion performance, Mostovna, Nova Gorica,<\/a><\/p>\n<p>nov.\u00a0 2007 &#8211; &#8220;Love is of all colors&#8221; &#8211; exhibition with texts, Medana , SLO<\/p>\n<p>nov 2005 &#8211; Jupiter and Junona, A.Gradnika gallery, Medana ,SLO<\/p>\n<p>dec.\u00a0 2004 &#8211; I&#8217;m a woman, I love myself, I hate myself, group exhibition, Castle museum , Gorizia, ITA<\/p>\n<p>nov.\u00a0 2004 &#8211; Mirror on the wall, unique mirrors, Ambient shop gallery, Nova Gorica, SLO<\/p>\n<p>dec. 2003 &#8211; Love is falling from the sky, you don&#8217;t need an umbrella,\u00a0 collage , Cultural center NG, SLO<\/p>\n<p>may. 2002 &#8211; Buskalice, retrospection, collage, Tower of Kojsko, Gori\u0161ka brda, SLO<\/p>\n<p>may 2001 &#8211; I give it to you, collage, Odeon, Nova Gorica<\/p>\n<p>june 2000 &#8211; Zodiak, collage, PDG theatre auditorium, Nova Gorica, SLO<\/p>\n<p>oct.\u00a0 2000 &#8211; Alterego &#8211; collage, Marcus lounge, Nova Gorica, SLO<\/p>\n<p>april 1999 &#8211; International exhibition,collage, Fiera d&#8217;arte internazionale, Udine, ITA<\/p>\n<p>mar.\u00a0 1999 &#8211; Around toward infinity, collage, atelier Ingo ingeniring, NG, SLO<\/p>\n<p>apr.\u00a0 1998 &#8211; Around toward infinity, collage, Ambasada Gavioli, Izola, SLO<\/p>\n<p>mar. 1998 &#8211; Around toward infinity, collage, Manor house Vogrsko, SLO<\/p>\n<p>feb.1998 &#8211; Winter night queen, Ambasada Gavioli, Izola, SLO<\/p>\n<p>oct. 1996 &#8211; Showroom, AVC, Nova Gorica, SLO<\/p>\n<p>june 1996 &#8211; Golden door-drawings, AVC Nova Gorica , SLO<\/p>\n<p>may 1995 &#8211; Fashion illustration, Odeon, Nova Gorica; SLO<\/p>\n<p>may 1994 \u2013 Smirnoff competition, Kri\u017eanke, Ljubljana, SLO<\/p>\n<p>dec. 1993 &#8211; Fashion collage, FNT university Ljubljana, SLO<\/p>\n<p>dec. 1993 &#8211; Urbanaria, fashion installation, NUK Ljubljana, SLO<\/p>\n<p>nov. 1993 &#8211; Fashion collage-fairyland, Community hall, Nova Gorica; SLO<\/p>\n<p>oct. 1993 &#8211; Fashion collage-fairyland, Castle of Vipol\u017ee, Gori\u0161ka Brda, SLO<\/p>\n<p>jun. 1993 &#8211; Smirnoff competition, Magistrat Ljubljana, SLO<\/p>\n<p>dec. 1992- Fashion collage, The castle of Vipol\u017ee, Slovenia[\/vc_column_text][\/vc_column][\/vc_row][vc_row][vc_column][vc_gallery type=&#8221;nivo&#8221; interval=&#8221;3&#8243; images=&#8221;2668,2670&#8243; img_size=&#8221;full&#8221; onclick=&#8221;img_link_large&#8221;][\/vc_column][\/vc_row]<\/p>\n<\/div>","protected":false},"excerpt":{"rendered":"<p>[vc_row][vc_column][vc_empty_space height=&#8221;3em&#8221;][\/vc_column][\/vc_row][vc_row][vc_column][vc_column_text] \u00a0 \u00a0 \u00a0 \u00a0 \u00a0 \u00a0 \u00a0 \u00a0 \u00a0 \u00a0 \u00a0 \u00a0 \u00a0 \u00a0 \u00a0 \u00a0 \u00a0 \u00a0 \u00a0 \u00a0 \u00a0 \u00a0 \u00a0 \u00a0 \u00a0 \u00a0 \u00a0 \u00a0&hellip;<\/p>\n","protected":false},"author":201,"featured_media":0,"parent":0,"menu_order":0,"comment_status":"closed","ping_status":"closed","template":"","meta":{"footnotes":""},"class_list":["post-20","page","type-page","status-publish","hentry"],"yoast_head":"<!-- This site is optimized with the Yoast SEO plugin v27.2 - https:\/\/yoast.com\/product\/yoast-seo-wordpress\/ -->\n<title>O avtorici | Ines Drole Nanda<\/title>\n<meta name=\"description\" content=\"Ines Drole Nanda je modna oblikovalka, ki s svojim inovativnim pristopom tekstilne umetelnosti obla\u010di ljudi, interier in dogodke.\" \/>\n<meta name=\"robots\" content=\"index, follow, max-snippet:-1, max-image-preview:large, max-video-preview:-1\" \/>\n<link rel=\"canonical\" href=\"https:\/\/nanda.si\/sl\/o-avtorici-ines-drole-nanda-modna-oblikovalka\/\" \/>\n<meta property=\"og:locale\" content=\"sl_SI\" \/>\n<meta property=\"og:type\" content=\"article\" \/>\n<meta property=\"og:title\" content=\"O avtorici | Ines Drole Nanda\" \/>\n<meta property=\"og:description\" content=\"Ines Drole Nanda je modna oblikovalka, ki s svojim inovativnim pristopom tekstilne umetelnosti obla\u010di ljudi, interier in dogodke.\" \/>\n<meta property=\"og:url\" content=\"https:\/\/nanda.si\/sl\/o-avtorici-ines-drole-nanda-modna-oblikovalka\/\" \/>\n<meta property=\"og:site_name\" content=\"Ines Drole Nanda\" \/>\n<meta property=\"article:modified_time\" content=\"2025-04-04T19:09:02+00:00\" \/>\n<meta name=\"twitter:card\" content=\"summary_large_image\" \/>\n<meta name=\"twitter:label1\" content=\"Est. reading time\" \/>\n\t<meta name=\"twitter:data1\" content=\"4 minute\" \/>\n<script type=\"application\/ld+json\" class=\"yoast-schema-graph\">{\"@context\":\"https:\/\/schema.org\",\"@graph\":[{\"@type\":\"WebPage\",\"@id\":\"https:\/\/nanda.si\/sl\/o-avtorici-ines-drole-nanda-modna-oblikovalka\/\",\"url\":\"https:\/\/nanda.si\/sl\/o-avtorici-ines-drole-nanda-modna-oblikovalka\/\",\"name\":\"O avtorici | Ines Drole Nanda\",\"isPartOf\":{\"@id\":\"https:\/\/nanda.si\/sl\/#website\"},\"datePublished\":\"2022-04-23T16:04:20+00:00\",\"dateModified\":\"2025-04-04T19:09:02+00:00\",\"description\":\"Ines Drole Nanda je modna oblikovalka, ki s svojim inovativnim pristopom tekstilne umetelnosti obla\u010di ljudi, interier in dogodke.\",\"breadcrumb\":{\"@id\":\"https:\/\/nanda.si\/sl\/o-avtorici-ines-drole-nanda-modna-oblikovalka\/#breadcrumb\"},\"inLanguage\":\"sl-SI\",\"potentialAction\":[{\"@type\":\"ReadAction\",\"target\":[\"https:\/\/nanda.si\/sl\/o-avtorici-ines-drole-nanda-modna-oblikovalka\/\"]}]},{\"@type\":\"BreadcrumbList\",\"@id\":\"https:\/\/nanda.si\/sl\/o-avtorici-ines-drole-nanda-modna-oblikovalka\/#breadcrumb\",\"itemListElement\":[{\"@type\":\"ListItem\",\"position\":1,\"name\":\"Home\",\"item\":\"https:\/\/nanda.si\/sl\/\"},{\"@type\":\"ListItem\",\"position\":2,\"name\":\"O avtorici\"}]},{\"@type\":\"WebSite\",\"@id\":\"https:\/\/nanda.si\/sl\/#website\",\"url\":\"https:\/\/nanda.si\/sl\/\",\"name\":\"Ines Drole Nanda\",\"description\":\"Umetelne tekstilne kreacije za edinstven interier in unikatna obla\u010dila.\",\"publisher\":{\"@id\":\"https:\/\/nanda.si\/sl\/#organization\"},\"potentialAction\":[{\"@type\":\"SearchAction\",\"target\":{\"@type\":\"EntryPoint\",\"urlTemplate\":\"https:\/\/nanda.si\/sl\/?s={search_term_string}\"},\"query-input\":{\"@type\":\"PropertyValueSpecification\",\"valueRequired\":true,\"valueName\":\"search_term_string\"}}],\"inLanguage\":\"sl-SI\"},{\"@type\":\"Organization\",\"@id\":\"https:\/\/nanda.si\/sl\/#organization\",\"name\":\"Ines Drole NANDA\",\"url\":\"https:\/\/nanda.si\/sl\/\",\"logo\":{\"@type\":\"ImageObject\",\"inLanguage\":\"sl-SI\",\"@id\":\"https:\/\/nanda.si\/sl\/#\/schema\/logo\/image\/\",\"url\":\"https:\/\/nanda.si\/wp-content\/uploads\/2022\/07\/logoNANDA-oval_Res.jpg\",\"contentUrl\":\"https:\/\/nanda.si\/wp-content\/uploads\/2022\/07\/logoNANDA-oval_Res.jpg\",\"width\":600,\"height\":600,\"caption\":\"Ines Drole NANDA\"},\"image\":{\"@id\":\"https:\/\/nanda.si\/sl\/#\/schema\/logo\/image\/\"}}]}<\/script>\n<!-- \/ Yoast SEO plugin. -->","yoast_head_json":{"title":"O avtorici | Ines Drole Nanda","description":"Ines Drole Nanda je modna oblikovalka, ki s svojim inovativnim pristopom tekstilne umetelnosti obla\u010di ljudi, interier in dogodke.","robots":{"index":"index","follow":"follow","max-snippet":"max-snippet:-1","max-image-preview":"max-image-preview:large","max-video-preview":"max-video-preview:-1"},"canonical":"https:\/\/nanda.si\/sl\/o-avtorici-ines-drole-nanda-modna-oblikovalka\/","og_locale":"sl_SI","og_type":"article","og_title":"O avtorici | Ines Drole Nanda","og_description":"Ines Drole Nanda je modna oblikovalka, ki s svojim inovativnim pristopom tekstilne umetelnosti obla\u010di ljudi, interier in dogodke.","og_url":"https:\/\/nanda.si\/sl\/o-avtorici-ines-drole-nanda-modna-oblikovalka\/","og_site_name":"Ines Drole Nanda","article_modified_time":"2025-04-04T19:09:02+00:00","twitter_card":"summary_large_image","twitter_misc":{"Est. reading time":"4 minute"},"schema":{"@context":"https:\/\/schema.org","@graph":[{"@type":"WebPage","@id":"https:\/\/nanda.si\/sl\/o-avtorici-ines-drole-nanda-modna-oblikovalka\/","url":"https:\/\/nanda.si\/sl\/o-avtorici-ines-drole-nanda-modna-oblikovalka\/","name":"O avtorici | Ines Drole Nanda","isPartOf":{"@id":"https:\/\/nanda.si\/sl\/#website"},"datePublished":"2022-04-23T16:04:20+00:00","dateModified":"2025-04-04T19:09:02+00:00","description":"Ines Drole Nanda je modna oblikovalka, ki s svojim inovativnim pristopom tekstilne umetelnosti obla\u010di ljudi, interier in dogodke.","breadcrumb":{"@id":"https:\/\/nanda.si\/sl\/o-avtorici-ines-drole-nanda-modna-oblikovalka\/#breadcrumb"},"inLanguage":"sl-SI","potentialAction":[{"@type":"ReadAction","target":["https:\/\/nanda.si\/sl\/o-avtorici-ines-drole-nanda-modna-oblikovalka\/"]}]},{"@type":"BreadcrumbList","@id":"https:\/\/nanda.si\/sl\/o-avtorici-ines-drole-nanda-modna-oblikovalka\/#breadcrumb","itemListElement":[{"@type":"ListItem","position":1,"name":"Home","item":"https:\/\/nanda.si\/sl\/"},{"@type":"ListItem","position":2,"name":"O avtorici"}]},{"@type":"WebSite","@id":"https:\/\/nanda.si\/sl\/#website","url":"https:\/\/nanda.si\/sl\/","name":"Ines Drole Nanda","description":"Umetelne tekstilne kreacije za edinstven interier in unikatna obla\u010dila.","publisher":{"@id":"https:\/\/nanda.si\/sl\/#organization"},"potentialAction":[{"@type":"SearchAction","target":{"@type":"EntryPoint","urlTemplate":"https:\/\/nanda.si\/sl\/?s={search_term_string}"},"query-input":{"@type":"PropertyValueSpecification","valueRequired":true,"valueName":"search_term_string"}}],"inLanguage":"sl-SI"},{"@type":"Organization","@id":"https:\/\/nanda.si\/sl\/#organization","name":"Ines Drole NANDA","url":"https:\/\/nanda.si\/sl\/","logo":{"@type":"ImageObject","inLanguage":"sl-SI","@id":"https:\/\/nanda.si\/sl\/#\/schema\/logo\/image\/","url":"https:\/\/nanda.si\/wp-content\/uploads\/2022\/07\/logoNANDA-oval_Res.jpg","contentUrl":"https:\/\/nanda.si\/wp-content\/uploads\/2022\/07\/logoNANDA-oval_Res.jpg","width":600,"height":600,"caption":"Ines Drole NANDA"},"image":{"@id":"https:\/\/nanda.si\/sl\/#\/schema\/logo\/image\/"}}]}},"_links":{"self":[{"href":"https:\/\/nanda.si\/sl\/wp-json\/wp\/v2\/pages\/20","targetHints":{"allow":["GET"]}}],"collection":[{"href":"https:\/\/nanda.si\/sl\/wp-json\/wp\/v2\/pages"}],"about":[{"href":"https:\/\/nanda.si\/sl\/wp-json\/wp\/v2\/types\/page"}],"author":[{"embeddable":true,"href":"https:\/\/nanda.si\/sl\/wp-json\/wp\/v2\/users\/201"}],"replies":[{"embeddable":true,"href":"https:\/\/nanda.si\/sl\/wp-json\/wp\/v2\/comments?post=20"}],"version-history":[{"count":118,"href":"https:\/\/nanda.si\/sl\/wp-json\/wp\/v2\/pages\/20\/revisions"}],"predecessor-version":[{"id":6137,"href":"https:\/\/nanda.si\/sl\/wp-json\/wp\/v2\/pages\/20\/revisions\/6137"}],"wp:attachment":[{"href":"https:\/\/nanda.si\/sl\/wp-json\/wp\/v2\/media?parent=20"}],"curies":[{"name":"wp","href":"https:\/\/api.w.org\/{rel}","templated":true}]}}