{"id":6871,"date":"2022-04-26T08:22:56","date_gmt":"2022-04-26T08:22:56","guid":{"rendered":"https:\/\/nanda.si\/product\/unica-tunica-grigia-con-stelle-in-finto-pizzo\/"},"modified":"2022-04-26T08:22:56","modified_gmt":"2022-04-26T08:22:56","slug":"unica-tunica-grigia-con-stelle-in-finto-pizzo","status":"publish","type":"product","link":"https:\/\/nanda.si\/it\/prodotto\/unica-tunica-grigia-con-stelle-in-finto-pizzo\/","title":{"rendered":"Unica tunica grigia con stelle in finto pizzo"},"content":{"rendered":"<h5><span style=\"color: #4f4040;\">Gli abiti unici di NANDA creano l&#8217;atmosfera. Si tratta di abiti dal design originale, realizzati con materiali di qualit\u00e0 che offrono comfort e fascino estetico. Storie di tessuti.<\/span><\/h5>\n","protected":false},"excerpt":{"rendered":"<h5><span style=\"color: #ab796a;\">Questa casacca unica e confortevole \u00e8 realizzata in viscosa morbida e cadente di colore tortora. Presenta un ornamento decorativo di stelle astratte in organza nera su una manica e sul colletto. Ha un taglio semplice, adatto sia alle figure magre che a quelle pi\u00f9 piene. \u00c8 perfetta indossata su pantaloni o collant aderenti. Pu\u00f2 essere lavato in lavatrice in un sacchetto protettivo fino a 40 gradi Celsius, utilizzando il programma per capi delicati, in modo da non danneggiare l&#8217;ornamento del pizzo fatto a mano. Il lavaggio a mano garantisce una maggiore durata dell&#8217;indumento. Si consiglia di stirare l&#8217;interno a 40 gradi Celsius.      <\/span><\/h5>\n<h5><\/h5>\n<h5><\/h5>\n","protected":false},"featured_media":6872,"comment_status":"closed","ping_status":"closed","template":"","meta":[],"product_brand":[],"product_cat":[286,283],"product_tag":[],"class_list":{"0":"post-6871","1":"product","2":"type-product","3":"status-publish","4":"has-post-thumbnail","6":"product_cat-abbigliamento-e-accessori-unici","7":"product_cat-abbigliamento-originale","9":"first","10":"instock","11":"sale","12":"shipping-taxable","13":"purchasable","14":"product-type-simple"},"yoast_head":"<!-- This site is optimized with the Yoast SEO plugin v27.2 - https:\/\/yoast.com\/product\/yoast-seo-wordpress\/ -->\n<title>Unica tunica grigia con stelle in finto pizzo | Ines Drole Nanda<\/title>\n<meta name=\"description\" content=\"Questa esclusiva tunica grigia con stelle in finto pizzo ha un taglio e un materiale semplice e confortevole. Presenta un ornamento a stella minimalista sul colletto e sulla manica.\" \/>\n<meta name=\"robots\" content=\"index, follow, max-snippet:-1, max-image-preview:large, max-video-preview:-1\" \/>\n<link rel=\"canonical\" href=\"https:\/\/nanda.si\/it\/prodotto\/unica-tunica-grigia-con-stelle-in-finto-pizzo\/\" \/>\n<meta property=\"og:locale\" content=\"it_IT\" \/>\n<meta property=\"og:type\" content=\"article\" \/>\n<meta property=\"og:title\" content=\"Unica tunica grigia con stelle in finto pizzo | Ines Drole Nanda\" \/>\n<meta property=\"og:description\" content=\"Questa esclusiva tunica grigia con stelle in finto pizzo ha un taglio e un materiale semplice e confortevole. Presenta un ornamento a stella minimalista sul colletto e sulla manica.\" \/>\n<meta property=\"og:url\" content=\"https:\/\/nanda.si\/it\/prodotto\/unica-tunica-grigia-con-stelle-in-finto-pizzo\/\" \/>\n<meta property=\"og:site_name\" content=\"Ines Drole Nanda\" \/>\n<meta property=\"og:image\" content=\"https:\/\/nanda.si\/wp-content\/uploads\/2022\/04\/tunika-z-umetelno-cipko.jpg\" \/>\n\t<meta property=\"og:image:width\" content=\"1039\" \/>\n\t<meta property=\"og:image:height\" content=\"900\" \/>\n\t<meta property=\"og:image:type\" content=\"image\/jpeg\" \/>\n<meta name=\"twitter:card\" content=\"summary_large_image\" \/>\n<script type=\"application\/ld+json\" class=\"yoast-schema-graph\">{\"@context\":\"https:\/\/schema.org\",\"@graph\":[{\"@type\":\"WebPage\",\"@id\":\"https:\/\/nanda.si\/it\/prodotto\/unica-tunica-grigia-con-stelle-in-finto-pizzo\/\",\"url\":\"https:\/\/nanda.si\/it\/prodotto\/unica-tunica-grigia-con-stelle-in-finto-pizzo\/\",\"name\":\"Unica tunica grigia con stelle in finto pizzo | Ines Drole Nanda\",\"isPartOf\":{\"@id\":\"https:\/\/nanda.si\/it\/#website\"},\"primaryImageOfPage\":{\"@id\":\"https:\/\/nanda.si\/it\/prodotto\/unica-tunica-grigia-con-stelle-in-finto-pizzo\/#primaryimage\"},\"image\":{\"@id\":\"https:\/\/nanda.si\/it\/prodotto\/unica-tunica-grigia-con-stelle-in-finto-pizzo\/#primaryimage\"},\"thumbnailUrl\":\"https:\/\/nanda.si\/wp-content\/uploads\/2022\/04\/tunika-z-umetelno-cipko.jpg\",\"datePublished\":\"2022-04-26T08:22:56+00:00\",\"description\":\"Questa esclusiva tunica grigia con stelle in finto pizzo ha un taglio e un materiale semplice e confortevole. Presenta un ornamento a stella minimalista sul colletto e sulla manica.\",\"breadcrumb\":{\"@id\":\"https:\/\/nanda.si\/it\/prodotto\/unica-tunica-grigia-con-stelle-in-finto-pizzo\/#breadcrumb\"},\"inLanguage\":\"it-IT\",\"potentialAction\":[{\"@type\":\"ReadAction\",\"target\":[\"https:\/\/nanda.si\/it\/prodotto\/unica-tunica-grigia-con-stelle-in-finto-pizzo\/\"]}]},{\"@type\":\"ImageObject\",\"inLanguage\":\"it-IT\",\"@id\":\"https:\/\/nanda.si\/it\/prodotto\/unica-tunica-grigia-con-stelle-in-finto-pizzo\/#primaryimage\",\"url\":\"https:\/\/nanda.si\/wp-content\/uploads\/2022\/04\/tunika-z-umetelno-cipko.jpg\",\"contentUrl\":\"https:\/\/nanda.si\/wp-content\/uploads\/2022\/04\/tunika-z-umetelno-cipko.jpg\",\"width\":1039,\"height\":900},{\"@type\":\"BreadcrumbList\",\"@id\":\"https:\/\/nanda.si\/it\/prodotto\/unica-tunica-grigia-con-stelle-in-finto-pizzo\/#breadcrumb\",\"itemListElement\":[{\"@type\":\"ListItem\",\"position\":1,\"name\":\"Home\",\"item\":\"https:\/\/nanda.si\/it\/casa\/\"},{\"@type\":\"ListItem\",\"position\":2,\"name\":\"Negozio\",\"item\":\"https:\/\/nanda.si\/negozio\/\"},{\"@type\":\"ListItem\",\"position\":3,\"name\":\"Unica tunica grigia con stelle in finto pizzo\"}]},{\"@type\":\"WebSite\",\"@id\":\"https:\/\/nanda.si\/it\/#website\",\"url\":\"https:\/\/nanda.si\/it\/\",\"name\":\"Ines Drole Nanda\",\"description\":\"Umetelne tekstilne kreacije za edinstven dom in unikatna obla\u010dila.\",\"publisher\":{\"@id\":\"https:\/\/nanda.si\/it\/#organization\"},\"potentialAction\":[{\"@type\":\"SearchAction\",\"target\":{\"@type\":\"EntryPoint\",\"urlTemplate\":\"https:\/\/nanda.si\/it\/?s={search_term_string}\"},\"query-input\":{\"@type\":\"PropertyValueSpecification\",\"valueRequired\":true,\"valueName\":\"search_term_string\"}}],\"inLanguage\":\"it-IT\"},{\"@type\":\"Organization\",\"@id\":\"https:\/\/nanda.si\/it\/#organization\",\"name\":\"Ines Drole NANDA\",\"url\":\"https:\/\/nanda.si\/it\/\",\"logo\":{\"@type\":\"ImageObject\",\"inLanguage\":\"it-IT\",\"@id\":\"https:\/\/nanda.si\/it\/#\/schema\/logo\/image\/\",\"url\":\"https:\/\/nanda.si\/wp-content\/uploads\/2022\/07\/logoNANDA-oval_Res.jpg\",\"contentUrl\":\"https:\/\/nanda.si\/wp-content\/uploads\/2022\/07\/logoNANDA-oval_Res.jpg\",\"width\":600,\"height\":600,\"caption\":\"Ines Drole NANDA\"},\"image\":{\"@id\":\"https:\/\/nanda.si\/it\/#\/schema\/logo\/image\/\"}}]}<\/script>\n<!-- \/ Yoast SEO plugin. -->","yoast_head_json":{"title":"Unica tunica grigia con stelle in finto pizzo | Ines Drole Nanda","description":"Questa esclusiva tunica grigia con stelle in finto pizzo ha un taglio e un materiale semplice e confortevole. Presenta un ornamento a stella minimalista sul colletto e sulla manica.","robots":{"index":"index","follow":"follow","max-snippet":"max-snippet:-1","max-image-preview":"max-image-preview:large","max-video-preview":"max-video-preview:-1"},"canonical":"https:\/\/nanda.si\/it\/prodotto\/unica-tunica-grigia-con-stelle-in-finto-pizzo\/","og_locale":"it_IT","og_type":"article","og_title":"Unica tunica grigia con stelle in finto pizzo | Ines Drole Nanda","og_description":"Questa esclusiva tunica grigia con stelle in finto pizzo ha un taglio e un materiale semplice e confortevole. Presenta un ornamento a stella minimalista sul colletto e sulla manica.","og_url":"https:\/\/nanda.si\/it\/prodotto\/unica-tunica-grigia-con-stelle-in-finto-pizzo\/","og_site_name":"Ines Drole Nanda","og_image":[{"width":1039,"height":900,"url":"https:\/\/nanda.si\/wp-content\/uploads\/2022\/04\/tunika-z-umetelno-cipko.jpg","type":"image\/jpeg"}],"twitter_card":"summary_large_image","schema":{"@context":"https:\/\/schema.org","@graph":[{"@type":"WebPage","@id":"https:\/\/nanda.si\/it\/prodotto\/unica-tunica-grigia-con-stelle-in-finto-pizzo\/","url":"https:\/\/nanda.si\/it\/prodotto\/unica-tunica-grigia-con-stelle-in-finto-pizzo\/","name":"Unica tunica grigia con stelle in finto pizzo | Ines Drole Nanda","isPartOf":{"@id":"https:\/\/nanda.si\/it\/#website"},"primaryImageOfPage":{"@id":"https:\/\/nanda.si\/it\/prodotto\/unica-tunica-grigia-con-stelle-in-finto-pizzo\/#primaryimage"},"image":{"@id":"https:\/\/nanda.si\/it\/prodotto\/unica-tunica-grigia-con-stelle-in-finto-pizzo\/#primaryimage"},"thumbnailUrl":"https:\/\/nanda.si\/wp-content\/uploads\/2022\/04\/tunika-z-umetelno-cipko.jpg","datePublished":"2022-04-26T08:22:56+00:00","description":"Questa esclusiva tunica grigia con stelle in finto pizzo ha un taglio e un materiale semplice e confortevole. Presenta un ornamento a stella minimalista sul colletto e sulla manica.","breadcrumb":{"@id":"https:\/\/nanda.si\/it\/prodotto\/unica-tunica-grigia-con-stelle-in-finto-pizzo\/#breadcrumb"},"inLanguage":"it-IT","potentialAction":[{"@type":"ReadAction","target":["https:\/\/nanda.si\/it\/prodotto\/unica-tunica-grigia-con-stelle-in-finto-pizzo\/"]}]},{"@type":"ImageObject","inLanguage":"it-IT","@id":"https:\/\/nanda.si\/it\/prodotto\/unica-tunica-grigia-con-stelle-in-finto-pizzo\/#primaryimage","url":"https:\/\/nanda.si\/wp-content\/uploads\/2022\/04\/tunika-z-umetelno-cipko.jpg","contentUrl":"https:\/\/nanda.si\/wp-content\/uploads\/2022\/04\/tunika-z-umetelno-cipko.jpg","width":1039,"height":900},{"@type":"BreadcrumbList","@id":"https:\/\/nanda.si\/it\/prodotto\/unica-tunica-grigia-con-stelle-in-finto-pizzo\/#breadcrumb","itemListElement":[{"@type":"ListItem","position":1,"name":"Home","item":"https:\/\/nanda.si\/it\/casa\/"},{"@type":"ListItem","position":2,"name":"Negozio","item":"https:\/\/nanda.si\/negozio\/"},{"@type":"ListItem","position":3,"name":"Unica tunica grigia con stelle in finto pizzo"}]},{"@type":"WebSite","@id":"https:\/\/nanda.si\/it\/#website","url":"https:\/\/nanda.si\/it\/","name":"Ines Drole Nanda","description":"Umetelne tekstilne kreacije za edinstven dom in unikatna obla\u010dila.","publisher":{"@id":"https:\/\/nanda.si\/it\/#organization"},"potentialAction":[{"@type":"SearchAction","target":{"@type":"EntryPoint","urlTemplate":"https:\/\/nanda.si\/it\/?s={search_term_string}"},"query-input":{"@type":"PropertyValueSpecification","valueRequired":true,"valueName":"search_term_string"}}],"inLanguage":"it-IT"},{"@type":"Organization","@id":"https:\/\/nanda.si\/it\/#organization","name":"Ines Drole NANDA","url":"https:\/\/nanda.si\/it\/","logo":{"@type":"ImageObject","inLanguage":"it-IT","@id":"https:\/\/nanda.si\/it\/#\/schema\/logo\/image\/","url":"https:\/\/nanda.si\/wp-content\/uploads\/2022\/07\/logoNANDA-oval_Res.jpg","contentUrl":"https:\/\/nanda.si\/wp-content\/uploads\/2022\/07\/logoNANDA-oval_Res.jpg","width":600,"height":600,"caption":"Ines Drole NANDA"},"image":{"@id":"https:\/\/nanda.si\/it\/#\/schema\/logo\/image\/"}}]}},"_links":{"self":[{"href":"https:\/\/nanda.si\/it\/wp-json\/wp\/v2\/product\/6871","targetHints":{"allow":["GET"]}}],"collection":[{"href":"https:\/\/nanda.si\/it\/wp-json\/wp\/v2\/product"}],"about":[{"href":"https:\/\/nanda.si\/it\/wp-json\/wp\/v2\/types\/product"}],"replies":[{"embeddable":true,"href":"https:\/\/nanda.si\/it\/wp-json\/wp\/v2\/comments?post=6871"}],"wp:featuredmedia":[{"embeddable":true,"href":"https:\/\/nanda.si\/it\/wp-json\/wp\/v2\/media\/6872"}],"wp:attachment":[{"href":"https:\/\/nanda.si\/it\/wp-json\/wp\/v2\/media?parent=6871"}],"wp:term":[{"taxonomy":"product_brand","embeddable":true,"href":"https:\/\/nanda.si\/it\/wp-json\/wp\/v2\/product_brand?post=6871"},{"taxonomy":"product_cat","embeddable":true,"href":"https:\/\/nanda.si\/it\/wp-json\/wp\/v2\/product_cat?post=6871"},{"taxonomy":"product_tag","embeddable":true,"href":"https:\/\/nanda.si\/it\/wp-json\/wp\/v2\/product_tag?post=6871"}],"curies":[{"name":"wp","href":"https:\/\/api.w.org\/{rel}","templated":true}]}}