{"id":6713,"date":"2022-07-03T08:31:27","date_gmt":"2022-07-03T08:31:27","guid":{"rendered":"https:\/\/nanda.si\/product\/delicato-bracciale-in-pelle-con-rosa-soft\/"},"modified":"2022-07-03T08:31:27","modified_gmt":"2022-07-03T08:31:27","slug":"delicato-bracciale-in-pelle-con-rosa-soft","status":"publish","type":"product","link":"https:\/\/nanda.si\/it\/prodotto\/delicato-bracciale-in-pelle-con-rosa-soft\/","title":{"rendered":"Delicato bracciale in pelle con rosa Soft"},"content":{"rendered":"<h5><span style=\"color: #594d4d;\">I gioielli di design in tessuto sono un accessorio di moda moderno e unico che crea l&#8217;atmosfera. La pelle ha un tocco selvaggio e risveglia le passioni, sussurra antichi segreti tribali&#8230; L&#8217;armonia dei diversi materiali permette di ottenere una bellezza e un fascino unici che catturano l&#8217;attenzione. \u00c8 adatta sia per le occasioni di tutti i giorni che per gli eventi di festa. Questa collana unica \u00e8 la natura personificata e ha il potere di un amuleto. \u00c8 un accessorio di moda originale che attira l&#8217;attenzione.       <\/span><\/h5>\n<h5><span style=\"color: #594d4d;\">Un lontano ricordo di primordialit\u00e0.<\/span><\/h5>\n","protected":false},"excerpt":{"rendered":"<h5>Un tocco di natura selvaggia in un ambiente urbano. Con un tocco di romanticismo. Questo gioiello fatto a mano pu\u00f2 essere indossato con i tacchi alti o a piedi nudi ed esprimer\u00e0 sempre il tuo legame con la natura primitiva. <span style=\"font-size: 1.125rem;\">La<\/span><span style=\"font-size: 1.125rem;\">pelle marrone calda e di qualit\u00e0\u00e8 molto morbida e piacevole al tatto, sembra che ti stia accarezzando.<\/span><span style=\"font-size: 1.125rem;\"> Il bracciale \u00e8 costituito da un<\/span><span style=\"font-size: 1.125rem;\">cinturino in pelle dalla forma asimmetrica che si trova su un lato <\/span>   <span style=\"font-size: 1.125rem;\">pi\u00f9 ampia alla fine. La lucentezza dell&#8217;oro invecchiato sull&#8217;elastico a righe larghe conferisce eleganza, mentre il piccolo fiore a tre petali evoca una natura femminile. Audacia, raffinatezza, femminilit\u00e0 e    <\/span><span style=\"font-size: 1.125rem;\">originalit\u00e0.<\/span><span style=\"font-size: 1.125rem;\"> <\/span><span style=\"font-size: 1.125rem;\">Si chiude con due piccole fibbie in metallo. La circonferenza \u00e8 regolabile da 16 a 20 cm in modo da poter essere indossata anche alla caviglia.   <\/span><span style=\"font-size: 1.125rem;\">Il metodo di manutenzione \u00e8 lo stesso della pelle.<\/span><\/h5>\n<h5>Per donne autentiche e legate alla natura.<\/h5>\n<p>&nbsp;<\/p>\n<h5><\/h5>\n","protected":false},"featured_media":6714,"comment_status":"closed","ping_status":"closed","template":"","meta":[],"product_brand":[],"product_cat":[288],"product_tag":[],"class_list":{"0":"post-6713","1":"product","2":"type-product","3":"status-publish","4":"has-post-thumbnail","6":"product_cat-accessori-moda","8":"first","9":"instock","10":"shipping-taxable","11":"purchasable","12":"product-type-simple"},"yoast_head":"<!-- This site is optimized with the Yoast SEO plugin v27.2 - https:\/\/yoast.com\/product\/yoast-seo-wordpress\/ -->\n<title>Delicato bracciale in pelle con rosa Soft | Ines Drole Nanda<\/title>\n<meta name=\"description\" content=\"Il bracciale in pelle Soft Rose \u00e8 un gioiello per donne autentiche e legate alla natura. A volte selvaggio e passionale, altre volte stranamente gentile.\" \/>\n<meta name=\"robots\" content=\"index, follow, max-snippet:-1, max-image-preview:large, max-video-preview:-1\" \/>\n<link rel=\"canonical\" href=\"https:\/\/nanda.si\/it\/prodotto\/delicato-bracciale-in-pelle-con-rosa-soft\/\" \/>\n<meta property=\"og:locale\" content=\"it_IT\" \/>\n<meta property=\"og:type\" content=\"article\" \/>\n<meta property=\"og:title\" content=\"Delicato bracciale in pelle con rosa Soft | Ines Drole Nanda\" \/>\n<meta property=\"og:description\" content=\"Il bracciale in pelle Soft Rose \u00e8 un gioiello per donne autentiche e legate alla natura. A volte selvaggio e passionale, altre volte stranamente gentile.\" \/>\n<meta property=\"og:url\" content=\"https:\/\/nanda.si\/it\/prodotto\/delicato-bracciale-in-pelle-con-rosa-soft\/\" \/>\n<meta property=\"og:site_name\" content=\"Ines Drole Nanda\" \/>\n<meta property=\"og:image\" content=\"https:\/\/nanda.si\/wp-content\/uploads\/2022\/07\/usnjena-zapestnica-Venerin-vrt-Mehka-1-.jpg\" \/>\n\t<meta property=\"og:image:width\" content=\"600\" \/>\n\t<meta property=\"og:image:height\" content=\"600\" \/>\n\t<meta property=\"og:image:type\" content=\"image\/jpeg\" \/>\n<meta name=\"twitter:card\" content=\"summary_large_image\" \/>\n<script type=\"application\/ld+json\" class=\"yoast-schema-graph\">{\"@context\":\"https:\/\/schema.org\",\"@graph\":[{\"@type\":\"WebPage\",\"@id\":\"https:\/\/nanda.si\/it\/prodotto\/delicato-bracciale-in-pelle-con-rosa-soft\/\",\"url\":\"https:\/\/nanda.si\/it\/prodotto\/delicato-bracciale-in-pelle-con-rosa-soft\/\",\"name\":\"Delicato bracciale in pelle con rosa Soft | Ines Drole Nanda\",\"isPartOf\":{\"@id\":\"https:\/\/nanda.si\/it\/#website\"},\"primaryImageOfPage\":{\"@id\":\"https:\/\/nanda.si\/it\/prodotto\/delicato-bracciale-in-pelle-con-rosa-soft\/#primaryimage\"},\"image\":{\"@id\":\"https:\/\/nanda.si\/it\/prodotto\/delicato-bracciale-in-pelle-con-rosa-soft\/#primaryimage\"},\"thumbnailUrl\":\"https:\/\/nanda.si\/wp-content\/uploads\/2022\/07\/usnjena-zapestnica-Venerin-vrt-Mehka-1-.jpg\",\"datePublished\":\"2022-07-03T08:31:27+00:00\",\"description\":\"Il bracciale in pelle Soft Rose \u00e8 un gioiello per donne autentiche e legate alla natura. A volte selvaggio e passionale, altre volte stranamente gentile.\",\"breadcrumb\":{\"@id\":\"https:\/\/nanda.si\/it\/prodotto\/delicato-bracciale-in-pelle-con-rosa-soft\/#breadcrumb\"},\"inLanguage\":\"it-IT\",\"potentialAction\":[{\"@type\":\"ReadAction\",\"target\":[\"https:\/\/nanda.si\/it\/prodotto\/delicato-bracciale-in-pelle-con-rosa-soft\/\"]}]},{\"@type\":\"ImageObject\",\"inLanguage\":\"it-IT\",\"@id\":\"https:\/\/nanda.si\/it\/prodotto\/delicato-bracciale-in-pelle-con-rosa-soft\/#primaryimage\",\"url\":\"https:\/\/nanda.si\/wp-content\/uploads\/2022\/07\/usnjena-zapestnica-Venerin-vrt-Mehka-1-.jpg\",\"contentUrl\":\"https:\/\/nanda.si\/wp-content\/uploads\/2022\/07\/usnjena-zapestnica-Venerin-vrt-Mehka-1-.jpg\",\"width\":600,\"height\":600},{\"@type\":\"BreadcrumbList\",\"@id\":\"https:\/\/nanda.si\/it\/prodotto\/delicato-bracciale-in-pelle-con-rosa-soft\/#breadcrumb\",\"itemListElement\":[{\"@type\":\"ListItem\",\"position\":1,\"name\":\"Home\",\"item\":\"https:\/\/nanda.si\/it\/casa\/\"},{\"@type\":\"ListItem\",\"position\":2,\"name\":\"Negozio\",\"item\":\"https:\/\/nanda.si\/negozio\/\"},{\"@type\":\"ListItem\",\"position\":3,\"name\":\"Delicato bracciale in pelle con rosa Soft\"}]},{\"@type\":\"WebSite\",\"@id\":\"https:\/\/nanda.si\/it\/#website\",\"url\":\"https:\/\/nanda.si\/it\/\",\"name\":\"Ines Drole Nanda\",\"description\":\"Umetelne tekstilne kreacije za edinstven dom in unikatna obla\u010dila.\",\"publisher\":{\"@id\":\"https:\/\/nanda.si\/it\/#organization\"},\"potentialAction\":[{\"@type\":\"SearchAction\",\"target\":{\"@type\":\"EntryPoint\",\"urlTemplate\":\"https:\/\/nanda.si\/it\/?s={search_term_string}\"},\"query-input\":{\"@type\":\"PropertyValueSpecification\",\"valueRequired\":true,\"valueName\":\"search_term_string\"}}],\"inLanguage\":\"it-IT\"},{\"@type\":\"Organization\",\"@id\":\"https:\/\/nanda.si\/it\/#organization\",\"name\":\"Ines Drole NANDA\",\"url\":\"https:\/\/nanda.si\/it\/\",\"logo\":{\"@type\":\"ImageObject\",\"inLanguage\":\"it-IT\",\"@id\":\"https:\/\/nanda.si\/it\/#\/schema\/logo\/image\/\",\"url\":\"https:\/\/nanda.si\/wp-content\/uploads\/2022\/07\/logoNANDA-oval_Res.jpg\",\"contentUrl\":\"https:\/\/nanda.si\/wp-content\/uploads\/2022\/07\/logoNANDA-oval_Res.jpg\",\"width\":600,\"height\":600,\"caption\":\"Ines Drole NANDA\"},\"image\":{\"@id\":\"https:\/\/nanda.si\/it\/#\/schema\/logo\/image\/\"}}]}<\/script>\n<!-- \/ Yoast SEO plugin. -->","yoast_head_json":{"title":"Delicato bracciale in pelle con rosa Soft | Ines Drole Nanda","description":"Il bracciale in pelle Soft Rose \u00e8 un gioiello per donne autentiche e legate alla natura. A volte selvaggio e passionale, altre volte stranamente gentile.","robots":{"index":"index","follow":"follow","max-snippet":"max-snippet:-1","max-image-preview":"max-image-preview:large","max-video-preview":"max-video-preview:-1"},"canonical":"https:\/\/nanda.si\/it\/prodotto\/delicato-bracciale-in-pelle-con-rosa-soft\/","og_locale":"it_IT","og_type":"article","og_title":"Delicato bracciale in pelle con rosa Soft | Ines Drole Nanda","og_description":"Il bracciale in pelle Soft Rose \u00e8 un gioiello per donne autentiche e legate alla natura. A volte selvaggio e passionale, altre volte stranamente gentile.","og_url":"https:\/\/nanda.si\/it\/prodotto\/delicato-bracciale-in-pelle-con-rosa-soft\/","og_site_name":"Ines Drole Nanda","og_image":[{"width":600,"height":600,"url":"https:\/\/nanda.si\/wp-content\/uploads\/2022\/07\/usnjena-zapestnica-Venerin-vrt-Mehka-1-.jpg","type":"image\/jpeg"}],"twitter_card":"summary_large_image","schema":{"@context":"https:\/\/schema.org","@graph":[{"@type":"WebPage","@id":"https:\/\/nanda.si\/it\/prodotto\/delicato-bracciale-in-pelle-con-rosa-soft\/","url":"https:\/\/nanda.si\/it\/prodotto\/delicato-bracciale-in-pelle-con-rosa-soft\/","name":"Delicato bracciale in pelle con rosa Soft | Ines Drole Nanda","isPartOf":{"@id":"https:\/\/nanda.si\/it\/#website"},"primaryImageOfPage":{"@id":"https:\/\/nanda.si\/it\/prodotto\/delicato-bracciale-in-pelle-con-rosa-soft\/#primaryimage"},"image":{"@id":"https:\/\/nanda.si\/it\/prodotto\/delicato-bracciale-in-pelle-con-rosa-soft\/#primaryimage"},"thumbnailUrl":"https:\/\/nanda.si\/wp-content\/uploads\/2022\/07\/usnjena-zapestnica-Venerin-vrt-Mehka-1-.jpg","datePublished":"2022-07-03T08:31:27+00:00","description":"Il bracciale in pelle Soft Rose \u00e8 un gioiello per donne autentiche e legate alla natura. A volte selvaggio e passionale, altre volte stranamente gentile.","breadcrumb":{"@id":"https:\/\/nanda.si\/it\/prodotto\/delicato-bracciale-in-pelle-con-rosa-soft\/#breadcrumb"},"inLanguage":"it-IT","potentialAction":[{"@type":"ReadAction","target":["https:\/\/nanda.si\/it\/prodotto\/delicato-bracciale-in-pelle-con-rosa-soft\/"]}]},{"@type":"ImageObject","inLanguage":"it-IT","@id":"https:\/\/nanda.si\/it\/prodotto\/delicato-bracciale-in-pelle-con-rosa-soft\/#primaryimage","url":"https:\/\/nanda.si\/wp-content\/uploads\/2022\/07\/usnjena-zapestnica-Venerin-vrt-Mehka-1-.jpg","contentUrl":"https:\/\/nanda.si\/wp-content\/uploads\/2022\/07\/usnjena-zapestnica-Venerin-vrt-Mehka-1-.jpg","width":600,"height":600},{"@type":"BreadcrumbList","@id":"https:\/\/nanda.si\/it\/prodotto\/delicato-bracciale-in-pelle-con-rosa-soft\/#breadcrumb","itemListElement":[{"@type":"ListItem","position":1,"name":"Home","item":"https:\/\/nanda.si\/it\/casa\/"},{"@type":"ListItem","position":2,"name":"Negozio","item":"https:\/\/nanda.si\/negozio\/"},{"@type":"ListItem","position":3,"name":"Delicato bracciale in pelle con rosa Soft"}]},{"@type":"WebSite","@id":"https:\/\/nanda.si\/it\/#website","url":"https:\/\/nanda.si\/it\/","name":"Ines Drole Nanda","description":"Umetelne tekstilne kreacije za edinstven dom in unikatna obla\u010dila.","publisher":{"@id":"https:\/\/nanda.si\/it\/#organization"},"potentialAction":[{"@type":"SearchAction","target":{"@type":"EntryPoint","urlTemplate":"https:\/\/nanda.si\/it\/?s={search_term_string}"},"query-input":{"@type":"PropertyValueSpecification","valueRequired":true,"valueName":"search_term_string"}}],"inLanguage":"it-IT"},{"@type":"Organization","@id":"https:\/\/nanda.si\/it\/#organization","name":"Ines Drole NANDA","url":"https:\/\/nanda.si\/it\/","logo":{"@type":"ImageObject","inLanguage":"it-IT","@id":"https:\/\/nanda.si\/it\/#\/schema\/logo\/image\/","url":"https:\/\/nanda.si\/wp-content\/uploads\/2022\/07\/logoNANDA-oval_Res.jpg","contentUrl":"https:\/\/nanda.si\/wp-content\/uploads\/2022\/07\/logoNANDA-oval_Res.jpg","width":600,"height":600,"caption":"Ines Drole NANDA"},"image":{"@id":"https:\/\/nanda.si\/it\/#\/schema\/logo\/image\/"}}]}},"_links":{"self":[{"href":"https:\/\/nanda.si\/it\/wp-json\/wp\/v2\/product\/6713","targetHints":{"allow":["GET"]}}],"collection":[{"href":"https:\/\/nanda.si\/it\/wp-json\/wp\/v2\/product"}],"about":[{"href":"https:\/\/nanda.si\/it\/wp-json\/wp\/v2\/types\/product"}],"replies":[{"embeddable":true,"href":"https:\/\/nanda.si\/it\/wp-json\/wp\/v2\/comments?post=6713"}],"wp:featuredmedia":[{"embeddable":true,"href":"https:\/\/nanda.si\/it\/wp-json\/wp\/v2\/media\/6714"}],"wp:attachment":[{"href":"https:\/\/nanda.si\/it\/wp-json\/wp\/v2\/media?parent=6713"}],"wp:term":[{"taxonomy":"product_brand","embeddable":true,"href":"https:\/\/nanda.si\/it\/wp-json\/wp\/v2\/product_brand?post=6713"},{"taxonomy":"product_cat","embeddable":true,"href":"https:\/\/nanda.si\/it\/wp-json\/wp\/v2\/product_cat?post=6713"},{"taxonomy":"product_tag","embeddable":true,"href":"https:\/\/nanda.si\/it\/wp-json\/wp\/v2\/product_tag?post=6713"}],"curies":[{"name":"wp","href":"https:\/\/api.w.org\/{rel}","templated":true}]}}