{"id":6677,"date":"2022-07-10T11:37:54","date_gmt":"2022-07-10T11:37:54","guid":{"rendered":"https:\/\/nanda.si\/product\/collana-boho-glamour-romantica-in-tessuto-chara\/"},"modified":"2022-07-10T11:37:54","modified_gmt":"2022-07-10T11:37:54","slug":"collana-boho-glamour-romantica-in-tessuto-chara","status":"publish","type":"product","link":"https:\/\/nanda.si\/it\/prodotto\/collana-boho-glamour-romantica-in-tessuto-chara\/","title":{"rendered":"Collana boho glamour romantica in tessuto Chara"},"content":{"rendered":"<h5><span style=\"color: #594c4c;\">I gioielli tessili firmati sono un accessorio di moda moderno e unico che fa tendenza. L&#8217;armonia di materiali diversi permette di ottenere una bellezza unica e un fascino che cattura l&#8217;attenzione. \u00c8 adatto sia per le occasioni quotidiane che per gli eventi festivi. Questa deliziosa collana \u00e8 la grazia personificata e ricorda la Venere di Botticelli. \u00c8 l&#8217;accessorio di moda perfetto per un outfit romantico. Questa collana romantica \u00e8 anche un&#8217;aggiunta fresca a uno stile di abbigliamento minimalista.      Un lavoro unico fatto a mano.<\/span><\/h5>\n<h5><span style=\"color: #594c4c;\">E quando lo indosserai, la giornata sar\u00e0 pi\u00f9 fiorita.<\/span><\/h5>\n<h5><\/h5>\n","protected":false},"excerpt":{"rendered":"<h5>Questa collana chic emana una femminilit\u00e0 sofisticata e originale. Un sofisticato disegno floreale, quasi in filigrana, \u00e8 realizzato su un elastico scuro di 3,5 cm di larghezza con doratura dorata, rivestito da un nastro di raso nero. Ci affascina con la sua apparente fragilit\u00e0 di fiori di rosa in organza rosa antico, perle bijou e foglie di cuoio, infilati in successione e coordinati per colore. La collana boho romantica in tessuto Chara si chiude con bottoni metallici ed \u00e8 realizzata per una circonferenza del collo fino a 35 cm. Per i colli pi\u00f9 larghi, puoi scegliere di legare la collana con dei nastri che ti permettono di regolare la larghezza desiderata, ma questo deve essere specificato al momento dell&#8217;ordine.   <\/h5>\n<h5><\/h5>\n<h5><\/h5>\n","protected":false},"featured_media":6678,"comment_status":"closed","ping_status":"closed","template":"","meta":[],"product_brand":[],"product_cat":[288],"product_tag":[],"class_list":{"0":"post-6677","1":"product","2":"type-product","3":"status-publish","4":"has-post-thumbnail","6":"product_cat-accessori-moda","8":"first","9":"instock","10":"shipping-taxable","11":"purchasable","12":"product-type-simple"},"yoast_head":"<!-- This site is optimized with the Yoast SEO plugin v27.2 - https:\/\/yoast.com\/product\/yoast-seo-wordpress\/ -->\n<title>Collana boho glamour romantica in tessuto Chara | Ines Drole Nanda<\/title>\n<meta name=\"description\" content=\"La collana boho romantica in tessuto di Chara \u00e8 un gioiello unico e chic, adatto sia per le occasioni quotidiane che per gli eventi formali.\" \/>\n<meta name=\"robots\" content=\"index, follow, max-snippet:-1, max-image-preview:large, max-video-preview:-1\" \/>\n<link rel=\"canonical\" href=\"https:\/\/nanda.si\/it\/prodotto\/collana-boho-glamour-romantica-in-tessuto-chara\/\" \/>\n<meta property=\"og:locale\" content=\"it_IT\" \/>\n<meta property=\"og:type\" content=\"article\" \/>\n<meta property=\"og:title\" content=\"Collana boho glamour romantica in tessuto Chara | Ines Drole Nanda\" \/>\n<meta property=\"og:description\" content=\"La collana boho romantica in tessuto di Chara \u00e8 un gioiello unico e chic, adatto sia per le occasioni quotidiane che per gli eventi formali.\" \/>\n<meta property=\"og:url\" content=\"https:\/\/nanda.si\/it\/prodotto\/collana-boho-glamour-romantica-in-tessuto-chara\/\" \/>\n<meta property=\"og:site_name\" content=\"Ines Drole Nanda\" \/>\n<meta property=\"og:image\" content=\"https:\/\/nanda.si\/wp-content\/uploads\/2022\/07\/boho-glamur-ogrlica-Cara-nova-r-1.jpg\" \/>\n\t<meta property=\"og:image:width\" content=\"366\" \/>\n\t<meta property=\"og:image:height\" content=\"366\" \/>\n\t<meta property=\"og:image:type\" content=\"image\/jpeg\" \/>\n<meta name=\"twitter:card\" content=\"summary_large_image\" \/>\n<script type=\"application\/ld+json\" class=\"yoast-schema-graph\">{\"@context\":\"https:\/\/schema.org\",\"@graph\":[{\"@type\":\"WebPage\",\"@id\":\"https:\/\/nanda.si\/it\/prodotto\/collana-boho-glamour-romantica-in-tessuto-chara\/\",\"url\":\"https:\/\/nanda.si\/it\/prodotto\/collana-boho-glamour-romantica-in-tessuto-chara\/\",\"name\":\"Collana boho glamour romantica in tessuto Chara | Ines Drole Nanda\",\"isPartOf\":{\"@id\":\"https:\/\/nanda.si\/it\/#website\"},\"primaryImageOfPage\":{\"@id\":\"https:\/\/nanda.si\/it\/prodotto\/collana-boho-glamour-romantica-in-tessuto-chara\/#primaryimage\"},\"image\":{\"@id\":\"https:\/\/nanda.si\/it\/prodotto\/collana-boho-glamour-romantica-in-tessuto-chara\/#primaryimage\"},\"thumbnailUrl\":\"https:\/\/nanda.si\/wp-content\/uploads\/2022\/07\/boho-glamur-ogrlica-Cara-nova-r-1.jpg\",\"datePublished\":\"2022-07-10T11:37:54+00:00\",\"description\":\"La collana boho romantica in tessuto di Chara \u00e8 un gioiello unico e chic, adatto sia per le occasioni quotidiane che per gli eventi formali.\",\"breadcrumb\":{\"@id\":\"https:\/\/nanda.si\/it\/prodotto\/collana-boho-glamour-romantica-in-tessuto-chara\/#breadcrumb\"},\"inLanguage\":\"it-IT\",\"potentialAction\":[{\"@type\":\"ReadAction\",\"target\":[\"https:\/\/nanda.si\/it\/prodotto\/collana-boho-glamour-romantica-in-tessuto-chara\/\"]}]},{\"@type\":\"ImageObject\",\"inLanguage\":\"it-IT\",\"@id\":\"https:\/\/nanda.si\/it\/prodotto\/collana-boho-glamour-romantica-in-tessuto-chara\/#primaryimage\",\"url\":\"https:\/\/nanda.si\/wp-content\/uploads\/2022\/07\/boho-glamur-ogrlica-Cara-nova-r-1.jpg\",\"contentUrl\":\"https:\/\/nanda.si\/wp-content\/uploads\/2022\/07\/boho-glamur-ogrlica-Cara-nova-r-1.jpg\",\"width\":366,\"height\":366},{\"@type\":\"BreadcrumbList\",\"@id\":\"https:\/\/nanda.si\/it\/prodotto\/collana-boho-glamour-romantica-in-tessuto-chara\/#breadcrumb\",\"itemListElement\":[{\"@type\":\"ListItem\",\"position\":1,\"name\":\"Home\",\"item\":\"https:\/\/nanda.si\/it\/casa\/\"},{\"@type\":\"ListItem\",\"position\":2,\"name\":\"Negozio\",\"item\":\"https:\/\/nanda.si\/negozio\/\"},{\"@type\":\"ListItem\",\"position\":3,\"name\":\"Collana boho glamour romantica in tessuto Chara\"}]},{\"@type\":\"WebSite\",\"@id\":\"https:\/\/nanda.si\/it\/#website\",\"url\":\"https:\/\/nanda.si\/it\/\",\"name\":\"Ines Drole Nanda\",\"description\":\"Umetelne tekstilne kreacije za edinstven dom in unikatna obla\u010dila.\",\"publisher\":{\"@id\":\"https:\/\/nanda.si\/it\/#organization\"},\"potentialAction\":[{\"@type\":\"SearchAction\",\"target\":{\"@type\":\"EntryPoint\",\"urlTemplate\":\"https:\/\/nanda.si\/it\/?s={search_term_string}\"},\"query-input\":{\"@type\":\"PropertyValueSpecification\",\"valueRequired\":true,\"valueName\":\"search_term_string\"}}],\"inLanguage\":\"it-IT\"},{\"@type\":\"Organization\",\"@id\":\"https:\/\/nanda.si\/it\/#organization\",\"name\":\"Ines Drole NANDA\",\"url\":\"https:\/\/nanda.si\/it\/\",\"logo\":{\"@type\":\"ImageObject\",\"inLanguage\":\"it-IT\",\"@id\":\"https:\/\/nanda.si\/it\/#\/schema\/logo\/image\/\",\"url\":\"https:\/\/nanda.si\/wp-content\/uploads\/2022\/07\/logoNANDA-oval_Res.jpg\",\"contentUrl\":\"https:\/\/nanda.si\/wp-content\/uploads\/2022\/07\/logoNANDA-oval_Res.jpg\",\"width\":600,\"height\":600,\"caption\":\"Ines Drole NANDA\"},\"image\":{\"@id\":\"https:\/\/nanda.si\/it\/#\/schema\/logo\/image\/\"}}]}<\/script>\n<!-- \/ Yoast SEO plugin. -->","yoast_head_json":{"title":"Collana boho glamour romantica in tessuto Chara | Ines Drole Nanda","description":"La collana boho romantica in tessuto di Chara \u00e8 un gioiello unico e chic, adatto sia per le occasioni quotidiane che per gli eventi formali.","robots":{"index":"index","follow":"follow","max-snippet":"max-snippet:-1","max-image-preview":"max-image-preview:large","max-video-preview":"max-video-preview:-1"},"canonical":"https:\/\/nanda.si\/it\/prodotto\/collana-boho-glamour-romantica-in-tessuto-chara\/","og_locale":"it_IT","og_type":"article","og_title":"Collana boho glamour romantica in tessuto Chara | Ines Drole Nanda","og_description":"La collana boho romantica in tessuto di Chara \u00e8 un gioiello unico e chic, adatto sia per le occasioni quotidiane che per gli eventi formali.","og_url":"https:\/\/nanda.si\/it\/prodotto\/collana-boho-glamour-romantica-in-tessuto-chara\/","og_site_name":"Ines Drole Nanda","og_image":[{"width":366,"height":366,"url":"https:\/\/nanda.si\/wp-content\/uploads\/2022\/07\/boho-glamur-ogrlica-Cara-nova-r-1.jpg","type":"image\/jpeg"}],"twitter_card":"summary_large_image","schema":{"@context":"https:\/\/schema.org","@graph":[{"@type":"WebPage","@id":"https:\/\/nanda.si\/it\/prodotto\/collana-boho-glamour-romantica-in-tessuto-chara\/","url":"https:\/\/nanda.si\/it\/prodotto\/collana-boho-glamour-romantica-in-tessuto-chara\/","name":"Collana boho glamour romantica in tessuto Chara | Ines Drole Nanda","isPartOf":{"@id":"https:\/\/nanda.si\/it\/#website"},"primaryImageOfPage":{"@id":"https:\/\/nanda.si\/it\/prodotto\/collana-boho-glamour-romantica-in-tessuto-chara\/#primaryimage"},"image":{"@id":"https:\/\/nanda.si\/it\/prodotto\/collana-boho-glamour-romantica-in-tessuto-chara\/#primaryimage"},"thumbnailUrl":"https:\/\/nanda.si\/wp-content\/uploads\/2022\/07\/boho-glamur-ogrlica-Cara-nova-r-1.jpg","datePublished":"2022-07-10T11:37:54+00:00","description":"La collana boho romantica in tessuto di Chara \u00e8 un gioiello unico e chic, adatto sia per le occasioni quotidiane che per gli eventi formali.","breadcrumb":{"@id":"https:\/\/nanda.si\/it\/prodotto\/collana-boho-glamour-romantica-in-tessuto-chara\/#breadcrumb"},"inLanguage":"it-IT","potentialAction":[{"@type":"ReadAction","target":["https:\/\/nanda.si\/it\/prodotto\/collana-boho-glamour-romantica-in-tessuto-chara\/"]}]},{"@type":"ImageObject","inLanguage":"it-IT","@id":"https:\/\/nanda.si\/it\/prodotto\/collana-boho-glamour-romantica-in-tessuto-chara\/#primaryimage","url":"https:\/\/nanda.si\/wp-content\/uploads\/2022\/07\/boho-glamur-ogrlica-Cara-nova-r-1.jpg","contentUrl":"https:\/\/nanda.si\/wp-content\/uploads\/2022\/07\/boho-glamur-ogrlica-Cara-nova-r-1.jpg","width":366,"height":366},{"@type":"BreadcrumbList","@id":"https:\/\/nanda.si\/it\/prodotto\/collana-boho-glamour-romantica-in-tessuto-chara\/#breadcrumb","itemListElement":[{"@type":"ListItem","position":1,"name":"Home","item":"https:\/\/nanda.si\/it\/casa\/"},{"@type":"ListItem","position":2,"name":"Negozio","item":"https:\/\/nanda.si\/negozio\/"},{"@type":"ListItem","position":3,"name":"Collana boho glamour romantica in tessuto Chara"}]},{"@type":"WebSite","@id":"https:\/\/nanda.si\/it\/#website","url":"https:\/\/nanda.si\/it\/","name":"Ines Drole Nanda","description":"Umetelne tekstilne kreacije za edinstven dom in unikatna obla\u010dila.","publisher":{"@id":"https:\/\/nanda.si\/it\/#organization"},"potentialAction":[{"@type":"SearchAction","target":{"@type":"EntryPoint","urlTemplate":"https:\/\/nanda.si\/it\/?s={search_term_string}"},"query-input":{"@type":"PropertyValueSpecification","valueRequired":true,"valueName":"search_term_string"}}],"inLanguage":"it-IT"},{"@type":"Organization","@id":"https:\/\/nanda.si\/it\/#organization","name":"Ines Drole NANDA","url":"https:\/\/nanda.si\/it\/","logo":{"@type":"ImageObject","inLanguage":"it-IT","@id":"https:\/\/nanda.si\/it\/#\/schema\/logo\/image\/","url":"https:\/\/nanda.si\/wp-content\/uploads\/2022\/07\/logoNANDA-oval_Res.jpg","contentUrl":"https:\/\/nanda.si\/wp-content\/uploads\/2022\/07\/logoNANDA-oval_Res.jpg","width":600,"height":600,"caption":"Ines Drole NANDA"},"image":{"@id":"https:\/\/nanda.si\/it\/#\/schema\/logo\/image\/"}}]}},"_links":{"self":[{"href":"https:\/\/nanda.si\/it\/wp-json\/wp\/v2\/product\/6677","targetHints":{"allow":["GET"]}}],"collection":[{"href":"https:\/\/nanda.si\/it\/wp-json\/wp\/v2\/product"}],"about":[{"href":"https:\/\/nanda.si\/it\/wp-json\/wp\/v2\/types\/product"}],"replies":[{"embeddable":true,"href":"https:\/\/nanda.si\/it\/wp-json\/wp\/v2\/comments?post=6677"}],"wp:featuredmedia":[{"embeddable":true,"href":"https:\/\/nanda.si\/it\/wp-json\/wp\/v2\/media\/6678"}],"wp:attachment":[{"href":"https:\/\/nanda.si\/it\/wp-json\/wp\/v2\/media?parent=6677"}],"wp:term":[{"taxonomy":"product_brand","embeddable":true,"href":"https:\/\/nanda.si\/it\/wp-json\/wp\/v2\/product_brand?post=6677"},{"taxonomy":"product_cat","embeddable":true,"href":"https:\/\/nanda.si\/it\/wp-json\/wp\/v2\/product_cat?post=6677"},{"taxonomy":"product_tag","embeddable":true,"href":"https:\/\/nanda.si\/it\/wp-json\/wp\/v2\/product_tag?post=6677"}],"curies":[{"name":"wp","href":"https:\/\/api.w.org\/{rel}","templated":true}]}}