{"id":6631,"date":"2022-08-19T13:55:02","date_gmt":"2022-08-19T13:55:02","guid":{"rendered":"https:\/\/nanda.si\/product\/maglietta-romantica-bianca-con-maniche-rosa\/"},"modified":"2022-08-19T13:55:02","modified_gmt":"2022-08-19T13:55:02","slug":"maglietta-romantica-bianca-con-maniche-rosa","status":"publish","type":"product","link":"https:\/\/nanda.si\/it\/prodotto\/maglietta-romantica-bianca-con-maniche-rosa\/","title":{"rendered":"Maglietta romantica bianca con maniche Rosa"},"content":{"rendered":"<h5><span style=\"color: #966b60;\">Questa delicata T-shirt bianca con motivo floreale fantasia \u00e8 realizzata in jersey di cotone. Una rosa decorata con perle e petali verde-oro si snoda sul lato anteriore sinistro. Il motivo a rose si ripete come dettaglio su entrambe le maniche. La schiena \u00e8 callosa con tre pieghe asimmetriche. L&#8217;ampio collo a dolcevita ha uno spacco laterale e pu\u00f2 essere abbassato. L&#8217;orlo inferiore della camicia \u00e8 leggermente ondulato, il che sottolinea il tocco romantico del capo. La maglietta modella splendidamente la figura femminile, mentre il materiale compatto nasconde le piccole imperfezioni. Lavabile in lavatrice fino a 40\u00b0C, con o senza centrifuga.        Il lavaggio a mano garantisce una maggiore durata. Si consiglia di stirare l&#8217;interno fino a 40 *C.<\/span><\/h5>\n<h5>Misure: XS, S, M, L<\/h5>\n<h5><\/h5>\n<p>&nbsp;<\/p>\n","protected":false},"excerpt":{"rendered":"<h5><span style=\"color: #4a3838;\">Questa romantica maglietta in cotone bianco con maniche e un artistico motivo floreale fatto a mano sottolinea la femminilit\u00e0 e offre comfort a tutti i sensi. La fibra naturale garantisce una piacevole sensazione sulla pelle e il comfort per tutto il giorno.  I capi unici di NANDA per tutti i giorni creano un look e creano uno stato d&#8217;animo di gioia. Si tratta di abiti dal design originale, realizzati con materiali di qualit\u00e0 che offrono comfort e fascino estetico. Storie di tessuti.<\/span><\/h5>\n<p>&nbsp;<\/p>\n<h5><\/h5>\n<h5><\/h5>\n<h5><\/h5>\n","protected":false},"featured_media":6632,"comment_status":"closed","ping_status":"closed","template":"","meta":[],"product_brand":[],"product_cat":[283],"product_tag":[],"class_list":{"0":"post-6631","1":"product","2":"type-product","3":"status-publish","4":"has-post-thumbnail","6":"product_cat-abbigliamento-originale","8":"first","9":"instock","10":"shipping-taxable","11":"purchasable","12":"product-type-simple"},"yoast_head":"<!-- This site is optimized with the Yoast SEO plugin v27.2 - https:\/\/yoast.com\/product\/yoast-seo-wordpress\/ -->\n<title>Maglietta romantica bianca con maniche Rosa | Ines Drole Nanda<\/title>\n<meta name=\"description\" content=\"Questa romantica T-shirt in cotone bianco con maniche e un artistico motivo floreale fatto a mano sottolinea la femminilit\u00e0 e offre comfort a tutti i sensi.\" \/>\n<meta name=\"robots\" content=\"index, follow, max-snippet:-1, max-image-preview:large, max-video-preview:-1\" \/>\n<link rel=\"canonical\" href=\"https:\/\/nanda.si\/it\/prodotto\/maglietta-romantica-bianca-con-maniche-rosa\/\" \/>\n<meta property=\"og:locale\" content=\"it_IT\" \/>\n<meta property=\"og:type\" content=\"article\" \/>\n<meta property=\"og:title\" content=\"Maglietta romantica bianca con maniche Rosa | Ines Drole Nanda\" \/>\n<meta property=\"og:description\" content=\"Questa romantica T-shirt in cotone bianco con maniche e un artistico motivo floreale fatto a mano sottolinea la femminilit\u00e0 e offre comfort a tutti i sensi.\" \/>\n<meta property=\"og:url\" content=\"https:\/\/nanda.si\/it\/prodotto\/maglietta-romantica-bianca-con-maniche-rosa\/\" \/>\n<meta property=\"og:site_name\" content=\"Ines Drole Nanda\" \/>\n<meta property=\"og:image\" content=\"https:\/\/nanda.si\/wp-content\/uploads\/2022\/08\/23.romanticna-bela-majica-Rosa-r.jpg\" \/>\n\t<meta property=\"og:image:width\" content=\"600\" \/>\n\t<meta property=\"og:image:height\" content=\"600\" \/>\n\t<meta property=\"og:image:type\" content=\"image\/jpeg\" \/>\n<meta name=\"twitter:card\" content=\"summary_large_image\" \/>\n<meta name=\"twitter:label1\" content=\"Tempo di lettura stimato\" \/>\n\t<meta name=\"twitter:data1\" content=\"1 minuto\" \/>\n<script type=\"application\/ld+json\" class=\"yoast-schema-graph\">{\"@context\":\"https:\/\/schema.org\",\"@graph\":[{\"@type\":\"WebPage\",\"@id\":\"https:\/\/nanda.si\/it\/prodotto\/maglietta-romantica-bianca-con-maniche-rosa\/\",\"url\":\"https:\/\/nanda.si\/it\/prodotto\/maglietta-romantica-bianca-con-maniche-rosa\/\",\"name\":\"Maglietta romantica bianca con maniche Rosa | Ines Drole Nanda\",\"isPartOf\":{\"@id\":\"https:\/\/nanda.si\/it\/#website\"},\"primaryImageOfPage\":{\"@id\":\"https:\/\/nanda.si\/it\/prodotto\/maglietta-romantica-bianca-con-maniche-rosa\/#primaryimage\"},\"image\":{\"@id\":\"https:\/\/nanda.si\/it\/prodotto\/maglietta-romantica-bianca-con-maniche-rosa\/#primaryimage\"},\"thumbnailUrl\":\"https:\/\/nanda.si\/wp-content\/uploads\/2022\/08\/23.romanticna-bela-majica-Rosa-r.jpg\",\"datePublished\":\"2022-08-19T13:55:02+00:00\",\"description\":\"Questa romantica T-shirt in cotone bianco con maniche e un artistico motivo floreale fatto a mano sottolinea la femminilit\u00e0 e offre comfort a tutti i sensi.\",\"breadcrumb\":{\"@id\":\"https:\/\/nanda.si\/it\/prodotto\/maglietta-romantica-bianca-con-maniche-rosa\/#breadcrumb\"},\"inLanguage\":\"it-IT\",\"potentialAction\":[{\"@type\":\"ReadAction\",\"target\":[\"https:\/\/nanda.si\/it\/prodotto\/maglietta-romantica-bianca-con-maniche-rosa\/\"]}]},{\"@type\":\"ImageObject\",\"inLanguage\":\"it-IT\",\"@id\":\"https:\/\/nanda.si\/it\/prodotto\/maglietta-romantica-bianca-con-maniche-rosa\/#primaryimage\",\"url\":\"https:\/\/nanda.si\/wp-content\/uploads\/2022\/08\/23.romanticna-bela-majica-Rosa-r.jpg\",\"contentUrl\":\"https:\/\/nanda.si\/wp-content\/uploads\/2022\/08\/23.romanticna-bela-majica-Rosa-r.jpg\",\"width\":600,\"height\":600},{\"@type\":\"BreadcrumbList\",\"@id\":\"https:\/\/nanda.si\/it\/prodotto\/maglietta-romantica-bianca-con-maniche-rosa\/#breadcrumb\",\"itemListElement\":[{\"@type\":\"ListItem\",\"position\":1,\"name\":\"Home\",\"item\":\"https:\/\/nanda.si\/it\/casa\/\"},{\"@type\":\"ListItem\",\"position\":2,\"name\":\"Negozio\",\"item\":\"https:\/\/nanda.si\/negozio\/\"},{\"@type\":\"ListItem\",\"position\":3,\"name\":\"Maglietta romantica bianca con maniche Rosa\"}]},{\"@type\":\"WebSite\",\"@id\":\"https:\/\/nanda.si\/it\/#website\",\"url\":\"https:\/\/nanda.si\/it\/\",\"name\":\"Ines Drole Nanda\",\"description\":\"Umetelne tekstilne kreacije za edinstven dom in unikatna obla\u010dila.\",\"publisher\":{\"@id\":\"https:\/\/nanda.si\/it\/#organization\"},\"potentialAction\":[{\"@type\":\"SearchAction\",\"target\":{\"@type\":\"EntryPoint\",\"urlTemplate\":\"https:\/\/nanda.si\/it\/?s={search_term_string}\"},\"query-input\":{\"@type\":\"PropertyValueSpecification\",\"valueRequired\":true,\"valueName\":\"search_term_string\"}}],\"inLanguage\":\"it-IT\"},{\"@type\":\"Organization\",\"@id\":\"https:\/\/nanda.si\/it\/#organization\",\"name\":\"Ines Drole NANDA\",\"url\":\"https:\/\/nanda.si\/it\/\",\"logo\":{\"@type\":\"ImageObject\",\"inLanguage\":\"it-IT\",\"@id\":\"https:\/\/nanda.si\/it\/#\/schema\/logo\/image\/\",\"url\":\"https:\/\/nanda.si\/wp-content\/uploads\/2022\/07\/logoNANDA-oval_Res.jpg\",\"contentUrl\":\"https:\/\/nanda.si\/wp-content\/uploads\/2022\/07\/logoNANDA-oval_Res.jpg\",\"width\":600,\"height\":600,\"caption\":\"Ines Drole NANDA\"},\"image\":{\"@id\":\"https:\/\/nanda.si\/it\/#\/schema\/logo\/image\/\"}}]}<\/script>\n<!-- \/ Yoast SEO plugin. -->","yoast_head_json":{"title":"Maglietta romantica bianca con maniche Rosa | Ines Drole Nanda","description":"Questa romantica T-shirt in cotone bianco con maniche e un artistico motivo floreale fatto a mano sottolinea la femminilit\u00e0 e offre comfort a tutti i sensi.","robots":{"index":"index","follow":"follow","max-snippet":"max-snippet:-1","max-image-preview":"max-image-preview:large","max-video-preview":"max-video-preview:-1"},"canonical":"https:\/\/nanda.si\/it\/prodotto\/maglietta-romantica-bianca-con-maniche-rosa\/","og_locale":"it_IT","og_type":"article","og_title":"Maglietta romantica bianca con maniche Rosa | Ines Drole Nanda","og_description":"Questa romantica T-shirt in cotone bianco con maniche e un artistico motivo floreale fatto a mano sottolinea la femminilit\u00e0 e offre comfort a tutti i sensi.","og_url":"https:\/\/nanda.si\/it\/prodotto\/maglietta-romantica-bianca-con-maniche-rosa\/","og_site_name":"Ines Drole Nanda","og_image":[{"width":600,"height":600,"url":"https:\/\/nanda.si\/wp-content\/uploads\/2022\/08\/23.romanticna-bela-majica-Rosa-r.jpg","type":"image\/jpeg"}],"twitter_card":"summary_large_image","twitter_misc":{"Tempo di lettura stimato":"1 minuto"},"schema":{"@context":"https:\/\/schema.org","@graph":[{"@type":"WebPage","@id":"https:\/\/nanda.si\/it\/prodotto\/maglietta-romantica-bianca-con-maniche-rosa\/","url":"https:\/\/nanda.si\/it\/prodotto\/maglietta-romantica-bianca-con-maniche-rosa\/","name":"Maglietta romantica bianca con maniche Rosa | Ines Drole Nanda","isPartOf":{"@id":"https:\/\/nanda.si\/it\/#website"},"primaryImageOfPage":{"@id":"https:\/\/nanda.si\/it\/prodotto\/maglietta-romantica-bianca-con-maniche-rosa\/#primaryimage"},"image":{"@id":"https:\/\/nanda.si\/it\/prodotto\/maglietta-romantica-bianca-con-maniche-rosa\/#primaryimage"},"thumbnailUrl":"https:\/\/nanda.si\/wp-content\/uploads\/2022\/08\/23.romanticna-bela-majica-Rosa-r.jpg","datePublished":"2022-08-19T13:55:02+00:00","description":"Questa romantica T-shirt in cotone bianco con maniche e un artistico motivo floreale fatto a mano sottolinea la femminilit\u00e0 e offre comfort a tutti i sensi.","breadcrumb":{"@id":"https:\/\/nanda.si\/it\/prodotto\/maglietta-romantica-bianca-con-maniche-rosa\/#breadcrumb"},"inLanguage":"it-IT","potentialAction":[{"@type":"ReadAction","target":["https:\/\/nanda.si\/it\/prodotto\/maglietta-romantica-bianca-con-maniche-rosa\/"]}]},{"@type":"ImageObject","inLanguage":"it-IT","@id":"https:\/\/nanda.si\/it\/prodotto\/maglietta-romantica-bianca-con-maniche-rosa\/#primaryimage","url":"https:\/\/nanda.si\/wp-content\/uploads\/2022\/08\/23.romanticna-bela-majica-Rosa-r.jpg","contentUrl":"https:\/\/nanda.si\/wp-content\/uploads\/2022\/08\/23.romanticna-bela-majica-Rosa-r.jpg","width":600,"height":600},{"@type":"BreadcrumbList","@id":"https:\/\/nanda.si\/it\/prodotto\/maglietta-romantica-bianca-con-maniche-rosa\/#breadcrumb","itemListElement":[{"@type":"ListItem","position":1,"name":"Home","item":"https:\/\/nanda.si\/it\/casa\/"},{"@type":"ListItem","position":2,"name":"Negozio","item":"https:\/\/nanda.si\/negozio\/"},{"@type":"ListItem","position":3,"name":"Maglietta romantica bianca con maniche Rosa"}]},{"@type":"WebSite","@id":"https:\/\/nanda.si\/it\/#website","url":"https:\/\/nanda.si\/it\/","name":"Ines Drole Nanda","description":"Umetelne tekstilne kreacije za edinstven dom in unikatna obla\u010dila.","publisher":{"@id":"https:\/\/nanda.si\/it\/#organization"},"potentialAction":[{"@type":"SearchAction","target":{"@type":"EntryPoint","urlTemplate":"https:\/\/nanda.si\/it\/?s={search_term_string}"},"query-input":{"@type":"PropertyValueSpecification","valueRequired":true,"valueName":"search_term_string"}}],"inLanguage":"it-IT"},{"@type":"Organization","@id":"https:\/\/nanda.si\/it\/#organization","name":"Ines Drole NANDA","url":"https:\/\/nanda.si\/it\/","logo":{"@type":"ImageObject","inLanguage":"it-IT","@id":"https:\/\/nanda.si\/it\/#\/schema\/logo\/image\/","url":"https:\/\/nanda.si\/wp-content\/uploads\/2022\/07\/logoNANDA-oval_Res.jpg","contentUrl":"https:\/\/nanda.si\/wp-content\/uploads\/2022\/07\/logoNANDA-oval_Res.jpg","width":600,"height":600,"caption":"Ines Drole NANDA"},"image":{"@id":"https:\/\/nanda.si\/it\/#\/schema\/logo\/image\/"}}]}},"_links":{"self":[{"href":"https:\/\/nanda.si\/it\/wp-json\/wp\/v2\/product\/6631","targetHints":{"allow":["GET"]}}],"collection":[{"href":"https:\/\/nanda.si\/it\/wp-json\/wp\/v2\/product"}],"about":[{"href":"https:\/\/nanda.si\/it\/wp-json\/wp\/v2\/types\/product"}],"replies":[{"embeddable":true,"href":"https:\/\/nanda.si\/it\/wp-json\/wp\/v2\/comments?post=6631"}],"wp:featuredmedia":[{"embeddable":true,"href":"https:\/\/nanda.si\/it\/wp-json\/wp\/v2\/media\/6632"}],"wp:attachment":[{"href":"https:\/\/nanda.si\/it\/wp-json\/wp\/v2\/media?parent=6631"}],"wp:term":[{"taxonomy":"product_brand","embeddable":true,"href":"https:\/\/nanda.si\/it\/wp-json\/wp\/v2\/product_brand?post=6631"},{"taxonomy":"product_cat","embeddable":true,"href":"https:\/\/nanda.si\/it\/wp-json\/wp\/v2\/product_cat?post=6631"},{"taxonomy":"product_tag","embeddable":true,"href":"https:\/\/nanda.si\/it\/wp-json\/wp\/v2\/product_tag?post=6631"}],"curies":[{"name":"wp","href":"https:\/\/api.w.org\/{rel}","templated":true}]}}