{"id":6593,"date":"2022-12-10T19:05:50","date_gmt":"2022-12-10T19:05:50","guid":{"rendered":"https:\/\/nanda.si\/product\/spilla-in-tessuto-boho-teaser-verde\/"},"modified":"2022-12-10T19:05:50","modified_gmt":"2022-12-10T19:05:50","slug":"spilla-in-tessuto-boho-teaser-verde","status":"publish","type":"product","link":"https:\/\/nanda.si\/it\/prodotto\/spilla-in-tessuto-boho-teaser-verde\/","title":{"rendered":"Spilla in tessuto boho Teaser verde"},"content":{"rendered":"<p>Questa spilla tessile unica \u00e8 un gioiello di design fatto a mano per le donne che sono legate alla natura. Questo accessorio di moda unico sottolinea la femminilit\u00e0 e crea l&#8217;atmosfera. La giustapposizione di materiali diversi permette di ottenere una bellezza unica. \u00c8 adatto sia per le occasioni di tutti i giorni che per gli eventi festivi, perch\u00e9 il suo design armonioso attira l&#8217;attenzione. Questa simpatica spilla aggiunge un tocco romantico ed \u00e8 anche un fresco complemento a uno stile di abbigliamento minimalista. Pu\u00f2 essere indossato in diversi modi, sta benissimo su uno sfondo monocromatico e pu\u00f2 essere attaccato a una borsa o a un cerchietto.<\/p>\n<p>E il giorno sar\u00e0 in fiore.<\/p>\n","protected":false},"excerpt":{"rendered":"<h5>I gioielli artistici di design in tessuto sono un accessorio di moda innovativo e unico che completa in modo discreto il tuo abbigliamento e crea l&#8217;atmosfera giusta. L&#8217;armonia dei diversi materiali permette di ottenere una bellezza genuina e un glamour evidente che cattura lo sguardo. Il fiore \u00e8 realizzato in organza scintillante di colore verde brillante, mentre i petali viola astratti, ulteriormente decorati con piccole perline bijou, completano a contrasto la combinazione di colori.<\/h5>\n<h5>La spilla in tessuto boho con fiore verde \u00e8 adatta sia per le occasioni quotidiane che per gli eventi di festa. Il sofisticato design in filigrana affascina per la sua apparente fragilit\u00e0 e grazia. Questo delizioso gioiello far\u00e0 la felicit\u00e0 di chi ha un&#8217;inclinazione romantica e sar\u00e0 in grado di ravvivare anche l&#8217;outfit pi\u00f9 minimalista.<\/h5>\n<h5>Diametro: 5 cm.<\/h5>\n","protected":false},"featured_media":6594,"comment_status":"open","ping_status":"closed","template":"","meta":[],"product_brand":[],"product_cat":[288],"product_tag":[],"class_list":{"0":"post-6593","1":"product","2":"type-product","3":"status-publish","4":"has-post-thumbnail","6":"product_cat-accessori-moda","8":"first","9":"instock","10":"shipping-taxable","11":"purchasable","12":"product-type-simple"},"yoast_head":"<!-- This site is optimized with the Yoast SEO plugin v27.2 - https:\/\/yoast.com\/product\/yoast-seo-wordpress\/ -->\n<title>Spilla in tessuto boho Teaser verde | Ines Drole Nanda<\/title>\n<meta name=\"description\" content=\"La spilla boho in tessuto Green Tease a forma di fiore affascina per la sua apparente fragilit\u00e0 e grazia. Questo delizioso gioiello render\u00e0 felici gli amanti del romanticismo.\" \/>\n<meta name=\"robots\" content=\"index, follow, max-snippet:-1, max-image-preview:large, max-video-preview:-1\" \/>\n<link rel=\"canonical\" href=\"https:\/\/nanda.si\/it\/prodotto\/spilla-in-tessuto-boho-teaser-verde\/\" \/>\n<meta property=\"og:locale\" content=\"it_IT\" \/>\n<meta property=\"og:type\" content=\"article\" \/>\n<meta property=\"og:title\" content=\"Spilla in tessuto boho Teaser verde | Ines Drole Nanda\" \/>\n<meta property=\"og:description\" content=\"La spilla boho in tessuto Green Tease a forma di fiore affascina per la sua apparente fragilit\u00e0 e grazia. Questo delizioso gioiello render\u00e0 felici gli amanti del romanticismo.\" \/>\n<meta property=\"og:url\" content=\"https:\/\/nanda.si\/it\/prodotto\/spilla-in-tessuto-boho-teaser-verde\/\" \/>\n<meta property=\"og:site_name\" content=\"Ines Drole Nanda\" \/>\n<meta property=\"og:image\" content=\"https:\/\/nanda.si\/wp-content\/uploads\/2022\/12\/nove-broske-38-scaled.jpg\" \/>\n\t<meta property=\"og:image:width\" content=\"2560\" \/>\n\t<meta property=\"og:image:height\" content=\"2560\" \/>\n\t<meta property=\"og:image:type\" content=\"image\/jpeg\" \/>\n<meta name=\"twitter:card\" content=\"summary_large_image\" \/>\n<meta name=\"twitter:label1\" content=\"Tempo di lettura stimato\" \/>\n\t<meta name=\"twitter:data1\" content=\"1 minuto\" \/>\n<script type=\"application\/ld+json\" class=\"yoast-schema-graph\">{\"@context\":\"https:\/\/schema.org\",\"@graph\":[{\"@type\":\"WebPage\",\"@id\":\"https:\/\/nanda.si\/it\/prodotto\/spilla-in-tessuto-boho-teaser-verde\/\",\"url\":\"https:\/\/nanda.si\/it\/prodotto\/spilla-in-tessuto-boho-teaser-verde\/\",\"name\":\"Spilla in tessuto boho Teaser verde | Ines Drole Nanda\",\"isPartOf\":{\"@id\":\"https:\/\/nanda.si\/it\/#website\"},\"primaryImageOfPage\":{\"@id\":\"https:\/\/nanda.si\/it\/prodotto\/spilla-in-tessuto-boho-teaser-verde\/#primaryimage\"},\"image\":{\"@id\":\"https:\/\/nanda.si\/it\/prodotto\/spilla-in-tessuto-boho-teaser-verde\/#primaryimage\"},\"thumbnailUrl\":\"https:\/\/nanda.si\/wp-content\/uploads\/2022\/12\/nove-broske-38-scaled.jpg\",\"datePublished\":\"2022-12-10T19:05:50+00:00\",\"description\":\"La spilla boho in tessuto Green Tease a forma di fiore affascina per la sua apparente fragilit\u00e0 e grazia. Questo delizioso gioiello render\u00e0 felici gli amanti del romanticismo.\",\"breadcrumb\":{\"@id\":\"https:\/\/nanda.si\/it\/prodotto\/spilla-in-tessuto-boho-teaser-verde\/#breadcrumb\"},\"inLanguage\":\"it-IT\",\"potentialAction\":[{\"@type\":\"ReadAction\",\"target\":[\"https:\/\/nanda.si\/it\/prodotto\/spilla-in-tessuto-boho-teaser-verde\/\"]}]},{\"@type\":\"ImageObject\",\"inLanguage\":\"it-IT\",\"@id\":\"https:\/\/nanda.si\/it\/prodotto\/spilla-in-tessuto-boho-teaser-verde\/#primaryimage\",\"url\":\"https:\/\/nanda.si\/wp-content\/uploads\/2022\/12\/nove-broske-38-scaled.jpg\",\"contentUrl\":\"https:\/\/nanda.si\/wp-content\/uploads\/2022\/12\/nove-broske-38-scaled.jpg\",\"width\":2560,\"height\":2560,\"caption\":\"qrf\"},{\"@type\":\"BreadcrumbList\",\"@id\":\"https:\/\/nanda.si\/it\/prodotto\/spilla-in-tessuto-boho-teaser-verde\/#breadcrumb\",\"itemListElement\":[{\"@type\":\"ListItem\",\"position\":1,\"name\":\"Home\",\"item\":\"https:\/\/nanda.si\/it\/casa\/\"},{\"@type\":\"ListItem\",\"position\":2,\"name\":\"Negozio\",\"item\":\"https:\/\/nanda.si\/negozio\/\"},{\"@type\":\"ListItem\",\"position\":3,\"name\":\"Spilla in tessuto boho Teaser verde\"}]},{\"@type\":\"WebSite\",\"@id\":\"https:\/\/nanda.si\/it\/#website\",\"url\":\"https:\/\/nanda.si\/it\/\",\"name\":\"Ines Drole Nanda\",\"description\":\"Umetelne tekstilne kreacije za edinstven dom in unikatna obla\u010dila.\",\"publisher\":{\"@id\":\"https:\/\/nanda.si\/it\/#organization\"},\"potentialAction\":[{\"@type\":\"SearchAction\",\"target\":{\"@type\":\"EntryPoint\",\"urlTemplate\":\"https:\/\/nanda.si\/it\/?s={search_term_string}\"},\"query-input\":{\"@type\":\"PropertyValueSpecification\",\"valueRequired\":true,\"valueName\":\"search_term_string\"}}],\"inLanguage\":\"it-IT\"},{\"@type\":\"Organization\",\"@id\":\"https:\/\/nanda.si\/it\/#organization\",\"name\":\"Ines Drole NANDA\",\"url\":\"https:\/\/nanda.si\/it\/\",\"logo\":{\"@type\":\"ImageObject\",\"inLanguage\":\"it-IT\",\"@id\":\"https:\/\/nanda.si\/it\/#\/schema\/logo\/image\/\",\"url\":\"https:\/\/nanda.si\/wp-content\/uploads\/2022\/07\/logoNANDA-oval_Res.jpg\",\"contentUrl\":\"https:\/\/nanda.si\/wp-content\/uploads\/2022\/07\/logoNANDA-oval_Res.jpg\",\"width\":600,\"height\":600,\"caption\":\"Ines Drole NANDA\"},\"image\":{\"@id\":\"https:\/\/nanda.si\/it\/#\/schema\/logo\/image\/\"}}]}<\/script>\n<!-- \/ Yoast SEO plugin. -->","yoast_head_json":{"title":"Spilla in tessuto boho Teaser verde | Ines Drole Nanda","description":"La spilla boho in tessuto Green Tease a forma di fiore affascina per la sua apparente fragilit\u00e0 e grazia. Questo delizioso gioiello render\u00e0 felici gli amanti del romanticismo.","robots":{"index":"index","follow":"follow","max-snippet":"max-snippet:-1","max-image-preview":"max-image-preview:large","max-video-preview":"max-video-preview:-1"},"canonical":"https:\/\/nanda.si\/it\/prodotto\/spilla-in-tessuto-boho-teaser-verde\/","og_locale":"it_IT","og_type":"article","og_title":"Spilla in tessuto boho Teaser verde | Ines Drole Nanda","og_description":"La spilla boho in tessuto Green Tease a forma di fiore affascina per la sua apparente fragilit\u00e0 e grazia. Questo delizioso gioiello render\u00e0 felici gli amanti del romanticismo.","og_url":"https:\/\/nanda.si\/it\/prodotto\/spilla-in-tessuto-boho-teaser-verde\/","og_site_name":"Ines Drole Nanda","og_image":[{"width":2560,"height":2560,"url":"https:\/\/nanda.si\/wp-content\/uploads\/2022\/12\/nove-broske-38-scaled.jpg","type":"image\/jpeg"}],"twitter_card":"summary_large_image","twitter_misc":{"Tempo di lettura stimato":"1 minuto"},"schema":{"@context":"https:\/\/schema.org","@graph":[{"@type":"WebPage","@id":"https:\/\/nanda.si\/it\/prodotto\/spilla-in-tessuto-boho-teaser-verde\/","url":"https:\/\/nanda.si\/it\/prodotto\/spilla-in-tessuto-boho-teaser-verde\/","name":"Spilla in tessuto boho Teaser verde | Ines Drole Nanda","isPartOf":{"@id":"https:\/\/nanda.si\/it\/#website"},"primaryImageOfPage":{"@id":"https:\/\/nanda.si\/it\/prodotto\/spilla-in-tessuto-boho-teaser-verde\/#primaryimage"},"image":{"@id":"https:\/\/nanda.si\/it\/prodotto\/spilla-in-tessuto-boho-teaser-verde\/#primaryimage"},"thumbnailUrl":"https:\/\/nanda.si\/wp-content\/uploads\/2022\/12\/nove-broske-38-scaled.jpg","datePublished":"2022-12-10T19:05:50+00:00","description":"La spilla boho in tessuto Green Tease a forma di fiore affascina per la sua apparente fragilit\u00e0 e grazia. Questo delizioso gioiello render\u00e0 felici gli amanti del romanticismo.","breadcrumb":{"@id":"https:\/\/nanda.si\/it\/prodotto\/spilla-in-tessuto-boho-teaser-verde\/#breadcrumb"},"inLanguage":"it-IT","potentialAction":[{"@type":"ReadAction","target":["https:\/\/nanda.si\/it\/prodotto\/spilla-in-tessuto-boho-teaser-verde\/"]}]},{"@type":"ImageObject","inLanguage":"it-IT","@id":"https:\/\/nanda.si\/it\/prodotto\/spilla-in-tessuto-boho-teaser-verde\/#primaryimage","url":"https:\/\/nanda.si\/wp-content\/uploads\/2022\/12\/nove-broske-38-scaled.jpg","contentUrl":"https:\/\/nanda.si\/wp-content\/uploads\/2022\/12\/nove-broske-38-scaled.jpg","width":2560,"height":2560,"caption":"qrf"},{"@type":"BreadcrumbList","@id":"https:\/\/nanda.si\/it\/prodotto\/spilla-in-tessuto-boho-teaser-verde\/#breadcrumb","itemListElement":[{"@type":"ListItem","position":1,"name":"Home","item":"https:\/\/nanda.si\/it\/casa\/"},{"@type":"ListItem","position":2,"name":"Negozio","item":"https:\/\/nanda.si\/negozio\/"},{"@type":"ListItem","position":3,"name":"Spilla in tessuto boho Teaser verde"}]},{"@type":"WebSite","@id":"https:\/\/nanda.si\/it\/#website","url":"https:\/\/nanda.si\/it\/","name":"Ines Drole Nanda","description":"Umetelne tekstilne kreacije za edinstven dom in unikatna obla\u010dila.","publisher":{"@id":"https:\/\/nanda.si\/it\/#organization"},"potentialAction":[{"@type":"SearchAction","target":{"@type":"EntryPoint","urlTemplate":"https:\/\/nanda.si\/it\/?s={search_term_string}"},"query-input":{"@type":"PropertyValueSpecification","valueRequired":true,"valueName":"search_term_string"}}],"inLanguage":"it-IT"},{"@type":"Organization","@id":"https:\/\/nanda.si\/it\/#organization","name":"Ines Drole NANDA","url":"https:\/\/nanda.si\/it\/","logo":{"@type":"ImageObject","inLanguage":"it-IT","@id":"https:\/\/nanda.si\/it\/#\/schema\/logo\/image\/","url":"https:\/\/nanda.si\/wp-content\/uploads\/2022\/07\/logoNANDA-oval_Res.jpg","contentUrl":"https:\/\/nanda.si\/wp-content\/uploads\/2022\/07\/logoNANDA-oval_Res.jpg","width":600,"height":600,"caption":"Ines Drole NANDA"},"image":{"@id":"https:\/\/nanda.si\/it\/#\/schema\/logo\/image\/"}}]}},"_links":{"self":[{"href":"https:\/\/nanda.si\/it\/wp-json\/wp\/v2\/product\/6593","targetHints":{"allow":["GET"]}}],"collection":[{"href":"https:\/\/nanda.si\/it\/wp-json\/wp\/v2\/product"}],"about":[{"href":"https:\/\/nanda.si\/it\/wp-json\/wp\/v2\/types\/product"}],"replies":[{"embeddable":true,"href":"https:\/\/nanda.si\/it\/wp-json\/wp\/v2\/comments?post=6593"}],"wp:featuredmedia":[{"embeddable":true,"href":"https:\/\/nanda.si\/it\/wp-json\/wp\/v2\/media\/6594"}],"wp:attachment":[{"href":"https:\/\/nanda.si\/it\/wp-json\/wp\/v2\/media?parent=6593"}],"wp:term":[{"taxonomy":"product_brand","embeddable":true,"href":"https:\/\/nanda.si\/it\/wp-json\/wp\/v2\/product_brand?post=6593"},{"taxonomy":"product_cat","embeddable":true,"href":"https:\/\/nanda.si\/it\/wp-json\/wp\/v2\/product_cat?post=6593"},{"taxonomy":"product_tag","embeddable":true,"href":"https:\/\/nanda.si\/it\/wp-json\/wp\/v2\/product_tag?post=6593"}],"curies":[{"name":"wp","href":"https:\/\/api.w.org\/{rel}","templated":true}]}}