{"id":6540,"date":"2023-03-03T15:37:41","date_gmt":"2023-03-03T15:37:41","guid":{"rendered":"https:\/\/nanda.si\/product\/spilla-romantica-in-tessuto-oro-rosa\/"},"modified":"2023-03-03T15:37:41","modified_gmt":"2023-03-03T15:37:41","slug":"spilla-romantica-in-tessuto-oro-rosa","status":"publish","type":"product","link":"https:\/\/nanda.si\/it\/prodotto\/spilla-romantica-in-tessuto-oro-rosa\/","title":{"rendered":"Spilla romantica in tessuto oro rosa"},"content":{"rendered":"<p>Questa spilla tessile unica \u00e8 un gioiello di design fatto a mano per le donne che sono legate alla natura. Questo accessorio di moda unico enfatizza la femminilit\u00e0 e crea l \u201catmosfera. L\u201d accostamento di materiali diversi permette di ottenere una bellezza unica. \u00c8 adatta sia per le occasioni quotidiane che per gli eventi festivi, poich\u00e9 il design armonioso cattura l \u201cattenzione. Questa deliziosa spilla \u00e8 l\u201d accessorio di moda perfetto per un outfit romantico, ma si abbina perfettamente anche a uno stile di abbigliamento minimalista. Pu\u00f2 essere indossata in diversi modi, \u00e8 bellissima su uno sfondo monocromatico e pu\u00f2 anche essere attaccata a una borsa o a un cerchietto.     <\/p>\n<p>E il giorno sar\u00e0 in fiore.<\/p>\n","protected":false},"excerpt":{"rendered":"<h5>I gioielli artistici di design in tessuto sono un accessorio di moda innovativo e unico che completa delicatamente il tuo abbigliamento quotidiano e crea l&#8217;atmosfera giusta. Il fiore \u00e8 realizzato in oro rosa, armoniosamente completato da petali astratti in <span style=\"font-size: 1.125rem;\">organza traslucida blu scuro e da delicate piume dello stesso colore.<\/span> La spilla \u00e8 inoltre decorata con piccole perline bijou.  <\/h5>\n<h5>Questa spilla alla moda in oro rosa \u00e8 adatta sia per le occasioni quotidiane che per gli eventi festivi. Il sofisticato design in filigrana affascina per la sua apparente fragilit\u00e0 e grazia. Questo delizioso gioiello render\u00e0 felice chi \u00e8 di umore romantico e illuminer\u00e0 sicuramente anche l&#8217;outfit pi\u00f9 minimalista.  <\/h5>\n<p>\u00c8 lunga circa 12 cm e larga 5 cm, comprese le strisce di petali.<\/p>\n","protected":false},"featured_media":6541,"comment_status":"open","ping_status":"closed","template":"","meta":[],"product_brand":[],"product_cat":[288],"product_tag":[],"class_list":{"0":"post-6540","1":"product","2":"type-product","3":"status-publish","4":"has-post-thumbnail","6":"product_cat-accessori-moda","8":"first","9":"instock","10":"shipping-taxable","11":"purchasable","12":"product-type-simple"},"yoast_head":"<!-- This site is optimized with the Yoast SEO plugin v27.2 - https:\/\/yoast.com\/product\/yoast-seo-wordpress\/ -->\n<title>Spilla romantica in tessuto oro rosa | Ines Drole Nanda<\/title>\n<meta name=\"description\" content=\"La spilla boho alla moda in tessuto oro rosa \u00e8 adatta sia per le occasioni quotidiane che per gli eventi festivi. Un design sofisticato in filigrana che ti affasciner\u00e0.\" \/>\n<meta name=\"robots\" content=\"index, follow, max-snippet:-1, max-image-preview:large, max-video-preview:-1\" \/>\n<link rel=\"canonical\" href=\"https:\/\/nanda.si\/it\/prodotto\/spilla-romantica-in-tessuto-oro-rosa\/\" \/>\n<meta property=\"og:locale\" content=\"it_IT\" \/>\n<meta property=\"og:type\" content=\"article\" \/>\n<meta property=\"og:title\" content=\"Spilla romantica in tessuto oro rosa | Ines Drole Nanda\" \/>\n<meta property=\"og:description\" content=\"La spilla boho alla moda in tessuto oro rosa \u00e8 adatta sia per le occasioni quotidiane che per gli eventi festivi. Un design sofisticato in filigrana che ti affasciner\u00e0.\" \/>\n<meta property=\"og:url\" content=\"https:\/\/nanda.si\/it\/prodotto\/spilla-romantica-in-tessuto-oro-rosa\/\" \/>\n<meta property=\"og:site_name\" content=\"Ines Drole Nanda\" \/>\n<meta property=\"og:image\" content=\"https:\/\/nanda.si\/wp-content\/uploads\/2023\/03\/Broska-Boho-glam-1.jpg\" \/>\n\t<meta property=\"og:image:width\" content=\"709\" \/>\n\t<meta property=\"og:image:height\" content=\"709\" \/>\n\t<meta property=\"og:image:type\" content=\"image\/jpeg\" \/>\n<meta name=\"twitter:card\" content=\"summary_large_image\" \/>\n<meta name=\"twitter:label1\" content=\"Tempo di lettura stimato\" \/>\n\t<meta name=\"twitter:data1\" content=\"1 minuto\" \/>\n<script type=\"application\/ld+json\" class=\"yoast-schema-graph\">{\"@context\":\"https:\/\/schema.org\",\"@graph\":[{\"@type\":\"WebPage\",\"@id\":\"https:\/\/nanda.si\/it\/prodotto\/spilla-romantica-in-tessuto-oro-rosa\/\",\"url\":\"https:\/\/nanda.si\/it\/prodotto\/spilla-romantica-in-tessuto-oro-rosa\/\",\"name\":\"Spilla romantica in tessuto oro rosa | Ines Drole Nanda\",\"isPartOf\":{\"@id\":\"https:\/\/nanda.si\/it\/#website\"},\"primaryImageOfPage\":{\"@id\":\"https:\/\/nanda.si\/it\/prodotto\/spilla-romantica-in-tessuto-oro-rosa\/#primaryimage\"},\"image\":{\"@id\":\"https:\/\/nanda.si\/it\/prodotto\/spilla-romantica-in-tessuto-oro-rosa\/#primaryimage\"},\"thumbnailUrl\":\"https:\/\/nanda.si\/wp-content\/uploads\/2023\/03\/Broska-Boho-glam-1.jpg\",\"datePublished\":\"2023-03-03T15:37:41+00:00\",\"description\":\"La spilla boho alla moda in tessuto oro rosa \u00e8 adatta sia per le occasioni quotidiane che per gli eventi festivi. Un design sofisticato in filigrana che ti affasciner\u00e0.\",\"breadcrumb\":{\"@id\":\"https:\/\/nanda.si\/it\/prodotto\/spilla-romantica-in-tessuto-oro-rosa\/#breadcrumb\"},\"inLanguage\":\"it-IT\",\"potentialAction\":[{\"@type\":\"ReadAction\",\"target\":[\"https:\/\/nanda.si\/it\/prodotto\/spilla-romantica-in-tessuto-oro-rosa\/\"]}]},{\"@type\":\"ImageObject\",\"inLanguage\":\"it-IT\",\"@id\":\"https:\/\/nanda.si\/it\/prodotto\/spilla-romantica-in-tessuto-oro-rosa\/#primaryimage\",\"url\":\"https:\/\/nanda.si\/wp-content\/uploads\/2023\/03\/Broska-Boho-glam-1.jpg\",\"contentUrl\":\"https:\/\/nanda.si\/wp-content\/uploads\/2023\/03\/Broska-Boho-glam-1.jpg\",\"width\":709,\"height\":709,\"caption\":\"bro\u0161ka-modni nakit iz tekstila-ro\u017enato zlato\"},{\"@type\":\"BreadcrumbList\",\"@id\":\"https:\/\/nanda.si\/it\/prodotto\/spilla-romantica-in-tessuto-oro-rosa\/#breadcrumb\",\"itemListElement\":[{\"@type\":\"ListItem\",\"position\":1,\"name\":\"Home\",\"item\":\"https:\/\/nanda.si\/it\/casa\/\"},{\"@type\":\"ListItem\",\"position\":2,\"name\":\"Negozio\",\"item\":\"https:\/\/nanda.si\/negozio\/\"},{\"@type\":\"ListItem\",\"position\":3,\"name\":\"Spilla romantica in tessuto oro rosa\"}]},{\"@type\":\"WebSite\",\"@id\":\"https:\/\/nanda.si\/it\/#website\",\"url\":\"https:\/\/nanda.si\/it\/\",\"name\":\"Ines Drole Nanda\",\"description\":\"Umetelne tekstilne kreacije za edinstven dom in unikatna obla\u010dila.\",\"publisher\":{\"@id\":\"https:\/\/nanda.si\/it\/#organization\"},\"potentialAction\":[{\"@type\":\"SearchAction\",\"target\":{\"@type\":\"EntryPoint\",\"urlTemplate\":\"https:\/\/nanda.si\/it\/?s={search_term_string}\"},\"query-input\":{\"@type\":\"PropertyValueSpecification\",\"valueRequired\":true,\"valueName\":\"search_term_string\"}}],\"inLanguage\":\"it-IT\"},{\"@type\":\"Organization\",\"@id\":\"https:\/\/nanda.si\/it\/#organization\",\"name\":\"Ines Drole NANDA\",\"url\":\"https:\/\/nanda.si\/it\/\",\"logo\":{\"@type\":\"ImageObject\",\"inLanguage\":\"it-IT\",\"@id\":\"https:\/\/nanda.si\/it\/#\/schema\/logo\/image\/\",\"url\":\"https:\/\/nanda.si\/wp-content\/uploads\/2022\/07\/logoNANDA-oval_Res.jpg\",\"contentUrl\":\"https:\/\/nanda.si\/wp-content\/uploads\/2022\/07\/logoNANDA-oval_Res.jpg\",\"width\":600,\"height\":600,\"caption\":\"Ines Drole NANDA\"},\"image\":{\"@id\":\"https:\/\/nanda.si\/it\/#\/schema\/logo\/image\/\"}}]}<\/script>\n<!-- \/ Yoast SEO plugin. -->","yoast_head_json":{"title":"Spilla romantica in tessuto oro rosa | Ines Drole Nanda","description":"La spilla boho alla moda in tessuto oro rosa \u00e8 adatta sia per le occasioni quotidiane che per gli eventi festivi. Un design sofisticato in filigrana che ti affasciner\u00e0.","robots":{"index":"index","follow":"follow","max-snippet":"max-snippet:-1","max-image-preview":"max-image-preview:large","max-video-preview":"max-video-preview:-1"},"canonical":"https:\/\/nanda.si\/it\/prodotto\/spilla-romantica-in-tessuto-oro-rosa\/","og_locale":"it_IT","og_type":"article","og_title":"Spilla romantica in tessuto oro rosa | Ines Drole Nanda","og_description":"La spilla boho alla moda in tessuto oro rosa \u00e8 adatta sia per le occasioni quotidiane che per gli eventi festivi. Un design sofisticato in filigrana che ti affasciner\u00e0.","og_url":"https:\/\/nanda.si\/it\/prodotto\/spilla-romantica-in-tessuto-oro-rosa\/","og_site_name":"Ines Drole Nanda","og_image":[{"width":709,"height":709,"url":"https:\/\/nanda.si\/wp-content\/uploads\/2023\/03\/Broska-Boho-glam-1.jpg","type":"image\/jpeg"}],"twitter_card":"summary_large_image","twitter_misc":{"Tempo di lettura stimato":"1 minuto"},"schema":{"@context":"https:\/\/schema.org","@graph":[{"@type":"WebPage","@id":"https:\/\/nanda.si\/it\/prodotto\/spilla-romantica-in-tessuto-oro-rosa\/","url":"https:\/\/nanda.si\/it\/prodotto\/spilla-romantica-in-tessuto-oro-rosa\/","name":"Spilla romantica in tessuto oro rosa | Ines Drole Nanda","isPartOf":{"@id":"https:\/\/nanda.si\/it\/#website"},"primaryImageOfPage":{"@id":"https:\/\/nanda.si\/it\/prodotto\/spilla-romantica-in-tessuto-oro-rosa\/#primaryimage"},"image":{"@id":"https:\/\/nanda.si\/it\/prodotto\/spilla-romantica-in-tessuto-oro-rosa\/#primaryimage"},"thumbnailUrl":"https:\/\/nanda.si\/wp-content\/uploads\/2023\/03\/Broska-Boho-glam-1.jpg","datePublished":"2023-03-03T15:37:41+00:00","description":"La spilla boho alla moda in tessuto oro rosa \u00e8 adatta sia per le occasioni quotidiane che per gli eventi festivi. Un design sofisticato in filigrana che ti affasciner\u00e0.","breadcrumb":{"@id":"https:\/\/nanda.si\/it\/prodotto\/spilla-romantica-in-tessuto-oro-rosa\/#breadcrumb"},"inLanguage":"it-IT","potentialAction":[{"@type":"ReadAction","target":["https:\/\/nanda.si\/it\/prodotto\/spilla-romantica-in-tessuto-oro-rosa\/"]}]},{"@type":"ImageObject","inLanguage":"it-IT","@id":"https:\/\/nanda.si\/it\/prodotto\/spilla-romantica-in-tessuto-oro-rosa\/#primaryimage","url":"https:\/\/nanda.si\/wp-content\/uploads\/2023\/03\/Broska-Boho-glam-1.jpg","contentUrl":"https:\/\/nanda.si\/wp-content\/uploads\/2023\/03\/Broska-Boho-glam-1.jpg","width":709,"height":709,"caption":"bro\u0161ka-modni nakit iz tekstila-ro\u017enato zlato"},{"@type":"BreadcrumbList","@id":"https:\/\/nanda.si\/it\/prodotto\/spilla-romantica-in-tessuto-oro-rosa\/#breadcrumb","itemListElement":[{"@type":"ListItem","position":1,"name":"Home","item":"https:\/\/nanda.si\/it\/casa\/"},{"@type":"ListItem","position":2,"name":"Negozio","item":"https:\/\/nanda.si\/negozio\/"},{"@type":"ListItem","position":3,"name":"Spilla romantica in tessuto oro rosa"}]},{"@type":"WebSite","@id":"https:\/\/nanda.si\/it\/#website","url":"https:\/\/nanda.si\/it\/","name":"Ines Drole Nanda","description":"Umetelne tekstilne kreacije za edinstven dom in unikatna obla\u010dila.","publisher":{"@id":"https:\/\/nanda.si\/it\/#organization"},"potentialAction":[{"@type":"SearchAction","target":{"@type":"EntryPoint","urlTemplate":"https:\/\/nanda.si\/it\/?s={search_term_string}"},"query-input":{"@type":"PropertyValueSpecification","valueRequired":true,"valueName":"search_term_string"}}],"inLanguage":"it-IT"},{"@type":"Organization","@id":"https:\/\/nanda.si\/it\/#organization","name":"Ines Drole NANDA","url":"https:\/\/nanda.si\/it\/","logo":{"@type":"ImageObject","inLanguage":"it-IT","@id":"https:\/\/nanda.si\/it\/#\/schema\/logo\/image\/","url":"https:\/\/nanda.si\/wp-content\/uploads\/2022\/07\/logoNANDA-oval_Res.jpg","contentUrl":"https:\/\/nanda.si\/wp-content\/uploads\/2022\/07\/logoNANDA-oval_Res.jpg","width":600,"height":600,"caption":"Ines Drole NANDA"},"image":{"@id":"https:\/\/nanda.si\/it\/#\/schema\/logo\/image\/"}}]}},"_links":{"self":[{"href":"https:\/\/nanda.si\/it\/wp-json\/wp\/v2\/product\/6540","targetHints":{"allow":["GET"]}}],"collection":[{"href":"https:\/\/nanda.si\/it\/wp-json\/wp\/v2\/product"}],"about":[{"href":"https:\/\/nanda.si\/it\/wp-json\/wp\/v2\/types\/product"}],"replies":[{"embeddable":true,"href":"https:\/\/nanda.si\/it\/wp-json\/wp\/v2\/comments?post=6540"}],"wp:featuredmedia":[{"embeddable":true,"href":"https:\/\/nanda.si\/it\/wp-json\/wp\/v2\/media\/6541"}],"wp:attachment":[{"href":"https:\/\/nanda.si\/it\/wp-json\/wp\/v2\/media?parent=6540"}],"wp:term":[{"taxonomy":"product_brand","embeddable":true,"href":"https:\/\/nanda.si\/it\/wp-json\/wp\/v2\/product_brand?post=6540"},{"taxonomy":"product_cat","embeddable":true,"href":"https:\/\/nanda.si\/it\/wp-json\/wp\/v2\/product_cat?post=6540"},{"taxonomy":"product_tag","embeddable":true,"href":"https:\/\/nanda.si\/it\/wp-json\/wp\/v2\/product_tag?post=6540"}],"curies":[{"name":"wp","href":"https:\/\/api.w.org\/{rel}","templated":true}]}}