{"id":6534,"date":"2023-03-24T08:58:04","date_gmt":"2023-03-24T08:58:04","guid":{"rendered":"https:\/\/nanda.si\/product\/sciarpa-di-moda-in-velo-di-viscosa-beige-leggero\/"},"modified":"2023-03-24T08:58:04","modified_gmt":"2023-03-24T08:58:04","slug":"sciarpa-di-moda-in-velo-di-viscosa-beige-leggero","status":"publish","type":"product","link":"https:\/\/nanda.si\/it\/prodotto\/sciarpa-di-moda-in-velo-di-viscosa-beige-leggero\/","title":{"rendered":"Sciarpa di moda in velo di viscosa beige Leggero"},"content":{"rendered":"<h5>Questa sciarpa in velo di viscosa beige con stampa di fiori astratti blu scuro \u00e8 realizzata in fibre naturali. La stampa floreale e la parziale trasparenza del materiale sono un&#8217;aggiunta primaverile al tuo stile. Questo accessorio di moda aggiunge eleganza e femminilit\u00e0 e pu\u00f2 essere utilizzato per diversi scopi. Pu\u00f2 essere appeso sulle spalle o annodato intorno al collo. Pu\u00f2 anche essere legato sulla testa in molti modi o addirittura avvolto intorno alla vita come accessorio decorativo. \u00c8 lunga 140 cm e larga 50 cm. Pu\u00f2 essere lavata e stirata fino a 40\u00b0 C.      <\/h5>\n","protected":false},"excerpt":{"rendered":"<h5>Il foulard \u00e8 un piccolo accessorio di moda che ha un grande impatto sull&#8217;immagine complessiva, poich\u00e9 dice molto sul carattere della persona che lo indossa. Viene legato in vari modi sulla testa, intorno al collo, alla vita, ai polsi e persino alle caviglie. Oltre a creare stile, ci protegge dal freddo, dalla polvere, dal vento e dal caldo. Se \u00e8 abbastanza grande, pu\u00f2 essere usato anche come mantello, come coperta leggera o come sari da annodare.   <\/h5>\n","protected":false},"featured_media":6535,"comment_status":"open","ping_status":"closed","template":"","meta":[],"product_brand":[],"product_cat":[288],"product_tag":[],"class_list":{"0":"post-6534","1":"product","2":"type-product","3":"status-publish","4":"has-post-thumbnail","6":"product_cat-accessori-moda","8":"first","9":"instock","10":"shipping-taxable","11":"purchasable","12":"product-type-simple"},"yoast_head":"<!-- This site is optimized with the Yoast SEO plugin v27.2 - https:\/\/yoast.com\/product\/yoast-seo-wordpress\/ -->\n<title>Sciarpa di moda in velo di viscosa beige Leggero | Ines Drole Nanda<\/title>\n<meta name=\"description\" content=\"Il foulard in viscosa beige Light completa il tuo stile con eleganza e aggiunge un tocco di femminilit\u00e0. Pu\u00f2 essere annodato in diversi modi.\" \/>\n<meta name=\"robots\" content=\"index, follow, max-snippet:-1, max-image-preview:large, max-video-preview:-1\" \/>\n<link rel=\"canonical\" href=\"https:\/\/nanda.si\/it\/prodotto\/sciarpa-di-moda-in-velo-di-viscosa-beige-leggero\/\" \/>\n<meta property=\"og:locale\" content=\"it_IT\" \/>\n<meta property=\"og:type\" content=\"article\" \/>\n<meta property=\"og:title\" content=\"Sciarpa di moda in velo di viscosa beige Leggero | Ines Drole Nanda\" \/>\n<meta property=\"og:description\" content=\"Il foulard in viscosa beige Light completa il tuo stile con eleganza e aggiunge un tocco di femminilit\u00e0. Pu\u00f2 essere annodato in diversi modi.\" \/>\n<meta property=\"og:url\" content=\"https:\/\/nanda.si\/it\/prodotto\/sciarpa-di-moda-in-velo-di-viscosa-beige-leggero\/\" \/>\n<meta property=\"og:site_name\" content=\"Ines Drole Nanda\" \/>\n<meta property=\"og:image\" content=\"https:\/\/nanda.si\/wp-content\/uploads\/2023\/03\/modna-viskozna-ruta-Lahkotna-r.jpg\" \/>\n\t<meta property=\"og:image:width\" content=\"743\" \/>\n\t<meta property=\"og:image:height\" content=\"1016\" \/>\n\t<meta property=\"og:image:type\" content=\"image\/jpeg\" \/>\n<meta name=\"twitter:card\" content=\"summary_large_image\" \/>\n<script type=\"application\/ld+json\" class=\"yoast-schema-graph\">{\"@context\":\"https:\/\/schema.org\",\"@graph\":[{\"@type\":\"WebPage\",\"@id\":\"https:\/\/nanda.si\/it\/prodotto\/sciarpa-di-moda-in-velo-di-viscosa-beige-leggero\/\",\"url\":\"https:\/\/nanda.si\/it\/prodotto\/sciarpa-di-moda-in-velo-di-viscosa-beige-leggero\/\",\"name\":\"Sciarpa di moda in velo di viscosa beige Leggero | Ines Drole Nanda\",\"isPartOf\":{\"@id\":\"https:\/\/nanda.si\/it\/#website\"},\"primaryImageOfPage\":{\"@id\":\"https:\/\/nanda.si\/it\/prodotto\/sciarpa-di-moda-in-velo-di-viscosa-beige-leggero\/#primaryimage\"},\"image\":{\"@id\":\"https:\/\/nanda.si\/it\/prodotto\/sciarpa-di-moda-in-velo-di-viscosa-beige-leggero\/#primaryimage\"},\"thumbnailUrl\":\"https:\/\/nanda.si\/wp-content\/uploads\/2023\/03\/modna-viskozna-ruta-Lahkotna-r.jpg\",\"datePublished\":\"2023-03-24T08:58:04+00:00\",\"description\":\"Il foulard in viscosa beige Light completa il tuo stile con eleganza e aggiunge un tocco di femminilit\u00e0. Pu\u00f2 essere annodato in diversi modi.\",\"breadcrumb\":{\"@id\":\"https:\/\/nanda.si\/it\/prodotto\/sciarpa-di-moda-in-velo-di-viscosa-beige-leggero\/#breadcrumb\"},\"inLanguage\":\"it-IT\",\"potentialAction\":[{\"@type\":\"ReadAction\",\"target\":[\"https:\/\/nanda.si\/it\/prodotto\/sciarpa-di-moda-in-velo-di-viscosa-beige-leggero\/\"]}]},{\"@type\":\"ImageObject\",\"inLanguage\":\"it-IT\",\"@id\":\"https:\/\/nanda.si\/it\/prodotto\/sciarpa-di-moda-in-velo-di-viscosa-beige-leggero\/#primaryimage\",\"url\":\"https:\/\/nanda.si\/wp-content\/uploads\/2023\/03\/modna-viskozna-ruta-Lahkotna-r.jpg\",\"contentUrl\":\"https:\/\/nanda.si\/wp-content\/uploads\/2023\/03\/modna-viskozna-ruta-Lahkotna-r.jpg\",\"width\":743,\"height\":1016,\"caption\":\"hdrpl\"},{\"@type\":\"BreadcrumbList\",\"@id\":\"https:\/\/nanda.si\/it\/prodotto\/sciarpa-di-moda-in-velo-di-viscosa-beige-leggero\/#breadcrumb\",\"itemListElement\":[{\"@type\":\"ListItem\",\"position\":1,\"name\":\"Home\",\"item\":\"https:\/\/nanda.si\/it\/casa\/\"},{\"@type\":\"ListItem\",\"position\":2,\"name\":\"Negozio\",\"item\":\"https:\/\/nanda.si\/negozio\/\"},{\"@type\":\"ListItem\",\"position\":3,\"name\":\"Sciarpa di moda in velo di viscosa beige Leggero\"}]},{\"@type\":\"WebSite\",\"@id\":\"https:\/\/nanda.si\/it\/#website\",\"url\":\"https:\/\/nanda.si\/it\/\",\"name\":\"Ines Drole Nanda\",\"description\":\"Umetelne tekstilne kreacije za edinstven dom in unikatna obla\u010dila.\",\"publisher\":{\"@id\":\"https:\/\/nanda.si\/it\/#organization\"},\"potentialAction\":[{\"@type\":\"SearchAction\",\"target\":{\"@type\":\"EntryPoint\",\"urlTemplate\":\"https:\/\/nanda.si\/it\/?s={search_term_string}\"},\"query-input\":{\"@type\":\"PropertyValueSpecification\",\"valueRequired\":true,\"valueName\":\"search_term_string\"}}],\"inLanguage\":\"it-IT\"},{\"@type\":\"Organization\",\"@id\":\"https:\/\/nanda.si\/it\/#organization\",\"name\":\"Ines Drole NANDA\",\"url\":\"https:\/\/nanda.si\/it\/\",\"logo\":{\"@type\":\"ImageObject\",\"inLanguage\":\"it-IT\",\"@id\":\"https:\/\/nanda.si\/it\/#\/schema\/logo\/image\/\",\"url\":\"https:\/\/nanda.si\/wp-content\/uploads\/2022\/07\/logoNANDA-oval_Res.jpg\",\"contentUrl\":\"https:\/\/nanda.si\/wp-content\/uploads\/2022\/07\/logoNANDA-oval_Res.jpg\",\"width\":600,\"height\":600,\"caption\":\"Ines Drole NANDA\"},\"image\":{\"@id\":\"https:\/\/nanda.si\/it\/#\/schema\/logo\/image\/\"}}]}<\/script>\n<!-- \/ Yoast SEO plugin. -->","yoast_head_json":{"title":"Sciarpa di moda in velo di viscosa beige Leggero | Ines Drole Nanda","description":"Il foulard in viscosa beige Light completa il tuo stile con eleganza e aggiunge un tocco di femminilit\u00e0. Pu\u00f2 essere annodato in diversi modi.","robots":{"index":"index","follow":"follow","max-snippet":"max-snippet:-1","max-image-preview":"max-image-preview:large","max-video-preview":"max-video-preview:-1"},"canonical":"https:\/\/nanda.si\/it\/prodotto\/sciarpa-di-moda-in-velo-di-viscosa-beige-leggero\/","og_locale":"it_IT","og_type":"article","og_title":"Sciarpa di moda in velo di viscosa beige Leggero | Ines Drole Nanda","og_description":"Il foulard in viscosa beige Light completa il tuo stile con eleganza e aggiunge un tocco di femminilit\u00e0. Pu\u00f2 essere annodato in diversi modi.","og_url":"https:\/\/nanda.si\/it\/prodotto\/sciarpa-di-moda-in-velo-di-viscosa-beige-leggero\/","og_site_name":"Ines Drole Nanda","og_image":[{"width":743,"height":1016,"url":"https:\/\/nanda.si\/wp-content\/uploads\/2023\/03\/modna-viskozna-ruta-Lahkotna-r.jpg","type":"image\/jpeg"}],"twitter_card":"summary_large_image","schema":{"@context":"https:\/\/schema.org","@graph":[{"@type":"WebPage","@id":"https:\/\/nanda.si\/it\/prodotto\/sciarpa-di-moda-in-velo-di-viscosa-beige-leggero\/","url":"https:\/\/nanda.si\/it\/prodotto\/sciarpa-di-moda-in-velo-di-viscosa-beige-leggero\/","name":"Sciarpa di moda in velo di viscosa beige Leggero | Ines Drole Nanda","isPartOf":{"@id":"https:\/\/nanda.si\/it\/#website"},"primaryImageOfPage":{"@id":"https:\/\/nanda.si\/it\/prodotto\/sciarpa-di-moda-in-velo-di-viscosa-beige-leggero\/#primaryimage"},"image":{"@id":"https:\/\/nanda.si\/it\/prodotto\/sciarpa-di-moda-in-velo-di-viscosa-beige-leggero\/#primaryimage"},"thumbnailUrl":"https:\/\/nanda.si\/wp-content\/uploads\/2023\/03\/modna-viskozna-ruta-Lahkotna-r.jpg","datePublished":"2023-03-24T08:58:04+00:00","description":"Il foulard in viscosa beige Light completa il tuo stile con eleganza e aggiunge un tocco di femminilit\u00e0. Pu\u00f2 essere annodato in diversi modi.","breadcrumb":{"@id":"https:\/\/nanda.si\/it\/prodotto\/sciarpa-di-moda-in-velo-di-viscosa-beige-leggero\/#breadcrumb"},"inLanguage":"it-IT","potentialAction":[{"@type":"ReadAction","target":["https:\/\/nanda.si\/it\/prodotto\/sciarpa-di-moda-in-velo-di-viscosa-beige-leggero\/"]}]},{"@type":"ImageObject","inLanguage":"it-IT","@id":"https:\/\/nanda.si\/it\/prodotto\/sciarpa-di-moda-in-velo-di-viscosa-beige-leggero\/#primaryimage","url":"https:\/\/nanda.si\/wp-content\/uploads\/2023\/03\/modna-viskozna-ruta-Lahkotna-r.jpg","contentUrl":"https:\/\/nanda.si\/wp-content\/uploads\/2023\/03\/modna-viskozna-ruta-Lahkotna-r.jpg","width":743,"height":1016,"caption":"hdrpl"},{"@type":"BreadcrumbList","@id":"https:\/\/nanda.si\/it\/prodotto\/sciarpa-di-moda-in-velo-di-viscosa-beige-leggero\/#breadcrumb","itemListElement":[{"@type":"ListItem","position":1,"name":"Home","item":"https:\/\/nanda.si\/it\/casa\/"},{"@type":"ListItem","position":2,"name":"Negozio","item":"https:\/\/nanda.si\/negozio\/"},{"@type":"ListItem","position":3,"name":"Sciarpa di moda in velo di viscosa beige Leggero"}]},{"@type":"WebSite","@id":"https:\/\/nanda.si\/it\/#website","url":"https:\/\/nanda.si\/it\/","name":"Ines Drole Nanda","description":"Umetelne tekstilne kreacije za edinstven dom in unikatna obla\u010dila.","publisher":{"@id":"https:\/\/nanda.si\/it\/#organization"},"potentialAction":[{"@type":"SearchAction","target":{"@type":"EntryPoint","urlTemplate":"https:\/\/nanda.si\/it\/?s={search_term_string}"},"query-input":{"@type":"PropertyValueSpecification","valueRequired":true,"valueName":"search_term_string"}}],"inLanguage":"it-IT"},{"@type":"Organization","@id":"https:\/\/nanda.si\/it\/#organization","name":"Ines Drole NANDA","url":"https:\/\/nanda.si\/it\/","logo":{"@type":"ImageObject","inLanguage":"it-IT","@id":"https:\/\/nanda.si\/it\/#\/schema\/logo\/image\/","url":"https:\/\/nanda.si\/wp-content\/uploads\/2022\/07\/logoNANDA-oval_Res.jpg","contentUrl":"https:\/\/nanda.si\/wp-content\/uploads\/2022\/07\/logoNANDA-oval_Res.jpg","width":600,"height":600,"caption":"Ines Drole NANDA"},"image":{"@id":"https:\/\/nanda.si\/it\/#\/schema\/logo\/image\/"}}]}},"_links":{"self":[{"href":"https:\/\/nanda.si\/it\/wp-json\/wp\/v2\/product\/6534","targetHints":{"allow":["GET"]}}],"collection":[{"href":"https:\/\/nanda.si\/it\/wp-json\/wp\/v2\/product"}],"about":[{"href":"https:\/\/nanda.si\/it\/wp-json\/wp\/v2\/types\/product"}],"replies":[{"embeddable":true,"href":"https:\/\/nanda.si\/it\/wp-json\/wp\/v2\/comments?post=6534"}],"wp:featuredmedia":[{"embeddable":true,"href":"https:\/\/nanda.si\/it\/wp-json\/wp\/v2\/media\/6535"}],"wp:attachment":[{"href":"https:\/\/nanda.si\/it\/wp-json\/wp\/v2\/media?parent=6534"}],"wp:term":[{"taxonomy":"product_brand","embeddable":true,"href":"https:\/\/nanda.si\/it\/wp-json\/wp\/v2\/product_brand?post=6534"},{"taxonomy":"product_cat","embeddable":true,"href":"https:\/\/nanda.si\/it\/wp-json\/wp\/v2\/product_cat?post=6534"},{"taxonomy":"product_tag","embeddable":true,"href":"https:\/\/nanda.si\/it\/wp-json\/wp\/v2\/product_tag?post=6534"}],"curies":[{"name":"wp","href":"https:\/\/api.w.org\/{rel}","templated":true}]}}