{"id":6479,"date":"2023-06-21T13:47:43","date_gmt":"2023-06-21T13:47:43","guid":{"rendered":"https:\/\/nanda.si\/product\/maglietta-nera-elegante-con-nastro-masna\/"},"modified":"2023-06-21T13:47:43","modified_gmt":"2023-06-21T13:47:43","slug":"maglietta-nera-elegante-con-nastro-masna","status":"publish","type":"product","link":"https:\/\/nanda.si\/it\/prodotto\/maglietta-nera-elegante-con-nastro-masna\/","title":{"rendered":"Maglietta nera elegante con nastro Ma\u0161na"},"content":{"rendered":"<p>L \u201celegante T-shirt Mashna nera con fiocco accentua la sofisticata femminilit\u00e0. \u00c8 realizzata in comodo jersey di cotone di qualit\u00e0. \u00c8 tagliata con linee pulite e presenta una manica a cappuccio con volant e una parte anteriore leggermente arricciata. Il colletto \u00e8 ornato da un nastro che si lega a fiocco. Il nastro del fiocco \u00e8 in seta, di colore verde-oro e con una certa lucentezza. Lavabile in lavatrice fino a 40 gradi Celsius e stirato all\u201d interno.     <\/p>\n<h5>Disponibile in XS, S, M, L.<\/h5>\n","protected":false},"excerpt":{"rendered":"<h5>I capi unici di NANDA per tutti i giorni creano un look e creano uno stato d&#8217;animo di gioia. Si tratta di abiti dal design originale, realizzati con materiali di qualit\u00e0 che offrono comfort e fascino estetico.<\/h5>\n<h5>Storie di tessuti.<\/h5>\n<h5><\/h5>\n<p>&nbsp;<\/p>\n","protected":false},"featured_media":6480,"comment_status":"open","ping_status":"closed","template":"","meta":[],"product_brand":[],"product_cat":[286,283],"product_tag":[],"class_list":{"0":"post-6479","1":"product","2":"type-product","3":"status-publish","4":"has-post-thumbnail","6":"product_cat-abbigliamento-e-accessori-unici","7":"product_cat-abbigliamento-originale","9":"first","10":"instock","11":"shipping-taxable","12":"purchasable","13":"product-type-variable"},"yoast_head":"<!-- This site is optimized with the Yoast SEO plugin v27.2 - https:\/\/yoast.com\/product\/yoast-seo-wordpress\/ -->\n<title>Maglietta nera elegante con nastro Ma\u0161na | Ines Drole Nanda<\/title>\n<meta name=\"description\" content=\"L&#039;elegante T-shirt Mashna nera con fiocco accentua la sofisticata femminilit\u00e0. \u00c8 realizzata in materiale naturale di alta qualit\u00e0 e offre comfort per tutto il giorno.\" \/>\n<meta name=\"robots\" content=\"index, follow, max-snippet:-1, max-image-preview:large, max-video-preview:-1\" \/>\n<link rel=\"canonical\" href=\"https:\/\/nanda.si\/it\/prodotto\/maglietta-nera-elegante-con-nastro-masna\/\" \/>\n<meta property=\"og:locale\" content=\"it_IT\" \/>\n<meta property=\"og:type\" content=\"article\" \/>\n<meta property=\"og:title\" content=\"Maglietta nera elegante con nastro Ma\u0161na | Ines Drole Nanda\" \/>\n<meta property=\"og:description\" content=\"L&#039;elegante T-shirt Mashna nera con fiocco accentua la sofisticata femminilit\u00e0. \u00c8 realizzata in materiale naturale di alta qualit\u00e0 e offre comfort per tutto il giorno.\" \/>\n<meta property=\"og:url\" content=\"https:\/\/nanda.si\/it\/prodotto\/maglietta-nera-elegante-con-nastro-masna\/\" \/>\n<meta property=\"og:site_name\" content=\"Ines Drole Nanda\" \/>\n<meta property=\"og:image\" content=\"https:\/\/nanda.si\/wp-content\/uploads\/2023\/06\/crna-majica-s-pentljo-Masna-front-r-.jpg\" \/>\n\t<meta property=\"og:image:width\" content=\"585\" \/>\n\t<meta property=\"og:image:height\" content=\"601\" \/>\n\t<meta property=\"og:image:type\" content=\"image\/jpeg\" \/>\n<meta name=\"twitter:card\" content=\"summary_large_image\" \/>\n<script type=\"application\/ld+json\" class=\"yoast-schema-graph\">{\"@context\":\"https:\/\/schema.org\",\"@graph\":[{\"@type\":\"WebPage\",\"@id\":\"https:\/\/nanda.si\/it\/prodotto\/maglietta-nera-elegante-con-nastro-masna\/\",\"url\":\"https:\/\/nanda.si\/it\/prodotto\/maglietta-nera-elegante-con-nastro-masna\/\",\"name\":\"Maglietta nera elegante con nastro Ma\u0161na | Ines Drole Nanda\",\"isPartOf\":{\"@id\":\"https:\/\/nanda.si\/it\/#website\"},\"primaryImageOfPage\":{\"@id\":\"https:\/\/nanda.si\/it\/prodotto\/maglietta-nera-elegante-con-nastro-masna\/#primaryimage\"},\"image\":{\"@id\":\"https:\/\/nanda.si\/it\/prodotto\/maglietta-nera-elegante-con-nastro-masna\/#primaryimage\"},\"thumbnailUrl\":\"https:\/\/nanda.si\/wp-content\/uploads\/2023\/06\/crna-majica-s-pentljo-Masna-front-r-.jpg\",\"datePublished\":\"2023-06-21T13:47:43+00:00\",\"description\":\"L'elegante T-shirt Mashna nera con fiocco accentua la sofisticata femminilit\u00e0. \u00c8 realizzata in materiale naturale di alta qualit\u00e0 e offre comfort per tutto il giorno.\",\"breadcrumb\":{\"@id\":\"https:\/\/nanda.si\/it\/prodotto\/maglietta-nera-elegante-con-nastro-masna\/#breadcrumb\"},\"inLanguage\":\"it-IT\",\"potentialAction\":[{\"@type\":\"ReadAction\",\"target\":[\"https:\/\/nanda.si\/it\/prodotto\/maglietta-nera-elegante-con-nastro-masna\/\"]}]},{\"@type\":\"ImageObject\",\"inLanguage\":\"it-IT\",\"@id\":\"https:\/\/nanda.si\/it\/prodotto\/maglietta-nera-elegante-con-nastro-masna\/#primaryimage\",\"url\":\"https:\/\/nanda.si\/wp-content\/uploads\/2023\/06\/crna-majica-s-pentljo-Masna-front-r-.jpg\",\"contentUrl\":\"https:\/\/nanda.si\/wp-content\/uploads\/2023\/06\/crna-majica-s-pentljo-Masna-front-r-.jpg\",\"width\":585,\"height\":601,\"caption\":\"hdrpl\"},{\"@type\":\"BreadcrumbList\",\"@id\":\"https:\/\/nanda.si\/it\/prodotto\/maglietta-nera-elegante-con-nastro-masna\/#breadcrumb\",\"itemListElement\":[{\"@type\":\"ListItem\",\"position\":1,\"name\":\"Home\",\"item\":\"https:\/\/nanda.si\/it\/casa\/\"},{\"@type\":\"ListItem\",\"position\":2,\"name\":\"Negozio\",\"item\":\"https:\/\/nanda.si\/negozio\/\"},{\"@type\":\"ListItem\",\"position\":3,\"name\":\"Maglietta nera elegante con nastro Ma\u0161na\"}]},{\"@type\":\"WebSite\",\"@id\":\"https:\/\/nanda.si\/it\/#website\",\"url\":\"https:\/\/nanda.si\/it\/\",\"name\":\"Ines Drole Nanda\",\"description\":\"Umetelne tekstilne kreacije za edinstven dom in unikatna obla\u010dila.\",\"publisher\":{\"@id\":\"https:\/\/nanda.si\/it\/#organization\"},\"potentialAction\":[{\"@type\":\"SearchAction\",\"target\":{\"@type\":\"EntryPoint\",\"urlTemplate\":\"https:\/\/nanda.si\/it\/?s={search_term_string}\"},\"query-input\":{\"@type\":\"PropertyValueSpecification\",\"valueRequired\":true,\"valueName\":\"search_term_string\"}}],\"inLanguage\":\"it-IT\"},{\"@type\":\"Organization\",\"@id\":\"https:\/\/nanda.si\/it\/#organization\",\"name\":\"Ines Drole NANDA\",\"url\":\"https:\/\/nanda.si\/it\/\",\"logo\":{\"@type\":\"ImageObject\",\"inLanguage\":\"it-IT\",\"@id\":\"https:\/\/nanda.si\/it\/#\/schema\/logo\/image\/\",\"url\":\"https:\/\/nanda.si\/wp-content\/uploads\/2022\/07\/logoNANDA-oval_Res.jpg\",\"contentUrl\":\"https:\/\/nanda.si\/wp-content\/uploads\/2022\/07\/logoNANDA-oval_Res.jpg\",\"width\":600,\"height\":600,\"caption\":\"Ines Drole NANDA\"},\"image\":{\"@id\":\"https:\/\/nanda.si\/it\/#\/schema\/logo\/image\/\"}}]}<\/script>\n<!-- \/ Yoast SEO plugin. -->","yoast_head_json":{"title":"Maglietta nera elegante con nastro Ma\u0161na | Ines Drole Nanda","description":"L'elegante T-shirt Mashna nera con fiocco accentua la sofisticata femminilit\u00e0. \u00c8 realizzata in materiale naturale di alta qualit\u00e0 e offre comfort per tutto il giorno.","robots":{"index":"index","follow":"follow","max-snippet":"max-snippet:-1","max-image-preview":"max-image-preview:large","max-video-preview":"max-video-preview:-1"},"canonical":"https:\/\/nanda.si\/it\/prodotto\/maglietta-nera-elegante-con-nastro-masna\/","og_locale":"it_IT","og_type":"article","og_title":"Maglietta nera elegante con nastro Ma\u0161na | Ines Drole Nanda","og_description":"L'elegante T-shirt Mashna nera con fiocco accentua la sofisticata femminilit\u00e0. \u00c8 realizzata in materiale naturale di alta qualit\u00e0 e offre comfort per tutto il giorno.","og_url":"https:\/\/nanda.si\/it\/prodotto\/maglietta-nera-elegante-con-nastro-masna\/","og_site_name":"Ines Drole Nanda","og_image":[{"width":585,"height":601,"url":"https:\/\/nanda.si\/wp-content\/uploads\/2023\/06\/crna-majica-s-pentljo-Masna-front-r-.jpg","type":"image\/jpeg"}],"twitter_card":"summary_large_image","schema":{"@context":"https:\/\/schema.org","@graph":[{"@type":"WebPage","@id":"https:\/\/nanda.si\/it\/prodotto\/maglietta-nera-elegante-con-nastro-masna\/","url":"https:\/\/nanda.si\/it\/prodotto\/maglietta-nera-elegante-con-nastro-masna\/","name":"Maglietta nera elegante con nastro Ma\u0161na | Ines Drole Nanda","isPartOf":{"@id":"https:\/\/nanda.si\/it\/#website"},"primaryImageOfPage":{"@id":"https:\/\/nanda.si\/it\/prodotto\/maglietta-nera-elegante-con-nastro-masna\/#primaryimage"},"image":{"@id":"https:\/\/nanda.si\/it\/prodotto\/maglietta-nera-elegante-con-nastro-masna\/#primaryimage"},"thumbnailUrl":"https:\/\/nanda.si\/wp-content\/uploads\/2023\/06\/crna-majica-s-pentljo-Masna-front-r-.jpg","datePublished":"2023-06-21T13:47:43+00:00","description":"L'elegante T-shirt Mashna nera con fiocco accentua la sofisticata femminilit\u00e0. \u00c8 realizzata in materiale naturale di alta qualit\u00e0 e offre comfort per tutto il giorno.","breadcrumb":{"@id":"https:\/\/nanda.si\/it\/prodotto\/maglietta-nera-elegante-con-nastro-masna\/#breadcrumb"},"inLanguage":"it-IT","potentialAction":[{"@type":"ReadAction","target":["https:\/\/nanda.si\/it\/prodotto\/maglietta-nera-elegante-con-nastro-masna\/"]}]},{"@type":"ImageObject","inLanguage":"it-IT","@id":"https:\/\/nanda.si\/it\/prodotto\/maglietta-nera-elegante-con-nastro-masna\/#primaryimage","url":"https:\/\/nanda.si\/wp-content\/uploads\/2023\/06\/crna-majica-s-pentljo-Masna-front-r-.jpg","contentUrl":"https:\/\/nanda.si\/wp-content\/uploads\/2023\/06\/crna-majica-s-pentljo-Masna-front-r-.jpg","width":585,"height":601,"caption":"hdrpl"},{"@type":"BreadcrumbList","@id":"https:\/\/nanda.si\/it\/prodotto\/maglietta-nera-elegante-con-nastro-masna\/#breadcrumb","itemListElement":[{"@type":"ListItem","position":1,"name":"Home","item":"https:\/\/nanda.si\/it\/casa\/"},{"@type":"ListItem","position":2,"name":"Negozio","item":"https:\/\/nanda.si\/negozio\/"},{"@type":"ListItem","position":3,"name":"Maglietta nera elegante con nastro Ma\u0161na"}]},{"@type":"WebSite","@id":"https:\/\/nanda.si\/it\/#website","url":"https:\/\/nanda.si\/it\/","name":"Ines Drole Nanda","description":"Umetelne tekstilne kreacije za edinstven dom in unikatna obla\u010dila.","publisher":{"@id":"https:\/\/nanda.si\/it\/#organization"},"potentialAction":[{"@type":"SearchAction","target":{"@type":"EntryPoint","urlTemplate":"https:\/\/nanda.si\/it\/?s={search_term_string}"},"query-input":{"@type":"PropertyValueSpecification","valueRequired":true,"valueName":"search_term_string"}}],"inLanguage":"it-IT"},{"@type":"Organization","@id":"https:\/\/nanda.si\/it\/#organization","name":"Ines Drole NANDA","url":"https:\/\/nanda.si\/it\/","logo":{"@type":"ImageObject","inLanguage":"it-IT","@id":"https:\/\/nanda.si\/it\/#\/schema\/logo\/image\/","url":"https:\/\/nanda.si\/wp-content\/uploads\/2022\/07\/logoNANDA-oval_Res.jpg","contentUrl":"https:\/\/nanda.si\/wp-content\/uploads\/2022\/07\/logoNANDA-oval_Res.jpg","width":600,"height":600,"caption":"Ines Drole NANDA"},"image":{"@id":"https:\/\/nanda.si\/it\/#\/schema\/logo\/image\/"}}]}},"_links":{"self":[{"href":"https:\/\/nanda.si\/it\/wp-json\/wp\/v2\/product\/6479","targetHints":{"allow":["GET"]}}],"collection":[{"href":"https:\/\/nanda.si\/it\/wp-json\/wp\/v2\/product"}],"about":[{"href":"https:\/\/nanda.si\/it\/wp-json\/wp\/v2\/types\/product"}],"replies":[{"embeddable":true,"href":"https:\/\/nanda.si\/it\/wp-json\/wp\/v2\/comments?post=6479"}],"wp:featuredmedia":[{"embeddable":true,"href":"https:\/\/nanda.si\/it\/wp-json\/wp\/v2\/media\/6480"}],"wp:attachment":[{"href":"https:\/\/nanda.si\/it\/wp-json\/wp\/v2\/media?parent=6479"}],"wp:term":[{"taxonomy":"product_brand","embeddable":true,"href":"https:\/\/nanda.si\/it\/wp-json\/wp\/v2\/product_brand?post=6479"},{"taxonomy":"product_cat","embeddable":true,"href":"https:\/\/nanda.si\/it\/wp-json\/wp\/v2\/product_cat?post=6479"},{"taxonomy":"product_tag","embeddable":true,"href":"https:\/\/nanda.si\/it\/wp-json\/wp\/v2\/product_tag?post=6479"}],"curies":[{"name":"wp","href":"https:\/\/api.w.org\/{rel}","templated":true}]}}