{"id":6307,"date":"2024-06-20T09:36:28","date_gmt":"2024-06-20T09:36:28","guid":{"rendered":"https:\/\/nanda.si\/product\/quadro-decorativo-in-oro-e-bianco-duality\/"},"modified":"2024-06-20T09:36:28","modified_gmt":"2024-06-20T09:36:28","slug":"quadro-decorativo-in-oro-e-bianco-duality","status":"publish","type":"product","link":"https:\/\/nanda.si\/it\/prodotto\/quadro-decorativo-in-oro-e-bianco-duality\/","title":{"rendered":"Quadro decorativo in oro e bianco Duality"},"content":{"rendered":"<p><a href=\"https:\/\/www.facebook.com\/1058332850\/videos\/pcb.10227288186084601\/417619287618883\"><strong>Quadro decorativo in oro e bianco Duality 70 x 50 x 3 cm<\/strong><\/a> \u00e8 un \u201cimmagine astratta di luce e oscurit\u00e0, staticit\u00e0 e movimento e tutte le immagini diametrali del cosmo. \u00c8 questa onnipresente dualit\u00e0 che rivela l\u201d esperienza della vita in tutte le sue prove. La tela di base \u00e8 di colore bianco perla su cui \u00e8 impresso un motivo di abbondanza. In mezzo a questo disegno ci sono elementi a forma di onda di argilla artificiale, per met\u00e0 bianchi e per il resto dorati, uniti al centro da un piccolo elemento a forma di cuore. Si tratta di due aspetti di un \u201cunica realt\u00e0, in cui una polarit\u00e0 rende possibile vedere l\u201d altra.<br \/>\nIl dipinto ci mette di fronte alle sfide quotidiane del bene e del male, \u00e8 un sostegno per vedere e confidare in uno scopo superiore.    <\/p>\n","protected":false},"excerpt":{"rendered":"<p>La decorazione murale aggiunge energia e stile all \u201cambiente e crea un\u201d atmosfera. La decorazione da parete scelta si integra con lo stile esistente dell \u201cinterno e aggiunge un accento che cambia l\u201d atmosfera generale della stanza. Gli oggetti che appendi alle pareti riflettono il tuo stile di vita e catturano la tua immaginazione. Possono trasportarti in un mondo fantastico o ricordarti ci\u00f2 che ritieni bello, divertente,&#8230; A volte sono un ricordo di luoghi in cui sei stato o di persone speciali che hai conosciuto. Possono essere un mantra quotidiano o un motivo per iniziare una conversazione interessante, come \u00e8 sicuramente il quadro decorativo Duality in oro e bianco.<\/p>\n","protected":false},"featured_media":6308,"comment_status":"open","ping_status":"closed","template":"","meta":[],"product_brand":[],"product_cat":[279],"product_tag":[],"class_list":{"0":"post-6307","1":"product","2":"type-product","3":"status-publish","4":"has-post-thumbnail","6":"product_cat-quadri-decorativi","8":"first","9":"instock","10":"shipping-taxable","11":"purchasable","12":"product-type-simple"},"yoast_head":"<!-- This site is optimized with the Yoast SEO plugin v27.2 - https:\/\/yoast.com\/product\/yoast-seo-wordpress\/ -->\n<title>Quadro decorativo in oro e bianco Duality | Ines Drole Nanda<\/title>\n<meta name=\"description\" content=\"Il dipinto decorativo in oro e bianco Duality, 70 x 50 x 3 cm, \u00e8 un \u201cimmagine astratta della luce e dell\u201d oscurit\u00e0 e di tutte le immagini diametrali del cosmo.\" \/>\n<meta name=\"robots\" content=\"index, follow, max-snippet:-1, max-image-preview:large, max-video-preview:-1\" \/>\n<link rel=\"canonical\" href=\"https:\/\/nanda.si\/it\/prodotto\/quadro-decorativo-in-oro-e-bianco-duality\/\" \/>\n<meta property=\"og:locale\" content=\"it_IT\" \/>\n<meta property=\"og:type\" content=\"article\" \/>\n<meta property=\"og:title\" content=\"Quadro decorativo in oro e bianco Duality | Ines Drole Nanda\" \/>\n<meta property=\"og:description\" content=\"Il dipinto decorativo in oro e bianco Duality, 70 x 50 x 3 cm, \u00e8 un \u201cimmagine astratta della luce e dell\u201d oscurit\u00e0 e di tutte le immagini diametrali del cosmo.\" \/>\n<meta property=\"og:url\" content=\"https:\/\/nanda.si\/it\/prodotto\/quadro-decorativo-in-oro-e-bianco-duality\/\" \/>\n<meta property=\"og:site_name\" content=\"Ines Drole Nanda\" \/>\n<meta property=\"og:image\" content=\"https:\/\/nanda.si\/wp-content\/uploads\/2024\/06\/Dekorativna-slika-Dualnost-70-x-50-x-3-cm-centralno-R-.jpg\" \/>\n\t<meta property=\"og:image:width\" content=\"573\" \/>\n\t<meta property=\"og:image:height\" content=\"409\" \/>\n\t<meta property=\"og:image:type\" content=\"image\/jpeg\" \/>\n<meta name=\"twitter:card\" content=\"summary_large_image\" \/>\n<meta name=\"twitter:label1\" content=\"Tempo di lettura stimato\" \/>\n\t<meta name=\"twitter:data1\" content=\"1 minuto\" \/>\n<script type=\"application\/ld+json\" class=\"yoast-schema-graph\">{\"@context\":\"https:\/\/schema.org\",\"@graph\":[{\"@type\":\"WebPage\",\"@id\":\"https:\/\/nanda.si\/it\/prodotto\/quadro-decorativo-in-oro-e-bianco-duality\/\",\"url\":\"https:\/\/nanda.si\/it\/prodotto\/quadro-decorativo-in-oro-e-bianco-duality\/\",\"name\":\"Quadro decorativo in oro e bianco Duality | Ines Drole Nanda\",\"isPartOf\":{\"@id\":\"https:\/\/nanda.si\/it\/#website\"},\"primaryImageOfPage\":{\"@id\":\"https:\/\/nanda.si\/it\/prodotto\/quadro-decorativo-in-oro-e-bianco-duality\/#primaryimage\"},\"image\":{\"@id\":\"https:\/\/nanda.si\/it\/prodotto\/quadro-decorativo-in-oro-e-bianco-duality\/#primaryimage\"},\"thumbnailUrl\":\"https:\/\/nanda.si\/wp-content\/uploads\/2024\/06\/Dekorativna-slika-Dualnost-70-x-50-x-3-cm-centralno-R-.jpg\",\"datePublished\":\"2024-06-20T09:36:28+00:00\",\"description\":\"Il dipinto decorativo in oro e bianco Duality, 70 x 50 x 3 cm, \u00e8 un \u201cimmagine astratta della luce e dell\u201d oscurit\u00e0 e di tutte le immagini diametrali del cosmo.\",\"breadcrumb\":{\"@id\":\"https:\/\/nanda.si\/it\/prodotto\/quadro-decorativo-in-oro-e-bianco-duality\/#breadcrumb\"},\"inLanguage\":\"it-IT\",\"potentialAction\":[{\"@type\":\"ReadAction\",\"target\":[\"https:\/\/nanda.si\/it\/prodotto\/quadro-decorativo-in-oro-e-bianco-duality\/\"]}]},{\"@type\":\"ImageObject\",\"inLanguage\":\"it-IT\",\"@id\":\"https:\/\/nanda.si\/it\/prodotto\/quadro-decorativo-in-oro-e-bianco-duality\/#primaryimage\",\"url\":\"https:\/\/nanda.si\/wp-content\/uploads\/2024\/06\/Dekorativna-slika-Dualnost-70-x-50-x-3-cm-centralno-R-.jpg\",\"contentUrl\":\"https:\/\/nanda.si\/wp-content\/uploads\/2024\/06\/Dekorativna-slika-Dualnost-70-x-50-x-3-cm-centralno-R-.jpg\",\"width\":573,\"height\":409,\"caption\":\"qrf\"},{\"@type\":\"BreadcrumbList\",\"@id\":\"https:\/\/nanda.si\/it\/prodotto\/quadro-decorativo-in-oro-e-bianco-duality\/#breadcrumb\",\"itemListElement\":[{\"@type\":\"ListItem\",\"position\":1,\"name\":\"Home\",\"item\":\"https:\/\/nanda.si\/it\/casa\/\"},{\"@type\":\"ListItem\",\"position\":2,\"name\":\"Negozio\",\"item\":\"https:\/\/nanda.si\/negozio\/\"},{\"@type\":\"ListItem\",\"position\":3,\"name\":\"Quadro decorativo in oro e bianco Duality\"}]},{\"@type\":\"WebSite\",\"@id\":\"https:\/\/nanda.si\/it\/#website\",\"url\":\"https:\/\/nanda.si\/it\/\",\"name\":\"Ines Drole Nanda\",\"description\":\"Umetelne tekstilne kreacije za edinstven dom in unikatna obla\u010dila.\",\"publisher\":{\"@id\":\"https:\/\/nanda.si\/it\/#organization\"},\"potentialAction\":[{\"@type\":\"SearchAction\",\"target\":{\"@type\":\"EntryPoint\",\"urlTemplate\":\"https:\/\/nanda.si\/it\/?s={search_term_string}\"},\"query-input\":{\"@type\":\"PropertyValueSpecification\",\"valueRequired\":true,\"valueName\":\"search_term_string\"}}],\"inLanguage\":\"it-IT\"},{\"@type\":\"Organization\",\"@id\":\"https:\/\/nanda.si\/it\/#organization\",\"name\":\"Ines Drole NANDA\",\"url\":\"https:\/\/nanda.si\/it\/\",\"logo\":{\"@type\":\"ImageObject\",\"inLanguage\":\"it-IT\",\"@id\":\"https:\/\/nanda.si\/it\/#\/schema\/logo\/image\/\",\"url\":\"https:\/\/nanda.si\/wp-content\/uploads\/2022\/07\/logoNANDA-oval_Res.jpg\",\"contentUrl\":\"https:\/\/nanda.si\/wp-content\/uploads\/2022\/07\/logoNANDA-oval_Res.jpg\",\"width\":600,\"height\":600,\"caption\":\"Ines Drole NANDA\"},\"image\":{\"@id\":\"https:\/\/nanda.si\/it\/#\/schema\/logo\/image\/\"}}]}<\/script>\n<!-- \/ Yoast SEO plugin. -->","yoast_head_json":{"title":"Quadro decorativo in oro e bianco Duality | Ines Drole Nanda","description":"Il dipinto decorativo in oro e bianco Duality, 70 x 50 x 3 cm, \u00e8 un \u201cimmagine astratta della luce e dell\u201d oscurit\u00e0 e di tutte le immagini diametrali del cosmo.","robots":{"index":"index","follow":"follow","max-snippet":"max-snippet:-1","max-image-preview":"max-image-preview:large","max-video-preview":"max-video-preview:-1"},"canonical":"https:\/\/nanda.si\/it\/prodotto\/quadro-decorativo-in-oro-e-bianco-duality\/","og_locale":"it_IT","og_type":"article","og_title":"Quadro decorativo in oro e bianco Duality | Ines Drole Nanda","og_description":"Il dipinto decorativo in oro e bianco Duality, 70 x 50 x 3 cm, \u00e8 un \u201cimmagine astratta della luce e dell\u201d oscurit\u00e0 e di tutte le immagini diametrali del cosmo.","og_url":"https:\/\/nanda.si\/it\/prodotto\/quadro-decorativo-in-oro-e-bianco-duality\/","og_site_name":"Ines Drole Nanda","og_image":[{"width":573,"height":409,"url":"https:\/\/nanda.si\/wp-content\/uploads\/2024\/06\/Dekorativna-slika-Dualnost-70-x-50-x-3-cm-centralno-R-.jpg","type":"image\/jpeg"}],"twitter_card":"summary_large_image","twitter_misc":{"Tempo di lettura stimato":"1 minuto"},"schema":{"@context":"https:\/\/schema.org","@graph":[{"@type":"WebPage","@id":"https:\/\/nanda.si\/it\/prodotto\/quadro-decorativo-in-oro-e-bianco-duality\/","url":"https:\/\/nanda.si\/it\/prodotto\/quadro-decorativo-in-oro-e-bianco-duality\/","name":"Quadro decorativo in oro e bianco Duality | Ines Drole Nanda","isPartOf":{"@id":"https:\/\/nanda.si\/it\/#website"},"primaryImageOfPage":{"@id":"https:\/\/nanda.si\/it\/prodotto\/quadro-decorativo-in-oro-e-bianco-duality\/#primaryimage"},"image":{"@id":"https:\/\/nanda.si\/it\/prodotto\/quadro-decorativo-in-oro-e-bianco-duality\/#primaryimage"},"thumbnailUrl":"https:\/\/nanda.si\/wp-content\/uploads\/2024\/06\/Dekorativna-slika-Dualnost-70-x-50-x-3-cm-centralno-R-.jpg","datePublished":"2024-06-20T09:36:28+00:00","description":"Il dipinto decorativo in oro e bianco Duality, 70 x 50 x 3 cm, \u00e8 un \u201cimmagine astratta della luce e dell\u201d oscurit\u00e0 e di tutte le immagini diametrali del cosmo.","breadcrumb":{"@id":"https:\/\/nanda.si\/it\/prodotto\/quadro-decorativo-in-oro-e-bianco-duality\/#breadcrumb"},"inLanguage":"it-IT","potentialAction":[{"@type":"ReadAction","target":["https:\/\/nanda.si\/it\/prodotto\/quadro-decorativo-in-oro-e-bianco-duality\/"]}]},{"@type":"ImageObject","inLanguage":"it-IT","@id":"https:\/\/nanda.si\/it\/prodotto\/quadro-decorativo-in-oro-e-bianco-duality\/#primaryimage","url":"https:\/\/nanda.si\/wp-content\/uploads\/2024\/06\/Dekorativna-slika-Dualnost-70-x-50-x-3-cm-centralno-R-.jpg","contentUrl":"https:\/\/nanda.si\/wp-content\/uploads\/2024\/06\/Dekorativna-slika-Dualnost-70-x-50-x-3-cm-centralno-R-.jpg","width":573,"height":409,"caption":"qrf"},{"@type":"BreadcrumbList","@id":"https:\/\/nanda.si\/it\/prodotto\/quadro-decorativo-in-oro-e-bianco-duality\/#breadcrumb","itemListElement":[{"@type":"ListItem","position":1,"name":"Home","item":"https:\/\/nanda.si\/it\/casa\/"},{"@type":"ListItem","position":2,"name":"Negozio","item":"https:\/\/nanda.si\/negozio\/"},{"@type":"ListItem","position":3,"name":"Quadro decorativo in oro e bianco Duality"}]},{"@type":"WebSite","@id":"https:\/\/nanda.si\/it\/#website","url":"https:\/\/nanda.si\/it\/","name":"Ines Drole Nanda","description":"Umetelne tekstilne kreacije za edinstven dom in unikatna obla\u010dila.","publisher":{"@id":"https:\/\/nanda.si\/it\/#organization"},"potentialAction":[{"@type":"SearchAction","target":{"@type":"EntryPoint","urlTemplate":"https:\/\/nanda.si\/it\/?s={search_term_string}"},"query-input":{"@type":"PropertyValueSpecification","valueRequired":true,"valueName":"search_term_string"}}],"inLanguage":"it-IT"},{"@type":"Organization","@id":"https:\/\/nanda.si\/it\/#organization","name":"Ines Drole NANDA","url":"https:\/\/nanda.si\/it\/","logo":{"@type":"ImageObject","inLanguage":"it-IT","@id":"https:\/\/nanda.si\/it\/#\/schema\/logo\/image\/","url":"https:\/\/nanda.si\/wp-content\/uploads\/2022\/07\/logoNANDA-oval_Res.jpg","contentUrl":"https:\/\/nanda.si\/wp-content\/uploads\/2022\/07\/logoNANDA-oval_Res.jpg","width":600,"height":600,"caption":"Ines Drole NANDA"},"image":{"@id":"https:\/\/nanda.si\/it\/#\/schema\/logo\/image\/"}}]}},"_links":{"self":[{"href":"https:\/\/nanda.si\/it\/wp-json\/wp\/v2\/product\/6307","targetHints":{"allow":["GET"]}}],"collection":[{"href":"https:\/\/nanda.si\/it\/wp-json\/wp\/v2\/product"}],"about":[{"href":"https:\/\/nanda.si\/it\/wp-json\/wp\/v2\/types\/product"}],"replies":[{"embeddable":true,"href":"https:\/\/nanda.si\/it\/wp-json\/wp\/v2\/comments?post=6307"}],"wp:featuredmedia":[{"embeddable":true,"href":"https:\/\/nanda.si\/it\/wp-json\/wp\/v2\/media\/6308"}],"wp:attachment":[{"href":"https:\/\/nanda.si\/it\/wp-json\/wp\/v2\/media?parent=6307"}],"wp:term":[{"taxonomy":"product_brand","embeddable":true,"href":"https:\/\/nanda.si\/it\/wp-json\/wp\/v2\/product_brand?post=6307"},{"taxonomy":"product_cat","embeddable":true,"href":"https:\/\/nanda.si\/it\/wp-json\/wp\/v2\/product_cat?post=6307"},{"taxonomy":"product_tag","embeddable":true,"href":"https:\/\/nanda.si\/it\/wp-json\/wp\/v2\/product_tag?post=6307"}],"curies":[{"name":"wp","href":"https:\/\/api.w.org\/{rel}","templated":true}]}}