{"id":6301,"date":"2024-06-22T06:52:45","date_gmt":"2024-06-22T06:52:45","guid":{"rendered":"https:\/\/nanda.si\/product\/quadro-decorativo-bianco-e-oro-raggio-di-sole\/"},"modified":"2024-06-22T06:52:45","modified_gmt":"2024-06-22T06:52:45","slug":"quadro-decorativo-bianco-e-oro-raggio-di-sole","status":"publish","type":"product","link":"https:\/\/nanda.si\/it\/prodotto\/quadro-decorativo-bianco-e-oro-raggio-di-sole\/","title":{"rendered":"Quadro decorativo bianco e oro Raggio di Sole"},"content":{"rendered":"<p>Il quadro decorativo Sunbeam in oro e bianco \u00e8 un&#8217;immagine astratta del sole, simbolo di vita, energia e positivit\u00e0. La tela di base \u00e8 color bianco perla con un sottile motivo a raggiera. Gli elementi dei raggi solari hanno diverse forme a spirale e sono realizzati in argilla sintetica, poi dipinta in oro lucido e bianco perlato. L \u201cimmagine del sole \u00e8 asimmetrica: da un lato i raggi si estendono in lontananza per penetrare lo spazio con la loro potenza. Il sole \u00e8 sempre stato raffigurato come simbolo di potere e chiarezza, la luce ci d\u00e0 energia e ci indica la strada.<br \/>\nL\u201d immagine misura 70 x 50 x 3 cm.  <\/p>\n","protected":false},"excerpt":{"rendered":"<p>Le decorazioni da parete aggiungono energia e stile a qualsiasi ambiente e creano un \u201catmosfera. La decorazione da parete scelta si integra con lo stile esistente dell\u201d interno e aggiunge quell \u201caccento speciale che cambia l\u201d atmosfera della stanza. Gli oggetti che appendi alle pareti sono il riflesso del tuo stile di vita e dovrebbero catturare la tua immaginazione. Possono trasportarti in un altro mondo o ricordarti ci\u00f2 che trovi bello e divertente.    Possono essere un motivo per iniziare una conversazione.<\/p>\n","protected":false},"featured_media":6302,"comment_status":"open","ping_status":"closed","template":"","meta":[],"product_brand":[],"product_cat":[287],"product_tag":[],"class_list":{"0":"post-6301","1":"product","2":"type-product","3":"status-publish","4":"has-post-thumbnail","6":"product_cat-senza-categoria","8":"first","9":"onbackorder","10":"sold-individually","11":"shipping-taxable","12":"product-type-simple"},"yoast_head":"<!-- This site is optimized with the Yoast SEO plugin v27.2 - https:\/\/yoast.com\/product\/yoast-seo-wordpress\/ -->\n<title>Quadro decorativo bianco e oro Raggio di Sole | Ines Drole Nanda<\/title>\n<meta name=\"description\" content=\"Il quadro decorativo Sunbeam in oro e bianco \u00e8 un&#039;immagine astratta del sole, simbolo di vita, energia e positivit\u00e0.\" \/>\n<meta name=\"robots\" content=\"index, follow, max-snippet:-1, max-image-preview:large, max-video-preview:-1\" \/>\n<link rel=\"canonical\" href=\"https:\/\/nanda.si\/it\/prodotto\/quadro-decorativo-bianco-e-oro-raggio-di-sole\/\" \/>\n<meta property=\"og:locale\" content=\"it_IT\" \/>\n<meta property=\"og:type\" content=\"article\" \/>\n<meta property=\"og:title\" content=\"Quadro decorativo bianco e oro Raggio di Sole | Ines Drole Nanda\" \/>\n<meta property=\"og:description\" content=\"Il quadro decorativo Sunbeam in oro e bianco \u00e8 un&#039;immagine astratta del sole, simbolo di vita, energia e positivit\u00e0.\" \/>\n<meta property=\"og:url\" content=\"https:\/\/nanda.si\/it\/prodotto\/quadro-decorativo-bianco-e-oro-raggio-di-sole\/\" \/>\n<meta property=\"og:site_name\" content=\"Ines Drole Nanda\" \/>\n<meta property=\"og:image\" content=\"https:\/\/nanda.si\/wp-content\/uploads\/2024\/06\/Dekorativna-slika-Soncni-zarek-70-x-50-x-3-cm-R.jpg\" \/>\n\t<meta property=\"og:image:width\" content=\"583\" \/>\n\t<meta property=\"og:image:height\" content=\"424\" \/>\n\t<meta property=\"og:image:type\" content=\"image\/jpeg\" \/>\n<meta name=\"twitter:card\" content=\"summary_large_image\" \/>\n<meta name=\"twitter:label1\" content=\"Tempo di lettura stimato\" \/>\n\t<meta name=\"twitter:data1\" content=\"1 minuto\" \/>\n<script type=\"application\/ld+json\" class=\"yoast-schema-graph\">{\"@context\":\"https:\/\/schema.org\",\"@graph\":[{\"@type\":\"WebPage\",\"@id\":\"https:\/\/nanda.si\/it\/prodotto\/quadro-decorativo-bianco-e-oro-raggio-di-sole\/\",\"url\":\"https:\/\/nanda.si\/it\/prodotto\/quadro-decorativo-bianco-e-oro-raggio-di-sole\/\",\"name\":\"Quadro decorativo bianco e oro Raggio di Sole | Ines Drole Nanda\",\"isPartOf\":{\"@id\":\"https:\/\/nanda.si\/it\/#website\"},\"primaryImageOfPage\":{\"@id\":\"https:\/\/nanda.si\/it\/prodotto\/quadro-decorativo-bianco-e-oro-raggio-di-sole\/#primaryimage\"},\"image\":{\"@id\":\"https:\/\/nanda.si\/it\/prodotto\/quadro-decorativo-bianco-e-oro-raggio-di-sole\/#primaryimage\"},\"thumbnailUrl\":\"https:\/\/nanda.si\/wp-content\/uploads\/2024\/06\/Dekorativna-slika-Soncni-zarek-70-x-50-x-3-cm-R.jpg\",\"datePublished\":\"2024-06-22T06:52:45+00:00\",\"description\":\"Il quadro decorativo Sunbeam in oro e bianco \u00e8 un'immagine astratta del sole, simbolo di vita, energia e positivit\u00e0.\",\"breadcrumb\":{\"@id\":\"https:\/\/nanda.si\/it\/prodotto\/quadro-decorativo-bianco-e-oro-raggio-di-sole\/#breadcrumb\"},\"inLanguage\":\"it-IT\",\"potentialAction\":[{\"@type\":\"ReadAction\",\"target\":[\"https:\/\/nanda.si\/it\/prodotto\/quadro-decorativo-bianco-e-oro-raggio-di-sole\/\"]}]},{\"@type\":\"ImageObject\",\"inLanguage\":\"it-IT\",\"@id\":\"https:\/\/nanda.si\/it\/prodotto\/quadro-decorativo-bianco-e-oro-raggio-di-sole\/#primaryimage\",\"url\":\"https:\/\/nanda.si\/wp-content\/uploads\/2024\/06\/Dekorativna-slika-Soncni-zarek-70-x-50-x-3-cm-R.jpg\",\"contentUrl\":\"https:\/\/nanda.si\/wp-content\/uploads\/2024\/06\/Dekorativna-slika-Soncni-zarek-70-x-50-x-3-cm-R.jpg\",\"width\":583,\"height\":424,\"caption\":\"qrf\"},{\"@type\":\"BreadcrumbList\",\"@id\":\"https:\/\/nanda.si\/it\/prodotto\/quadro-decorativo-bianco-e-oro-raggio-di-sole\/#breadcrumb\",\"itemListElement\":[{\"@type\":\"ListItem\",\"position\":1,\"name\":\"Home\",\"item\":\"https:\/\/nanda.si\/it\/casa\/\"},{\"@type\":\"ListItem\",\"position\":2,\"name\":\"Negozio\",\"item\":\"https:\/\/nanda.si\/negozio\/\"},{\"@type\":\"ListItem\",\"position\":3,\"name\":\"Quadro decorativo bianco e oro Raggio di Sole\"}]},{\"@type\":\"WebSite\",\"@id\":\"https:\/\/nanda.si\/it\/#website\",\"url\":\"https:\/\/nanda.si\/it\/\",\"name\":\"Ines Drole Nanda\",\"description\":\"Umetelne tekstilne kreacije za edinstven dom in unikatna obla\u010dila.\",\"publisher\":{\"@id\":\"https:\/\/nanda.si\/it\/#organization\"},\"potentialAction\":[{\"@type\":\"SearchAction\",\"target\":{\"@type\":\"EntryPoint\",\"urlTemplate\":\"https:\/\/nanda.si\/it\/?s={search_term_string}\"},\"query-input\":{\"@type\":\"PropertyValueSpecification\",\"valueRequired\":true,\"valueName\":\"search_term_string\"}}],\"inLanguage\":\"it-IT\"},{\"@type\":\"Organization\",\"@id\":\"https:\/\/nanda.si\/it\/#organization\",\"name\":\"Ines Drole NANDA\",\"url\":\"https:\/\/nanda.si\/it\/\",\"logo\":{\"@type\":\"ImageObject\",\"inLanguage\":\"it-IT\",\"@id\":\"https:\/\/nanda.si\/it\/#\/schema\/logo\/image\/\",\"url\":\"https:\/\/nanda.si\/wp-content\/uploads\/2022\/07\/logoNANDA-oval_Res.jpg\",\"contentUrl\":\"https:\/\/nanda.si\/wp-content\/uploads\/2022\/07\/logoNANDA-oval_Res.jpg\",\"width\":600,\"height\":600,\"caption\":\"Ines Drole NANDA\"},\"image\":{\"@id\":\"https:\/\/nanda.si\/it\/#\/schema\/logo\/image\/\"}}]}<\/script>\n<!-- \/ Yoast SEO plugin. -->","yoast_head_json":{"title":"Quadro decorativo bianco e oro Raggio di Sole | Ines Drole Nanda","description":"Il quadro decorativo Sunbeam in oro e bianco \u00e8 un'immagine astratta del sole, simbolo di vita, energia e positivit\u00e0.","robots":{"index":"index","follow":"follow","max-snippet":"max-snippet:-1","max-image-preview":"max-image-preview:large","max-video-preview":"max-video-preview:-1"},"canonical":"https:\/\/nanda.si\/it\/prodotto\/quadro-decorativo-bianco-e-oro-raggio-di-sole\/","og_locale":"it_IT","og_type":"article","og_title":"Quadro decorativo bianco e oro Raggio di Sole | Ines Drole Nanda","og_description":"Il quadro decorativo Sunbeam in oro e bianco \u00e8 un'immagine astratta del sole, simbolo di vita, energia e positivit\u00e0.","og_url":"https:\/\/nanda.si\/it\/prodotto\/quadro-decorativo-bianco-e-oro-raggio-di-sole\/","og_site_name":"Ines Drole Nanda","og_image":[{"width":583,"height":424,"url":"https:\/\/nanda.si\/wp-content\/uploads\/2024\/06\/Dekorativna-slika-Soncni-zarek-70-x-50-x-3-cm-R.jpg","type":"image\/jpeg"}],"twitter_card":"summary_large_image","twitter_misc":{"Tempo di lettura stimato":"1 minuto"},"schema":{"@context":"https:\/\/schema.org","@graph":[{"@type":"WebPage","@id":"https:\/\/nanda.si\/it\/prodotto\/quadro-decorativo-bianco-e-oro-raggio-di-sole\/","url":"https:\/\/nanda.si\/it\/prodotto\/quadro-decorativo-bianco-e-oro-raggio-di-sole\/","name":"Quadro decorativo bianco e oro Raggio di Sole | Ines Drole Nanda","isPartOf":{"@id":"https:\/\/nanda.si\/it\/#website"},"primaryImageOfPage":{"@id":"https:\/\/nanda.si\/it\/prodotto\/quadro-decorativo-bianco-e-oro-raggio-di-sole\/#primaryimage"},"image":{"@id":"https:\/\/nanda.si\/it\/prodotto\/quadro-decorativo-bianco-e-oro-raggio-di-sole\/#primaryimage"},"thumbnailUrl":"https:\/\/nanda.si\/wp-content\/uploads\/2024\/06\/Dekorativna-slika-Soncni-zarek-70-x-50-x-3-cm-R.jpg","datePublished":"2024-06-22T06:52:45+00:00","description":"Il quadro decorativo Sunbeam in oro e bianco \u00e8 un'immagine astratta del sole, simbolo di vita, energia e positivit\u00e0.","breadcrumb":{"@id":"https:\/\/nanda.si\/it\/prodotto\/quadro-decorativo-bianco-e-oro-raggio-di-sole\/#breadcrumb"},"inLanguage":"it-IT","potentialAction":[{"@type":"ReadAction","target":["https:\/\/nanda.si\/it\/prodotto\/quadro-decorativo-bianco-e-oro-raggio-di-sole\/"]}]},{"@type":"ImageObject","inLanguage":"it-IT","@id":"https:\/\/nanda.si\/it\/prodotto\/quadro-decorativo-bianco-e-oro-raggio-di-sole\/#primaryimage","url":"https:\/\/nanda.si\/wp-content\/uploads\/2024\/06\/Dekorativna-slika-Soncni-zarek-70-x-50-x-3-cm-R.jpg","contentUrl":"https:\/\/nanda.si\/wp-content\/uploads\/2024\/06\/Dekorativna-slika-Soncni-zarek-70-x-50-x-3-cm-R.jpg","width":583,"height":424,"caption":"qrf"},{"@type":"BreadcrumbList","@id":"https:\/\/nanda.si\/it\/prodotto\/quadro-decorativo-bianco-e-oro-raggio-di-sole\/#breadcrumb","itemListElement":[{"@type":"ListItem","position":1,"name":"Home","item":"https:\/\/nanda.si\/it\/casa\/"},{"@type":"ListItem","position":2,"name":"Negozio","item":"https:\/\/nanda.si\/negozio\/"},{"@type":"ListItem","position":3,"name":"Quadro decorativo bianco e oro Raggio di Sole"}]},{"@type":"WebSite","@id":"https:\/\/nanda.si\/it\/#website","url":"https:\/\/nanda.si\/it\/","name":"Ines Drole Nanda","description":"Umetelne tekstilne kreacije za edinstven dom in unikatna obla\u010dila.","publisher":{"@id":"https:\/\/nanda.si\/it\/#organization"},"potentialAction":[{"@type":"SearchAction","target":{"@type":"EntryPoint","urlTemplate":"https:\/\/nanda.si\/it\/?s={search_term_string}"},"query-input":{"@type":"PropertyValueSpecification","valueRequired":true,"valueName":"search_term_string"}}],"inLanguage":"it-IT"},{"@type":"Organization","@id":"https:\/\/nanda.si\/it\/#organization","name":"Ines Drole NANDA","url":"https:\/\/nanda.si\/it\/","logo":{"@type":"ImageObject","inLanguage":"it-IT","@id":"https:\/\/nanda.si\/it\/#\/schema\/logo\/image\/","url":"https:\/\/nanda.si\/wp-content\/uploads\/2022\/07\/logoNANDA-oval_Res.jpg","contentUrl":"https:\/\/nanda.si\/wp-content\/uploads\/2022\/07\/logoNANDA-oval_Res.jpg","width":600,"height":600,"caption":"Ines Drole NANDA"},"image":{"@id":"https:\/\/nanda.si\/it\/#\/schema\/logo\/image\/"}}]}},"_links":{"self":[{"href":"https:\/\/nanda.si\/it\/wp-json\/wp\/v2\/product\/6301","targetHints":{"allow":["GET"]}}],"collection":[{"href":"https:\/\/nanda.si\/it\/wp-json\/wp\/v2\/product"}],"about":[{"href":"https:\/\/nanda.si\/it\/wp-json\/wp\/v2\/types\/product"}],"replies":[{"embeddable":true,"href":"https:\/\/nanda.si\/it\/wp-json\/wp\/v2\/comments?post=6301"}],"wp:featuredmedia":[{"embeddable":true,"href":"https:\/\/nanda.si\/it\/wp-json\/wp\/v2\/media\/6302"}],"wp:attachment":[{"href":"https:\/\/nanda.si\/it\/wp-json\/wp\/v2\/media?parent=6301"}],"wp:term":[{"taxonomy":"product_brand","embeddable":true,"href":"https:\/\/nanda.si\/it\/wp-json\/wp\/v2\/product_brand?post=6301"},{"taxonomy":"product_cat","embeddable":true,"href":"https:\/\/nanda.si\/it\/wp-json\/wp\/v2\/product_cat?post=6301"},{"taxonomy":"product_tag","embeddable":true,"href":"https:\/\/nanda.si\/it\/wp-json\/wp\/v2\/product_tag?post=6301"}],"curies":[{"name":"wp","href":"https:\/\/api.w.org\/{rel}","templated":true}]}}