{"id":6282,"date":"2024-11-12T21:20:06","date_gmt":"2024-11-12T21:20:06","guid":{"rendered":"https:\/\/nanda.si\/product\/abito-retro-blu-scuro-con-motivo-pepita\/"},"modified":"2024-11-12T21:20:06","modified_gmt":"2024-11-12T21:20:06","slug":"abito-retro-blu-scuro-con-motivo-pepita","status":"publish","type":"product","link":"https:\/\/nanda.si\/it\/prodotto\/abito-retro-blu-scuro-con-motivo-pepita\/","title":{"rendered":"Abito retr\u00f2 blu scuro con motivo pepita"},"content":{"rendered":"<p>Questo vestito retr\u00f2 blu scuro con motivo pepita \u00e8 realizzato in jersey di lana ed \u00e8 adatto alle giornate fredde e alle atmosfere gelide perch\u00e9 \u00e8 molto caldo. Il collare indipendente \u00e8 decorato con un piccolo inserto di nastro nero e un elegante fiocco su una fibbia staccabile. C&#8217;\u00e8 anche un nastro nero decorativo inserito nella cucitura sui fianchi e come tocco finale sulle maniche. La parte inferiore dell&#8217;abito \u00e8 pieghettata con due grandi pieghe sul davanti e due sul retro. L&#8217;abito \u00e8 in parte elasticizzato, quindi non ha cerniere, \u00e8 legato in vita con due cuciture sul retro e ha una fodera dalla vita in gi\u00f9.<\/p>\n<p>Si consiglia di lavare fino a 30 gradi Celsius.<\/p>\n<p>Prodotto unico, solo 1 pezzo.<\/p>\n<p>&nbsp;<\/p>\n","protected":false},"excerpt":{"rendered":"<p>Questo vestito retr\u00f2 blu scuro con motivo pepita \u00e8 realizzato in jersey di lana ed \u00e8 adatto alle giornate fredde e alle atmosfere gelide perch\u00e9 \u00e8 molto caldo. Il collare&hellip;<\/p>\n","protected":false},"featured_media":5946,"comment_status":"open","ping_status":"closed","template":"","meta":[],"product_brand":[],"product_cat":[283],"product_tag":[],"class_list":{"0":"post-6282","1":"product","2":"type-product","3":"status-publish","4":"has-post-thumbnail","6":"product_cat-abbigliamento-originale","8":"first","9":"instock","10":"sold-individually","11":"shipping-taxable","12":"purchasable","13":"product-type-variable"},"yoast_head":"<!-- This site is optimized with the Yoast SEO plugin v27.2 - https:\/\/yoast.com\/product\/yoast-seo-wordpress\/ -->\n<title>Abito retr\u00f2 blu scuro con motivo pepita | Ines Drole Nanda<\/title>\n<meta name=\"description\" content=\"Questo vestito retr\u00f2 blu scuro con motivo pepita \u00e8 realizzato in jersey di lana ed \u00e8 adatto alle giornate fredde perch\u00e9 \u00e8 molto caldo.\" \/>\n<meta name=\"robots\" content=\"index, follow, max-snippet:-1, max-image-preview:large, max-video-preview:-1\" \/>\n<link rel=\"canonical\" href=\"https:\/\/nanda.si\/it\/prodotto\/abito-retro-blu-scuro-con-motivo-pepita\/\" \/>\n<meta property=\"og:locale\" content=\"it_IT\" \/>\n<meta property=\"og:type\" content=\"article\" \/>\n<meta property=\"og:title\" content=\"Abito retr\u00f2 blu scuro con motivo pepita | Ines Drole Nanda\" \/>\n<meta property=\"og:description\" content=\"Questo vestito retr\u00f2 blu scuro con motivo pepita \u00e8 realizzato in jersey di lana ed \u00e8 adatto alle giornate fredde perch\u00e9 \u00e8 molto caldo.\" \/>\n<meta property=\"og:url\" content=\"https:\/\/nanda.si\/it\/prodotto\/abito-retro-blu-scuro-con-motivo-pepita\/\" \/>\n<meta property=\"og:site_name\" content=\"Ines Drole Nanda\" \/>\n<meta property=\"og:image\" content=\"https:\/\/nanda.si\/wp-content\/uploads\/2024\/11\/modra-volnena-karo-obleka-cela.-Rjpg.jpg\" \/>\n\t<meta property=\"og:image:width\" content=\"454\" \/>\n\t<meta property=\"og:image:height\" content=\"605\" \/>\n\t<meta property=\"og:image:type\" content=\"image\/jpeg\" \/>\n<meta name=\"twitter:card\" content=\"summary_large_image\" \/>\n<meta name=\"twitter:label1\" content=\"Tempo di lettura stimato\" \/>\n\t<meta name=\"twitter:data1\" content=\"1 minuto\" \/>\n<script type=\"application\/ld+json\" class=\"yoast-schema-graph\">{\"@context\":\"https:\/\/schema.org\",\"@graph\":[{\"@type\":\"WebPage\",\"@id\":\"https:\/\/nanda.si\/it\/prodotto\/abito-retro-blu-scuro-con-motivo-pepita\/\",\"url\":\"https:\/\/nanda.si\/it\/prodotto\/abito-retro-blu-scuro-con-motivo-pepita\/\",\"name\":\"Abito retr\u00f2 blu scuro con motivo pepita | Ines Drole Nanda\",\"isPartOf\":{\"@id\":\"https:\/\/nanda.si\/it\/#website\"},\"primaryImageOfPage\":{\"@id\":\"https:\/\/nanda.si\/it\/prodotto\/abito-retro-blu-scuro-con-motivo-pepita\/#primaryimage\"},\"image\":{\"@id\":\"https:\/\/nanda.si\/it\/prodotto\/abito-retro-blu-scuro-con-motivo-pepita\/#primaryimage\"},\"thumbnailUrl\":\"https:\/\/nanda.si\/wp-content\/uploads\/2024\/11\/modra-volnena-karo-obleka-cela.-Rjpg.jpg\",\"datePublished\":\"2024-11-12T21:20:06+00:00\",\"description\":\"Questo vestito retr\u00f2 blu scuro con motivo pepita \u00e8 realizzato in jersey di lana ed \u00e8 adatto alle giornate fredde perch\u00e9 \u00e8 molto caldo.\",\"breadcrumb\":{\"@id\":\"https:\/\/nanda.si\/it\/prodotto\/abito-retro-blu-scuro-con-motivo-pepita\/#breadcrumb\"},\"inLanguage\":\"it-IT\",\"potentialAction\":[{\"@type\":\"ReadAction\",\"target\":[\"https:\/\/nanda.si\/it\/prodotto\/abito-retro-blu-scuro-con-motivo-pepita\/\"]}]},{\"@type\":\"ImageObject\",\"inLanguage\":\"it-IT\",\"@id\":\"https:\/\/nanda.si\/it\/prodotto\/abito-retro-blu-scuro-con-motivo-pepita\/#primaryimage\",\"url\":\"https:\/\/nanda.si\/wp-content\/uploads\/2024\/11\/modra-volnena-karo-obleka-cela.-Rjpg.jpg\",\"contentUrl\":\"https:\/\/nanda.si\/wp-content\/uploads\/2024\/11\/modra-volnena-karo-obleka-cela.-Rjpg.jpg\",\"width\":454,\"height\":605},{\"@type\":\"BreadcrumbList\",\"@id\":\"https:\/\/nanda.si\/it\/prodotto\/abito-retro-blu-scuro-con-motivo-pepita\/#breadcrumb\",\"itemListElement\":[{\"@type\":\"ListItem\",\"position\":1,\"name\":\"Home\",\"item\":\"https:\/\/nanda.si\/it\/casa\/\"},{\"@type\":\"ListItem\",\"position\":2,\"name\":\"Negozio\",\"item\":\"https:\/\/nanda.si\/negozio\/\"},{\"@type\":\"ListItem\",\"position\":3,\"name\":\"Abito retr\u00f2 blu scuro con motivo pepita\"}]},{\"@type\":\"WebSite\",\"@id\":\"https:\/\/nanda.si\/it\/#website\",\"url\":\"https:\/\/nanda.si\/it\/\",\"name\":\"Ines Drole Nanda\",\"description\":\"Umetelne tekstilne kreacije za edinstven dom in unikatna obla\u010dila.\",\"publisher\":{\"@id\":\"https:\/\/nanda.si\/it\/#organization\"},\"potentialAction\":[{\"@type\":\"SearchAction\",\"target\":{\"@type\":\"EntryPoint\",\"urlTemplate\":\"https:\/\/nanda.si\/it\/?s={search_term_string}\"},\"query-input\":{\"@type\":\"PropertyValueSpecification\",\"valueRequired\":true,\"valueName\":\"search_term_string\"}}],\"inLanguage\":\"it-IT\"},{\"@type\":\"Organization\",\"@id\":\"https:\/\/nanda.si\/it\/#organization\",\"name\":\"Ines Drole NANDA\",\"url\":\"https:\/\/nanda.si\/it\/\",\"logo\":{\"@type\":\"ImageObject\",\"inLanguage\":\"it-IT\",\"@id\":\"https:\/\/nanda.si\/it\/#\/schema\/logo\/image\/\",\"url\":\"https:\/\/nanda.si\/wp-content\/uploads\/2022\/07\/logoNANDA-oval_Res.jpg\",\"contentUrl\":\"https:\/\/nanda.si\/wp-content\/uploads\/2022\/07\/logoNANDA-oval_Res.jpg\",\"width\":600,\"height\":600,\"caption\":\"Ines Drole NANDA\"},\"image\":{\"@id\":\"https:\/\/nanda.si\/it\/#\/schema\/logo\/image\/\"}}]}<\/script>\n<!-- \/ Yoast SEO plugin. -->","yoast_head_json":{"title":"Abito retr\u00f2 blu scuro con motivo pepita | Ines Drole Nanda","description":"Questo vestito retr\u00f2 blu scuro con motivo pepita \u00e8 realizzato in jersey di lana ed \u00e8 adatto alle giornate fredde perch\u00e9 \u00e8 molto caldo.","robots":{"index":"index","follow":"follow","max-snippet":"max-snippet:-1","max-image-preview":"max-image-preview:large","max-video-preview":"max-video-preview:-1"},"canonical":"https:\/\/nanda.si\/it\/prodotto\/abito-retro-blu-scuro-con-motivo-pepita\/","og_locale":"it_IT","og_type":"article","og_title":"Abito retr\u00f2 blu scuro con motivo pepita | Ines Drole Nanda","og_description":"Questo vestito retr\u00f2 blu scuro con motivo pepita \u00e8 realizzato in jersey di lana ed \u00e8 adatto alle giornate fredde perch\u00e9 \u00e8 molto caldo.","og_url":"https:\/\/nanda.si\/it\/prodotto\/abito-retro-blu-scuro-con-motivo-pepita\/","og_site_name":"Ines Drole Nanda","og_image":[{"width":454,"height":605,"url":"https:\/\/nanda.si\/wp-content\/uploads\/2024\/11\/modra-volnena-karo-obleka-cela.-Rjpg.jpg","type":"image\/jpeg"}],"twitter_card":"summary_large_image","twitter_misc":{"Tempo di lettura stimato":"1 minuto"},"schema":{"@context":"https:\/\/schema.org","@graph":[{"@type":"WebPage","@id":"https:\/\/nanda.si\/it\/prodotto\/abito-retro-blu-scuro-con-motivo-pepita\/","url":"https:\/\/nanda.si\/it\/prodotto\/abito-retro-blu-scuro-con-motivo-pepita\/","name":"Abito retr\u00f2 blu scuro con motivo pepita | Ines Drole Nanda","isPartOf":{"@id":"https:\/\/nanda.si\/it\/#website"},"primaryImageOfPage":{"@id":"https:\/\/nanda.si\/it\/prodotto\/abito-retro-blu-scuro-con-motivo-pepita\/#primaryimage"},"image":{"@id":"https:\/\/nanda.si\/it\/prodotto\/abito-retro-blu-scuro-con-motivo-pepita\/#primaryimage"},"thumbnailUrl":"https:\/\/nanda.si\/wp-content\/uploads\/2024\/11\/modra-volnena-karo-obleka-cela.-Rjpg.jpg","datePublished":"2024-11-12T21:20:06+00:00","description":"Questo vestito retr\u00f2 blu scuro con motivo pepita \u00e8 realizzato in jersey di lana ed \u00e8 adatto alle giornate fredde perch\u00e9 \u00e8 molto caldo.","breadcrumb":{"@id":"https:\/\/nanda.si\/it\/prodotto\/abito-retro-blu-scuro-con-motivo-pepita\/#breadcrumb"},"inLanguage":"it-IT","potentialAction":[{"@type":"ReadAction","target":["https:\/\/nanda.si\/it\/prodotto\/abito-retro-blu-scuro-con-motivo-pepita\/"]}]},{"@type":"ImageObject","inLanguage":"it-IT","@id":"https:\/\/nanda.si\/it\/prodotto\/abito-retro-blu-scuro-con-motivo-pepita\/#primaryimage","url":"https:\/\/nanda.si\/wp-content\/uploads\/2024\/11\/modra-volnena-karo-obleka-cela.-Rjpg.jpg","contentUrl":"https:\/\/nanda.si\/wp-content\/uploads\/2024\/11\/modra-volnena-karo-obleka-cela.-Rjpg.jpg","width":454,"height":605},{"@type":"BreadcrumbList","@id":"https:\/\/nanda.si\/it\/prodotto\/abito-retro-blu-scuro-con-motivo-pepita\/#breadcrumb","itemListElement":[{"@type":"ListItem","position":1,"name":"Home","item":"https:\/\/nanda.si\/it\/casa\/"},{"@type":"ListItem","position":2,"name":"Negozio","item":"https:\/\/nanda.si\/negozio\/"},{"@type":"ListItem","position":3,"name":"Abito retr\u00f2 blu scuro con motivo pepita"}]},{"@type":"WebSite","@id":"https:\/\/nanda.si\/it\/#website","url":"https:\/\/nanda.si\/it\/","name":"Ines Drole Nanda","description":"Umetelne tekstilne kreacije za edinstven dom in unikatna obla\u010dila.","publisher":{"@id":"https:\/\/nanda.si\/it\/#organization"},"potentialAction":[{"@type":"SearchAction","target":{"@type":"EntryPoint","urlTemplate":"https:\/\/nanda.si\/it\/?s={search_term_string}"},"query-input":{"@type":"PropertyValueSpecification","valueRequired":true,"valueName":"search_term_string"}}],"inLanguage":"it-IT"},{"@type":"Organization","@id":"https:\/\/nanda.si\/it\/#organization","name":"Ines Drole NANDA","url":"https:\/\/nanda.si\/it\/","logo":{"@type":"ImageObject","inLanguage":"it-IT","@id":"https:\/\/nanda.si\/it\/#\/schema\/logo\/image\/","url":"https:\/\/nanda.si\/wp-content\/uploads\/2022\/07\/logoNANDA-oval_Res.jpg","contentUrl":"https:\/\/nanda.si\/wp-content\/uploads\/2022\/07\/logoNANDA-oval_Res.jpg","width":600,"height":600,"caption":"Ines Drole NANDA"},"image":{"@id":"https:\/\/nanda.si\/it\/#\/schema\/logo\/image\/"}}]}},"_links":{"self":[{"href":"https:\/\/nanda.si\/it\/wp-json\/wp\/v2\/product\/6282","targetHints":{"allow":["GET"]}}],"collection":[{"href":"https:\/\/nanda.si\/it\/wp-json\/wp\/v2\/product"}],"about":[{"href":"https:\/\/nanda.si\/it\/wp-json\/wp\/v2\/types\/product"}],"replies":[{"embeddable":true,"href":"https:\/\/nanda.si\/it\/wp-json\/wp\/v2\/comments?post=6282"}],"wp:featuredmedia":[{"embeddable":true,"href":"https:\/\/nanda.si\/it\/wp-json\/wp\/v2\/media\/5946"}],"wp:attachment":[{"href":"https:\/\/nanda.si\/it\/wp-json\/wp\/v2\/media?parent=6282"}],"wp:term":[{"taxonomy":"product_brand","embeddable":true,"href":"https:\/\/nanda.si\/it\/wp-json\/wp\/v2\/product_brand?post=6282"},{"taxonomy":"product_cat","embeddable":true,"href":"https:\/\/nanda.si\/it\/wp-json\/wp\/v2\/product_cat?post=6282"},{"taxonomy":"product_tag","embeddable":true,"href":"https:\/\/nanda.si\/it\/wp-json\/wp\/v2\/product_tag?post=6282"}],"curies":[{"name":"wp","href":"https:\/\/api.w.org\/{rel}","templated":true}]}}