{"id":6030,"date":"2024-11-24T17:24:10","date_gmt":"2024-11-24T17:24:10","guid":{"rendered":"https:\/\/nanda.si\/product\/quadro-decorativo-minimalista-della-luna-e-delle-stelle-in-oro\/"},"modified":"2024-11-24T17:24:10","modified_gmt":"2024-11-24T17:24:10","slug":"quadro-decorativo-minimalista-della-luna-e-delle-stelle-in-oro","status":"publish","type":"product","link":"https:\/\/nanda.si\/it\/prodotto\/quadro-decorativo-minimalista-della-luna-e-delle-stelle-in-oro\/","title":{"rendered":"Quadro decorativo minimalista della Luna e delle stelle in oro"},"content":{"rendered":"<p>Questo quadro decorativo minimalista della Luna e delle stelle in oro su uno sfondo di bronzo presenta un&#8217;immagine astratta della misteriosa luna. L&#8217;impatto di questo satellite sulla vita del pianeta non \u00e8 ancora stato completamente svelato, ma \u00e8 visibile nella natura e nelle persone. La luna ci mette in contatto con l&#8217;intuizione e l&#8217;istinto che \u00e8 in noi, con i sentimenti e le emozioni, sia quelle del passato che quelle del futuro. La tela principale \u00e8 in bronzo con sfumature di riflessi dorati che prendono vita sotto diverse angolazioni di luce. La luna irradia la sua energia nel cosmo, illustrata dai suoi raggi, sotto forma di uno zigzag increspato. Sullo sfondo ci sono stelle lontane, pianeti&#8230; un&#8217;eternit\u00e0 onnipresente. Gli elementi sono realizzati in argilla sintetica e poi dipinti in oro scintillante.<br \/>\nIl simbolo della luna favorisce l&#8217;approfondimento di se stessi e l&#8217;intuizione, e di conseguenza una migliore comprensione degli altri. Il dipinto misura 70 x 50 x 3 cm.      <\/p>\n","protected":false},"excerpt":{"rendered":"<p>Questo quadro decorativo minimalista della Luna e delle stelle in oro su uno sfondo di bronzo presenta un&#8217;immagine astratta della misteriosa luna. L&#8217;impatto di questo satellite sulla vita del pianeta&hellip;<\/p>\n","protected":false},"featured_media":6018,"comment_status":"open","ping_status":"closed","template":"","meta":[],"product_brand":[],"product_cat":[279],"product_tag":[],"class_list":{"0":"post-6030","1":"product","2":"type-product","3":"status-publish","4":"has-post-thumbnail","6":"product_cat-quadri-decorativi","8":"first","9":"instock","10":"sold-individually","11":"shipping-taxable","12":"purchasable","13":"product-type-simple"},"yoast_head":"<!-- This site is optimized with the Yoast SEO plugin v27.2 - https:\/\/yoast.com\/product\/yoast-seo-wordpress\/ -->\n<title>Quadro decorativo minimalista della Luna e delle stelle in oro | Ines Drole Nanda<\/title>\n<meta name=\"description\" content=\"Questo quadro decorativo minimalista con La luna e le stelle in oro supporta l&#039;intuizione e l&#039;istinto in noi, mettendoci in contatto con i sentimenti e le emozioni.\" \/>\n<meta name=\"robots\" content=\"index, follow, max-snippet:-1, max-image-preview:large, max-video-preview:-1\" \/>\n<link rel=\"canonical\" href=\"https:\/\/nanda.si\/it\/prodotto\/quadro-decorativo-minimalista-della-luna-e-delle-stelle-in-oro\/\" \/>\n<meta property=\"og:locale\" content=\"it_IT\" \/>\n<meta property=\"og:type\" content=\"article\" \/>\n<meta property=\"og:title\" content=\"Quadro decorativo minimalista della Luna e delle stelle in oro | Ines Drole Nanda\" \/>\n<meta property=\"og:description\" content=\"Questo quadro decorativo minimalista con La luna e le stelle in oro supporta l&#039;intuizione e l&#039;istinto in noi, mettendoci in contatto con i sentimenti e le emozioni.\" \/>\n<meta property=\"og:url\" content=\"https:\/\/nanda.si\/it\/prodotto\/quadro-decorativo-minimalista-della-luna-e-delle-stelle-in-oro\/\" \/>\n<meta property=\"og:site_name\" content=\"Ines Drole Nanda\" \/>\n<meta property=\"og:image\" content=\"https:\/\/nanda.si\/wp-content\/uploads\/2024\/11\/Moon-and-the-stars-front-50-x-70-cm-R.jpg\" \/>\n\t<meta property=\"og:image:width\" content=\"431\" \/>\n\t<meta property=\"og:image:height\" content=\"323\" \/>\n\t<meta property=\"og:image:type\" content=\"image\/jpeg\" \/>\n<meta name=\"twitter:card\" content=\"summary_large_image\" \/>\n<meta name=\"twitter:label1\" content=\"Tempo di lettura stimato\" \/>\n\t<meta name=\"twitter:data1\" content=\"1 minuto\" \/>\n<script type=\"application\/ld+json\" class=\"yoast-schema-graph\">{\"@context\":\"https:\/\/schema.org\",\"@graph\":[{\"@type\":\"WebPage\",\"@id\":\"https:\/\/nanda.si\/it\/prodotto\/quadro-decorativo-minimalista-della-luna-e-delle-stelle-in-oro\/\",\"url\":\"https:\/\/nanda.si\/it\/prodotto\/quadro-decorativo-minimalista-della-luna-e-delle-stelle-in-oro\/\",\"name\":\"Quadro decorativo minimalista della Luna e delle stelle in oro | Ines Drole Nanda\",\"isPartOf\":{\"@id\":\"https:\/\/nanda.si\/it\/#website\"},\"primaryImageOfPage\":{\"@id\":\"https:\/\/nanda.si\/it\/prodotto\/quadro-decorativo-minimalista-della-luna-e-delle-stelle-in-oro\/#primaryimage\"},\"image\":{\"@id\":\"https:\/\/nanda.si\/it\/prodotto\/quadro-decorativo-minimalista-della-luna-e-delle-stelle-in-oro\/#primaryimage\"},\"thumbnailUrl\":\"https:\/\/nanda.si\/wp-content\/uploads\/2024\/11\/Moon-and-the-stars-front-50-x-70-cm-R.jpg\",\"datePublished\":\"2024-11-24T17:24:10+00:00\",\"description\":\"Questo quadro decorativo minimalista con La luna e le stelle in oro supporta l'intuizione e l'istinto in noi, mettendoci in contatto con i sentimenti e le emozioni.\",\"breadcrumb\":{\"@id\":\"https:\/\/nanda.si\/it\/prodotto\/quadro-decorativo-minimalista-della-luna-e-delle-stelle-in-oro\/#breadcrumb\"},\"inLanguage\":\"it-IT\",\"potentialAction\":[{\"@type\":\"ReadAction\",\"target\":[\"https:\/\/nanda.si\/it\/prodotto\/quadro-decorativo-minimalista-della-luna-e-delle-stelle-in-oro\/\"]}]},{\"@type\":\"ImageObject\",\"inLanguage\":\"it-IT\",\"@id\":\"https:\/\/nanda.si\/it\/prodotto\/quadro-decorativo-minimalista-della-luna-e-delle-stelle-in-oro\/#primaryimage\",\"url\":\"https:\/\/nanda.si\/wp-content\/uploads\/2024\/11\/Moon-and-the-stars-front-50-x-70-cm-R.jpg\",\"contentUrl\":\"https:\/\/nanda.si\/wp-content\/uploads\/2024\/11\/Moon-and-the-stars-front-50-x-70-cm-R.jpg\",\"width\":431,\"height\":323},{\"@type\":\"BreadcrumbList\",\"@id\":\"https:\/\/nanda.si\/it\/prodotto\/quadro-decorativo-minimalista-della-luna-e-delle-stelle-in-oro\/#breadcrumb\",\"itemListElement\":[{\"@type\":\"ListItem\",\"position\":1,\"name\":\"Home\",\"item\":\"https:\/\/nanda.si\/it\/casa\/\"},{\"@type\":\"ListItem\",\"position\":2,\"name\":\"Negozio\",\"item\":\"https:\/\/nanda.si\/negozio\/\"},{\"@type\":\"ListItem\",\"position\":3,\"name\":\"Quadro decorativo minimalista della Luna e delle stelle in oro\"}]},{\"@type\":\"WebSite\",\"@id\":\"https:\/\/nanda.si\/it\/#website\",\"url\":\"https:\/\/nanda.si\/it\/\",\"name\":\"Ines Drole Nanda\",\"description\":\"Umetelne tekstilne kreacije za edinstven dom in unikatna obla\u010dila.\",\"publisher\":{\"@id\":\"https:\/\/nanda.si\/it\/#organization\"},\"potentialAction\":[{\"@type\":\"SearchAction\",\"target\":{\"@type\":\"EntryPoint\",\"urlTemplate\":\"https:\/\/nanda.si\/it\/?s={search_term_string}\"},\"query-input\":{\"@type\":\"PropertyValueSpecification\",\"valueRequired\":true,\"valueName\":\"search_term_string\"}}],\"inLanguage\":\"it-IT\"},{\"@type\":\"Organization\",\"@id\":\"https:\/\/nanda.si\/it\/#organization\",\"name\":\"Ines Drole NANDA\",\"url\":\"https:\/\/nanda.si\/it\/\",\"logo\":{\"@type\":\"ImageObject\",\"inLanguage\":\"it-IT\",\"@id\":\"https:\/\/nanda.si\/it\/#\/schema\/logo\/image\/\",\"url\":\"https:\/\/nanda.si\/wp-content\/uploads\/2022\/07\/logoNANDA-oval_Res.jpg\",\"contentUrl\":\"https:\/\/nanda.si\/wp-content\/uploads\/2022\/07\/logoNANDA-oval_Res.jpg\",\"width\":600,\"height\":600,\"caption\":\"Ines Drole NANDA\"},\"image\":{\"@id\":\"https:\/\/nanda.si\/it\/#\/schema\/logo\/image\/\"}}]}<\/script>\n<!-- \/ Yoast SEO plugin. -->","yoast_head_json":{"title":"Quadro decorativo minimalista della Luna e delle stelle in oro | Ines Drole Nanda","description":"Questo quadro decorativo minimalista con La luna e le stelle in oro supporta l'intuizione e l'istinto in noi, mettendoci in contatto con i sentimenti e le emozioni.","robots":{"index":"index","follow":"follow","max-snippet":"max-snippet:-1","max-image-preview":"max-image-preview:large","max-video-preview":"max-video-preview:-1"},"canonical":"https:\/\/nanda.si\/it\/prodotto\/quadro-decorativo-minimalista-della-luna-e-delle-stelle-in-oro\/","og_locale":"it_IT","og_type":"article","og_title":"Quadro decorativo minimalista della Luna e delle stelle in oro | Ines Drole Nanda","og_description":"Questo quadro decorativo minimalista con La luna e le stelle in oro supporta l'intuizione e l'istinto in noi, mettendoci in contatto con i sentimenti e le emozioni.","og_url":"https:\/\/nanda.si\/it\/prodotto\/quadro-decorativo-minimalista-della-luna-e-delle-stelle-in-oro\/","og_site_name":"Ines Drole Nanda","og_image":[{"width":431,"height":323,"url":"https:\/\/nanda.si\/wp-content\/uploads\/2024\/11\/Moon-and-the-stars-front-50-x-70-cm-R.jpg","type":"image\/jpeg"}],"twitter_card":"summary_large_image","twitter_misc":{"Tempo di lettura stimato":"1 minuto"},"schema":{"@context":"https:\/\/schema.org","@graph":[{"@type":"WebPage","@id":"https:\/\/nanda.si\/it\/prodotto\/quadro-decorativo-minimalista-della-luna-e-delle-stelle-in-oro\/","url":"https:\/\/nanda.si\/it\/prodotto\/quadro-decorativo-minimalista-della-luna-e-delle-stelle-in-oro\/","name":"Quadro decorativo minimalista della Luna e delle stelle in oro | Ines Drole Nanda","isPartOf":{"@id":"https:\/\/nanda.si\/it\/#website"},"primaryImageOfPage":{"@id":"https:\/\/nanda.si\/it\/prodotto\/quadro-decorativo-minimalista-della-luna-e-delle-stelle-in-oro\/#primaryimage"},"image":{"@id":"https:\/\/nanda.si\/it\/prodotto\/quadro-decorativo-minimalista-della-luna-e-delle-stelle-in-oro\/#primaryimage"},"thumbnailUrl":"https:\/\/nanda.si\/wp-content\/uploads\/2024\/11\/Moon-and-the-stars-front-50-x-70-cm-R.jpg","datePublished":"2024-11-24T17:24:10+00:00","description":"Questo quadro decorativo minimalista con La luna e le stelle in oro supporta l'intuizione e l'istinto in noi, mettendoci in contatto con i sentimenti e le emozioni.","breadcrumb":{"@id":"https:\/\/nanda.si\/it\/prodotto\/quadro-decorativo-minimalista-della-luna-e-delle-stelle-in-oro\/#breadcrumb"},"inLanguage":"it-IT","potentialAction":[{"@type":"ReadAction","target":["https:\/\/nanda.si\/it\/prodotto\/quadro-decorativo-minimalista-della-luna-e-delle-stelle-in-oro\/"]}]},{"@type":"ImageObject","inLanguage":"it-IT","@id":"https:\/\/nanda.si\/it\/prodotto\/quadro-decorativo-minimalista-della-luna-e-delle-stelle-in-oro\/#primaryimage","url":"https:\/\/nanda.si\/wp-content\/uploads\/2024\/11\/Moon-and-the-stars-front-50-x-70-cm-R.jpg","contentUrl":"https:\/\/nanda.si\/wp-content\/uploads\/2024\/11\/Moon-and-the-stars-front-50-x-70-cm-R.jpg","width":431,"height":323},{"@type":"BreadcrumbList","@id":"https:\/\/nanda.si\/it\/prodotto\/quadro-decorativo-minimalista-della-luna-e-delle-stelle-in-oro\/#breadcrumb","itemListElement":[{"@type":"ListItem","position":1,"name":"Home","item":"https:\/\/nanda.si\/it\/casa\/"},{"@type":"ListItem","position":2,"name":"Negozio","item":"https:\/\/nanda.si\/negozio\/"},{"@type":"ListItem","position":3,"name":"Quadro decorativo minimalista della Luna e delle stelle in oro"}]},{"@type":"WebSite","@id":"https:\/\/nanda.si\/it\/#website","url":"https:\/\/nanda.si\/it\/","name":"Ines Drole Nanda","description":"Umetelne tekstilne kreacije za edinstven dom in unikatna obla\u010dila.","publisher":{"@id":"https:\/\/nanda.si\/it\/#organization"},"potentialAction":[{"@type":"SearchAction","target":{"@type":"EntryPoint","urlTemplate":"https:\/\/nanda.si\/it\/?s={search_term_string}"},"query-input":{"@type":"PropertyValueSpecification","valueRequired":true,"valueName":"search_term_string"}}],"inLanguage":"it-IT"},{"@type":"Organization","@id":"https:\/\/nanda.si\/it\/#organization","name":"Ines Drole NANDA","url":"https:\/\/nanda.si\/it\/","logo":{"@type":"ImageObject","inLanguage":"it-IT","@id":"https:\/\/nanda.si\/it\/#\/schema\/logo\/image\/","url":"https:\/\/nanda.si\/wp-content\/uploads\/2022\/07\/logoNANDA-oval_Res.jpg","contentUrl":"https:\/\/nanda.si\/wp-content\/uploads\/2022\/07\/logoNANDA-oval_Res.jpg","width":600,"height":600,"caption":"Ines Drole NANDA"},"image":{"@id":"https:\/\/nanda.si\/it\/#\/schema\/logo\/image\/"}}]}},"_links":{"self":[{"href":"https:\/\/nanda.si\/it\/wp-json\/wp\/v2\/product\/6030","targetHints":{"allow":["GET"]}}],"collection":[{"href":"https:\/\/nanda.si\/it\/wp-json\/wp\/v2\/product"}],"about":[{"href":"https:\/\/nanda.si\/it\/wp-json\/wp\/v2\/types\/product"}],"replies":[{"embeddable":true,"href":"https:\/\/nanda.si\/it\/wp-json\/wp\/v2\/comments?post=6030"}],"wp:featuredmedia":[{"embeddable":true,"href":"https:\/\/nanda.si\/it\/wp-json\/wp\/v2\/media\/6018"}],"wp:attachment":[{"href":"https:\/\/nanda.si\/it\/wp-json\/wp\/v2\/media?parent=6030"}],"wp:term":[{"taxonomy":"product_brand","embeddable":true,"href":"https:\/\/nanda.si\/it\/wp-json\/wp\/v2\/product_brand?post=6030"},{"taxonomy":"product_cat","embeddable":true,"href":"https:\/\/nanda.si\/it\/wp-json\/wp\/v2\/product_cat?post=6030"},{"taxonomy":"product_tag","embeddable":true,"href":"https:\/\/nanda.si\/it\/wp-json\/wp\/v2\/product_tag?post=6030"}],"curies":[{"name":"wp","href":"https:\/\/api.w.org\/{rel}","templated":true}]}}