{"id":5834,"date":"2024-07-28T13:55:48","date_gmt":"2024-07-28T13:55:48","guid":{"rendered":"https:\/\/nanda.si\/product\/quadro-decorativo-in-bianco-e-nero-con-stormi-di-uccelli\/"},"modified":"2024-07-28T13:55:48","modified_gmt":"2024-07-28T13:55:48","slug":"quadro-decorativo-in-bianco-e-nero-con-stormi-di-uccelli","status":"publish","type":"product","link":"https:\/\/nanda.si\/it\/prodotto\/quadro-decorativo-in-bianco-e-nero-con-stormi-di-uccelli\/","title":{"rendered":"Quadro decorativo in bianco e nero con stormi di uccelli"},"content":{"rendered":"<p>Il dipinto decorativo in bianco e nero A Flock of Birds \u00e8 un&#8217;immagine astratta di libert\u00e0 e attaccamento allo stesso tempo. L&#8217;uccello \u00e8 libero, ma lo stormo gli d\u00e0 sicurezza. Il simbolo dell&#8217;uccello ci ricorda la libert\u00e0 senza limiti, mentre lo stormo incarna la societ\u00e0, la famiglia, gli amici che sostengono l&#8217;individuo. La tela di base \u00e8 di colore bianco perla, con dimensioni di 55 x 68 x 4 cm. Gli elementi minimalisti degli uccelli sono stati realizzati in argilla sintetica e modellati a forma di curve, poi dipinti con un colore che non \u00e8 mai stato cos\u00ec scuro.      <span style=\"font-size: 1.125rem;\">nero, definito da teste di uccelli dorate. Gli elementi dello stormo si estendono sulle due tele sfalsate, simboleggiando l&#8217;integrazione. <\/span><span style=\"font-size: 1.125rem;\">  Abbiamo dimenticato quanto sia semplice in natura essere liberi e appartenere al tutto, e questa foto parla chiaro. Sulla libert\u00e0 e sulla comunit\u00e0, sulla famiglia, sull&#8217;amicizia, sul sostegno. Il dipinto ha una forma avanguardistica, uno stile minimalista.    <\/span><\/p>\n","protected":false},"excerpt":{"rendered":"<p>La decorazione murale aggiunge energia e stile all&#8217;ambiente e crea un&#8217;atmosfera. La decorazione da parete scelta si integra con lo stile esistente dell&#8217;interno e aggiunge un accento che cambia l&#8217;atmosfera generale della stanza. Gli oggetti che appendi alle pareti riflettono il tuo stile di vita e catturano la tua immaginazione. Possono trasportarti in un altro mondo o ricordarti ci\u00f2 che trovi bello, divertente, ecc. A volte sono un ricordo di luoghi, di persone speciali, possono essere un mantra quotidiano o un motivo per iniziare una conversazione&#8230;.Il quadro decorativo Uno stormo di uccelli \u00e8 un modello della natura che ci mostra come essere liberi e allo stesso tempo appartenere a una comunit\u00e0.<\/p>\n","protected":false},"featured_media":5799,"comment_status":"open","ping_status":"closed","template":"","meta":[],"product_brand":[],"product_cat":[279],"product_tag":[],"class_list":{"0":"post-5834","1":"product","2":"type-product","3":"status-publish","4":"has-post-thumbnail","6":"product_cat-quadri-decorativi","8":"first","9":"instock","10":"shipping-taxable","11":"purchasable","12":"product-type-simple"},"yoast_head":"<!-- This site is optimized with the Yoast SEO plugin v27.2 - https:\/\/yoast.com\/product\/yoast-seo-wordpress\/ -->\n<title>Quadro decorativo in bianco e nero con stormi di uccelli | Ines Drole Nanda<\/title>\n<meta name=\"description\" content=\"Il dipinto decorativo in bianco e nero Flock of Birds \u00e8 un&#039;immagine astratta di libert\u00e0 e attaccamento allo stesso tempo. Il modello della natura ci mostra come essere liberi e appartenere al tutto allo stesso tempo.\" \/>\n<meta name=\"robots\" content=\"index, follow, max-snippet:-1, max-image-preview:large, max-video-preview:-1\" \/>\n<link rel=\"canonical\" href=\"https:\/\/nanda.si\/it\/prodotto\/quadro-decorativo-in-bianco-e-nero-con-stormi-di-uccelli\/\" \/>\n<meta property=\"og:locale\" content=\"it_IT\" \/>\n<meta property=\"og:type\" content=\"article\" \/>\n<meta property=\"og:title\" content=\"Quadro decorativo in bianco e nero con stormi di uccelli | Ines Drole Nanda\" \/>\n<meta property=\"og:description\" content=\"Il dipinto decorativo in bianco e nero Flock of Birds \u00e8 un&#039;immagine astratta di libert\u00e0 e attaccamento allo stesso tempo. Il modello della natura ci mostra come essere liberi e appartenere al tutto allo stesso tempo.\" \/>\n<meta property=\"og:url\" content=\"https:\/\/nanda.si\/it\/prodotto\/quadro-decorativo-in-bianco-e-nero-con-stormi-di-uccelli\/\" \/>\n<meta property=\"og:site_name\" content=\"Ines Drole Nanda\" \/>\n<meta property=\"og:image\" content=\"https:\/\/nanda.si\/wp-content\/uploads\/2024\/07\/Dekorativna-slika-Jata-R.jpg\" \/>\n\t<meta property=\"og:image:width\" content=\"510\" \/>\n\t<meta property=\"og:image:height\" content=\"510\" \/>\n\t<meta property=\"og:image:type\" content=\"image\/jpeg\" \/>\n<meta name=\"twitter:card\" content=\"summary_large_image\" \/>\n<meta name=\"twitter:label1\" content=\"Tempo di lettura stimato\" \/>\n\t<meta name=\"twitter:data1\" content=\"1 minuto\" \/>\n<script type=\"application\/ld+json\" class=\"yoast-schema-graph\">{\"@context\":\"https:\/\/schema.org\",\"@graph\":[{\"@type\":\"WebPage\",\"@id\":\"https:\/\/nanda.si\/it\/prodotto\/quadro-decorativo-in-bianco-e-nero-con-stormi-di-uccelli\/\",\"url\":\"https:\/\/nanda.si\/it\/prodotto\/quadro-decorativo-in-bianco-e-nero-con-stormi-di-uccelli\/\",\"name\":\"Quadro decorativo in bianco e nero con stormi di uccelli | Ines Drole Nanda\",\"isPartOf\":{\"@id\":\"https:\/\/nanda.si\/it\/#website\"},\"primaryImageOfPage\":{\"@id\":\"https:\/\/nanda.si\/it\/prodotto\/quadro-decorativo-in-bianco-e-nero-con-stormi-di-uccelli\/#primaryimage\"},\"image\":{\"@id\":\"https:\/\/nanda.si\/it\/prodotto\/quadro-decorativo-in-bianco-e-nero-con-stormi-di-uccelli\/#primaryimage\"},\"thumbnailUrl\":\"https:\/\/nanda.si\/wp-content\/uploads\/2024\/07\/Dekorativna-slika-Jata-R.jpg\",\"datePublished\":\"2024-07-28T13:55:48+00:00\",\"description\":\"Il dipinto decorativo in bianco e nero Flock of Birds \u00e8 un'immagine astratta di libert\u00e0 e attaccamento allo stesso tempo. Il modello della natura ci mostra come essere liberi e appartenere al tutto allo stesso tempo.\",\"breadcrumb\":{\"@id\":\"https:\/\/nanda.si\/it\/prodotto\/quadro-decorativo-in-bianco-e-nero-con-stormi-di-uccelli\/#breadcrumb\"},\"inLanguage\":\"it-IT\",\"potentialAction\":[{\"@type\":\"ReadAction\",\"target\":[\"https:\/\/nanda.si\/it\/prodotto\/quadro-decorativo-in-bianco-e-nero-con-stormi-di-uccelli\/\"]}]},{\"@type\":\"ImageObject\",\"inLanguage\":\"it-IT\",\"@id\":\"https:\/\/nanda.si\/it\/prodotto\/quadro-decorativo-in-bianco-e-nero-con-stormi-di-uccelli\/#primaryimage\",\"url\":\"https:\/\/nanda.si\/wp-content\/uploads\/2024\/07\/Dekorativna-slika-Jata-R.jpg\",\"contentUrl\":\"https:\/\/nanda.si\/wp-content\/uploads\/2024\/07\/Dekorativna-slika-Jata-R.jpg\",\"width\":510,\"height\":510},{\"@type\":\"BreadcrumbList\",\"@id\":\"https:\/\/nanda.si\/it\/prodotto\/quadro-decorativo-in-bianco-e-nero-con-stormi-di-uccelli\/#breadcrumb\",\"itemListElement\":[{\"@type\":\"ListItem\",\"position\":1,\"name\":\"Home\",\"item\":\"https:\/\/nanda.si\/it\/casa\/\"},{\"@type\":\"ListItem\",\"position\":2,\"name\":\"Negozio\",\"item\":\"https:\/\/nanda.si\/negozio\/\"},{\"@type\":\"ListItem\",\"position\":3,\"name\":\"Quadro decorativo in bianco e nero con stormi di uccelli\"}]},{\"@type\":\"WebSite\",\"@id\":\"https:\/\/nanda.si\/it\/#website\",\"url\":\"https:\/\/nanda.si\/it\/\",\"name\":\"Ines Drole Nanda\",\"description\":\"Umetelne tekstilne kreacije za edinstven dom in unikatna obla\u010dila.\",\"publisher\":{\"@id\":\"https:\/\/nanda.si\/it\/#organization\"},\"potentialAction\":[{\"@type\":\"SearchAction\",\"target\":{\"@type\":\"EntryPoint\",\"urlTemplate\":\"https:\/\/nanda.si\/it\/?s={search_term_string}\"},\"query-input\":{\"@type\":\"PropertyValueSpecification\",\"valueRequired\":true,\"valueName\":\"search_term_string\"}}],\"inLanguage\":\"it-IT\"},{\"@type\":\"Organization\",\"@id\":\"https:\/\/nanda.si\/it\/#organization\",\"name\":\"Ines Drole NANDA\",\"url\":\"https:\/\/nanda.si\/it\/\",\"logo\":{\"@type\":\"ImageObject\",\"inLanguage\":\"it-IT\",\"@id\":\"https:\/\/nanda.si\/it\/#\/schema\/logo\/image\/\",\"url\":\"https:\/\/nanda.si\/wp-content\/uploads\/2022\/07\/logoNANDA-oval_Res.jpg\",\"contentUrl\":\"https:\/\/nanda.si\/wp-content\/uploads\/2022\/07\/logoNANDA-oval_Res.jpg\",\"width\":600,\"height\":600,\"caption\":\"Ines Drole NANDA\"},\"image\":{\"@id\":\"https:\/\/nanda.si\/it\/#\/schema\/logo\/image\/\"}}]}<\/script>\n<!-- \/ Yoast SEO plugin. -->","yoast_head_json":{"title":"Quadro decorativo in bianco e nero con stormi di uccelli | Ines Drole Nanda","description":"Il dipinto decorativo in bianco e nero Flock of Birds \u00e8 un'immagine astratta di libert\u00e0 e attaccamento allo stesso tempo. Il modello della natura ci mostra come essere liberi e appartenere al tutto allo stesso tempo.","robots":{"index":"index","follow":"follow","max-snippet":"max-snippet:-1","max-image-preview":"max-image-preview:large","max-video-preview":"max-video-preview:-1"},"canonical":"https:\/\/nanda.si\/it\/prodotto\/quadro-decorativo-in-bianco-e-nero-con-stormi-di-uccelli\/","og_locale":"it_IT","og_type":"article","og_title":"Quadro decorativo in bianco e nero con stormi di uccelli | Ines Drole Nanda","og_description":"Il dipinto decorativo in bianco e nero Flock of Birds \u00e8 un'immagine astratta di libert\u00e0 e attaccamento allo stesso tempo. Il modello della natura ci mostra come essere liberi e appartenere al tutto allo stesso tempo.","og_url":"https:\/\/nanda.si\/it\/prodotto\/quadro-decorativo-in-bianco-e-nero-con-stormi-di-uccelli\/","og_site_name":"Ines Drole Nanda","og_image":[{"width":510,"height":510,"url":"https:\/\/nanda.si\/wp-content\/uploads\/2024\/07\/Dekorativna-slika-Jata-R.jpg","type":"image\/jpeg"}],"twitter_card":"summary_large_image","twitter_misc":{"Tempo di lettura stimato":"1 minuto"},"schema":{"@context":"https:\/\/schema.org","@graph":[{"@type":"WebPage","@id":"https:\/\/nanda.si\/it\/prodotto\/quadro-decorativo-in-bianco-e-nero-con-stormi-di-uccelli\/","url":"https:\/\/nanda.si\/it\/prodotto\/quadro-decorativo-in-bianco-e-nero-con-stormi-di-uccelli\/","name":"Quadro decorativo in bianco e nero con stormi di uccelli | Ines Drole Nanda","isPartOf":{"@id":"https:\/\/nanda.si\/it\/#website"},"primaryImageOfPage":{"@id":"https:\/\/nanda.si\/it\/prodotto\/quadro-decorativo-in-bianco-e-nero-con-stormi-di-uccelli\/#primaryimage"},"image":{"@id":"https:\/\/nanda.si\/it\/prodotto\/quadro-decorativo-in-bianco-e-nero-con-stormi-di-uccelli\/#primaryimage"},"thumbnailUrl":"https:\/\/nanda.si\/wp-content\/uploads\/2024\/07\/Dekorativna-slika-Jata-R.jpg","datePublished":"2024-07-28T13:55:48+00:00","description":"Il dipinto decorativo in bianco e nero Flock of Birds \u00e8 un'immagine astratta di libert\u00e0 e attaccamento allo stesso tempo. Il modello della natura ci mostra come essere liberi e appartenere al tutto allo stesso tempo.","breadcrumb":{"@id":"https:\/\/nanda.si\/it\/prodotto\/quadro-decorativo-in-bianco-e-nero-con-stormi-di-uccelli\/#breadcrumb"},"inLanguage":"it-IT","potentialAction":[{"@type":"ReadAction","target":["https:\/\/nanda.si\/it\/prodotto\/quadro-decorativo-in-bianco-e-nero-con-stormi-di-uccelli\/"]}]},{"@type":"ImageObject","inLanguage":"it-IT","@id":"https:\/\/nanda.si\/it\/prodotto\/quadro-decorativo-in-bianco-e-nero-con-stormi-di-uccelli\/#primaryimage","url":"https:\/\/nanda.si\/wp-content\/uploads\/2024\/07\/Dekorativna-slika-Jata-R.jpg","contentUrl":"https:\/\/nanda.si\/wp-content\/uploads\/2024\/07\/Dekorativna-slika-Jata-R.jpg","width":510,"height":510},{"@type":"BreadcrumbList","@id":"https:\/\/nanda.si\/it\/prodotto\/quadro-decorativo-in-bianco-e-nero-con-stormi-di-uccelli\/#breadcrumb","itemListElement":[{"@type":"ListItem","position":1,"name":"Home","item":"https:\/\/nanda.si\/it\/casa\/"},{"@type":"ListItem","position":2,"name":"Negozio","item":"https:\/\/nanda.si\/negozio\/"},{"@type":"ListItem","position":3,"name":"Quadro decorativo in bianco e nero con stormi di uccelli"}]},{"@type":"WebSite","@id":"https:\/\/nanda.si\/it\/#website","url":"https:\/\/nanda.si\/it\/","name":"Ines Drole Nanda","description":"Umetelne tekstilne kreacije za edinstven dom in unikatna obla\u010dila.","publisher":{"@id":"https:\/\/nanda.si\/it\/#organization"},"potentialAction":[{"@type":"SearchAction","target":{"@type":"EntryPoint","urlTemplate":"https:\/\/nanda.si\/it\/?s={search_term_string}"},"query-input":{"@type":"PropertyValueSpecification","valueRequired":true,"valueName":"search_term_string"}}],"inLanguage":"it-IT"},{"@type":"Organization","@id":"https:\/\/nanda.si\/it\/#organization","name":"Ines Drole NANDA","url":"https:\/\/nanda.si\/it\/","logo":{"@type":"ImageObject","inLanguage":"it-IT","@id":"https:\/\/nanda.si\/it\/#\/schema\/logo\/image\/","url":"https:\/\/nanda.si\/wp-content\/uploads\/2022\/07\/logoNANDA-oval_Res.jpg","contentUrl":"https:\/\/nanda.si\/wp-content\/uploads\/2022\/07\/logoNANDA-oval_Res.jpg","width":600,"height":600,"caption":"Ines Drole NANDA"},"image":{"@id":"https:\/\/nanda.si\/it\/#\/schema\/logo\/image\/"}}]}},"_links":{"self":[{"href":"https:\/\/nanda.si\/it\/wp-json\/wp\/v2\/product\/5834","targetHints":{"allow":["GET"]}}],"collection":[{"href":"https:\/\/nanda.si\/it\/wp-json\/wp\/v2\/product"}],"about":[{"href":"https:\/\/nanda.si\/it\/wp-json\/wp\/v2\/types\/product"}],"replies":[{"embeddable":true,"href":"https:\/\/nanda.si\/it\/wp-json\/wp\/v2\/comments?post=5834"}],"wp:featuredmedia":[{"embeddable":true,"href":"https:\/\/nanda.si\/it\/wp-json\/wp\/v2\/media\/5799"}],"wp:attachment":[{"href":"https:\/\/nanda.si\/it\/wp-json\/wp\/v2\/media?parent=5834"}],"wp:term":[{"taxonomy":"product_brand","embeddable":true,"href":"https:\/\/nanda.si\/it\/wp-json\/wp\/v2\/product_brand?post=5834"},{"taxonomy":"product_cat","embeddable":true,"href":"https:\/\/nanda.si\/it\/wp-json\/wp\/v2\/product_cat?post=5834"},{"taxonomy":"product_tag","embeddable":true,"href":"https:\/\/nanda.si\/it\/wp-json\/wp\/v2\/product_tag?post=5834"}],"curies":[{"name":"wp","href":"https:\/\/api.w.org\/{rel}","templated":true}]}}