{"id":5310,"date":"2023-11-18T06:17:19","date_gmt":"2023-11-18T06:17:19","guid":{"rendered":"https:\/\/nanda.si\/?post_type=product&#038;p=5310"},"modified":"2024-12-03T10:37:04","modified_gmt":"2024-12-03T10:37:04","slug":"avantgardna-bez-tunika-brez-rokavov-svetla","status":"publish","type":"product","link":"https:\/\/nanda.si\/it\/prodotto\/avantgardna-bez-tunika-brez-rokavov-svetla\/","title":{"rendered":"Avantgardna be\u017e tunika brez rokavov Svetla"},"content":{"rendered":"<p>Avantgardna be\u017e tunika brez rokavov Svetla je narejena iz kompaktne bomba\u017ene tkanine, ki je spodaj kosmatena in nudi mehko udobje. Je enostavnega kroja minimalisti\u010dnih linij, ramena krasi avantgarden detajl v obliki trikotnika, ki se ponovi na spodnjem delu tunike brez rokavov, kar daje pridih prihodnosti. \u010cistost linij lahko zmeh\u010damo z dodatkom sponke v obliki abstraktnega cveta .Visok, asimetri\u010den ovratnik z razporkom je definiran s \u010drnim robom in je samostoje\u010d, lahko pa se zaviha navzdol. S \u010drnim robom so zaklju\u010dene tudi odprtine za rokave. Tunika je enostavna za vzdr\u017eevanje, lahko se jo pere in lika do 40 stopinj Celzija.<\/p>\n","protected":false},"excerpt":{"rendered":"<h5>Unikatna obla\u010dila NANDA za vsak dan izdelajo videz in pri\u010darajo razpolo\u017eenje. To so obleke izvirnega dizajna narejene iz kvalitetnih materialov, ki nudijo udobje in estetsko ugodje. Zgodbe iz tekstila, tokrat s pridihom avantgarde in futuristi\u010dne elegance.<\/h5>\n","protected":false},"featured_media":5314,"comment_status":"open","ping_status":"closed","template":"","meta":[],"product_brand":[],"product_cat":[120,119],"product_tag":[],"class_list":{"0":"post-5310","1":"product","2":"type-product","3":"status-publish","4":"has-post-thumbnail","6":"product_cat-originalna-oblacila","7":"product_cat-unikatna-oblacila-in-dodatki","9":"first","10":"onbackorder","11":"shipping-taxable","12":"product-type-variable"},"yoast_head":"<!-- This site is optimized with the Yoast SEO plugin v27.2 - https:\/\/yoast.com\/product\/yoast-seo-wordpress\/ -->\n<title>Avantgardna be\u017e tunika brez rokavov Svetla | Ines Drole Nanda<\/title>\n<meta name=\"description\" content=\"Avantgardna be\u017e tunika brez rokavov Svetla je narejena iz udobne debelej\u0161e bomba\u017ene tkanine in je enostavnih, \u010distih linij z minimalisti\u010dnimi detajli .\" \/>\n<meta name=\"robots\" content=\"index, follow, max-snippet:-1, max-image-preview:large, max-video-preview:-1\" \/>\n<link rel=\"canonical\" href=\"https:\/\/nanda.si\/it\/prodotto\/avantgardna-bez-tunika-brez-rokavov-svetla\/\" \/>\n<meta property=\"og:locale\" content=\"it_IT\" \/>\n<meta property=\"og:type\" content=\"article\" \/>\n<meta property=\"og:title\" content=\"Avantgardna be\u017e tunika brez rokavov Svetla | Ines Drole Nanda\" \/>\n<meta property=\"og:description\" content=\"Avantgardna be\u017e tunika brez rokavov Svetla je narejena iz udobne debelej\u0161e bomba\u017ene tkanine in je enostavnih, \u010distih linij z minimalisti\u010dnimi detajli .\" \/>\n<meta property=\"og:url\" content=\"https:\/\/nanda.si\/it\/prodotto\/avantgardna-bez-tunika-brez-rokavov-svetla\/\" \/>\n<meta property=\"og:site_name\" content=\"Ines Drole Nanda\" \/>\n<meta property=\"article:modified_time\" content=\"2024-12-03T10:37:04+00:00\" \/>\n<meta property=\"og:image\" content=\"https:\/\/nanda.si\/wp-content\/uploads\/2023\/11\/NOVember-2023-bez-brezrokavnik-futura-2.jpg\" \/>\n\t<meta property=\"og:image:width\" content=\"303\" \/>\n\t<meta property=\"og:image:height\" content=\"404\" \/>\n\t<meta property=\"og:image:type\" content=\"image\/jpeg\" \/>\n<meta name=\"twitter:card\" content=\"summary_large_image\" \/>\n<meta name=\"twitter:label1\" content=\"Tempo di lettura stimato\" \/>\n\t<meta name=\"twitter:data1\" content=\"1 minuto\" \/>\n<script type=\"application\/ld+json\" class=\"yoast-schema-graph\">{\"@context\":\"https:\/\/schema.org\",\"@graph\":[{\"@type\":\"WebPage\",\"@id\":\"https:\/\/nanda.si\/it\/prodotto\/avantgardna-bez-tunika-brez-rokavov-svetla\/\",\"url\":\"https:\/\/nanda.si\/it\/prodotto\/avantgardna-bez-tunika-brez-rokavov-svetla\/\",\"name\":\"Avantgardna be\u017e tunika brez rokavov Svetla | Ines Drole Nanda\",\"isPartOf\":{\"@id\":\"https:\/\/nanda.si\/it\/#website\"},\"primaryImageOfPage\":{\"@id\":\"https:\/\/nanda.si\/it\/prodotto\/avantgardna-bez-tunika-brez-rokavov-svetla\/#primaryimage\"},\"image\":{\"@id\":\"https:\/\/nanda.si\/it\/prodotto\/avantgardna-bez-tunika-brez-rokavov-svetla\/#primaryimage\"},\"thumbnailUrl\":\"https:\/\/nanda.si\/wp-content\/uploads\/2023\/11\/NOVember-2023-bez-brezrokavnik-futura-2.jpg\",\"datePublished\":\"2023-11-18T06:17:19+00:00\",\"dateModified\":\"2024-12-03T10:37:04+00:00\",\"description\":\"Avantgardna be\u017e tunika brez rokavov Svetla je narejena iz udobne debelej\u0161e bomba\u017ene tkanine in je enostavnih, \u010distih linij z minimalisti\u010dnimi detajli .\",\"breadcrumb\":{\"@id\":\"https:\/\/nanda.si\/it\/prodotto\/avantgardna-bez-tunika-brez-rokavov-svetla\/#breadcrumb\"},\"inLanguage\":\"it-IT\",\"potentialAction\":[{\"@type\":\"ReadAction\",\"target\":[\"https:\/\/nanda.si\/it\/prodotto\/avantgardna-bez-tunika-brez-rokavov-svetla\/\"]}]},{\"@type\":\"ImageObject\",\"inLanguage\":\"it-IT\",\"@id\":\"https:\/\/nanda.si\/it\/prodotto\/avantgardna-bez-tunika-brez-rokavov-svetla\/#primaryimage\",\"url\":\"https:\/\/nanda.si\/wp-content\/uploads\/2023\/11\/NOVember-2023-bez-brezrokavnik-futura-2.jpg\",\"contentUrl\":\"https:\/\/nanda.si\/wp-content\/uploads\/2023\/11\/NOVember-2023-bez-brezrokavnik-futura-2.jpg\",\"width\":303,\"height\":404},{\"@type\":\"BreadcrumbList\",\"@id\":\"https:\/\/nanda.si\/it\/prodotto\/avantgardna-bez-tunika-brez-rokavov-svetla\/#breadcrumb\",\"itemListElement\":[{\"@type\":\"ListItem\",\"position\":1,\"name\":\"Home\",\"item\":\"https:\/\/nanda.si\/it\/casa\/\"},{\"@type\":\"ListItem\",\"position\":2,\"name\":\"Negozio\",\"item\":\"https:\/\/nanda.si\/negozio\/\"},{\"@type\":\"ListItem\",\"position\":3,\"name\":\"Avantgardna be\u017e tunika brez rokavov Svetla\"}]},{\"@type\":\"WebSite\",\"@id\":\"https:\/\/nanda.si\/it\/#website\",\"url\":\"https:\/\/nanda.si\/it\/\",\"name\":\"Ines Drole Nanda\",\"description\":\"Umetelne tekstilne kreacije za edinstven dom in unikatna obla\u010dila.\",\"publisher\":{\"@id\":\"https:\/\/nanda.si\/it\/#organization\"},\"potentialAction\":[{\"@type\":\"SearchAction\",\"target\":{\"@type\":\"EntryPoint\",\"urlTemplate\":\"https:\/\/nanda.si\/it\/?s={search_term_string}\"},\"query-input\":{\"@type\":\"PropertyValueSpecification\",\"valueRequired\":true,\"valueName\":\"search_term_string\"}}],\"inLanguage\":\"it-IT\"},{\"@type\":\"Organization\",\"@id\":\"https:\/\/nanda.si\/it\/#organization\",\"name\":\"Ines Drole NANDA\",\"url\":\"https:\/\/nanda.si\/it\/\",\"logo\":{\"@type\":\"ImageObject\",\"inLanguage\":\"it-IT\",\"@id\":\"https:\/\/nanda.si\/it\/#\/schema\/logo\/image\/\",\"url\":\"https:\/\/nanda.si\/wp-content\/uploads\/2022\/07\/logoNANDA-oval_Res.jpg\",\"contentUrl\":\"https:\/\/nanda.si\/wp-content\/uploads\/2022\/07\/logoNANDA-oval_Res.jpg\",\"width\":600,\"height\":600,\"caption\":\"Ines Drole NANDA\"},\"image\":{\"@id\":\"https:\/\/nanda.si\/it\/#\/schema\/logo\/image\/\"}}]}<\/script>\n<!-- \/ Yoast SEO plugin. -->","yoast_head_json":{"title":"Avantgardna be\u017e tunika brez rokavov Svetla | Ines Drole Nanda","description":"Avantgardna be\u017e tunika brez rokavov Svetla je narejena iz udobne debelej\u0161e bomba\u017ene tkanine in je enostavnih, \u010distih linij z minimalisti\u010dnimi detajli .","robots":{"index":"index","follow":"follow","max-snippet":"max-snippet:-1","max-image-preview":"max-image-preview:large","max-video-preview":"max-video-preview:-1"},"canonical":"https:\/\/nanda.si\/it\/prodotto\/avantgardna-bez-tunika-brez-rokavov-svetla\/","og_locale":"it_IT","og_type":"article","og_title":"Avantgardna be\u017e tunika brez rokavov Svetla | Ines Drole Nanda","og_description":"Avantgardna be\u017e tunika brez rokavov Svetla je narejena iz udobne debelej\u0161e bomba\u017ene tkanine in je enostavnih, \u010distih linij z minimalisti\u010dnimi detajli .","og_url":"https:\/\/nanda.si\/it\/prodotto\/avantgardna-bez-tunika-brez-rokavov-svetla\/","og_site_name":"Ines Drole Nanda","article_modified_time":"2024-12-03T10:37:04+00:00","og_image":[{"width":303,"height":404,"url":"https:\/\/nanda.si\/wp-content\/uploads\/2023\/11\/NOVember-2023-bez-brezrokavnik-futura-2.jpg","type":"image\/jpeg"}],"twitter_card":"summary_large_image","twitter_misc":{"Tempo di lettura stimato":"1 minuto"},"schema":{"@context":"https:\/\/schema.org","@graph":[{"@type":"WebPage","@id":"https:\/\/nanda.si\/it\/prodotto\/avantgardna-bez-tunika-brez-rokavov-svetla\/","url":"https:\/\/nanda.si\/it\/prodotto\/avantgardna-bez-tunika-brez-rokavov-svetla\/","name":"Avantgardna be\u017e tunika brez rokavov Svetla | Ines Drole Nanda","isPartOf":{"@id":"https:\/\/nanda.si\/it\/#website"},"primaryImageOfPage":{"@id":"https:\/\/nanda.si\/it\/prodotto\/avantgardna-bez-tunika-brez-rokavov-svetla\/#primaryimage"},"image":{"@id":"https:\/\/nanda.si\/it\/prodotto\/avantgardna-bez-tunika-brez-rokavov-svetla\/#primaryimage"},"thumbnailUrl":"https:\/\/nanda.si\/wp-content\/uploads\/2023\/11\/NOVember-2023-bez-brezrokavnik-futura-2.jpg","datePublished":"2023-11-18T06:17:19+00:00","dateModified":"2024-12-03T10:37:04+00:00","description":"Avantgardna be\u017e tunika brez rokavov Svetla je narejena iz udobne debelej\u0161e bomba\u017ene tkanine in je enostavnih, \u010distih linij z minimalisti\u010dnimi detajli .","breadcrumb":{"@id":"https:\/\/nanda.si\/it\/prodotto\/avantgardna-bez-tunika-brez-rokavov-svetla\/#breadcrumb"},"inLanguage":"it-IT","potentialAction":[{"@type":"ReadAction","target":["https:\/\/nanda.si\/it\/prodotto\/avantgardna-bez-tunika-brez-rokavov-svetla\/"]}]},{"@type":"ImageObject","inLanguage":"it-IT","@id":"https:\/\/nanda.si\/it\/prodotto\/avantgardna-bez-tunika-brez-rokavov-svetla\/#primaryimage","url":"https:\/\/nanda.si\/wp-content\/uploads\/2023\/11\/NOVember-2023-bez-brezrokavnik-futura-2.jpg","contentUrl":"https:\/\/nanda.si\/wp-content\/uploads\/2023\/11\/NOVember-2023-bez-brezrokavnik-futura-2.jpg","width":303,"height":404},{"@type":"BreadcrumbList","@id":"https:\/\/nanda.si\/it\/prodotto\/avantgardna-bez-tunika-brez-rokavov-svetla\/#breadcrumb","itemListElement":[{"@type":"ListItem","position":1,"name":"Home","item":"https:\/\/nanda.si\/it\/casa\/"},{"@type":"ListItem","position":2,"name":"Negozio","item":"https:\/\/nanda.si\/negozio\/"},{"@type":"ListItem","position":3,"name":"Avantgardna be\u017e tunika brez rokavov Svetla"}]},{"@type":"WebSite","@id":"https:\/\/nanda.si\/it\/#website","url":"https:\/\/nanda.si\/it\/","name":"Ines Drole Nanda","description":"Umetelne tekstilne kreacije za edinstven dom in unikatna obla\u010dila.","publisher":{"@id":"https:\/\/nanda.si\/it\/#organization"},"potentialAction":[{"@type":"SearchAction","target":{"@type":"EntryPoint","urlTemplate":"https:\/\/nanda.si\/it\/?s={search_term_string}"},"query-input":{"@type":"PropertyValueSpecification","valueRequired":true,"valueName":"search_term_string"}}],"inLanguage":"it-IT"},{"@type":"Organization","@id":"https:\/\/nanda.si\/it\/#organization","name":"Ines Drole NANDA","url":"https:\/\/nanda.si\/it\/","logo":{"@type":"ImageObject","inLanguage":"it-IT","@id":"https:\/\/nanda.si\/it\/#\/schema\/logo\/image\/","url":"https:\/\/nanda.si\/wp-content\/uploads\/2022\/07\/logoNANDA-oval_Res.jpg","contentUrl":"https:\/\/nanda.si\/wp-content\/uploads\/2022\/07\/logoNANDA-oval_Res.jpg","width":600,"height":600,"caption":"Ines Drole NANDA"},"image":{"@id":"https:\/\/nanda.si\/it\/#\/schema\/logo\/image\/"}}]}},"_links":{"self":[{"href":"https:\/\/nanda.si\/it\/wp-json\/wp\/v2\/product\/5310","targetHints":{"allow":["GET"]}}],"collection":[{"href":"https:\/\/nanda.si\/it\/wp-json\/wp\/v2\/product"}],"about":[{"href":"https:\/\/nanda.si\/it\/wp-json\/wp\/v2\/types\/product"}],"replies":[{"embeddable":true,"href":"https:\/\/nanda.si\/it\/wp-json\/wp\/v2\/comments?post=5310"}],"wp:featuredmedia":[{"embeddable":true,"href":"https:\/\/nanda.si\/it\/wp-json\/wp\/v2\/media\/5314"}],"wp:attachment":[{"href":"https:\/\/nanda.si\/it\/wp-json\/wp\/v2\/media?parent=5310"}],"wp:term":[{"taxonomy":"product_brand","embeddable":true,"href":"https:\/\/nanda.si\/it\/wp-json\/wp\/v2\/product_brand?post=5310"},{"taxonomy":"product_cat","embeddable":true,"href":"https:\/\/nanda.si\/it\/wp-json\/wp\/v2\/product_cat?post=5310"},{"taxonomy":"product_tag","embeddable":true,"href":"https:\/\/nanda.si\/it\/wp-json\/wp\/v2\/product_tag?post=5310"}],"curies":[{"name":"wp","href":"https:\/\/api.w.org\/{rel}","templated":true}]}}