{"id":5037,"date":"2023-09-14T09:04:28","date_gmt":"2023-09-14T09:04:28","guid":{"rendered":"https:\/\/nanda.si\/?post_type=product&#038;p=5037"},"modified":"2024-10-31T19:02:52","modified_gmt":"2024-10-31T19:02:52","slug":"unikatna-tunika-z-abstraktnim-potiskom-jesenskih-barv-urbana","status":"publish","type":"product","link":"https:\/\/nanda.si\/it\/prodotto\/unikatna-tunika-z-abstraktnim-potiskom-jesenskih-barv-urbana\/","title":{"rendered":"Unikatna tunika z abstraktnim potiskom jesenskih barv Urbana"},"content":{"rendered":"<p>Unikatna tunika z abstraktnim potiskom jesenskih barv Urbana je enostavnega kroja \u010distih linij. Ima eleganten zaklju\u010dek z razporkom na rokavih in\u00a0 raven ovratnik\u00a0 na ladjico, ter manj\u0161i razporek tudi na eni strani tunike. Ta model ni teliran, lahko pa se ga v pasu oblikuje s pasom ali ruto, tudi z zavezovanjem na bokih. Lepo se kombinira s pajkicami ali oprijetimi hla\u010dnicami. Tunika ima urban pridih, ker se ne me\u010dka je vzdr\u017eevanje preprosto, primerna je za poslovna potovanja. Pere se lahko v stroju do 40 stopinj Celzija, likanje ni potrebno.<\/p>\n<h5>Mere :\u00a0 S, M<\/h5>\n","protected":false},"excerpt":{"rendered":"<h5><\/h5>\n<h5>Udobna tunika Urbana daje mestnemu utripu toplino jesenskih barv. Unikatna obla\u010dila NANDA za vsak dan izdelajo videz in pri\u010darajo razpolo\u017eenje. To so obleke izvirnega dizajna narejene iz kvalitetnih materialov, ki nudijo udobje in estetski u\u017eitek . Zgodbe iz tekstila.<\/h5>\n","protected":false},"featured_media":5038,"comment_status":"open","ping_status":"closed","template":"","meta":[],"product_brand":[],"product_cat":[20],"product_tag":[],"class_list":{"0":"post-5037","1":"product","2":"type-product","3":"status-publish","4":"has-post-thumbnail","6":"product_cat-uncategorized","8":"first","9":"instock","10":"shipping-taxable","11":"purchasable","12":"product-type-variable"},"yoast_head":"<!-- This site is optimized with the Yoast SEO plugin v27.2 - https:\/\/yoast.com\/product\/yoast-seo-wordpress\/ -->\n<title>Unikatna tunika z abstraktnim potiskom jesenskih barv Urbana | Ines Drole Nanda<\/title>\n<meta name=\"description\" content=\"Unikatna tunika z abstraktnim potiskom jesenskih barv Urbana daje mestnemu utripu pridih topline. Se ne me\u010dka in je preprosta za vzdr\u017eevanje.\" \/>\n<meta name=\"robots\" content=\"index, follow, max-snippet:-1, max-image-preview:large, max-video-preview:-1\" \/>\n<link rel=\"canonical\" href=\"https:\/\/nanda.si\/it\/prodotto\/unikatna-tunika-z-abstraktnim-potiskom-jesenskih-barv-urbana\/\" \/>\n<meta property=\"og:locale\" content=\"it_IT\" \/>\n<meta property=\"og:type\" content=\"article\" \/>\n<meta property=\"og:title\" content=\"Unikatna tunika z abstraktnim potiskom jesenskih barv Urbana | Ines Drole Nanda\" \/>\n<meta property=\"og:description\" content=\"Unikatna tunika z abstraktnim potiskom jesenskih barv Urbana daje mestnemu utripu pridih topline. Se ne me\u010dka in je preprosta za vzdr\u017eevanje.\" \/>\n<meta property=\"og:url\" content=\"https:\/\/nanda.si\/it\/prodotto\/unikatna-tunika-z-abstraktnim-potiskom-jesenskih-barv-urbana\/\" \/>\n<meta property=\"og:site_name\" content=\"Ines Drole Nanda\" \/>\n<meta property=\"article:modified_time\" content=\"2024-10-31T19:02:52+00:00\" \/>\n<meta property=\"og:image\" content=\"https:\/\/nanda.si\/wp-content\/uploads\/2023\/09\/unikatna-tunika-z-abstraktnim-potiskom-jesenskih-barv-Urbana-spredaj-r.jpg\" \/>\n\t<meta property=\"og:image:width\" content=\"359\" \/>\n\t<meta property=\"og:image:height\" content=\"479\" \/>\n\t<meta property=\"og:image:type\" content=\"image\/jpeg\" \/>\n<meta name=\"twitter:card\" content=\"summary_large_image\" \/>\n<meta name=\"twitter:label1\" content=\"Tempo di lettura stimato\" \/>\n\t<meta name=\"twitter:data1\" content=\"1 minuto\" \/>\n<script type=\"application\/ld+json\" class=\"yoast-schema-graph\">{\"@context\":\"https:\/\/schema.org\",\"@graph\":[{\"@type\":\"WebPage\",\"@id\":\"https:\/\/nanda.si\/it\/prodotto\/unikatna-tunika-z-abstraktnim-potiskom-jesenskih-barv-urbana\/\",\"url\":\"https:\/\/nanda.si\/it\/prodotto\/unikatna-tunika-z-abstraktnim-potiskom-jesenskih-barv-urbana\/\",\"name\":\"Unikatna tunika z abstraktnim potiskom jesenskih barv Urbana | Ines Drole Nanda\",\"isPartOf\":{\"@id\":\"https:\/\/nanda.si\/it\/#website\"},\"primaryImageOfPage\":{\"@id\":\"https:\/\/nanda.si\/it\/prodotto\/unikatna-tunika-z-abstraktnim-potiskom-jesenskih-barv-urbana\/#primaryimage\"},\"image\":{\"@id\":\"https:\/\/nanda.si\/it\/prodotto\/unikatna-tunika-z-abstraktnim-potiskom-jesenskih-barv-urbana\/#primaryimage\"},\"thumbnailUrl\":\"https:\/\/nanda.si\/wp-content\/uploads\/2023\/09\/unikatna-tunika-z-abstraktnim-potiskom-jesenskih-barv-Urbana-spredaj-r.jpg\",\"datePublished\":\"2023-09-14T09:04:28+00:00\",\"dateModified\":\"2024-10-31T19:02:52+00:00\",\"description\":\"Unikatna tunika z abstraktnim potiskom jesenskih barv Urbana daje mestnemu utripu pridih topline. Se ne me\u010dka in je preprosta za vzdr\u017eevanje.\",\"breadcrumb\":{\"@id\":\"https:\/\/nanda.si\/it\/prodotto\/unikatna-tunika-z-abstraktnim-potiskom-jesenskih-barv-urbana\/#breadcrumb\"},\"inLanguage\":\"it-IT\",\"potentialAction\":[{\"@type\":\"ReadAction\",\"target\":[\"https:\/\/nanda.si\/it\/prodotto\/unikatna-tunika-z-abstraktnim-potiskom-jesenskih-barv-urbana\/\"]}]},{\"@type\":\"ImageObject\",\"inLanguage\":\"it-IT\",\"@id\":\"https:\/\/nanda.si\/it\/prodotto\/unikatna-tunika-z-abstraktnim-potiskom-jesenskih-barv-urbana\/#primaryimage\",\"url\":\"https:\/\/nanda.si\/wp-content\/uploads\/2023\/09\/unikatna-tunika-z-abstraktnim-potiskom-jesenskih-barv-Urbana-spredaj-r.jpg\",\"contentUrl\":\"https:\/\/nanda.si\/wp-content\/uploads\/2023\/09\/unikatna-tunika-z-abstraktnim-potiskom-jesenskih-barv-Urbana-spredaj-r.jpg\",\"width\":359,\"height\":479},{\"@type\":\"BreadcrumbList\",\"@id\":\"https:\/\/nanda.si\/it\/prodotto\/unikatna-tunika-z-abstraktnim-potiskom-jesenskih-barv-urbana\/#breadcrumb\",\"itemListElement\":[{\"@type\":\"ListItem\",\"position\":1,\"name\":\"Home\",\"item\":\"https:\/\/nanda.si\/it\/casa\/\"},{\"@type\":\"ListItem\",\"position\":2,\"name\":\"Negozio\",\"item\":\"https:\/\/nanda.si\/negozio\/\"},{\"@type\":\"ListItem\",\"position\":3,\"name\":\"Unikatna tunika z abstraktnim potiskom jesenskih barv Urbana\"}]},{\"@type\":\"WebSite\",\"@id\":\"https:\/\/nanda.si\/it\/#website\",\"url\":\"https:\/\/nanda.si\/it\/\",\"name\":\"Ines Drole Nanda\",\"description\":\"Umetelne tekstilne kreacije za edinstven dom in unikatna obla\u010dila.\",\"publisher\":{\"@id\":\"https:\/\/nanda.si\/it\/#organization\"},\"potentialAction\":[{\"@type\":\"SearchAction\",\"target\":{\"@type\":\"EntryPoint\",\"urlTemplate\":\"https:\/\/nanda.si\/it\/?s={search_term_string}\"},\"query-input\":{\"@type\":\"PropertyValueSpecification\",\"valueRequired\":true,\"valueName\":\"search_term_string\"}}],\"inLanguage\":\"it-IT\"},{\"@type\":\"Organization\",\"@id\":\"https:\/\/nanda.si\/it\/#organization\",\"name\":\"Ines Drole NANDA\",\"url\":\"https:\/\/nanda.si\/it\/\",\"logo\":{\"@type\":\"ImageObject\",\"inLanguage\":\"it-IT\",\"@id\":\"https:\/\/nanda.si\/it\/#\/schema\/logo\/image\/\",\"url\":\"https:\/\/nanda.si\/wp-content\/uploads\/2022\/07\/logoNANDA-oval_Res.jpg\",\"contentUrl\":\"https:\/\/nanda.si\/wp-content\/uploads\/2022\/07\/logoNANDA-oval_Res.jpg\",\"width\":600,\"height\":600,\"caption\":\"Ines Drole NANDA\"},\"image\":{\"@id\":\"https:\/\/nanda.si\/it\/#\/schema\/logo\/image\/\"}}]}<\/script>\n<!-- \/ Yoast SEO plugin. -->","yoast_head_json":{"title":"Unikatna tunika z abstraktnim potiskom jesenskih barv Urbana | Ines Drole Nanda","description":"Unikatna tunika z abstraktnim potiskom jesenskih barv Urbana daje mestnemu utripu pridih topline. Se ne me\u010dka in je preprosta za vzdr\u017eevanje.","robots":{"index":"index","follow":"follow","max-snippet":"max-snippet:-1","max-image-preview":"max-image-preview:large","max-video-preview":"max-video-preview:-1"},"canonical":"https:\/\/nanda.si\/it\/prodotto\/unikatna-tunika-z-abstraktnim-potiskom-jesenskih-barv-urbana\/","og_locale":"it_IT","og_type":"article","og_title":"Unikatna tunika z abstraktnim potiskom jesenskih barv Urbana | Ines Drole Nanda","og_description":"Unikatna tunika z abstraktnim potiskom jesenskih barv Urbana daje mestnemu utripu pridih topline. Se ne me\u010dka in je preprosta za vzdr\u017eevanje.","og_url":"https:\/\/nanda.si\/it\/prodotto\/unikatna-tunika-z-abstraktnim-potiskom-jesenskih-barv-urbana\/","og_site_name":"Ines Drole Nanda","article_modified_time":"2024-10-31T19:02:52+00:00","og_image":[{"width":359,"height":479,"url":"https:\/\/nanda.si\/wp-content\/uploads\/2023\/09\/unikatna-tunika-z-abstraktnim-potiskom-jesenskih-barv-Urbana-spredaj-r.jpg","type":"image\/jpeg"}],"twitter_card":"summary_large_image","twitter_misc":{"Tempo di lettura stimato":"1 minuto"},"schema":{"@context":"https:\/\/schema.org","@graph":[{"@type":"WebPage","@id":"https:\/\/nanda.si\/it\/prodotto\/unikatna-tunika-z-abstraktnim-potiskom-jesenskih-barv-urbana\/","url":"https:\/\/nanda.si\/it\/prodotto\/unikatna-tunika-z-abstraktnim-potiskom-jesenskih-barv-urbana\/","name":"Unikatna tunika z abstraktnim potiskom jesenskih barv Urbana | Ines Drole Nanda","isPartOf":{"@id":"https:\/\/nanda.si\/it\/#website"},"primaryImageOfPage":{"@id":"https:\/\/nanda.si\/it\/prodotto\/unikatna-tunika-z-abstraktnim-potiskom-jesenskih-barv-urbana\/#primaryimage"},"image":{"@id":"https:\/\/nanda.si\/it\/prodotto\/unikatna-tunika-z-abstraktnim-potiskom-jesenskih-barv-urbana\/#primaryimage"},"thumbnailUrl":"https:\/\/nanda.si\/wp-content\/uploads\/2023\/09\/unikatna-tunika-z-abstraktnim-potiskom-jesenskih-barv-Urbana-spredaj-r.jpg","datePublished":"2023-09-14T09:04:28+00:00","dateModified":"2024-10-31T19:02:52+00:00","description":"Unikatna tunika z abstraktnim potiskom jesenskih barv Urbana daje mestnemu utripu pridih topline. Se ne me\u010dka in je preprosta za vzdr\u017eevanje.","breadcrumb":{"@id":"https:\/\/nanda.si\/it\/prodotto\/unikatna-tunika-z-abstraktnim-potiskom-jesenskih-barv-urbana\/#breadcrumb"},"inLanguage":"it-IT","potentialAction":[{"@type":"ReadAction","target":["https:\/\/nanda.si\/it\/prodotto\/unikatna-tunika-z-abstraktnim-potiskom-jesenskih-barv-urbana\/"]}]},{"@type":"ImageObject","inLanguage":"it-IT","@id":"https:\/\/nanda.si\/it\/prodotto\/unikatna-tunika-z-abstraktnim-potiskom-jesenskih-barv-urbana\/#primaryimage","url":"https:\/\/nanda.si\/wp-content\/uploads\/2023\/09\/unikatna-tunika-z-abstraktnim-potiskom-jesenskih-barv-Urbana-spredaj-r.jpg","contentUrl":"https:\/\/nanda.si\/wp-content\/uploads\/2023\/09\/unikatna-tunika-z-abstraktnim-potiskom-jesenskih-barv-Urbana-spredaj-r.jpg","width":359,"height":479},{"@type":"BreadcrumbList","@id":"https:\/\/nanda.si\/it\/prodotto\/unikatna-tunika-z-abstraktnim-potiskom-jesenskih-barv-urbana\/#breadcrumb","itemListElement":[{"@type":"ListItem","position":1,"name":"Home","item":"https:\/\/nanda.si\/it\/casa\/"},{"@type":"ListItem","position":2,"name":"Negozio","item":"https:\/\/nanda.si\/negozio\/"},{"@type":"ListItem","position":3,"name":"Unikatna tunika z abstraktnim potiskom jesenskih barv Urbana"}]},{"@type":"WebSite","@id":"https:\/\/nanda.si\/it\/#website","url":"https:\/\/nanda.si\/it\/","name":"Ines Drole Nanda","description":"Umetelne tekstilne kreacije za edinstven dom in unikatna obla\u010dila.","publisher":{"@id":"https:\/\/nanda.si\/it\/#organization"},"potentialAction":[{"@type":"SearchAction","target":{"@type":"EntryPoint","urlTemplate":"https:\/\/nanda.si\/it\/?s={search_term_string}"},"query-input":{"@type":"PropertyValueSpecification","valueRequired":true,"valueName":"search_term_string"}}],"inLanguage":"it-IT"},{"@type":"Organization","@id":"https:\/\/nanda.si\/it\/#organization","name":"Ines Drole NANDA","url":"https:\/\/nanda.si\/it\/","logo":{"@type":"ImageObject","inLanguage":"it-IT","@id":"https:\/\/nanda.si\/it\/#\/schema\/logo\/image\/","url":"https:\/\/nanda.si\/wp-content\/uploads\/2022\/07\/logoNANDA-oval_Res.jpg","contentUrl":"https:\/\/nanda.si\/wp-content\/uploads\/2022\/07\/logoNANDA-oval_Res.jpg","width":600,"height":600,"caption":"Ines Drole NANDA"},"image":{"@id":"https:\/\/nanda.si\/it\/#\/schema\/logo\/image\/"}}]}},"_links":{"self":[{"href":"https:\/\/nanda.si\/it\/wp-json\/wp\/v2\/product\/5037","targetHints":{"allow":["GET"]}}],"collection":[{"href":"https:\/\/nanda.si\/it\/wp-json\/wp\/v2\/product"}],"about":[{"href":"https:\/\/nanda.si\/it\/wp-json\/wp\/v2\/types\/product"}],"replies":[{"embeddable":true,"href":"https:\/\/nanda.si\/it\/wp-json\/wp\/v2\/comments?post=5037"}],"wp:featuredmedia":[{"embeddable":true,"href":"https:\/\/nanda.si\/it\/wp-json\/wp\/v2\/media\/5038"}],"wp:attachment":[{"href":"https:\/\/nanda.si\/it\/wp-json\/wp\/v2\/media?parent=5037"}],"wp:term":[{"taxonomy":"product_brand","embeddable":true,"href":"https:\/\/nanda.si\/it\/wp-json\/wp\/v2\/product_brand?post=5037"},{"taxonomy":"product_cat","embeddable":true,"href":"https:\/\/nanda.si\/it\/wp-json\/wp\/v2\/product_cat?post=5037"},{"taxonomy":"product_tag","embeddable":true,"href":"https:\/\/nanda.si\/it\/wp-json\/wp\/v2\/product_tag?post=5037"}],"curies":[{"name":"wp","href":"https:\/\/api.w.org\/{rel}","templated":true}]}}